{"id":25094,"date":"2023-01-20T14:16:55","date_gmt":"2023-01-20T13:16:55","guid":{"rendered":"https:\/\/oplitegames.com\/product\/gtr-universal-console-mount\/"},"modified":"2025-12-16T09:29:04","modified_gmt":"2025-12-16T08:29:04","slug":"gtr-universal-console-mount","status":"publish","type":"product","link":"https:\/\/oplitegames-preprod.ezratis.fr\/de\/produkt\/gtr-universal-console-mount\/","title":{"rendered":"R8 \/ S8 Support Console Universel \u2013 UCM"},"content":{"rendered":"<p>Vielseitig<br \/>\nSein horizontaler Einstellg\u00fcrtel aus Stahl sichert Ihre Konsole gegen jedes Risiko eines Sturzes. Der G\u00fcrtel passt sich mechanisch an die Abmessungen Ihrer Maschine an.<br \/>\nDie 4 Metallnasen sorgen f\u00fcr einen sicheren Halt und unterdr\u00fccken Vibrationen.<\/p>\n<p>ROBUSTE<br \/>\nWird mit zwei 2 mm starken Karbonstahlwinkeln an Ihrer Bildschirmhalterung befestigt und bildet so eine Einheit.<br \/>\nDas Design ist in Anlehnung an Ihr OPLITE-Cockpit gestaltet, was ihm einen rassigen und kraftvollen Look verleiht.<\/p>\n<p>ERGONOMISCH<br \/>\nDas Design des UCM bietet die M\u00f6glichkeit, weiteres Zubeh\u00f6r oder Material zu integrieren.<br \/>\nDer verf\u00fcgbare Platz ist gro\u00df genug, um Ihren Ideen freien Lauf zu lassen und Ihr Setup nach Ihren W\u00fcnschen zu gestalten.<\/p>\n<p>Kompatibilit\u00e4t Monitorhalterungen aus der OPLITE-Reihe :<br \/>\nGTR Single Monitor Stand (OP-SMS-GTR)<br \/>\nGTR Triple Monitor Stand (OP-TMS-GTR)<br \/>\nGTR Triple Monitor Stand Ex (OP-TMS-03).<\/p>\n<p>Kompatibilit\u00e4t mit Konsolen :<br \/>\nPlaystation: PS4, PS4 Slim, PS4 PRO, PS5, PS5 Digital,<br \/>\nXBOX: X-Serie und XBOX S-Serie<\/p>\n","protected":false},"excerpt":{"rendered":"<p>Der UCM (Universal Console Mount) ist das ideale Zubeh\u00f6r f\u00fcr Konsolenspieler, die ein Oplite-Cockpit der GTR-Serie besitzen. Der UCM dient dazu, die Konsole zu st\u00fctzen, aufzubewahren und vor unsachgem\u00e4\u00dfer Handhabung zu sch\u00fctzen.<\/p>\n","protected":false},"featured_media":26454,"template":"","meta":{"_acf_changed":false,"footnotes":""},"product_brand":[],"product_cat":[694,762,804,801,795],"product_tag":[695],"class_list":{"0":"post-25094","1":"product","2":"type-product","3":"status-publish","4":"has-post-thumbnail","6":"product_cat-cockpit-gtr-s8-elite-de","7":"product_cat-cockpit-gtr-s8-infinity-de","8":"product_cat-cockpit-r8-fury-black-de","9":"product_cat-cockpit-r8-fury-white-de","10":"product_cat-cockpit-s8-ultra-de","11":"product_tag-oplite-gaming-de","12":"pa_colisage-pcb-4-de","14":"first","15":"outofstock","16":"taxable","17":"shipping-taxable","18":"purchasable","19":"product-type-simple"},"bundled_by":[],"bundle_stock_status":"outofstock","bundle_stock_quantity":0,"bundle_virtual":false,"bundle_layout":"","bundle_add_to_cart_form_location":"","bundle_editable_in_cart":false,"bundle_sold_individually_context":"","bundle_item_grouping":"","bundle_min_size":"","bundle_max_size":"","bundle_price":[],"bundled_items":[],"bundle_sell_ids":[],"acf":[],"yoast_head":"<!-- This site is optimized with the Yoast SEO plugin v27.3 - https:\/\/yoast.com\/product\/yoast-seo-wordpress\/ -->\n<title>R8 \/ S8 Support Console Universel \u2013 UCM - OPLITE<\/title>\n<meta name=\"robots\" content=\"index, follow, max-snippet:-1, max-image-preview:large, max-video-preview:-1\" \/>\n<link rel=\"canonical\" href=\"https:\/\/oplitegames.com\/de\/produkt\/gtr-universal-console-mount\/\" \/>\n<meta property=\"og:locale\" content=\"de_DE\" \/>\n<meta property=\"og:type\" content=\"article\" \/>\n<meta property=\"og:title\" content=\"R8 \/ S8 Support Console Universel \u2013 UCM - OPLITE\" \/>\n<meta property=\"og:description\" content=\"Der UCM (Universal Console Mount) ist das ideale Zubeh\u00f6r f\u00fcr Konsolenspieler, die ein Oplite-Cockpit der GTR-Serie besitzen. Der UCM dient dazu, die Konsole zu st\u00fctzen, aufzubewahren und vor unsachgem\u00e4\u00dfer Handhabung zu sch\u00fctzen.\" \/>\n<meta property=\"og:url\" content=\"https:\/\/oplitegames.com\/de\/produkt\/gtr-universal-console-mount\/\" \/>\n<meta property=\"og:site_name\" content=\"OPLITE\" \/>\n<meta property=\"article:modified_time\" content=\"2025-12-16T08:29:04+00:00\" \/>\n<meta property=\"og:image\" content=\"https:\/\/oplitegames.com\/wp-content\/uploads\/1-23-1.png\" \/>\n\t<meta property=\"og:image:width\" content=\"1000\" \/>\n\t<meta property=\"og:image:height\" content=\"1000\" \/>\n\t<meta property=\"og:image:type\" content=\"image\/png\" \/>\n<meta name=\"twitter:card\" content=\"summary_large_image\" \/>\n<meta name=\"twitter:label1\" content=\"Price\" \/>\n\t<meta name=\"twitter:data1\" content=\"89,90&nbsp;&euro;\" \/>\n\t<meta name=\"twitter:label2\" content=\"Availability\" \/>\n\t<meta name=\"twitter:data2\" content=\"Out of stock\" \/>\n<script type=\"application\/ld+json\" class=\"yoast-schema-graph\">{\"@context\":\"https:\\\/\\\/schema.org\",\"@graph\":[{\"@type\":[\"WebPage\",\"ItemPage\"],\"@id\":\"https:\\\/\\\/oplitegames.com\\\/de\\\/produkt\\\/gtr-universal-console-mount\\\/\",\"url\":\"https:\\\/\\\/oplitegames.com\\\/de\\\/produkt\\\/gtr-universal-console-mount\\\/\",\"name\":\"R8 \\\/ S8 Support Console Universel \u2013 UCM - OPLITE\",\"isPartOf\":{\"@id\":\"https:\\\/\\\/oplitegames.com\\\/#website\"},\"primaryImageOfPage\":{\"@id\":\"https:\\\/\\\/oplitegames.com\\\/de\\\/produkt\\\/gtr-universal-console-mount\\\/#primaryimage\"},\"image\":{\"@id\":\"https:\\\/\\\/oplitegames.com\\\/de\\\/produkt\\\/gtr-universal-console-mount\\\/#primaryimage\"},\"thumbnailUrl\":\"https:\\\/\\\/oplitegames-preprod.ezratis.fr\\\/wp-content\\\/uploads\\\/1-23-1.png\",\"datePublished\":\"2023-01-20T13:16:55+00:00\",\"dateModified\":\"2025-12-16T08:29:04+00:00\",\"breadcrumb\":{\"@id\":\"https:\\\/\\\/oplitegames.com\\\/de\\\/produkt\\\/gtr-universal-console-mount\\\/#breadcrumb\"},\"inLanguage\":\"de-DE\",\"potentialAction\":[{\"@type\":\"ReadAction\",\"target\":[\"https:\\\/\\\/oplitegames.com\\\/de\\\/produkt\\\/gtr-universal-console-mount\\\/\"]}]},{\"@type\":\"ImageObject\",\"inLanguage\":\"de-DE\",\"@id\":\"https:\\\/\\\/oplitegames.com\\\/de\\\/produkt\\\/gtr-universal-console-mount\\\/#primaryimage\",\"url\":\"https:\\\/\\\/oplitegames-preprod.ezratis.fr\\\/wp-content\\\/uploads\\\/1-23-1.png\",\"contentUrl\":\"https:\\\/\\\/oplitegames-preprod.ezratis.fr\\\/wp-content\\\/uploads\\\/1-23-1.png\",\"width\":1000,\"height\":1000},{\"@type\":\"BreadcrumbList\",\"@id\":\"https:\\\/\\\/oplitegames.com\\\/de\\\/produkt\\\/gtr-universal-console-mount\\\/#breadcrumb\",\"itemListElement\":[{\"@type\":\"ListItem\",\"position\":1,\"name\":\"Home\",\"item\":\"https:\\\/\\\/oplitegames.com\\\/de\\\/\"},{\"@type\":\"ListItem\",\"position\":2,\"name\":\"Gesch\u00e4ft\",\"item\":\"https:\\\/\\\/oplitegames.com\\\/de\\\/geschaeft\\\/\"},{\"@type\":\"ListItem\",\"position\":3,\"name\":\"R8 \\\/ S8 Support Console Universel \u2013 UCM\"}]},{\"@type\":\"WebSite\",\"@id\":\"https:\\\/\\\/oplitegames.com\\\/#website\",\"url\":\"https:\\\/\\\/oplitegames.com\\\/\",\"name\":\"OPLITE\",\"description\":\"\",\"publisher\":{\"@id\":\"https:\\\/\\\/oplitegames.com\\\/#organization\"},\"potentialAction\":[{\"@type\":\"SearchAction\",\"target\":{\"@type\":\"EntryPoint\",\"urlTemplate\":\"https:\\\/\\\/oplitegames.com\\\/?s={search_term_string}\"},\"query-input\":{\"@type\":\"PropertyValueSpecification\",\"valueRequired\":true,\"valueName\":\"search_term_string\"}}],\"inLanguage\":\"de-DE\"},{\"@type\":\"Organization\",\"@id\":\"https:\\\/\\\/oplitegames.com\\\/#organization\",\"name\":\"OPLITE\",\"url\":\"https:\\\/\\\/oplitegames.com\\\/\",\"logo\":{\"@type\":\"ImageObject\",\"inLanguage\":\"de-DE\",\"@id\":\"https:\\\/\\\/oplitegames.com\\\/#\\\/schema\\\/logo\\\/image\\\/\",\"url\":\"https:\\\/\\\/oplitegames-preprod.ezratis.fr\\\/wp-content\\\/uploads\\\/cropped-cropped-Oplite-Blanc-casse-002-scaled-1.png\",\"contentUrl\":\"https:\\\/\\\/oplitegames-preprod.ezratis.fr\\\/wp-content\\\/uploads\\\/cropped-cropped-Oplite-Blanc-casse-002-scaled-1.png\",\"width\":2509,\"height\":597,\"caption\":\"OPLITE\"},\"image\":{\"@id\":\"https:\\\/\\\/oplitegames.com\\\/#\\\/schema\\\/logo\\\/image\\\/\"}}]}<\/script>\n<meta property=\"product:price:amount\" content=\"89.90\" \/>\n<meta property=\"product:price:currency\" content=\"EUR\" \/>\n<meta property=\"og:availability\" content=\"out of stock\" \/>\n<meta property=\"product:availability\" content=\"out of stock\" \/>\n<meta property=\"product:retailer_item_id\" content=\"96160\" \/>\n<meta property=\"product:condition\" content=\"new\" \/>\n<!-- \/ Yoast SEO plugin. -->","yoast_head_json":{"title":"R8 \/ S8 Support Console Universel \u2013 UCM - OPLITE","robots":{"index":"index","follow":"follow","max-snippet":"max-snippet:-1","max-image-preview":"max-image-preview:large","max-video-preview":"max-video-preview:-1"},"canonical":"https:\/\/oplitegames.com\/de\/produkt\/gtr-universal-console-mount\/","og_locale":"de_DE","og_type":"article","og_title":"R8 \/ S8 Support Console Universel \u2013 UCM - OPLITE","og_description":"Der UCM (Universal Console Mount) ist das ideale Zubeh\u00f6r f\u00fcr Konsolenspieler, die ein Oplite-Cockpit der GTR-Serie besitzen. Der UCM dient dazu, die Konsole zu st\u00fctzen, aufzubewahren und vor unsachgem\u00e4\u00dfer Handhabung zu sch\u00fctzen.","og_url":"https:\/\/oplitegames.com\/de\/produkt\/gtr-universal-console-mount\/","og_site_name":"OPLITE","article_modified_time":"2025-12-16T08:29:04+00:00","og_image":[{"width":1000,"height":1000,"url":"https:\/\/oplitegames.com\/wp-content\/uploads\/1-23-1.png","type":"image\/png"}],"twitter_card":"summary_large_image","twitter_misc":{"Price":"89,90&nbsp;&euro;","Availability":"Out of stock"},"schema":{"@context":"https:\/\/schema.org","@graph":[{"@type":["WebPage","ItemPage"],"@id":"https:\/\/oplitegames.com\/de\/produkt\/gtr-universal-console-mount\/","url":"https:\/\/oplitegames.com\/de\/produkt\/gtr-universal-console-mount\/","name":"R8 \/ S8 Support Console Universel \u2013 UCM - OPLITE","isPartOf":{"@id":"https:\/\/oplitegames.com\/#website"},"primaryImageOfPage":{"@id":"https:\/\/oplitegames.com\/de\/produkt\/gtr-universal-console-mount\/#primaryimage"},"image":{"@id":"https:\/\/oplitegames.com\/de\/produkt\/gtr-universal-console-mount\/#primaryimage"},"thumbnailUrl":"https:\/\/oplitegames-preprod.ezratis.fr\/wp-content\/uploads\/1-23-1.png","datePublished":"2023-01-20T13:16:55+00:00","dateModified":"2025-12-16T08:29:04+00:00","breadcrumb":{"@id":"https:\/\/oplitegames.com\/de\/produkt\/gtr-universal-console-mount\/#breadcrumb"},"inLanguage":"de-DE","potentialAction":[{"@type":"ReadAction","target":["https:\/\/oplitegames.com\/de\/produkt\/gtr-universal-console-mount\/"]}]},{"@type":"ImageObject","inLanguage":"de-DE","@id":"https:\/\/oplitegames.com\/de\/produkt\/gtr-universal-console-mount\/#primaryimage","url":"https:\/\/oplitegames-preprod.ezratis.fr\/wp-content\/uploads\/1-23-1.png","contentUrl":"https:\/\/oplitegames-preprod.ezratis.fr\/wp-content\/uploads\/1-23-1.png","width":1000,"height":1000},{"@type":"BreadcrumbList","@id":"https:\/\/oplitegames.com\/de\/produkt\/gtr-universal-console-mount\/#breadcrumb","itemListElement":[{"@type":"ListItem","position":1,"name":"Home","item":"https:\/\/oplitegames.com\/de\/"},{"@type":"ListItem","position":2,"name":"Gesch\u00e4ft","item":"https:\/\/oplitegames.com\/de\/geschaeft\/"},{"@type":"ListItem","position":3,"name":"R8 \/ S8 Support Console Universel \u2013 UCM"}]},{"@type":"WebSite","@id":"https:\/\/oplitegames.com\/#website","url":"https:\/\/oplitegames.com\/","name":"OPLITE","description":"","publisher":{"@id":"https:\/\/oplitegames.com\/#organization"},"potentialAction":[{"@type":"SearchAction","target":{"@type":"EntryPoint","urlTemplate":"https:\/\/oplitegames.com\/?s={search_term_string}"},"query-input":{"@type":"PropertyValueSpecification","valueRequired":true,"valueName":"search_term_string"}}],"inLanguage":"de-DE"},{"@type":"Organization","@id":"https:\/\/oplitegames.com\/#organization","name":"OPLITE","url":"https:\/\/oplitegames.com\/","logo":{"@type":"ImageObject","inLanguage":"de-DE","@id":"https:\/\/oplitegames.com\/#\/schema\/logo\/image\/","url":"https:\/\/oplitegames-preprod.ezratis.fr\/wp-content\/uploads\/cropped-cropped-Oplite-Blanc-casse-002-scaled-1.png","contentUrl":"https:\/\/oplitegames-preprod.ezratis.fr\/wp-content\/uploads\/cropped-cropped-Oplite-Blanc-casse-002-scaled-1.png","width":2509,"height":597,"caption":"OPLITE"},"image":{"@id":"https:\/\/oplitegames.com\/#\/schema\/logo\/image\/"}}]},"product_price_amount":"89.90","product_price_currency":"EUR","og_availability":"out of stock","product_availability":"out of stock","product_retailer_item_id":"96160","product_condition":"new"},"_links":{"self":[{"href":"https:\/\/oplitegames-preprod.ezratis.fr\/de\/wp-json\/wp\/v2\/product\/25094","targetHints":{"allow":["GET"]}}],"collection":[{"href":"https:\/\/oplitegames-preprod.ezratis.fr\/de\/wp-json\/wp\/v2\/product"}],"about":[{"href":"https:\/\/oplitegames-preprod.ezratis.fr\/de\/wp-json\/wp\/v2\/types\/product"}],"version-history":[{"count":3,"href":"https:\/\/oplitegames-preprod.ezratis.fr\/de\/wp-json\/wp\/v2\/product\/25094\/revisions"}],"predecessor-version":[{"id":57470,"href":"https:\/\/oplitegames-preprod.ezratis.fr\/de\/wp-json\/wp\/v2\/product\/25094\/revisions\/57470"}],"wp:featuredmedia":[{"embeddable":true,"href":"https:\/\/oplitegames-preprod.ezratis.fr\/de\/wp-json\/wp\/v2\/media\/26454"}],"wp:attachment":[{"href":"https:\/\/oplitegames-preprod.ezratis.fr\/de\/wp-json\/wp\/v2\/media?parent=25094"}],"wp:term":[{"taxonomy":"product_brand","embeddable":true,"href":"https:\/\/oplitegames-preprod.ezratis.fr\/de\/wp-json\/wp\/v2\/product_brand?post=25094"},{"taxonomy":"product_cat","embeddable":true,"href":"https:\/\/oplitegames-preprod.ezratis.fr\/de\/wp-json\/wp\/v2\/product_cat?post=25094"},{"taxonomy":"product_tag","embeddable":true,"href":"https:\/\/oplitegames-preprod.ezratis.fr\/de\/wp-json\/wp\/v2\/product_tag?post=25094"}],"curies":[{"name":"wp","href":"https:\/\/api.w.org\/{rel}","templated":true}]}}