{"id":29336,"date":"2022-11-29T15:17:51","date_gmt":"2022-11-29T14:17:51","guid":{"rendered":"https:\/\/oplitegames.com\/product\/oplite-sngle-monitor-stand-gtr\/"},"modified":"2025-11-14T16:30:06","modified_gmt":"2025-11-14T15:30:06","slug":"oplite-sngle-monitor-stand-gtr","status":"publish","type":"product","link":"https:\/\/oplitegames-preprod.ezratis.fr\/de\/produkt\/oplite-sngle-monitor-stand-gtr\/","title":{"rendered":"Einzel monitor st\u00e4nder GTR S3\/S8"},"content":{"rendered":"<p>Ihr Cockpit und Ihr Bildschirm werden eins! Der Single Monitor Stand GTR ist der Bildschirmhalter f\u00fcr Ihr GTR-Cockpit, die neueste Simulationsplattform der Marke OPLITE.<\/p>\n<p>Sein vom Motorsport inspiriertes Design bietet eine ergonomische und komfortable Sitzposition, die perfekt mit dem Design Ihres Fahrgestells harmoniert.<br \/>\nSie werden den Look und die Gesamtsteifigkeit Ihrer gesamten Fahrerausr\u00fcstung zu sch\u00e4tzen wissen.<\/p>\n<p>&nbsp;<\/p>\n<hr \/>\n<p style=\"text-align: center;\"><strong>Technische Beschreibung<\/strong><\/p>\n<p>2-fach verstellbare Displayh\u00f6he f\u00fcr optimalen Sehkomfort: 955\/1005mm (37.6&#8243;\/39.6&#8243;)<br \/>\nRohrstruktur mit \u00d848 mm Durchmesser f\u00fcr maximale Stabilit\u00e4t und Steifigkeit<br \/>\nEntwickelt f\u00fcr PC-Bildschirme oder Fernseher bis zu 50&#8243; Zoll<br \/>\nKompatibilit\u00e4t: Alle Arten von VESA-Standarddisplays bis 50 Zoll<br \/>\nVESA:75&#215;75,100&#215;100,200&#215;100,200&#215;200,300&#215;200,400&#215;200<br \/>\nAnti-Diebstahl-Verriegelungssystem, um Ihren Bildschirm zu sichern<br \/>\n100% kompatibel GTR und GTR-S3<br \/>\nLaserschneiden f\u00fcr eine pr\u00e4zise Montage<\/p>\n<p><strong>Mitgeliefertes Zubeh\u00f6r:<\/strong><\/p>\n<p>1 Set mit 2 Kabelf\u00fchrungen und 4 Flexgew\u00e4chsh\u00e4usern<\/p>\n<hr \/>\n<p><img fetchpriority=\"high\" decoding=\"async\" class=\"aligncenter wp-image-29338 size-full\" src=\"https:\/\/oplitegames-preprod.ezratis.fr\/wp-content\/uploads\/monitor-stand.png\" alt=\"\" width=\"1000\" height=\"1000\" srcset=\"https:\/\/oplitegames-preprod.ezratis.fr\/wp-content\/uploads\/monitor-stand.png 1000w, https:\/\/oplitegames-preprod.ezratis.fr\/wp-content\/uploads\/monitor-stand-300x300.png 300w, https:\/\/oplitegames-preprod.ezratis.fr\/wp-content\/uploads\/monitor-stand-150x150.png 150w, https:\/\/oplitegames-preprod.ezratis.fr\/wp-content\/uploads\/monitor-stand-768x768.png 768w, https:\/\/oplitegames-preprod.ezratis.fr\/wp-content\/uploads\/monitor-stand-450x450.png 450w, https:\/\/oplitegames-preprod.ezratis.fr\/wp-content\/uploads\/monitor-stand-120x120.png 120w, https:\/\/oplitegames-preprod.ezratis.fr\/wp-content\/uploads\/monitor-stand-800x800.png 800w, https:\/\/oplitegames-preprod.ezratis.fr\/wp-content\/uploads\/monitor-stand-64x64.png 64w\" sizes=\"(max-width: 1000px) 100vw, 1000px\" \/><\/p>\n","protected":false},"excerpt":{"rendered":"<p>Ihr Cockpit und Ihr Bildschirm werden eins! Der <strong>Single Monitor Stand GTR<\/strong> ist der Bildschirmhalter f\u00fcr Ihr GTR-Cockpit, die neueste Simulationsplattform der Marke OPLITE.<br \/>\nSein vom Motorsport inspiriertes Design bietet eine ergonomische und komfortable Sitzposition, die perfekt mit dem Design Ihres Fahrgestells harmoniert.<br \/>\nSie werden den Look und die Gesamtsteifigkeit Ihrer gesamten Fahrerausr\u00fcstung zu sch\u00e4tzen wissen.<\/p>\n[embed]https:\/\/youtu.be\/yDJwHIkV1Tw[\/embed]\n","protected":false},"featured_media":31004,"template":"","meta":{"_acf_changed":false,"footnotes":""},"product_brand":[],"product_cat":[693,762,692],"product_tag":[695],"class_list":{"0":"post-29336","1":"product","2":"type-product","3":"status-publish","4":"has-post-thumbnail","6":"product_cat-cockpit-gtr-s3-de","7":"product_cat-cockpit-gtr-s8-infinity-de","8":"product_cat-simulatoren","9":"product_tag-oplite-gaming-de","10":"pa_colisage-pcb-824","11":"pa_colisage-pcb-1-de","13":"first","14":"outofstock","15":"taxable","16":"shipping-taxable","17":"purchasable","18":"product-type-simple"},"bundled_by":[],"bundle_stock_status":"outofstock","bundle_stock_quantity":0,"bundle_virtual":false,"bundle_layout":"","bundle_add_to_cart_form_location":"","bundle_editable_in_cart":false,"bundle_sold_individually_context":"","bundle_item_grouping":"","bundle_min_size":"","bundle_max_size":"","bundle_price":[],"bundled_items":[],"bundle_sell_ids":[],"acf":[],"yoast_head":"<!-- This site is optimized with the Yoast SEO plugin v27.3 - https:\/\/yoast.com\/product\/yoast-seo-wordpress\/ -->\n<title>Einzel monitor st\u00e4nder GTR S3\/S8 - OPLITE<\/title>\n<meta name=\"robots\" content=\"index, follow, max-snippet:-1, max-image-preview:large, max-video-preview:-1\" \/>\n<link rel=\"canonical\" href=\"https:\/\/oplitegames.com\/de\/produkt\/oplite-sngle-monitor-stand-gtr\/\" \/>\n<meta property=\"og:locale\" content=\"de_DE\" \/>\n<meta property=\"og:type\" content=\"article\" \/>\n<meta property=\"og:title\" content=\"Einzel monitor st\u00e4nder GTR S3\/S8 - OPLITE\" \/>\n<meta property=\"og:description\" content=\"Ihr Cockpit und Ihr Bildschirm werden eins! Der Single Monitor Stand GTR ist der Bildschirmhalter f\u00fcr Ihr GTR-Cockpit, die neueste Simulationsplattform der Marke OPLITE. Sein vom Motorsport inspiriertes Design bietet eine ergonomische und komfortable Sitzposition, die perfekt mit dem Design Ihres Fahrgestells harmoniert. Sie werden den Look und die Gesamtsteifigkeit Ihrer gesamten Fahrerausr\u00fcstung zu sch\u00e4tzen wissen.\" \/>\n<meta property=\"og:url\" content=\"https:\/\/oplitegames.com\/de\/produkt\/oplite-sngle-monitor-stand-gtr\/\" \/>\n<meta property=\"og:site_name\" content=\"OPLITE\" \/>\n<meta property=\"article:modified_time\" content=\"2025-11-14T15:30:06+00:00\" \/>\n<meta property=\"og:image\" content=\"https:\/\/oplitegames.com\/wp-content\/uploads\/OP-SMS-GTR_1-1.png\" \/>\n\t<meta property=\"og:image:width\" content=\"1000\" \/>\n\t<meta property=\"og:image:height\" content=\"1000\" \/>\n\t<meta property=\"og:image:type\" content=\"image\/png\" \/>\n<meta name=\"twitter:card\" content=\"summary_large_image\" \/>\n<meta name=\"twitter:label1\" content=\"Price\" \/>\n\t<meta name=\"twitter:data1\" content=\"99,90&nbsp;&euro;\" \/>\n\t<meta name=\"twitter:label2\" content=\"Availability\" \/>\n\t<meta name=\"twitter:data2\" content=\"Out of stock\" \/>\n<script type=\"application\/ld+json\" class=\"yoast-schema-graph\">{\"@context\":\"https:\\\/\\\/schema.org\",\"@graph\":[{\"@type\":[\"WebPage\",\"ItemPage\"],\"@id\":\"https:\\\/\\\/oplitegames.com\\\/de\\\/produkt\\\/oplite-sngle-monitor-stand-gtr\\\/\",\"url\":\"https:\\\/\\\/oplitegames.com\\\/de\\\/produkt\\\/oplite-sngle-monitor-stand-gtr\\\/\",\"name\":\"Einzel monitor st\u00e4nder GTR S3\\\/S8 - OPLITE\",\"isPartOf\":{\"@id\":\"https:\\\/\\\/oplitegames.com\\\/#website\"},\"primaryImageOfPage\":{\"@id\":\"https:\\\/\\\/oplitegames.com\\\/de\\\/produkt\\\/oplite-sngle-monitor-stand-gtr\\\/#primaryimage\"},\"image\":{\"@id\":\"https:\\\/\\\/oplitegames.com\\\/de\\\/produkt\\\/oplite-sngle-monitor-stand-gtr\\\/#primaryimage\"},\"thumbnailUrl\":\"https:\\\/\\\/oplitegames-preprod.ezratis.fr\\\/wp-content\\\/uploads\\\/OP-SMS-GTR_1-1.png\",\"datePublished\":\"2022-11-29T14:17:51+00:00\",\"dateModified\":\"2025-11-14T15:30:06+00:00\",\"breadcrumb\":{\"@id\":\"https:\\\/\\\/oplitegames.com\\\/de\\\/produkt\\\/oplite-sngle-monitor-stand-gtr\\\/#breadcrumb\"},\"inLanguage\":\"de-DE\",\"potentialAction\":[{\"@type\":\"ReadAction\",\"target\":[\"https:\\\/\\\/oplitegames.com\\\/de\\\/produkt\\\/oplite-sngle-monitor-stand-gtr\\\/\"]}]},{\"@type\":\"ImageObject\",\"inLanguage\":\"de-DE\",\"@id\":\"https:\\\/\\\/oplitegames.com\\\/de\\\/produkt\\\/oplite-sngle-monitor-stand-gtr\\\/#primaryimage\",\"url\":\"https:\\\/\\\/oplitegames-preprod.ezratis.fr\\\/wp-content\\\/uploads\\\/OP-SMS-GTR_1-1.png\",\"contentUrl\":\"https:\\\/\\\/oplitegames-preprod.ezratis.fr\\\/wp-content\\\/uploads\\\/OP-SMS-GTR_1-1.png\",\"width\":1000,\"height\":1000},{\"@type\":\"BreadcrumbList\",\"@id\":\"https:\\\/\\\/oplitegames.com\\\/de\\\/produkt\\\/oplite-sngle-monitor-stand-gtr\\\/#breadcrumb\",\"itemListElement\":[{\"@type\":\"ListItem\",\"position\":1,\"name\":\"Home\",\"item\":\"https:\\\/\\\/oplitegames.com\\\/de\\\/\"},{\"@type\":\"ListItem\",\"position\":2,\"name\":\"Gesch\u00e4ft\",\"item\":\"https:\\\/\\\/oplitegames.com\\\/de\\\/geschaeft\\\/\"},{\"@type\":\"ListItem\",\"position\":3,\"name\":\"Einzel monitor st\u00e4nder GTR S3\\\/S8\"}]},{\"@type\":\"WebSite\",\"@id\":\"https:\\\/\\\/oplitegames.com\\\/#website\",\"url\":\"https:\\\/\\\/oplitegames.com\\\/\",\"name\":\"OPLITE\",\"description\":\"\",\"publisher\":{\"@id\":\"https:\\\/\\\/oplitegames.com\\\/#organization\"},\"potentialAction\":[{\"@type\":\"SearchAction\",\"target\":{\"@type\":\"EntryPoint\",\"urlTemplate\":\"https:\\\/\\\/oplitegames.com\\\/?s={search_term_string}\"},\"query-input\":{\"@type\":\"PropertyValueSpecification\",\"valueRequired\":true,\"valueName\":\"search_term_string\"}}],\"inLanguage\":\"de-DE\"},{\"@type\":\"Organization\",\"@id\":\"https:\\\/\\\/oplitegames.com\\\/#organization\",\"name\":\"OPLITE\",\"url\":\"https:\\\/\\\/oplitegames.com\\\/\",\"logo\":{\"@type\":\"ImageObject\",\"inLanguage\":\"de-DE\",\"@id\":\"https:\\\/\\\/oplitegames.com\\\/#\\\/schema\\\/logo\\\/image\\\/\",\"url\":\"https:\\\/\\\/oplitegames-preprod.ezratis.fr\\\/wp-content\\\/uploads\\\/cropped-cropped-Oplite-Blanc-casse-002-scaled-1.png\",\"contentUrl\":\"https:\\\/\\\/oplitegames-preprod.ezratis.fr\\\/wp-content\\\/uploads\\\/cropped-cropped-Oplite-Blanc-casse-002-scaled-1.png\",\"width\":2509,\"height\":597,\"caption\":\"OPLITE\"},\"image\":{\"@id\":\"https:\\\/\\\/oplitegames.com\\\/#\\\/schema\\\/logo\\\/image\\\/\"}}]}<\/script>\n<meta property=\"product:price:amount\" content=\"99.90\" \/>\n<meta property=\"product:price:currency\" content=\"EUR\" \/>\n<meta property=\"og:availability\" content=\"out of stock\" \/>\n<meta property=\"product:availability\" content=\"out of stock\" \/>\n<meta property=\"product:retailer_item_id\" content=\"86769\" \/>\n<meta property=\"product:condition\" content=\"new\" \/>\n<!-- \/ Yoast SEO plugin. -->","yoast_head_json":{"title":"Einzel monitor st\u00e4nder GTR S3\/S8 - OPLITE","robots":{"index":"index","follow":"follow","max-snippet":"max-snippet:-1","max-image-preview":"max-image-preview:large","max-video-preview":"max-video-preview:-1"},"canonical":"https:\/\/oplitegames.com\/de\/produkt\/oplite-sngle-monitor-stand-gtr\/","og_locale":"de_DE","og_type":"article","og_title":"Einzel monitor st\u00e4nder GTR S3\/S8 - OPLITE","og_description":"Ihr Cockpit und Ihr Bildschirm werden eins! Der Single Monitor Stand GTR ist der Bildschirmhalter f\u00fcr Ihr GTR-Cockpit, die neueste Simulationsplattform der Marke OPLITE. Sein vom Motorsport inspiriertes Design bietet eine ergonomische und komfortable Sitzposition, die perfekt mit dem Design Ihres Fahrgestells harmoniert. Sie werden den Look und die Gesamtsteifigkeit Ihrer gesamten Fahrerausr\u00fcstung zu sch\u00e4tzen wissen.","og_url":"https:\/\/oplitegames.com\/de\/produkt\/oplite-sngle-monitor-stand-gtr\/","og_site_name":"OPLITE","article_modified_time":"2025-11-14T15:30:06+00:00","og_image":[{"width":1000,"height":1000,"url":"https:\/\/oplitegames.com\/wp-content\/uploads\/OP-SMS-GTR_1-1.png","type":"image\/png"}],"twitter_card":"summary_large_image","twitter_misc":{"Price":"99,90&nbsp;&euro;","Availability":"Out of stock"},"schema":{"@context":"https:\/\/schema.org","@graph":[{"@type":["WebPage","ItemPage"],"@id":"https:\/\/oplitegames.com\/de\/produkt\/oplite-sngle-monitor-stand-gtr\/","url":"https:\/\/oplitegames.com\/de\/produkt\/oplite-sngle-monitor-stand-gtr\/","name":"Einzel monitor st\u00e4nder GTR S3\/S8 - OPLITE","isPartOf":{"@id":"https:\/\/oplitegames.com\/#website"},"primaryImageOfPage":{"@id":"https:\/\/oplitegames.com\/de\/produkt\/oplite-sngle-monitor-stand-gtr\/#primaryimage"},"image":{"@id":"https:\/\/oplitegames.com\/de\/produkt\/oplite-sngle-monitor-stand-gtr\/#primaryimage"},"thumbnailUrl":"https:\/\/oplitegames-preprod.ezratis.fr\/wp-content\/uploads\/OP-SMS-GTR_1-1.png","datePublished":"2022-11-29T14:17:51+00:00","dateModified":"2025-11-14T15:30:06+00:00","breadcrumb":{"@id":"https:\/\/oplitegames.com\/de\/produkt\/oplite-sngle-monitor-stand-gtr\/#breadcrumb"},"inLanguage":"de-DE","potentialAction":[{"@type":"ReadAction","target":["https:\/\/oplitegames.com\/de\/produkt\/oplite-sngle-monitor-stand-gtr\/"]}]},{"@type":"ImageObject","inLanguage":"de-DE","@id":"https:\/\/oplitegames.com\/de\/produkt\/oplite-sngle-monitor-stand-gtr\/#primaryimage","url":"https:\/\/oplitegames-preprod.ezratis.fr\/wp-content\/uploads\/OP-SMS-GTR_1-1.png","contentUrl":"https:\/\/oplitegames-preprod.ezratis.fr\/wp-content\/uploads\/OP-SMS-GTR_1-1.png","width":1000,"height":1000},{"@type":"BreadcrumbList","@id":"https:\/\/oplitegames.com\/de\/produkt\/oplite-sngle-monitor-stand-gtr\/#breadcrumb","itemListElement":[{"@type":"ListItem","position":1,"name":"Home","item":"https:\/\/oplitegames.com\/de\/"},{"@type":"ListItem","position":2,"name":"Gesch\u00e4ft","item":"https:\/\/oplitegames.com\/de\/geschaeft\/"},{"@type":"ListItem","position":3,"name":"Einzel monitor st\u00e4nder GTR S3\/S8"}]},{"@type":"WebSite","@id":"https:\/\/oplitegames.com\/#website","url":"https:\/\/oplitegames.com\/","name":"OPLITE","description":"","publisher":{"@id":"https:\/\/oplitegames.com\/#organization"},"potentialAction":[{"@type":"SearchAction","target":{"@type":"EntryPoint","urlTemplate":"https:\/\/oplitegames.com\/?s={search_term_string}"},"query-input":{"@type":"PropertyValueSpecification","valueRequired":true,"valueName":"search_term_string"}}],"inLanguage":"de-DE"},{"@type":"Organization","@id":"https:\/\/oplitegames.com\/#organization","name":"OPLITE","url":"https:\/\/oplitegames.com\/","logo":{"@type":"ImageObject","inLanguage":"de-DE","@id":"https:\/\/oplitegames.com\/#\/schema\/logo\/image\/","url":"https:\/\/oplitegames-preprod.ezratis.fr\/wp-content\/uploads\/cropped-cropped-Oplite-Blanc-casse-002-scaled-1.png","contentUrl":"https:\/\/oplitegames-preprod.ezratis.fr\/wp-content\/uploads\/cropped-cropped-Oplite-Blanc-casse-002-scaled-1.png","width":2509,"height":597,"caption":"OPLITE"},"image":{"@id":"https:\/\/oplitegames.com\/#\/schema\/logo\/image\/"}}]},"product_price_amount":"99.90","product_price_currency":"EUR","og_availability":"out of stock","product_availability":"out of stock","product_retailer_item_id":"86769","product_condition":"new"},"_links":{"self":[{"href":"https:\/\/oplitegames-preprod.ezratis.fr\/de\/wp-json\/wp\/v2\/product\/29336","targetHints":{"allow":["GET"]}}],"collection":[{"href":"https:\/\/oplitegames-preprod.ezratis.fr\/de\/wp-json\/wp\/v2\/product"}],"about":[{"href":"https:\/\/oplitegames-preprod.ezratis.fr\/de\/wp-json\/wp\/v2\/types\/product"}],"version-history":[{"count":4,"href":"https:\/\/oplitegames-preprod.ezratis.fr\/de\/wp-json\/wp\/v2\/product\/29336\/revisions"}],"predecessor-version":[{"id":62402,"href":"https:\/\/oplitegames-preprod.ezratis.fr\/de\/wp-json\/wp\/v2\/product\/29336\/revisions\/62402"}],"wp:featuredmedia":[{"embeddable":true,"href":"https:\/\/oplitegames-preprod.ezratis.fr\/de\/wp-json\/wp\/v2\/media\/31004"}],"wp:attachment":[{"href":"https:\/\/oplitegames-preprod.ezratis.fr\/de\/wp-json\/wp\/v2\/media?parent=29336"}],"wp:term":[{"taxonomy":"product_brand","embeddable":true,"href":"https:\/\/oplitegames-preprod.ezratis.fr\/de\/wp-json\/wp\/v2\/product_brand?post=29336"},{"taxonomy":"product_cat","embeddable":true,"href":"https:\/\/oplitegames-preprod.ezratis.fr\/de\/wp-json\/wp\/v2\/product_cat?post=29336"},{"taxonomy":"product_tag","embeddable":true,"href":"https:\/\/oplitegames-preprod.ezratis.fr\/de\/wp-json\/wp\/v2\/product_tag?post=29336"}],"curies":[{"name":"wp","href":"https:\/\/api.w.org\/{rel}","templated":true}]}}