{"id":29371,"date":"2022-10-27T15:03:13","date_gmt":"2022-10-27T13:03:13","guid":{"rendered":"https:\/\/oplitegames.com\/product\/oplite-gtr-s3-ultimate-chassis\/"},"modified":"2026-01-20T10:42:22","modified_gmt":"2026-01-20T09:42:22","slug":"oplite-gtr-s3-ultimate-chassis","status":"publish","type":"product","link":"https:\/\/oplitegames-preprod.ezratis.fr\/de\/produkt\/oplite-gtr-s3-ultimate-chassis\/","title":{"rendered":"Chassis GTR S8 Infinity"},"content":{"rendered":"<p>Das <strong>OPLITE GTR S8 Infinity<\/strong>-Simulationscockpit kombiniert die neuesten Fortschritte der Marke in der Simracing-Technologie mit einem zeitlosen, von der Welt des Rennsports inspirierten Design. Seine Struktur aus hochverdichtetem Karbonstahl mit einem Durchmesser von 48 mm garantiert optimale Steifigkeit, und die Montageplatten gew\u00e4hrleisten die vollst\u00e4ndige Kompatibilit\u00e4t mit L\u00f6sungen f\u00fchrender Marken wie Fanatec\u00ae, Moza\u00ae, Thrustmaster\u00ae, Logitech\u00ae, Turtle Beach\u00ae oder Asetek\u00ae. Mit einer breiten Palette von Einstellm\u00f6glichkeiten bietet dieses Cockpit ein ergonomisches Cockpit, das f\u00fcr eine Vielzahl von Fahrmodi geeignet ist, darunter GT, Drift, F1 und Rally.<br \/>\n<span style=\"text-decoration: underline;\"><strong>H\u00f6hepunkte:<\/strong> <\/span><br \/>\n\u2705 Verst\u00e4rkte Pedalhalterung f\u00fcr den Einbau von LoadCell-Pedalen, auch im flachen Zustand.<br \/>\n\u2705 Mehrere schnelle und einfache Einstellungen dank der Verwendung von Schnellspannern.<br \/>\n\u2705 H\u00f6hen- und neigungsverstellbarer Lenkradsockel, kompatibel mit Force Feedback Direct Drive und Courroie Technologien.<br \/>\n\u2705 Hochwertige Schrauben und Gewindeeins\u00e4tze aus Nickelstahl aus der Automobilindustrie.<br \/>\n\u2705 Versteifungswinkel an der Vorder- und R\u00fcckseite des Fahrgestells mit l\u00e4nglichen Nuten von 6 mm Durchmesser, die den Einbau von Zubeh\u00f6rteilen aus dem 3D-Druck oder anderen Methoden im Sinne des &#8220;Do It Yourself&#8221; (DIY) erm\u00f6glichen.<br \/>\n\u2705 Das Chassis ist mit acht geschwei\u00dften Muttern ausgestattet, die zur Befestigung der mitgelieferten Oplite-Drehf\u00fc\u00dfe oder des optionalen Hochleistungsradsatzes CASTOR WHEEL GTR S8 verwendet werden k\u00f6nnen.<br \/>\n\u2705 Die neuesten technologischen Fortschritte er\u00f6ffnen neue M\u00f6glichkeiten f\u00fcr die Flugsimulation mit dem optionalen <strong>FULL FORCE KIT GTR S3\/S8 und SIMRACING<\/strong> &amp; <strong>FLIGHTSIM HOLDER..<\/strong><\/p>\n<p><span style=\"text-decoration: underline;\"><strong>Technische Date:<\/strong><\/span><br \/>\n<strong>Gestell:<\/strong><br \/>\no Rohrstruktur mit \u00d8 48 mm x 2 mm Dicke.<br \/>\no Hochfeste, mattschwarze Lackierung f\u00fcr ein hochwertiges Finish.<br \/>\no Befestigungen auf Gleitschienen erm\u00f6glichen eine Anpassung von \u00b1220mm.<br \/>\n<strong>Lenkradhalterung :<\/strong><br \/>\no Verstellung nach oben\/unten \u00b130\u00b0.<br \/>\no Neigung nach oben\/unten \u00b130\u00b0.<br \/>\n<strong>Pedalhalterung :<\/strong><br \/>\no Tiefeneinstellung Erm\u00f6glicht die Einstellung der Position vorne\/hinten \u00b1200mm und der Neigung von 0\u00b0 bis +30\u00b0, um sich an Ihre K\u00f6rperform anzupassen.<br \/>\n<span style=\"text-decoration: underline;\"><strong>Produktkompatibilit\u00e4t :<\/strong><\/span><br \/>\n100% Kompatibel mit Lenkr\u00e4dern und Pedalen der Marken Thrustmaster\u00ae*, Turtle beach\u00ae, Logitech\u00ae, Moza\u00ae, Nacon\u00ae, Revosim\u00ae und Fanatec\u00ae.<\/p>\n<p>*Alle Thrusmaster-Produkte au\u00dfer T150 und TMX<\/p>\n","protected":false},"excerpt":{"rendered":"<p>OPLITE, Experte f\u00fcr ergonomisches Design im B\u00fcro- und Gaming-Bereich, pr\u00e4sentiert sein neuestes Rennsimulations-Cockpit, das <strong>GTR S8 INFINITY<\/strong>.<br \/>\nEs ist an der Zeit, vom Gamer zum Piloten zu werden! Rennen oder Fliegen, Sie haben die Wahl! Mit dem GTR S8-Simulator und seinem klassenbesten Eco-System wird alles m\u00f6glich!<\/p>\n[embed]https:\/\/www.youtube.com\/watch?v=kygailipLPY&#038;t=33s[\/embed]\n","protected":false},"featured_media":31929,"template":"","meta":{"_acf_changed":false,"footnotes":""},"product_brand":[],"product_cat":[762,692],"product_tag":[695],"class_list":{"0":"post-29371","1":"product","2":"type-product","3":"status-publish","4":"has-post-thumbnail","6":"product_cat-cockpit-gtr-s8-infinity-de","7":"product_cat-simulatoren","8":"product_tag-oplite-gaming-de","9":"pa_colisage-pcb-824","10":"pa_colisage-pcb-1-de","12":"first","13":"instock","14":"taxable","15":"shipping-taxable","16":"purchasable","17":"product-type-simple"},"bundled_by":[],"bundle_stock_status":"instock","bundle_stock_quantity":52,"bundle_virtual":false,"bundle_layout":"","bundle_add_to_cart_form_location":"","bundle_editable_in_cart":false,"bundle_sold_individually_context":"","bundle_item_grouping":"","bundle_min_size":"","bundle_max_size":"","bundle_price":[],"bundled_items":[],"bundle_sell_ids":[],"acf":[],"yoast_head":"<!-- This site is optimized with the Yoast SEO plugin v27.3 - https:\/\/yoast.com\/product\/yoast-seo-wordpress\/ -->\n<title>Chassis GTR S8 Infinity - OPLITE<\/title>\n<meta name=\"robots\" content=\"index, follow, max-snippet:-1, max-image-preview:large, max-video-preview:-1\" \/>\n<link rel=\"canonical\" href=\"https:\/\/oplitegames.com\/de\/produkt\/oplite-gtr-s3-ultimate-chassis\/\" \/>\n<meta property=\"og:locale\" content=\"de_DE\" \/>\n<meta property=\"og:type\" content=\"article\" \/>\n<meta property=\"og:title\" content=\"Chassis GTR S8 Infinity - OPLITE\" \/>\n<meta property=\"og:description\" content=\"OPLITE, Experte f\u00fcr ergonomisches Design im B\u00fcro- und Gaming-Bereich, pr\u00e4sentiert sein neuestes Rennsimulations-Cockpit, das GTR S8 INFINITY. Es ist an der Zeit, vom Gamer zum Piloten zu werden! Rennen oder Fliegen, Sie haben die Wahl! Mit dem GTR S8-Simulator und seinem klassenbesten Eco-System wird alles m\u00f6glich!\" \/>\n<meta property=\"og:url\" content=\"https:\/\/oplitegames.com\/de\/produkt\/oplite-gtr-s3-ultimate-chassis\/\" \/>\n<meta property=\"og:site_name\" content=\"OPLITE\" \/>\n<meta property=\"article:modified_time\" content=\"2026-01-20T09:42:22+00:00\" \/>\n<meta property=\"og:image\" content=\"https:\/\/oplitegames.com\/wp-content\/uploads\/Oplite-Chassis-GTR-S8-Infinity-OP-GTR-CH-S8-_1.jpg\" \/>\n\t<meta property=\"og:image:width\" content=\"2000\" \/>\n\t<meta property=\"og:image:height\" content=\"2000\" \/>\n\t<meta property=\"og:image:type\" content=\"image\/jpeg\" \/>\n<meta name=\"twitter:card\" content=\"summary_large_image\" \/>\n<meta name=\"twitter:label1\" content=\"Price\" \/>\n\t<meta name=\"twitter:data1\" content=\"399,90&nbsp;&euro;\" \/>\n\t<meta name=\"twitter:label2\" content=\"Availability\" \/>\n\t<meta name=\"twitter:data2\" content=\"In stock\" \/>\n<script type=\"application\/ld+json\" class=\"yoast-schema-graph\">{\"@context\":\"https:\\\/\\\/schema.org\",\"@graph\":[{\"@type\":[\"WebPage\",\"ItemPage\"],\"@id\":\"https:\\\/\\\/oplitegames.com\\\/de\\\/produkt\\\/oplite-gtr-s3-ultimate-chassis\\\/\",\"url\":\"https:\\\/\\\/oplitegames.com\\\/de\\\/produkt\\\/oplite-gtr-s3-ultimate-chassis\\\/\",\"name\":\"Chassis GTR S8 Infinity - OPLITE\",\"isPartOf\":{\"@id\":\"https:\\\/\\\/oplitegames.com\\\/#website\"},\"primaryImageOfPage\":{\"@id\":\"https:\\\/\\\/oplitegames.com\\\/de\\\/produkt\\\/oplite-gtr-s3-ultimate-chassis\\\/#primaryimage\"},\"image\":{\"@id\":\"https:\\\/\\\/oplitegames.com\\\/de\\\/produkt\\\/oplite-gtr-s3-ultimate-chassis\\\/#primaryimage\"},\"thumbnailUrl\":\"https:\\\/\\\/oplitegames-preprod.ezratis.fr\\\/wp-content\\\/uploads\\\/Oplite-Chassis-GTR-S8-Infinity-OP-GTR-CH-S8-_1.jpg\",\"datePublished\":\"2022-10-27T13:03:13+00:00\",\"dateModified\":\"2026-01-20T09:42:22+00:00\",\"breadcrumb\":{\"@id\":\"https:\\\/\\\/oplitegames.com\\\/de\\\/produkt\\\/oplite-gtr-s3-ultimate-chassis\\\/#breadcrumb\"},\"inLanguage\":\"de-DE\",\"potentialAction\":[{\"@type\":\"ReadAction\",\"target\":[\"https:\\\/\\\/oplitegames.com\\\/de\\\/produkt\\\/oplite-gtr-s3-ultimate-chassis\\\/\"]}]},{\"@type\":\"ImageObject\",\"inLanguage\":\"de-DE\",\"@id\":\"https:\\\/\\\/oplitegames.com\\\/de\\\/produkt\\\/oplite-gtr-s3-ultimate-chassis\\\/#primaryimage\",\"url\":\"https:\\\/\\\/oplitegames-preprod.ezratis.fr\\\/wp-content\\\/uploads\\\/Oplite-Chassis-GTR-S8-Infinity-OP-GTR-CH-S8-_1.jpg\",\"contentUrl\":\"https:\\\/\\\/oplitegames-preprod.ezratis.fr\\\/wp-content\\\/uploads\\\/Oplite-Chassis-GTR-S8-Infinity-OP-GTR-CH-S8-_1.jpg\",\"width\":2000,\"height\":2000},{\"@type\":\"BreadcrumbList\",\"@id\":\"https:\\\/\\\/oplitegames.com\\\/de\\\/produkt\\\/oplite-gtr-s3-ultimate-chassis\\\/#breadcrumb\",\"itemListElement\":[{\"@type\":\"ListItem\",\"position\":1,\"name\":\"Home\",\"item\":\"https:\\\/\\\/oplitegames.com\\\/de\\\/\"},{\"@type\":\"ListItem\",\"position\":2,\"name\":\"Gesch\u00e4ft\",\"item\":\"https:\\\/\\\/oplitegames.com\\\/de\\\/geschaeft\\\/\"},{\"@type\":\"ListItem\",\"position\":3,\"name\":\"Chassis GTR S8 Infinity\"}]},{\"@type\":\"WebSite\",\"@id\":\"https:\\\/\\\/oplitegames.com\\\/#website\",\"url\":\"https:\\\/\\\/oplitegames.com\\\/\",\"name\":\"OPLITE\",\"description\":\"\",\"publisher\":{\"@id\":\"https:\\\/\\\/oplitegames.com\\\/#organization\"},\"potentialAction\":[{\"@type\":\"SearchAction\",\"target\":{\"@type\":\"EntryPoint\",\"urlTemplate\":\"https:\\\/\\\/oplitegames.com\\\/?s={search_term_string}\"},\"query-input\":{\"@type\":\"PropertyValueSpecification\",\"valueRequired\":true,\"valueName\":\"search_term_string\"}}],\"inLanguage\":\"de-DE\"},{\"@type\":\"Organization\",\"@id\":\"https:\\\/\\\/oplitegames.com\\\/#organization\",\"name\":\"OPLITE\",\"url\":\"https:\\\/\\\/oplitegames.com\\\/\",\"logo\":{\"@type\":\"ImageObject\",\"inLanguage\":\"de-DE\",\"@id\":\"https:\\\/\\\/oplitegames.com\\\/#\\\/schema\\\/logo\\\/image\\\/\",\"url\":\"https:\\\/\\\/oplitegames-preprod.ezratis.fr\\\/wp-content\\\/uploads\\\/cropped-cropped-Oplite-Blanc-casse-002-scaled-1.png\",\"contentUrl\":\"https:\\\/\\\/oplitegames-preprod.ezratis.fr\\\/wp-content\\\/uploads\\\/cropped-cropped-Oplite-Blanc-casse-002-scaled-1.png\",\"width\":2509,\"height\":597,\"caption\":\"OPLITE\"},\"image\":{\"@id\":\"https:\\\/\\\/oplitegames.com\\\/#\\\/schema\\\/logo\\\/image\\\/\"}}]}<\/script>\n<meta property=\"product:price:amount\" content=\"399.90\" \/>\n<meta property=\"product:price:currency\" content=\"EUR\" \/>\n<meta property=\"og:availability\" content=\"instock\" \/>\n<meta property=\"product:availability\" content=\"instock\" \/>\n<meta property=\"product:retailer_item_id\" content=\"88762\" \/>\n<meta property=\"product:condition\" content=\"new\" \/>\n<!-- \/ Yoast SEO plugin. -->","yoast_head_json":{"title":"Chassis GTR S8 Infinity - OPLITE","robots":{"index":"index","follow":"follow","max-snippet":"max-snippet:-1","max-image-preview":"max-image-preview:large","max-video-preview":"max-video-preview:-1"},"canonical":"https:\/\/oplitegames.com\/de\/produkt\/oplite-gtr-s3-ultimate-chassis\/","og_locale":"de_DE","og_type":"article","og_title":"Chassis GTR S8 Infinity - OPLITE","og_description":"OPLITE, Experte f\u00fcr ergonomisches Design im B\u00fcro- und Gaming-Bereich, pr\u00e4sentiert sein neuestes Rennsimulations-Cockpit, das GTR S8 INFINITY. Es ist an der Zeit, vom Gamer zum Piloten zu werden! Rennen oder Fliegen, Sie haben die Wahl! Mit dem GTR S8-Simulator und seinem klassenbesten Eco-System wird alles m\u00f6glich!","og_url":"https:\/\/oplitegames.com\/de\/produkt\/oplite-gtr-s3-ultimate-chassis\/","og_site_name":"OPLITE","article_modified_time":"2026-01-20T09:42:22+00:00","og_image":[{"width":2000,"height":2000,"url":"https:\/\/oplitegames.com\/wp-content\/uploads\/Oplite-Chassis-GTR-S8-Infinity-OP-GTR-CH-S8-_1.jpg","type":"image\/jpeg"}],"twitter_card":"summary_large_image","twitter_misc":{"Price":"399,90&nbsp;&euro;","Availability":"In stock"},"schema":{"@context":"https:\/\/schema.org","@graph":[{"@type":["WebPage","ItemPage"],"@id":"https:\/\/oplitegames.com\/de\/produkt\/oplite-gtr-s3-ultimate-chassis\/","url":"https:\/\/oplitegames.com\/de\/produkt\/oplite-gtr-s3-ultimate-chassis\/","name":"Chassis GTR S8 Infinity - OPLITE","isPartOf":{"@id":"https:\/\/oplitegames.com\/#website"},"primaryImageOfPage":{"@id":"https:\/\/oplitegames.com\/de\/produkt\/oplite-gtr-s3-ultimate-chassis\/#primaryimage"},"image":{"@id":"https:\/\/oplitegames.com\/de\/produkt\/oplite-gtr-s3-ultimate-chassis\/#primaryimage"},"thumbnailUrl":"https:\/\/oplitegames-preprod.ezratis.fr\/wp-content\/uploads\/Oplite-Chassis-GTR-S8-Infinity-OP-GTR-CH-S8-_1.jpg","datePublished":"2022-10-27T13:03:13+00:00","dateModified":"2026-01-20T09:42:22+00:00","breadcrumb":{"@id":"https:\/\/oplitegames.com\/de\/produkt\/oplite-gtr-s3-ultimate-chassis\/#breadcrumb"},"inLanguage":"de-DE","potentialAction":[{"@type":"ReadAction","target":["https:\/\/oplitegames.com\/de\/produkt\/oplite-gtr-s3-ultimate-chassis\/"]}]},{"@type":"ImageObject","inLanguage":"de-DE","@id":"https:\/\/oplitegames.com\/de\/produkt\/oplite-gtr-s3-ultimate-chassis\/#primaryimage","url":"https:\/\/oplitegames-preprod.ezratis.fr\/wp-content\/uploads\/Oplite-Chassis-GTR-S8-Infinity-OP-GTR-CH-S8-_1.jpg","contentUrl":"https:\/\/oplitegames-preprod.ezratis.fr\/wp-content\/uploads\/Oplite-Chassis-GTR-S8-Infinity-OP-GTR-CH-S8-_1.jpg","width":2000,"height":2000},{"@type":"BreadcrumbList","@id":"https:\/\/oplitegames.com\/de\/produkt\/oplite-gtr-s3-ultimate-chassis\/#breadcrumb","itemListElement":[{"@type":"ListItem","position":1,"name":"Home","item":"https:\/\/oplitegames.com\/de\/"},{"@type":"ListItem","position":2,"name":"Gesch\u00e4ft","item":"https:\/\/oplitegames.com\/de\/geschaeft\/"},{"@type":"ListItem","position":3,"name":"Chassis GTR S8 Infinity"}]},{"@type":"WebSite","@id":"https:\/\/oplitegames.com\/#website","url":"https:\/\/oplitegames.com\/","name":"OPLITE","description":"","publisher":{"@id":"https:\/\/oplitegames.com\/#organization"},"potentialAction":[{"@type":"SearchAction","target":{"@type":"EntryPoint","urlTemplate":"https:\/\/oplitegames.com\/?s={search_term_string}"},"query-input":{"@type":"PropertyValueSpecification","valueRequired":true,"valueName":"search_term_string"}}],"inLanguage":"de-DE"},{"@type":"Organization","@id":"https:\/\/oplitegames.com\/#organization","name":"OPLITE","url":"https:\/\/oplitegames.com\/","logo":{"@type":"ImageObject","inLanguage":"de-DE","@id":"https:\/\/oplitegames.com\/#\/schema\/logo\/image\/","url":"https:\/\/oplitegames-preprod.ezratis.fr\/wp-content\/uploads\/cropped-cropped-Oplite-Blanc-casse-002-scaled-1.png","contentUrl":"https:\/\/oplitegames-preprod.ezratis.fr\/wp-content\/uploads\/cropped-cropped-Oplite-Blanc-casse-002-scaled-1.png","width":2509,"height":597,"caption":"OPLITE"},"image":{"@id":"https:\/\/oplitegames.com\/#\/schema\/logo\/image\/"}}]},"product_price_amount":"399.90","product_price_currency":"EUR","og_availability":"instock","product_availability":"instock","product_retailer_item_id":"88762","product_condition":"new"},"_links":{"self":[{"href":"https:\/\/oplitegames-preprod.ezratis.fr\/de\/wp-json\/wp\/v2\/product\/29371","targetHints":{"allow":["GET"]}}],"collection":[{"href":"https:\/\/oplitegames-preprod.ezratis.fr\/de\/wp-json\/wp\/v2\/product"}],"about":[{"href":"https:\/\/oplitegames-preprod.ezratis.fr\/de\/wp-json\/wp\/v2\/types\/product"}],"version-history":[{"count":5,"href":"https:\/\/oplitegames-preprod.ezratis.fr\/de\/wp-json\/wp\/v2\/product\/29371\/revisions"}],"predecessor-version":[{"id":61541,"href":"https:\/\/oplitegames-preprod.ezratis.fr\/de\/wp-json\/wp\/v2\/product\/29371\/revisions\/61541"}],"wp:featuredmedia":[{"embeddable":true,"href":"https:\/\/oplitegames-preprod.ezratis.fr\/de\/wp-json\/wp\/v2\/media\/31929"}],"wp:attachment":[{"href":"https:\/\/oplitegames-preprod.ezratis.fr\/de\/wp-json\/wp\/v2\/media?parent=29371"}],"wp:term":[{"taxonomy":"product_brand","embeddable":true,"href":"https:\/\/oplitegames-preprod.ezratis.fr\/de\/wp-json\/wp\/v2\/product_brand?post=29371"},{"taxonomy":"product_cat","embeddable":true,"href":"https:\/\/oplitegames-preprod.ezratis.fr\/de\/wp-json\/wp\/v2\/product_cat?post=29371"},{"taxonomy":"product_tag","embeddable":true,"href":"https:\/\/oplitegames-preprod.ezratis.fr\/de\/wp-json\/wp\/v2\/product_tag?post=29371"}],"curies":[{"name":"wp","href":"https:\/\/api.w.org\/{rel}","templated":true}]}}