{"id":29377,"date":"2022-10-27T15:03:15","date_gmt":"2022-10-27T13:03:15","guid":{"rendered":"https:\/\/oplitegames.com\/product\/oplite-supreme-mic-boom-arm\/"},"modified":"2026-01-20T10:43:00","modified_gmt":"2026-01-20T09:43:00","slug":"oplite-supreme-mic-boom-arm","status":"publish","type":"product","link":"https:\/\/oplitegames-preprod.ezratis.fr\/de\/produkt\/oplite-supreme-mic-boom-arm\/","title":{"rendered":"Supreme Mic Auslegerarm"},"content":{"rendered":"<p><strong>PROFESSIONELLES DESIGN <\/strong>:<br \/>\nAluminiumkonstruktion, starke interne Federn und Kabelf\u00fchrung mit versteckten Kan\u00e4len<br \/>\nEinstellung aller Scharniere von Hand (keine Werkzeuge erforderlich)<br \/>\nRobust (mit einem Mikrofon \u00fcber 1,5 kg) ist es eines der st\u00e4rksten auf dem Markt<br \/>\n360\u00b0 leise Rotation (Bedien- und Bedienkomfort)<\/p>\n<p><strong>VIELSEITIG <\/strong>:<br \/>\nKompatibel mit allen professionellen Mikrofonen und Standard-D\u00e4mpferhalterungen<br \/>\nDoppeltes Befestigungssystem f\u00fcr maximale Vielseitigkeit (eine C-Klemmung und eine feste Montagebasis)<\/p>\n<p><strong>COMPACT <\/strong>:<br \/>\nMaximale Verl\u00e4ngerung von 37,5&#8243; \/ 95cm<br \/>\nAussenmasse: 17,15&#8243; \/ 43,5cm \/ (Unterarm), 16&#8243; \/ 40cm (Oberarm). Nettogewicht: 1,5 kg \/ 3,4 lbs<br \/>\nInklusive Befestigungsmaterial und festes Montagematerial<br \/>\nMaximale Gewichtskapazit\u00e4t: 1,5 kg\/ 3,4 Pfun<\/p>\n<p>d<img fetchpriority=\"high\" decoding=\"async\" class=\"aligncenter wp-image-29407 size-full\" src=\"https:\/\/oplitegames-preprod.ezratis.fr\/wp-content\/uploads\/OPLITE-Supreme-Desk-lifestyle-8581-1024x1024-1.jpg\" alt=\"\" width=\"1024\" height=\"1024\" srcset=\"https:\/\/oplitegames-preprod.ezratis.fr\/wp-content\/uploads\/OPLITE-Supreme-Desk-lifestyle-8581-1024x1024-1.jpg 1024w, https:\/\/oplitegames-preprod.ezratis.fr\/wp-content\/uploads\/OPLITE-Supreme-Desk-lifestyle-8581-1024x1024-1-300x300.jpg 300w, https:\/\/oplitegames-preprod.ezratis.fr\/wp-content\/uploads\/OPLITE-Supreme-Desk-lifestyle-8581-1024x1024-1-150x150.jpg 150w, https:\/\/oplitegames-preprod.ezratis.fr\/wp-content\/uploads\/OPLITE-Supreme-Desk-lifestyle-8581-1024x1024-1-768x768.jpg 768w, https:\/\/oplitegames-preprod.ezratis.fr\/wp-content\/uploads\/OPLITE-Supreme-Desk-lifestyle-8581-1024x1024-1-450x450.jpg 450w, https:\/\/oplitegames-preprod.ezratis.fr\/wp-content\/uploads\/OPLITE-Supreme-Desk-lifestyle-8581-1024x1024-1-120x120.jpg 120w, https:\/\/oplitegames-preprod.ezratis.fr\/wp-content\/uploads\/OPLITE-Supreme-Desk-lifestyle-8581-1024x1024-1-800x800.jpg 800w, https:\/\/oplitegames-preprod.ezratis.fr\/wp-content\/uploads\/OPLITE-Supreme-Desk-lifestyle-8581-1024x1024-1-64x64.jpg 64w\" sizes=\"(max-width: 1024px) 100vw, 1024px\" \/><\/p>\n","protected":false},"excerpt":{"rendered":"<p>Das Supreme Mic ist ein professioneller Mikrofonst\u00e4nder aus Aluminiumrohr. Er verf\u00fcgt \u00fcber starke interne Federn und ein Kabelmanagementsystem mit versteckten Kan\u00e4len und ist ideal f\u00fcr Streaming, Podcasting, Voiceover und Videospiele.<br \/>\nEs ist ger\u00e4uscharm, flexibel einstellbar und mit allen professionellen Mikrofonen von Rode, Shure, Blue Microphone Yeti, HyperX, EPOS und anderen bis zu einem Gewicht von 1,5 kg kompatibel.<\/p>\n","protected":false},"featured_media":26726,"template":"","meta":{"_acf_changed":false,"footnotes":""},"product_brand":[],"product_cat":[715,718],"product_tag":[695],"class_list":{"0":"post-29377","1":"product","2":"type-product","3":"status-publish","4":"has-post-thumbnail","6":"product_cat-buros-streaming","7":"product_cat-streaming-zubehoer","8":"product_tag-oplite-gaming-de","9":"pa_colisage-pcb-10-de","11":"first","12":"outofstock","13":"taxable","14":"shipping-taxable","15":"purchasable","16":"product-type-simple"},"bundled_by":[],"bundle_stock_status":"outofstock","bundle_stock_quantity":0,"bundle_virtual":false,"bundle_layout":"","bundle_add_to_cart_form_location":"","bundle_editable_in_cart":false,"bundle_sold_individually_context":"","bundle_item_grouping":"","bundle_min_size":"","bundle_max_size":"","bundle_price":[],"bundled_items":[],"bundle_sell_ids":[],"acf":[],"yoast_head":"<!-- This site is optimized with the Yoast SEO plugin v27.3 - https:\/\/yoast.com\/product\/yoast-seo-wordpress\/ -->\n<title>Supreme Mic Auslegerarm - OPLITE<\/title>\n<meta name=\"robots\" content=\"index, follow, max-snippet:-1, max-image-preview:large, max-video-preview:-1\" \/>\n<link rel=\"canonical\" href=\"https:\/\/oplitegames.com\/de\/produkt\/oplite-supreme-mic-boom-arm\/\" \/>\n<meta property=\"og:locale\" content=\"de_DE\" \/>\n<meta property=\"og:type\" content=\"article\" \/>\n<meta property=\"og:title\" content=\"Supreme Mic Auslegerarm - OPLITE\" \/>\n<meta property=\"og:description\" content=\"Das Supreme Mic ist ein professioneller Mikrofonst\u00e4nder aus Aluminiumrohr. Er verf\u00fcgt \u00fcber starke interne Federn und ein Kabelmanagementsystem mit versteckten Kan\u00e4len und ist ideal f\u00fcr Streaming, Podcasting, Voiceover und Videospiele. Es ist ger\u00e4uscharm, flexibel einstellbar und mit allen professionellen Mikrofonen von Rode, Shure, Blue Microphone Yeti, HyperX, EPOS und anderen bis zu einem Gewicht von 1,5 kg kompatibel.\" \/>\n<meta property=\"og:url\" content=\"https:\/\/oplitegames.com\/de\/produkt\/oplite-supreme-mic-boom-arm\/\" \/>\n<meta property=\"og:site_name\" content=\"OPLITE\" \/>\n<meta property=\"article:modified_time\" content=\"2026-01-20T09:43:00+00:00\" \/>\n<meta property=\"og:image\" content=\"https:\/\/oplitegames.com\/wp-content\/uploads\/OP-SM-BA-1-1.jpg\" \/>\n\t<meta property=\"og:image:width\" content=\"1000\" \/>\n\t<meta property=\"og:image:height\" content=\"1000\" \/>\n\t<meta property=\"og:image:type\" content=\"image\/jpeg\" \/>\n<meta name=\"twitter:card\" content=\"summary_large_image\" \/>\n<meta name=\"twitter:label1\" content=\"Price\" \/>\n\t<meta name=\"twitter:data1\" content=\"69,90&nbsp;&euro;\" \/>\n\t<meta name=\"twitter:label2\" content=\"Availability\" \/>\n\t<meta name=\"twitter:data2\" content=\"Out of stock\" \/>\n<script type=\"application\/ld+json\" class=\"yoast-schema-graph\">{\"@context\":\"https:\\\/\\\/schema.org\",\"@graph\":[{\"@type\":[\"WebPage\",\"ItemPage\"],\"@id\":\"https:\\\/\\\/oplitegames.com\\\/de\\\/produkt\\\/oplite-supreme-mic-boom-arm\\\/\",\"url\":\"https:\\\/\\\/oplitegames.com\\\/de\\\/produkt\\\/oplite-supreme-mic-boom-arm\\\/\",\"name\":\"Supreme Mic Auslegerarm - OPLITE\",\"isPartOf\":{\"@id\":\"https:\\\/\\\/oplitegames.com\\\/#website\"},\"primaryImageOfPage\":{\"@id\":\"https:\\\/\\\/oplitegames.com\\\/de\\\/produkt\\\/oplite-supreme-mic-boom-arm\\\/#primaryimage\"},\"image\":{\"@id\":\"https:\\\/\\\/oplitegames.com\\\/de\\\/produkt\\\/oplite-supreme-mic-boom-arm\\\/#primaryimage\"},\"thumbnailUrl\":\"https:\\\/\\\/oplitegames-preprod.ezratis.fr\\\/wp-content\\\/uploads\\\/OP-SM-BA-1-1.jpg\",\"datePublished\":\"2022-10-27T13:03:15+00:00\",\"dateModified\":\"2026-01-20T09:43:00+00:00\",\"breadcrumb\":{\"@id\":\"https:\\\/\\\/oplitegames.com\\\/de\\\/produkt\\\/oplite-supreme-mic-boom-arm\\\/#breadcrumb\"},\"inLanguage\":\"de-DE\",\"potentialAction\":[{\"@type\":\"ReadAction\",\"target\":[\"https:\\\/\\\/oplitegames.com\\\/de\\\/produkt\\\/oplite-supreme-mic-boom-arm\\\/\"]}]},{\"@type\":\"ImageObject\",\"inLanguage\":\"de-DE\",\"@id\":\"https:\\\/\\\/oplitegames.com\\\/de\\\/produkt\\\/oplite-supreme-mic-boom-arm\\\/#primaryimage\",\"url\":\"https:\\\/\\\/oplitegames-preprod.ezratis.fr\\\/wp-content\\\/uploads\\\/OP-SM-BA-1-1.jpg\",\"contentUrl\":\"https:\\\/\\\/oplitegames-preprod.ezratis.fr\\\/wp-content\\\/uploads\\\/OP-SM-BA-1-1.jpg\",\"width\":1000,\"height\":1000},{\"@type\":\"BreadcrumbList\",\"@id\":\"https:\\\/\\\/oplitegames.com\\\/de\\\/produkt\\\/oplite-supreme-mic-boom-arm\\\/#breadcrumb\",\"itemListElement\":[{\"@type\":\"ListItem\",\"position\":1,\"name\":\"Home\",\"item\":\"https:\\\/\\\/oplitegames.com\\\/de\\\/\"},{\"@type\":\"ListItem\",\"position\":2,\"name\":\"Gesch\u00e4ft\",\"item\":\"https:\\\/\\\/oplitegames.com\\\/de\\\/geschaeft\\\/\"},{\"@type\":\"ListItem\",\"position\":3,\"name\":\"Supreme Mic Auslegerarm\"}]},{\"@type\":\"WebSite\",\"@id\":\"https:\\\/\\\/oplitegames.com\\\/#website\",\"url\":\"https:\\\/\\\/oplitegames.com\\\/\",\"name\":\"OPLITE\",\"description\":\"\",\"publisher\":{\"@id\":\"https:\\\/\\\/oplitegames.com\\\/#organization\"},\"potentialAction\":[{\"@type\":\"SearchAction\",\"target\":{\"@type\":\"EntryPoint\",\"urlTemplate\":\"https:\\\/\\\/oplitegames.com\\\/?s={search_term_string}\"},\"query-input\":{\"@type\":\"PropertyValueSpecification\",\"valueRequired\":true,\"valueName\":\"search_term_string\"}}],\"inLanguage\":\"de-DE\"},{\"@type\":\"Organization\",\"@id\":\"https:\\\/\\\/oplitegames.com\\\/#organization\",\"name\":\"OPLITE\",\"url\":\"https:\\\/\\\/oplitegames.com\\\/\",\"logo\":{\"@type\":\"ImageObject\",\"inLanguage\":\"de-DE\",\"@id\":\"https:\\\/\\\/oplitegames.com\\\/#\\\/schema\\\/logo\\\/image\\\/\",\"url\":\"https:\\\/\\\/oplitegames-preprod.ezratis.fr\\\/wp-content\\\/uploads\\\/cropped-cropped-Oplite-Blanc-casse-002-scaled-1.png\",\"contentUrl\":\"https:\\\/\\\/oplitegames-preprod.ezratis.fr\\\/wp-content\\\/uploads\\\/cropped-cropped-Oplite-Blanc-casse-002-scaled-1.png\",\"width\":2509,\"height\":597,\"caption\":\"OPLITE\"},\"image\":{\"@id\":\"https:\\\/\\\/oplitegames.com\\\/#\\\/schema\\\/logo\\\/image\\\/\"}}]}<\/script>\n<meta property=\"product:price:amount\" content=\"69.90\" \/>\n<meta property=\"product:price:currency\" content=\"EUR\" \/>\n<meta property=\"og:availability\" content=\"out of stock\" \/>\n<meta property=\"product:availability\" content=\"out of stock\" \/>\n<meta property=\"product:retailer_item_id\" content=\"88764\" \/>\n<meta property=\"product:condition\" content=\"new\" \/>\n<!-- \/ Yoast SEO plugin. -->","yoast_head_json":{"title":"Supreme Mic Auslegerarm - OPLITE","robots":{"index":"index","follow":"follow","max-snippet":"max-snippet:-1","max-image-preview":"max-image-preview:large","max-video-preview":"max-video-preview:-1"},"canonical":"https:\/\/oplitegames.com\/de\/produkt\/oplite-supreme-mic-boom-arm\/","og_locale":"de_DE","og_type":"article","og_title":"Supreme Mic Auslegerarm - OPLITE","og_description":"Das Supreme Mic ist ein professioneller Mikrofonst\u00e4nder aus Aluminiumrohr. Er verf\u00fcgt \u00fcber starke interne Federn und ein Kabelmanagementsystem mit versteckten Kan\u00e4len und ist ideal f\u00fcr Streaming, Podcasting, Voiceover und Videospiele. Es ist ger\u00e4uscharm, flexibel einstellbar und mit allen professionellen Mikrofonen von Rode, Shure, Blue Microphone Yeti, HyperX, EPOS und anderen bis zu einem Gewicht von 1,5 kg kompatibel.","og_url":"https:\/\/oplitegames.com\/de\/produkt\/oplite-supreme-mic-boom-arm\/","og_site_name":"OPLITE","article_modified_time":"2026-01-20T09:43:00+00:00","og_image":[{"width":1000,"height":1000,"url":"https:\/\/oplitegames.com\/wp-content\/uploads\/OP-SM-BA-1-1.jpg","type":"image\/jpeg"}],"twitter_card":"summary_large_image","twitter_misc":{"Price":"69,90&nbsp;&euro;","Availability":"Out of stock"},"schema":{"@context":"https:\/\/schema.org","@graph":[{"@type":["WebPage","ItemPage"],"@id":"https:\/\/oplitegames.com\/de\/produkt\/oplite-supreme-mic-boom-arm\/","url":"https:\/\/oplitegames.com\/de\/produkt\/oplite-supreme-mic-boom-arm\/","name":"Supreme Mic Auslegerarm - OPLITE","isPartOf":{"@id":"https:\/\/oplitegames.com\/#website"},"primaryImageOfPage":{"@id":"https:\/\/oplitegames.com\/de\/produkt\/oplite-supreme-mic-boom-arm\/#primaryimage"},"image":{"@id":"https:\/\/oplitegames.com\/de\/produkt\/oplite-supreme-mic-boom-arm\/#primaryimage"},"thumbnailUrl":"https:\/\/oplitegames-preprod.ezratis.fr\/wp-content\/uploads\/OP-SM-BA-1-1.jpg","datePublished":"2022-10-27T13:03:15+00:00","dateModified":"2026-01-20T09:43:00+00:00","breadcrumb":{"@id":"https:\/\/oplitegames.com\/de\/produkt\/oplite-supreme-mic-boom-arm\/#breadcrumb"},"inLanguage":"de-DE","potentialAction":[{"@type":"ReadAction","target":["https:\/\/oplitegames.com\/de\/produkt\/oplite-supreme-mic-boom-arm\/"]}]},{"@type":"ImageObject","inLanguage":"de-DE","@id":"https:\/\/oplitegames.com\/de\/produkt\/oplite-supreme-mic-boom-arm\/#primaryimage","url":"https:\/\/oplitegames-preprod.ezratis.fr\/wp-content\/uploads\/OP-SM-BA-1-1.jpg","contentUrl":"https:\/\/oplitegames-preprod.ezratis.fr\/wp-content\/uploads\/OP-SM-BA-1-1.jpg","width":1000,"height":1000},{"@type":"BreadcrumbList","@id":"https:\/\/oplitegames.com\/de\/produkt\/oplite-supreme-mic-boom-arm\/#breadcrumb","itemListElement":[{"@type":"ListItem","position":1,"name":"Home","item":"https:\/\/oplitegames.com\/de\/"},{"@type":"ListItem","position":2,"name":"Gesch\u00e4ft","item":"https:\/\/oplitegames.com\/de\/geschaeft\/"},{"@type":"ListItem","position":3,"name":"Supreme Mic Auslegerarm"}]},{"@type":"WebSite","@id":"https:\/\/oplitegames.com\/#website","url":"https:\/\/oplitegames.com\/","name":"OPLITE","description":"","publisher":{"@id":"https:\/\/oplitegames.com\/#organization"},"potentialAction":[{"@type":"SearchAction","target":{"@type":"EntryPoint","urlTemplate":"https:\/\/oplitegames.com\/?s={search_term_string}"},"query-input":{"@type":"PropertyValueSpecification","valueRequired":true,"valueName":"search_term_string"}}],"inLanguage":"de-DE"},{"@type":"Organization","@id":"https:\/\/oplitegames.com\/#organization","name":"OPLITE","url":"https:\/\/oplitegames.com\/","logo":{"@type":"ImageObject","inLanguage":"de-DE","@id":"https:\/\/oplitegames.com\/#\/schema\/logo\/image\/","url":"https:\/\/oplitegames-preprod.ezratis.fr\/wp-content\/uploads\/cropped-cropped-Oplite-Blanc-casse-002-scaled-1.png","contentUrl":"https:\/\/oplitegames-preprod.ezratis.fr\/wp-content\/uploads\/cropped-cropped-Oplite-Blanc-casse-002-scaled-1.png","width":2509,"height":597,"caption":"OPLITE"},"image":{"@id":"https:\/\/oplitegames.com\/#\/schema\/logo\/image\/"}}]},"product_price_amount":"69.90","product_price_currency":"EUR","og_availability":"out of stock","product_availability":"out of stock","product_retailer_item_id":"88764","product_condition":"new"},"_links":{"self":[{"href":"https:\/\/oplitegames-preprod.ezratis.fr\/de\/wp-json\/wp\/v2\/product\/29377","targetHints":{"allow":["GET"]}}],"collection":[{"href":"https:\/\/oplitegames-preprod.ezratis.fr\/de\/wp-json\/wp\/v2\/product"}],"about":[{"href":"https:\/\/oplitegames-preprod.ezratis.fr\/de\/wp-json\/wp\/v2\/types\/product"}],"version-history":[{"count":2,"href":"https:\/\/oplitegames-preprod.ezratis.fr\/de\/wp-json\/wp\/v2\/product\/29377\/revisions"}],"predecessor-version":[{"id":39198,"href":"https:\/\/oplitegames-preprod.ezratis.fr\/de\/wp-json\/wp\/v2\/product\/29377\/revisions\/39198"}],"wp:featuredmedia":[{"embeddable":true,"href":"https:\/\/oplitegames-preprod.ezratis.fr\/de\/wp-json\/wp\/v2\/media\/26726"}],"wp:attachment":[{"href":"https:\/\/oplitegames-preprod.ezratis.fr\/de\/wp-json\/wp\/v2\/media?parent=29377"}],"wp:term":[{"taxonomy":"product_brand","embeddable":true,"href":"https:\/\/oplitegames-preprod.ezratis.fr\/de\/wp-json\/wp\/v2\/product_brand?post=29377"},{"taxonomy":"product_cat","embeddable":true,"href":"https:\/\/oplitegames-preprod.ezratis.fr\/de\/wp-json\/wp\/v2\/product_cat?post=29377"},{"taxonomy":"product_tag","embeddable":true,"href":"https:\/\/oplitegames-preprod.ezratis.fr\/de\/wp-json\/wp\/v2\/product_tag?post=29377"}],"curies":[{"name":"wp","href":"https:\/\/api.w.org\/{rel}","templated":true}]}}