{"id":29380,"date":"2022-10-27T15:03:16","date_gmt":"2022-10-27T13:03:16","guid":{"rendered":"https:\/\/oplitegames.com\/product\/oplite-cockpit-gtr-s3-elite-yellow\/"},"modified":"2025-10-16T11:21:02","modified_gmt":"2025-10-16T09:21:02","slug":"oplite-cockpit-gtr-s3-elite-yellow","status":"publish","type":"product","link":"https:\/\/oplitegames-preprod.ezratis.fr\/de\/produkt\/oplite-cockpit-gtr-s3-elite-yellow\/","title":{"rendered":"Cockpit GTR S8 Elite Yellow"},"content":{"rendered":"<p>Das COCKPIT <strong>GTR S8 YELLOW<\/strong> kombiniert die neuesten technologischen Fortschritte der Marke Simracing mit einem zeitlosen Design, das von der Welt des Wettbewerbs inspiriert ist. Die Stahlrohrkonstruktion aus hochdichtem Kohlenstoffstahl mit einem Durchmesser von 48 mm sorgt f\u00fcr optimale Steifigkeit, und die Montageplatten sorgen f\u00fcr volle Kompatibilit\u00e4t mit L\u00f6sungen f\u00fchrender Marken wie Fanatec\u00ae, Moza\u00ae, Thrustmaster\u00ae, Logitech\u00ae, Turtle Beach\u00ae oder Asetek\u00ae. Mit zahlreichen Einstellungsm\u00f6glichkeiten bietet dieses Cockpit ein ergonomisches Cockpit f\u00fcr verschiedene Fahrmodi, GT, Drift, F1 und Rallye.<\/p>\n<p><span style=\"text-decoration: underline;\"><strong>Starke Punkte:<\/strong><\/span><br \/>\n\u2705 Echter wildlederbeschichteter Glasfaser-Schalensitz, auf Schienen montiert, passt f\u00fcr alle Abmessungen von 1 m50 bis + 2 m10 f\u00fcr eine Tragf\u00e4higkeit von bis zu 150 KG.<br \/>\n\u2705 Lasergeschnittenes Markenlogo an den Wannenr\u00fccken.<br \/>\n\u2705 Verst\u00e4rkte Tretlagerhalterung f\u00fcr LoadCell-Pedale, auch flach.<br \/>\n\u2705 Mehrere Einstellungen verf\u00fcgbar, schnelle Anpassung durch die Verwendung von Klemmr\u00e4dern<br \/>\n\u2705 Einstellbare H\u00f6he und Neigung Lenkrad Unterst\u00fctzung kompatibel mit Force Feedback Direct Drive und Riemen Technologien.<br \/>\n\u2705 Verschraubungen aus Nickelstahl und hochwertige Gewindeeins\u00e4tze aus der Automobilindustrie.<br \/>\n\u2705 Versteifungswinkel vorne und hinten am Rahmen mit l\u00e4nglichen Nuten von 6 mm Durchmesser, die die Installation von Zubeh\u00f6r erm\u00f6glichen, das im 3D-Druck oder anderen Methoden im Sinne von &#8216;Do It Yourself&#8217; (DIY) hergestellt wurde.<br \/>\n\u2705 Chassis mit acht geschwei\u00dften Muttern, die zur Befestigung der mitgelieferten Oplite-Drehf\u00fc\u00dfe oder des optionalen <strong>CASTOR WHEEL GTR S8<\/strong>-Hochleistungsradsatzes verwendet werden k\u00f6nnen.<br \/>\n\u2705 Die neuesten technologischen Fortschritte er\u00f6ffnen neue M\u00f6glichkeiten f\u00fcr die Flugsimulation durch die optionale Erg\u00e4nzung des <strong>FULL FORCE GTR S3\/S8<\/strong> und des <strong>SIMRACING &amp; <\/strong><strong>FLIGHTSIM HOLDER.<\/strong><\/p>\n<p><span style=\"text-decoration: underline;\"><strong>Technische Daten :<\/strong><\/span><br \/>\n<strong>Fahrgestell:<\/strong><br \/>\n\u2022 Rohrgestell \u00d8 48mm x 2 mm dick<br \/>\n\u2022 Rote und schwarze Satinfarbe, hohe Best\u00e4ndigkeit f\u00fcr ein hochwertiges Finish<br \/>\n<strong>Unterst\u00fctzung f\u00fcr fliegende Gegenst\u00e4nde :<\/strong><br \/>\n\u2022 Hoch\/Runter Einstellung \u00b130\u00b0<br \/>\n\u2022 Neigung hoch\/runter \u00b130\u00b0<br \/>\n<strong>Unterst\u00fctzung der Pedale :<\/strong><br \/>\n\u2022 Tiefenverstellung Erm\u00f6glicht die Verstellung der vorderen\/hinteren Position 200mm und der Neigung von 0\u00b0 bis +30\u00b0, um sich Ihrer Morphologie anzupassen<br \/>\n<strong>Sitz in einer Wanne:<\/strong><br \/>\n\u2022 Tiefe einstellbar<br \/>\n\u2022 H\u00f6he und Neigung vorne\/hinten einstellbar von -6\u00b0 bis +6\u00b0 und +5\/-5cm<br \/>\n\u2022 Glasfaserverst\u00e4rkte Polyesterschale (GFK), schwarz satiniert.<br \/>\n\u2022 Schwarze Wildleder-Beschichtung, Schaumstoff hoher Dichte 32Kg\/m3<br \/>\n\u2022 5 Gurtdurchg\u00e4nge \/ Kompatibel mit 3- oder 4-Punkt-Gurten<br \/>\n\u2022 Schienenbefestigung f\u00fcr \u00b1220mm Passgenauigkeit<\/p>\n<p><strong><span style=\"text-decoration: underline;\">Kompatibilit\u00e4t mit dem Produkt:<\/span> <\/strong><br \/>\n100% kompatibel* mit Lenkr\u00e4dern und Pedalen der MarkenThrustmaster\u00ae**, Turtle beach\u00ae, Logitech\u00ae, Moza\u00ae, Nacon\u00ae, Revosim\u00ae und Fanatec\u00ae<\/p>\n<p><small>*F\u00fcr eine optimale Kompatibilit\u00e4t mit bestimmten Ger\u00e4ten k\u00f6nnen kleine Anpassungen erforderlich sein. Seien Sie unbesorgt: Die Qualit\u00e4t und Garantie Ihres Produkts bleiben davon unber\u00fchrt.<br \/>\n**Alle Thrusmaster-Produkte au\u00dfer T150 und TMX<\/small><\/p>\n","protected":false},"excerpt":{"rendered":"<p class=\"x_MsoNormal\" data-olk-copy-source=\"MessageBody\">Der <strong>GTR S8 ELITE Yellow<\/strong> ist die High-End-Version des beliebten GTR S8 Infinity<br \/>\nEr beh\u00e4lt also die gleichen technischen Eigenschaften und zeichnet sich durch eine elegantere \u00e4sthetische Verarbeitung aus.<\/p>\n<p>Zu diesen Entwicklungen z\u00e4hlen:<\/p>\n<ul>\n<li>Ein hochwertiges, lackiertes Zweifarbig-Gem\u00e4lde,<\/li>\n<li>Laserschneiden des Logos \u00abGTR S8\u00bb unter dem Schalensitz,<\/li>\n<li>Ein Sitzbezug aus Wildleder (entspricht Alcantara).<\/li>\n<\/ul>\n[embed]https:\/\/www.youtube.com\/watch?v=kygailipLPY&amp;t=33s[\/embed]\n","protected":false},"featured_media":32323,"template":"","meta":{"_acf_changed":false,"footnotes":""},"product_brand":[],"product_cat":[694,692],"product_tag":[695],"class_list":{"0":"post-29380","1":"product","2":"type-product","3":"status-publish","4":"has-post-thumbnail","6":"product_cat-cockpit-gtr-s8-elite-de","7":"product_cat-simulatoren","8":"product_tag-oplite-gaming-de","9":"pa_colisage-pcb-824","11":"first","12":"outofstock","13":"taxable","14":"shipping-taxable","15":"purchasable","16":"product-type-simple"},"bundled_by":[],"bundle_stock_status":"outofstock","bundle_stock_quantity":0,"bundle_virtual":false,"bundle_layout":"","bundle_add_to_cart_form_location":"","bundle_editable_in_cart":false,"bundle_sold_individually_context":"","bundle_item_grouping":"","bundle_min_size":"","bundle_max_size":"","bundle_price":[],"bundled_items":[],"bundle_sell_ids":[],"acf":[],"yoast_head":"<!-- This site is optimized with the Yoast SEO plugin v27.3 - https:\/\/yoast.com\/product\/yoast-seo-wordpress\/ -->\n<title>Cockpit GTR S8 Elite Yellow - OPLITE<\/title>\n<meta name=\"robots\" content=\"index, follow, max-snippet:-1, max-image-preview:large, max-video-preview:-1\" \/>\n<link rel=\"canonical\" href=\"https:\/\/oplitegames.com\/de\/produkt\/oplite-cockpit-gtr-s3-elite-yellow\/\" \/>\n<meta property=\"og:locale\" content=\"de_DE\" \/>\n<meta property=\"og:type\" content=\"article\" \/>\n<meta property=\"og:title\" content=\"Cockpit GTR S8 Elite Yellow - OPLITE\" \/>\n<meta property=\"og:description\" content=\"Der GTR S8 ELITE Yellow ist die High-End-Version des beliebten GTR S8 Infinity Er beh\u00e4lt also die gleichen technischen Eigenschaften und zeichnet sich durch eine elegantere \u00e4sthetische Verarbeitung aus. Zu diesen Entwicklungen z\u00e4hlen:   Ein hochwertiges, lackiertes Zweifarbig-Gem\u00e4lde,  Laserschneiden des Logos \u00abGTR S8\u00bb unter dem Schalensitz,  Ein Sitzbezug aus Wildleder (entspricht Alcantara).\" \/>\n<meta property=\"og:url\" content=\"https:\/\/oplitegames.com\/de\/produkt\/oplite-cockpit-gtr-s3-elite-yellow\/\" \/>\n<meta property=\"og:site_name\" content=\"OPLITE\" \/>\n<meta property=\"article:modified_time\" content=\"2025-10-16T09:21:02+00:00\" \/>\n<meta property=\"og:image\" content=\"https:\/\/oplitegames.com\/wp-content\/uploads\/Cockpit-GTR-S8-Elite-RED-OP-GTR-EY-image_1.png\" \/>\n\t<meta property=\"og:image:width\" content=\"1000\" \/>\n\t<meta property=\"og:image:height\" content=\"1000\" \/>\n\t<meta property=\"og:image:type\" content=\"image\/png\" \/>\n<meta name=\"twitter:card\" content=\"summary_large_image\" \/>\n<meta name=\"twitter:label1\" content=\"Price\" \/>\n\t<meta name=\"twitter:data1\" content=\"569,90&nbsp;&euro;\" \/>\n\t<meta name=\"twitter:label2\" content=\"Availability\" \/>\n\t<meta name=\"twitter:data2\" content=\"Out of stock\" \/>\n<script type=\"application\/ld+json\" class=\"yoast-schema-graph\">{\"@context\":\"https:\\\/\\\/schema.org\",\"@graph\":[{\"@type\":[\"WebPage\",\"ItemPage\"],\"@id\":\"https:\\\/\\\/oplitegames.com\\\/de\\\/produkt\\\/oplite-cockpit-gtr-s3-elite-yellow\\\/\",\"url\":\"https:\\\/\\\/oplitegames.com\\\/de\\\/produkt\\\/oplite-cockpit-gtr-s3-elite-yellow\\\/\",\"name\":\"Cockpit GTR S8 Elite Yellow - OPLITE\",\"isPartOf\":{\"@id\":\"https:\\\/\\\/oplitegames.com\\\/#website\"},\"primaryImageOfPage\":{\"@id\":\"https:\\\/\\\/oplitegames.com\\\/de\\\/produkt\\\/oplite-cockpit-gtr-s3-elite-yellow\\\/#primaryimage\"},\"image\":{\"@id\":\"https:\\\/\\\/oplitegames.com\\\/de\\\/produkt\\\/oplite-cockpit-gtr-s3-elite-yellow\\\/#primaryimage\"},\"thumbnailUrl\":\"https:\\\/\\\/oplitegames-preprod.ezratis.fr\\\/wp-content\\\/uploads\\\/Cockpit-GTR-S8-Elite-RED-OP-GTR-EY-image_1.png\",\"datePublished\":\"2022-10-27T13:03:16+00:00\",\"dateModified\":\"2025-10-16T09:21:02+00:00\",\"breadcrumb\":{\"@id\":\"https:\\\/\\\/oplitegames.com\\\/de\\\/produkt\\\/oplite-cockpit-gtr-s3-elite-yellow\\\/#breadcrumb\"},\"inLanguage\":\"de-DE\",\"potentialAction\":[{\"@type\":\"ReadAction\",\"target\":[\"https:\\\/\\\/oplitegames.com\\\/de\\\/produkt\\\/oplite-cockpit-gtr-s3-elite-yellow\\\/\"]}]},{\"@type\":\"ImageObject\",\"inLanguage\":\"de-DE\",\"@id\":\"https:\\\/\\\/oplitegames.com\\\/de\\\/produkt\\\/oplite-cockpit-gtr-s3-elite-yellow\\\/#primaryimage\",\"url\":\"https:\\\/\\\/oplitegames-preprod.ezratis.fr\\\/wp-content\\\/uploads\\\/Cockpit-GTR-S8-Elite-RED-OP-GTR-EY-image_1.png\",\"contentUrl\":\"https:\\\/\\\/oplitegames-preprod.ezratis.fr\\\/wp-content\\\/uploads\\\/Cockpit-GTR-S8-Elite-RED-OP-GTR-EY-image_1.png\",\"width\":1000,\"height\":1000},{\"@type\":\"BreadcrumbList\",\"@id\":\"https:\\\/\\\/oplitegames.com\\\/de\\\/produkt\\\/oplite-cockpit-gtr-s3-elite-yellow\\\/#breadcrumb\",\"itemListElement\":[{\"@type\":\"ListItem\",\"position\":1,\"name\":\"Home\",\"item\":\"https:\\\/\\\/oplitegames.com\\\/de\\\/\"},{\"@type\":\"ListItem\",\"position\":2,\"name\":\"Gesch\u00e4ft\",\"item\":\"https:\\\/\\\/oplitegames.com\\\/de\\\/geschaeft\\\/\"},{\"@type\":\"ListItem\",\"position\":3,\"name\":\"Cockpit GTR S8 Elite Yellow\"}]},{\"@type\":\"WebSite\",\"@id\":\"https:\\\/\\\/oplitegames.com\\\/#website\",\"url\":\"https:\\\/\\\/oplitegames.com\\\/\",\"name\":\"OPLITE\",\"description\":\"\",\"publisher\":{\"@id\":\"https:\\\/\\\/oplitegames.com\\\/#organization\"},\"potentialAction\":[{\"@type\":\"SearchAction\",\"target\":{\"@type\":\"EntryPoint\",\"urlTemplate\":\"https:\\\/\\\/oplitegames.com\\\/?s={search_term_string}\"},\"query-input\":{\"@type\":\"PropertyValueSpecification\",\"valueRequired\":true,\"valueName\":\"search_term_string\"}}],\"inLanguage\":\"de-DE\"},{\"@type\":\"Organization\",\"@id\":\"https:\\\/\\\/oplitegames.com\\\/#organization\",\"name\":\"OPLITE\",\"url\":\"https:\\\/\\\/oplitegames.com\\\/\",\"logo\":{\"@type\":\"ImageObject\",\"inLanguage\":\"de-DE\",\"@id\":\"https:\\\/\\\/oplitegames.com\\\/#\\\/schema\\\/logo\\\/image\\\/\",\"url\":\"https:\\\/\\\/oplitegames-preprod.ezratis.fr\\\/wp-content\\\/uploads\\\/cropped-cropped-Oplite-Blanc-casse-002-scaled-1.png\",\"contentUrl\":\"https:\\\/\\\/oplitegames-preprod.ezratis.fr\\\/wp-content\\\/uploads\\\/cropped-cropped-Oplite-Blanc-casse-002-scaled-1.png\",\"width\":2509,\"height\":597,\"caption\":\"OPLITE\"},\"image\":{\"@id\":\"https:\\\/\\\/oplitegames.com\\\/#\\\/schema\\\/logo\\\/image\\\/\"}}]}<\/script>\n<meta property=\"product:price:amount\" content=\"569.90\" \/>\n<meta property=\"product:price:currency\" content=\"EUR\" \/>\n<meta property=\"og:availability\" content=\"out of stock\" \/>\n<meta property=\"product:availability\" content=\"out of stock\" \/>\n<meta property=\"product:retailer_item_id\" content=\"89130\" \/>\n<meta property=\"product:condition\" content=\"new\" \/>\n<!-- \/ Yoast SEO plugin. -->","yoast_head_json":{"title":"Cockpit GTR S8 Elite Yellow - OPLITE","robots":{"index":"index","follow":"follow","max-snippet":"max-snippet:-1","max-image-preview":"max-image-preview:large","max-video-preview":"max-video-preview:-1"},"canonical":"https:\/\/oplitegames.com\/de\/produkt\/oplite-cockpit-gtr-s3-elite-yellow\/","og_locale":"de_DE","og_type":"article","og_title":"Cockpit GTR S8 Elite Yellow - OPLITE","og_description":"Der GTR S8 ELITE Yellow ist die High-End-Version des beliebten GTR S8 Infinity Er beh\u00e4lt also die gleichen technischen Eigenschaften und zeichnet sich durch eine elegantere \u00e4sthetische Verarbeitung aus. Zu diesen Entwicklungen z\u00e4hlen:   Ein hochwertiges, lackiertes Zweifarbig-Gem\u00e4lde,  Laserschneiden des Logos \u00abGTR S8\u00bb unter dem Schalensitz,  Ein Sitzbezug aus Wildleder (entspricht Alcantara).","og_url":"https:\/\/oplitegames.com\/de\/produkt\/oplite-cockpit-gtr-s3-elite-yellow\/","og_site_name":"OPLITE","article_modified_time":"2025-10-16T09:21:02+00:00","og_image":[{"width":1000,"height":1000,"url":"https:\/\/oplitegames.com\/wp-content\/uploads\/Cockpit-GTR-S8-Elite-RED-OP-GTR-EY-image_1.png","type":"image\/png"}],"twitter_card":"summary_large_image","twitter_misc":{"Price":"569,90&nbsp;&euro;","Availability":"Out of stock"},"schema":{"@context":"https:\/\/schema.org","@graph":[{"@type":["WebPage","ItemPage"],"@id":"https:\/\/oplitegames.com\/de\/produkt\/oplite-cockpit-gtr-s3-elite-yellow\/","url":"https:\/\/oplitegames.com\/de\/produkt\/oplite-cockpit-gtr-s3-elite-yellow\/","name":"Cockpit GTR S8 Elite Yellow - OPLITE","isPartOf":{"@id":"https:\/\/oplitegames.com\/#website"},"primaryImageOfPage":{"@id":"https:\/\/oplitegames.com\/de\/produkt\/oplite-cockpit-gtr-s3-elite-yellow\/#primaryimage"},"image":{"@id":"https:\/\/oplitegames.com\/de\/produkt\/oplite-cockpit-gtr-s3-elite-yellow\/#primaryimage"},"thumbnailUrl":"https:\/\/oplitegames-preprod.ezratis.fr\/wp-content\/uploads\/Cockpit-GTR-S8-Elite-RED-OP-GTR-EY-image_1.png","datePublished":"2022-10-27T13:03:16+00:00","dateModified":"2025-10-16T09:21:02+00:00","breadcrumb":{"@id":"https:\/\/oplitegames.com\/de\/produkt\/oplite-cockpit-gtr-s3-elite-yellow\/#breadcrumb"},"inLanguage":"de-DE","potentialAction":[{"@type":"ReadAction","target":["https:\/\/oplitegames.com\/de\/produkt\/oplite-cockpit-gtr-s3-elite-yellow\/"]}]},{"@type":"ImageObject","inLanguage":"de-DE","@id":"https:\/\/oplitegames.com\/de\/produkt\/oplite-cockpit-gtr-s3-elite-yellow\/#primaryimage","url":"https:\/\/oplitegames-preprod.ezratis.fr\/wp-content\/uploads\/Cockpit-GTR-S8-Elite-RED-OP-GTR-EY-image_1.png","contentUrl":"https:\/\/oplitegames-preprod.ezratis.fr\/wp-content\/uploads\/Cockpit-GTR-S8-Elite-RED-OP-GTR-EY-image_1.png","width":1000,"height":1000},{"@type":"BreadcrumbList","@id":"https:\/\/oplitegames.com\/de\/produkt\/oplite-cockpit-gtr-s3-elite-yellow\/#breadcrumb","itemListElement":[{"@type":"ListItem","position":1,"name":"Home","item":"https:\/\/oplitegames.com\/de\/"},{"@type":"ListItem","position":2,"name":"Gesch\u00e4ft","item":"https:\/\/oplitegames.com\/de\/geschaeft\/"},{"@type":"ListItem","position":3,"name":"Cockpit GTR S8 Elite Yellow"}]},{"@type":"WebSite","@id":"https:\/\/oplitegames.com\/#website","url":"https:\/\/oplitegames.com\/","name":"OPLITE","description":"","publisher":{"@id":"https:\/\/oplitegames.com\/#organization"},"potentialAction":[{"@type":"SearchAction","target":{"@type":"EntryPoint","urlTemplate":"https:\/\/oplitegames.com\/?s={search_term_string}"},"query-input":{"@type":"PropertyValueSpecification","valueRequired":true,"valueName":"search_term_string"}}],"inLanguage":"de-DE"},{"@type":"Organization","@id":"https:\/\/oplitegames.com\/#organization","name":"OPLITE","url":"https:\/\/oplitegames.com\/","logo":{"@type":"ImageObject","inLanguage":"de-DE","@id":"https:\/\/oplitegames.com\/#\/schema\/logo\/image\/","url":"https:\/\/oplitegames-preprod.ezratis.fr\/wp-content\/uploads\/cropped-cropped-Oplite-Blanc-casse-002-scaled-1.png","contentUrl":"https:\/\/oplitegames-preprod.ezratis.fr\/wp-content\/uploads\/cropped-cropped-Oplite-Blanc-casse-002-scaled-1.png","width":2509,"height":597,"caption":"OPLITE"},"image":{"@id":"https:\/\/oplitegames.com\/#\/schema\/logo\/image\/"}}]},"product_price_amount":"569.90","product_price_currency":"EUR","og_availability":"out of stock","product_availability":"out of stock","product_retailer_item_id":"89130","product_condition":"new"},"_links":{"self":[{"href":"https:\/\/oplitegames-preprod.ezratis.fr\/de\/wp-json\/wp\/v2\/product\/29380","targetHints":{"allow":["GET"]}}],"collection":[{"href":"https:\/\/oplitegames-preprod.ezratis.fr\/de\/wp-json\/wp\/v2\/product"}],"about":[{"href":"https:\/\/oplitegames-preprod.ezratis.fr\/de\/wp-json\/wp\/v2\/types\/product"}],"version-history":[{"count":10,"href":"https:\/\/oplitegames-preprod.ezratis.fr\/de\/wp-json\/wp\/v2\/product\/29380\/revisions"}],"predecessor-version":[{"id":61556,"href":"https:\/\/oplitegames-preprod.ezratis.fr\/de\/wp-json\/wp\/v2\/product\/29380\/revisions\/61556"}],"wp:featuredmedia":[{"embeddable":true,"href":"https:\/\/oplitegames-preprod.ezratis.fr\/de\/wp-json\/wp\/v2\/media\/32323"}],"wp:attachment":[{"href":"https:\/\/oplitegames-preprod.ezratis.fr\/de\/wp-json\/wp\/v2\/media?parent=29380"}],"wp:term":[{"taxonomy":"product_brand","embeddable":true,"href":"https:\/\/oplitegames-preprod.ezratis.fr\/de\/wp-json\/wp\/v2\/product_brand?post=29380"},{"taxonomy":"product_cat","embeddable":true,"href":"https:\/\/oplitegames-preprod.ezratis.fr\/de\/wp-json\/wp\/v2\/product_cat?post=29380"},{"taxonomy":"product_tag","embeddable":true,"href":"https:\/\/oplitegames-preprod.ezratis.fr\/de\/wp-json\/wp\/v2\/product_tag?post=29380"}],"curies":[{"name":"wp","href":"https:\/\/api.w.org\/{rel}","templated":true}]}}