{"id":29402,"date":"2022-10-27T15:03:20","date_gmt":"2022-10-27T13:03:20","guid":{"rendered":"https:\/\/oplitegames.com\/product\/oplite-support-unite-centrale-console-de-jeu-udcm\/"},"modified":"2025-10-08T12:54:42","modified_gmt":"2025-10-08T10:54:42","slug":"oplite-support-unite-centrale-console-de-jeu-udcm","status":"publish","type":"product","link":"https:\/\/oplitegames-preprod.ezratis.fr\/de\/produkt\/oplite-support-unite-centrale-console-de-jeu-udcm\/","title":{"rendered":"Support Zentraleinheit &amp; Spielkonsole (UDCM)"},"content":{"rendered":"<p><strong>ERGONOMISCH :<\/strong><br \/>\n360\u00b0 drehbar, bietet leichten Zugang zu den Anschl\u00fcssen und Kabeln auf der R\u00fcckseite.<br \/>\nAnpassbare Tiefe, passt f\u00fcr eine Vielzahl von CPU-Gr\u00f6\u00dfen und -Formen.<br \/>\nInstallation unter der Schreibtischplatte, spart Platz und h\u00e4lt Ihre CPU staubfrei.<\/p>\n<p><strong>LEISTUNGSF\u00c4HIGKEIT:<\/strong><br \/>\nDank des kompakten Designs kann der UNDER DESK CPU MOUNT OPLITE unter Schreibtischen mit einer Breite von weniger als 120 cm angebracht werden.<br \/>\nDie Befestigung erfolgt \u00fcber ein Holzschraubensystem, das eine Befestigung an allen Arten von Holz- oder Melaminplatten mit einer St\u00e4rke von mehr als 20 mm erm\u00f6glicht.<\/p>\n<p><strong>KOMPATIBILIT\u00c4T:<\/strong><\/p>\n<ul>\n<li>PC-Zentraleinheit<\/li>\n<li>Playstation 4 und 5<\/li>\n<li>Xbox Series S und<\/li>\n<\/ul>\n<p><img fetchpriority=\"high\" decoding=\"async\" class=\"aligncenter wp-image-29407 size-full\" src=\"https:\/\/oplitegames-preprod.ezratis.fr\/wp-content\/uploads\/OPLITE-Supreme-Desk-lifestyle-8581-1024x1024-1.jpg\" alt=\"\" width=\"1024\" height=\"1024\" srcset=\"https:\/\/oplitegames-preprod.ezratis.fr\/wp-content\/uploads\/OPLITE-Supreme-Desk-lifestyle-8581-1024x1024-1.jpg 1024w, https:\/\/oplitegames-preprod.ezratis.fr\/wp-content\/uploads\/OPLITE-Supreme-Desk-lifestyle-8581-1024x1024-1-300x300.jpg 300w, https:\/\/oplitegames-preprod.ezratis.fr\/wp-content\/uploads\/OPLITE-Supreme-Desk-lifestyle-8581-1024x1024-1-150x150.jpg 150w, https:\/\/oplitegames-preprod.ezratis.fr\/wp-content\/uploads\/OPLITE-Supreme-Desk-lifestyle-8581-1024x1024-1-768x768.jpg 768w, https:\/\/oplitegames-preprod.ezratis.fr\/wp-content\/uploads\/OPLITE-Supreme-Desk-lifestyle-8581-1024x1024-1-450x450.jpg 450w, https:\/\/oplitegames-preprod.ezratis.fr\/wp-content\/uploads\/OPLITE-Supreme-Desk-lifestyle-8581-1024x1024-1-120x120.jpg 120w, https:\/\/oplitegames-preprod.ezratis.fr\/wp-content\/uploads\/OPLITE-Supreme-Desk-lifestyle-8581-1024x1024-1-800x800.jpg 800w, https:\/\/oplitegames-preprod.ezratis.fr\/wp-content\/uploads\/OPLITE-Supreme-Desk-lifestyle-8581-1024x1024-1-64x64.jpg 64w\" sizes=\"(max-width: 1024px) 100vw, 1024px\" \/><\/p>\n","protected":false},"excerpt":{"rendered":"<p>Das UNDER DESK ist eine Halterung f\u00fcr Ihren PC oder Ihre Videospielkonsole. Er spart viel Platz auf Ihrem Schreibtisch, indem er unter der Tischplatte befestigt wird. Er ist um 360 Grad drehbar und erm\u00f6glicht einen einfachen Zugang zu den Kabeln und Anschl\u00fcssen auf der R\u00fcckseite Ihrer CPU, Playstation 5 oder Xbox Series und kann bis zu 10 kg tragen. Eine hervorragende Ausstattung, um Ihren Spiel- oder Arbeitsbereich ergonomischer zu gestalten.<\/p>\n","protected":false},"featured_media":26686,"template":"","meta":{"_acf_changed":false,"footnotes":""},"product_brand":[],"product_cat":[715,721],"product_tag":[695],"class_list":{"0":"post-29402","1":"product","2":"type-product","3":"status-publish","4":"has-post-thumbnail","6":"product_cat-buros-streaming","7":"product_cat-schreibtischzubehor","8":"product_tag-oplite-gaming-de","10":"first","11":"outofstock","12":"taxable","13":"shipping-taxable","14":"purchasable","15":"product-type-simple"},"bundled_by":[],"bundle_stock_status":"outofstock","bundle_stock_quantity":0,"bundle_virtual":false,"bundle_layout":"","bundle_add_to_cart_form_location":"","bundle_editable_in_cart":false,"bundle_sold_individually_context":"","bundle_item_grouping":"","bundle_min_size":"","bundle_max_size":"","bundle_price":[],"bundled_items":[],"bundle_sell_ids":[],"acf":[],"yoast_head":"<!-- This site is optimized with the Yoast SEO plugin v27.3 - https:\/\/yoast.com\/product\/yoast-seo-wordpress\/ -->\n<title>Support Zentraleinheit &amp; Spielkonsole (UDCM) - OPLITE<\/title>\n<meta name=\"robots\" content=\"index, follow, max-snippet:-1, max-image-preview:large, max-video-preview:-1\" \/>\n<link rel=\"canonical\" href=\"https:\/\/oplitegames.com\/de\/produkt\/oplite-support-unite-centrale-console-de-jeu-udcm\/\" \/>\n<meta property=\"og:locale\" content=\"de_DE\" \/>\n<meta property=\"og:type\" content=\"article\" \/>\n<meta property=\"og:title\" content=\"Support Zentraleinheit &amp; Spielkonsole (UDCM) - OPLITE\" \/>\n<meta property=\"og:description\" content=\"Das UNDER DESK ist eine Halterung f\u00fcr Ihren PC oder Ihre Videospielkonsole. Er spart viel Platz auf Ihrem Schreibtisch, indem er unter der Tischplatte befestigt wird. Er ist um 360 Grad drehbar und erm\u00f6glicht einen einfachen Zugang zu den Kabeln und Anschl\u00fcssen auf der R\u00fcckseite Ihrer CPU, Playstation 5 oder Xbox Series und kann bis zu 10 kg tragen. Eine hervorragende Ausstattung, um Ihren Spiel- oder Arbeitsbereich ergonomischer zu gestalten.\" \/>\n<meta property=\"og:url\" content=\"https:\/\/oplitegames.com\/de\/produkt\/oplite-support-unite-centrale-console-de-jeu-udcm\/\" \/>\n<meta property=\"og:site_name\" content=\"OPLITE\" \/>\n<meta property=\"article:modified_time\" content=\"2025-10-08T10:54:42+00:00\" \/>\n<meta property=\"og:image\" content=\"https:\/\/oplitegames.com\/wp-content\/uploads\/OP-UDCM-01-1-1.jpg\" \/>\n\t<meta property=\"og:image:width\" content=\"1000\" \/>\n\t<meta property=\"og:image:height\" content=\"1000\" \/>\n\t<meta property=\"og:image:type\" content=\"image\/jpeg\" \/>\n<meta name=\"twitter:card\" content=\"summary_large_image\" \/>\n<meta name=\"twitter:label1\" content=\"Price\" \/>\n\t<meta name=\"twitter:data1\" content=\"39,90&nbsp;&euro;\" \/>\n\t<meta name=\"twitter:label2\" content=\"Availability\" \/>\n\t<meta name=\"twitter:data2\" content=\"Out of stock\" \/>\n<script type=\"application\/ld+json\" class=\"yoast-schema-graph\">{\"@context\":\"https:\\\/\\\/schema.org\",\"@graph\":[{\"@type\":[\"WebPage\",\"ItemPage\"],\"@id\":\"https:\\\/\\\/oplitegames.com\\\/de\\\/produkt\\\/oplite-support-unite-centrale-console-de-jeu-udcm\\\/\",\"url\":\"https:\\\/\\\/oplitegames.com\\\/de\\\/produkt\\\/oplite-support-unite-centrale-console-de-jeu-udcm\\\/\",\"name\":\"Support Zentraleinheit &amp; Spielkonsole (UDCM) - OPLITE\",\"isPartOf\":{\"@id\":\"https:\\\/\\\/oplitegames.com\\\/#website\"},\"primaryImageOfPage\":{\"@id\":\"https:\\\/\\\/oplitegames.com\\\/de\\\/produkt\\\/oplite-support-unite-centrale-console-de-jeu-udcm\\\/#primaryimage\"},\"image\":{\"@id\":\"https:\\\/\\\/oplitegames.com\\\/de\\\/produkt\\\/oplite-support-unite-centrale-console-de-jeu-udcm\\\/#primaryimage\"},\"thumbnailUrl\":\"https:\\\/\\\/oplitegames-preprod.ezratis.fr\\\/wp-content\\\/uploads\\\/OP-UDCM-01-1-1.jpg\",\"datePublished\":\"2022-10-27T13:03:20+00:00\",\"dateModified\":\"2025-10-08T10:54:42+00:00\",\"breadcrumb\":{\"@id\":\"https:\\\/\\\/oplitegames.com\\\/de\\\/produkt\\\/oplite-support-unite-centrale-console-de-jeu-udcm\\\/#breadcrumb\"},\"inLanguage\":\"de-DE\",\"potentialAction\":[{\"@type\":\"ReadAction\",\"target\":[\"https:\\\/\\\/oplitegames.com\\\/de\\\/produkt\\\/oplite-support-unite-centrale-console-de-jeu-udcm\\\/\"]}]},{\"@type\":\"ImageObject\",\"inLanguage\":\"de-DE\",\"@id\":\"https:\\\/\\\/oplitegames.com\\\/de\\\/produkt\\\/oplite-support-unite-centrale-console-de-jeu-udcm\\\/#primaryimage\",\"url\":\"https:\\\/\\\/oplitegames-preprod.ezratis.fr\\\/wp-content\\\/uploads\\\/OP-UDCM-01-1-1.jpg\",\"contentUrl\":\"https:\\\/\\\/oplitegames-preprod.ezratis.fr\\\/wp-content\\\/uploads\\\/OP-UDCM-01-1-1.jpg\",\"width\":1000,\"height\":1000},{\"@type\":\"BreadcrumbList\",\"@id\":\"https:\\\/\\\/oplitegames.com\\\/de\\\/produkt\\\/oplite-support-unite-centrale-console-de-jeu-udcm\\\/#breadcrumb\",\"itemListElement\":[{\"@type\":\"ListItem\",\"position\":1,\"name\":\"Home\",\"item\":\"https:\\\/\\\/oplitegames.com\\\/de\\\/\"},{\"@type\":\"ListItem\",\"position\":2,\"name\":\"Gesch\u00e4ft\",\"item\":\"https:\\\/\\\/oplitegames.com\\\/de\\\/geschaeft\\\/\"},{\"@type\":\"ListItem\",\"position\":3,\"name\":\"Support Zentraleinheit &amp; Spielkonsole (UDCM)\"}]},{\"@type\":\"WebSite\",\"@id\":\"https:\\\/\\\/oplitegames.com\\\/#website\",\"url\":\"https:\\\/\\\/oplitegames.com\\\/\",\"name\":\"OPLITE\",\"description\":\"\",\"publisher\":{\"@id\":\"https:\\\/\\\/oplitegames.com\\\/#organization\"},\"potentialAction\":[{\"@type\":\"SearchAction\",\"target\":{\"@type\":\"EntryPoint\",\"urlTemplate\":\"https:\\\/\\\/oplitegames.com\\\/?s={search_term_string}\"},\"query-input\":{\"@type\":\"PropertyValueSpecification\",\"valueRequired\":true,\"valueName\":\"search_term_string\"}}],\"inLanguage\":\"de-DE\"},{\"@type\":\"Organization\",\"@id\":\"https:\\\/\\\/oplitegames.com\\\/#organization\",\"name\":\"OPLITE\",\"url\":\"https:\\\/\\\/oplitegames.com\\\/\",\"logo\":{\"@type\":\"ImageObject\",\"inLanguage\":\"de-DE\",\"@id\":\"https:\\\/\\\/oplitegames.com\\\/#\\\/schema\\\/logo\\\/image\\\/\",\"url\":\"https:\\\/\\\/oplitegames-preprod.ezratis.fr\\\/wp-content\\\/uploads\\\/cropped-cropped-Oplite-Blanc-casse-002-scaled-1.png\",\"contentUrl\":\"https:\\\/\\\/oplitegames-preprod.ezratis.fr\\\/wp-content\\\/uploads\\\/cropped-cropped-Oplite-Blanc-casse-002-scaled-1.png\",\"width\":2509,\"height\":597,\"caption\":\"OPLITE\"},\"image\":{\"@id\":\"https:\\\/\\\/oplitegames.com\\\/#\\\/schema\\\/logo\\\/image\\\/\"}}]}<\/script>\n<meta property=\"product:price:amount\" content=\"39.90\" \/>\n<meta property=\"product:price:currency\" content=\"EUR\" \/>\n<meta property=\"og:availability\" content=\"out of stock\" \/>\n<meta property=\"product:availability\" content=\"out of stock\" \/>\n<meta property=\"product:retailer_item_id\" content=\"89203\" \/>\n<meta property=\"product:condition\" content=\"new\" \/>\n<!-- \/ Yoast SEO plugin. -->","yoast_head_json":{"title":"Support Zentraleinheit &amp; Spielkonsole (UDCM) - OPLITE","robots":{"index":"index","follow":"follow","max-snippet":"max-snippet:-1","max-image-preview":"max-image-preview:large","max-video-preview":"max-video-preview:-1"},"canonical":"https:\/\/oplitegames.com\/de\/produkt\/oplite-support-unite-centrale-console-de-jeu-udcm\/","og_locale":"de_DE","og_type":"article","og_title":"Support Zentraleinheit &amp; Spielkonsole (UDCM) - OPLITE","og_description":"Das UNDER DESK ist eine Halterung f\u00fcr Ihren PC oder Ihre Videospielkonsole. Er spart viel Platz auf Ihrem Schreibtisch, indem er unter der Tischplatte befestigt wird. Er ist um 360 Grad drehbar und erm\u00f6glicht einen einfachen Zugang zu den Kabeln und Anschl\u00fcssen auf der R\u00fcckseite Ihrer CPU, Playstation 5 oder Xbox Series und kann bis zu 10 kg tragen. Eine hervorragende Ausstattung, um Ihren Spiel- oder Arbeitsbereich ergonomischer zu gestalten.","og_url":"https:\/\/oplitegames.com\/de\/produkt\/oplite-support-unite-centrale-console-de-jeu-udcm\/","og_site_name":"OPLITE","article_modified_time":"2025-10-08T10:54:42+00:00","og_image":[{"width":1000,"height":1000,"url":"https:\/\/oplitegames.com\/wp-content\/uploads\/OP-UDCM-01-1-1.jpg","type":"image\/jpeg"}],"twitter_card":"summary_large_image","twitter_misc":{"Price":"39,90&nbsp;&euro;","Availability":"Out of stock"},"schema":{"@context":"https:\/\/schema.org","@graph":[{"@type":["WebPage","ItemPage"],"@id":"https:\/\/oplitegames.com\/de\/produkt\/oplite-support-unite-centrale-console-de-jeu-udcm\/","url":"https:\/\/oplitegames.com\/de\/produkt\/oplite-support-unite-centrale-console-de-jeu-udcm\/","name":"Support Zentraleinheit &amp; Spielkonsole (UDCM) - OPLITE","isPartOf":{"@id":"https:\/\/oplitegames.com\/#website"},"primaryImageOfPage":{"@id":"https:\/\/oplitegames.com\/de\/produkt\/oplite-support-unite-centrale-console-de-jeu-udcm\/#primaryimage"},"image":{"@id":"https:\/\/oplitegames.com\/de\/produkt\/oplite-support-unite-centrale-console-de-jeu-udcm\/#primaryimage"},"thumbnailUrl":"https:\/\/oplitegames-preprod.ezratis.fr\/wp-content\/uploads\/OP-UDCM-01-1-1.jpg","datePublished":"2022-10-27T13:03:20+00:00","dateModified":"2025-10-08T10:54:42+00:00","breadcrumb":{"@id":"https:\/\/oplitegames.com\/de\/produkt\/oplite-support-unite-centrale-console-de-jeu-udcm\/#breadcrumb"},"inLanguage":"de-DE","potentialAction":[{"@type":"ReadAction","target":["https:\/\/oplitegames.com\/de\/produkt\/oplite-support-unite-centrale-console-de-jeu-udcm\/"]}]},{"@type":"ImageObject","inLanguage":"de-DE","@id":"https:\/\/oplitegames.com\/de\/produkt\/oplite-support-unite-centrale-console-de-jeu-udcm\/#primaryimage","url":"https:\/\/oplitegames-preprod.ezratis.fr\/wp-content\/uploads\/OP-UDCM-01-1-1.jpg","contentUrl":"https:\/\/oplitegames-preprod.ezratis.fr\/wp-content\/uploads\/OP-UDCM-01-1-1.jpg","width":1000,"height":1000},{"@type":"BreadcrumbList","@id":"https:\/\/oplitegames.com\/de\/produkt\/oplite-support-unite-centrale-console-de-jeu-udcm\/#breadcrumb","itemListElement":[{"@type":"ListItem","position":1,"name":"Home","item":"https:\/\/oplitegames.com\/de\/"},{"@type":"ListItem","position":2,"name":"Gesch\u00e4ft","item":"https:\/\/oplitegames.com\/de\/geschaeft\/"},{"@type":"ListItem","position":3,"name":"Support Zentraleinheit &amp; Spielkonsole (UDCM)"}]},{"@type":"WebSite","@id":"https:\/\/oplitegames.com\/#website","url":"https:\/\/oplitegames.com\/","name":"OPLITE","description":"","publisher":{"@id":"https:\/\/oplitegames.com\/#organization"},"potentialAction":[{"@type":"SearchAction","target":{"@type":"EntryPoint","urlTemplate":"https:\/\/oplitegames.com\/?s={search_term_string}"},"query-input":{"@type":"PropertyValueSpecification","valueRequired":true,"valueName":"search_term_string"}}],"inLanguage":"de-DE"},{"@type":"Organization","@id":"https:\/\/oplitegames.com\/#organization","name":"OPLITE","url":"https:\/\/oplitegames.com\/","logo":{"@type":"ImageObject","inLanguage":"de-DE","@id":"https:\/\/oplitegames.com\/#\/schema\/logo\/image\/","url":"https:\/\/oplitegames-preprod.ezratis.fr\/wp-content\/uploads\/cropped-cropped-Oplite-Blanc-casse-002-scaled-1.png","contentUrl":"https:\/\/oplitegames-preprod.ezratis.fr\/wp-content\/uploads\/cropped-cropped-Oplite-Blanc-casse-002-scaled-1.png","width":2509,"height":597,"caption":"OPLITE"},"image":{"@id":"https:\/\/oplitegames.com\/#\/schema\/logo\/image\/"}}]},"product_price_amount":"39.90","product_price_currency":"EUR","og_availability":"out of stock","product_availability":"out of stock","product_retailer_item_id":"89203","product_condition":"new"},"_links":{"self":[{"href":"https:\/\/oplitegames-preprod.ezratis.fr\/de\/wp-json\/wp\/v2\/product\/29402","targetHints":{"allow":["GET"]}}],"collection":[{"href":"https:\/\/oplitegames-preprod.ezratis.fr\/de\/wp-json\/wp\/v2\/product"}],"about":[{"href":"https:\/\/oplitegames-preprod.ezratis.fr\/de\/wp-json\/wp\/v2\/types\/product"}],"version-history":[{"count":2,"href":"https:\/\/oplitegames-preprod.ezratis.fr\/de\/wp-json\/wp\/v2\/product\/29402\/revisions"}],"predecessor-version":[{"id":31658,"href":"https:\/\/oplitegames-preprod.ezratis.fr\/de\/wp-json\/wp\/v2\/product\/29402\/revisions\/31658"}],"wp:featuredmedia":[{"embeddable":true,"href":"https:\/\/oplitegames-preprod.ezratis.fr\/de\/wp-json\/wp\/v2\/media\/26686"}],"wp:attachment":[{"href":"https:\/\/oplitegames-preprod.ezratis.fr\/de\/wp-json\/wp\/v2\/media?parent=29402"}],"wp:term":[{"taxonomy":"product_brand","embeddable":true,"href":"https:\/\/oplitegames-preprod.ezratis.fr\/de\/wp-json\/wp\/v2\/product_brand?post=29402"},{"taxonomy":"product_cat","embeddable":true,"href":"https:\/\/oplitegames-preprod.ezratis.fr\/de\/wp-json\/wp\/v2\/product_cat?post=29402"},{"taxonomy":"product_tag","embeddable":true,"href":"https:\/\/oplitegames-preprod.ezratis.fr\/de\/wp-json\/wp\/v2\/product_tag?post=29402"}],"curies":[{"name":"wp","href":"https:\/\/api.w.org\/{rel}","templated":true}]}}