{"id":29413,"date":"2022-10-27T15:03:22","date_gmt":"2022-10-27T13:03:22","guid":{"rendered":"https:\/\/oplitegames.com\/product\/oplite-wheel-stand-gt\/"},"modified":"2025-10-17T19:01:39","modified_gmt":"2025-10-17T17:01:39","slug":"oplite-wheel-stand-gt","status":"publish","type":"product","link":"https:\/\/oplitegames-preprod.ezratis.fr\/de\/produkt\/oplite-wheel-stand-gt\/","title":{"rendered":"Radst\u00e4nder GT"},"content":{"rendered":"<p><strong>Ergonomisches und faltbares Design<\/strong>.<br \/>\nH\u00f6henverstellbare Mittelstange &gt; Erm\u00f6glicht eine genaue Anpassung an die eigene K\u00f6rpergr\u00f6\u00dfe.<br \/>\nEinstellbare Neigung der Lenkradplatte &gt; Erm\u00f6glicht die Einstellung der Neigung des Lenkrads.<br \/>\nH\u00f6hen- und tiefenverstellbare Pedalauflage &gt; Erm\u00f6glicht es, die Pedalauflage je nach K\u00f6rpergr\u00f6\u00dfe und Fahrposition (GT, Raly, F1) nach vorne oder hinten zu neigen und zu positionieren.<br \/>\nVorgebohrte Lenkrad-, Getriebe- und Pedalhalterungen zur sicheren Befestigung Ihrer Ausr\u00fcstung.<br \/>\nBeidh\u00e4ndige Getriebehalterung, kann f\u00fcr Links- oder Rechtsh\u00e4nder angebracht werden.<\/p>\n<p>&nbsp;<\/p>\n<hr \/>\n<p style=\"text-align: center;\"><strong>Beschreibung Technik \/ Neigungswinkel<\/strong><\/p>\n<ul>\n<li>Neigungswinkel des Lenkrads: -30\u00b0\/-15\u00b0\/0\u00b0\/+15\u00b0\/+30<\/li>\n<li>Neigungswinkel der Pedalplatte: 0\u00b0\/10\u00b0\/20\u00b0<\/li>\n<li>Tragf\u00e4higkeit: 20kg (44lbs)<\/li>\n<li>Rahmenmaterial: Kohlenstoffstahl<\/li>\n<li>100% Kompatibel* mit Lenkr\u00e4dern und Pedalen der Marken Thrustmaster\u00ae, Logitech\u00ae<\/li>\n<\/ul>\n<p><strong>Mitgeliefertes Zubeh\u00f6r:<\/strong><\/p>\n<ul>\n<li>4 rutschfeste und verstellbare Kufen f\u00fcr perfekte Stabilit\u00e4t<\/li>\n<li>1 Set mit 2 Kabelf\u00fchrungen und 6 Flexklemmen<\/li>\n<li>6 Schrauben M6x20 zur Befestigung von Thrustmaster\u00ae-Lenkr\u00e4dern und -Pedalen, Logitech\u00ae<\/li>\n<\/ul>\n<p><small><em>*F\u00fcr eine optimale Kompatibilit\u00e4t mit bestimmten Ger\u00e4ten k\u00f6nnen kleine Anpassungen erforderlich sein. Seien Sie unbesorgt: Die Qualit\u00e4t und Garantie Ihres Produkts bleiben davon unber\u00fchrt.<\/em><\/small><\/p>\n","protected":false},"excerpt":{"rendered":"<p>Der Wheel Stand GT ist eine faltbare Halterung f\u00fcr dein Lenkrad, deine Pedale und dein Getriebe. Er wurde von professionellen Spielern von Autosimulationen entwickelt, kann an jede K\u00f6rpergr\u00f6\u00dfe angepasst werden und erm\u00f6glicht erste Erfahrungen mit dem Fahren. Der Wheel Stand GT ist stabil, starr und faltbar und richtet sich an Anf\u00e4nger.<br \/>\nEr ist zu 100 % mit Lenkr\u00e4dern und Pedalen der Marken Thrustmaster\u00ae und Logitech\u00ae kompatibel.<\/p>\n","protected":false},"featured_media":26681,"template":"","meta":{"_acf_changed":false,"footnotes":""},"product_brand":[],"product_cat":[732,692],"product_tag":[695],"class_list":{"0":"post-29413","1":"product","2":"type-product","3":"status-publish","4":"has-post-thumbnail","6":"product_cat-radstander","7":"product_cat-simulatoren","8":"product_tag-oplite-gaming-de","9":"pa_colisage-pcb-2-de","11":"first","12":"outofstock","13":"taxable","14":"shipping-taxable","15":"purchasable","16":"product-type-simple"},"bundled_by":[],"bundle_stock_status":"outofstock","bundle_stock_quantity":0,"bundle_virtual":false,"bundle_layout":"","bundle_add_to_cart_form_location":"","bundle_editable_in_cart":false,"bundle_sold_individually_context":"","bundle_item_grouping":"","bundle_min_size":"","bundle_max_size":"","bundle_price":[],"bundled_items":[],"bundle_sell_ids":[],"acf":[],"yoast_head":"<!-- This site is optimized with the Yoast SEO plugin v27.3 - https:\/\/yoast.com\/product\/yoast-seo-wordpress\/ -->\n<title>Radst\u00e4nder GT - OPLITE<\/title>\n<meta name=\"robots\" content=\"index, follow, max-snippet:-1, max-image-preview:large, max-video-preview:-1\" \/>\n<link rel=\"canonical\" href=\"https:\/\/oplitegames.com\/de\/produkt\/oplite-wheel-stand-gt\/\" \/>\n<meta property=\"og:locale\" content=\"de_DE\" \/>\n<meta property=\"og:type\" content=\"article\" \/>\n<meta property=\"og:title\" content=\"Radst\u00e4nder GT - OPLITE\" \/>\n<meta property=\"og:description\" content=\"Der Wheel Stand GT ist eine faltbare Halterung f\u00fcr dein Lenkrad, deine Pedale und dein Getriebe. Er wurde von professionellen Spielern von Autosimulationen entwickelt, kann an jede K\u00f6rpergr\u00f6\u00dfe angepasst werden und erm\u00f6glicht erste Erfahrungen mit dem Fahren. Der Wheel Stand GT ist stabil, starr und faltbar und richtet sich an Anf\u00e4nger. Er ist zu 100 % mit Lenkr\u00e4dern und Pedalen der Marken Thrustmaster\u00ae und Logitech\u00ae kompatibel.\" \/>\n<meta property=\"og:url\" content=\"https:\/\/oplitegames.com\/de\/produkt\/oplite-wheel-stand-gt\/\" \/>\n<meta property=\"og:site_name\" content=\"OPLITE\" \/>\n<meta property=\"article:modified_time\" content=\"2025-10-17T17:01:39+00:00\" \/>\n<meta property=\"og:image\" content=\"https:\/\/oplitegames.com\/wp-content\/uploads\/OP-WS-GT-series-02-1-1.jpg\" \/>\n\t<meta property=\"og:image:width\" content=\"1000\" \/>\n\t<meta property=\"og:image:height\" content=\"1000\" \/>\n\t<meta property=\"og:image:type\" content=\"image\/jpeg\" \/>\n<meta name=\"twitter:card\" content=\"summary_large_image\" \/>\n<meta name=\"twitter:label1\" content=\"Price\" \/>\n\t<meta name=\"twitter:data1\" content=\"99,90&nbsp;&euro;\" \/>\n\t<meta name=\"twitter:label2\" content=\"Availability\" \/>\n\t<meta name=\"twitter:data2\" content=\"Out of stock\" \/>\n<script type=\"application\/ld+json\" class=\"yoast-schema-graph\">{\"@context\":\"https:\\\/\\\/schema.org\",\"@graph\":[{\"@type\":[\"WebPage\",\"ItemPage\"],\"@id\":\"https:\\\/\\\/oplitegames.com\\\/de\\\/produkt\\\/oplite-wheel-stand-gt\\\/\",\"url\":\"https:\\\/\\\/oplitegames.com\\\/de\\\/produkt\\\/oplite-wheel-stand-gt\\\/\",\"name\":\"Radst\u00e4nder GT - OPLITE\",\"isPartOf\":{\"@id\":\"https:\\\/\\\/oplitegames.com\\\/#website\"},\"primaryImageOfPage\":{\"@id\":\"https:\\\/\\\/oplitegames.com\\\/de\\\/produkt\\\/oplite-wheel-stand-gt\\\/#primaryimage\"},\"image\":{\"@id\":\"https:\\\/\\\/oplitegames.com\\\/de\\\/produkt\\\/oplite-wheel-stand-gt\\\/#primaryimage\"},\"thumbnailUrl\":\"https:\\\/\\\/oplitegames-preprod.ezratis.fr\\\/wp-content\\\/uploads\\\/OP-WS-GT-series-02-1-1.jpg\",\"datePublished\":\"2022-10-27T13:03:22+00:00\",\"dateModified\":\"2025-10-17T17:01:39+00:00\",\"breadcrumb\":{\"@id\":\"https:\\\/\\\/oplitegames.com\\\/de\\\/produkt\\\/oplite-wheel-stand-gt\\\/#breadcrumb\"},\"inLanguage\":\"de-DE\",\"potentialAction\":[{\"@type\":\"ReadAction\",\"target\":[\"https:\\\/\\\/oplitegames.com\\\/de\\\/produkt\\\/oplite-wheel-stand-gt\\\/\"]}]},{\"@type\":\"ImageObject\",\"inLanguage\":\"de-DE\",\"@id\":\"https:\\\/\\\/oplitegames.com\\\/de\\\/produkt\\\/oplite-wheel-stand-gt\\\/#primaryimage\",\"url\":\"https:\\\/\\\/oplitegames-preprod.ezratis.fr\\\/wp-content\\\/uploads\\\/OP-WS-GT-series-02-1-1.jpg\",\"contentUrl\":\"https:\\\/\\\/oplitegames-preprod.ezratis.fr\\\/wp-content\\\/uploads\\\/OP-WS-GT-series-02-1-1.jpg\",\"width\":1000,\"height\":1000},{\"@type\":\"BreadcrumbList\",\"@id\":\"https:\\\/\\\/oplitegames.com\\\/de\\\/produkt\\\/oplite-wheel-stand-gt\\\/#breadcrumb\",\"itemListElement\":[{\"@type\":\"ListItem\",\"position\":1,\"name\":\"Home\",\"item\":\"https:\\\/\\\/oplitegames.com\\\/de\\\/\"},{\"@type\":\"ListItem\",\"position\":2,\"name\":\"Gesch\u00e4ft\",\"item\":\"https:\\\/\\\/oplitegames.com\\\/de\\\/geschaeft\\\/\"},{\"@type\":\"ListItem\",\"position\":3,\"name\":\"Radst\u00e4nder GT\"}]},{\"@type\":\"WebSite\",\"@id\":\"https:\\\/\\\/oplitegames.com\\\/#website\",\"url\":\"https:\\\/\\\/oplitegames.com\\\/\",\"name\":\"OPLITE\",\"description\":\"\",\"publisher\":{\"@id\":\"https:\\\/\\\/oplitegames.com\\\/#organization\"},\"potentialAction\":[{\"@type\":\"SearchAction\",\"target\":{\"@type\":\"EntryPoint\",\"urlTemplate\":\"https:\\\/\\\/oplitegames.com\\\/?s={search_term_string}\"},\"query-input\":{\"@type\":\"PropertyValueSpecification\",\"valueRequired\":true,\"valueName\":\"search_term_string\"}}],\"inLanguage\":\"de-DE\"},{\"@type\":\"Organization\",\"@id\":\"https:\\\/\\\/oplitegames.com\\\/#organization\",\"name\":\"OPLITE\",\"url\":\"https:\\\/\\\/oplitegames.com\\\/\",\"logo\":{\"@type\":\"ImageObject\",\"inLanguage\":\"de-DE\",\"@id\":\"https:\\\/\\\/oplitegames.com\\\/#\\\/schema\\\/logo\\\/image\\\/\",\"url\":\"https:\\\/\\\/oplitegames-preprod.ezratis.fr\\\/wp-content\\\/uploads\\\/cropped-cropped-Oplite-Blanc-casse-002-scaled-1.png\",\"contentUrl\":\"https:\\\/\\\/oplitegames-preprod.ezratis.fr\\\/wp-content\\\/uploads\\\/cropped-cropped-Oplite-Blanc-casse-002-scaled-1.png\",\"width\":2509,\"height\":597,\"caption\":\"OPLITE\"},\"image\":{\"@id\":\"https:\\\/\\\/oplitegames.com\\\/#\\\/schema\\\/logo\\\/image\\\/\"}}]}<\/script>\n<meta property=\"product:price:amount\" content=\"99.90\" \/>\n<meta property=\"product:price:currency\" content=\"EUR\" \/>\n<meta property=\"og:availability\" content=\"out of stock\" \/>\n<meta property=\"product:availability\" content=\"out of stock\" \/>\n<meta property=\"product:retailer_item_id\" content=\"89698\" \/>\n<meta property=\"product:condition\" content=\"new\" \/>\n<!-- \/ Yoast SEO plugin. -->","yoast_head_json":{"title":"Radst\u00e4nder GT - OPLITE","robots":{"index":"index","follow":"follow","max-snippet":"max-snippet:-1","max-image-preview":"max-image-preview:large","max-video-preview":"max-video-preview:-1"},"canonical":"https:\/\/oplitegames.com\/de\/produkt\/oplite-wheel-stand-gt\/","og_locale":"de_DE","og_type":"article","og_title":"Radst\u00e4nder GT - OPLITE","og_description":"Der Wheel Stand GT ist eine faltbare Halterung f\u00fcr dein Lenkrad, deine Pedale und dein Getriebe. Er wurde von professionellen Spielern von Autosimulationen entwickelt, kann an jede K\u00f6rpergr\u00f6\u00dfe angepasst werden und erm\u00f6glicht erste Erfahrungen mit dem Fahren. Der Wheel Stand GT ist stabil, starr und faltbar und richtet sich an Anf\u00e4nger. Er ist zu 100 % mit Lenkr\u00e4dern und Pedalen der Marken Thrustmaster\u00ae und Logitech\u00ae kompatibel.","og_url":"https:\/\/oplitegames.com\/de\/produkt\/oplite-wheel-stand-gt\/","og_site_name":"OPLITE","article_modified_time":"2025-10-17T17:01:39+00:00","og_image":[{"width":1000,"height":1000,"url":"https:\/\/oplitegames.com\/wp-content\/uploads\/OP-WS-GT-series-02-1-1.jpg","type":"image\/jpeg"}],"twitter_card":"summary_large_image","twitter_misc":{"Price":"99,90&nbsp;&euro;","Availability":"Out of stock"},"schema":{"@context":"https:\/\/schema.org","@graph":[{"@type":["WebPage","ItemPage"],"@id":"https:\/\/oplitegames.com\/de\/produkt\/oplite-wheel-stand-gt\/","url":"https:\/\/oplitegames.com\/de\/produkt\/oplite-wheel-stand-gt\/","name":"Radst\u00e4nder GT - OPLITE","isPartOf":{"@id":"https:\/\/oplitegames.com\/#website"},"primaryImageOfPage":{"@id":"https:\/\/oplitegames.com\/de\/produkt\/oplite-wheel-stand-gt\/#primaryimage"},"image":{"@id":"https:\/\/oplitegames.com\/de\/produkt\/oplite-wheel-stand-gt\/#primaryimage"},"thumbnailUrl":"https:\/\/oplitegames-preprod.ezratis.fr\/wp-content\/uploads\/OP-WS-GT-series-02-1-1.jpg","datePublished":"2022-10-27T13:03:22+00:00","dateModified":"2025-10-17T17:01:39+00:00","breadcrumb":{"@id":"https:\/\/oplitegames.com\/de\/produkt\/oplite-wheel-stand-gt\/#breadcrumb"},"inLanguage":"de-DE","potentialAction":[{"@type":"ReadAction","target":["https:\/\/oplitegames.com\/de\/produkt\/oplite-wheel-stand-gt\/"]}]},{"@type":"ImageObject","inLanguage":"de-DE","@id":"https:\/\/oplitegames.com\/de\/produkt\/oplite-wheel-stand-gt\/#primaryimage","url":"https:\/\/oplitegames-preprod.ezratis.fr\/wp-content\/uploads\/OP-WS-GT-series-02-1-1.jpg","contentUrl":"https:\/\/oplitegames-preprod.ezratis.fr\/wp-content\/uploads\/OP-WS-GT-series-02-1-1.jpg","width":1000,"height":1000},{"@type":"BreadcrumbList","@id":"https:\/\/oplitegames.com\/de\/produkt\/oplite-wheel-stand-gt\/#breadcrumb","itemListElement":[{"@type":"ListItem","position":1,"name":"Home","item":"https:\/\/oplitegames.com\/de\/"},{"@type":"ListItem","position":2,"name":"Gesch\u00e4ft","item":"https:\/\/oplitegames.com\/de\/geschaeft\/"},{"@type":"ListItem","position":3,"name":"Radst\u00e4nder GT"}]},{"@type":"WebSite","@id":"https:\/\/oplitegames.com\/#website","url":"https:\/\/oplitegames.com\/","name":"OPLITE","description":"","publisher":{"@id":"https:\/\/oplitegames.com\/#organization"},"potentialAction":[{"@type":"SearchAction","target":{"@type":"EntryPoint","urlTemplate":"https:\/\/oplitegames.com\/?s={search_term_string}"},"query-input":{"@type":"PropertyValueSpecification","valueRequired":true,"valueName":"search_term_string"}}],"inLanguage":"de-DE"},{"@type":"Organization","@id":"https:\/\/oplitegames.com\/#organization","name":"OPLITE","url":"https:\/\/oplitegames.com\/","logo":{"@type":"ImageObject","inLanguage":"de-DE","@id":"https:\/\/oplitegames.com\/#\/schema\/logo\/image\/","url":"https:\/\/oplitegames-preprod.ezratis.fr\/wp-content\/uploads\/cropped-cropped-Oplite-Blanc-casse-002-scaled-1.png","contentUrl":"https:\/\/oplitegames-preprod.ezratis.fr\/wp-content\/uploads\/cropped-cropped-Oplite-Blanc-casse-002-scaled-1.png","width":2509,"height":597,"caption":"OPLITE"},"image":{"@id":"https:\/\/oplitegames.com\/#\/schema\/logo\/image\/"}}]},"product_price_amount":"99.90","product_price_currency":"EUR","og_availability":"out of stock","product_availability":"out of stock","product_retailer_item_id":"89698","product_condition":"new"},"_links":{"self":[{"href":"https:\/\/oplitegames-preprod.ezratis.fr\/de\/wp-json\/wp\/v2\/product\/29413","targetHints":{"allow":["GET"]}}],"collection":[{"href":"https:\/\/oplitegames-preprod.ezratis.fr\/de\/wp-json\/wp\/v2\/product"}],"about":[{"href":"https:\/\/oplitegames-preprod.ezratis.fr\/de\/wp-json\/wp\/v2\/types\/product"}],"version-history":[{"count":4,"href":"https:\/\/oplitegames-preprod.ezratis.fr\/de\/wp-json\/wp\/v2\/product\/29413\/revisions"}],"predecessor-version":[{"id":53327,"href":"https:\/\/oplitegames-preprod.ezratis.fr\/de\/wp-json\/wp\/v2\/product\/29413\/revisions\/53327"}],"wp:featuredmedia":[{"embeddable":true,"href":"https:\/\/oplitegames-preprod.ezratis.fr\/de\/wp-json\/wp\/v2\/media\/26681"}],"wp:attachment":[{"href":"https:\/\/oplitegames-preprod.ezratis.fr\/de\/wp-json\/wp\/v2\/media?parent=29413"}],"wp:term":[{"taxonomy":"product_brand","embeddable":true,"href":"https:\/\/oplitegames-preprod.ezratis.fr\/de\/wp-json\/wp\/v2\/product_brand?post=29413"},{"taxonomy":"product_cat","embeddable":true,"href":"https:\/\/oplitegames-preprod.ezratis.fr\/de\/wp-json\/wp\/v2\/product_cat?post=29413"},{"taxonomy":"product_tag","embeddable":true,"href":"https:\/\/oplitegames-preprod.ezratis.fr\/de\/wp-json\/wp\/v2\/product_tag?post=29413"}],"curies":[{"name":"wp","href":"https:\/\/api.w.org\/{rel}","templated":true}]}}