{"id":29416,"date":"2022-11-29T15:17:58","date_gmt":"2022-11-29T14:17:58","guid":{"rendered":"https:\/\/oplitegames.com\/product\/oplite-wheel-stand-gt-pro\/"},"modified":"2025-11-25T03:02:30","modified_gmt":"2025-11-25T02:02:30","slug":"oplite-wheel-stand-gt-pro","status":"publish","type":"product","link":"https:\/\/oplitegames-preprod.ezratis.fr\/de\/produkt\/oplite-wheel-stand-gt-pro\/","title":{"rendered":"Radst\u00e4nder GT PRO V2"},"content":{"rendered":"<p>Die Lenkradhalterung Wheel Stand GT Pro V2 stellt eine bemerkenswerte Weiterentwicklung einer L\u00f6sung dar, die von Rennsimulations-Enthusiasten bereits gesch\u00e4tzt wird. Als Ergebnis des kontinuierlichen Engagements der Marke f\u00fcr Innovation und Qualit\u00e4t enth\u00e4lt dieses Modell wesentliche Verbesserungen, die aus dem Feedback der Kunden hervorgegangen sind. Diese Halterung wurde entwickelt, um ein noch immersiveres Rennsimulationserlebnis zu bieten, und kombiniert fortschrittliche Funktionen mit Robustheit und Praktikabilit\u00e4t. Er bietet den Fahrern eine stabile und anpassungsf\u00e4hige Plattform f\u00fcr Zubeh\u00f6r wie Lenkr\u00e4der, Pedale, Schalthebel und Handbremsen. Da er zusammenklappbar ist, l\u00e4sst er sich leicht verstauen und ben\u00f6tigt nur wenig Platz.<\/p>\n<h5>Starke Punkte<\/h5>\n<p>\u2705 Robustes Design aus hochwertigen Materialien, um St\u00e4rke und Haltbarkeit zu gew\u00e4hrleisten.<br \/>\n\u2705 Mehrere einfache und schnelle Einstellungen f\u00fcr die Lenkrad- und Tretlagerhalterung.<br \/>\n\u2705 Getriebehalterung, die links oder rechts angebracht werden kann.<br \/>\n\u2705 Universalfeststeller f\u00fcr Stuhlrollen, in der Tiefe verstellbar.<br \/>\n\u2705 Doppeltes Sicherheitssystem (Stift und Kette), um eine sichere Nutzung zu gew\u00e4hrleisten.<br \/>\n\u2705 Zusammenklappbar, f\u00fcr eine einfache Aufbewahrung und minimalen Platzbedarf.<br \/>\n\u2705 Kompromisslose Kompatibilit\u00e4t mit einer breiten Palette an Zubeh\u00f6r f\u00fcr die Fahrzeugsimulation.<\/p>\n<h5>Technische Daten<\/h5>\n<p><strong>Fahrgestell :<\/strong><br \/>\n&#8211; Stahlrahmen des Typs JIS STKM 13A in mattschwarzer Ausf\u00fchrung.<br \/>\n&#8211; 4 rutschfeste, h\u00f6henverstellbare, kugelgelagerte Kufen.<br \/>\n&#8211; Universelles, einstellbares Stuhlrollen-Feststellsystem in der Tiefe<br \/>\n<strong>Lenkradhalterung :<\/strong><br \/>\n&#8211; Stahlkonstruktion des Typs JIS STKM 13A.<br \/>\n&#8211; Neigung nach oben\/unten -15\u00b0\/0\u00b0\/+15\u00b0.<br \/>\n<strong>Halterung f\u00fcr Pedale:<\/strong><br \/>\n&#8211; Stahlkonstruktion des Typs JIS STKM 13A.<br \/>\n&#8211; Neigung nach oben\/unten 7\u00b0\/12\u00b0\/18\u00b0.<br \/>\n<strong>Halterung f\u00fcr das Getriebe :<\/strong><br \/>\n&#8211; Stahlkonstruktion des Typs JIS STKM 13A beidh\u00e4ndig.<br \/>\n&#8211; Kompatibel mit Logitech\u00ae Driving Force Shifter, Thrustmaster\u00ae TH8A.<br \/>\n<strong>Kompatibilit\u00e4t* :<\/strong><br \/>\n&#8211; Der Wheel Stand GT PRO V2 ist kompatibel mit vielen. Peripherieger\u00e4ten, darunter die Marken Thrustmaster\u00ae, Logitech\u00ae, Turtle Beach\u00ae und vielen anderen<\/p>\n<table>\n<tbody>\n<tr>\n<td style=\"text-align: center;\"><strong>Marke<\/strong><\/td>\n<td style=\"text-align: center;\"><strong>Produktart<\/strong><\/td>\n<td style=\"text-align: center;\"><strong>Kompatible Produkte<\/strong><\/td>\n<\/tr>\n<tr>\n<td>THRUSTMASTER<\/td>\n<td>Radst\u00e4nde \/ Pedale<\/td>\n<td>T300, T300RS, TS-XW, TS-PC, TGTII, T3PM, TLCM<\/td>\n<\/tr>\n<tr>\n<td>LOGITECH<\/td>\n<td>Radst\u00e4nde \/ Pedale<\/td>\n<td>G29, G920, G923, ProWheel<\/td>\n<\/tr>\n<tr>\n<td>TURTLE BEACH<\/td>\n<td>Serifen \/ Pedale<\/td>\n<td>VelocityOne Race<\/td>\n<\/tr>\n<tr>\n<td>MOZA<\/td>\n<td>Radst\u00e4nde \/ Pedale<\/td>\n<td>R5, R9<\/td>\n<\/tr>\n<tr>\n<td>FANATEC<\/td>\n<td>Radst\u00e4nde \/ Pedale<\/td>\n<td>CSL DD 5&amp;8 Nm, Gran Turismo DD Pro 5&amp;8 Nm, CSL Pedals, CSL Pedals LC<\/td>\n<\/tr>\n<\/tbody>\n<\/table>\n<p><small>*<span data-olk-copy-source=\"MessageBody\">F\u00fcr eine optimale Kompatibilit\u00e4t mit bestimmten Ger\u00e4ten k\u00f6nnen kleine Anpassungen erforderlich sein. Seien Sie unbesorgt: Die Qualit\u00e4t und Garantie Ihres Produkts bleiben davon unber\u00fchrt.<\/span><\/small><\/p>\n","protected":false},"excerpt":{"rendered":"<p>OPLITE, Experte f\u00fcr die Entwicklung ergonomischer Produkte f\u00fcr den B\u00fcro- und Gaming-Bereich, pr\u00e4sentiert Ihnen die ultimative Weiterentwicklung seines Wheel Stand GT Pro V2.<\/p>\n","protected":false},"featured_media":39300,"template":"","meta":{"_acf_changed":false,"footnotes":""},"product_brand":[],"product_cat":[732,692],"product_tag":[695],"class_list":{"0":"post-29416","1":"product","2":"type-product","3":"status-publish","4":"has-post-thumbnail","6":"product_cat-radstander","7":"product_cat-simulatoren","8":"product_tag-oplite-gaming-de","9":"pa_colisage-pcb-2-de","11":"first","12":"outofstock","13":"taxable","14":"shipping-taxable","15":"purchasable","16":"product-type-simple"},"bundled_by":[],"bundle_stock_status":"outofstock","bundle_stock_quantity":0,"bundle_virtual":false,"bundle_layout":"","bundle_add_to_cart_form_location":"","bundle_editable_in_cart":false,"bundle_sold_individually_context":"","bundle_item_grouping":"","bundle_min_size":"","bundle_max_size":"","bundle_price":[],"bundled_items":[],"bundle_sell_ids":[],"acf":[],"yoast_head":"<!-- This site is optimized with the Yoast SEO plugin v27.3 - https:\/\/yoast.com\/product\/yoast-seo-wordpress\/ -->\n<title>Radst\u00e4nder GT PRO V2 - OPLITE<\/title>\n<meta name=\"robots\" content=\"index, follow, max-snippet:-1, max-image-preview:large, max-video-preview:-1\" \/>\n<link rel=\"canonical\" href=\"https:\/\/oplitegames.com\/de\/produkt\/oplite-wheel-stand-gt-pro\/\" \/>\n<meta property=\"og:locale\" content=\"de_DE\" \/>\n<meta property=\"og:type\" content=\"article\" \/>\n<meta property=\"og:title\" content=\"Radst\u00e4nder GT PRO V2 - OPLITE\" \/>\n<meta property=\"og:description\" content=\"OPLITE, Experte f\u00fcr die Entwicklung ergonomischer Produkte f\u00fcr den B\u00fcro- und Gaming-Bereich, pr\u00e4sentiert Ihnen die ultimative Weiterentwicklung seines Wheel Stand GT Pro V2.\" \/>\n<meta property=\"og:url\" content=\"https:\/\/oplitegames.com\/de\/produkt\/oplite-wheel-stand-gt-pro\/\" \/>\n<meta property=\"og:site_name\" content=\"OPLITE\" \/>\n<meta property=\"article:modified_time\" content=\"2025-11-25T02:02:30+00:00\" \/>\n<meta property=\"og:image\" content=\"https:\/\/oplitegames.com\/wp-content\/uploads\/OPLITE-Wheel-Stand-GTPro-V2-OP-WS-GTPRO_1.png\" \/>\n\t<meta property=\"og:image:width\" content=\"1000\" \/>\n\t<meta property=\"og:image:height\" content=\"1000\" \/>\n\t<meta property=\"og:image:type\" content=\"image\/png\" \/>\n<meta name=\"twitter:card\" content=\"summary_large_image\" \/>\n<meta name=\"twitter:label1\" content=\"Price\" \/>\n\t<meta name=\"twitter:data1\" content=\"159,90&nbsp;&euro;\" \/>\n\t<meta name=\"twitter:label2\" content=\"Availability\" \/>\n\t<meta name=\"twitter:data2\" content=\"Out of stock\" \/>\n<script type=\"application\/ld+json\" class=\"yoast-schema-graph\">{\"@context\":\"https:\\\/\\\/schema.org\",\"@graph\":[{\"@type\":[\"WebPage\",\"ItemPage\"],\"@id\":\"https:\\\/\\\/oplitegames.com\\\/de\\\/produkt\\\/oplite-wheel-stand-gt-pro\\\/\",\"url\":\"https:\\\/\\\/oplitegames.com\\\/de\\\/produkt\\\/oplite-wheel-stand-gt-pro\\\/\",\"name\":\"Radst\u00e4nder GT PRO V2 - OPLITE\",\"isPartOf\":{\"@id\":\"https:\\\/\\\/oplitegames.com\\\/#website\"},\"primaryImageOfPage\":{\"@id\":\"https:\\\/\\\/oplitegames.com\\\/de\\\/produkt\\\/oplite-wheel-stand-gt-pro\\\/#primaryimage\"},\"image\":{\"@id\":\"https:\\\/\\\/oplitegames.com\\\/de\\\/produkt\\\/oplite-wheel-stand-gt-pro\\\/#primaryimage\"},\"thumbnailUrl\":\"https:\\\/\\\/oplitegames-preprod.ezratis.fr\\\/wp-content\\\/uploads\\\/OPLITE-Wheel-Stand-GTPro-V2-OP-WS-GTPRO_1.png\",\"datePublished\":\"2022-11-29T14:17:58+00:00\",\"dateModified\":\"2025-11-25T02:02:30+00:00\",\"breadcrumb\":{\"@id\":\"https:\\\/\\\/oplitegames.com\\\/de\\\/produkt\\\/oplite-wheel-stand-gt-pro\\\/#breadcrumb\"},\"inLanguage\":\"de-DE\",\"potentialAction\":[{\"@type\":\"ReadAction\",\"target\":[\"https:\\\/\\\/oplitegames.com\\\/de\\\/produkt\\\/oplite-wheel-stand-gt-pro\\\/\"]}]},{\"@type\":\"ImageObject\",\"inLanguage\":\"de-DE\",\"@id\":\"https:\\\/\\\/oplitegames.com\\\/de\\\/produkt\\\/oplite-wheel-stand-gt-pro\\\/#primaryimage\",\"url\":\"https:\\\/\\\/oplitegames-preprod.ezratis.fr\\\/wp-content\\\/uploads\\\/OPLITE-Wheel-Stand-GTPro-V2-OP-WS-GTPRO_1.png\",\"contentUrl\":\"https:\\\/\\\/oplitegames-preprod.ezratis.fr\\\/wp-content\\\/uploads\\\/OPLITE-Wheel-Stand-GTPro-V2-OP-WS-GTPRO_1.png\",\"width\":1000,\"height\":1000},{\"@type\":\"BreadcrumbList\",\"@id\":\"https:\\\/\\\/oplitegames.com\\\/de\\\/produkt\\\/oplite-wheel-stand-gt-pro\\\/#breadcrumb\",\"itemListElement\":[{\"@type\":\"ListItem\",\"position\":1,\"name\":\"Home\",\"item\":\"https:\\\/\\\/oplitegames.com\\\/de\\\/\"},{\"@type\":\"ListItem\",\"position\":2,\"name\":\"Gesch\u00e4ft\",\"item\":\"https:\\\/\\\/oplitegames.com\\\/de\\\/geschaeft\\\/\"},{\"@type\":\"ListItem\",\"position\":3,\"name\":\"Radst\u00e4nder GT PRO V2\"}]},{\"@type\":\"WebSite\",\"@id\":\"https:\\\/\\\/oplitegames.com\\\/#website\",\"url\":\"https:\\\/\\\/oplitegames.com\\\/\",\"name\":\"OPLITE\",\"description\":\"\",\"publisher\":{\"@id\":\"https:\\\/\\\/oplitegames.com\\\/#organization\"},\"potentialAction\":[{\"@type\":\"SearchAction\",\"target\":{\"@type\":\"EntryPoint\",\"urlTemplate\":\"https:\\\/\\\/oplitegames.com\\\/?s={search_term_string}\"},\"query-input\":{\"@type\":\"PropertyValueSpecification\",\"valueRequired\":true,\"valueName\":\"search_term_string\"}}],\"inLanguage\":\"de-DE\"},{\"@type\":\"Organization\",\"@id\":\"https:\\\/\\\/oplitegames.com\\\/#organization\",\"name\":\"OPLITE\",\"url\":\"https:\\\/\\\/oplitegames.com\\\/\",\"logo\":{\"@type\":\"ImageObject\",\"inLanguage\":\"de-DE\",\"@id\":\"https:\\\/\\\/oplitegames.com\\\/#\\\/schema\\\/logo\\\/image\\\/\",\"url\":\"https:\\\/\\\/oplitegames-preprod.ezratis.fr\\\/wp-content\\\/uploads\\\/cropped-cropped-Oplite-Blanc-casse-002-scaled-1.png\",\"contentUrl\":\"https:\\\/\\\/oplitegames-preprod.ezratis.fr\\\/wp-content\\\/uploads\\\/cropped-cropped-Oplite-Blanc-casse-002-scaled-1.png\",\"width\":2509,\"height\":597,\"caption\":\"OPLITE\"},\"image\":{\"@id\":\"https:\\\/\\\/oplitegames.com\\\/#\\\/schema\\\/logo\\\/image\\\/\"}}]}<\/script>\n<meta property=\"product:price:amount\" content=\"159.90\" \/>\n<meta property=\"product:price:currency\" content=\"EUR\" \/>\n<meta property=\"og:availability\" content=\"out of stock\" \/>\n<meta property=\"product:availability\" content=\"out of stock\" \/>\n<meta property=\"product:retailer_item_id\" content=\"89699\" \/>\n<meta property=\"product:condition\" content=\"new\" \/>\n<!-- \/ Yoast SEO plugin. -->","yoast_head_json":{"title":"Radst\u00e4nder GT PRO V2 - OPLITE","robots":{"index":"index","follow":"follow","max-snippet":"max-snippet:-1","max-image-preview":"max-image-preview:large","max-video-preview":"max-video-preview:-1"},"canonical":"https:\/\/oplitegames.com\/de\/produkt\/oplite-wheel-stand-gt-pro\/","og_locale":"de_DE","og_type":"article","og_title":"Radst\u00e4nder GT PRO V2 - OPLITE","og_description":"OPLITE, Experte f\u00fcr die Entwicklung ergonomischer Produkte f\u00fcr den B\u00fcro- und Gaming-Bereich, pr\u00e4sentiert Ihnen die ultimative Weiterentwicklung seines Wheel Stand GT Pro V2.","og_url":"https:\/\/oplitegames.com\/de\/produkt\/oplite-wheel-stand-gt-pro\/","og_site_name":"OPLITE","article_modified_time":"2025-11-25T02:02:30+00:00","og_image":[{"width":1000,"height":1000,"url":"https:\/\/oplitegames.com\/wp-content\/uploads\/OPLITE-Wheel-Stand-GTPro-V2-OP-WS-GTPRO_1.png","type":"image\/png"}],"twitter_card":"summary_large_image","twitter_misc":{"Price":"159,90&nbsp;&euro;","Availability":"Out of stock"},"schema":{"@context":"https:\/\/schema.org","@graph":[{"@type":["WebPage","ItemPage"],"@id":"https:\/\/oplitegames.com\/de\/produkt\/oplite-wheel-stand-gt-pro\/","url":"https:\/\/oplitegames.com\/de\/produkt\/oplite-wheel-stand-gt-pro\/","name":"Radst\u00e4nder GT PRO V2 - OPLITE","isPartOf":{"@id":"https:\/\/oplitegames.com\/#website"},"primaryImageOfPage":{"@id":"https:\/\/oplitegames.com\/de\/produkt\/oplite-wheel-stand-gt-pro\/#primaryimage"},"image":{"@id":"https:\/\/oplitegames.com\/de\/produkt\/oplite-wheel-stand-gt-pro\/#primaryimage"},"thumbnailUrl":"https:\/\/oplitegames-preprod.ezratis.fr\/wp-content\/uploads\/OPLITE-Wheel-Stand-GTPro-V2-OP-WS-GTPRO_1.png","datePublished":"2022-11-29T14:17:58+00:00","dateModified":"2025-11-25T02:02:30+00:00","breadcrumb":{"@id":"https:\/\/oplitegames.com\/de\/produkt\/oplite-wheel-stand-gt-pro\/#breadcrumb"},"inLanguage":"de-DE","potentialAction":[{"@type":"ReadAction","target":["https:\/\/oplitegames.com\/de\/produkt\/oplite-wheel-stand-gt-pro\/"]}]},{"@type":"ImageObject","inLanguage":"de-DE","@id":"https:\/\/oplitegames.com\/de\/produkt\/oplite-wheel-stand-gt-pro\/#primaryimage","url":"https:\/\/oplitegames-preprod.ezratis.fr\/wp-content\/uploads\/OPLITE-Wheel-Stand-GTPro-V2-OP-WS-GTPRO_1.png","contentUrl":"https:\/\/oplitegames-preprod.ezratis.fr\/wp-content\/uploads\/OPLITE-Wheel-Stand-GTPro-V2-OP-WS-GTPRO_1.png","width":1000,"height":1000},{"@type":"BreadcrumbList","@id":"https:\/\/oplitegames.com\/de\/produkt\/oplite-wheel-stand-gt-pro\/#breadcrumb","itemListElement":[{"@type":"ListItem","position":1,"name":"Home","item":"https:\/\/oplitegames.com\/de\/"},{"@type":"ListItem","position":2,"name":"Gesch\u00e4ft","item":"https:\/\/oplitegames.com\/de\/geschaeft\/"},{"@type":"ListItem","position":3,"name":"Radst\u00e4nder GT PRO V2"}]},{"@type":"WebSite","@id":"https:\/\/oplitegames.com\/#website","url":"https:\/\/oplitegames.com\/","name":"OPLITE","description":"","publisher":{"@id":"https:\/\/oplitegames.com\/#organization"},"potentialAction":[{"@type":"SearchAction","target":{"@type":"EntryPoint","urlTemplate":"https:\/\/oplitegames.com\/?s={search_term_string}"},"query-input":{"@type":"PropertyValueSpecification","valueRequired":true,"valueName":"search_term_string"}}],"inLanguage":"de-DE"},{"@type":"Organization","@id":"https:\/\/oplitegames.com\/#organization","name":"OPLITE","url":"https:\/\/oplitegames.com\/","logo":{"@type":"ImageObject","inLanguage":"de-DE","@id":"https:\/\/oplitegames.com\/#\/schema\/logo\/image\/","url":"https:\/\/oplitegames-preprod.ezratis.fr\/wp-content\/uploads\/cropped-cropped-Oplite-Blanc-casse-002-scaled-1.png","contentUrl":"https:\/\/oplitegames-preprod.ezratis.fr\/wp-content\/uploads\/cropped-cropped-Oplite-Blanc-casse-002-scaled-1.png","width":2509,"height":597,"caption":"OPLITE"},"image":{"@id":"https:\/\/oplitegames.com\/#\/schema\/logo\/image\/"}}]},"product_price_amount":"159.90","product_price_currency":"EUR","og_availability":"out of stock","product_availability":"out of stock","product_retailer_item_id":"89699","product_condition":"new"},"_links":{"self":[{"href":"https:\/\/oplitegames-preprod.ezratis.fr\/de\/wp-json\/wp\/v2\/product\/29416","targetHints":{"allow":["GET"]}}],"collection":[{"href":"https:\/\/oplitegames-preprod.ezratis.fr\/de\/wp-json\/wp\/v2\/product"}],"about":[{"href":"https:\/\/oplitegames-preprod.ezratis.fr\/de\/wp-json\/wp\/v2\/types\/product"}],"version-history":[{"count":5,"href":"https:\/\/oplitegames-preprod.ezratis.fr\/de\/wp-json\/wp\/v2\/product\/29416\/revisions"}],"predecessor-version":[{"id":53336,"href":"https:\/\/oplitegames-preprod.ezratis.fr\/de\/wp-json\/wp\/v2\/product\/29416\/revisions\/53336"}],"wp:featuredmedia":[{"embeddable":true,"href":"https:\/\/oplitegames-preprod.ezratis.fr\/de\/wp-json\/wp\/v2\/media\/39300"}],"wp:attachment":[{"href":"https:\/\/oplitegames-preprod.ezratis.fr\/de\/wp-json\/wp\/v2\/media?parent=29416"}],"wp:term":[{"taxonomy":"product_brand","embeddable":true,"href":"https:\/\/oplitegames-preprod.ezratis.fr\/de\/wp-json\/wp\/v2\/product_brand?post=29416"},{"taxonomy":"product_cat","embeddable":true,"href":"https:\/\/oplitegames-preprod.ezratis.fr\/de\/wp-json\/wp\/v2\/product_cat?post=29416"},{"taxonomy":"product_tag","embeddable":true,"href":"https:\/\/oplitegames-preprod.ezratis.fr\/de\/wp-json\/wp\/v2\/product_tag?post=29416"}],"curies":[{"name":"wp","href":"https:\/\/api.w.org\/{rel}","templated":true}]}}