{"id":29455,"date":"2022-11-29T15:18:00","date_gmt":"2022-11-29T14:18:00","guid":{"rendered":"https:\/\/oplitegames.com\/product\/oplite-wheel-stand-gtr\/"},"modified":"2026-01-20T10:42:44","modified_gmt":"2026-01-20T09:42:44","slug":"oplite-wheel-stand-gtr","status":"publish","type":"product","link":"https:\/\/oplitegames-preprod.ezratis.fr\/de\/produkt\/oplite-wheel-stand-gtr\/","title":{"rendered":"Radst\u00e4nder GTR"},"content":{"rendered":"<p>Ergonomisches, robustes und faltbares Design<br \/>\nH\u00f6henverstellbare Seitenrohre &gt; Erm\u00f6glicht eine genaue Anpassung an die eigene K\u00f6rpergr\u00f6\u00dfe und einen ma\u00dfgeschneiderten Tragekomfort.<br \/>\nEinstellbare Neigung der Lenkradplatte &gt; Erm\u00f6glicht es, die Neigung des eigenen Lenkrads anzupassen.<br \/>\nPedalhalterung dank Langl\u00f6chern in Neigung und Tiefe verstellbar.<br \/>\nLenkradhalterung, Getriebehalterung und Pedalhalterung vorgebohrt.<br \/>\n100% Kompatibel* mit Lenkr\u00e4dern, Pedalen und Schaltgetrieben der Marken Thrustmaster\u00ae, Logitech\u00ae, Fanatec\u00ae.<br \/>\nBeidh\u00e4ndige Getriebehalterung im Lieferumfang enthalten, kann f\u00fcr Links- oder Rechtsh\u00e4nder angebracht werden.<br \/>\nKompatibel mit den Chassis der GTR-Reihe.<\/p>\n<p><strong>Technische Beschreibung<\/strong><\/p>\n<ul>\n<li>Neigungsamplitude der Lenkradplatte : -15\u00b0\/0\u00b0\/+15\u00b0<\/li>\n<li>Neigungsamplitude der Pedalplatte: 7\u00b0\/12\u00b0\/18\u00b0.<\/li>\n<li>Tragf\u00e4higkeit: 30kg<\/li>\n<li>Material: Kohlenstoffstahl \u00d8 48mm.<\/li>\n<\/ul>\n<p><strong>In der Box enthaltenes Zubeh\u00f6r :<\/strong><\/p>\n<ul>\n<li>4 rutschfeste und verstellbare Kufen, die eine perfekte Stabilit\u00e4t gew\u00e4hrleisten ;<\/li>\n<li>1 Satz mit 2 Kabelf\u00fchrungen und 6 Serflexen<\/li>\n<li>6 Schrauben M6x20 in+J4+K4<\/li>\n<\/ul>\n<p><small>*<span data-olk-copy-source=\"MessageBody\">F\u00fcr eine optimale Kompatibilit\u00e4t mit bestimmten Ger\u00e4ten k\u00f6nnen kleine Anpassungen erforderlich sein. Seien Sie unbesorgt: Die Qualit\u00e4t und Garantie Ihres Produkts bleiben davon unber\u00fchrt.<\/span><\/small><\/p>\n<p><img fetchpriority=\"high\" decoding=\"async\" class=\"aligncenter wp-image-29507 size-full\" src=\"https:\/\/oplitegames-preprod.ezratis.fr\/wp-content\/uploads\/Oplite-GTR-Back-Frame-_-OP-GTR-BF_6-1-1.png\" alt=\"\" width=\"1000\" height=\"1000\" srcset=\"https:\/\/oplitegames-preprod.ezratis.fr\/wp-content\/uploads\/Oplite-GTR-Back-Frame-_-OP-GTR-BF_6-1-1.png 1000w, https:\/\/oplitegames-preprod.ezratis.fr\/wp-content\/uploads\/Oplite-GTR-Back-Frame-_-OP-GTR-BF_6-1-1-300x300.png 300w, https:\/\/oplitegames-preprod.ezratis.fr\/wp-content\/uploads\/Oplite-GTR-Back-Frame-_-OP-GTR-BF_6-1-1-150x150.png 150w, https:\/\/oplitegames-preprod.ezratis.fr\/wp-content\/uploads\/Oplite-GTR-Back-Frame-_-OP-GTR-BF_6-1-1-768x768.png 768w, https:\/\/oplitegames-preprod.ezratis.fr\/wp-content\/uploads\/Oplite-GTR-Back-Frame-_-OP-GTR-BF_6-1-1-450x450.png 450w, https:\/\/oplitegames-preprod.ezratis.fr\/wp-content\/uploads\/Oplite-GTR-Back-Frame-_-OP-GTR-BF_6-1-1-120x120.png 120w, https:\/\/oplitegames-preprod.ezratis.fr\/wp-content\/uploads\/Oplite-GTR-Back-Frame-_-OP-GTR-BF_6-1-1-800x800.png 800w, https:\/\/oplitegames-preprod.ezratis.fr\/wp-content\/uploads\/Oplite-GTR-Back-Frame-_-OP-GTR-BF_6-1-1-64x64.png 64w\" sizes=\"(max-width: 1000px) 100vw, 1000px\" \/><\/p>\n","protected":false},"excerpt":{"rendered":"<p>&nbsp;<\/p>\n<p>Der GTR Radst\u00e4nder ist der erste professionelle St\u00e4nder, der sich zu einem GT\/Rally-Cockpit weiterentwickeln l\u00e4sst.<\/p>\n<p>Sein r\u00f6hrenf\u00f6rmiges Design erm\u00f6glicht die Entwicklung zu einem Cockpit dank des Oplite-Verbindungssystems &#8220;Quick connect&#8221; (Verbindungszylinder) und des optional erh\u00e4ltlichen &#8220;Back Frame GTR S3&#8221;-Schalensatzes.<\/p>\n<p>Es l\u00e4sst sich auf jede Gr\u00f6\u00dfe einstellen, ist stabil, steif und faltbar und bietet ein immersives Spielerlebnis. Es handelt sich um ein evolution\u00e4res Produkt, das es Ihnen erm\u00f6glicht, sich in zwei Schritten auszustatten.<br \/>\nDer GTR Radst\u00e4nder ist 100% kompatibel mit Lenkr\u00e4dern und Pedalen der Marken Thrustmaster\u00ae, Logitech\u00ae und Fanatec\u00ae.<\/p>\n[embed]https:\/\/www.youtube.com\/watch?v=fkTv_JZSYBE[\/embed]\n","protected":false},"featured_media":36714,"template":"","meta":{"_acf_changed":false,"footnotes":""},"product_brand":[],"product_cat":[732,692],"product_tag":[695,775,815,767,817],"class_list":{"0":"post-29455","1":"product","2":"type-product","3":"status-publish","4":"has-post-thumbnail","6":"product_cat-radstander","7":"product_cat-simulatoren","8":"product_tag-oplite-gaming-de","9":"product_tag-promo-10-pourcent-plus","10":"product_tag-promo-10-pourcent-plus-de","11":"product_tag-promotions","12":"product_tag-promotions-de","13":"pa_colisage-pcb-1-de","15":"first","16":"outofstock","17":"sale","18":"taxable","19":"shipping-taxable","20":"purchasable","21":"product-type-simple"},"bundled_by":[],"bundle_stock_status":"outofstock","bundle_stock_quantity":0,"bundle_virtual":false,"bundle_layout":"","bundle_add_to_cart_form_location":"","bundle_editable_in_cart":false,"bundle_sold_individually_context":"","bundle_item_grouping":"","bundle_min_size":"","bundle_max_size":"","bundle_price":[],"bundled_items":[],"bundle_sell_ids":[],"acf":[],"yoast_head":"<!-- This site is optimized with the Yoast SEO plugin v27.3 - https:\/\/yoast.com\/product\/yoast-seo-wordpress\/ -->\n<title>Radst\u00e4nder GTR - OPLITE<\/title>\n<meta name=\"robots\" content=\"index, follow, max-snippet:-1, max-image-preview:large, max-video-preview:-1\" \/>\n<link rel=\"canonical\" href=\"https:\/\/oplitegames.com\/de\/produkt\/oplite-wheel-stand-gtr\/\" \/>\n<meta property=\"og:locale\" content=\"de_DE\" \/>\n<meta property=\"og:type\" content=\"article\" \/>\n<meta property=\"og:title\" content=\"Radst\u00e4nder GTR - OPLITE\" \/>\n<meta property=\"og:description\" content=\"&nbsp;  Der GTR Radst\u00e4nder ist der erste professionelle St\u00e4nder, der sich zu einem GT\/Rally-Cockpit weiterentwickeln l\u00e4sst.  Sein r\u00f6hrenf\u00f6rmiges Design erm\u00f6glicht die Entwicklung zu einem Cockpit dank des Oplite-Verbindungssystems &quot;Quick connect&quot; (Verbindungszylinder) und des optional erh\u00e4ltlichen &quot;Back Frame GTR S3&quot;-Schalensatzes.  Es l\u00e4sst sich auf jede Gr\u00f6\u00dfe einstellen, ist stabil, steif und faltbar und bietet ein immersives Spielerlebnis. Es handelt sich um ein evolution\u00e4res Produkt, das es Ihnen erm\u00f6glicht, sich in zwei Schritten auszustatten. Der GTR Radst\u00e4nder ist 100% kompatibel mit Lenkr\u00e4dern und Pedalen der Marken Thrustmaster\u00ae, Logitech\u00ae und Fanatec\u00ae.\" \/>\n<meta property=\"og:url\" content=\"https:\/\/oplitegames.com\/de\/produkt\/oplite-wheel-stand-gtr\/\" \/>\n<meta property=\"og:site_name\" content=\"OPLITE\" \/>\n<meta property=\"article:modified_time\" content=\"2026-01-20T09:42:44+00:00\" \/>\n<meta property=\"og:image\" content=\"https:\/\/oplitegames.com\/wp-content\/uploads\/1-26.png\" \/>\n\t<meta property=\"og:image:width\" content=\"1200\" \/>\n\t<meta property=\"og:image:height\" content=\"1200\" \/>\n\t<meta property=\"og:image:type\" content=\"image\/png\" \/>\n<meta name=\"twitter:card\" content=\"summary_large_image\" \/>\n<meta name=\"twitter:label1\" content=\"Price\" \/>\n\t<meta name=\"twitter:data1\" content=\"159,90&nbsp;&euro;\" \/>\n\t<meta name=\"twitter:label2\" content=\"Availability\" \/>\n\t<meta name=\"twitter:data2\" content=\"Out of stock\" \/>\n<script type=\"application\/ld+json\" class=\"yoast-schema-graph\">{\"@context\":\"https:\\\/\\\/schema.org\",\"@graph\":[{\"@type\":[\"WebPage\",\"ItemPage\"],\"@id\":\"https:\\\/\\\/oplitegames.com\\\/de\\\/produkt\\\/oplite-wheel-stand-gtr\\\/\",\"url\":\"https:\\\/\\\/oplitegames.com\\\/de\\\/produkt\\\/oplite-wheel-stand-gtr\\\/\",\"name\":\"Radst\u00e4nder GTR - OPLITE\",\"isPartOf\":{\"@id\":\"https:\\\/\\\/oplitegames.com\\\/#website\"},\"primaryImageOfPage\":{\"@id\":\"https:\\\/\\\/oplitegames.com\\\/de\\\/produkt\\\/oplite-wheel-stand-gtr\\\/#primaryimage\"},\"image\":{\"@id\":\"https:\\\/\\\/oplitegames.com\\\/de\\\/produkt\\\/oplite-wheel-stand-gtr\\\/#primaryimage\"},\"thumbnailUrl\":\"https:\\\/\\\/oplitegames-preprod.ezratis.fr\\\/wp-content\\\/uploads\\\/1-26.png\",\"datePublished\":\"2022-11-29T14:18:00+00:00\",\"dateModified\":\"2026-01-20T09:42:44+00:00\",\"breadcrumb\":{\"@id\":\"https:\\\/\\\/oplitegames.com\\\/de\\\/produkt\\\/oplite-wheel-stand-gtr\\\/#breadcrumb\"},\"inLanguage\":\"de-DE\",\"potentialAction\":[{\"@type\":\"ReadAction\",\"target\":[\"https:\\\/\\\/oplitegames.com\\\/de\\\/produkt\\\/oplite-wheel-stand-gtr\\\/\"]}]},{\"@type\":\"ImageObject\",\"inLanguage\":\"de-DE\",\"@id\":\"https:\\\/\\\/oplitegames.com\\\/de\\\/produkt\\\/oplite-wheel-stand-gtr\\\/#primaryimage\",\"url\":\"https:\\\/\\\/oplitegames-preprod.ezratis.fr\\\/wp-content\\\/uploads\\\/1-26.png\",\"contentUrl\":\"https:\\\/\\\/oplitegames-preprod.ezratis.fr\\\/wp-content\\\/uploads\\\/1-26.png\",\"width\":1200,\"height\":1200},{\"@type\":\"BreadcrumbList\",\"@id\":\"https:\\\/\\\/oplitegames.com\\\/de\\\/produkt\\\/oplite-wheel-stand-gtr\\\/#breadcrumb\",\"itemListElement\":[{\"@type\":\"ListItem\",\"position\":1,\"name\":\"Home\",\"item\":\"https:\\\/\\\/oplitegames.com\\\/de\\\/\"},{\"@type\":\"ListItem\",\"position\":2,\"name\":\"Gesch\u00e4ft\",\"item\":\"https:\\\/\\\/oplitegames.com\\\/de\\\/geschaeft\\\/\"},{\"@type\":\"ListItem\",\"position\":3,\"name\":\"Radst\u00e4nder GTR\"}]},{\"@type\":\"WebSite\",\"@id\":\"https:\\\/\\\/oplitegames.com\\\/#website\",\"url\":\"https:\\\/\\\/oplitegames.com\\\/\",\"name\":\"OPLITE\",\"description\":\"\",\"publisher\":{\"@id\":\"https:\\\/\\\/oplitegames.com\\\/#organization\"},\"potentialAction\":[{\"@type\":\"SearchAction\",\"target\":{\"@type\":\"EntryPoint\",\"urlTemplate\":\"https:\\\/\\\/oplitegames.com\\\/?s={search_term_string}\"},\"query-input\":{\"@type\":\"PropertyValueSpecification\",\"valueRequired\":true,\"valueName\":\"search_term_string\"}}],\"inLanguage\":\"de-DE\"},{\"@type\":\"Organization\",\"@id\":\"https:\\\/\\\/oplitegames.com\\\/#organization\",\"name\":\"OPLITE\",\"url\":\"https:\\\/\\\/oplitegames.com\\\/\",\"logo\":{\"@type\":\"ImageObject\",\"inLanguage\":\"de-DE\",\"@id\":\"https:\\\/\\\/oplitegames.com\\\/#\\\/schema\\\/logo\\\/image\\\/\",\"url\":\"https:\\\/\\\/oplitegames-preprod.ezratis.fr\\\/wp-content\\\/uploads\\\/cropped-cropped-Oplite-Blanc-casse-002-scaled-1.png\",\"contentUrl\":\"https:\\\/\\\/oplitegames-preprod.ezratis.fr\\\/wp-content\\\/uploads\\\/cropped-cropped-Oplite-Blanc-casse-002-scaled-1.png\",\"width\":2509,\"height\":597,\"caption\":\"OPLITE\"},\"image\":{\"@id\":\"https:\\\/\\\/oplitegames.com\\\/#\\\/schema\\\/logo\\\/image\\\/\"}}]}<\/script>\n<meta property=\"product:price:amount\" content=\"159.90\" \/>\n<meta property=\"product:price:currency\" content=\"EUR\" \/>\n<meta property=\"og:availability\" content=\"out of stock\" \/>\n<meta property=\"product:availability\" content=\"out of stock\" \/>\n<meta property=\"product:retailer_item_id\" content=\"92654\" \/>\n<meta property=\"product:condition\" content=\"new\" \/>\n<!-- \/ Yoast SEO plugin. -->","yoast_head_json":{"title":"Radst\u00e4nder GTR - OPLITE","robots":{"index":"index","follow":"follow","max-snippet":"max-snippet:-1","max-image-preview":"max-image-preview:large","max-video-preview":"max-video-preview:-1"},"canonical":"https:\/\/oplitegames.com\/de\/produkt\/oplite-wheel-stand-gtr\/","og_locale":"de_DE","og_type":"article","og_title":"Radst\u00e4nder GTR - OPLITE","og_description":"&nbsp;  Der GTR Radst\u00e4nder ist der erste professionelle St\u00e4nder, der sich zu einem GT\/Rally-Cockpit weiterentwickeln l\u00e4sst.  Sein r\u00f6hrenf\u00f6rmiges Design erm\u00f6glicht die Entwicklung zu einem Cockpit dank des Oplite-Verbindungssystems \"Quick connect\" (Verbindungszylinder) und des optional erh\u00e4ltlichen \"Back Frame GTR S3\"-Schalensatzes.  Es l\u00e4sst sich auf jede Gr\u00f6\u00dfe einstellen, ist stabil, steif und faltbar und bietet ein immersives Spielerlebnis. Es handelt sich um ein evolution\u00e4res Produkt, das es Ihnen erm\u00f6glicht, sich in zwei Schritten auszustatten. Der GTR Radst\u00e4nder ist 100% kompatibel mit Lenkr\u00e4dern und Pedalen der Marken Thrustmaster\u00ae, Logitech\u00ae und Fanatec\u00ae.","og_url":"https:\/\/oplitegames.com\/de\/produkt\/oplite-wheel-stand-gtr\/","og_site_name":"OPLITE","article_modified_time":"2026-01-20T09:42:44+00:00","og_image":[{"width":1200,"height":1200,"url":"https:\/\/oplitegames.com\/wp-content\/uploads\/1-26.png","type":"image\/png"}],"twitter_card":"summary_large_image","twitter_misc":{"Price":"159,90&nbsp;&euro;","Availability":"Out of stock"},"schema":{"@context":"https:\/\/schema.org","@graph":[{"@type":["WebPage","ItemPage"],"@id":"https:\/\/oplitegames.com\/de\/produkt\/oplite-wheel-stand-gtr\/","url":"https:\/\/oplitegames.com\/de\/produkt\/oplite-wheel-stand-gtr\/","name":"Radst\u00e4nder GTR - OPLITE","isPartOf":{"@id":"https:\/\/oplitegames.com\/#website"},"primaryImageOfPage":{"@id":"https:\/\/oplitegames.com\/de\/produkt\/oplite-wheel-stand-gtr\/#primaryimage"},"image":{"@id":"https:\/\/oplitegames.com\/de\/produkt\/oplite-wheel-stand-gtr\/#primaryimage"},"thumbnailUrl":"https:\/\/oplitegames-preprod.ezratis.fr\/wp-content\/uploads\/1-26.png","datePublished":"2022-11-29T14:18:00+00:00","dateModified":"2026-01-20T09:42:44+00:00","breadcrumb":{"@id":"https:\/\/oplitegames.com\/de\/produkt\/oplite-wheel-stand-gtr\/#breadcrumb"},"inLanguage":"de-DE","potentialAction":[{"@type":"ReadAction","target":["https:\/\/oplitegames.com\/de\/produkt\/oplite-wheel-stand-gtr\/"]}]},{"@type":"ImageObject","inLanguage":"de-DE","@id":"https:\/\/oplitegames.com\/de\/produkt\/oplite-wheel-stand-gtr\/#primaryimage","url":"https:\/\/oplitegames-preprod.ezratis.fr\/wp-content\/uploads\/1-26.png","contentUrl":"https:\/\/oplitegames-preprod.ezratis.fr\/wp-content\/uploads\/1-26.png","width":1200,"height":1200},{"@type":"BreadcrumbList","@id":"https:\/\/oplitegames.com\/de\/produkt\/oplite-wheel-stand-gtr\/#breadcrumb","itemListElement":[{"@type":"ListItem","position":1,"name":"Home","item":"https:\/\/oplitegames.com\/de\/"},{"@type":"ListItem","position":2,"name":"Gesch\u00e4ft","item":"https:\/\/oplitegames.com\/de\/geschaeft\/"},{"@type":"ListItem","position":3,"name":"Radst\u00e4nder GTR"}]},{"@type":"WebSite","@id":"https:\/\/oplitegames.com\/#website","url":"https:\/\/oplitegames.com\/","name":"OPLITE","description":"","publisher":{"@id":"https:\/\/oplitegames.com\/#organization"},"potentialAction":[{"@type":"SearchAction","target":{"@type":"EntryPoint","urlTemplate":"https:\/\/oplitegames.com\/?s={search_term_string}"},"query-input":{"@type":"PropertyValueSpecification","valueRequired":true,"valueName":"search_term_string"}}],"inLanguage":"de-DE"},{"@type":"Organization","@id":"https:\/\/oplitegames.com\/#organization","name":"OPLITE","url":"https:\/\/oplitegames.com\/","logo":{"@type":"ImageObject","inLanguage":"de-DE","@id":"https:\/\/oplitegames.com\/#\/schema\/logo\/image\/","url":"https:\/\/oplitegames-preprod.ezratis.fr\/wp-content\/uploads\/cropped-cropped-Oplite-Blanc-casse-002-scaled-1.png","contentUrl":"https:\/\/oplitegames-preprod.ezratis.fr\/wp-content\/uploads\/cropped-cropped-Oplite-Blanc-casse-002-scaled-1.png","width":2509,"height":597,"caption":"OPLITE"},"image":{"@id":"https:\/\/oplitegames.com\/#\/schema\/logo\/image\/"}}]},"product_price_amount":"159.90","product_price_currency":"EUR","og_availability":"out of stock","product_availability":"out of stock","product_retailer_item_id":"92654","product_condition":"new"},"_links":{"self":[{"href":"https:\/\/oplitegames-preprod.ezratis.fr\/de\/wp-json\/wp\/v2\/product\/29455","targetHints":{"allow":["GET"]}}],"collection":[{"href":"https:\/\/oplitegames-preprod.ezratis.fr\/de\/wp-json\/wp\/v2\/product"}],"about":[{"href":"https:\/\/oplitegames-preprod.ezratis.fr\/de\/wp-json\/wp\/v2\/types\/product"}],"version-history":[{"count":5,"href":"https:\/\/oplitegames-preprod.ezratis.fr\/de\/wp-json\/wp\/v2\/product\/29455\/revisions"}],"predecessor-version":[{"id":53342,"href":"https:\/\/oplitegames-preprod.ezratis.fr\/de\/wp-json\/wp\/v2\/product\/29455\/revisions\/53342"}],"wp:featuredmedia":[{"embeddable":true,"href":"https:\/\/oplitegames-preprod.ezratis.fr\/de\/wp-json\/wp\/v2\/media\/36714"}],"wp:attachment":[{"href":"https:\/\/oplitegames-preprod.ezratis.fr\/de\/wp-json\/wp\/v2\/media?parent=29455"}],"wp:term":[{"taxonomy":"product_brand","embeddable":true,"href":"https:\/\/oplitegames-preprod.ezratis.fr\/de\/wp-json\/wp\/v2\/product_brand?post=29455"},{"taxonomy":"product_cat","embeddable":true,"href":"https:\/\/oplitegames-preprod.ezratis.fr\/de\/wp-json\/wp\/v2\/product_cat?post=29455"},{"taxonomy":"product_tag","embeddable":true,"href":"https:\/\/oplitegames-preprod.ezratis.fr\/de\/wp-json\/wp\/v2\/product_tag?post=29455"}],"curies":[{"name":"wp","href":"https:\/\/api.w.org\/{rel}","templated":true}]}}