{"id":29480,"date":"2022-10-27T15:03:32","date_gmt":"2022-10-27T13:03:32","guid":{"rendered":"https:\/\/oplitegames.com\/product\/nitrokart-chassis\/"},"modified":"2025-12-14T14:56:05","modified_gmt":"2025-12-14T13:56:05","slug":"nitrokart-chassis","status":"publish","type":"product","link":"https:\/\/oplitegames-preprod.ezratis.fr\/de\/produkt\/nitrokart-chassis\/","title":{"rendered":"NitroKart &#8211; Fahrgestell"},"content":{"rendered":"<p>Das NitroKart-Chassis wurde mit hochwertigen Materialien aus dem echten Kart-Rennsport f\u00fcr eine intensive Nutzung konzipiert. Es bietet eine beispielhafte Steifigkeit, die insbesondere die Verwendung einer Kombo aus Direct Drive-Lenkrad und LoadCell-Pedalen erm\u00f6glicht.<\/p>\n<p>Das NitroKart\u00ae ist zu 100 % kompatibel mit Lenkr\u00e4dern und Pedalen der Marken Thrustmaster\u00ae, Logitech\u00ae, Fanatec\u00ae und Hori\u00ae und wird die ganze Familie beim Erlernen des sportlichen Fahrens begleiten.<\/p>\n<p>&nbsp;<\/p>\n<p>&nbsp;<\/p>\n<hr \/>\n<p style=\"text-align: center;\"><strong>Beschreibung Technik \/ Neigungswinkel<\/strong><\/p>\n<p>Au\u00dfenrohr \u00d840mm aus 1,5mm starkem Kohlenstoffstahl, schwarz matt<br \/>\nInnenrohr \u00d835mm aus verchromtem Stahl, 2mm dick<br \/>\nTeleskopischer Ausziehmechanismus von 1m bis 1,580m ohne irgendwelche Werkzeuge<br \/>\nSchnellspannschellen und -rollen &#8216;Quick Clamp-Release System&#8221;<br \/>\n2,5 mm dicker Tretlager &#8211; 4 Neigungswinkel 0\u00b0\/+10\u00b0\/+14\u00b0\/+18\u00b0 f\u00fcr die Innenlager Heusinkveld, Venym, Simtag.<br \/>\n3 mm dicker Schalenhalter mit 3 Neigungspositionen 0\u00b0\/+7\u00b0\/+14\u00b0 Breite<br \/>\n2 mm dickes Lenkrad bietet 5 Neigungspositionen -30\u00b0\/ -15\u00b0\/0\u00b0\/+15\u00b0\/+30\u00b0 und eine H\u00f6henverstellung \u00fcber einen Bereich von 21 cm<br \/>\nDie Rohrachse erm\u00f6glicht auch eine axiale Schwenkung (vorne und hinten) f\u00fcr eine pr\u00e4zise Einstellung der Lenkradposition. (Tiefe)<\/p>\n<p><strong>Im Lieferumfang enthaltenes Zubeh\u00f6r:<\/strong><\/p>\n<ul>\n<li>8 rutschfeste Gummipads f\u00fcr perfekte Stabilit\u00e4t<\/li>\n<li>1 Gummiunterlage f\u00fcr die R\u00fcckenlehne des Schalensitzes<\/li>\n<li>1 Set mit 4 Kabelf\u00fchrungen<\/li>\n<li>1 Schraubset f\u00fcr Lenkrad und Kurbel M6x20<\/li>\n<li>1 Hori\u00ae-Innenlager-Schraubset<\/li>\n<li>8 Schrauben M6x20 zur Befestigung von Lenkr\u00e4dern und Pedalen<\/li>\n<\/ul>\n<p><img fetchpriority=\"high\" decoding=\"async\" class=\"aligncenter wp-image-29474 size-full\" src=\"https:\/\/oplitegames-preprod.ezratis.fr\/wp-content\/uploads\/3-6-1.png\" alt=\"\" width=\"1080\" height=\"720\" srcset=\"https:\/\/oplitegames-preprod.ezratis.fr\/wp-content\/uploads\/3-6-1.png 1080w, https:\/\/oplitegames-preprod.ezratis.fr\/wp-content\/uploads\/3-6-1-300x200.png 300w, https:\/\/oplitegames-preprod.ezratis.fr\/wp-content\/uploads\/3-6-1-1024x683.png 1024w, https:\/\/oplitegames-preprod.ezratis.fr\/wp-content\/uploads\/3-6-1-768x512.png 768w, https:\/\/oplitegames-preprod.ezratis.fr\/wp-content\/uploads\/3-6-1-120x80.png 120w, https:\/\/oplitegames-preprod.ezratis.fr\/wp-content\/uploads\/3-6-1-800x533.png 800w, https:\/\/oplitegames-preprod.ezratis.fr\/wp-content\/uploads\/3-6-1-64x43.png 64w\" sizes=\"(max-width: 1080px) 100vw, 1080px\" \/><\/p>\n","protected":false},"excerpt":{"rendered":"<p>NitroKart &#8211; Das revolution\u00e4re Simracing-Chassis NitroKart bietet Platz f\u00fcr Flachboden-Kartsitze aus dem Karting-Wettbewerb. Das NitroKart ist das weltweit erste SimRacing Cockpit f\u00fcr Gross und Klein. Dank seines schnellen Ausfahr- und Klemmmechanismus ist er in Sekundenschnelle verstellbar. Es ist die ideale L\u00f6sung f\u00fcr Familienpraxis und Esport der Autosimulation (SimRacing) auf Spielkonsole und PC.<\/p>\n[embed]https:\/\/www.youtube.com\/watch?v=NawNq8mHG0M[\/embed]\n","protected":false},"featured_media":36565,"template":"","meta":{"_acf_changed":false,"footnotes":""},"product_brand":[],"product_cat":[735,692],"product_tag":[695],"class_list":{"0":"post-29480","1":"product","2":"type-product","3":"status-publish","4":"has-post-thumbnail","6":"product_cat-cockpit-nitrokart-de","7":"product_cat-simulatoren","8":"product_tag-oplite-gaming-de","9":"pa_colisage-pcb-1-de","11":"first","12":"outofstock","13":"taxable","14":"shipping-taxable","15":"purchasable","16":"product-type-simple"},"bundled_by":[],"bundle_stock_status":"outofstock","bundle_stock_quantity":0,"bundle_virtual":false,"bundle_layout":"","bundle_add_to_cart_form_location":"","bundle_editable_in_cart":false,"bundle_sold_individually_context":"","bundle_item_grouping":"","bundle_min_size":"","bundle_max_size":"","bundle_price":[],"bundled_items":[],"bundle_sell_ids":[],"acf":[],"yoast_head":"<!-- This site is optimized with the Yoast SEO plugin v27.3 - https:\/\/yoast.com\/product\/yoast-seo-wordpress\/ -->\n<title>NitroKart - Fahrgestell - OPLITE<\/title>\n<meta name=\"robots\" content=\"index, follow, max-snippet:-1, max-image-preview:large, max-video-preview:-1\" \/>\n<link rel=\"canonical\" href=\"https:\/\/oplitegames.com\/de\/produkt\/nitrokart-chassis\/\" \/>\n<meta property=\"og:locale\" content=\"de_DE\" \/>\n<meta property=\"og:type\" content=\"article\" \/>\n<meta property=\"og:title\" content=\"NitroKart - Fahrgestell - OPLITE\" \/>\n<meta property=\"og:description\" content=\"NitroKart - Das revolution\u00e4re Simracing-Chassis NitroKart bietet Platz f\u00fcr Flachboden-Kartsitze aus dem Karting-Wettbewerb. Das NitroKart ist das weltweit erste SimRacing Cockpit f\u00fcr Gross und Klein. Dank seines schnellen Ausfahr- und Klemmmechanismus ist er in Sekundenschnelle verstellbar. Es ist die ideale L\u00f6sung f\u00fcr Familienpraxis und Esport der Autosimulation (SimRacing) auf Spielkonsole und PC.\" \/>\n<meta property=\"og:url\" content=\"https:\/\/oplitegames.com\/de\/produkt\/nitrokart-chassis\/\" \/>\n<meta property=\"og:site_name\" content=\"OPLITE\" \/>\n<meta property=\"article:modified_time\" content=\"2025-12-14T13:56:05+00:00\" \/>\n<meta property=\"og:image\" content=\"https:\/\/oplitegames.com\/wp-content\/uploads\/NitroKart-Chassis-OP-NK77-CH-CHASSIS-SEUL_Picture_1-2-1-copie.png\" \/>\n\t<meta property=\"og:image:width\" content=\"1000\" \/>\n\t<meta property=\"og:image:height\" content=\"1000\" \/>\n\t<meta property=\"og:image:type\" content=\"image\/png\" \/>\n<meta name=\"twitter:card\" content=\"summary_large_image\" \/>\n<meta name=\"twitter:label1\" content=\"Price\" \/>\n\t<meta name=\"twitter:data1\" content=\"99,90&nbsp;&euro;\" \/>\n\t<meta name=\"twitter:label2\" content=\"Availability\" \/>\n\t<meta name=\"twitter:data2\" content=\"Out of stock\" \/>\n<script type=\"application\/ld+json\" class=\"yoast-schema-graph\">{\"@context\":\"https:\\\/\\\/schema.org\",\"@graph\":[{\"@type\":[\"WebPage\",\"ItemPage\"],\"@id\":\"https:\\\/\\\/oplitegames.com\\\/de\\\/produkt\\\/nitrokart-chassis\\\/\",\"url\":\"https:\\\/\\\/oplitegames.com\\\/de\\\/produkt\\\/nitrokart-chassis\\\/\",\"name\":\"NitroKart - Fahrgestell - OPLITE\",\"isPartOf\":{\"@id\":\"https:\\\/\\\/oplitegames.com\\\/#website\"},\"primaryImageOfPage\":{\"@id\":\"https:\\\/\\\/oplitegames.com\\\/de\\\/produkt\\\/nitrokart-chassis\\\/#primaryimage\"},\"image\":{\"@id\":\"https:\\\/\\\/oplitegames.com\\\/de\\\/produkt\\\/nitrokart-chassis\\\/#primaryimage\"},\"thumbnailUrl\":\"https:\\\/\\\/oplitegames-preprod.ezratis.fr\\\/wp-content\\\/uploads\\\/NitroKart-Chassis-OP-NK77-CH-CHASSIS-SEUL_Picture_1-2-1-copie.png\",\"datePublished\":\"2022-10-27T13:03:32+00:00\",\"dateModified\":\"2025-12-14T13:56:05+00:00\",\"breadcrumb\":{\"@id\":\"https:\\\/\\\/oplitegames.com\\\/de\\\/produkt\\\/nitrokart-chassis\\\/#breadcrumb\"},\"inLanguage\":\"de-DE\",\"potentialAction\":[{\"@type\":\"ReadAction\",\"target\":[\"https:\\\/\\\/oplitegames.com\\\/de\\\/produkt\\\/nitrokart-chassis\\\/\"]}]},{\"@type\":\"ImageObject\",\"inLanguage\":\"de-DE\",\"@id\":\"https:\\\/\\\/oplitegames.com\\\/de\\\/produkt\\\/nitrokart-chassis\\\/#primaryimage\",\"url\":\"https:\\\/\\\/oplitegames-preprod.ezratis.fr\\\/wp-content\\\/uploads\\\/NitroKart-Chassis-OP-NK77-CH-CHASSIS-SEUL_Picture_1-2-1-copie.png\",\"contentUrl\":\"https:\\\/\\\/oplitegames-preprod.ezratis.fr\\\/wp-content\\\/uploads\\\/NitroKart-Chassis-OP-NK77-CH-CHASSIS-SEUL_Picture_1-2-1-copie.png\",\"width\":1000,\"height\":1000},{\"@type\":\"BreadcrumbList\",\"@id\":\"https:\\\/\\\/oplitegames.com\\\/de\\\/produkt\\\/nitrokart-chassis\\\/#breadcrumb\",\"itemListElement\":[{\"@type\":\"ListItem\",\"position\":1,\"name\":\"Home\",\"item\":\"https:\\\/\\\/oplitegames.com\\\/de\\\/\"},{\"@type\":\"ListItem\",\"position\":2,\"name\":\"Gesch\u00e4ft\",\"item\":\"https:\\\/\\\/oplitegames.com\\\/de\\\/geschaeft\\\/\"},{\"@type\":\"ListItem\",\"position\":3,\"name\":\"NitroKart &#8211; Fahrgestell\"}]},{\"@type\":\"WebSite\",\"@id\":\"https:\\\/\\\/oplitegames.com\\\/#website\",\"url\":\"https:\\\/\\\/oplitegames.com\\\/\",\"name\":\"OPLITE\",\"description\":\"\",\"publisher\":{\"@id\":\"https:\\\/\\\/oplitegames.com\\\/#organization\"},\"potentialAction\":[{\"@type\":\"SearchAction\",\"target\":{\"@type\":\"EntryPoint\",\"urlTemplate\":\"https:\\\/\\\/oplitegames.com\\\/?s={search_term_string}\"},\"query-input\":{\"@type\":\"PropertyValueSpecification\",\"valueRequired\":true,\"valueName\":\"search_term_string\"}}],\"inLanguage\":\"de-DE\"},{\"@type\":\"Organization\",\"@id\":\"https:\\\/\\\/oplitegames.com\\\/#organization\",\"name\":\"OPLITE\",\"url\":\"https:\\\/\\\/oplitegames.com\\\/\",\"logo\":{\"@type\":\"ImageObject\",\"inLanguage\":\"de-DE\",\"@id\":\"https:\\\/\\\/oplitegames.com\\\/#\\\/schema\\\/logo\\\/image\\\/\",\"url\":\"https:\\\/\\\/oplitegames-preprod.ezratis.fr\\\/wp-content\\\/uploads\\\/cropped-cropped-Oplite-Blanc-casse-002-scaled-1.png\",\"contentUrl\":\"https:\\\/\\\/oplitegames-preprod.ezratis.fr\\\/wp-content\\\/uploads\\\/cropped-cropped-Oplite-Blanc-casse-002-scaled-1.png\",\"width\":2509,\"height\":597,\"caption\":\"OPLITE\"},\"image\":{\"@id\":\"https:\\\/\\\/oplitegames.com\\\/#\\\/schema\\\/logo\\\/image\\\/\"}}]}<\/script>\n<meta property=\"product:price:amount\" content=\"99.90\" \/>\n<meta property=\"product:price:currency\" content=\"EUR\" \/>\n<meta property=\"og:availability\" content=\"out of stock\" \/>\n<meta property=\"product:availability\" content=\"out of stock\" \/>\n<meta property=\"product:retailer_item_id\" content=\"93544\" \/>\n<meta property=\"product:condition\" content=\"new\" \/>\n<!-- \/ Yoast SEO plugin. -->","yoast_head_json":{"title":"NitroKart - Fahrgestell - OPLITE","robots":{"index":"index","follow":"follow","max-snippet":"max-snippet:-1","max-image-preview":"max-image-preview:large","max-video-preview":"max-video-preview:-1"},"canonical":"https:\/\/oplitegames.com\/de\/produkt\/nitrokart-chassis\/","og_locale":"de_DE","og_type":"article","og_title":"NitroKart - Fahrgestell - OPLITE","og_description":"NitroKart - Das revolution\u00e4re Simracing-Chassis NitroKart bietet Platz f\u00fcr Flachboden-Kartsitze aus dem Karting-Wettbewerb. Das NitroKart ist das weltweit erste SimRacing Cockpit f\u00fcr Gross und Klein. Dank seines schnellen Ausfahr- und Klemmmechanismus ist er in Sekundenschnelle verstellbar. Es ist die ideale L\u00f6sung f\u00fcr Familienpraxis und Esport der Autosimulation (SimRacing) auf Spielkonsole und PC.","og_url":"https:\/\/oplitegames.com\/de\/produkt\/nitrokart-chassis\/","og_site_name":"OPLITE","article_modified_time":"2025-12-14T13:56:05+00:00","og_image":[{"width":1000,"height":1000,"url":"https:\/\/oplitegames.com\/wp-content\/uploads\/NitroKart-Chassis-OP-NK77-CH-CHASSIS-SEUL_Picture_1-2-1-copie.png","type":"image\/png"}],"twitter_card":"summary_large_image","twitter_misc":{"Price":"99,90&nbsp;&euro;","Availability":"Out of stock"},"schema":{"@context":"https:\/\/schema.org","@graph":[{"@type":["WebPage","ItemPage"],"@id":"https:\/\/oplitegames.com\/de\/produkt\/nitrokart-chassis\/","url":"https:\/\/oplitegames.com\/de\/produkt\/nitrokart-chassis\/","name":"NitroKart - Fahrgestell - OPLITE","isPartOf":{"@id":"https:\/\/oplitegames.com\/#website"},"primaryImageOfPage":{"@id":"https:\/\/oplitegames.com\/de\/produkt\/nitrokart-chassis\/#primaryimage"},"image":{"@id":"https:\/\/oplitegames.com\/de\/produkt\/nitrokart-chassis\/#primaryimage"},"thumbnailUrl":"https:\/\/oplitegames-preprod.ezratis.fr\/wp-content\/uploads\/NitroKart-Chassis-OP-NK77-CH-CHASSIS-SEUL_Picture_1-2-1-copie.png","datePublished":"2022-10-27T13:03:32+00:00","dateModified":"2025-12-14T13:56:05+00:00","breadcrumb":{"@id":"https:\/\/oplitegames.com\/de\/produkt\/nitrokart-chassis\/#breadcrumb"},"inLanguage":"de-DE","potentialAction":[{"@type":"ReadAction","target":["https:\/\/oplitegames.com\/de\/produkt\/nitrokart-chassis\/"]}]},{"@type":"ImageObject","inLanguage":"de-DE","@id":"https:\/\/oplitegames.com\/de\/produkt\/nitrokart-chassis\/#primaryimage","url":"https:\/\/oplitegames-preprod.ezratis.fr\/wp-content\/uploads\/NitroKart-Chassis-OP-NK77-CH-CHASSIS-SEUL_Picture_1-2-1-copie.png","contentUrl":"https:\/\/oplitegames-preprod.ezratis.fr\/wp-content\/uploads\/NitroKart-Chassis-OP-NK77-CH-CHASSIS-SEUL_Picture_1-2-1-copie.png","width":1000,"height":1000},{"@type":"BreadcrumbList","@id":"https:\/\/oplitegames.com\/de\/produkt\/nitrokart-chassis\/#breadcrumb","itemListElement":[{"@type":"ListItem","position":1,"name":"Home","item":"https:\/\/oplitegames.com\/de\/"},{"@type":"ListItem","position":2,"name":"Gesch\u00e4ft","item":"https:\/\/oplitegames.com\/de\/geschaeft\/"},{"@type":"ListItem","position":3,"name":"NitroKart &#8211; Fahrgestell"}]},{"@type":"WebSite","@id":"https:\/\/oplitegames.com\/#website","url":"https:\/\/oplitegames.com\/","name":"OPLITE","description":"","publisher":{"@id":"https:\/\/oplitegames.com\/#organization"},"potentialAction":[{"@type":"SearchAction","target":{"@type":"EntryPoint","urlTemplate":"https:\/\/oplitegames.com\/?s={search_term_string}"},"query-input":{"@type":"PropertyValueSpecification","valueRequired":true,"valueName":"search_term_string"}}],"inLanguage":"de-DE"},{"@type":"Organization","@id":"https:\/\/oplitegames.com\/#organization","name":"OPLITE","url":"https:\/\/oplitegames.com\/","logo":{"@type":"ImageObject","inLanguage":"de-DE","@id":"https:\/\/oplitegames.com\/#\/schema\/logo\/image\/","url":"https:\/\/oplitegames-preprod.ezratis.fr\/wp-content\/uploads\/cropped-cropped-Oplite-Blanc-casse-002-scaled-1.png","contentUrl":"https:\/\/oplitegames-preprod.ezratis.fr\/wp-content\/uploads\/cropped-cropped-Oplite-Blanc-casse-002-scaled-1.png","width":2509,"height":597,"caption":"OPLITE"},"image":{"@id":"https:\/\/oplitegames.com\/#\/schema\/logo\/image\/"}}]},"product_price_amount":"99.90","product_price_currency":"EUR","og_availability":"out of stock","product_availability":"out of stock","product_retailer_item_id":"93544","product_condition":"new"},"_links":{"self":[{"href":"https:\/\/oplitegames-preprod.ezratis.fr\/de\/wp-json\/wp\/v2\/product\/29480","targetHints":{"allow":["GET"]}}],"collection":[{"href":"https:\/\/oplitegames-preprod.ezratis.fr\/de\/wp-json\/wp\/v2\/product"}],"about":[{"href":"https:\/\/oplitegames-preprod.ezratis.fr\/de\/wp-json\/wp\/v2\/types\/product"}],"version-history":[{"count":3,"href":"https:\/\/oplitegames-preprod.ezratis.fr\/de\/wp-json\/wp\/v2\/product\/29480\/revisions"}],"predecessor-version":[{"id":50054,"href":"https:\/\/oplitegames-preprod.ezratis.fr\/de\/wp-json\/wp\/v2\/product\/29480\/revisions\/50054"}],"wp:featuredmedia":[{"embeddable":true,"href":"https:\/\/oplitegames-preprod.ezratis.fr\/de\/wp-json\/wp\/v2\/media\/36565"}],"wp:attachment":[{"href":"https:\/\/oplitegames-preprod.ezratis.fr\/de\/wp-json\/wp\/v2\/media?parent=29480"}],"wp:term":[{"taxonomy":"product_brand","embeddable":true,"href":"https:\/\/oplitegames-preprod.ezratis.fr\/de\/wp-json\/wp\/v2\/product_brand?post=29480"},{"taxonomy":"product_cat","embeddable":true,"href":"https:\/\/oplitegames-preprod.ezratis.fr\/de\/wp-json\/wp\/v2\/product_cat?post=29480"},{"taxonomy":"product_tag","embeddable":true,"href":"https:\/\/oplitegames-preprod.ezratis.fr\/de\/wp-json\/wp\/v2\/product_tag?post=29480"}],"curies":[{"name":"wp","href":"https:\/\/api.w.org\/{rel}","templated":true}]}}