{"id":29491,"date":"2022-10-27T15:03:34","date_gmt":"2022-10-27T13:03:34","guid":{"rendered":"https:\/\/oplitegames.com\/product\/nitrokart-universal-seat-reducer-usr\/"},"modified":"2025-10-08T14:26:11","modified_gmt":"2025-10-08T12:26:11","slug":"nitrokart-universal-seat-reducer-usr","status":"publish","type":"product","link":"https:\/\/oplitegames-preprod.ezratis.fr\/de\/produkt\/nitrokart-universal-seat-reducer-usr\/","title":{"rendered":"NitroKart &#8211; Universal-Sitzverkleinerer &#8211; USR"},"content":{"rendered":"<p>Ein professioneller Sitzverkleinerer, auch \u00dcberschale genannt, aus hochdichtem Elastomer, der den geltenden Gesundheitsnormen entspricht.<br \/>\nEr ist so konzipiert, dass er sich perfekt an die Form der Schalensitze in den Gr\u00f6\u00dfen M\/L und XL\/XXXL anpasst. Er wird einfach aufgesteckt und erm\u00f6glicht auch kleineren Personen einen perfekten Halt w\u00e4hrend der Spielsitzungen.<\/p>\n<p>Das NitroKart USR kann in realen Go-Karts verwendet werden und eignet sich perfekt f\u00fcr Verleihfirmen oder Privatpersonen.<\/p>\n<p><img fetchpriority=\"high\" decoding=\"async\" class=\"aligncenter wp-image-29496 size-full\" src=\"https:\/\/oplitegames-preprod.ezratis.fr\/wp-content\/uploads\/2-11-1.png\" alt=\"\" width=\"1080\" height=\"720\" srcset=\"https:\/\/oplitegames-preprod.ezratis.fr\/wp-content\/uploads\/2-11-1.png 1080w, https:\/\/oplitegames-preprod.ezratis.fr\/wp-content\/uploads\/2-11-1-300x200.png 300w, https:\/\/oplitegames-preprod.ezratis.fr\/wp-content\/uploads\/2-11-1-1024x683.png 1024w, https:\/\/oplitegames-preprod.ezratis.fr\/wp-content\/uploads\/2-11-1-768x512.png 768w, https:\/\/oplitegames-preprod.ezratis.fr\/wp-content\/uploads\/2-11-1-120x80.png 120w, https:\/\/oplitegames-preprod.ezratis.fr\/wp-content\/uploads\/2-11-1-800x533.png 800w, https:\/\/oplitegames-preprod.ezratis.fr\/wp-content\/uploads\/2-11-1-64x43.png 64w\" sizes=\"(max-width: 1080px) 100vw, 1080px\" \/><\/p>\n","protected":false},"excerpt":{"rendered":"<p>Ein professioneller Sitzverkleinerer, auch \u00dcberschale genannt, aus hochdichtem Elastomer, der den geltenden Gesundheitsnormen entspricht. Er ist so konzipiert, dass er sich perfekt an die Form der Schalensitze in den Gr\u00f6\u00dfen M\/L und XL\/XXXL anpasst. Er wird einfach aufgesteckt und erm\u00f6glicht auch kleineren Personen einen perfekten Halt w\u00e4hrend der Spielsitzungen. Das NitroKart USR kann in realen Go-Karts verwendet werden und eignet sich perfekt f\u00fcr Verleihfirmen oder Privatpersonen.<\/p>\n","protected":false},"featured_media":26613,"template":"","meta":{"_acf_changed":false,"footnotes":""},"product_brand":[],"product_cat":[735,692],"product_tag":[695],"class_list":{"0":"post-29491","1":"product","2":"type-product","3":"status-publish","4":"has-post-thumbnail","6":"product_cat-cockpit-nitrokart-de","7":"product_cat-simulatoren","8":"product_tag-oplite-gaming-de","9":"pa_colisage-pcb-1-de","11":"first","12":"outofstock","13":"taxable","14":"shipping-taxable","15":"purchasable","16":"product-type-simple"},"bundled_by":["39381"],"bundle_stock_status":"outofstock","bundle_stock_quantity":0,"bundle_virtual":false,"bundle_layout":"","bundle_add_to_cart_form_location":"","bundle_editable_in_cart":false,"bundle_sold_individually_context":"","bundle_item_grouping":"","bundle_min_size":"","bundle_max_size":"","bundle_price":[],"bundled_items":[],"bundle_sell_ids":[],"acf":[],"yoast_head":"<!-- This site is optimized with the Yoast SEO plugin v27.3 - https:\/\/yoast.com\/product\/yoast-seo-wordpress\/ -->\n<title>NitroKart - Universal-Sitzverkleinerer - USR - OPLITE<\/title>\n<meta name=\"robots\" content=\"index, follow, max-snippet:-1, max-image-preview:large, max-video-preview:-1\" \/>\n<link rel=\"canonical\" href=\"https:\/\/oplitegames.com\/de\/produkt\/nitrokart-universal-seat-reducer-usr\/\" \/>\n<meta property=\"og:locale\" content=\"de_DE\" \/>\n<meta property=\"og:type\" content=\"article\" \/>\n<meta property=\"og:title\" content=\"NitroKart - Universal-Sitzverkleinerer - USR - OPLITE\" \/>\n<meta property=\"og:description\" content=\"Ein professioneller Sitzverkleinerer, auch \u00dcberschale genannt, aus hochdichtem Elastomer, der den geltenden Gesundheitsnormen entspricht. Er ist so konzipiert, dass er sich perfekt an die Form der Schalensitze in den Gr\u00f6\u00dfen M\/L und XL\/XXXL anpasst. Er wird einfach aufgesteckt und erm\u00f6glicht auch kleineren Personen einen perfekten Halt w\u00e4hrend der Spielsitzungen. Das NitroKart USR kann in realen Go-Karts verwendet werden und eignet sich perfekt f\u00fcr Verleihfirmen oder Privatpersonen.\" \/>\n<meta property=\"og:url\" content=\"https:\/\/oplitegames.com\/de\/produkt\/nitrokart-universal-seat-reducer-usr\/\" \/>\n<meta property=\"og:site_name\" content=\"OPLITE\" \/>\n<meta property=\"article:modified_time\" content=\"2025-10-08T12:26:11+00:00\" \/>\n<meta property=\"og:image\" content=\"https:\/\/oplitegames.com\/wp-content\/uploads\/NitroKart-Seat-Reducer-OP-NK77-SR-REDUCTEUR-DE-SIEGE-SEUL_Picture_1-2-1.jpg\" \/>\n\t<meta property=\"og:image:width\" content=\"1000\" \/>\n\t<meta property=\"og:image:height\" content=\"1000\" \/>\n\t<meta property=\"og:image:type\" content=\"image\/jpeg\" \/>\n<meta name=\"twitter:card\" content=\"summary_large_image\" \/>\n<meta name=\"twitter:label1\" content=\"Price\" \/>\n\t<meta name=\"twitter:data1\" content=\"79,90&nbsp;&euro;\" \/>\n\t<meta name=\"twitter:label2\" content=\"Availability\" \/>\n\t<meta name=\"twitter:data2\" content=\"Out of stock\" \/>\n<script type=\"application\/ld+json\" class=\"yoast-schema-graph\">{\"@context\":\"https:\\\/\\\/schema.org\",\"@graph\":[{\"@type\":[\"WebPage\",\"ItemPage\"],\"@id\":\"https:\\\/\\\/oplitegames.com\\\/de\\\/produkt\\\/nitrokart-universal-seat-reducer-usr\\\/\",\"url\":\"https:\\\/\\\/oplitegames.com\\\/de\\\/produkt\\\/nitrokart-universal-seat-reducer-usr\\\/\",\"name\":\"NitroKart - Universal-Sitzverkleinerer - USR - OPLITE\",\"isPartOf\":{\"@id\":\"https:\\\/\\\/oplitegames.com\\\/#website\"},\"primaryImageOfPage\":{\"@id\":\"https:\\\/\\\/oplitegames.com\\\/de\\\/produkt\\\/nitrokart-universal-seat-reducer-usr\\\/#primaryimage\"},\"image\":{\"@id\":\"https:\\\/\\\/oplitegames.com\\\/de\\\/produkt\\\/nitrokart-universal-seat-reducer-usr\\\/#primaryimage\"},\"thumbnailUrl\":\"https:\\\/\\\/oplitegames-preprod.ezratis.fr\\\/wp-content\\\/uploads\\\/NitroKart-Seat-Reducer-OP-NK77-SR-REDUCTEUR-DE-SIEGE-SEUL_Picture_1-2-1.jpg\",\"datePublished\":\"2022-10-27T13:03:34+00:00\",\"dateModified\":\"2025-10-08T12:26:11+00:00\",\"breadcrumb\":{\"@id\":\"https:\\\/\\\/oplitegames.com\\\/de\\\/produkt\\\/nitrokart-universal-seat-reducer-usr\\\/#breadcrumb\"},\"inLanguage\":\"de-DE\",\"potentialAction\":[{\"@type\":\"ReadAction\",\"target\":[\"https:\\\/\\\/oplitegames.com\\\/de\\\/produkt\\\/nitrokart-universal-seat-reducer-usr\\\/\"]}]},{\"@type\":\"ImageObject\",\"inLanguage\":\"de-DE\",\"@id\":\"https:\\\/\\\/oplitegames.com\\\/de\\\/produkt\\\/nitrokart-universal-seat-reducer-usr\\\/#primaryimage\",\"url\":\"https:\\\/\\\/oplitegames-preprod.ezratis.fr\\\/wp-content\\\/uploads\\\/NitroKart-Seat-Reducer-OP-NK77-SR-REDUCTEUR-DE-SIEGE-SEUL_Picture_1-2-1.jpg\",\"contentUrl\":\"https:\\\/\\\/oplitegames-preprod.ezratis.fr\\\/wp-content\\\/uploads\\\/NitroKart-Seat-Reducer-OP-NK77-SR-REDUCTEUR-DE-SIEGE-SEUL_Picture_1-2-1.jpg\",\"width\":1000,\"height\":1000},{\"@type\":\"BreadcrumbList\",\"@id\":\"https:\\\/\\\/oplitegames.com\\\/de\\\/produkt\\\/nitrokart-universal-seat-reducer-usr\\\/#breadcrumb\",\"itemListElement\":[{\"@type\":\"ListItem\",\"position\":1,\"name\":\"Home\",\"item\":\"https:\\\/\\\/oplitegames.com\\\/de\\\/\"},{\"@type\":\"ListItem\",\"position\":2,\"name\":\"Gesch\u00e4ft\",\"item\":\"https:\\\/\\\/oplitegames.com\\\/de\\\/geschaeft\\\/\"},{\"@type\":\"ListItem\",\"position\":3,\"name\":\"NitroKart &#8211; Universal-Sitzverkleinerer &#8211; USR\"}]},{\"@type\":\"WebSite\",\"@id\":\"https:\\\/\\\/oplitegames.com\\\/#website\",\"url\":\"https:\\\/\\\/oplitegames.com\\\/\",\"name\":\"OPLITE\",\"description\":\"\",\"publisher\":{\"@id\":\"https:\\\/\\\/oplitegames.com\\\/#organization\"},\"potentialAction\":[{\"@type\":\"SearchAction\",\"target\":{\"@type\":\"EntryPoint\",\"urlTemplate\":\"https:\\\/\\\/oplitegames.com\\\/?s={search_term_string}\"},\"query-input\":{\"@type\":\"PropertyValueSpecification\",\"valueRequired\":true,\"valueName\":\"search_term_string\"}}],\"inLanguage\":\"de-DE\"},{\"@type\":\"Organization\",\"@id\":\"https:\\\/\\\/oplitegames.com\\\/#organization\",\"name\":\"OPLITE\",\"url\":\"https:\\\/\\\/oplitegames.com\\\/\",\"logo\":{\"@type\":\"ImageObject\",\"inLanguage\":\"de-DE\",\"@id\":\"https:\\\/\\\/oplitegames.com\\\/#\\\/schema\\\/logo\\\/image\\\/\",\"url\":\"https:\\\/\\\/oplitegames-preprod.ezratis.fr\\\/wp-content\\\/uploads\\\/cropped-cropped-Oplite-Blanc-casse-002-scaled-1.png\",\"contentUrl\":\"https:\\\/\\\/oplitegames-preprod.ezratis.fr\\\/wp-content\\\/uploads\\\/cropped-cropped-Oplite-Blanc-casse-002-scaled-1.png\",\"width\":2509,\"height\":597,\"caption\":\"OPLITE\"},\"image\":{\"@id\":\"https:\\\/\\\/oplitegames.com\\\/#\\\/schema\\\/logo\\\/image\\\/\"}}]}<\/script>\n<meta property=\"product:price:amount\" content=\"79.90\" \/>\n<meta property=\"product:price:currency\" content=\"EUR\" \/>\n<meta property=\"og:availability\" content=\"out of stock\" \/>\n<meta property=\"product:availability\" content=\"out of stock\" \/>\n<meta property=\"product:retailer_item_id\" content=\"93546\" \/>\n<meta property=\"product:condition\" content=\"new\" \/>\n<!-- \/ Yoast SEO plugin. -->","yoast_head_json":{"title":"NitroKart - Universal-Sitzverkleinerer - USR - OPLITE","robots":{"index":"index","follow":"follow","max-snippet":"max-snippet:-1","max-image-preview":"max-image-preview:large","max-video-preview":"max-video-preview:-1"},"canonical":"https:\/\/oplitegames.com\/de\/produkt\/nitrokart-universal-seat-reducer-usr\/","og_locale":"de_DE","og_type":"article","og_title":"NitroKart - Universal-Sitzverkleinerer - USR - OPLITE","og_description":"Ein professioneller Sitzverkleinerer, auch \u00dcberschale genannt, aus hochdichtem Elastomer, der den geltenden Gesundheitsnormen entspricht. Er ist so konzipiert, dass er sich perfekt an die Form der Schalensitze in den Gr\u00f6\u00dfen M\/L und XL\/XXXL anpasst. Er wird einfach aufgesteckt und erm\u00f6glicht auch kleineren Personen einen perfekten Halt w\u00e4hrend der Spielsitzungen. Das NitroKart USR kann in realen Go-Karts verwendet werden und eignet sich perfekt f\u00fcr Verleihfirmen oder Privatpersonen.","og_url":"https:\/\/oplitegames.com\/de\/produkt\/nitrokart-universal-seat-reducer-usr\/","og_site_name":"OPLITE","article_modified_time":"2025-10-08T12:26:11+00:00","og_image":[{"width":1000,"height":1000,"url":"https:\/\/oplitegames.com\/wp-content\/uploads\/NitroKart-Seat-Reducer-OP-NK77-SR-REDUCTEUR-DE-SIEGE-SEUL_Picture_1-2-1.jpg","type":"image\/jpeg"}],"twitter_card":"summary_large_image","twitter_misc":{"Price":"79,90&nbsp;&euro;","Availability":"Out of stock"},"schema":{"@context":"https:\/\/schema.org","@graph":[{"@type":["WebPage","ItemPage"],"@id":"https:\/\/oplitegames.com\/de\/produkt\/nitrokart-universal-seat-reducer-usr\/","url":"https:\/\/oplitegames.com\/de\/produkt\/nitrokart-universal-seat-reducer-usr\/","name":"NitroKart - Universal-Sitzverkleinerer - USR - OPLITE","isPartOf":{"@id":"https:\/\/oplitegames.com\/#website"},"primaryImageOfPage":{"@id":"https:\/\/oplitegames.com\/de\/produkt\/nitrokart-universal-seat-reducer-usr\/#primaryimage"},"image":{"@id":"https:\/\/oplitegames.com\/de\/produkt\/nitrokart-universal-seat-reducer-usr\/#primaryimage"},"thumbnailUrl":"https:\/\/oplitegames-preprod.ezratis.fr\/wp-content\/uploads\/NitroKart-Seat-Reducer-OP-NK77-SR-REDUCTEUR-DE-SIEGE-SEUL_Picture_1-2-1.jpg","datePublished":"2022-10-27T13:03:34+00:00","dateModified":"2025-10-08T12:26:11+00:00","breadcrumb":{"@id":"https:\/\/oplitegames.com\/de\/produkt\/nitrokart-universal-seat-reducer-usr\/#breadcrumb"},"inLanguage":"de-DE","potentialAction":[{"@type":"ReadAction","target":["https:\/\/oplitegames.com\/de\/produkt\/nitrokart-universal-seat-reducer-usr\/"]}]},{"@type":"ImageObject","inLanguage":"de-DE","@id":"https:\/\/oplitegames.com\/de\/produkt\/nitrokart-universal-seat-reducer-usr\/#primaryimage","url":"https:\/\/oplitegames-preprod.ezratis.fr\/wp-content\/uploads\/NitroKart-Seat-Reducer-OP-NK77-SR-REDUCTEUR-DE-SIEGE-SEUL_Picture_1-2-1.jpg","contentUrl":"https:\/\/oplitegames-preprod.ezratis.fr\/wp-content\/uploads\/NitroKart-Seat-Reducer-OP-NK77-SR-REDUCTEUR-DE-SIEGE-SEUL_Picture_1-2-1.jpg","width":1000,"height":1000},{"@type":"BreadcrumbList","@id":"https:\/\/oplitegames.com\/de\/produkt\/nitrokart-universal-seat-reducer-usr\/#breadcrumb","itemListElement":[{"@type":"ListItem","position":1,"name":"Home","item":"https:\/\/oplitegames.com\/de\/"},{"@type":"ListItem","position":2,"name":"Gesch\u00e4ft","item":"https:\/\/oplitegames.com\/de\/geschaeft\/"},{"@type":"ListItem","position":3,"name":"NitroKart &#8211; Universal-Sitzverkleinerer &#8211; USR"}]},{"@type":"WebSite","@id":"https:\/\/oplitegames.com\/#website","url":"https:\/\/oplitegames.com\/","name":"OPLITE","description":"","publisher":{"@id":"https:\/\/oplitegames.com\/#organization"},"potentialAction":[{"@type":"SearchAction","target":{"@type":"EntryPoint","urlTemplate":"https:\/\/oplitegames.com\/?s={search_term_string}"},"query-input":{"@type":"PropertyValueSpecification","valueRequired":true,"valueName":"search_term_string"}}],"inLanguage":"de-DE"},{"@type":"Organization","@id":"https:\/\/oplitegames.com\/#organization","name":"OPLITE","url":"https:\/\/oplitegames.com\/","logo":{"@type":"ImageObject","inLanguage":"de-DE","@id":"https:\/\/oplitegames.com\/#\/schema\/logo\/image\/","url":"https:\/\/oplitegames-preprod.ezratis.fr\/wp-content\/uploads\/cropped-cropped-Oplite-Blanc-casse-002-scaled-1.png","contentUrl":"https:\/\/oplitegames-preprod.ezratis.fr\/wp-content\/uploads\/cropped-cropped-Oplite-Blanc-casse-002-scaled-1.png","width":2509,"height":597,"caption":"OPLITE"},"image":{"@id":"https:\/\/oplitegames.com\/#\/schema\/logo\/image\/"}}]},"product_price_amount":"79.90","product_price_currency":"EUR","og_availability":"out of stock","product_availability":"out of stock","product_retailer_item_id":"93546","product_condition":"new"},"_links":{"self":[{"href":"https:\/\/oplitegames-preprod.ezratis.fr\/de\/wp-json\/wp\/v2\/product\/29491","targetHints":{"allow":["GET"]}}],"collection":[{"href":"https:\/\/oplitegames-preprod.ezratis.fr\/de\/wp-json\/wp\/v2\/product"}],"about":[{"href":"https:\/\/oplitegames-preprod.ezratis.fr\/de\/wp-json\/wp\/v2\/types\/product"}],"version-history":[{"count":1,"href":"https:\/\/oplitegames-preprod.ezratis.fr\/de\/wp-json\/wp\/v2\/product\/29491\/revisions"}],"predecessor-version":[{"id":39227,"href":"https:\/\/oplitegames-preprod.ezratis.fr\/de\/wp-json\/wp\/v2\/product\/29491\/revisions\/39227"}],"wp:featuredmedia":[{"embeddable":true,"href":"https:\/\/oplitegames-preprod.ezratis.fr\/de\/wp-json\/wp\/v2\/media\/26613"}],"wp:attachment":[{"href":"https:\/\/oplitegames-preprod.ezratis.fr\/de\/wp-json\/wp\/v2\/media?parent=29491"}],"wp:term":[{"taxonomy":"product_brand","embeddable":true,"href":"https:\/\/oplitegames-preprod.ezratis.fr\/de\/wp-json\/wp\/v2\/product_brand?post=29491"},{"taxonomy":"product_cat","embeddable":true,"href":"https:\/\/oplitegames-preprod.ezratis.fr\/de\/wp-json\/wp\/v2\/product_cat?post=29491"},{"taxonomy":"product_tag","embeddable":true,"href":"https:\/\/oplitegames-preprod.ezratis.fr\/de\/wp-json\/wp\/v2\/product_tag?post=29491"}],"curies":[{"name":"wp","href":"https:\/\/api.w.org\/{rel}","templated":true}]}}