{"id":29499,"date":"2022-11-29T15:18:01","date_gmt":"2022-11-29T14:18:01","guid":{"rendered":"https:\/\/oplitegames.com\/product\/oplite-gtr-s3-simrace-flightsim-holder\/"},"modified":"2026-01-20T10:44:04","modified_gmt":"2026-01-20T09:44:04","slug":"oplite-gtr-s3-simrace-flightsim-holder","status":"publish","type":"product","link":"https:\/\/oplitegames-preprod.ezratis.fr\/de\/produkt\/oplite-gtr-s3-simrace-flightsim-holder\/","title":{"rendered":"Simracing &amp; Flightsim Holder"},"content":{"rendered":"<p>Der Simrace und FlightSim Holder ist f\u00fcr die anspruchsvollsten Simulationsfans gedacht.<br \/>\nDieser Halter erm\u00f6glicht es Ihnen, Ihre Peripherieger\u00e4te f\u00fcr Auto- und Flugsimulationen zu halten: Getriebe, Handbremse, Gashebel und Joystick.<br \/>\nDie Halterung wurde f\u00fcr das OPLITE Full Force Kit (OP-GTR-BBT) entwickelt und bietet eine pr\u00e4zise Anpassung in drei Achsen, darunter H\u00f6he und Tiefe, um die Ergonomie Ihrer Installation entsprechend Ihrer Morphologie zu optimieren.<br \/>\nDie Steifigkeit des Ger\u00e4ts besteht zu 100 % aus Karbonstahl und erm\u00f6glicht es Ihnen, pl\u00f6tzliche und wiederholte Bewegungen zu bew\u00e4ltigen und gleichzeitig eine hohe Stabilit\u00e4t beizubehalten.<br \/>\nDie Kombination aus einer Vielzahl von Befestigungspunkten (Rund- und Langl\u00f6cher) garantiert eine vollst\u00e4ndige Kompatibilit\u00e4t mit den meisten auf dem Markt erh\u00e4ltlichen Ger\u00e4ten.<\/p>\n<hr \/>\n<p><strong><u>Simracing Zubeh\u00f6r-Kompatibilit\u00e4t*:<\/u><\/strong><\/p>\n<p>100% Support Kompatibel mit Schalt- und Handbremsen der Marken Thrustmaster\u00ae, Logitech\u00ae, Fanatec\u00ae, Simagic\u00ae und MOZA\u00ae<\/p>\n<p><strong><u>Flightsim Zubeh\u00f6r-Kompatibilit\u00e4t*:<\/u><\/strong><\/p>\n<p>100% Support Kompatibel mit Thrustmaster\u00ae HOTAS Warthog\u2122, T.16000M FCS Hotas, TCA Airbus Edition, TWCS<br \/>\n100% Support Kompatibel mit Logitech\/Saitek\u00ae Ger\u00e4ten X52, X52 Pro, X55, X56, G Saitek Pro Flight Yoke<\/p>\n<p><strong><u>Technische Daten:<\/u><\/strong><\/p>\n<p>Kohlenstoffstahlplatte in 3mm Dicke<br \/>\nFarbe: Schwarz Matt, hohe Festigkeit<br \/>\nH\u00f6he: 95 mm, Breite 214 mm, Tiefe 400mm<\/p>\n<p><strong><u>Packungsinhalt: <\/u><\/strong><\/p>\n<ul>\n<li>SimRace &amp; FlightSim Holder<\/li>\n<li>Schraubset zur Befestigung an OP-GTR-BBT<\/li>\n<\/ul>\n<p><strong><u>Produktkompatibilit\u00e4t OPLITE:<\/u><\/strong><\/p>\n<ul>\n<li>OPLITE Full Force KIT (OP-GTR-BBT)<\/li>\n<li>Jede Generation der OPLITE GTR-S3 und GTR-S8 Cockpits<\/li>\n<\/ul>\n<p><small>*F\u00fcr eine optimale Kompatibilit\u00e4t mit bestimmten Ger\u00e4ten k\u00f6nnen kleine Anpassungen erforderlich sein. Seien Sie unbesorgt: Die Qualit\u00e4t und Garantie Ihres Produkts bleiben davon unber\u00fchrt. <\/small><\/p>\n<hr \/>\n<p><img fetchpriority=\"high\" decoding=\"async\" class=\"aligncenter wp-image-29626 size-full\" src=\"https:\/\/oplitegames-preprod.ezratis.fr\/wp-content\/uploads\/OP-GTR-FSH_ST_06-2.png\" alt=\"\" width=\"1000\" height=\"1000\" srcset=\"https:\/\/oplitegames-preprod.ezratis.fr\/wp-content\/uploads\/OP-GTR-FSH_ST_06-2.png 1000w, https:\/\/oplitegames-preprod.ezratis.fr\/wp-content\/uploads\/OP-GTR-FSH_ST_06-2-300x300.png 300w, https:\/\/oplitegames-preprod.ezratis.fr\/wp-content\/uploads\/OP-GTR-FSH_ST_06-2-150x150.png 150w, https:\/\/oplitegames-preprod.ezratis.fr\/wp-content\/uploads\/OP-GTR-FSH_ST_06-2-768x768.png 768w, https:\/\/oplitegames-preprod.ezratis.fr\/wp-content\/uploads\/OP-GTR-FSH_ST_06-2-450x450.png 450w, https:\/\/oplitegames-preprod.ezratis.fr\/wp-content\/uploads\/OP-GTR-FSH_ST_06-2-120x120.png 120w, https:\/\/oplitegames-preprod.ezratis.fr\/wp-content\/uploads\/OP-GTR-FSH_ST_06-2-800x800.png 800w, https:\/\/oplitegames-preprod.ezratis.fr\/wp-content\/uploads\/OP-GTR-FSH_ST_06-2-64x64.png 64w\" sizes=\"(max-width: 1000px) 100vw, 1000px\" \/><\/p>\n","protected":false},"excerpt":{"rendered":"<p>Der Simrace und FlightSim Holder ist f\u00fcr die anspruchsvollsten Simulationsfans gedacht.<br \/>\nDieser Halter erm\u00f6glicht es Ihnen, Ihre Peripherieger\u00e4te f\u00fcr Auto- und Flugsimulationen zu halten: Getriebe, Handbremse, Gashebel und Joystick.<\/p>\n","protected":false},"featured_media":26552,"template":"","meta":{"_acf_changed":false,"footnotes":""},"product_brand":[],"product_cat":[693,762,692],"product_tag":[695],"class_list":{"0":"post-29499","1":"product","2":"type-product","3":"status-publish","4":"has-post-thumbnail","6":"product_cat-cockpit-gtr-s3-de","7":"product_cat-cockpit-gtr-s8-infinity-de","8":"product_cat-simulatoren","9":"product_tag-oplite-gaming-de","10":"pa_colisage-pcb-827","11":"pa_colisage-pcb-4-de","13":"first","14":"outofstock","15":"taxable","16":"shipping-taxable","17":"purchasable","18":"product-type-simple"},"bundled_by":[],"bundle_stock_status":"outofstock","bundle_stock_quantity":0,"bundle_virtual":false,"bundle_layout":"","bundle_add_to_cart_form_location":"","bundle_editable_in_cart":false,"bundle_sold_individually_context":"","bundle_item_grouping":"","bundle_min_size":"","bundle_max_size":"","bundle_price":[],"bundled_items":[],"bundle_sell_ids":[],"acf":[],"yoast_head":"<!-- This site is optimized with the Yoast SEO plugin v27.3 - https:\/\/yoast.com\/product\/yoast-seo-wordpress\/ -->\n<title>Simracing &amp; Flightsim Holder - OPLITE<\/title>\n<meta name=\"robots\" content=\"index, follow, max-snippet:-1, max-image-preview:large, max-video-preview:-1\" \/>\n<link rel=\"canonical\" href=\"https:\/\/oplitegames.com\/de\/produkt\/oplite-gtr-s3-simrace-flightsim-holder\/\" \/>\n<meta property=\"og:locale\" content=\"de_DE\" \/>\n<meta property=\"og:type\" content=\"article\" \/>\n<meta property=\"og:title\" content=\"Simracing &amp; Flightsim Holder - OPLITE\" \/>\n<meta property=\"og:description\" content=\"Der Simrace und FlightSim Holder ist f\u00fcr die anspruchsvollsten Simulationsfans gedacht. Dieser Halter erm\u00f6glicht es Ihnen, Ihre Peripherieger\u00e4te f\u00fcr Auto- und Flugsimulationen zu halten: Getriebe, Handbremse, Gashebel und Joystick.\" \/>\n<meta property=\"og:url\" content=\"https:\/\/oplitegames.com\/de\/produkt\/oplite-gtr-s3-simrace-flightsim-holder\/\" \/>\n<meta property=\"og:site_name\" content=\"OPLITE\" \/>\n<meta property=\"article:modified_time\" content=\"2026-01-20T09:44:04+00:00\" \/>\n<meta property=\"og:image\" content=\"https:\/\/oplitegames.com\/wp-content\/uploads\/OP-GTR-FSH_ST_03-1.png\" \/>\n\t<meta property=\"og:image:width\" content=\"1000\" \/>\n\t<meta property=\"og:image:height\" content=\"1000\" \/>\n\t<meta property=\"og:image:type\" content=\"image\/png\" \/>\n<meta name=\"twitter:card\" content=\"summary_large_image\" \/>\n<meta name=\"twitter:label1\" content=\"Price\" \/>\n\t<meta name=\"twitter:data1\" content=\"99,90&nbsp;&euro;\" \/>\n\t<meta name=\"twitter:label2\" content=\"Availability\" \/>\n\t<meta name=\"twitter:data2\" content=\"Out of stock\" \/>\n<script type=\"application\/ld+json\" class=\"yoast-schema-graph\">{\"@context\":\"https:\\\/\\\/schema.org\",\"@graph\":[{\"@type\":[\"WebPage\",\"ItemPage\"],\"@id\":\"https:\\\/\\\/oplitegames.com\\\/de\\\/produkt\\\/oplite-gtr-s3-simrace-flightsim-holder\\\/\",\"url\":\"https:\\\/\\\/oplitegames.com\\\/de\\\/produkt\\\/oplite-gtr-s3-simrace-flightsim-holder\\\/\",\"name\":\"Simracing &amp; Flightsim Holder - OPLITE\",\"isPartOf\":{\"@id\":\"https:\\\/\\\/oplitegames.com\\\/#website\"},\"primaryImageOfPage\":{\"@id\":\"https:\\\/\\\/oplitegames.com\\\/de\\\/produkt\\\/oplite-gtr-s3-simrace-flightsim-holder\\\/#primaryimage\"},\"image\":{\"@id\":\"https:\\\/\\\/oplitegames.com\\\/de\\\/produkt\\\/oplite-gtr-s3-simrace-flightsim-holder\\\/#primaryimage\"},\"thumbnailUrl\":\"https:\\\/\\\/oplitegames-preprod.ezratis.fr\\\/wp-content\\\/uploads\\\/OP-GTR-FSH_ST_03-1.png\",\"datePublished\":\"2022-11-29T14:18:01+00:00\",\"dateModified\":\"2026-01-20T09:44:04+00:00\",\"breadcrumb\":{\"@id\":\"https:\\\/\\\/oplitegames.com\\\/de\\\/produkt\\\/oplite-gtr-s3-simrace-flightsim-holder\\\/#breadcrumb\"},\"inLanguage\":\"de-DE\",\"potentialAction\":[{\"@type\":\"ReadAction\",\"target\":[\"https:\\\/\\\/oplitegames.com\\\/de\\\/produkt\\\/oplite-gtr-s3-simrace-flightsim-holder\\\/\"]}]},{\"@type\":\"ImageObject\",\"inLanguage\":\"de-DE\",\"@id\":\"https:\\\/\\\/oplitegames.com\\\/de\\\/produkt\\\/oplite-gtr-s3-simrace-flightsim-holder\\\/#primaryimage\",\"url\":\"https:\\\/\\\/oplitegames-preprod.ezratis.fr\\\/wp-content\\\/uploads\\\/OP-GTR-FSH_ST_03-1.png\",\"contentUrl\":\"https:\\\/\\\/oplitegames-preprod.ezratis.fr\\\/wp-content\\\/uploads\\\/OP-GTR-FSH_ST_03-1.png\",\"width\":1000,\"height\":1000},{\"@type\":\"BreadcrumbList\",\"@id\":\"https:\\\/\\\/oplitegames.com\\\/de\\\/produkt\\\/oplite-gtr-s3-simrace-flightsim-holder\\\/#breadcrumb\",\"itemListElement\":[{\"@type\":\"ListItem\",\"position\":1,\"name\":\"Home\",\"item\":\"https:\\\/\\\/oplitegames.com\\\/de\\\/\"},{\"@type\":\"ListItem\",\"position\":2,\"name\":\"Gesch\u00e4ft\",\"item\":\"https:\\\/\\\/oplitegames.com\\\/de\\\/geschaeft\\\/\"},{\"@type\":\"ListItem\",\"position\":3,\"name\":\"Simracing &amp; Flightsim Holder\"}]},{\"@type\":\"WebSite\",\"@id\":\"https:\\\/\\\/oplitegames.com\\\/#website\",\"url\":\"https:\\\/\\\/oplitegames.com\\\/\",\"name\":\"OPLITE\",\"description\":\"\",\"publisher\":{\"@id\":\"https:\\\/\\\/oplitegames.com\\\/#organization\"},\"potentialAction\":[{\"@type\":\"SearchAction\",\"target\":{\"@type\":\"EntryPoint\",\"urlTemplate\":\"https:\\\/\\\/oplitegames.com\\\/?s={search_term_string}\"},\"query-input\":{\"@type\":\"PropertyValueSpecification\",\"valueRequired\":true,\"valueName\":\"search_term_string\"}}],\"inLanguage\":\"de-DE\"},{\"@type\":\"Organization\",\"@id\":\"https:\\\/\\\/oplitegames.com\\\/#organization\",\"name\":\"OPLITE\",\"url\":\"https:\\\/\\\/oplitegames.com\\\/\",\"logo\":{\"@type\":\"ImageObject\",\"inLanguage\":\"de-DE\",\"@id\":\"https:\\\/\\\/oplitegames.com\\\/#\\\/schema\\\/logo\\\/image\\\/\",\"url\":\"https:\\\/\\\/oplitegames-preprod.ezratis.fr\\\/wp-content\\\/uploads\\\/cropped-cropped-Oplite-Blanc-casse-002-scaled-1.png\",\"contentUrl\":\"https:\\\/\\\/oplitegames-preprod.ezratis.fr\\\/wp-content\\\/uploads\\\/cropped-cropped-Oplite-Blanc-casse-002-scaled-1.png\",\"width\":2509,\"height\":597,\"caption\":\"OPLITE\"},\"image\":{\"@id\":\"https:\\\/\\\/oplitegames.com\\\/#\\\/schema\\\/logo\\\/image\\\/\"}}]}<\/script>\n<meta property=\"product:price:amount\" content=\"99.90\" \/>\n<meta property=\"product:price:currency\" content=\"EUR\" \/>\n<meta property=\"og:availability\" content=\"out of stock\" \/>\n<meta property=\"product:availability\" content=\"out of stock\" \/>\n<meta property=\"product:retailer_item_id\" content=\"95625\" \/>\n<meta property=\"product:condition\" content=\"new\" \/>\n<!-- \/ Yoast SEO plugin. -->","yoast_head_json":{"title":"Simracing &amp; Flightsim Holder - OPLITE","robots":{"index":"index","follow":"follow","max-snippet":"max-snippet:-1","max-image-preview":"max-image-preview:large","max-video-preview":"max-video-preview:-1"},"canonical":"https:\/\/oplitegames.com\/de\/produkt\/oplite-gtr-s3-simrace-flightsim-holder\/","og_locale":"de_DE","og_type":"article","og_title":"Simracing &amp; Flightsim Holder - OPLITE","og_description":"Der Simrace und FlightSim Holder ist f\u00fcr die anspruchsvollsten Simulationsfans gedacht. Dieser Halter erm\u00f6glicht es Ihnen, Ihre Peripherieger\u00e4te f\u00fcr Auto- und Flugsimulationen zu halten: Getriebe, Handbremse, Gashebel und Joystick.","og_url":"https:\/\/oplitegames.com\/de\/produkt\/oplite-gtr-s3-simrace-flightsim-holder\/","og_site_name":"OPLITE","article_modified_time":"2026-01-20T09:44:04+00:00","og_image":[{"width":1000,"height":1000,"url":"https:\/\/oplitegames.com\/wp-content\/uploads\/OP-GTR-FSH_ST_03-1.png","type":"image\/png"}],"twitter_card":"summary_large_image","twitter_misc":{"Price":"99,90&nbsp;&euro;","Availability":"Out of stock"},"schema":{"@context":"https:\/\/schema.org","@graph":[{"@type":["WebPage","ItemPage"],"@id":"https:\/\/oplitegames.com\/de\/produkt\/oplite-gtr-s3-simrace-flightsim-holder\/","url":"https:\/\/oplitegames.com\/de\/produkt\/oplite-gtr-s3-simrace-flightsim-holder\/","name":"Simracing &amp; Flightsim Holder - OPLITE","isPartOf":{"@id":"https:\/\/oplitegames.com\/#website"},"primaryImageOfPage":{"@id":"https:\/\/oplitegames.com\/de\/produkt\/oplite-gtr-s3-simrace-flightsim-holder\/#primaryimage"},"image":{"@id":"https:\/\/oplitegames.com\/de\/produkt\/oplite-gtr-s3-simrace-flightsim-holder\/#primaryimage"},"thumbnailUrl":"https:\/\/oplitegames-preprod.ezratis.fr\/wp-content\/uploads\/OP-GTR-FSH_ST_03-1.png","datePublished":"2022-11-29T14:18:01+00:00","dateModified":"2026-01-20T09:44:04+00:00","breadcrumb":{"@id":"https:\/\/oplitegames.com\/de\/produkt\/oplite-gtr-s3-simrace-flightsim-holder\/#breadcrumb"},"inLanguage":"de-DE","potentialAction":[{"@type":"ReadAction","target":["https:\/\/oplitegames.com\/de\/produkt\/oplite-gtr-s3-simrace-flightsim-holder\/"]}]},{"@type":"ImageObject","inLanguage":"de-DE","@id":"https:\/\/oplitegames.com\/de\/produkt\/oplite-gtr-s3-simrace-flightsim-holder\/#primaryimage","url":"https:\/\/oplitegames-preprod.ezratis.fr\/wp-content\/uploads\/OP-GTR-FSH_ST_03-1.png","contentUrl":"https:\/\/oplitegames-preprod.ezratis.fr\/wp-content\/uploads\/OP-GTR-FSH_ST_03-1.png","width":1000,"height":1000},{"@type":"BreadcrumbList","@id":"https:\/\/oplitegames.com\/de\/produkt\/oplite-gtr-s3-simrace-flightsim-holder\/#breadcrumb","itemListElement":[{"@type":"ListItem","position":1,"name":"Home","item":"https:\/\/oplitegames.com\/de\/"},{"@type":"ListItem","position":2,"name":"Gesch\u00e4ft","item":"https:\/\/oplitegames.com\/de\/geschaeft\/"},{"@type":"ListItem","position":3,"name":"Simracing &amp; Flightsim Holder"}]},{"@type":"WebSite","@id":"https:\/\/oplitegames.com\/#website","url":"https:\/\/oplitegames.com\/","name":"OPLITE","description":"","publisher":{"@id":"https:\/\/oplitegames.com\/#organization"},"potentialAction":[{"@type":"SearchAction","target":{"@type":"EntryPoint","urlTemplate":"https:\/\/oplitegames.com\/?s={search_term_string}"},"query-input":{"@type":"PropertyValueSpecification","valueRequired":true,"valueName":"search_term_string"}}],"inLanguage":"de-DE"},{"@type":"Organization","@id":"https:\/\/oplitegames.com\/#organization","name":"OPLITE","url":"https:\/\/oplitegames.com\/","logo":{"@type":"ImageObject","inLanguage":"de-DE","@id":"https:\/\/oplitegames.com\/#\/schema\/logo\/image\/","url":"https:\/\/oplitegames-preprod.ezratis.fr\/wp-content\/uploads\/cropped-cropped-Oplite-Blanc-casse-002-scaled-1.png","contentUrl":"https:\/\/oplitegames-preprod.ezratis.fr\/wp-content\/uploads\/cropped-cropped-Oplite-Blanc-casse-002-scaled-1.png","width":2509,"height":597,"caption":"OPLITE"},"image":{"@id":"https:\/\/oplitegames.com\/#\/schema\/logo\/image\/"}}]},"product_price_amount":"99.90","product_price_currency":"EUR","og_availability":"out of stock","product_availability":"out of stock","product_retailer_item_id":"95625","product_condition":"new"},"_links":{"self":[{"href":"https:\/\/oplitegames-preprod.ezratis.fr\/de\/wp-json\/wp\/v2\/product\/29499","targetHints":{"allow":["GET"]}}],"collection":[{"href":"https:\/\/oplitegames-preprod.ezratis.fr\/de\/wp-json\/wp\/v2\/product"}],"about":[{"href":"https:\/\/oplitegames-preprod.ezratis.fr\/de\/wp-json\/wp\/v2\/types\/product"}],"version-history":[{"count":6,"href":"https:\/\/oplitegames-preprod.ezratis.fr\/de\/wp-json\/wp\/v2\/product\/29499\/revisions"}],"predecessor-version":[{"id":63920,"href":"https:\/\/oplitegames-preprod.ezratis.fr\/de\/wp-json\/wp\/v2\/product\/29499\/revisions\/63920"}],"wp:featuredmedia":[{"embeddable":true,"href":"https:\/\/oplitegames-preprod.ezratis.fr\/de\/wp-json\/wp\/v2\/media\/26552"}],"wp:attachment":[{"href":"https:\/\/oplitegames-preprod.ezratis.fr\/de\/wp-json\/wp\/v2\/media?parent=29499"}],"wp:term":[{"taxonomy":"product_brand","embeddable":true,"href":"https:\/\/oplitegames-preprod.ezratis.fr\/de\/wp-json\/wp\/v2\/product_brand?post=29499"},{"taxonomy":"product_cat","embeddable":true,"href":"https:\/\/oplitegames-preprod.ezratis.fr\/de\/wp-json\/wp\/v2\/product_cat?post=29499"},{"taxonomy":"product_tag","embeddable":true,"href":"https:\/\/oplitegames-preprod.ezratis.fr\/de\/wp-json\/wp\/v2\/product_tag?post=29499"}],"curies":[{"name":"wp","href":"https:\/\/api.w.org\/{rel}","templated":true}]}}