{"id":29502,"date":"2022-11-29T15:18:02","date_gmt":"2022-11-29T14:18:02","guid":{"rendered":"https:\/\/oplitegames.com\/product\/gtr-s3-back-frame\/"},"modified":"2025-12-06T10:52:51","modified_gmt":"2025-12-06T09:52:51","slug":"gtr-s3-back-frame","status":"publish","type":"product","link":"https:\/\/oplitegames-preprod.ezratis.fr\/de\/produkt\/gtr-s3-back-frame\/","title":{"rendered":"GTR S3 R\u00fcckenrahmen"},"content":{"rendered":"<p>Der GTR S3 R\u00fcckenrahmen oder GTR-S3 Back Base ist das Herzst\u00fcck, mit dem du deinen GTR Wheel Stand in ein echtes Simulationscockpit verwandeln kannst. Dieses Set bietet Ihnen eine hervorragende Steifigkeit und macht Ihr Spielerlebnis noch immer eindringlicher. Durch die Kombination der kugelgelagerten Einstellschienen mit den 6 Befestigungspunkten der Wanne k\u00f6nnen Sie das Cockpit an Ihre Morphologie anpassen und so die von Ihnen gew\u00fcnschte Fahrposition einnehmen. Um Ihr Setup zu vervollst\u00e4ndigen, k\u00f6nnen Sie sich f\u00fcr den OPLITE-Schalensitz (OP-RBS-GTR) oder dank der universellen Kompatibilit\u00e4t f\u00fcr einen anderen Schalensitz entscheiden.<\/p>\n<p>&nbsp;<\/p>\n<hr \/>\n<p style=\"text-align: center\">Technische Beschreibung<\/p>\n<p>2 Rohrb\u00f6gen mit 48mm Durchmesser<br \/>\n2 F\u00fchrungen von 220mm Amplitude<br \/>\n2 Winkel zur universellen seitlichen Befestigung<\/p>\n<p><strong>Schalensitzhalter: <\/strong>Universelle Schalensitzbindungen mit einem Abstand von<strong> 290 mm<\/strong>. Kompatibel zu <strong>Oplite GTR, Sparco, Recaro, OMP, GT2i &#8230;<\/strong><br \/>\n<strong>Kugelgelagerte Gleitf\u00fchrungen<\/strong>, die unter Ihrem Schalensitz befestigt sind, um ihn in der Tiefe verstellbar zu machen. Sie erm\u00f6glichen eine Anpassung von 220mm in Sekunden.<\/p>\n<p><strong><u>Allgemeine technische Daten:<\/u><\/strong><\/p>\n<ul>\n<li>Kohlenstoffstahl<\/li>\n<li>Rohre mit \u00d8 48mm x 2 mm Dicke<\/li>\n<li>Schwarze Mattfarbe mit hoher Best\u00e4ndigkeit<\/li>\n<\/ul>\n<p><strong><u>Mitgeliefertes Zubeh\u00f6r: <\/u><\/strong><\/p>\n<ul>\n<li>Schraubset zur Befestigung an OP-WS-GTR<\/li>\n<\/ul>\n<p><strong><u>Produktvertr\u00e4glichkeit:<\/u><\/strong><\/p>\n<ul>\n<li>OPLITE Wheel Stand GTR (OP-WS-GTR)<\/li>\n<li>OPLITE Racing Bucket Seat (OP-RBS-GTR) und weitere Marktschalen<\/li>\n<\/ul>\n<p><img fetchpriority=\"high\" decoding=\"async\" class=\"aligncenter wp-image-29507 size-full\" src=\"https:\/\/oplitegames-preprod.ezratis.fr\/wp-content\/uploads\/Oplite-GTR-Back-Frame-_-OP-GTR-BF_6-1-1.png\" alt=\"\" width=\"1000\" height=\"1000\" srcset=\"https:\/\/oplitegames-preprod.ezratis.fr\/wp-content\/uploads\/Oplite-GTR-Back-Frame-_-OP-GTR-BF_6-1-1.png 1000w, https:\/\/oplitegames-preprod.ezratis.fr\/wp-content\/uploads\/Oplite-GTR-Back-Frame-_-OP-GTR-BF_6-1-1-300x300.png 300w, https:\/\/oplitegames-preprod.ezratis.fr\/wp-content\/uploads\/Oplite-GTR-Back-Frame-_-OP-GTR-BF_6-1-1-150x150.png 150w, https:\/\/oplitegames-preprod.ezratis.fr\/wp-content\/uploads\/Oplite-GTR-Back-Frame-_-OP-GTR-BF_6-1-1-768x768.png 768w, https:\/\/oplitegames-preprod.ezratis.fr\/wp-content\/uploads\/Oplite-GTR-Back-Frame-_-OP-GTR-BF_6-1-1-450x450.png 450w, https:\/\/oplitegames-preprod.ezratis.fr\/wp-content\/uploads\/Oplite-GTR-Back-Frame-_-OP-GTR-BF_6-1-1-120x120.png 120w, https:\/\/oplitegames-preprod.ezratis.fr\/wp-content\/uploads\/Oplite-GTR-Back-Frame-_-OP-GTR-BF_6-1-1-800x800.png 800w, https:\/\/oplitegames-preprod.ezratis.fr\/wp-content\/uploads\/Oplite-GTR-Back-Frame-_-OP-GTR-BF_6-1-1-64x64.png 64w\" sizes=\"(max-width: 1000px) 100vw, 1000px\" \/><\/p>\n","protected":false},"excerpt":{"rendered":"<p>Der GTR S3 R\u00fcckenrahmen ist das Herzst\u00fcck des GTR-S3 und verwandelt deinen GTR Wheel Stand in ein echtes Simulationscockpit.<\/p>\n[embed]https:\/\/www.youtube.com\/watch?v=fkTv_JZSYBE[\/embed]\n","protected":false},"featured_media":26543,"template":"","meta":{"_acf_changed":false,"footnotes":""},"product_brand":[],"product_cat":[693,732,692],"product_tag":[695],"class_list":{"0":"post-29502","1":"product","2":"type-product","3":"status-publish","4":"has-post-thumbnail","6":"product_cat-cockpit-gtr-s3-de","7":"product_cat-radstander","8":"product_cat-simulatoren","9":"product_tag-oplite-gaming-de","10":"pa_colisage-pcb-1-de","12":"first","13":"instock","14":"taxable","15":"shipping-taxable","16":"purchasable","17":"product-type-simple"},"bundled_by":[],"bundle_stock_status":"instock","bundle_stock_quantity":5,"bundle_virtual":false,"bundle_layout":"","bundle_add_to_cart_form_location":"","bundle_editable_in_cart":false,"bundle_sold_individually_context":"","bundle_item_grouping":"","bundle_min_size":"","bundle_max_size":"","bundle_price":[],"bundled_items":[],"bundle_sell_ids":[],"acf":[],"yoast_head":"<!-- This site is optimized with the Yoast SEO plugin v27.3 - https:\/\/yoast.com\/product\/yoast-seo-wordpress\/ -->\n<title>GTR S3 R\u00fcckenrahmen - OPLITE<\/title>\n<meta name=\"robots\" content=\"index, follow, max-snippet:-1, max-image-preview:large, max-video-preview:-1\" \/>\n<link rel=\"canonical\" href=\"https:\/\/oplitegames.com\/de\/produkt\/gtr-s3-back-frame\/\" \/>\n<meta property=\"og:locale\" content=\"de_DE\" \/>\n<meta property=\"og:type\" content=\"article\" \/>\n<meta property=\"og:title\" content=\"GTR S3 R\u00fcckenrahmen - OPLITE\" \/>\n<meta property=\"og:description\" content=\"Der GTR S3 R\u00fcckenrahmen ist das Herzst\u00fcck des GTR-S3 und verwandelt deinen GTR Wheel Stand in ein echtes Simulationscockpit.\" \/>\n<meta property=\"og:url\" content=\"https:\/\/oplitegames.com\/de\/produkt\/gtr-s3-back-frame\/\" \/>\n<meta property=\"og:site_name\" content=\"OPLITE\" \/>\n<meta property=\"article:modified_time\" content=\"2025-12-06T09:52:51+00:00\" \/>\n<meta property=\"og:image\" content=\"https:\/\/oplitegames.com\/wp-content\/uploads\/OP-GTR-BF-ST-02-1000x1000-1-1.jpg\" \/>\n\t<meta property=\"og:image:width\" content=\"1000\" \/>\n\t<meta property=\"og:image:height\" content=\"1000\" \/>\n\t<meta property=\"og:image:type\" content=\"image\/jpeg\" \/>\n<meta name=\"twitter:card\" content=\"summary_large_image\" \/>\n<meta name=\"twitter:label1\" content=\"Price\" \/>\n\t<meta name=\"twitter:data1\" content=\"169,90&nbsp;&euro;\" \/>\n\t<meta name=\"twitter:label2\" content=\"Availability\" \/>\n\t<meta name=\"twitter:data2\" content=\"In stock\" \/>\n<script type=\"application\/ld+json\" class=\"yoast-schema-graph\">{\"@context\":\"https:\\\/\\\/schema.org\",\"@graph\":[{\"@type\":[\"WebPage\",\"ItemPage\"],\"@id\":\"https:\\\/\\\/oplitegames.com\\\/de\\\/produkt\\\/gtr-s3-back-frame\\\/\",\"url\":\"https:\\\/\\\/oplitegames.com\\\/de\\\/produkt\\\/gtr-s3-back-frame\\\/\",\"name\":\"GTR S3 R\u00fcckenrahmen - OPLITE\",\"isPartOf\":{\"@id\":\"https:\\\/\\\/oplitegames.com\\\/#website\"},\"primaryImageOfPage\":{\"@id\":\"https:\\\/\\\/oplitegames.com\\\/de\\\/produkt\\\/gtr-s3-back-frame\\\/#primaryimage\"},\"image\":{\"@id\":\"https:\\\/\\\/oplitegames.com\\\/de\\\/produkt\\\/gtr-s3-back-frame\\\/#primaryimage\"},\"thumbnailUrl\":\"https:\\\/\\\/oplitegames-preprod.ezratis.fr\\\/wp-content\\\/uploads\\\/OP-GTR-BF-ST-02-1000x1000-1-1.jpg\",\"datePublished\":\"2022-11-29T14:18:02+00:00\",\"dateModified\":\"2025-12-06T09:52:51+00:00\",\"breadcrumb\":{\"@id\":\"https:\\\/\\\/oplitegames.com\\\/de\\\/produkt\\\/gtr-s3-back-frame\\\/#breadcrumb\"},\"inLanguage\":\"de-DE\",\"potentialAction\":[{\"@type\":\"ReadAction\",\"target\":[\"https:\\\/\\\/oplitegames.com\\\/de\\\/produkt\\\/gtr-s3-back-frame\\\/\"]}]},{\"@type\":\"ImageObject\",\"inLanguage\":\"de-DE\",\"@id\":\"https:\\\/\\\/oplitegames.com\\\/de\\\/produkt\\\/gtr-s3-back-frame\\\/#primaryimage\",\"url\":\"https:\\\/\\\/oplitegames-preprod.ezratis.fr\\\/wp-content\\\/uploads\\\/OP-GTR-BF-ST-02-1000x1000-1-1.jpg\",\"contentUrl\":\"https:\\\/\\\/oplitegames-preprod.ezratis.fr\\\/wp-content\\\/uploads\\\/OP-GTR-BF-ST-02-1000x1000-1-1.jpg\",\"width\":1000,\"height\":1000},{\"@type\":\"BreadcrumbList\",\"@id\":\"https:\\\/\\\/oplitegames.com\\\/de\\\/produkt\\\/gtr-s3-back-frame\\\/#breadcrumb\",\"itemListElement\":[{\"@type\":\"ListItem\",\"position\":1,\"name\":\"Home\",\"item\":\"https:\\\/\\\/oplitegames.com\\\/de\\\/\"},{\"@type\":\"ListItem\",\"position\":2,\"name\":\"Gesch\u00e4ft\",\"item\":\"https:\\\/\\\/oplitegames.com\\\/de\\\/geschaeft\\\/\"},{\"@type\":\"ListItem\",\"position\":3,\"name\":\"GTR S3 R\u00fcckenrahmen\"}]},{\"@type\":\"WebSite\",\"@id\":\"https:\\\/\\\/oplitegames.com\\\/#website\",\"url\":\"https:\\\/\\\/oplitegames.com\\\/\",\"name\":\"OPLITE\",\"description\":\"\",\"publisher\":{\"@id\":\"https:\\\/\\\/oplitegames.com\\\/#organization\"},\"potentialAction\":[{\"@type\":\"SearchAction\",\"target\":{\"@type\":\"EntryPoint\",\"urlTemplate\":\"https:\\\/\\\/oplitegames.com\\\/?s={search_term_string}\"},\"query-input\":{\"@type\":\"PropertyValueSpecification\",\"valueRequired\":true,\"valueName\":\"search_term_string\"}}],\"inLanguage\":\"de-DE\"},{\"@type\":\"Organization\",\"@id\":\"https:\\\/\\\/oplitegames.com\\\/#organization\",\"name\":\"OPLITE\",\"url\":\"https:\\\/\\\/oplitegames.com\\\/\",\"logo\":{\"@type\":\"ImageObject\",\"inLanguage\":\"de-DE\",\"@id\":\"https:\\\/\\\/oplitegames.com\\\/#\\\/schema\\\/logo\\\/image\\\/\",\"url\":\"https:\\\/\\\/oplitegames-preprod.ezratis.fr\\\/wp-content\\\/uploads\\\/cropped-cropped-Oplite-Blanc-casse-002-scaled-1.png\",\"contentUrl\":\"https:\\\/\\\/oplitegames-preprod.ezratis.fr\\\/wp-content\\\/uploads\\\/cropped-cropped-Oplite-Blanc-casse-002-scaled-1.png\",\"width\":2509,\"height\":597,\"caption\":\"OPLITE\"},\"image\":{\"@id\":\"https:\\\/\\\/oplitegames.com\\\/#\\\/schema\\\/logo\\\/image\\\/\"}}]}<\/script>\n<meta property=\"product:price:amount\" content=\"169.90\" \/>\n<meta property=\"product:price:currency\" content=\"EUR\" \/>\n<meta property=\"og:availability\" content=\"instock\" \/>\n<meta property=\"product:availability\" content=\"instock\" \/>\n<meta property=\"product:retailer_item_id\" content=\"95626\" \/>\n<meta property=\"product:condition\" content=\"new\" \/>\n<!-- \/ Yoast SEO plugin. -->","yoast_head_json":{"title":"GTR S3 R\u00fcckenrahmen - OPLITE","robots":{"index":"index","follow":"follow","max-snippet":"max-snippet:-1","max-image-preview":"max-image-preview:large","max-video-preview":"max-video-preview:-1"},"canonical":"https:\/\/oplitegames.com\/de\/produkt\/gtr-s3-back-frame\/","og_locale":"de_DE","og_type":"article","og_title":"GTR S3 R\u00fcckenrahmen - OPLITE","og_description":"Der GTR S3 R\u00fcckenrahmen ist das Herzst\u00fcck des GTR-S3 und verwandelt deinen GTR Wheel Stand in ein echtes Simulationscockpit.","og_url":"https:\/\/oplitegames.com\/de\/produkt\/gtr-s3-back-frame\/","og_site_name":"OPLITE","article_modified_time":"2025-12-06T09:52:51+00:00","og_image":[{"width":1000,"height":1000,"url":"https:\/\/oplitegames.com\/wp-content\/uploads\/OP-GTR-BF-ST-02-1000x1000-1-1.jpg","type":"image\/jpeg"}],"twitter_card":"summary_large_image","twitter_misc":{"Price":"169,90&nbsp;&euro;","Availability":"In stock"},"schema":{"@context":"https:\/\/schema.org","@graph":[{"@type":["WebPage","ItemPage"],"@id":"https:\/\/oplitegames.com\/de\/produkt\/gtr-s3-back-frame\/","url":"https:\/\/oplitegames.com\/de\/produkt\/gtr-s3-back-frame\/","name":"GTR S3 R\u00fcckenrahmen - OPLITE","isPartOf":{"@id":"https:\/\/oplitegames.com\/#website"},"primaryImageOfPage":{"@id":"https:\/\/oplitegames.com\/de\/produkt\/gtr-s3-back-frame\/#primaryimage"},"image":{"@id":"https:\/\/oplitegames.com\/de\/produkt\/gtr-s3-back-frame\/#primaryimage"},"thumbnailUrl":"https:\/\/oplitegames-preprod.ezratis.fr\/wp-content\/uploads\/OP-GTR-BF-ST-02-1000x1000-1-1.jpg","datePublished":"2022-11-29T14:18:02+00:00","dateModified":"2025-12-06T09:52:51+00:00","breadcrumb":{"@id":"https:\/\/oplitegames.com\/de\/produkt\/gtr-s3-back-frame\/#breadcrumb"},"inLanguage":"de-DE","potentialAction":[{"@type":"ReadAction","target":["https:\/\/oplitegames.com\/de\/produkt\/gtr-s3-back-frame\/"]}]},{"@type":"ImageObject","inLanguage":"de-DE","@id":"https:\/\/oplitegames.com\/de\/produkt\/gtr-s3-back-frame\/#primaryimage","url":"https:\/\/oplitegames-preprod.ezratis.fr\/wp-content\/uploads\/OP-GTR-BF-ST-02-1000x1000-1-1.jpg","contentUrl":"https:\/\/oplitegames-preprod.ezratis.fr\/wp-content\/uploads\/OP-GTR-BF-ST-02-1000x1000-1-1.jpg","width":1000,"height":1000},{"@type":"BreadcrumbList","@id":"https:\/\/oplitegames.com\/de\/produkt\/gtr-s3-back-frame\/#breadcrumb","itemListElement":[{"@type":"ListItem","position":1,"name":"Home","item":"https:\/\/oplitegames.com\/de\/"},{"@type":"ListItem","position":2,"name":"Gesch\u00e4ft","item":"https:\/\/oplitegames.com\/de\/geschaeft\/"},{"@type":"ListItem","position":3,"name":"GTR S3 R\u00fcckenrahmen"}]},{"@type":"WebSite","@id":"https:\/\/oplitegames.com\/#website","url":"https:\/\/oplitegames.com\/","name":"OPLITE","description":"","publisher":{"@id":"https:\/\/oplitegames.com\/#organization"},"potentialAction":[{"@type":"SearchAction","target":{"@type":"EntryPoint","urlTemplate":"https:\/\/oplitegames.com\/?s={search_term_string}"},"query-input":{"@type":"PropertyValueSpecification","valueRequired":true,"valueName":"search_term_string"}}],"inLanguage":"de-DE"},{"@type":"Organization","@id":"https:\/\/oplitegames.com\/#organization","name":"OPLITE","url":"https:\/\/oplitegames.com\/","logo":{"@type":"ImageObject","inLanguage":"de-DE","@id":"https:\/\/oplitegames.com\/#\/schema\/logo\/image\/","url":"https:\/\/oplitegames-preprod.ezratis.fr\/wp-content\/uploads\/cropped-cropped-Oplite-Blanc-casse-002-scaled-1.png","contentUrl":"https:\/\/oplitegames-preprod.ezratis.fr\/wp-content\/uploads\/cropped-cropped-Oplite-Blanc-casse-002-scaled-1.png","width":2509,"height":597,"caption":"OPLITE"},"image":{"@id":"https:\/\/oplitegames.com\/#\/schema\/logo\/image\/"}}]},"product_price_amount":"169.90","product_price_currency":"EUR","og_availability":"instock","product_availability":"instock","product_retailer_item_id":"95626","product_condition":"new"},"_links":{"self":[{"href":"https:\/\/oplitegames-preprod.ezratis.fr\/de\/wp-json\/wp\/v2\/product\/29502","targetHints":{"allow":["GET"]}}],"collection":[{"href":"https:\/\/oplitegames-preprod.ezratis.fr\/de\/wp-json\/wp\/v2\/product"}],"about":[{"href":"https:\/\/oplitegames-preprod.ezratis.fr\/de\/wp-json\/wp\/v2\/types\/product"}],"version-history":[{"count":2,"href":"https:\/\/oplitegames-preprod.ezratis.fr\/de\/wp-json\/wp\/v2\/product\/29502\/revisions"}],"predecessor-version":[{"id":42085,"href":"https:\/\/oplitegames-preprod.ezratis.fr\/de\/wp-json\/wp\/v2\/product\/29502\/revisions\/42085"}],"wp:featuredmedia":[{"embeddable":true,"href":"https:\/\/oplitegames-preprod.ezratis.fr\/de\/wp-json\/wp\/v2\/media\/26543"}],"wp:attachment":[{"href":"https:\/\/oplitegames-preprod.ezratis.fr\/de\/wp-json\/wp\/v2\/media?parent=29502"}],"wp:term":[{"taxonomy":"product_brand","embeddable":true,"href":"https:\/\/oplitegames-preprod.ezratis.fr\/de\/wp-json\/wp\/v2\/product_brand?post=29502"},{"taxonomy":"product_cat","embeddable":true,"href":"https:\/\/oplitegames-preprod.ezratis.fr\/de\/wp-json\/wp\/v2\/product_cat?post=29502"},{"taxonomy":"product_tag","embeddable":true,"href":"https:\/\/oplitegames-preprod.ezratis.fr\/de\/wp-json\/wp\/v2\/product_tag?post=29502"}],"curies":[{"name":"wp","href":"https:\/\/api.w.org\/{rel}","templated":true}]}}