{"id":29510,"date":"2023-01-20T14:03:09","date_gmt":"2023-01-20T13:03:09","guid":{"rendered":"https:\/\/oplitegames.com\/product\/mouse-pad-xxxl-tapis-bureau-integral\/"},"modified":"2025-10-08T14:26:22","modified_gmt":"2025-10-08T12:26:22","slug":"mouse-pad-xxxl-tapis-bureau-integral","status":"publish","type":"product","link":"https:\/\/oplitegames-preprod.ezratis.fr\/de\/produkt\/mouse-pad-xxxl-tapis-bureau-integral\/","title":{"rendered":"Mouse Pad XXXL &#8211; Ganzk\u00f6rper-Schreibtischmatte"},"content":{"rendered":"<p>Das Oplite Mouse Pad kann mit allen Schreibtischen verwendet werden, die eine Tischplatte mit einer Fl\u00e4che von 120x60cm oder mehr haben.<br \/>\nEs passt perfekt zu den Schreibtischen der Oplite Galactic (OP-GGD), Oplite Tilt (OP-TGD; OP-TGDW), Oplite Atika und Oplite Balistic, aber auch zu allen anderen Marken.<\/p>\n<p>PERFORMANT :<br \/>\nWasserabweisendes, maschinenwaschbares Mauspad mit sehr hoher Dichte.<br \/>\nFastTrack\u00ae Laser-Oberfl\u00e4chenbehandlung, um eine \u00fcberlegene Gleitf\u00e4higkeit ohne st\u00f6rende Fasern zu gew\u00e4hrleisten. Dies verleiht Ihrer Maus in den Spielphasen extreme Fl\u00fcssigkeit und Pr\u00e4zision, unabh\u00e4ngig von der Technologie und der Geschwindigkeit des Sensors.<\/p>\n<p>ROBUST:<br \/>\nDie dicke, rutschfeste Gummibasis sorgt f\u00fcr perfekte Steifigkeit.<br \/>\nDer rote Rand aus gewebtem Garn sorgt f\u00fcr ein sauberes und strapazierf\u00e4higes Finish.<\/p>\n<p>ERGONOMISCHES DESIGN:<br \/>\nSeine Form und sein Material bieten Komfort f\u00fcr Ihre Unterarme und reduzieren den Druck auf Muskeln und Sehnen (Muskeln und Sehnen).<br \/>\n2 L\u00f6cher sind vorgeformt, um eine Kabelf\u00fchrung durch die Matte zu erm\u00f6glichen, die Zugang zu den \u00d6sen Ihres Tabletts bietet.<\/p>\n<p><img fetchpriority=\"high\" decoding=\"async\" class=\"aligncenter wp-image-29631 size-full\" src=\"https:\/\/oplitegames-preprod.ezratis.fr\/wp-content\/uploads\/7-2-1-1.png\" alt=\"\" width=\"1000\" height=\"1000\" srcset=\"https:\/\/oplitegames-preprod.ezratis.fr\/wp-content\/uploads\/7-2-1-1.png 1000w, https:\/\/oplitegames-preprod.ezratis.fr\/wp-content\/uploads\/7-2-1-1-300x300.png 300w, https:\/\/oplitegames-preprod.ezratis.fr\/wp-content\/uploads\/7-2-1-1-150x150.png 150w, https:\/\/oplitegames-preprod.ezratis.fr\/wp-content\/uploads\/7-2-1-1-768x768.png 768w, https:\/\/oplitegames-preprod.ezratis.fr\/wp-content\/uploads\/7-2-1-1-450x450.png 450w, https:\/\/oplitegames-preprod.ezratis.fr\/wp-content\/uploads\/7-2-1-1-120x120.png 120w, https:\/\/oplitegames-preprod.ezratis.fr\/wp-content\/uploads\/7-2-1-1-800x800.png 800w, https:\/\/oplitegames-preprod.ezratis.fr\/wp-content\/uploads\/7-2-1-1-64x64.png 64w\" sizes=\"(max-width: 1000px) 100vw, 1000px\" \/><\/p>\n<p>&nbsp;<\/p>\n","protected":false},"excerpt":{"rendered":"<p>Das Oplite Mouse Pad ist ein riesiges 120 x 60 cm (1200 x 600 mm x 3 mm dick) gro\u00dfes Mauspad, mit dem Sie Ihren gesamten Schreibtisch abdecken k\u00f6nnen.<br \/>\nEs sch\u00fctzt Ihre Tischplatte und bietet dank der Laser FastTrack\u00ae-Behandlung, die f\u00fcr die LightSpeed\u00ae-Technologie optimiert ist, einen unvergleichlichen Gleitkomfort.<\/p>\n","protected":false},"featured_media":26462,"template":"","meta":{"_acf_changed":false,"footnotes":""},"product_brand":[],"product_cat":[715,721],"product_tag":[695],"class_list":{"0":"post-29510","1":"product","2":"type-product","3":"status-publish","4":"has-post-thumbnail","6":"product_cat-buros-streaming","7":"product_cat-schreibtischzubehor","8":"product_tag-oplite-gaming-de","9":"pa_colisage-pcb-20-de","11":"first","12":"outofstock","13":"taxable","14":"shipping-taxable","15":"purchasable","16":"product-type-simple"},"bundled_by":[],"bundle_stock_status":"outofstock","bundle_stock_quantity":0,"bundle_virtual":false,"bundle_layout":"","bundle_add_to_cart_form_location":"","bundle_editable_in_cart":false,"bundle_sold_individually_context":"","bundle_item_grouping":"","bundle_min_size":"","bundle_max_size":"","bundle_price":[],"bundled_items":[],"bundle_sell_ids":[],"acf":[],"yoast_head":"<!-- This site is optimized with the Yoast SEO plugin v27.3 - https:\/\/yoast.com\/product\/yoast-seo-wordpress\/ -->\n<title>Mouse Pad XXXL - Ganzk\u00f6rper-Schreibtischmatte - OPLITE<\/title>\n<meta name=\"robots\" content=\"index, follow, max-snippet:-1, max-image-preview:large, max-video-preview:-1\" \/>\n<link rel=\"canonical\" href=\"https:\/\/oplitegames.com\/de\/produkt\/mouse-pad-xxxl-tapis-bureau-integral\/\" \/>\n<meta property=\"og:locale\" content=\"de_DE\" \/>\n<meta property=\"og:type\" content=\"article\" \/>\n<meta property=\"og:title\" content=\"Mouse Pad XXXL - Ganzk\u00f6rper-Schreibtischmatte - OPLITE\" \/>\n<meta property=\"og:description\" content=\"Das Oplite Mouse Pad ist ein riesiges 120 x 60 cm (1200 x 600 mm x 3 mm dick) gro\u00dfes Mauspad, mit dem Sie Ihren gesamten Schreibtisch abdecken k\u00f6nnen. Es sch\u00fctzt Ihre Tischplatte und bietet dank der Laser FastTrack\u00ae-Behandlung, die f\u00fcr die LightSpeed\u00ae-Technologie optimiert ist, einen unvergleichlichen Gleitkomfort.\" \/>\n<meta property=\"og:url\" content=\"https:\/\/oplitegames.com\/de\/produkt\/mouse-pad-xxxl-tapis-bureau-integral\/\" \/>\n<meta property=\"og:site_name\" content=\"OPLITE\" \/>\n<meta property=\"article:modified_time\" content=\"2025-10-08T12:26:22+00:00\" \/>\n<meta property=\"og:image\" content=\"https:\/\/oplitegames.com\/wp-content\/uploads\/6-3-1.png\" \/>\n\t<meta property=\"og:image:width\" content=\"1000\" \/>\n\t<meta property=\"og:image:height\" content=\"1000\" \/>\n\t<meta property=\"og:image:type\" content=\"image\/png\" \/>\n<meta name=\"twitter:card\" content=\"summary_large_image\" \/>\n<meta name=\"twitter:label1\" content=\"Price\" \/>\n\t<meta name=\"twitter:data1\" content=\"29,90&nbsp;&euro;\" \/>\n\t<meta name=\"twitter:label2\" content=\"Availability\" \/>\n\t<meta name=\"twitter:data2\" content=\"Out of stock\" \/>\n<script type=\"application\/ld+json\" class=\"yoast-schema-graph\">{\"@context\":\"https:\\\/\\\/schema.org\",\"@graph\":[{\"@type\":[\"WebPage\",\"ItemPage\"],\"@id\":\"https:\\\/\\\/oplitegames.com\\\/de\\\/produkt\\\/mouse-pad-xxxl-tapis-bureau-integral\\\/\",\"url\":\"https:\\\/\\\/oplitegames.com\\\/de\\\/produkt\\\/mouse-pad-xxxl-tapis-bureau-integral\\\/\",\"name\":\"Mouse Pad XXXL - Ganzk\u00f6rper-Schreibtischmatte - OPLITE\",\"isPartOf\":{\"@id\":\"https:\\\/\\\/oplitegames.com\\\/#website\"},\"primaryImageOfPage\":{\"@id\":\"https:\\\/\\\/oplitegames.com\\\/de\\\/produkt\\\/mouse-pad-xxxl-tapis-bureau-integral\\\/#primaryimage\"},\"image\":{\"@id\":\"https:\\\/\\\/oplitegames.com\\\/de\\\/produkt\\\/mouse-pad-xxxl-tapis-bureau-integral\\\/#primaryimage\"},\"thumbnailUrl\":\"https:\\\/\\\/oplitegames-preprod.ezratis.fr\\\/wp-content\\\/uploads\\\/6-3-1.png\",\"datePublished\":\"2023-01-20T13:03:09+00:00\",\"dateModified\":\"2025-10-08T12:26:22+00:00\",\"breadcrumb\":{\"@id\":\"https:\\\/\\\/oplitegames.com\\\/de\\\/produkt\\\/mouse-pad-xxxl-tapis-bureau-integral\\\/#breadcrumb\"},\"inLanguage\":\"de-DE\",\"potentialAction\":[{\"@type\":\"ReadAction\",\"target\":[\"https:\\\/\\\/oplitegames.com\\\/de\\\/produkt\\\/mouse-pad-xxxl-tapis-bureau-integral\\\/\"]}]},{\"@type\":\"ImageObject\",\"inLanguage\":\"de-DE\",\"@id\":\"https:\\\/\\\/oplitegames.com\\\/de\\\/produkt\\\/mouse-pad-xxxl-tapis-bureau-integral\\\/#primaryimage\",\"url\":\"https:\\\/\\\/oplitegames-preprod.ezratis.fr\\\/wp-content\\\/uploads\\\/6-3-1.png\",\"contentUrl\":\"https:\\\/\\\/oplitegames-preprod.ezratis.fr\\\/wp-content\\\/uploads\\\/6-3-1.png\",\"width\":1000,\"height\":1000},{\"@type\":\"BreadcrumbList\",\"@id\":\"https:\\\/\\\/oplitegames.com\\\/de\\\/produkt\\\/mouse-pad-xxxl-tapis-bureau-integral\\\/#breadcrumb\",\"itemListElement\":[{\"@type\":\"ListItem\",\"position\":1,\"name\":\"Home\",\"item\":\"https:\\\/\\\/oplitegames.com\\\/de\\\/\"},{\"@type\":\"ListItem\",\"position\":2,\"name\":\"Gesch\u00e4ft\",\"item\":\"https:\\\/\\\/oplitegames.com\\\/de\\\/geschaeft\\\/\"},{\"@type\":\"ListItem\",\"position\":3,\"name\":\"Mouse Pad XXXL &#8211; Ganzk\u00f6rper-Schreibtischmatte\"}]},{\"@type\":\"WebSite\",\"@id\":\"https:\\\/\\\/oplitegames.com\\\/#website\",\"url\":\"https:\\\/\\\/oplitegames.com\\\/\",\"name\":\"OPLITE\",\"description\":\"\",\"publisher\":{\"@id\":\"https:\\\/\\\/oplitegames.com\\\/#organization\"},\"potentialAction\":[{\"@type\":\"SearchAction\",\"target\":{\"@type\":\"EntryPoint\",\"urlTemplate\":\"https:\\\/\\\/oplitegames.com\\\/?s={search_term_string}\"},\"query-input\":{\"@type\":\"PropertyValueSpecification\",\"valueRequired\":true,\"valueName\":\"search_term_string\"}}],\"inLanguage\":\"de-DE\"},{\"@type\":\"Organization\",\"@id\":\"https:\\\/\\\/oplitegames.com\\\/#organization\",\"name\":\"OPLITE\",\"url\":\"https:\\\/\\\/oplitegames.com\\\/\",\"logo\":{\"@type\":\"ImageObject\",\"inLanguage\":\"de-DE\",\"@id\":\"https:\\\/\\\/oplitegames.com\\\/#\\\/schema\\\/logo\\\/image\\\/\",\"url\":\"https:\\\/\\\/oplitegames-preprod.ezratis.fr\\\/wp-content\\\/uploads\\\/cropped-cropped-Oplite-Blanc-casse-002-scaled-1.png\",\"contentUrl\":\"https:\\\/\\\/oplitegames-preprod.ezratis.fr\\\/wp-content\\\/uploads\\\/cropped-cropped-Oplite-Blanc-casse-002-scaled-1.png\",\"width\":2509,\"height\":597,\"caption\":\"OPLITE\"},\"image\":{\"@id\":\"https:\\\/\\\/oplitegames.com\\\/#\\\/schema\\\/logo\\\/image\\\/\"}}]}<\/script>\n<meta property=\"product:price:amount\" content=\"29.90\" \/>\n<meta property=\"product:price:currency\" content=\"EUR\" \/>\n<meta property=\"og:availability\" content=\"out of stock\" \/>\n<meta property=\"product:availability\" content=\"out of stock\" \/>\n<meta property=\"product:retailer_item_id\" content=\"95627\" \/>\n<meta property=\"product:condition\" content=\"new\" \/>\n<!-- \/ Yoast SEO plugin. -->","yoast_head_json":{"title":"Mouse Pad XXXL - Ganzk\u00f6rper-Schreibtischmatte - OPLITE","robots":{"index":"index","follow":"follow","max-snippet":"max-snippet:-1","max-image-preview":"max-image-preview:large","max-video-preview":"max-video-preview:-1"},"canonical":"https:\/\/oplitegames.com\/de\/produkt\/mouse-pad-xxxl-tapis-bureau-integral\/","og_locale":"de_DE","og_type":"article","og_title":"Mouse Pad XXXL - Ganzk\u00f6rper-Schreibtischmatte - OPLITE","og_description":"Das Oplite Mouse Pad ist ein riesiges 120 x 60 cm (1200 x 600 mm x 3 mm dick) gro\u00dfes Mauspad, mit dem Sie Ihren gesamten Schreibtisch abdecken k\u00f6nnen. Es sch\u00fctzt Ihre Tischplatte und bietet dank der Laser FastTrack\u00ae-Behandlung, die f\u00fcr die LightSpeed\u00ae-Technologie optimiert ist, einen unvergleichlichen Gleitkomfort.","og_url":"https:\/\/oplitegames.com\/de\/produkt\/mouse-pad-xxxl-tapis-bureau-integral\/","og_site_name":"OPLITE","article_modified_time":"2025-10-08T12:26:22+00:00","og_image":[{"width":1000,"height":1000,"url":"https:\/\/oplitegames.com\/wp-content\/uploads\/6-3-1.png","type":"image\/png"}],"twitter_card":"summary_large_image","twitter_misc":{"Price":"29,90&nbsp;&euro;","Availability":"Out of stock"},"schema":{"@context":"https:\/\/schema.org","@graph":[{"@type":["WebPage","ItemPage"],"@id":"https:\/\/oplitegames.com\/de\/produkt\/mouse-pad-xxxl-tapis-bureau-integral\/","url":"https:\/\/oplitegames.com\/de\/produkt\/mouse-pad-xxxl-tapis-bureau-integral\/","name":"Mouse Pad XXXL - Ganzk\u00f6rper-Schreibtischmatte - OPLITE","isPartOf":{"@id":"https:\/\/oplitegames.com\/#website"},"primaryImageOfPage":{"@id":"https:\/\/oplitegames.com\/de\/produkt\/mouse-pad-xxxl-tapis-bureau-integral\/#primaryimage"},"image":{"@id":"https:\/\/oplitegames.com\/de\/produkt\/mouse-pad-xxxl-tapis-bureau-integral\/#primaryimage"},"thumbnailUrl":"https:\/\/oplitegames-preprod.ezratis.fr\/wp-content\/uploads\/6-3-1.png","datePublished":"2023-01-20T13:03:09+00:00","dateModified":"2025-10-08T12:26:22+00:00","breadcrumb":{"@id":"https:\/\/oplitegames.com\/de\/produkt\/mouse-pad-xxxl-tapis-bureau-integral\/#breadcrumb"},"inLanguage":"de-DE","potentialAction":[{"@type":"ReadAction","target":["https:\/\/oplitegames.com\/de\/produkt\/mouse-pad-xxxl-tapis-bureau-integral\/"]}]},{"@type":"ImageObject","inLanguage":"de-DE","@id":"https:\/\/oplitegames.com\/de\/produkt\/mouse-pad-xxxl-tapis-bureau-integral\/#primaryimage","url":"https:\/\/oplitegames-preprod.ezratis.fr\/wp-content\/uploads\/6-3-1.png","contentUrl":"https:\/\/oplitegames-preprod.ezratis.fr\/wp-content\/uploads\/6-3-1.png","width":1000,"height":1000},{"@type":"BreadcrumbList","@id":"https:\/\/oplitegames.com\/de\/produkt\/mouse-pad-xxxl-tapis-bureau-integral\/#breadcrumb","itemListElement":[{"@type":"ListItem","position":1,"name":"Home","item":"https:\/\/oplitegames.com\/de\/"},{"@type":"ListItem","position":2,"name":"Gesch\u00e4ft","item":"https:\/\/oplitegames.com\/de\/geschaeft\/"},{"@type":"ListItem","position":3,"name":"Mouse Pad XXXL &#8211; Ganzk\u00f6rper-Schreibtischmatte"}]},{"@type":"WebSite","@id":"https:\/\/oplitegames.com\/#website","url":"https:\/\/oplitegames.com\/","name":"OPLITE","description":"","publisher":{"@id":"https:\/\/oplitegames.com\/#organization"},"potentialAction":[{"@type":"SearchAction","target":{"@type":"EntryPoint","urlTemplate":"https:\/\/oplitegames.com\/?s={search_term_string}"},"query-input":{"@type":"PropertyValueSpecification","valueRequired":true,"valueName":"search_term_string"}}],"inLanguage":"de-DE"},{"@type":"Organization","@id":"https:\/\/oplitegames.com\/#organization","name":"OPLITE","url":"https:\/\/oplitegames.com\/","logo":{"@type":"ImageObject","inLanguage":"de-DE","@id":"https:\/\/oplitegames.com\/#\/schema\/logo\/image\/","url":"https:\/\/oplitegames-preprod.ezratis.fr\/wp-content\/uploads\/cropped-cropped-Oplite-Blanc-casse-002-scaled-1.png","contentUrl":"https:\/\/oplitegames-preprod.ezratis.fr\/wp-content\/uploads\/cropped-cropped-Oplite-Blanc-casse-002-scaled-1.png","width":2509,"height":597,"caption":"OPLITE"},"image":{"@id":"https:\/\/oplitegames.com\/#\/schema\/logo\/image\/"}}]},"product_price_amount":"29.90","product_price_currency":"EUR","og_availability":"out of stock","product_availability":"out of stock","product_retailer_item_id":"95627","product_condition":"new"},"_links":{"self":[{"href":"https:\/\/oplitegames-preprod.ezratis.fr\/de\/wp-json\/wp\/v2\/product\/29510","targetHints":{"allow":["GET"]}}],"collection":[{"href":"https:\/\/oplitegames-preprod.ezratis.fr\/de\/wp-json\/wp\/v2\/product"}],"about":[{"href":"https:\/\/oplitegames-preprod.ezratis.fr\/de\/wp-json\/wp\/v2\/types\/product"}],"version-history":[{"count":2,"href":"https:\/\/oplitegames-preprod.ezratis.fr\/de\/wp-json\/wp\/v2\/product\/29510\/revisions"}],"predecessor-version":[{"id":39230,"href":"https:\/\/oplitegames-preprod.ezratis.fr\/de\/wp-json\/wp\/v2\/product\/29510\/revisions\/39230"}],"wp:featuredmedia":[{"embeddable":true,"href":"https:\/\/oplitegames-preprod.ezratis.fr\/de\/wp-json\/wp\/v2\/media\/26462"}],"wp:attachment":[{"href":"https:\/\/oplitegames-preprod.ezratis.fr\/de\/wp-json\/wp\/v2\/media?parent=29510"}],"wp:term":[{"taxonomy":"product_brand","embeddable":true,"href":"https:\/\/oplitegames-preprod.ezratis.fr\/de\/wp-json\/wp\/v2\/product_brand?post=29510"},{"taxonomy":"product_cat","embeddable":true,"href":"https:\/\/oplitegames-preprod.ezratis.fr\/de\/wp-json\/wp\/v2\/product_cat?post=29510"},{"taxonomy":"product_tag","embeddable":true,"href":"https:\/\/oplitegames-preprod.ezratis.fr\/de\/wp-json\/wp\/v2\/product_tag?post=29510"}],"curies":[{"name":"wp","href":"https:\/\/api.w.org\/{rel}","templated":true}]}}