{"id":29516,"date":"2023-01-20T14:15:18","date_gmt":"2023-01-20T13:15:18","guid":{"rendered":"https:\/\/oplitegames.com\/product\/support-joystick-manette-des-gaz-et-boite-de-vitesse\/"},"modified":"2026-01-20T10:43:31","modified_gmt":"2026-01-20T09:43:31","slug":"support-joystick-manette-des-gaz-et-boite-de-vitesse","status":"publish","type":"product","link":"https:\/\/oplitegames-preprod.ezratis.fr\/de\/produkt\/support-joystick-manette-des-gaz-et-boite-de-vitesse\/","title":{"rendered":"Unterst\u00fctzung von Joystick, Gashebel und Getriebe"},"content":{"rendered":"<p>Entwickelt von und f\u00fcr Liebhaber von Flugsimulationen, kann es Joysticks wie Gashebel aufnehmen (Kompatibilit\u00e4tsliste unten). Au\u00dferdem kann es mit Getrieben und Handbremsen (Kompatibilit\u00e4tsliste unten) ausgestattet werden, um die Welt der Autosimulation zu entdecken.<\/p>\n<p><span style=\"text-decoration: underline;\"><strong>Technische Merkmale:<\/strong><\/span><br \/>\n3 mm dicke Platte aus Kohlenstoffstahl &amp; mattschwarze, hochfeste Lackierung.<br \/>\nBefestigung am Schreibtisch mit 2 Fl\u00fcgelschrauben (H\u00f6he der Schreibtischplatte 18 mm bis 60 mm).<br \/>\nRutschfeste Schaumstoffpolsterung zum Schutz der Schreibtischoberfl\u00e4che und zur Erh\u00f6hung der Griffigkeit<br \/>\nEinstellbare H\u00f6he der peripheren St\u00fctze auf 80 mm H\u00f6he.<br \/>\nBeidh\u00e4ndige L\u00f6sung, die sowohl rechts als auch links oder beidseitig angebracht werden kann.<\/p>\n<p><span style=\"text-decoration: underline;\"><strong>Kompatibilit\u00e4t mit Zubeh\u00f6r*:<\/strong><\/span><br \/>\n100% Unterst\u00fctzung Kompatibel mit Thrustmaster\u00ae HOTAS Warthog\u2122, T.16000M FCS Hotas, TCA Airbus Edition, TWCS Peripherieger\u00e4ten.<br \/>\nUnterst\u00fctzung 100% Kompatibel mit Logitech \/ Saitek\u00ae X52, X52 Pro, X55, X56, G Saitek Pro Flight Yoke Peripherieger\u00e4ten.<\/p>\n<p><span style=\"text-decoration: underline;\"><strong>Kompatibilit\u00e4t mit Simracing-Zubeh\u00f6r*:<\/strong><\/span><br \/>\nUnterst\u00fctzung 100% kompatibel mit Schaltgetrieben und Handbremsen der Marken Thrustmaster\u00ae, Logitech\u00ae.<\/p>\n<p><small>*F\u00fcr eine optimale Kompatibilit\u00e4t mit bestimmten Ger\u00e4ten k\u00f6nnen kleine Anpassungen erforderlich sein. Seien Sie unbesorgt: Die Qualit\u00e4t und Garantie Ihres Produkts bleiben davon unber\u00fchrt. <\/small><\/p>\n","protected":false},"excerpt":{"rendered":"<p>Der Race and Flight Desk Mount ist ein &#8220;vielseitiger&#8221; St\u00e4nder, der direkt auf Ihrem Schreibtisch befestigt wird und verschiedene Kategorien von Flug- und Rennsimulationsger\u00e4ten aufnimmt.<\/p>\n","protected":false},"featured_media":26460,"template":"","meta":{"_acf_changed":false,"footnotes":""},"product_brand":[],"product_cat":[715,721,748],"product_tag":[695],"class_list":{"0":"post-29516","1":"product","2":"type-product","3":"status-publish","4":"has-post-thumbnail","6":"product_cat-buros-streaming","7":"product_cat-schreibtischzubehor","8":"product_cat-simulatorzubehoer","9":"product_tag-oplite-gaming-de","10":"pa_colisage-pcb-6-de","12":"first","13":"instock","14":"taxable","15":"shipping-taxable","16":"purchasable","17":"product-type-simple"},"bundled_by":[],"bundle_stock_status":"instock","bundle_stock_quantity":6,"bundle_virtual":false,"bundle_layout":"","bundle_add_to_cart_form_location":"","bundle_editable_in_cart":false,"bundle_sold_individually_context":"","bundle_item_grouping":"","bundle_min_size":"","bundle_max_size":"","bundle_price":[],"bundled_items":[],"bundle_sell_ids":[],"acf":[],"yoast_head":"<!-- This site is optimized with the Yoast SEO plugin v27.3 - https:\/\/yoast.com\/product\/yoast-seo-wordpress\/ -->\n<title>Unterst\u00fctzung von Joystick, Gashebel und Getriebe - OPLITE<\/title>\n<meta name=\"robots\" content=\"index, follow, max-snippet:-1, max-image-preview:large, max-video-preview:-1\" \/>\n<link rel=\"canonical\" href=\"https:\/\/oplitegames.com\/de\/produkt\/support-joystick-manette-des-gaz-et-boite-de-vitesse\/\" \/>\n<meta property=\"og:locale\" content=\"de_DE\" \/>\n<meta property=\"og:type\" content=\"article\" \/>\n<meta property=\"og:title\" content=\"Unterst\u00fctzung von Joystick, Gashebel und Getriebe - OPLITE\" \/>\n<meta property=\"og:description\" content=\"Der Race and Flight Desk Mount ist ein &quot;vielseitiger&quot; St\u00e4nder, der direkt auf Ihrem Schreibtisch befestigt wird und verschiedene Kategorien von Flug- und Rennsimulationsger\u00e4ten aufnimmt.\" \/>\n<meta property=\"og:url\" content=\"https:\/\/oplitegames.com\/de\/produkt\/support-joystick-manette-des-gaz-et-boite-de-vitesse\/\" \/>\n<meta property=\"og:site_name\" content=\"OPLITE\" \/>\n<meta property=\"article:modified_time\" content=\"2026-01-20T09:43:31+00:00\" \/>\n<meta property=\"og:image\" content=\"https:\/\/oplitegames.com\/wp-content\/uploads\/1-24-1.png\" \/>\n\t<meta property=\"og:image:width\" content=\"1000\" \/>\n\t<meta property=\"og:image:height\" content=\"1000\" \/>\n\t<meta property=\"og:image:type\" content=\"image\/png\" \/>\n<meta name=\"twitter:card\" content=\"summary_large_image\" \/>\n<meta name=\"twitter:label1\" content=\"Price\" \/>\n\t<meta name=\"twitter:data1\" content=\"79,90&nbsp;&euro;\" \/>\n\t<meta name=\"twitter:label2\" content=\"Availability\" \/>\n\t<meta name=\"twitter:data2\" content=\"In stock\" \/>\n<script type=\"application\/ld+json\" class=\"yoast-schema-graph\">{\"@context\":\"https:\\\/\\\/schema.org\",\"@graph\":[{\"@type\":[\"WebPage\",\"ItemPage\"],\"@id\":\"https:\\\/\\\/oplitegames.com\\\/de\\\/produkt\\\/support-joystick-manette-des-gaz-et-boite-de-vitesse\\\/\",\"url\":\"https:\\\/\\\/oplitegames.com\\\/de\\\/produkt\\\/support-joystick-manette-des-gaz-et-boite-de-vitesse\\\/\",\"name\":\"Unterst\u00fctzung von Joystick, Gashebel und Getriebe - OPLITE\",\"isPartOf\":{\"@id\":\"https:\\\/\\\/oplitegames.com\\\/#website\"},\"primaryImageOfPage\":{\"@id\":\"https:\\\/\\\/oplitegames.com\\\/de\\\/produkt\\\/support-joystick-manette-des-gaz-et-boite-de-vitesse\\\/#primaryimage\"},\"image\":{\"@id\":\"https:\\\/\\\/oplitegames.com\\\/de\\\/produkt\\\/support-joystick-manette-des-gaz-et-boite-de-vitesse\\\/#primaryimage\"},\"thumbnailUrl\":\"https:\\\/\\\/oplitegames-preprod.ezratis.fr\\\/wp-content\\\/uploads\\\/1-24-1.png\",\"datePublished\":\"2023-01-20T13:15:18+00:00\",\"dateModified\":\"2026-01-20T09:43:31+00:00\",\"breadcrumb\":{\"@id\":\"https:\\\/\\\/oplitegames.com\\\/de\\\/produkt\\\/support-joystick-manette-des-gaz-et-boite-de-vitesse\\\/#breadcrumb\"},\"inLanguage\":\"de-DE\",\"potentialAction\":[{\"@type\":\"ReadAction\",\"target\":[\"https:\\\/\\\/oplitegames.com\\\/de\\\/produkt\\\/support-joystick-manette-des-gaz-et-boite-de-vitesse\\\/\"]}]},{\"@type\":\"ImageObject\",\"inLanguage\":\"de-DE\",\"@id\":\"https:\\\/\\\/oplitegames.com\\\/de\\\/produkt\\\/support-joystick-manette-des-gaz-et-boite-de-vitesse\\\/#primaryimage\",\"url\":\"https:\\\/\\\/oplitegames-preprod.ezratis.fr\\\/wp-content\\\/uploads\\\/1-24-1.png\",\"contentUrl\":\"https:\\\/\\\/oplitegames-preprod.ezratis.fr\\\/wp-content\\\/uploads\\\/1-24-1.png\",\"width\":1000,\"height\":1000},{\"@type\":\"BreadcrumbList\",\"@id\":\"https:\\\/\\\/oplitegames.com\\\/de\\\/produkt\\\/support-joystick-manette-des-gaz-et-boite-de-vitesse\\\/#breadcrumb\",\"itemListElement\":[{\"@type\":\"ListItem\",\"position\":1,\"name\":\"Home\",\"item\":\"https:\\\/\\\/oplitegames.com\\\/de\\\/\"},{\"@type\":\"ListItem\",\"position\":2,\"name\":\"Gesch\u00e4ft\",\"item\":\"https:\\\/\\\/oplitegames.com\\\/de\\\/geschaeft\\\/\"},{\"@type\":\"ListItem\",\"position\":3,\"name\":\"Unterst\u00fctzung von Joystick, Gashebel und Getriebe\"}]},{\"@type\":\"WebSite\",\"@id\":\"https:\\\/\\\/oplitegames.com\\\/#website\",\"url\":\"https:\\\/\\\/oplitegames.com\\\/\",\"name\":\"OPLITE\",\"description\":\"\",\"publisher\":{\"@id\":\"https:\\\/\\\/oplitegames.com\\\/#organization\"},\"potentialAction\":[{\"@type\":\"SearchAction\",\"target\":{\"@type\":\"EntryPoint\",\"urlTemplate\":\"https:\\\/\\\/oplitegames.com\\\/?s={search_term_string}\"},\"query-input\":{\"@type\":\"PropertyValueSpecification\",\"valueRequired\":true,\"valueName\":\"search_term_string\"}}],\"inLanguage\":\"de-DE\"},{\"@type\":\"Organization\",\"@id\":\"https:\\\/\\\/oplitegames.com\\\/#organization\",\"name\":\"OPLITE\",\"url\":\"https:\\\/\\\/oplitegames.com\\\/\",\"logo\":{\"@type\":\"ImageObject\",\"inLanguage\":\"de-DE\",\"@id\":\"https:\\\/\\\/oplitegames.com\\\/#\\\/schema\\\/logo\\\/image\\\/\",\"url\":\"https:\\\/\\\/oplitegames-preprod.ezratis.fr\\\/wp-content\\\/uploads\\\/cropped-cropped-Oplite-Blanc-casse-002-scaled-1.png\",\"contentUrl\":\"https:\\\/\\\/oplitegames-preprod.ezratis.fr\\\/wp-content\\\/uploads\\\/cropped-cropped-Oplite-Blanc-casse-002-scaled-1.png\",\"width\":2509,\"height\":597,\"caption\":\"OPLITE\"},\"image\":{\"@id\":\"https:\\\/\\\/oplitegames.com\\\/#\\\/schema\\\/logo\\\/image\\\/\"}}]}<\/script>\n<meta property=\"product:price:amount\" content=\"79.90\" \/>\n<meta property=\"product:price:currency\" content=\"EUR\" \/>\n<meta property=\"og:availability\" content=\"instock\" \/>\n<meta property=\"product:availability\" content=\"instock\" \/>\n<meta property=\"product:retailer_item_id\" content=\"96163\" \/>\n<meta property=\"product:condition\" content=\"new\" \/>\n<!-- \/ Yoast SEO plugin. -->","yoast_head_json":{"title":"Unterst\u00fctzung von Joystick, Gashebel und Getriebe - OPLITE","robots":{"index":"index","follow":"follow","max-snippet":"max-snippet:-1","max-image-preview":"max-image-preview:large","max-video-preview":"max-video-preview:-1"},"canonical":"https:\/\/oplitegames.com\/de\/produkt\/support-joystick-manette-des-gaz-et-boite-de-vitesse\/","og_locale":"de_DE","og_type":"article","og_title":"Unterst\u00fctzung von Joystick, Gashebel und Getriebe - OPLITE","og_description":"Der Race and Flight Desk Mount ist ein \"vielseitiger\" St\u00e4nder, der direkt auf Ihrem Schreibtisch befestigt wird und verschiedene Kategorien von Flug- und Rennsimulationsger\u00e4ten aufnimmt.","og_url":"https:\/\/oplitegames.com\/de\/produkt\/support-joystick-manette-des-gaz-et-boite-de-vitesse\/","og_site_name":"OPLITE","article_modified_time":"2026-01-20T09:43:31+00:00","og_image":[{"width":1000,"height":1000,"url":"https:\/\/oplitegames.com\/wp-content\/uploads\/1-24-1.png","type":"image\/png"}],"twitter_card":"summary_large_image","twitter_misc":{"Price":"79,90&nbsp;&euro;","Availability":"In stock"},"schema":{"@context":"https:\/\/schema.org","@graph":[{"@type":["WebPage","ItemPage"],"@id":"https:\/\/oplitegames.com\/de\/produkt\/support-joystick-manette-des-gaz-et-boite-de-vitesse\/","url":"https:\/\/oplitegames.com\/de\/produkt\/support-joystick-manette-des-gaz-et-boite-de-vitesse\/","name":"Unterst\u00fctzung von Joystick, Gashebel und Getriebe - OPLITE","isPartOf":{"@id":"https:\/\/oplitegames.com\/#website"},"primaryImageOfPage":{"@id":"https:\/\/oplitegames.com\/de\/produkt\/support-joystick-manette-des-gaz-et-boite-de-vitesse\/#primaryimage"},"image":{"@id":"https:\/\/oplitegames.com\/de\/produkt\/support-joystick-manette-des-gaz-et-boite-de-vitesse\/#primaryimage"},"thumbnailUrl":"https:\/\/oplitegames-preprod.ezratis.fr\/wp-content\/uploads\/1-24-1.png","datePublished":"2023-01-20T13:15:18+00:00","dateModified":"2026-01-20T09:43:31+00:00","breadcrumb":{"@id":"https:\/\/oplitegames.com\/de\/produkt\/support-joystick-manette-des-gaz-et-boite-de-vitesse\/#breadcrumb"},"inLanguage":"de-DE","potentialAction":[{"@type":"ReadAction","target":["https:\/\/oplitegames.com\/de\/produkt\/support-joystick-manette-des-gaz-et-boite-de-vitesse\/"]}]},{"@type":"ImageObject","inLanguage":"de-DE","@id":"https:\/\/oplitegames.com\/de\/produkt\/support-joystick-manette-des-gaz-et-boite-de-vitesse\/#primaryimage","url":"https:\/\/oplitegames-preprod.ezratis.fr\/wp-content\/uploads\/1-24-1.png","contentUrl":"https:\/\/oplitegames-preprod.ezratis.fr\/wp-content\/uploads\/1-24-1.png","width":1000,"height":1000},{"@type":"BreadcrumbList","@id":"https:\/\/oplitegames.com\/de\/produkt\/support-joystick-manette-des-gaz-et-boite-de-vitesse\/#breadcrumb","itemListElement":[{"@type":"ListItem","position":1,"name":"Home","item":"https:\/\/oplitegames.com\/de\/"},{"@type":"ListItem","position":2,"name":"Gesch\u00e4ft","item":"https:\/\/oplitegames.com\/de\/geschaeft\/"},{"@type":"ListItem","position":3,"name":"Unterst\u00fctzung von Joystick, Gashebel und Getriebe"}]},{"@type":"WebSite","@id":"https:\/\/oplitegames.com\/#website","url":"https:\/\/oplitegames.com\/","name":"OPLITE","description":"","publisher":{"@id":"https:\/\/oplitegames.com\/#organization"},"potentialAction":[{"@type":"SearchAction","target":{"@type":"EntryPoint","urlTemplate":"https:\/\/oplitegames.com\/?s={search_term_string}"},"query-input":{"@type":"PropertyValueSpecification","valueRequired":true,"valueName":"search_term_string"}}],"inLanguage":"de-DE"},{"@type":"Organization","@id":"https:\/\/oplitegames.com\/#organization","name":"OPLITE","url":"https:\/\/oplitegames.com\/","logo":{"@type":"ImageObject","inLanguage":"de-DE","@id":"https:\/\/oplitegames.com\/#\/schema\/logo\/image\/","url":"https:\/\/oplitegames-preprod.ezratis.fr\/wp-content\/uploads\/cropped-cropped-Oplite-Blanc-casse-002-scaled-1.png","contentUrl":"https:\/\/oplitegames-preprod.ezratis.fr\/wp-content\/uploads\/cropped-cropped-Oplite-Blanc-casse-002-scaled-1.png","width":2509,"height":597,"caption":"OPLITE"},"image":{"@id":"https:\/\/oplitegames.com\/#\/schema\/logo\/image\/"}}]},"product_price_amount":"79.90","product_price_currency":"EUR","og_availability":"instock","product_availability":"instock","product_retailer_item_id":"96163","product_condition":"new"},"_links":{"self":[{"href":"https:\/\/oplitegames-preprod.ezratis.fr\/de\/wp-json\/wp\/v2\/product\/29516","targetHints":{"allow":["GET"]}}],"collection":[{"href":"https:\/\/oplitegames-preprod.ezratis.fr\/de\/wp-json\/wp\/v2\/product"}],"about":[{"href":"https:\/\/oplitegames-preprod.ezratis.fr\/de\/wp-json\/wp\/v2\/types\/product"}],"version-history":[{"count":3,"href":"https:\/\/oplitegames-preprod.ezratis.fr\/de\/wp-json\/wp\/v2\/product\/29516\/revisions"}],"predecessor-version":[{"id":53422,"href":"https:\/\/oplitegames-preprod.ezratis.fr\/de\/wp-json\/wp\/v2\/product\/29516\/revisions\/53422"}],"wp:featuredmedia":[{"embeddable":true,"href":"https:\/\/oplitegames-preprod.ezratis.fr\/de\/wp-json\/wp\/v2\/media\/26460"}],"wp:attachment":[{"href":"https:\/\/oplitegames-preprod.ezratis.fr\/de\/wp-json\/wp\/v2\/media?parent=29516"}],"wp:term":[{"taxonomy":"product_brand","embeddable":true,"href":"https:\/\/oplitegames-preprod.ezratis.fr\/de\/wp-json\/wp\/v2\/product_brand?post=29516"},{"taxonomy":"product_cat","embeddable":true,"href":"https:\/\/oplitegames-preprod.ezratis.fr\/de\/wp-json\/wp\/v2\/product_cat?post=29516"},{"taxonomy":"product_tag","embeddable":true,"href":"https:\/\/oplitegames-preprod.ezratis.fr\/de\/wp-json\/wp\/v2\/product_tag?post=29516"}],"curies":[{"name":"wp","href":"https:\/\/api.w.org\/{rel}","templated":true}]}}