{"id":29527,"date":"2023-04-06T17:24:01","date_gmt":"2023-04-06T15:24:01","guid":{"rendered":"https:\/\/oplitegames.com\/product\/oplite-mt10-monitor-arm\/"},"modified":"2025-12-16T17:49:55","modified_gmt":"2025-12-16T16:49:55","slug":"oplite-mt10-monitor-arm","status":"publish","type":"product","link":"https:\/\/oplitegames-preprod.ezratis.fr\/de\/produkt\/oplite-mt10-monitor-arm\/","title":{"rendered":"MT10 Monitor Arm"},"content":{"rendered":"<p>Der <strong>MT10<\/strong> wurde entwickelt, um die Effizienz Ihres Raumes zu maximieren und gleichzeitig die Ergonomie Ihres Arbeits- oder Spielbereichs zu verbessern. Seine Hauptvorteile sind die bew\u00e4hrte, einfache Konstruktion mit einem federunterst\u00fctzten System mit Gegengewicht sowie die Neigungswinkel, die eine fast unendliche Vielfalt an M\u00f6glichkeiten bieten. Er kann zwei Bildschirme mit einer Gr\u00f6\u00dfe von jeweils bis zu 32 Zoll und einem Gewicht von bis zu 8 Kilogramm tragen. Er bietet flexible Bewegungs- und Ausrichtungsm\u00f6glichkeiten f\u00fcr Ihre beiden Bildschirme, egal ob flach oder gekr\u00fcmmt, solange sie mit den universellen VESA-Halterungen 75&#215;75 oder 100&#215;100 kompatibel sind.<\/p>\n<p><span style=\"text-decoration: underline;\"><strong>Highlights :<\/strong><\/span><br \/>\n\u2705Design aus hochwertigem Aluminium, hochdichtem Karbonstahl und ABS-Verkleidung.<br \/>\n\u2705Einzigartiger Stil, der Stahlrohr und Aluminiumverkleidung kombiniert.<br \/>\n\u2705Einfach zu verstellen, mit seinen Federn k\u00f6nnen Sie das Layout Ihrer Bildschirme ohne M\u00fche perfekt anpassen. m\u00fchelos zu bedienen. Das Ergebnis ist eine ergonomische, praktische und leistungsf\u00e4hige Arbeits- oder Spielstation.<br \/>\n\u2705Schafft Platz, erm\u00f6glicht das Erh\u00f6hen Ihrer Bildschirme und schafft freie Schreibtischfl\u00e4che.<br \/>\n\u2705Neigungsf\u00e4higkeit von +90\/-45\u00b0 f\u00fcr bequemes Arbeiten oder Spielen in einer Position. Sitzen oder Stehen zu nutzen.<br \/>\n\u2705Kompatibel mit gekr\u00fcmmten und flachen Bildschirmen, die \u00fcber ein Befestigungssystem nach dem Standard VESA verf\u00fcgen. Universal VESA 75&#215;75 oder 100&#215;100 bis zu 32&#8221;.<br \/>\n\u2705Einfache Montage der Bildschirme durch die mitgelieferten abnehmbaren VESA-Platten.<br \/>\n\u2705Befestigung des Arms an Ihrem Schreibtisch durch eine &#8220;C&#8221;-Klemme (Ankerschraubstock) oder durch 1 Schraube. durch Ihren Schreibtisch hindurch.<br \/>\n\u2705In die Arme integriertes Kabelf\u00fchrungssystem.<\/p>\n<p><strong><span style=\"text-decoration: underline;\">Technische Daten :<\/span><\/strong><br \/>\n\u2705 Kompatible Bildschirmgr\u00f6\u00dfe:17&#8243;-32&#8243;.<br \/>\n\u2705 Anzahl der Bildschirme:2<br \/>\n\u2705 Gewichtskapazit\u00e4t (pro Bildschirm):2~8kg.<br \/>\n\u2705 Neigungsbereich: +90\u00b0~-45\u00b0.<br \/>\n\u2705 Schwenkbereich: +90\u00b0~-90<\/p>\n<p><span style=\"text-decoration: underline;\"><strong>Produktkompatibilit\u00e4t :<\/strong> <\/span><br \/>\n\u2705 Alle VESA-Bildschirme: 75&#215;75,100&#215;100.<br \/>\n\u2705 Alle Schreibtische der Marke OPLITE.<br \/>\n\u2705 Alle Schreibtische anderer Hersteller<\/p>\n","protected":false},"excerpt":{"rendered":"<p>Es ist an der Zeit, immersivere Erfahrungen zu machen und gleichzeitig mehr Platz auf Ihrem Schreibtisch zu schaffen !<br \/>\nAls Experte f\u00fcr die Entwicklung ergonomischer Produkte f\u00fcr den B\u00fcro- und Gaming-Bereich stellt OPLITE seinen neuen Doppelarm, den <strong>MT10<\/strong>, vor.<\/p>\n[embed]https:\/\/www.youtube.com\/watch?v=CMZGjtxpDdI[\/embed]\n","protected":false},"featured_media":30493,"template":"","meta":{"_acf_changed":false,"footnotes":""},"product_brand":[],"product_cat":[715,727],"product_tag":[695],"class_list":{"0":"post-29527","1":"product","2":"type-product","3":"status-publish","4":"has-post-thumbnail","6":"product_cat-buros-streaming","7":"product_cat-gelenkarme","8":"product_tag-oplite-gaming-de","9":"pa_colisage-pcb-4-de","11":"first","12":"instock","13":"taxable","14":"shipping-taxable","15":"purchasable","16":"product-type-simple"},"bundled_by":[],"bundle_stock_status":"instock","bundle_stock_quantity":286,"bundle_virtual":false,"bundle_layout":"","bundle_add_to_cart_form_location":"","bundle_editable_in_cart":false,"bundle_sold_individually_context":"","bundle_item_grouping":"","bundle_min_size":"","bundle_max_size":"","bundle_price":[],"bundled_items":[],"bundle_sell_ids":[],"acf":[],"yoast_head":"<!-- This site is optimized with the Yoast SEO plugin v27.3 - https:\/\/yoast.com\/product\/yoast-seo-wordpress\/ -->\n<title>MT10 Monitor Arm - OPLITE<\/title>\n<meta name=\"robots\" content=\"index, follow, max-snippet:-1, max-image-preview:large, max-video-preview:-1\" \/>\n<link rel=\"canonical\" href=\"https:\/\/oplitegames.com\/de\/produkt\/oplite-mt10-monitor-arm\/\" \/>\n<meta property=\"og:locale\" content=\"de_DE\" \/>\n<meta property=\"og:type\" content=\"article\" \/>\n<meta property=\"og:title\" content=\"MT10 Monitor Arm - OPLITE\" \/>\n<meta property=\"og:description\" content=\"Es ist an der Zeit, immersivere Erfahrungen zu machen und gleichzeitig mehr Platz auf Ihrem Schreibtisch zu schaffen ! Als Experte f\u00fcr die Entwicklung ergonomischer Produkte f\u00fcr den B\u00fcro- und Gaming-Bereich stellt OPLITE seinen neuen Doppelarm, den MT10, vor.\" \/>\n<meta property=\"og:url\" content=\"https:\/\/oplitegames.com\/de\/produkt\/oplite-mt10-monitor-arm\/\" \/>\n<meta property=\"og:site_name\" content=\"OPLITE\" \/>\n<meta property=\"article:modified_time\" content=\"2025-12-16T16:49:55+00:00\" \/>\n<meta property=\"og:image\" content=\"https:\/\/oplitegames.com\/wp-content\/uploads\/OPLITE-MT10-Monitor-Arm_06-1.png\" \/>\n\t<meta property=\"og:image:width\" content=\"1000\" \/>\n\t<meta property=\"og:image:height\" content=\"1000\" \/>\n\t<meta property=\"og:image:type\" content=\"image\/png\" \/>\n<meta name=\"twitter:card\" content=\"summary_large_image\" \/>\n<meta name=\"twitter:label1\" content=\"Price\" \/>\n\t<meta name=\"twitter:data1\" content=\"69,90&nbsp;&euro;\" \/>\n\t<meta name=\"twitter:label2\" content=\"Availability\" \/>\n\t<meta name=\"twitter:data2\" content=\"In stock\" \/>\n<script type=\"application\/ld+json\" class=\"yoast-schema-graph\">{\"@context\":\"https:\\\/\\\/schema.org\",\"@graph\":[{\"@type\":[\"WebPage\",\"ItemPage\"],\"@id\":\"https:\\\/\\\/oplitegames.com\\\/de\\\/produkt\\\/oplite-mt10-monitor-arm\\\/\",\"url\":\"https:\\\/\\\/oplitegames.com\\\/de\\\/produkt\\\/oplite-mt10-monitor-arm\\\/\",\"name\":\"MT10 Monitor Arm - OPLITE\",\"isPartOf\":{\"@id\":\"https:\\\/\\\/oplitegames.com\\\/#website\"},\"primaryImageOfPage\":{\"@id\":\"https:\\\/\\\/oplitegames.com\\\/de\\\/produkt\\\/oplite-mt10-monitor-arm\\\/#primaryimage\"},\"image\":{\"@id\":\"https:\\\/\\\/oplitegames.com\\\/de\\\/produkt\\\/oplite-mt10-monitor-arm\\\/#primaryimage\"},\"thumbnailUrl\":\"https:\\\/\\\/oplitegames-preprod.ezratis.fr\\\/wp-content\\\/uploads\\\/OPLITE-MT10-Monitor-Arm_06-1.png\",\"datePublished\":\"2023-04-06T15:24:01+00:00\",\"dateModified\":\"2025-12-16T16:49:55+00:00\",\"breadcrumb\":{\"@id\":\"https:\\\/\\\/oplitegames.com\\\/de\\\/produkt\\\/oplite-mt10-monitor-arm\\\/#breadcrumb\"},\"inLanguage\":\"de-DE\",\"potentialAction\":[{\"@type\":\"ReadAction\",\"target\":[\"https:\\\/\\\/oplitegames.com\\\/de\\\/produkt\\\/oplite-mt10-monitor-arm\\\/\"]}]},{\"@type\":\"ImageObject\",\"inLanguage\":\"de-DE\",\"@id\":\"https:\\\/\\\/oplitegames.com\\\/de\\\/produkt\\\/oplite-mt10-monitor-arm\\\/#primaryimage\",\"url\":\"https:\\\/\\\/oplitegames-preprod.ezratis.fr\\\/wp-content\\\/uploads\\\/OPLITE-MT10-Monitor-Arm_06-1.png\",\"contentUrl\":\"https:\\\/\\\/oplitegames-preprod.ezratis.fr\\\/wp-content\\\/uploads\\\/OPLITE-MT10-Monitor-Arm_06-1.png\",\"width\":1000,\"height\":1000},{\"@type\":\"BreadcrumbList\",\"@id\":\"https:\\\/\\\/oplitegames.com\\\/de\\\/produkt\\\/oplite-mt10-monitor-arm\\\/#breadcrumb\",\"itemListElement\":[{\"@type\":\"ListItem\",\"position\":1,\"name\":\"Home\",\"item\":\"https:\\\/\\\/oplitegames.com\\\/de\\\/\"},{\"@type\":\"ListItem\",\"position\":2,\"name\":\"Gesch\u00e4ft\",\"item\":\"https:\\\/\\\/oplitegames.com\\\/de\\\/geschaeft\\\/\"},{\"@type\":\"ListItem\",\"position\":3,\"name\":\"MT10 Monitor Arm\"}]},{\"@type\":\"WebSite\",\"@id\":\"https:\\\/\\\/oplitegames.com\\\/#website\",\"url\":\"https:\\\/\\\/oplitegames.com\\\/\",\"name\":\"OPLITE\",\"description\":\"\",\"publisher\":{\"@id\":\"https:\\\/\\\/oplitegames.com\\\/#organization\"},\"potentialAction\":[{\"@type\":\"SearchAction\",\"target\":{\"@type\":\"EntryPoint\",\"urlTemplate\":\"https:\\\/\\\/oplitegames.com\\\/?s={search_term_string}\"},\"query-input\":{\"@type\":\"PropertyValueSpecification\",\"valueRequired\":true,\"valueName\":\"search_term_string\"}}],\"inLanguage\":\"de-DE\"},{\"@type\":\"Organization\",\"@id\":\"https:\\\/\\\/oplitegames.com\\\/#organization\",\"name\":\"OPLITE\",\"url\":\"https:\\\/\\\/oplitegames.com\\\/\",\"logo\":{\"@type\":\"ImageObject\",\"inLanguage\":\"de-DE\",\"@id\":\"https:\\\/\\\/oplitegames.com\\\/#\\\/schema\\\/logo\\\/image\\\/\",\"url\":\"https:\\\/\\\/oplitegames-preprod.ezratis.fr\\\/wp-content\\\/uploads\\\/cropped-cropped-Oplite-Blanc-casse-002-scaled-1.png\",\"contentUrl\":\"https:\\\/\\\/oplitegames-preprod.ezratis.fr\\\/wp-content\\\/uploads\\\/cropped-cropped-Oplite-Blanc-casse-002-scaled-1.png\",\"width\":2509,\"height\":597,\"caption\":\"OPLITE\"},\"image\":{\"@id\":\"https:\\\/\\\/oplitegames.com\\\/#\\\/schema\\\/logo\\\/image\\\/\"}}]}<\/script>\n<meta property=\"product:price:amount\" content=\"69.90\" \/>\n<meta property=\"product:price:currency\" content=\"EUR\" \/>\n<meta property=\"og:availability\" content=\"instock\" \/>\n<meta property=\"product:availability\" content=\"instock\" \/>\n<meta property=\"product:retailer_item_id\" content=\"96449\" \/>\n<meta property=\"product:condition\" content=\"new\" \/>\n<!-- \/ Yoast SEO plugin. -->","yoast_head_json":{"title":"MT10 Monitor Arm - OPLITE","robots":{"index":"index","follow":"follow","max-snippet":"max-snippet:-1","max-image-preview":"max-image-preview:large","max-video-preview":"max-video-preview:-1"},"canonical":"https:\/\/oplitegames.com\/de\/produkt\/oplite-mt10-monitor-arm\/","og_locale":"de_DE","og_type":"article","og_title":"MT10 Monitor Arm - OPLITE","og_description":"Es ist an der Zeit, immersivere Erfahrungen zu machen und gleichzeitig mehr Platz auf Ihrem Schreibtisch zu schaffen ! Als Experte f\u00fcr die Entwicklung ergonomischer Produkte f\u00fcr den B\u00fcro- und Gaming-Bereich stellt OPLITE seinen neuen Doppelarm, den MT10, vor.","og_url":"https:\/\/oplitegames.com\/de\/produkt\/oplite-mt10-monitor-arm\/","og_site_name":"OPLITE","article_modified_time":"2025-12-16T16:49:55+00:00","og_image":[{"width":1000,"height":1000,"url":"https:\/\/oplitegames.com\/wp-content\/uploads\/OPLITE-MT10-Monitor-Arm_06-1.png","type":"image\/png"}],"twitter_card":"summary_large_image","twitter_misc":{"Price":"69,90&nbsp;&euro;","Availability":"In stock"},"schema":{"@context":"https:\/\/schema.org","@graph":[{"@type":["WebPage","ItemPage"],"@id":"https:\/\/oplitegames.com\/de\/produkt\/oplite-mt10-monitor-arm\/","url":"https:\/\/oplitegames.com\/de\/produkt\/oplite-mt10-monitor-arm\/","name":"MT10 Monitor Arm - OPLITE","isPartOf":{"@id":"https:\/\/oplitegames.com\/#website"},"primaryImageOfPage":{"@id":"https:\/\/oplitegames.com\/de\/produkt\/oplite-mt10-monitor-arm\/#primaryimage"},"image":{"@id":"https:\/\/oplitegames.com\/de\/produkt\/oplite-mt10-monitor-arm\/#primaryimage"},"thumbnailUrl":"https:\/\/oplitegames-preprod.ezratis.fr\/wp-content\/uploads\/OPLITE-MT10-Monitor-Arm_06-1.png","datePublished":"2023-04-06T15:24:01+00:00","dateModified":"2025-12-16T16:49:55+00:00","breadcrumb":{"@id":"https:\/\/oplitegames.com\/de\/produkt\/oplite-mt10-monitor-arm\/#breadcrumb"},"inLanguage":"de-DE","potentialAction":[{"@type":"ReadAction","target":["https:\/\/oplitegames.com\/de\/produkt\/oplite-mt10-monitor-arm\/"]}]},{"@type":"ImageObject","inLanguage":"de-DE","@id":"https:\/\/oplitegames.com\/de\/produkt\/oplite-mt10-monitor-arm\/#primaryimage","url":"https:\/\/oplitegames-preprod.ezratis.fr\/wp-content\/uploads\/OPLITE-MT10-Monitor-Arm_06-1.png","contentUrl":"https:\/\/oplitegames-preprod.ezratis.fr\/wp-content\/uploads\/OPLITE-MT10-Monitor-Arm_06-1.png","width":1000,"height":1000},{"@type":"BreadcrumbList","@id":"https:\/\/oplitegames.com\/de\/produkt\/oplite-mt10-monitor-arm\/#breadcrumb","itemListElement":[{"@type":"ListItem","position":1,"name":"Home","item":"https:\/\/oplitegames.com\/de\/"},{"@type":"ListItem","position":2,"name":"Gesch\u00e4ft","item":"https:\/\/oplitegames.com\/de\/geschaeft\/"},{"@type":"ListItem","position":3,"name":"MT10 Monitor Arm"}]},{"@type":"WebSite","@id":"https:\/\/oplitegames.com\/#website","url":"https:\/\/oplitegames.com\/","name":"OPLITE","description":"","publisher":{"@id":"https:\/\/oplitegames.com\/#organization"},"potentialAction":[{"@type":"SearchAction","target":{"@type":"EntryPoint","urlTemplate":"https:\/\/oplitegames.com\/?s={search_term_string}"},"query-input":{"@type":"PropertyValueSpecification","valueRequired":true,"valueName":"search_term_string"}}],"inLanguage":"de-DE"},{"@type":"Organization","@id":"https:\/\/oplitegames.com\/#organization","name":"OPLITE","url":"https:\/\/oplitegames.com\/","logo":{"@type":"ImageObject","inLanguage":"de-DE","@id":"https:\/\/oplitegames.com\/#\/schema\/logo\/image\/","url":"https:\/\/oplitegames-preprod.ezratis.fr\/wp-content\/uploads\/cropped-cropped-Oplite-Blanc-casse-002-scaled-1.png","contentUrl":"https:\/\/oplitegames-preprod.ezratis.fr\/wp-content\/uploads\/cropped-cropped-Oplite-Blanc-casse-002-scaled-1.png","width":2509,"height":597,"caption":"OPLITE"},"image":{"@id":"https:\/\/oplitegames.com\/#\/schema\/logo\/image\/"}}]},"product_price_amount":"69.90","product_price_currency":"EUR","og_availability":"instock","product_availability":"instock","product_retailer_item_id":"96449","product_condition":"new"},"_links":{"self":[{"href":"https:\/\/oplitegames-preprod.ezratis.fr\/de\/wp-json\/wp\/v2\/product\/29527","targetHints":{"allow":["GET"]}}],"collection":[{"href":"https:\/\/oplitegames-preprod.ezratis.fr\/de\/wp-json\/wp\/v2\/product"}],"about":[{"href":"https:\/\/oplitegames-preprod.ezratis.fr\/de\/wp-json\/wp\/v2\/types\/product"}],"version-history":[{"count":3,"href":"https:\/\/oplitegames-preprod.ezratis.fr\/de\/wp-json\/wp\/v2\/product\/29527\/revisions"}],"predecessor-version":[{"id":48264,"href":"https:\/\/oplitegames-preprod.ezratis.fr\/de\/wp-json\/wp\/v2\/product\/29527\/revisions\/48264"}],"wp:featuredmedia":[{"embeddable":true,"href":"https:\/\/oplitegames-preprod.ezratis.fr\/de\/wp-json\/wp\/v2\/media\/30493"}],"wp:attachment":[{"href":"https:\/\/oplitegames-preprod.ezratis.fr\/de\/wp-json\/wp\/v2\/media?parent=29527"}],"wp:term":[{"taxonomy":"product_brand","embeddable":true,"href":"https:\/\/oplitegames-preprod.ezratis.fr\/de\/wp-json\/wp\/v2\/product_brand?post=29527"},{"taxonomy":"product_cat","embeddable":true,"href":"https:\/\/oplitegames-preprod.ezratis.fr\/de\/wp-json\/wp\/v2\/product_cat?post=29527"},{"taxonomy":"product_tag","embeddable":true,"href":"https:\/\/oplitegames-preprod.ezratis.fr\/de\/wp-json\/wp\/v2\/product_tag?post=29527"}],"curies":[{"name":"wp","href":"https:\/\/api.w.org\/{rel}","templated":true}]}}