{"id":29531,"date":"2023-05-25T17:11:30","date_gmt":"2023-05-25T15:11:30","guid":{"rendered":"https:\/\/oplitegames.com\/?post_type=product&#038;p=29531"},"modified":"2026-01-20T10:43:14","modified_gmt":"2026-01-20T09:43:14","slug":"premium-microphone-arm","status":"publish","type":"product","link":"https:\/\/oplitegames-preprod.ezratis.fr\/de\/produkt\/premium-microphone-arm\/","title":{"rendered":"Premium Microphone Arm"},"content":{"rendered":"<p><span style=\"text-decoration: underline;\"><strong>Pr\u00e4sentation :<\/strong> <\/span><br \/>\nDer <strong>OP-PMA<\/strong> wurde entwickelt, um die Qualit\u00e4t Ihrer Stimme bei Podcasts, Spielsitzungen oder Live-\u00dcbertragungen zu verbessern. Er eignet sich daher sowohl f\u00fcr den Einsatz zu Hause auf dem Schreibtisch als auch in einem Podcasting-Studio.<br \/>\nSeine Hauptvorteile liegen in seinem innovativen Design und seiner Modularit\u00e4t. Er bietet n\u00e4mlich drei verschiedene Montageoptionen f\u00fcr Ihre Umgebung, wodurch sich die verf\u00fcgbaren Einstellungs- und Anpassungsm\u00f6glichkeiten erheblich erweitern.<br \/>\nClip-on-Halterung f\u00fcr das Kabelmanagement hilft Ihnen, Platz zu schaffen und die Unordnung auf Ihrem Schreibtisch zu minimieren, wodurch ein sauberes und professionelles Erscheinungsbild entsteht.<\/p>\n<p><span style=\"text-decoration: underline;\"><strong>Highlights :<\/strong> <\/span><br \/>\n\u2705Design aus hochwertigem Aluminium, hochdichtem Karbonstahl und ABS-Verkleidung.<br \/>\n\u2705Modulierbar durch 3 m\u00f6gliche Baugruppen und einstellbar f\u00fcr einen optimalen Abstand.<br \/>\n\u2705Pr\u00e4zise und leise Positionierung Ihres Mikrofons dank seiner Aluminiumteile.<br \/>\n\u2705Volle 360-Grad-Drehung und 180-Grad-Schwenkung durch Kugelgelenk.<br \/>\n\u2705Kompatibel mit allen Standard-Mikrofonbefestigungen (3\/8&#8221;- und 5\/8&#8221;-Adapter im Lieferumfang enthalten).<br \/>\n\u2705Der drehbare Kopf vereinfacht den Installationsprozess des Mikrofons.<br \/>\n\u2705Befestigung des Arms an Ihrem Schreibtisch mit einer &#8220;C&#8221;-Klemme (Ankerschraubstock) oder mit 1 Schraube durch Ihren Schreibtisch hindurch.<br \/>\n\u2705Kabelf\u00fchrungssystem zum Einclipsen am Arm.<\/p>\n<p><span style=\"text-decoration: underline;\"><strong>Technische Daten :<\/strong> <\/span><br \/>\n\u2705 3 M\u00f6gliche Verbindungen.<br \/>\n\u2705 Gewichtskapazit\u00e4t (f\u00fcr 1 Mikrofon):2kg.<br \/>\n\u2705 360\u00b0-Drehbewegung<\/p>\n<table style=\"height: 397px;\" width=\"999\">\n<thead>\n<tr>\n<th>Assemblage 1<\/th>\n<th>Assemblage 2<\/th>\n<th>Assemblage 3<\/th>\n<\/tr>\n<\/thead>\n<tbody>\n<tr>\n<td><img decoding=\"async\" src=\"https:\/\/vm-wpexertis-oplite-staging.westeurope.cloudapp.azure.com\/wp-content\/uploads\/MICRO1.png\" alt=\"Assemblage micro 1 width=100% height=80%\" \/><\/td>\n<td><img decoding=\"async\" src=\"https:\/\/vm-wpexertis-oplite-staging.westeurope.cloudapp.azure.com\/wp-content\/uploads\/MICRO2.png\" alt=\"Assemblage micro 2 width=100% height=80%\" \/><\/td>\n<td><img decoding=\"async\" src=\"https:\/\/vm-wpexertis-oplite-staging.westeurope.cloudapp.azure.com\/wp-content\/uploads\/MICRO3.png\" alt=\"Assemblage micro 3 width=100% height=80%\" \/><\/td>\n<\/tr>\n<\/tbody>\n<\/table>\n<p><span style=\"text-decoration: underline;\"><strong>Kompatibilit\u00e4t des Produkts :<\/strong> <\/span><\/p>\n<p>\u2705 Alle Schreibtische der Marke OPLITE.<br \/>\n\u2705 Alle Schreibtische anderer Hersteller.<br \/>\n\u2705 Alle bohrbaren Oberfl\u00e4chen zwischen 10mm und 60mm Dicke.<\/p>\n","protected":false},"excerpt":{"rendered":"<p>Es ist an der Zeit, immersivere Erfahrungen zu machen und gleichzeitig mehr Platz auf Ihrem Schreibtisch zu schaffen!<br \/>\nOPLITE, Experte f\u00fcr die Entwicklung ergonomischer Produkte f\u00fcr die Bereiche B\u00fcro und Gaming, stellt Ihnen seinen neuen Mikrofonarm, den <strong>OP-PMA<\/strong>, vor.<\/p>\n","protected":false},"featured_media":27580,"template":"","meta":{"_acf_changed":false,"footnotes":""},"product_brand":[],"product_cat":[715,718],"product_tag":[695],"class_list":{"0":"post-29531","1":"product","2":"type-product","3":"status-publish","4":"has-post-thumbnail","6":"product_cat-buros-streaming","7":"product_cat-streaming-zubehoer","8":"product_tag-oplite-gaming-de","9":"pa_colisage-pcb-9-de","11":"first","12":"instock","13":"taxable","14":"shipping-taxable","15":"purchasable","16":"product-type-simple"},"bundled_by":[],"bundle_stock_status":"instock","bundle_stock_quantity":65,"bundle_virtual":false,"bundle_layout":"","bundle_add_to_cart_form_location":"","bundle_editable_in_cart":false,"bundle_sold_individually_context":"","bundle_item_grouping":"","bundle_min_size":"","bundle_max_size":"","bundle_price":[],"bundled_items":[],"bundle_sell_ids":[],"acf":[],"yoast_head":"<!-- This site is optimized with the Yoast SEO plugin v27.3 - https:\/\/yoast.com\/product\/yoast-seo-wordpress\/ -->\n<title>Premium Microphone Arm - OPLITE<\/title>\n<meta name=\"robots\" content=\"index, follow, max-snippet:-1, max-image-preview:large, max-video-preview:-1\" \/>\n<link rel=\"canonical\" href=\"https:\/\/oplitegames.com\/de\/produkt\/premium-microphone-arm\/\" \/>\n<meta property=\"og:locale\" content=\"de_DE\" \/>\n<meta property=\"og:type\" content=\"article\" \/>\n<meta property=\"og:title\" content=\"Premium Microphone Arm - OPLITE\" \/>\n<meta property=\"og:description\" content=\"Es ist an der Zeit, immersivere Erfahrungen zu machen und gleichzeitig mehr Platz auf Ihrem Schreibtisch zu schaffen! OPLITE, Experte f\u00fcr die Entwicklung ergonomischer Produkte f\u00fcr die Bereiche B\u00fcro und Gaming, stellt Ihnen seinen neuen Mikrofonarm, den OP-PMA, vor.\" \/>\n<meta property=\"og:url\" content=\"https:\/\/oplitegames.com\/de\/produkt\/premium-microphone-arm\/\" \/>\n<meta property=\"og:site_name\" content=\"OPLITE\" \/>\n<meta property=\"article:modified_time\" content=\"2026-01-20T09:43:14+00:00\" \/>\n<meta property=\"og:image\" content=\"https:\/\/oplitegames.com\/wp-content\/uploads\/OP-PMA_1.png\" \/>\n\t<meta property=\"og:image:width\" content=\"1000\" \/>\n\t<meta property=\"og:image:height\" content=\"1000\" \/>\n\t<meta property=\"og:image:type\" content=\"image\/png\" \/>\n<meta name=\"twitter:card\" content=\"summary_large_image\" \/>\n<meta name=\"twitter:label1\" content=\"Price\" \/>\n\t<meta name=\"twitter:data1\" content=\"79,90&nbsp;&euro;\" \/>\n\t<meta name=\"twitter:label2\" content=\"Availability\" \/>\n\t<meta name=\"twitter:data2\" content=\"In stock\" \/>\n<script type=\"application\/ld+json\" class=\"yoast-schema-graph\">{\"@context\":\"https:\\\/\\\/schema.org\",\"@graph\":[{\"@type\":[\"WebPage\",\"ItemPage\"],\"@id\":\"https:\\\/\\\/oplitegames.com\\\/de\\\/produkt\\\/premium-microphone-arm\\\/\",\"url\":\"https:\\\/\\\/oplitegames.com\\\/de\\\/produkt\\\/premium-microphone-arm\\\/\",\"name\":\"Premium Microphone Arm - OPLITE\",\"isPartOf\":{\"@id\":\"https:\\\/\\\/oplitegames.com\\\/#website\"},\"primaryImageOfPage\":{\"@id\":\"https:\\\/\\\/oplitegames.com\\\/de\\\/produkt\\\/premium-microphone-arm\\\/#primaryimage\"},\"image\":{\"@id\":\"https:\\\/\\\/oplitegames.com\\\/de\\\/produkt\\\/premium-microphone-arm\\\/#primaryimage\"},\"thumbnailUrl\":\"https:\\\/\\\/oplitegames-preprod.ezratis.fr\\\/wp-content\\\/uploads\\\/OP-PMA_1.png\",\"datePublished\":\"2023-05-25T15:11:30+00:00\",\"dateModified\":\"2026-01-20T09:43:14+00:00\",\"breadcrumb\":{\"@id\":\"https:\\\/\\\/oplitegames.com\\\/de\\\/produkt\\\/premium-microphone-arm\\\/#breadcrumb\"},\"inLanguage\":\"de-DE\",\"potentialAction\":[{\"@type\":\"ReadAction\",\"target\":[\"https:\\\/\\\/oplitegames.com\\\/de\\\/produkt\\\/premium-microphone-arm\\\/\"]}]},{\"@type\":\"ImageObject\",\"inLanguage\":\"de-DE\",\"@id\":\"https:\\\/\\\/oplitegames.com\\\/de\\\/produkt\\\/premium-microphone-arm\\\/#primaryimage\",\"url\":\"https:\\\/\\\/oplitegames-preprod.ezratis.fr\\\/wp-content\\\/uploads\\\/OP-PMA_1.png\",\"contentUrl\":\"https:\\\/\\\/oplitegames-preprod.ezratis.fr\\\/wp-content\\\/uploads\\\/OP-PMA_1.png\",\"width\":1000,\"height\":1000},{\"@type\":\"BreadcrumbList\",\"@id\":\"https:\\\/\\\/oplitegames.com\\\/de\\\/produkt\\\/premium-microphone-arm\\\/#breadcrumb\",\"itemListElement\":[{\"@type\":\"ListItem\",\"position\":1,\"name\":\"Home\",\"item\":\"https:\\\/\\\/oplitegames.com\\\/de\\\/\"},{\"@type\":\"ListItem\",\"position\":2,\"name\":\"Gesch\u00e4ft\",\"item\":\"https:\\\/\\\/oplitegames.com\\\/de\\\/geschaeft\\\/\"},{\"@type\":\"ListItem\",\"position\":3,\"name\":\"Premium Microphone Arm\"}]},{\"@type\":\"WebSite\",\"@id\":\"https:\\\/\\\/oplitegames.com\\\/#website\",\"url\":\"https:\\\/\\\/oplitegames.com\\\/\",\"name\":\"OPLITE\",\"description\":\"\",\"publisher\":{\"@id\":\"https:\\\/\\\/oplitegames.com\\\/#organization\"},\"potentialAction\":[{\"@type\":\"SearchAction\",\"target\":{\"@type\":\"EntryPoint\",\"urlTemplate\":\"https:\\\/\\\/oplitegames.com\\\/?s={search_term_string}\"},\"query-input\":{\"@type\":\"PropertyValueSpecification\",\"valueRequired\":true,\"valueName\":\"search_term_string\"}}],\"inLanguage\":\"de-DE\"},{\"@type\":\"Organization\",\"@id\":\"https:\\\/\\\/oplitegames.com\\\/#organization\",\"name\":\"OPLITE\",\"url\":\"https:\\\/\\\/oplitegames.com\\\/\",\"logo\":{\"@type\":\"ImageObject\",\"inLanguage\":\"de-DE\",\"@id\":\"https:\\\/\\\/oplitegames.com\\\/#\\\/schema\\\/logo\\\/image\\\/\",\"url\":\"https:\\\/\\\/oplitegames-preprod.ezratis.fr\\\/wp-content\\\/uploads\\\/cropped-cropped-Oplite-Blanc-casse-002-scaled-1.png\",\"contentUrl\":\"https:\\\/\\\/oplitegames-preprod.ezratis.fr\\\/wp-content\\\/uploads\\\/cropped-cropped-Oplite-Blanc-casse-002-scaled-1.png\",\"width\":2509,\"height\":597,\"caption\":\"OPLITE\"},\"image\":{\"@id\":\"https:\\\/\\\/oplitegames.com\\\/#\\\/schema\\\/logo\\\/image\\\/\"}}]}<\/script>\n<meta property=\"product:price:amount\" content=\"79.90\" \/>\n<meta property=\"product:price:currency\" content=\"EUR\" \/>\n<meta property=\"og:availability\" content=\"instock\" \/>\n<meta property=\"product:availability\" content=\"instock\" \/>\n<meta property=\"product:retailer_item_id\" content=\"96450\" \/>\n<meta property=\"product:condition\" content=\"new\" \/>\n<!-- \/ Yoast SEO plugin. -->","yoast_head_json":{"title":"Premium Microphone Arm - OPLITE","robots":{"index":"index","follow":"follow","max-snippet":"max-snippet:-1","max-image-preview":"max-image-preview:large","max-video-preview":"max-video-preview:-1"},"canonical":"https:\/\/oplitegames.com\/de\/produkt\/premium-microphone-arm\/","og_locale":"de_DE","og_type":"article","og_title":"Premium Microphone Arm - OPLITE","og_description":"Es ist an der Zeit, immersivere Erfahrungen zu machen und gleichzeitig mehr Platz auf Ihrem Schreibtisch zu schaffen! OPLITE, Experte f\u00fcr die Entwicklung ergonomischer Produkte f\u00fcr die Bereiche B\u00fcro und Gaming, stellt Ihnen seinen neuen Mikrofonarm, den OP-PMA, vor.","og_url":"https:\/\/oplitegames.com\/de\/produkt\/premium-microphone-arm\/","og_site_name":"OPLITE","article_modified_time":"2026-01-20T09:43:14+00:00","og_image":[{"width":1000,"height":1000,"url":"https:\/\/oplitegames.com\/wp-content\/uploads\/OP-PMA_1.png","type":"image\/png"}],"twitter_card":"summary_large_image","twitter_misc":{"Price":"79,90&nbsp;&euro;","Availability":"In stock"},"schema":{"@context":"https:\/\/schema.org","@graph":[{"@type":["WebPage","ItemPage"],"@id":"https:\/\/oplitegames.com\/de\/produkt\/premium-microphone-arm\/","url":"https:\/\/oplitegames.com\/de\/produkt\/premium-microphone-arm\/","name":"Premium Microphone Arm - OPLITE","isPartOf":{"@id":"https:\/\/oplitegames.com\/#website"},"primaryImageOfPage":{"@id":"https:\/\/oplitegames.com\/de\/produkt\/premium-microphone-arm\/#primaryimage"},"image":{"@id":"https:\/\/oplitegames.com\/de\/produkt\/premium-microphone-arm\/#primaryimage"},"thumbnailUrl":"https:\/\/oplitegames-preprod.ezratis.fr\/wp-content\/uploads\/OP-PMA_1.png","datePublished":"2023-05-25T15:11:30+00:00","dateModified":"2026-01-20T09:43:14+00:00","breadcrumb":{"@id":"https:\/\/oplitegames.com\/de\/produkt\/premium-microphone-arm\/#breadcrumb"},"inLanguage":"de-DE","potentialAction":[{"@type":"ReadAction","target":["https:\/\/oplitegames.com\/de\/produkt\/premium-microphone-arm\/"]}]},{"@type":"ImageObject","inLanguage":"de-DE","@id":"https:\/\/oplitegames.com\/de\/produkt\/premium-microphone-arm\/#primaryimage","url":"https:\/\/oplitegames-preprod.ezratis.fr\/wp-content\/uploads\/OP-PMA_1.png","contentUrl":"https:\/\/oplitegames-preprod.ezratis.fr\/wp-content\/uploads\/OP-PMA_1.png","width":1000,"height":1000},{"@type":"BreadcrumbList","@id":"https:\/\/oplitegames.com\/de\/produkt\/premium-microphone-arm\/#breadcrumb","itemListElement":[{"@type":"ListItem","position":1,"name":"Home","item":"https:\/\/oplitegames.com\/de\/"},{"@type":"ListItem","position":2,"name":"Gesch\u00e4ft","item":"https:\/\/oplitegames.com\/de\/geschaeft\/"},{"@type":"ListItem","position":3,"name":"Premium Microphone Arm"}]},{"@type":"WebSite","@id":"https:\/\/oplitegames.com\/#website","url":"https:\/\/oplitegames.com\/","name":"OPLITE","description":"","publisher":{"@id":"https:\/\/oplitegames.com\/#organization"},"potentialAction":[{"@type":"SearchAction","target":{"@type":"EntryPoint","urlTemplate":"https:\/\/oplitegames.com\/?s={search_term_string}"},"query-input":{"@type":"PropertyValueSpecification","valueRequired":true,"valueName":"search_term_string"}}],"inLanguage":"de-DE"},{"@type":"Organization","@id":"https:\/\/oplitegames.com\/#organization","name":"OPLITE","url":"https:\/\/oplitegames.com\/","logo":{"@type":"ImageObject","inLanguage":"de-DE","@id":"https:\/\/oplitegames.com\/#\/schema\/logo\/image\/","url":"https:\/\/oplitegames-preprod.ezratis.fr\/wp-content\/uploads\/cropped-cropped-Oplite-Blanc-casse-002-scaled-1.png","contentUrl":"https:\/\/oplitegames-preprod.ezratis.fr\/wp-content\/uploads\/cropped-cropped-Oplite-Blanc-casse-002-scaled-1.png","width":2509,"height":597,"caption":"OPLITE"},"image":{"@id":"https:\/\/oplitegames.com\/#\/schema\/logo\/image\/"}}]},"product_price_amount":"79.90","product_price_currency":"EUR","og_availability":"instock","product_availability":"instock","product_retailer_item_id":"96450","product_condition":"new"},"_links":{"self":[{"href":"https:\/\/oplitegames-preprod.ezratis.fr\/de\/wp-json\/wp\/v2\/product\/29531","targetHints":{"allow":["GET"]}}],"collection":[{"href":"https:\/\/oplitegames-preprod.ezratis.fr\/de\/wp-json\/wp\/v2\/product"}],"about":[{"href":"https:\/\/oplitegames-preprod.ezratis.fr\/de\/wp-json\/wp\/v2\/types\/product"}],"version-history":[{"count":3,"href":"https:\/\/oplitegames-preprod.ezratis.fr\/de\/wp-json\/wp\/v2\/product\/29531\/revisions"}],"predecessor-version":[{"id":48302,"href":"https:\/\/oplitegames-preprod.ezratis.fr\/de\/wp-json\/wp\/v2\/product\/29531\/revisions\/48302"}],"wp:featuredmedia":[{"embeddable":true,"href":"https:\/\/oplitegames-preprod.ezratis.fr\/de\/wp-json\/wp\/v2\/media\/27580"}],"wp:attachment":[{"href":"https:\/\/oplitegames-preprod.ezratis.fr\/de\/wp-json\/wp\/v2\/media?parent=29531"}],"wp:term":[{"taxonomy":"product_brand","embeddable":true,"href":"https:\/\/oplitegames-preprod.ezratis.fr\/de\/wp-json\/wp\/v2\/product_brand?post=29531"},{"taxonomy":"product_cat","embeddable":true,"href":"https:\/\/oplitegames-preprod.ezratis.fr\/de\/wp-json\/wp\/v2\/product_cat?post=29531"},{"taxonomy":"product_tag","embeddable":true,"href":"https:\/\/oplitegames-preprod.ezratis.fr\/de\/wp-json\/wp\/v2\/product_tag?post=29531"}],"curies":[{"name":"wp","href":"https:\/\/api.w.org\/{rel}","templated":true}]}}