{"id":29588,"date":"2023-01-11T06:01:04","date_gmt":"2023-01-11T05:01:04","guid":{"rendered":"https:\/\/oplitegames.com\/product\/cockpit-de-simulation-oplite-gt3-superfast\/"},"modified":"2025-12-16T03:02:26","modified_gmt":"2025-12-16T02:02:26","slug":"cockpit-de-simulation-oplite-gt3-superfast","status":"publish","type":"product","link":"https:\/\/oplitegames-preprod.ezratis.fr\/de\/produkt\/cockpit-de-simulation-oplite-gt3-superfast\/","title":{"rendered":"GT3 Superfast V2"},"content":{"rendered":"<p>Die V2-Version weist gegen\u00fcber ihrem Vorg\u00e4nger folgende Verbesserungen auf:<\/p>\n<ul>\n<li>Verst\u00e4rkte Sitzstruktur und h\u00f6here Schaumdichte f\u00fcr mehr Komfort.<\/li>\n<li>Fliegende Halterung f\u00fcr mehr Kompatibilit\u00e4t mit diversen Peripherieger\u00e4ten.<\/li>\n<li>Verst\u00e4rkter Tretlager mit zus\u00e4tzlichen Anschlagpunkten an der Rohrkonstruktion des Cockpits.<\/li>\n<\/ul>\n<p><strong>Technischen Daten<\/strong><br \/>\n<span style=\"text-decoration: underline;\">Fahrgestell:<\/span><br \/>\n\u2022 Stahlgestell Typ E355 in schwarz matt und rot<br \/>\n\u2022 4 rutschfeste und h\u00f6henverstellbare Rollschuhe<br \/>\n<span style=\"text-decoration: underline;\">Unterst\u00fctzung f\u00fcr fliegende Gegenst\u00e4nde:<\/span><br \/>\n\u2022 Stahlkonstruktion Typ E355<br \/>\n\u2022 Neigung nach oben\/unten -15\u00b0\/0\u00b0\/+15\u00b0<br \/>\n<span style=\"text-decoration: underline;\">Unterst\u00fctzung f\u00fcr die Pedale:<\/span><br \/>\n\u2022 Stahlkonstruktion Typ E355 verst\u00e4rkt<br \/>\n\u2022 Neigung hoch\/runter 0\u00b0\/15\u00b0\/27\u00b0<br \/>\n<span style=\"text-decoration: underline;\">Sitz:<\/span><br \/>\n\u2022 Stahlgestell und Bezug Kunstleder schwarz<br \/>\n\u2022 Neigung von 30\u00b0 bis 90\u00b0<br \/>\n\u2022 Bis zu 180mm tiefenverstellbar<br \/>\n<span style=\"text-decoration: underline;\">Kompatibilit\u00e4t:<\/span><br \/>\n\u2022 Der GT3 Superfast V2 ist mit vielen Ger\u00e4ten kompatibel, darunter Thrustmaster\u00ae, Logitech\u00ae, Turtle Beach\u00ae, Moza\u00ae, Nacon\u00ae, Revosim\u00ae und Fanatec\u00ae<\/p>\n<p><strong>St\u00e4rken<\/strong><br \/>\n\u2705 Robustes Design aus hochwertigen Materialien, um Festigkeit und Haltbarkeit zu gew\u00e4hrleisten<br \/>\n\u2705 Mehrere einfache und schnelle Einstellungen f\u00fcr die Lenkradhalterung, die Kurbel und den Sitz<br \/>\n\u2705 Geeignet f\u00fcr Morphologien zwischen 1 m35 und 1 m95<br \/>\n\u2705 H\u00f6chstzul\u00e4ssiges Gewicht: +100 kg<br \/>\n\u2705 Optionales Zubeh\u00f6r: Getriebehalterung OP-GT3-GS Monitorhalterung OP-GT3-MS<br \/>\n\u2705 Kompromisslose Kompatibilit\u00e4t mit einer Vielzahl von Automobilsimulationszubeh\u00f6r<\/p>\n<p>&nbsp;<\/p>\n<table>\n<tbody>\n<tr>\n<td style=\"text-align: center;\"><strong>Brand<\/strong><\/td>\n<td style=\"text-align: center;\"><strong>Product Type<\/strong><\/td>\n<td style=\"text-align: center;\"><strong>Compatible Products<\/strong><\/td>\n<\/tr>\n<tr>\n<td>THRUSTMASTER<\/td>\n<td>Wheelbases \/ Pedals<\/td>\n<td>T300, T300RS, TS-XW, TS-PC, TGTII, T3PM, TLCM<\/td>\n<\/tr>\n<tr>\n<td>LOGITECH<\/td>\n<td>Wheelbases \/ Pedals<\/td>\n<td>G29, G920, G923, ProWheel<\/td>\n<\/tr>\n<tr>\n<td>TURTLE BEACH<\/td>\n<td>Wheelbases \/ Pedals<\/td>\n<td>VelocityOne Race<\/td>\n<\/tr>\n<tr>\n<td>MOZA<\/td>\n<td>Wheelbases \/ Pedals<\/td>\n<td>5,R9, SR-P lite Pedals, SR-P Pedals<\/td>\n<\/tr>\n<tr>\n<td>FANATEC<\/td>\n<td>Wheelbases \/ Pedals<\/td>\n<td>CSL DD 5&amp;8 Nm, Gran Turismo DD Pro 5&amp;8 Nm, CSL Pedals, CSL Pedals LC<\/td>\n<\/tr>\n<\/tbody>\n<\/table>\n<p><small>*F\u00fcr eine optimale Kompatibilit\u00e4t mit bestimmten Ger\u00e4ten k\u00f6nnen kleine Anpassungen erforderlich sein. Seien Sie unbesorgt: Die Qualit\u00e4t und Garantie Ihres Produkts bleiben davon unber\u00fchrt.<\/small><\/p>\n","protected":false},"excerpt":{"rendered":"<p>Als Experte f\u00fcr ergonomische Produkte f\u00fcr den B\u00fcro- und Gaming-Bereich pr\u00e4sentiert OPLITE die ultimative Weiterentwicklung des GT3 Superfast V2.<\/p>\n<p>Das Cockpit GT3 Superfast V2 ist ein Fahrsimulator vom Typ GT\/Rally, ideal f\u00fcr eine Einf\u00fchrung in SIMRACING. Entworfen aus E355 Stahl mit einer rohrf\u00f6rmigen Struktur von 35 mm Durchmesser, ist es sowohl starr als auch elegant.<\/p>\n[embed]https:\/\/www.youtube.com\/watch?v=jO1BgJ5Kkhs&amp;t=8s[\/embed]\n","protected":false},"featured_media":36719,"template":"","meta":{"_acf_changed":false,"footnotes":""},"product_brand":[],"product_cat":[738,692],"product_tag":[695],"class_list":{"0":"post-29588","1":"product","2":"type-product","3":"status-publish","4":"has-post-thumbnail","6":"product_cat-cockpit-gt3-de","7":"product_cat-simulatoren","8":"product_tag-oplite-gaming-de","9":"pa_colisage-pcb-824","10":"pa_colisage-pcb-1-de","12":"first","13":"outofstock","14":"taxable","15":"shipping-taxable","16":"purchasable","17":"product-type-simple"},"bundled_by":["39430"],"bundle_stock_status":"outofstock","bundle_stock_quantity":0,"bundle_virtual":false,"bundle_layout":"","bundle_add_to_cart_form_location":"","bundle_editable_in_cart":false,"bundle_sold_individually_context":"","bundle_item_grouping":"","bundle_min_size":"","bundle_max_size":"","bundle_price":[],"bundled_items":[],"bundle_sell_ids":[],"acf":[],"yoast_head":"<!-- This site is optimized with the Yoast SEO plugin v27.3 - https:\/\/yoast.com\/product\/yoast-seo-wordpress\/ -->\n<title>GT3 Superfast V2 - OPLITE<\/title>\n<meta name=\"robots\" content=\"index, follow, max-snippet:-1, max-image-preview:large, max-video-preview:-1\" \/>\n<link rel=\"canonical\" href=\"https:\/\/oplitegames.com\/de\/produkt\/cockpit-de-simulation-oplite-gt3-superfast\/\" \/>\n<meta property=\"og:locale\" content=\"de_DE\" \/>\n<meta property=\"og:type\" content=\"article\" \/>\n<meta property=\"og:title\" content=\"GT3 Superfast V2 - OPLITE\" \/>\n<meta property=\"og:description\" content=\"Als Experte f\u00fcr ergonomische Produkte f\u00fcr den B\u00fcro- und Gaming-Bereich pr\u00e4sentiert OPLITE die ultimative Weiterentwicklung des GT3 Superfast V2.  Das Cockpit GT3 Superfast V2 ist ein Fahrsimulator vom Typ GT\/Rally, ideal f\u00fcr eine Einf\u00fchrung in SIMRACING. Entworfen aus E355 Stahl mit einer rohrf\u00f6rmigen Struktur von 35 mm Durchmesser, ist es sowohl starr als auch elegant.\" \/>\n<meta property=\"og:url\" content=\"https:\/\/oplitegames.com\/de\/produkt\/cockpit-de-simulation-oplite-gt3-superfast\/\" \/>\n<meta property=\"og:site_name\" content=\"OPLITE\" \/>\n<meta property=\"article:modified_time\" content=\"2025-12-16T02:02:26+00:00\" \/>\n<meta property=\"og:image\" content=\"https:\/\/oplitegames.com\/wp-content\/uploads\/OP-GT3_1.png\" \/>\n\t<meta property=\"og:image:width\" content=\"1000\" \/>\n\t<meta property=\"og:image:height\" content=\"1000\" \/>\n\t<meta property=\"og:image:type\" content=\"image\/png\" \/>\n<meta name=\"twitter:card\" content=\"summary_large_image\" \/>\n<meta name=\"twitter:label1\" content=\"Price\" \/>\n\t<meta name=\"twitter:data1\" content=\"369,90&nbsp;&euro;\" \/>\n\t<meta name=\"twitter:label2\" content=\"Availability\" \/>\n\t<meta name=\"twitter:data2\" content=\"Out of stock\" \/>\n<script type=\"application\/ld+json\" class=\"yoast-schema-graph\">{\"@context\":\"https:\\\/\\\/schema.org\",\"@graph\":[{\"@type\":[\"WebPage\",\"ItemPage\"],\"@id\":\"https:\\\/\\\/oplitegames.com\\\/de\\\/produkt\\\/cockpit-de-simulation-oplite-gt3-superfast\\\/\",\"url\":\"https:\\\/\\\/oplitegames.com\\\/de\\\/produkt\\\/cockpit-de-simulation-oplite-gt3-superfast\\\/\",\"name\":\"GT3 Superfast V2 - OPLITE\",\"isPartOf\":{\"@id\":\"https:\\\/\\\/oplitegames.com\\\/#website\"},\"primaryImageOfPage\":{\"@id\":\"https:\\\/\\\/oplitegames.com\\\/de\\\/produkt\\\/cockpit-de-simulation-oplite-gt3-superfast\\\/#primaryimage\"},\"image\":{\"@id\":\"https:\\\/\\\/oplitegames.com\\\/de\\\/produkt\\\/cockpit-de-simulation-oplite-gt3-superfast\\\/#primaryimage\"},\"thumbnailUrl\":\"https:\\\/\\\/oplitegames-preprod.ezratis.fr\\\/wp-content\\\/uploads\\\/OP-GT3_1.png\",\"datePublished\":\"2023-01-11T05:01:04+00:00\",\"dateModified\":\"2025-12-16T02:02:26+00:00\",\"breadcrumb\":{\"@id\":\"https:\\\/\\\/oplitegames.com\\\/de\\\/produkt\\\/cockpit-de-simulation-oplite-gt3-superfast\\\/#breadcrumb\"},\"inLanguage\":\"de-DE\",\"potentialAction\":[{\"@type\":\"ReadAction\",\"target\":[\"https:\\\/\\\/oplitegames.com\\\/de\\\/produkt\\\/cockpit-de-simulation-oplite-gt3-superfast\\\/\"]}]},{\"@type\":\"ImageObject\",\"inLanguage\":\"de-DE\",\"@id\":\"https:\\\/\\\/oplitegames.com\\\/de\\\/produkt\\\/cockpit-de-simulation-oplite-gt3-superfast\\\/#primaryimage\",\"url\":\"https:\\\/\\\/oplitegames-preprod.ezratis.fr\\\/wp-content\\\/uploads\\\/OP-GT3_1.png\",\"contentUrl\":\"https:\\\/\\\/oplitegames-preprod.ezratis.fr\\\/wp-content\\\/uploads\\\/OP-GT3_1.png\",\"width\":1000,\"height\":1000},{\"@type\":\"BreadcrumbList\",\"@id\":\"https:\\\/\\\/oplitegames.com\\\/de\\\/produkt\\\/cockpit-de-simulation-oplite-gt3-superfast\\\/#breadcrumb\",\"itemListElement\":[{\"@type\":\"ListItem\",\"position\":1,\"name\":\"Home\",\"item\":\"https:\\\/\\\/oplitegames.com\\\/de\\\/\"},{\"@type\":\"ListItem\",\"position\":2,\"name\":\"Gesch\u00e4ft\",\"item\":\"https:\\\/\\\/oplitegames.com\\\/de\\\/geschaeft\\\/\"},{\"@type\":\"ListItem\",\"position\":3,\"name\":\"GT3 Superfast V2\"}]},{\"@type\":\"WebSite\",\"@id\":\"https:\\\/\\\/oplitegames.com\\\/#website\",\"url\":\"https:\\\/\\\/oplitegames.com\\\/\",\"name\":\"OPLITE\",\"description\":\"\",\"publisher\":{\"@id\":\"https:\\\/\\\/oplitegames.com\\\/#organization\"},\"potentialAction\":[{\"@type\":\"SearchAction\",\"target\":{\"@type\":\"EntryPoint\",\"urlTemplate\":\"https:\\\/\\\/oplitegames.com\\\/?s={search_term_string}\"},\"query-input\":{\"@type\":\"PropertyValueSpecification\",\"valueRequired\":true,\"valueName\":\"search_term_string\"}}],\"inLanguage\":\"de-DE\"},{\"@type\":\"Organization\",\"@id\":\"https:\\\/\\\/oplitegames.com\\\/#organization\",\"name\":\"OPLITE\",\"url\":\"https:\\\/\\\/oplitegames.com\\\/\",\"logo\":{\"@type\":\"ImageObject\",\"inLanguage\":\"de-DE\",\"@id\":\"https:\\\/\\\/oplitegames.com\\\/#\\\/schema\\\/logo\\\/image\\\/\",\"url\":\"https:\\\/\\\/oplitegames-preprod.ezratis.fr\\\/wp-content\\\/uploads\\\/cropped-cropped-Oplite-Blanc-casse-002-scaled-1.png\",\"contentUrl\":\"https:\\\/\\\/oplitegames-preprod.ezratis.fr\\\/wp-content\\\/uploads\\\/cropped-cropped-Oplite-Blanc-casse-002-scaled-1.png\",\"width\":2509,\"height\":597,\"caption\":\"OPLITE\"},\"image\":{\"@id\":\"https:\\\/\\\/oplitegames.com\\\/#\\\/schema\\\/logo\\\/image\\\/\"}}]}<\/script>\n<meta property=\"product:price:amount\" content=\"369.90\" \/>\n<meta property=\"product:price:currency\" content=\"EUR\" \/>\n<meta property=\"og:availability\" content=\"out of stock\" \/>\n<meta property=\"product:availability\" content=\"out of stock\" \/>\n<meta property=\"product:retailer_item_id\" content=\"89700\" \/>\n<meta property=\"product:condition\" content=\"new\" \/>\n<!-- \/ Yoast SEO plugin. -->","yoast_head_json":{"title":"GT3 Superfast V2 - OPLITE","robots":{"index":"index","follow":"follow","max-snippet":"max-snippet:-1","max-image-preview":"max-image-preview:large","max-video-preview":"max-video-preview:-1"},"canonical":"https:\/\/oplitegames.com\/de\/produkt\/cockpit-de-simulation-oplite-gt3-superfast\/","og_locale":"de_DE","og_type":"article","og_title":"GT3 Superfast V2 - OPLITE","og_description":"Als Experte f\u00fcr ergonomische Produkte f\u00fcr den B\u00fcro- und Gaming-Bereich pr\u00e4sentiert OPLITE die ultimative Weiterentwicklung des GT3 Superfast V2.  Das Cockpit GT3 Superfast V2 ist ein Fahrsimulator vom Typ GT\/Rally, ideal f\u00fcr eine Einf\u00fchrung in SIMRACING. Entworfen aus E355 Stahl mit einer rohrf\u00f6rmigen Struktur von 35 mm Durchmesser, ist es sowohl starr als auch elegant.","og_url":"https:\/\/oplitegames.com\/de\/produkt\/cockpit-de-simulation-oplite-gt3-superfast\/","og_site_name":"OPLITE","article_modified_time":"2025-12-16T02:02:26+00:00","og_image":[{"width":1000,"height":1000,"url":"https:\/\/oplitegames.com\/wp-content\/uploads\/OP-GT3_1.png","type":"image\/png"}],"twitter_card":"summary_large_image","twitter_misc":{"Price":"369,90&nbsp;&euro;","Availability":"Out of stock"},"schema":{"@context":"https:\/\/schema.org","@graph":[{"@type":["WebPage","ItemPage"],"@id":"https:\/\/oplitegames.com\/de\/produkt\/cockpit-de-simulation-oplite-gt3-superfast\/","url":"https:\/\/oplitegames.com\/de\/produkt\/cockpit-de-simulation-oplite-gt3-superfast\/","name":"GT3 Superfast V2 - OPLITE","isPartOf":{"@id":"https:\/\/oplitegames.com\/#website"},"primaryImageOfPage":{"@id":"https:\/\/oplitegames.com\/de\/produkt\/cockpit-de-simulation-oplite-gt3-superfast\/#primaryimage"},"image":{"@id":"https:\/\/oplitegames.com\/de\/produkt\/cockpit-de-simulation-oplite-gt3-superfast\/#primaryimage"},"thumbnailUrl":"https:\/\/oplitegames-preprod.ezratis.fr\/wp-content\/uploads\/OP-GT3_1.png","datePublished":"2023-01-11T05:01:04+00:00","dateModified":"2025-12-16T02:02:26+00:00","breadcrumb":{"@id":"https:\/\/oplitegames.com\/de\/produkt\/cockpit-de-simulation-oplite-gt3-superfast\/#breadcrumb"},"inLanguage":"de-DE","potentialAction":[{"@type":"ReadAction","target":["https:\/\/oplitegames.com\/de\/produkt\/cockpit-de-simulation-oplite-gt3-superfast\/"]}]},{"@type":"ImageObject","inLanguage":"de-DE","@id":"https:\/\/oplitegames.com\/de\/produkt\/cockpit-de-simulation-oplite-gt3-superfast\/#primaryimage","url":"https:\/\/oplitegames-preprod.ezratis.fr\/wp-content\/uploads\/OP-GT3_1.png","contentUrl":"https:\/\/oplitegames-preprod.ezratis.fr\/wp-content\/uploads\/OP-GT3_1.png","width":1000,"height":1000},{"@type":"BreadcrumbList","@id":"https:\/\/oplitegames.com\/de\/produkt\/cockpit-de-simulation-oplite-gt3-superfast\/#breadcrumb","itemListElement":[{"@type":"ListItem","position":1,"name":"Home","item":"https:\/\/oplitegames.com\/de\/"},{"@type":"ListItem","position":2,"name":"Gesch\u00e4ft","item":"https:\/\/oplitegames.com\/de\/geschaeft\/"},{"@type":"ListItem","position":3,"name":"GT3 Superfast V2"}]},{"@type":"WebSite","@id":"https:\/\/oplitegames.com\/#website","url":"https:\/\/oplitegames.com\/","name":"OPLITE","description":"","publisher":{"@id":"https:\/\/oplitegames.com\/#organization"},"potentialAction":[{"@type":"SearchAction","target":{"@type":"EntryPoint","urlTemplate":"https:\/\/oplitegames.com\/?s={search_term_string}"},"query-input":{"@type":"PropertyValueSpecification","valueRequired":true,"valueName":"search_term_string"}}],"inLanguage":"de-DE"},{"@type":"Organization","@id":"https:\/\/oplitegames.com\/#organization","name":"OPLITE","url":"https:\/\/oplitegames.com\/","logo":{"@type":"ImageObject","inLanguage":"de-DE","@id":"https:\/\/oplitegames.com\/#\/schema\/logo\/image\/","url":"https:\/\/oplitegames-preprod.ezratis.fr\/wp-content\/uploads\/cropped-cropped-Oplite-Blanc-casse-002-scaled-1.png","contentUrl":"https:\/\/oplitegames-preprod.ezratis.fr\/wp-content\/uploads\/cropped-cropped-Oplite-Blanc-casse-002-scaled-1.png","width":2509,"height":597,"caption":"OPLITE"},"image":{"@id":"https:\/\/oplitegames.com\/#\/schema\/logo\/image\/"}}]},"product_price_amount":"369.90","product_price_currency":"EUR","og_availability":"out of stock","product_availability":"out of stock","product_retailer_item_id":"89700","product_condition":"new"},"_links":{"self":[{"href":"https:\/\/oplitegames-preprod.ezratis.fr\/de\/wp-json\/wp\/v2\/product\/29588","targetHints":{"allow":["GET"]}}],"collection":[{"href":"https:\/\/oplitegames-preprod.ezratis.fr\/de\/wp-json\/wp\/v2\/product"}],"about":[{"href":"https:\/\/oplitegames-preprod.ezratis.fr\/de\/wp-json\/wp\/v2\/types\/product"}],"version-history":[{"count":13,"href":"https:\/\/oplitegames-preprod.ezratis.fr\/de\/wp-json\/wp\/v2\/product\/29588\/revisions"}],"predecessor-version":[{"id":61535,"href":"https:\/\/oplitegames-preprod.ezratis.fr\/de\/wp-json\/wp\/v2\/product\/29588\/revisions\/61535"}],"wp:featuredmedia":[{"embeddable":true,"href":"https:\/\/oplitegames-preprod.ezratis.fr\/de\/wp-json\/wp\/v2\/media\/36719"}],"wp:attachment":[{"href":"https:\/\/oplitegames-preprod.ezratis.fr\/de\/wp-json\/wp\/v2\/media?parent=29588"}],"wp:term":[{"taxonomy":"product_brand","embeddable":true,"href":"https:\/\/oplitegames-preprod.ezratis.fr\/de\/wp-json\/wp\/v2\/product_brand?post=29588"},{"taxonomy":"product_cat","embeddable":true,"href":"https:\/\/oplitegames-preprod.ezratis.fr\/de\/wp-json\/wp\/v2\/product_cat?post=29588"},{"taxonomy":"product_tag","embeddable":true,"href":"https:\/\/oplitegames-preprod.ezratis.fr\/de\/wp-json\/wp\/v2\/product_tag?post=29588"}],"curies":[{"name":"wp","href":"https:\/\/api.w.org\/{rel}","templated":true}]}}