{"id":29616,"date":"2022-10-27T15:03:35","date_gmt":"2022-10-27T13:03:35","guid":{"rendered":"https:\/\/oplitegames.com\/product\/gtr-s3-full-force-kit\/"},"modified":"2025-11-19T20:34:57","modified_gmt":"2025-11-19T19:34:57","slug":"gtr-s3-full-force-kit","status":"publish","type":"product","link":"https:\/\/oplitegames-preprod.ezratis.fr\/de\/produkt\/gtr-s3-full-force-kit\/","title":{"rendered":"Full Force Kit GTR S3\/S8"},"content":{"rendered":"<p>Das <strong>FULL FORCE KIT<\/strong> wurde speziell f\u00fcr anspruchsvolle Spieler entwickelt und bietet 2 wichtige Funktionen:<\/p>\n<ul>\n<li>Die erste Funktion besteht darin, die Struktur Ihres GTR S3 &amp; GTR S8 Cockpits zu versteifen und gleichzeitig eine \u00e4sthetische Note zu verleihen, die an die Cage-B\u00fcgel von Rennwagen erinnert.<\/li>\n<li>Die zweite Funktion des SIMRACING &amp; FLIGHTSIM HOLDER ist die M\u00f6glichkeit, Ihr Cockpit in einen echten Flugsimulator zu verwandeln. Kompatibel mit Thrustmaster\u00ae HOTAS Warthog\u2122, T.16000MFCS Hotas, TCA Airbus Edition, TWCS Peripherieger\u00e4ten. 100%ige Unterst\u00fctzung Kompatibel mit Logitech \/ Saitek\u00ae X52, X52 Pro, X55, X56, GSaitek Pro Flight Yoke-Ger\u00e4ten. Sie k\u00f6nnen auch Ihre bevorzugten SimracingPeripherieger\u00e4te installieren, z. B. Handbremsen und Getriebe von Fanatec\u00ae, Moza\u00ae, Thrustmaster\u00ae, Logitech\u00ae, Turtle Beach\u00ae oder Asetek\u00ae.<\/li>\n<\/ul>\n<p><span style=\"text-decoration: underline;\"><strong>Technische Daten:<\/strong><\/span><br \/>\n\u2022 2 Rohre mit \u00d8 48 mm x 2 mm Dicke.<br \/>\n\u2022 Hochfeste, mattschwarze Lackierung f\u00fcr ein hochwertiges Finish.<br \/>\n\u2022 Schraubensatz zur Befestigung an GTR-S3 \/ GTR-S8.<\/p>\n<p><span style=\"text-decoration: underline;\"><strong>Product compatibility:<\/strong><\/span><br \/>\n100% Compatible with GTR S3 and GTR S8 cockpits<\/p>\n<hr \/>\n<p><span style=\"color: #ff0000;\"><strong>Installationstipps:<\/strong> <\/span><\/p>\n<ol>\n<li>Sorgen Sie daf\u00fcr, dass Sie Ihr Cockpit an den Verbindungsmuffen zwischen Vorder- und R\u00fcckseite lockern, um Spiel zu geben.<\/li>\n<li>Geben Sie einen Tropfen \u00d6l oder Fl\u00fcssigseife in alle Eins\u00e4tze (Gewinde) Ihres Cockpits, bevor Sie die Schrauben einfacher positionieren<\/li>\n<li>Alle Schrauben positionieren, 3 Umdrehungen machen, aber nicht anziehen, bis alle perfekt positioniert sind<\/li>\n<\/ol>\n<p>&nbsp;<\/p>\n","protected":false},"excerpt":{"rendered":"<p>OPLITE, der Experte f\u00fcr die Entwicklung ergonomischer Produkte f\u00fcr den B\u00fcro- und GamingBereich, stellt Ihnen sein <strong>FULL FORCE KIT<\/strong> vor, das Ihrem GTR S3 &amp; GTR S8 Cockpit gewidmet ist. Es ist an der Zeit, vom Spieler zum Piloten zu werden! Autorennen oder Fliegerei, treffen Sie Ihre Wahl!<\/p>\n","protected":false},"featured_media":32067,"template":"","meta":{"_acf_changed":false,"footnotes":""},"product_brand":[],"product_cat":[693,762,692],"product_tag":[695],"class_list":{"0":"post-29616","1":"product","2":"type-product","3":"status-publish","4":"has-post-thumbnail","6":"product_cat-cockpit-gtr-s3-de","7":"product_cat-cockpit-gtr-s8-infinity-de","8":"product_cat-simulatoren","9":"product_tag-oplite-gaming-de","10":"pa_colisage-pcb-1-de","12":"first","13":"instock","14":"taxable","15":"shipping-taxable","16":"purchasable","17":"product-type-simple"},"bundled_by":[],"bundle_stock_status":"instock","bundle_stock_quantity":73,"bundle_virtual":false,"bundle_layout":"","bundle_add_to_cart_form_location":"","bundle_editable_in_cart":false,"bundle_sold_individually_context":"","bundle_item_grouping":"","bundle_min_size":"","bundle_max_size":"","bundle_price":[],"bundled_items":[],"bundle_sell_ids":[],"acf":[],"yoast_head":"<!-- This site is optimized with the Yoast SEO plugin v27.3 - https:\/\/yoast.com\/product\/yoast-seo-wordpress\/ -->\n<title>Full Force Kit GTR S3\/S8 - OPLITE<\/title>\n<meta name=\"robots\" content=\"index, follow, max-snippet:-1, max-image-preview:large, max-video-preview:-1\" \/>\n<link rel=\"canonical\" href=\"https:\/\/oplitegames.com\/de\/produkt\/gtr-s3-full-force-kit\/\" \/>\n<meta property=\"og:locale\" content=\"de_DE\" \/>\n<meta property=\"og:type\" content=\"article\" \/>\n<meta property=\"og:title\" content=\"Full Force Kit GTR S3\/S8 - OPLITE\" \/>\n<meta property=\"og:description\" content=\"OPLITE, der Experte f\u00fcr die Entwicklung ergonomischer Produkte f\u00fcr den B\u00fcro- und GamingBereich, stellt Ihnen sein FULL FORCE KIT vor, das Ihrem GTR S3 &amp; GTR S8 Cockpit gewidmet ist. Es ist an der Zeit, vom Spieler zum Piloten zu werden! Autorennen oder Fliegerei, treffen Sie Ihre Wahl!\" \/>\n<meta property=\"og:url\" content=\"https:\/\/oplitegames.com\/de\/produkt\/gtr-s3-full-force-kit\/\" \/>\n<meta property=\"og:site_name\" content=\"OPLITE\" \/>\n<meta property=\"article:modified_time\" content=\"2025-11-19T19:34:57+00:00\" \/>\n<meta property=\"og:image\" content=\"https:\/\/oplitegames.com\/wp-content\/uploads\/OP-GTR-BBT_1.png\" \/>\n\t<meta property=\"og:image:width\" content=\"1000\" \/>\n\t<meta property=\"og:image:height\" content=\"1000\" \/>\n\t<meta property=\"og:image:type\" content=\"image\/png\" \/>\n<meta name=\"twitter:card\" content=\"summary_large_image\" \/>\n<meta name=\"twitter:label1\" content=\"Price\" \/>\n\t<meta name=\"twitter:data1\" content=\"79,90&nbsp;&euro;\" \/>\n\t<meta name=\"twitter:label2\" content=\"Availability\" \/>\n\t<meta name=\"twitter:data2\" content=\"In stock\" \/>\n<script type=\"application\/ld+json\" class=\"yoast-schema-graph\">{\"@context\":\"https:\\\/\\\/schema.org\",\"@graph\":[{\"@type\":[\"WebPage\",\"ItemPage\"],\"@id\":\"https:\\\/\\\/oplitegames.com\\\/de\\\/produkt\\\/gtr-s3-full-force-kit\\\/\",\"url\":\"https:\\\/\\\/oplitegames.com\\\/de\\\/produkt\\\/gtr-s3-full-force-kit\\\/\",\"name\":\"Full Force Kit GTR S3\\\/S8 - OPLITE\",\"isPartOf\":{\"@id\":\"https:\\\/\\\/oplitegames.com\\\/#website\"},\"primaryImageOfPage\":{\"@id\":\"https:\\\/\\\/oplitegames.com\\\/de\\\/produkt\\\/gtr-s3-full-force-kit\\\/#primaryimage\"},\"image\":{\"@id\":\"https:\\\/\\\/oplitegames.com\\\/de\\\/produkt\\\/gtr-s3-full-force-kit\\\/#primaryimage\"},\"thumbnailUrl\":\"https:\\\/\\\/oplitegames-preprod.ezratis.fr\\\/wp-content\\\/uploads\\\/OP-GTR-BBT_1.png\",\"datePublished\":\"2022-10-27T13:03:35+00:00\",\"dateModified\":\"2025-11-19T19:34:57+00:00\",\"breadcrumb\":{\"@id\":\"https:\\\/\\\/oplitegames.com\\\/de\\\/produkt\\\/gtr-s3-full-force-kit\\\/#breadcrumb\"},\"inLanguage\":\"de-DE\",\"potentialAction\":[{\"@type\":\"ReadAction\",\"target\":[\"https:\\\/\\\/oplitegames.com\\\/de\\\/produkt\\\/gtr-s3-full-force-kit\\\/\"]}]},{\"@type\":\"ImageObject\",\"inLanguage\":\"de-DE\",\"@id\":\"https:\\\/\\\/oplitegames.com\\\/de\\\/produkt\\\/gtr-s3-full-force-kit\\\/#primaryimage\",\"url\":\"https:\\\/\\\/oplitegames-preprod.ezratis.fr\\\/wp-content\\\/uploads\\\/OP-GTR-BBT_1.png\",\"contentUrl\":\"https:\\\/\\\/oplitegames-preprod.ezratis.fr\\\/wp-content\\\/uploads\\\/OP-GTR-BBT_1.png\",\"width\":1000,\"height\":1000},{\"@type\":\"BreadcrumbList\",\"@id\":\"https:\\\/\\\/oplitegames.com\\\/de\\\/produkt\\\/gtr-s3-full-force-kit\\\/#breadcrumb\",\"itemListElement\":[{\"@type\":\"ListItem\",\"position\":1,\"name\":\"Home\",\"item\":\"https:\\\/\\\/oplitegames.com\\\/de\\\/\"},{\"@type\":\"ListItem\",\"position\":2,\"name\":\"Gesch\u00e4ft\",\"item\":\"https:\\\/\\\/oplitegames.com\\\/de\\\/geschaeft\\\/\"},{\"@type\":\"ListItem\",\"position\":3,\"name\":\"Full Force Kit GTR S3\\\/S8\"}]},{\"@type\":\"WebSite\",\"@id\":\"https:\\\/\\\/oplitegames.com\\\/#website\",\"url\":\"https:\\\/\\\/oplitegames.com\\\/\",\"name\":\"OPLITE\",\"description\":\"\",\"publisher\":{\"@id\":\"https:\\\/\\\/oplitegames.com\\\/#organization\"},\"potentialAction\":[{\"@type\":\"SearchAction\",\"target\":{\"@type\":\"EntryPoint\",\"urlTemplate\":\"https:\\\/\\\/oplitegames.com\\\/?s={search_term_string}\"},\"query-input\":{\"@type\":\"PropertyValueSpecification\",\"valueRequired\":true,\"valueName\":\"search_term_string\"}}],\"inLanguage\":\"de-DE\"},{\"@type\":\"Organization\",\"@id\":\"https:\\\/\\\/oplitegames.com\\\/#organization\",\"name\":\"OPLITE\",\"url\":\"https:\\\/\\\/oplitegames.com\\\/\",\"logo\":{\"@type\":\"ImageObject\",\"inLanguage\":\"de-DE\",\"@id\":\"https:\\\/\\\/oplitegames.com\\\/#\\\/schema\\\/logo\\\/image\\\/\",\"url\":\"https:\\\/\\\/oplitegames-preprod.ezratis.fr\\\/wp-content\\\/uploads\\\/cropped-cropped-Oplite-Blanc-casse-002-scaled-1.png\",\"contentUrl\":\"https:\\\/\\\/oplitegames-preprod.ezratis.fr\\\/wp-content\\\/uploads\\\/cropped-cropped-Oplite-Blanc-casse-002-scaled-1.png\",\"width\":2509,\"height\":597,\"caption\":\"OPLITE\"},\"image\":{\"@id\":\"https:\\\/\\\/oplitegames.com\\\/#\\\/schema\\\/logo\\\/image\\\/\"}}]}<\/script>\n<meta property=\"product:price:amount\" content=\"79.90\" \/>\n<meta property=\"product:price:currency\" content=\"EUR\" \/>\n<meta property=\"og:availability\" content=\"instock\" \/>\n<meta property=\"product:availability\" content=\"instock\" \/>\n<meta property=\"product:retailer_item_id\" content=\"94136\" \/>\n<meta property=\"product:condition\" content=\"new\" \/>\n<!-- \/ Yoast SEO plugin. -->","yoast_head_json":{"title":"Full Force Kit GTR S3\/S8 - OPLITE","robots":{"index":"index","follow":"follow","max-snippet":"max-snippet:-1","max-image-preview":"max-image-preview:large","max-video-preview":"max-video-preview:-1"},"canonical":"https:\/\/oplitegames.com\/de\/produkt\/gtr-s3-full-force-kit\/","og_locale":"de_DE","og_type":"article","og_title":"Full Force Kit GTR S3\/S8 - OPLITE","og_description":"OPLITE, der Experte f\u00fcr die Entwicklung ergonomischer Produkte f\u00fcr den B\u00fcro- und GamingBereich, stellt Ihnen sein FULL FORCE KIT vor, das Ihrem GTR S3 &amp; GTR S8 Cockpit gewidmet ist. Es ist an der Zeit, vom Spieler zum Piloten zu werden! Autorennen oder Fliegerei, treffen Sie Ihre Wahl!","og_url":"https:\/\/oplitegames.com\/de\/produkt\/gtr-s3-full-force-kit\/","og_site_name":"OPLITE","article_modified_time":"2025-11-19T19:34:57+00:00","og_image":[{"width":1000,"height":1000,"url":"https:\/\/oplitegames.com\/wp-content\/uploads\/OP-GTR-BBT_1.png","type":"image\/png"}],"twitter_card":"summary_large_image","twitter_misc":{"Price":"79,90&nbsp;&euro;","Availability":"In stock"},"schema":{"@context":"https:\/\/schema.org","@graph":[{"@type":["WebPage","ItemPage"],"@id":"https:\/\/oplitegames.com\/de\/produkt\/gtr-s3-full-force-kit\/","url":"https:\/\/oplitegames.com\/de\/produkt\/gtr-s3-full-force-kit\/","name":"Full Force Kit GTR S3\/S8 - OPLITE","isPartOf":{"@id":"https:\/\/oplitegames.com\/#website"},"primaryImageOfPage":{"@id":"https:\/\/oplitegames.com\/de\/produkt\/gtr-s3-full-force-kit\/#primaryimage"},"image":{"@id":"https:\/\/oplitegames.com\/de\/produkt\/gtr-s3-full-force-kit\/#primaryimage"},"thumbnailUrl":"https:\/\/oplitegames-preprod.ezratis.fr\/wp-content\/uploads\/OP-GTR-BBT_1.png","datePublished":"2022-10-27T13:03:35+00:00","dateModified":"2025-11-19T19:34:57+00:00","breadcrumb":{"@id":"https:\/\/oplitegames.com\/de\/produkt\/gtr-s3-full-force-kit\/#breadcrumb"},"inLanguage":"de-DE","potentialAction":[{"@type":"ReadAction","target":["https:\/\/oplitegames.com\/de\/produkt\/gtr-s3-full-force-kit\/"]}]},{"@type":"ImageObject","inLanguage":"de-DE","@id":"https:\/\/oplitegames.com\/de\/produkt\/gtr-s3-full-force-kit\/#primaryimage","url":"https:\/\/oplitegames-preprod.ezratis.fr\/wp-content\/uploads\/OP-GTR-BBT_1.png","contentUrl":"https:\/\/oplitegames-preprod.ezratis.fr\/wp-content\/uploads\/OP-GTR-BBT_1.png","width":1000,"height":1000},{"@type":"BreadcrumbList","@id":"https:\/\/oplitegames.com\/de\/produkt\/gtr-s3-full-force-kit\/#breadcrumb","itemListElement":[{"@type":"ListItem","position":1,"name":"Home","item":"https:\/\/oplitegames.com\/de\/"},{"@type":"ListItem","position":2,"name":"Gesch\u00e4ft","item":"https:\/\/oplitegames.com\/de\/geschaeft\/"},{"@type":"ListItem","position":3,"name":"Full Force Kit GTR S3\/S8"}]},{"@type":"WebSite","@id":"https:\/\/oplitegames.com\/#website","url":"https:\/\/oplitegames.com\/","name":"OPLITE","description":"","publisher":{"@id":"https:\/\/oplitegames.com\/#organization"},"potentialAction":[{"@type":"SearchAction","target":{"@type":"EntryPoint","urlTemplate":"https:\/\/oplitegames.com\/?s={search_term_string}"},"query-input":{"@type":"PropertyValueSpecification","valueRequired":true,"valueName":"search_term_string"}}],"inLanguage":"de-DE"},{"@type":"Organization","@id":"https:\/\/oplitegames.com\/#organization","name":"OPLITE","url":"https:\/\/oplitegames.com\/","logo":{"@type":"ImageObject","inLanguage":"de-DE","@id":"https:\/\/oplitegames.com\/#\/schema\/logo\/image\/","url":"https:\/\/oplitegames-preprod.ezratis.fr\/wp-content\/uploads\/cropped-cropped-Oplite-Blanc-casse-002-scaled-1.png","contentUrl":"https:\/\/oplitegames-preprod.ezratis.fr\/wp-content\/uploads\/cropped-cropped-Oplite-Blanc-casse-002-scaled-1.png","width":2509,"height":597,"caption":"OPLITE"},"image":{"@id":"https:\/\/oplitegames.com\/#\/schema\/logo\/image\/"}}]},"product_price_amount":"79.90","product_price_currency":"EUR","og_availability":"instock","product_availability":"instock","product_retailer_item_id":"94136","product_condition":"new"},"_links":{"self":[{"href":"https:\/\/oplitegames-preprod.ezratis.fr\/de\/wp-json\/wp\/v2\/product\/29616","targetHints":{"allow":["GET"]}}],"collection":[{"href":"https:\/\/oplitegames-preprod.ezratis.fr\/de\/wp-json\/wp\/v2\/product"}],"about":[{"href":"https:\/\/oplitegames-preprod.ezratis.fr\/de\/wp-json\/wp\/v2\/types\/product"}],"version-history":[{"count":5,"href":"https:\/\/oplitegames-preprod.ezratis.fr\/de\/wp-json\/wp\/v2\/product\/29616\/revisions"}],"predecessor-version":[{"id":32100,"href":"https:\/\/oplitegames-preprod.ezratis.fr\/de\/wp-json\/wp\/v2\/product\/29616\/revisions\/32100"}],"wp:featuredmedia":[{"embeddable":true,"href":"https:\/\/oplitegames-preprod.ezratis.fr\/de\/wp-json\/wp\/v2\/media\/32067"}],"wp:attachment":[{"href":"https:\/\/oplitegames-preprod.ezratis.fr\/de\/wp-json\/wp\/v2\/media?parent=29616"}],"wp:term":[{"taxonomy":"product_brand","embeddable":true,"href":"https:\/\/oplitegames-preprod.ezratis.fr\/de\/wp-json\/wp\/v2\/product_brand?post=29616"},{"taxonomy":"product_cat","embeddable":true,"href":"https:\/\/oplitegames-preprod.ezratis.fr\/de\/wp-json\/wp\/v2\/product_cat?post=29616"},{"taxonomy":"product_tag","embeddable":true,"href":"https:\/\/oplitegames-preprod.ezratis.fr\/de\/wp-json\/wp\/v2\/product_tag?post=29616"}],"curies":[{"name":"wp","href":"https:\/\/api.w.org\/{rel}","templated":true}]}}