{"id":29914,"date":"2023-04-06T18:05:43","date_gmt":"2023-04-06T16:05:43","guid":{"rendered":"https:\/\/oplitegames.com\/product\/oplite-mt49-monitor-arm\/"},"modified":"2025-10-08T14:26:29","modified_gmt":"2025-10-08T12:26:29","slug":"oplite-mt49-monitor-arm","status":"publish","type":"product","link":"https:\/\/oplitegames-preprod.ezratis.fr\/de\/produkt\/oplite-mt49-monitor-arm\/","title":{"rendered":"MT49 Monitor Arm"},"content":{"rendered":"<p><span style=\"text-decoration: underline;\"><strong>Pr\u00e4sentation :<\/strong><\/span><br \/>\nDer MT49 wurde speziell f\u00fcr die Aufnahme von gro\u00dfen 49-Zoll-Monitoren entwickelt. Er bietet viel Bewegungs- und Ausrichtungsfreiheit f\u00fcr Ihren ultrabreiten 15,2 bis 30,4 cm Curved-Monitor wie den Samsung\u00ae Odyssey G9 Gaming Monitor oder jede andere Marke, die \u00fcber ein Befestigungssystem mit dem universellen VESA-Standard 75&#215;75 oder 100&#215;100 verf\u00fcgt. (Samsung\u00ae, Dell\u00ae, LG\u00ae, Lenovo\u00ae, Asus\u00ae, BenQ\u00ae, ACER\u00ae, HP\u00ae etc&#8230;).<br \/>\nDer MT49 wurde aus Aluminium und geschmiedetem Karbonstahl hergestellt und vereint hochwertige Materialien mit einem klaren Design. Ausgestattet mit einem leistungsstarken, einstellbaren GAS-Zylinder, wird er Sie m\u00fchelos bei der Auf- und Abw\u00e4rtsbewegung begleiten.<\/p>\n<p><span style=\"text-decoration: underline;\"><strong>Highlights :<\/strong><\/span><br \/>\n\u2705Design aus hochwertigem Aluminium, hochdichtem Karbonstahl und ABS-Verkleidung.<br \/>\n\u2705Vereint einen eleganten und futuristischen Stil, der zu den neuesten Bildschirmdesigns der bekanntesten Marken passt.<br \/>\n\u2705 Einfach zu verstellen, seine starke Gasdruckfeder erm\u00f6glicht es, das Layout Ihres Bildschirms m\u00fchelos perfekt anzupassen. Das Ergebnis ist eine ergonomische, praktische und leistungsf\u00e4hige Arbeits- oder Spielstation.<br \/>\n\u2705Schafft Platz, erm\u00f6glicht das Anheben Ihres Bildschirms und schafft freie Schreibtischfl\u00e4che.<br \/>\n\u2705 Neigbarkeit von +50\/-20\u00b0 f\u00fcr bequemes Arbeiten oder Spielen in einer sitzenden oder stehenden Position. Der Drehpunkt erm\u00f6glicht eine horizontale und vertikale Drehung f\u00fcr Bildschirme bis 32 Zoll.<br \/>\n\u2705Kompatibel mit ultrabreiten gekr\u00fcmmten Bildschirmen wie dem Samsung 49&#8243; Odyssey G9 oder jeder anderen Marke, die \u00fcber ein Befestigungssystem nach dem universellen VESA-Standard 75&#215;75 oder 100&#215;100 verf\u00fcgt.<br \/>\n\u2705Einfache Montage des Bildschirms dank der mitgelieferten abnehmbaren VESA-Platte.<br \/>\n\u2705 Befestigung des Arms an Ihrem Schreibtisch durch eine &#8220;C&#8221;-Klemmung (Doppelschraubstock) oder durch 2 Vistraversalen \u00fcber Ihren Schreibtisch.<\/p>\n<p><span style=\"text-decoration: underline;\"><strong>Technische Daten:<\/strong><\/span><br \/>\n\u2705 Kompatible Bildschirmgr\u00f6\u00dfe: 17&#8243;-49&#8243;.<br \/>\n\u2705 Anzahl der Bildschirme:1<br \/>\n\u2705 Gewichtskapazit\u00e4t (pro Bildschirm):1~20kg<br \/>\n\u2705 Neigungsbereich: +50\u00b0~-20\u00b0.<br \/>\n\u2705 Schwenkbereich: +90\u00b0~-90<\/p>\n<p><span style=\"text-decoration: underline;\"><strong>Produktkompatibilit\u00e4t :<\/strong><\/span><br \/>\n\u2705 Alle VESA-Bildschirme: 75&#215;75,100&#215;100.<br \/>\n\u2705 Alle Schreibtische der Marke OPLITE.<br \/>\n\u2705 Alle Schreibtische anderer Hersteller<\/p>\n","protected":false},"excerpt":{"rendered":"<p>Es ist an der Zeit, immersivere Erfahrungen zu machen und gleichzeitig mehr Platz auf Ihrem Schreibtisch zu schaffen!<br \/>\nOPLITE hat sich auf die Entwicklung ergonomischer Produkte (B\u00fcro und Gaming) spezialisiert und stellt Ihnen seinen neuen Monitor-Gelenkarm mit sehr hoher Kapazit\u00e4t, den <strong>MT49<\/strong>, vor.<\/p>\n[embed]https:\/\/www.youtube.com\/watch?v=eHnacXhYbMM[\/embed]\n","protected":false},"featured_media":27249,"template":"","meta":{"_acf_changed":false,"footnotes":""},"product_brand":[],"product_cat":[715,727],"product_tag":[695],"class_list":{"0":"post-29914","1":"product","2":"type-product","3":"status-publish","4":"has-post-thumbnail","6":"product_cat-buros-streaming","7":"product_cat-gelenkarme","8":"product_tag-oplite-gaming-de","9":"pa_colisage-pcb-3-de","11":"first","12":"outofstock","13":"taxable","14":"shipping-taxable","15":"purchasable","16":"product-type-simple"},"bundled_by":[],"bundle_stock_status":"outofstock","bundle_stock_quantity":0,"bundle_virtual":false,"bundle_layout":"","bundle_add_to_cart_form_location":"","bundle_editable_in_cart":false,"bundle_sold_individually_context":"","bundle_item_grouping":"","bundle_min_size":"","bundle_max_size":"","bundle_price":[],"bundled_items":[],"bundle_sell_ids":[],"acf":[],"yoast_head":"<!-- This site is optimized with the Yoast SEO plugin v27.3 - https:\/\/yoast.com\/product\/yoast-seo-wordpress\/ -->\n<title>MT49 Monitor Arm - OPLITE<\/title>\n<meta name=\"robots\" content=\"index, follow, max-snippet:-1, max-image-preview:large, max-video-preview:-1\" \/>\n<link rel=\"canonical\" href=\"https:\/\/oplitegames.com\/de\/produkt\/oplite-mt49-monitor-arm\/\" \/>\n<meta property=\"og:locale\" content=\"de_DE\" \/>\n<meta property=\"og:type\" content=\"article\" \/>\n<meta property=\"og:title\" content=\"MT49 Monitor Arm - OPLITE\" \/>\n<meta property=\"og:description\" content=\"Es ist an der Zeit, immersivere Erfahrungen zu machen und gleichzeitig mehr Platz auf Ihrem Schreibtisch zu schaffen! OPLITE hat sich auf die Entwicklung ergonomischer Produkte (B\u00fcro und Gaming) spezialisiert und stellt Ihnen seinen neuen Monitor-Gelenkarm mit sehr hoher Kapazit\u00e4t, den MT49, vor.\" \/>\n<meta property=\"og:url\" content=\"https:\/\/oplitegames.com\/de\/produkt\/oplite-mt49-monitor-arm\/\" \/>\n<meta property=\"og:site_name\" content=\"OPLITE\" \/>\n<meta property=\"article:modified_time\" content=\"2025-10-08T12:26:29+00:00\" \/>\n<meta property=\"og:image\" content=\"https:\/\/oplitegames.com\/wp-content\/uploads\/OPLITE-MT49-MONITOR-ARM-_01.png\" \/>\n\t<meta property=\"og:image:width\" content=\"2000\" \/>\n\t<meta property=\"og:image:height\" content=\"2000\" \/>\n\t<meta property=\"og:image:type\" content=\"image\/png\" \/>\n<meta name=\"twitter:card\" content=\"summary_large_image\" \/>\n<meta name=\"twitter:label1\" content=\"Price\" \/>\n\t<meta name=\"twitter:data1\" content=\"149,90&nbsp;&euro;\" \/>\n\t<meta name=\"twitter:label2\" content=\"Availability\" \/>\n\t<meta name=\"twitter:data2\" content=\"Out of stock\" \/>\n<script type=\"application\/ld+json\" class=\"yoast-schema-graph\">{\"@context\":\"https:\\\/\\\/schema.org\",\"@graph\":[{\"@type\":[\"WebPage\",\"ItemPage\"],\"@id\":\"https:\\\/\\\/oplitegames.com\\\/de\\\/produkt\\\/oplite-mt49-monitor-arm\\\/\",\"url\":\"https:\\\/\\\/oplitegames.com\\\/de\\\/produkt\\\/oplite-mt49-monitor-arm\\\/\",\"name\":\"MT49 Monitor Arm - OPLITE\",\"isPartOf\":{\"@id\":\"https:\\\/\\\/oplitegames.com\\\/#website\"},\"primaryImageOfPage\":{\"@id\":\"https:\\\/\\\/oplitegames.com\\\/de\\\/produkt\\\/oplite-mt49-monitor-arm\\\/#primaryimage\"},\"image\":{\"@id\":\"https:\\\/\\\/oplitegames.com\\\/de\\\/produkt\\\/oplite-mt49-monitor-arm\\\/#primaryimage\"},\"thumbnailUrl\":\"https:\\\/\\\/oplitegames-preprod.ezratis.fr\\\/wp-content\\\/uploads\\\/OPLITE-MT49-MONITOR-ARM-_01.png\",\"datePublished\":\"2023-04-06T16:05:43+00:00\",\"dateModified\":\"2025-10-08T12:26:29+00:00\",\"breadcrumb\":{\"@id\":\"https:\\\/\\\/oplitegames.com\\\/de\\\/produkt\\\/oplite-mt49-monitor-arm\\\/#breadcrumb\"},\"inLanguage\":\"de-DE\",\"potentialAction\":[{\"@type\":\"ReadAction\",\"target\":[\"https:\\\/\\\/oplitegames.com\\\/de\\\/produkt\\\/oplite-mt49-monitor-arm\\\/\"]}]},{\"@type\":\"ImageObject\",\"inLanguage\":\"de-DE\",\"@id\":\"https:\\\/\\\/oplitegames.com\\\/de\\\/produkt\\\/oplite-mt49-monitor-arm\\\/#primaryimage\",\"url\":\"https:\\\/\\\/oplitegames-preprod.ezratis.fr\\\/wp-content\\\/uploads\\\/OPLITE-MT49-MONITOR-ARM-_01.png\",\"contentUrl\":\"https:\\\/\\\/oplitegames-preprod.ezratis.fr\\\/wp-content\\\/uploads\\\/OPLITE-MT49-MONITOR-ARM-_01.png\",\"width\":2000,\"height\":2000},{\"@type\":\"BreadcrumbList\",\"@id\":\"https:\\\/\\\/oplitegames.com\\\/de\\\/produkt\\\/oplite-mt49-monitor-arm\\\/#breadcrumb\",\"itemListElement\":[{\"@type\":\"ListItem\",\"position\":1,\"name\":\"Home\",\"item\":\"https:\\\/\\\/oplitegames.com\\\/de\\\/\"},{\"@type\":\"ListItem\",\"position\":2,\"name\":\"Gesch\u00e4ft\",\"item\":\"https:\\\/\\\/oplitegames.com\\\/de\\\/geschaeft\\\/\"},{\"@type\":\"ListItem\",\"position\":3,\"name\":\"MT49 Monitor Arm\"}]},{\"@type\":\"WebSite\",\"@id\":\"https:\\\/\\\/oplitegames.com\\\/#website\",\"url\":\"https:\\\/\\\/oplitegames.com\\\/\",\"name\":\"OPLITE\",\"description\":\"\",\"publisher\":{\"@id\":\"https:\\\/\\\/oplitegames.com\\\/#organization\"},\"potentialAction\":[{\"@type\":\"SearchAction\",\"target\":{\"@type\":\"EntryPoint\",\"urlTemplate\":\"https:\\\/\\\/oplitegames.com\\\/?s={search_term_string}\"},\"query-input\":{\"@type\":\"PropertyValueSpecification\",\"valueRequired\":true,\"valueName\":\"search_term_string\"}}],\"inLanguage\":\"de-DE\"},{\"@type\":\"Organization\",\"@id\":\"https:\\\/\\\/oplitegames.com\\\/#organization\",\"name\":\"OPLITE\",\"url\":\"https:\\\/\\\/oplitegames.com\\\/\",\"logo\":{\"@type\":\"ImageObject\",\"inLanguage\":\"de-DE\",\"@id\":\"https:\\\/\\\/oplitegames.com\\\/#\\\/schema\\\/logo\\\/image\\\/\",\"url\":\"https:\\\/\\\/oplitegames-preprod.ezratis.fr\\\/wp-content\\\/uploads\\\/cropped-cropped-Oplite-Blanc-casse-002-scaled-1.png\",\"contentUrl\":\"https:\\\/\\\/oplitegames-preprod.ezratis.fr\\\/wp-content\\\/uploads\\\/cropped-cropped-Oplite-Blanc-casse-002-scaled-1.png\",\"width\":2509,\"height\":597,\"caption\":\"OPLITE\"},\"image\":{\"@id\":\"https:\\\/\\\/oplitegames.com\\\/#\\\/schema\\\/logo\\\/image\\\/\"}}]}<\/script>\n<meta property=\"product:price:amount\" content=\"149.90\" \/>\n<meta property=\"product:price:currency\" content=\"EUR\" \/>\n<meta property=\"og:availability\" content=\"out of stock\" \/>\n<meta property=\"product:availability\" content=\"out of stock\" \/>\n<meta property=\"product:retailer_item_id\" content=\"96446\" \/>\n<meta property=\"product:condition\" content=\"new\" \/>\n<!-- \/ Yoast SEO plugin. -->","yoast_head_json":{"title":"MT49 Monitor Arm - OPLITE","robots":{"index":"index","follow":"follow","max-snippet":"max-snippet:-1","max-image-preview":"max-image-preview:large","max-video-preview":"max-video-preview:-1"},"canonical":"https:\/\/oplitegames.com\/de\/produkt\/oplite-mt49-monitor-arm\/","og_locale":"de_DE","og_type":"article","og_title":"MT49 Monitor Arm - OPLITE","og_description":"Es ist an der Zeit, immersivere Erfahrungen zu machen und gleichzeitig mehr Platz auf Ihrem Schreibtisch zu schaffen! OPLITE hat sich auf die Entwicklung ergonomischer Produkte (B\u00fcro und Gaming) spezialisiert und stellt Ihnen seinen neuen Monitor-Gelenkarm mit sehr hoher Kapazit\u00e4t, den MT49, vor.","og_url":"https:\/\/oplitegames.com\/de\/produkt\/oplite-mt49-monitor-arm\/","og_site_name":"OPLITE","article_modified_time":"2025-10-08T12:26:29+00:00","og_image":[{"width":2000,"height":2000,"url":"https:\/\/oplitegames.com\/wp-content\/uploads\/OPLITE-MT49-MONITOR-ARM-_01.png","type":"image\/png"}],"twitter_card":"summary_large_image","twitter_misc":{"Price":"149,90&nbsp;&euro;","Availability":"Out of stock"},"schema":{"@context":"https:\/\/schema.org","@graph":[{"@type":["WebPage","ItemPage"],"@id":"https:\/\/oplitegames.com\/de\/produkt\/oplite-mt49-monitor-arm\/","url":"https:\/\/oplitegames.com\/de\/produkt\/oplite-mt49-monitor-arm\/","name":"MT49 Monitor Arm - OPLITE","isPartOf":{"@id":"https:\/\/oplitegames.com\/#website"},"primaryImageOfPage":{"@id":"https:\/\/oplitegames.com\/de\/produkt\/oplite-mt49-monitor-arm\/#primaryimage"},"image":{"@id":"https:\/\/oplitegames.com\/de\/produkt\/oplite-mt49-monitor-arm\/#primaryimage"},"thumbnailUrl":"https:\/\/oplitegames-preprod.ezratis.fr\/wp-content\/uploads\/OPLITE-MT49-MONITOR-ARM-_01.png","datePublished":"2023-04-06T16:05:43+00:00","dateModified":"2025-10-08T12:26:29+00:00","breadcrumb":{"@id":"https:\/\/oplitegames.com\/de\/produkt\/oplite-mt49-monitor-arm\/#breadcrumb"},"inLanguage":"de-DE","potentialAction":[{"@type":"ReadAction","target":["https:\/\/oplitegames.com\/de\/produkt\/oplite-mt49-monitor-arm\/"]}]},{"@type":"ImageObject","inLanguage":"de-DE","@id":"https:\/\/oplitegames.com\/de\/produkt\/oplite-mt49-monitor-arm\/#primaryimage","url":"https:\/\/oplitegames-preprod.ezratis.fr\/wp-content\/uploads\/OPLITE-MT49-MONITOR-ARM-_01.png","contentUrl":"https:\/\/oplitegames-preprod.ezratis.fr\/wp-content\/uploads\/OPLITE-MT49-MONITOR-ARM-_01.png","width":2000,"height":2000},{"@type":"BreadcrumbList","@id":"https:\/\/oplitegames.com\/de\/produkt\/oplite-mt49-monitor-arm\/#breadcrumb","itemListElement":[{"@type":"ListItem","position":1,"name":"Home","item":"https:\/\/oplitegames.com\/de\/"},{"@type":"ListItem","position":2,"name":"Gesch\u00e4ft","item":"https:\/\/oplitegames.com\/de\/geschaeft\/"},{"@type":"ListItem","position":3,"name":"MT49 Monitor Arm"}]},{"@type":"WebSite","@id":"https:\/\/oplitegames.com\/#website","url":"https:\/\/oplitegames.com\/","name":"OPLITE","description":"","publisher":{"@id":"https:\/\/oplitegames.com\/#organization"},"potentialAction":[{"@type":"SearchAction","target":{"@type":"EntryPoint","urlTemplate":"https:\/\/oplitegames.com\/?s={search_term_string}"},"query-input":{"@type":"PropertyValueSpecification","valueRequired":true,"valueName":"search_term_string"}}],"inLanguage":"de-DE"},{"@type":"Organization","@id":"https:\/\/oplitegames.com\/#organization","name":"OPLITE","url":"https:\/\/oplitegames.com\/","logo":{"@type":"ImageObject","inLanguage":"de-DE","@id":"https:\/\/oplitegames.com\/#\/schema\/logo\/image\/","url":"https:\/\/oplitegames-preprod.ezratis.fr\/wp-content\/uploads\/cropped-cropped-Oplite-Blanc-casse-002-scaled-1.png","contentUrl":"https:\/\/oplitegames-preprod.ezratis.fr\/wp-content\/uploads\/cropped-cropped-Oplite-Blanc-casse-002-scaled-1.png","width":2509,"height":597,"caption":"OPLITE"},"image":{"@id":"https:\/\/oplitegames.com\/#\/schema\/logo\/image\/"}}]},"product_price_amount":"149.90","product_price_currency":"EUR","og_availability":"out of stock","product_availability":"out of stock","product_retailer_item_id":"96446","product_condition":"new"},"_links":{"self":[{"href":"https:\/\/oplitegames-preprod.ezratis.fr\/de\/wp-json\/wp\/v2\/product\/29914","targetHints":{"allow":["GET"]}}],"collection":[{"href":"https:\/\/oplitegames-preprod.ezratis.fr\/de\/wp-json\/wp\/v2\/product"}],"about":[{"href":"https:\/\/oplitegames-preprod.ezratis.fr\/de\/wp-json\/wp\/v2\/types\/product"}],"version-history":[{"count":4,"href":"https:\/\/oplitegames-preprod.ezratis.fr\/de\/wp-json\/wp\/v2\/product\/29914\/revisions"}],"predecessor-version":[{"id":48285,"href":"https:\/\/oplitegames-preprod.ezratis.fr\/de\/wp-json\/wp\/v2\/product\/29914\/revisions\/48285"}],"wp:featuredmedia":[{"embeddable":true,"href":"https:\/\/oplitegames-preprod.ezratis.fr\/de\/wp-json\/wp\/v2\/media\/27249"}],"wp:attachment":[{"href":"https:\/\/oplitegames-preprod.ezratis.fr\/de\/wp-json\/wp\/v2\/media?parent=29914"}],"wp:term":[{"taxonomy":"product_brand","embeddable":true,"href":"https:\/\/oplitegames-preprod.ezratis.fr\/de\/wp-json\/wp\/v2\/product_brand?post=29914"},{"taxonomy":"product_cat","embeddable":true,"href":"https:\/\/oplitegames-preprod.ezratis.fr\/de\/wp-json\/wp\/v2\/product_cat?post=29914"},{"taxonomy":"product_tag","embeddable":true,"href":"https:\/\/oplitegames-preprod.ezratis.fr\/de\/wp-json\/wp\/v2\/product_tag?post=29914"}],"curies":[{"name":"wp","href":"https:\/\/api.w.org\/{rel}","templated":true}]}}