{"id":29961,"date":"2023-05-25T17:11:46","date_gmt":"2023-05-25T15:11:46","guid":{"rendered":"https:\/\/oplitegames.com\/product\/universal-keyboard-and-mousse\/"},"modified":"2025-12-15T11:22:31","modified_gmt":"2025-12-15T10:22:31","slug":"universal-keyboard-and-mousse","status":"publish","type":"product","link":"https:\/\/oplitegames-preprod.ezratis.fr\/de\/produkt\/universal-keyboard-and-mousse\/","title":{"rendered":"Universal Keyboard and Mouse Tray"},"content":{"rendered":"<p>Kompatibilit\u00e4t der Produkte :<\/p>\n<p>&nbsp;<\/p>\n<p>Alle Cockpits der Marke OPLITE ;<\/p>\n<p>Alle Cockpits anderer Hersteller.<\/p>\n","protected":false},"excerpt":{"rendered":"<p>Der UKMT ist ideal als Erg\u00e4nzung zu Ihrem OPLITE-Simracing-SETUP (oder einem anderen Hersteller), wenn Sie am PC spielen, um Ihre Tastatur und Maus in Reichweite zu haben.<br \/>\nDieser Universalst\u00e4nder mit Rollen (mit Bremsen) ist leicht zu bewegen und kann je nach Wunsch rechts oder links von Ihrer Wanne aufgestellt werden.<br \/>\nEr verf\u00fcgt \u00fcber zwei unabh\u00e4ngige Ablagen (eine f\u00fcr Ihre Tastatur und eine f\u00fcr Ihre Maus), die beide in der H\u00f6he, in der Drehung und in der Neigung verstellbar sind.<br \/>\nJedes dieser Pads ist mit einem hochdichten (leicht waschbaren) Pad ausgestattet, das Ihrer Maus den ultimativen Gleitkomfort bietet.<br \/>\nUnd um Ihnen noch mehr Komfort zu bieten, ist das UKMT mit einem Becherhalter und einem Kopfh\u00f6rerhalter ausgestattet.<\/p>\n","protected":false},"featured_media":27912,"template":"","meta":{"_acf_changed":false,"footnotes":""},"product_brand":[],"product_cat":[748],"product_tag":[695],"class_list":{"0":"post-29961","1":"product","2":"type-product","3":"status-publish","4":"has-post-thumbnail","6":"product_cat-simulatorzubehoer","7":"product_tag-oplite-gaming-de","8":"pa_colisage-pcb-1-de","10":"first","11":"instock","12":"taxable","13":"shipping-taxable","14":"purchasable","15":"product-type-simple"},"bundled_by":[],"bundle_stock_status":"instock","bundle_stock_quantity":92,"bundle_virtual":false,"bundle_layout":"","bundle_add_to_cart_form_location":"","bundle_editable_in_cart":false,"bundle_sold_individually_context":"","bundle_item_grouping":"","bundle_min_size":"","bundle_max_size":"","bundle_price":[],"bundled_items":[],"bundle_sell_ids":[],"acf":[],"yoast_head":"<!-- This site is optimized with the Yoast SEO plugin v27.3 - https:\/\/yoast.com\/product\/yoast-seo-wordpress\/ -->\n<title>Universal Keyboard and Mouse Tray - OPLITE<\/title>\n<meta name=\"robots\" content=\"index, follow, max-snippet:-1, max-image-preview:large, max-video-preview:-1\" \/>\n<link rel=\"canonical\" href=\"https:\/\/oplitegames.com\/de\/produkt\/universal-keyboard-and-mousse\/\" \/>\n<meta property=\"og:locale\" content=\"de_DE\" \/>\n<meta property=\"og:type\" content=\"article\" \/>\n<meta property=\"og:title\" content=\"Universal Keyboard and Mouse Tray - OPLITE\" \/>\n<meta property=\"og:description\" content=\"Der UKMT ist ideal als Erg\u00e4nzung zu Ihrem OPLITE-Simracing-SETUP (oder einem anderen Hersteller), wenn Sie am PC spielen, um Ihre Tastatur und Maus in Reichweite zu haben. Dieser Universalst\u00e4nder mit Rollen (mit Bremsen) ist leicht zu bewegen und kann je nach Wunsch rechts oder links von Ihrer Wanne aufgestellt werden. Er verf\u00fcgt \u00fcber zwei unabh\u00e4ngige Ablagen (eine f\u00fcr Ihre Tastatur und eine f\u00fcr Ihre Maus), die beide in der H\u00f6he, in der Drehung und in der Neigung verstellbar sind. Jedes dieser Pads ist mit einem hochdichten (leicht waschbaren) Pad ausgestattet, das Ihrer Maus den ultimativen Gleitkomfort bietet. Und um Ihnen noch mehr Komfort zu bieten, ist das UKMT mit einem Becherhalter und einem Kopfh\u00f6rerhalter ausgestattet.\" \/>\n<meta property=\"og:url\" content=\"https:\/\/oplitegames.com\/de\/produkt\/universal-keyboard-and-mousse\/\" \/>\n<meta property=\"og:site_name\" content=\"OPLITE\" \/>\n<meta property=\"article:modified_time\" content=\"2025-12-15T10:22:31+00:00\" \/>\n<meta property=\"og:image\" content=\"https:\/\/oplitegames.com\/wp-content\/uploads\/OP-UKMT_01.png\" \/>\n\t<meta property=\"og:image:width\" content=\"1000\" \/>\n\t<meta property=\"og:image:height\" content=\"1000\" \/>\n\t<meta property=\"og:image:type\" content=\"image\/png\" \/>\n<meta name=\"twitter:card\" content=\"summary_large_image\" \/>\n<meta name=\"twitter:label1\" content=\"Price\" \/>\n\t<meta name=\"twitter:data1\" content=\"99,90&nbsp;&euro;\" \/>\n\t<meta name=\"twitter:label2\" content=\"Availability\" \/>\n\t<meta name=\"twitter:data2\" content=\"In stock\" \/>\n<script type=\"application\/ld+json\" class=\"yoast-schema-graph\">{\"@context\":\"https:\\\/\\\/schema.org\",\"@graph\":[{\"@type\":[\"WebPage\",\"ItemPage\"],\"@id\":\"https:\\\/\\\/oplitegames.com\\\/de\\\/produkt\\\/universal-keyboard-and-mousse\\\/\",\"url\":\"https:\\\/\\\/oplitegames.com\\\/de\\\/produkt\\\/universal-keyboard-and-mousse\\\/\",\"name\":\"Universal Keyboard and Mouse Tray - OPLITE\",\"isPartOf\":{\"@id\":\"https:\\\/\\\/oplitegames.com\\\/#website\"},\"primaryImageOfPage\":{\"@id\":\"https:\\\/\\\/oplitegames.com\\\/de\\\/produkt\\\/universal-keyboard-and-mousse\\\/#primaryimage\"},\"image\":{\"@id\":\"https:\\\/\\\/oplitegames.com\\\/de\\\/produkt\\\/universal-keyboard-and-mousse\\\/#primaryimage\"},\"thumbnailUrl\":\"https:\\\/\\\/oplitegames-preprod.ezratis.fr\\\/wp-content\\\/uploads\\\/OP-UKMT_01.png\",\"datePublished\":\"2023-05-25T15:11:46+00:00\",\"dateModified\":\"2025-12-15T10:22:31+00:00\",\"breadcrumb\":{\"@id\":\"https:\\\/\\\/oplitegames.com\\\/de\\\/produkt\\\/universal-keyboard-and-mousse\\\/#breadcrumb\"},\"inLanguage\":\"de-DE\",\"potentialAction\":[{\"@type\":\"ReadAction\",\"target\":[\"https:\\\/\\\/oplitegames.com\\\/de\\\/produkt\\\/universal-keyboard-and-mousse\\\/\"]}]},{\"@type\":\"ImageObject\",\"inLanguage\":\"de-DE\",\"@id\":\"https:\\\/\\\/oplitegames.com\\\/de\\\/produkt\\\/universal-keyboard-and-mousse\\\/#primaryimage\",\"url\":\"https:\\\/\\\/oplitegames-preprod.ezratis.fr\\\/wp-content\\\/uploads\\\/OP-UKMT_01.png\",\"contentUrl\":\"https:\\\/\\\/oplitegames-preprod.ezratis.fr\\\/wp-content\\\/uploads\\\/OP-UKMT_01.png\",\"width\":1000,\"height\":1000},{\"@type\":\"BreadcrumbList\",\"@id\":\"https:\\\/\\\/oplitegames.com\\\/de\\\/produkt\\\/universal-keyboard-and-mousse\\\/#breadcrumb\",\"itemListElement\":[{\"@type\":\"ListItem\",\"position\":1,\"name\":\"Home\",\"item\":\"https:\\\/\\\/oplitegames.com\\\/de\\\/\"},{\"@type\":\"ListItem\",\"position\":2,\"name\":\"Gesch\u00e4ft\",\"item\":\"https:\\\/\\\/oplitegames.com\\\/de\\\/geschaeft\\\/\"},{\"@type\":\"ListItem\",\"position\":3,\"name\":\"Universal Keyboard and Mouse Tray\"}]},{\"@type\":\"WebSite\",\"@id\":\"https:\\\/\\\/oplitegames.com\\\/#website\",\"url\":\"https:\\\/\\\/oplitegames.com\\\/\",\"name\":\"OPLITE\",\"description\":\"\",\"publisher\":{\"@id\":\"https:\\\/\\\/oplitegames.com\\\/#organization\"},\"potentialAction\":[{\"@type\":\"SearchAction\",\"target\":{\"@type\":\"EntryPoint\",\"urlTemplate\":\"https:\\\/\\\/oplitegames.com\\\/?s={search_term_string}\"},\"query-input\":{\"@type\":\"PropertyValueSpecification\",\"valueRequired\":true,\"valueName\":\"search_term_string\"}}],\"inLanguage\":\"de-DE\"},{\"@type\":\"Organization\",\"@id\":\"https:\\\/\\\/oplitegames.com\\\/#organization\",\"name\":\"OPLITE\",\"url\":\"https:\\\/\\\/oplitegames.com\\\/\",\"logo\":{\"@type\":\"ImageObject\",\"inLanguage\":\"de-DE\",\"@id\":\"https:\\\/\\\/oplitegames.com\\\/#\\\/schema\\\/logo\\\/image\\\/\",\"url\":\"https:\\\/\\\/oplitegames-preprod.ezratis.fr\\\/wp-content\\\/uploads\\\/cropped-cropped-Oplite-Blanc-casse-002-scaled-1.png\",\"contentUrl\":\"https:\\\/\\\/oplitegames-preprod.ezratis.fr\\\/wp-content\\\/uploads\\\/cropped-cropped-Oplite-Blanc-casse-002-scaled-1.png\",\"width\":2509,\"height\":597,\"caption\":\"OPLITE\"},\"image\":{\"@id\":\"https:\\\/\\\/oplitegames.com\\\/#\\\/schema\\\/logo\\\/image\\\/\"}}]}<\/script>\n<meta property=\"product:price:amount\" content=\"99.90\" \/>\n<meta property=\"product:price:currency\" content=\"EUR\" \/>\n<meta property=\"og:availability\" content=\"instock\" \/>\n<meta property=\"product:availability\" content=\"instock\" \/>\n<meta property=\"product:retailer_item_id\" content=\"96495\" \/>\n<meta property=\"product:condition\" content=\"new\" \/>\n<!-- \/ Yoast SEO plugin. -->","yoast_head_json":{"title":"Universal Keyboard and Mouse Tray - OPLITE","robots":{"index":"index","follow":"follow","max-snippet":"max-snippet:-1","max-image-preview":"max-image-preview:large","max-video-preview":"max-video-preview:-1"},"canonical":"https:\/\/oplitegames.com\/de\/produkt\/universal-keyboard-and-mousse\/","og_locale":"de_DE","og_type":"article","og_title":"Universal Keyboard and Mouse Tray - OPLITE","og_description":"Der UKMT ist ideal als Erg\u00e4nzung zu Ihrem OPLITE-Simracing-SETUP (oder einem anderen Hersteller), wenn Sie am PC spielen, um Ihre Tastatur und Maus in Reichweite zu haben. Dieser Universalst\u00e4nder mit Rollen (mit Bremsen) ist leicht zu bewegen und kann je nach Wunsch rechts oder links von Ihrer Wanne aufgestellt werden. Er verf\u00fcgt \u00fcber zwei unabh\u00e4ngige Ablagen (eine f\u00fcr Ihre Tastatur und eine f\u00fcr Ihre Maus), die beide in der H\u00f6he, in der Drehung und in der Neigung verstellbar sind. Jedes dieser Pads ist mit einem hochdichten (leicht waschbaren) Pad ausgestattet, das Ihrer Maus den ultimativen Gleitkomfort bietet. Und um Ihnen noch mehr Komfort zu bieten, ist das UKMT mit einem Becherhalter und einem Kopfh\u00f6rerhalter ausgestattet.","og_url":"https:\/\/oplitegames.com\/de\/produkt\/universal-keyboard-and-mousse\/","og_site_name":"OPLITE","article_modified_time":"2025-12-15T10:22:31+00:00","og_image":[{"width":1000,"height":1000,"url":"https:\/\/oplitegames.com\/wp-content\/uploads\/OP-UKMT_01.png","type":"image\/png"}],"twitter_card":"summary_large_image","twitter_misc":{"Price":"99,90&nbsp;&euro;","Availability":"In stock"},"schema":{"@context":"https:\/\/schema.org","@graph":[{"@type":["WebPage","ItemPage"],"@id":"https:\/\/oplitegames.com\/de\/produkt\/universal-keyboard-and-mousse\/","url":"https:\/\/oplitegames.com\/de\/produkt\/universal-keyboard-and-mousse\/","name":"Universal Keyboard and Mouse Tray - OPLITE","isPartOf":{"@id":"https:\/\/oplitegames.com\/#website"},"primaryImageOfPage":{"@id":"https:\/\/oplitegames.com\/de\/produkt\/universal-keyboard-and-mousse\/#primaryimage"},"image":{"@id":"https:\/\/oplitegames.com\/de\/produkt\/universal-keyboard-and-mousse\/#primaryimage"},"thumbnailUrl":"https:\/\/oplitegames-preprod.ezratis.fr\/wp-content\/uploads\/OP-UKMT_01.png","datePublished":"2023-05-25T15:11:46+00:00","dateModified":"2025-12-15T10:22:31+00:00","breadcrumb":{"@id":"https:\/\/oplitegames.com\/de\/produkt\/universal-keyboard-and-mousse\/#breadcrumb"},"inLanguage":"de-DE","potentialAction":[{"@type":"ReadAction","target":["https:\/\/oplitegames.com\/de\/produkt\/universal-keyboard-and-mousse\/"]}]},{"@type":"ImageObject","inLanguage":"de-DE","@id":"https:\/\/oplitegames.com\/de\/produkt\/universal-keyboard-and-mousse\/#primaryimage","url":"https:\/\/oplitegames-preprod.ezratis.fr\/wp-content\/uploads\/OP-UKMT_01.png","contentUrl":"https:\/\/oplitegames-preprod.ezratis.fr\/wp-content\/uploads\/OP-UKMT_01.png","width":1000,"height":1000},{"@type":"BreadcrumbList","@id":"https:\/\/oplitegames.com\/de\/produkt\/universal-keyboard-and-mousse\/#breadcrumb","itemListElement":[{"@type":"ListItem","position":1,"name":"Home","item":"https:\/\/oplitegames.com\/de\/"},{"@type":"ListItem","position":2,"name":"Gesch\u00e4ft","item":"https:\/\/oplitegames.com\/de\/geschaeft\/"},{"@type":"ListItem","position":3,"name":"Universal Keyboard and Mouse Tray"}]},{"@type":"WebSite","@id":"https:\/\/oplitegames.com\/#website","url":"https:\/\/oplitegames.com\/","name":"OPLITE","description":"","publisher":{"@id":"https:\/\/oplitegames.com\/#organization"},"potentialAction":[{"@type":"SearchAction","target":{"@type":"EntryPoint","urlTemplate":"https:\/\/oplitegames.com\/?s={search_term_string}"},"query-input":{"@type":"PropertyValueSpecification","valueRequired":true,"valueName":"search_term_string"}}],"inLanguage":"de-DE"},{"@type":"Organization","@id":"https:\/\/oplitegames.com\/#organization","name":"OPLITE","url":"https:\/\/oplitegames.com\/","logo":{"@type":"ImageObject","inLanguage":"de-DE","@id":"https:\/\/oplitegames.com\/#\/schema\/logo\/image\/","url":"https:\/\/oplitegames-preprod.ezratis.fr\/wp-content\/uploads\/cropped-cropped-Oplite-Blanc-casse-002-scaled-1.png","contentUrl":"https:\/\/oplitegames-preprod.ezratis.fr\/wp-content\/uploads\/cropped-cropped-Oplite-Blanc-casse-002-scaled-1.png","width":2509,"height":597,"caption":"OPLITE"},"image":{"@id":"https:\/\/oplitegames.com\/#\/schema\/logo\/image\/"}}]},"product_price_amount":"99.90","product_price_currency":"EUR","og_availability":"instock","product_availability":"instock","product_retailer_item_id":"96495","product_condition":"new"},"_links":{"self":[{"href":"https:\/\/oplitegames-preprod.ezratis.fr\/de\/wp-json\/wp\/v2\/product\/29961","targetHints":{"allow":["GET"]}}],"collection":[{"href":"https:\/\/oplitegames-preprod.ezratis.fr\/de\/wp-json\/wp\/v2\/product"}],"about":[{"href":"https:\/\/oplitegames-preprod.ezratis.fr\/de\/wp-json\/wp\/v2\/types\/product"}],"version-history":[{"count":3,"href":"https:\/\/oplitegames-preprod.ezratis.fr\/de\/wp-json\/wp\/v2\/product\/29961\/revisions"}],"predecessor-version":[{"id":60878,"href":"https:\/\/oplitegames-preprod.ezratis.fr\/de\/wp-json\/wp\/v2\/product\/29961\/revisions\/60878"}],"wp:featuredmedia":[{"embeddable":true,"href":"https:\/\/oplitegames-preprod.ezratis.fr\/de\/wp-json\/wp\/v2\/media\/27912"}],"wp:attachment":[{"href":"https:\/\/oplitegames-preprod.ezratis.fr\/de\/wp-json\/wp\/v2\/media?parent=29961"}],"wp:term":[{"taxonomy":"product_brand","embeddable":true,"href":"https:\/\/oplitegames-preprod.ezratis.fr\/de\/wp-json\/wp\/v2\/product_brand?post=29961"},{"taxonomy":"product_cat","embeddable":true,"href":"https:\/\/oplitegames-preprod.ezratis.fr\/de\/wp-json\/wp\/v2\/product_cat?post=29961"},{"taxonomy":"product_tag","embeddable":true,"href":"https:\/\/oplitegames-preprod.ezratis.fr\/de\/wp-json\/wp\/v2\/product_tag?post=29961"}],"curies":[{"name":"wp","href":"https:\/\/api.w.org\/{rel}","templated":true}]}}