{"id":29976,"date":"2023-05-25T17:11:42","date_gmt":"2023-05-25T15:11:42","guid":{"rendered":"https:\/\/oplitegames.com\/product\/ultimate-gt-floor-mat-green\/"},"modified":"2025-10-08T14:27:00","modified_gmt":"2025-10-08T12:27:00","slug":"ultimate-gt-floor-mat-green","status":"publish","type":"product","link":"https:\/\/oplitegames-preprod.ezratis.fr\/de\/produkt\/ultimate-gt-floor-mat-green\/","title":{"rendered":"Ultimate GT Floor Mat &#8211; Green"},"content":{"rendered":"<p>Gr\u00f6\u00dfe \/ Farben :<\/p>\n<p>152 cm x 90cm<br \/>Farbe schwarz &amp; gr\u00fcn<br \/>Zusammensetzung :<\/p>\n<p>Material: 50% Polyester \/ 50% TPR\/TPE.<br \/>Kompatibilit\u00e4t der Produkte :<\/p>\n<p>Alle Cockpits der Marke OPLITE ;<\/p>\n<p>Alle Cockpits anderer Hersteller.<\/p>\n","protected":false},"excerpt":{"rendered":"<p>Die Ultimate GT Floor Mat wurde f\u00fcr alle Simulatoren der OPLITE-Reihe sowie f\u00fcr die meisten anderen auf dem Markt erh\u00e4ltlichen Simulatoren entwickelt.<\/p>\n<p>Das sorgf\u00e4ltig durchdachte Design erinnert an die Atmosph\u00e4re im Fahrerlager und verleiht Ihrem Setup eine neue Dimension dank einer Reihe von schlichten und abwechslungsreichen Farben (Schwarz &amp; Gr\u00fcn, Schwarz &amp; Gelb, Schwarz &amp; Blau und Schwarz &amp; Rot).<\/p>\n<p>Oberseite: Polyester, um langlebige, leuchtende Farben zu bieten und gleichzeitig eine einfache Pflege zu gew\u00e4hrleisten.<\/p>\n<p>Unterseite: aus TPR\/TPE mit einer innovativen Mikro-Dreiecksstruktur, die einen optimalen Schutz Ihrer B\u00f6den gew\u00e4hrleistet und so die \u00dcbertragung von Vibrationen verringert.<\/p>\n<p>Die schwarzen, strapazierf\u00e4higen Seitenn\u00e4hte sorgen f\u00fcr ein PREMIUM-Finish.<\/p>\n","protected":false},"featured_media":27830,"template":"","meta":{"_acf_changed":false,"footnotes":""},"product_brand":[],"product_cat":[779],"product_tag":[695],"class_list":{"0":"post-29976","1":"product","2":"type-product","3":"status-publish","4":"has-post-thumbnail","6":"product_cat-uncategorized-de","7":"product_tag-oplite-gaming-de","8":"pa_colisage-pcb-6-de","10":"first","11":"outofstock","12":"taxable","13":"shipping-taxable","14":"purchasable","15":"product-type-simple"},"bundled_by":[],"bundle_stock_status":"outofstock","bundle_stock_quantity":0,"bundle_virtual":false,"bundle_layout":"","bundle_add_to_cart_form_location":"","bundle_editable_in_cart":false,"bundle_sold_individually_context":"","bundle_item_grouping":"","bundle_min_size":"","bundle_max_size":"","bundle_price":[],"bundled_items":[],"bundle_sell_ids":[],"acf":[],"yoast_head":"<!-- This site is optimized with the Yoast SEO plugin v27.3 - https:\/\/yoast.com\/product\/yoast-seo-wordpress\/ -->\n<title>Ultimate GT Floor Mat - Green - OPLITE<\/title>\n<meta name=\"robots\" content=\"index, follow, max-snippet:-1, max-image-preview:large, max-video-preview:-1\" \/>\n<link rel=\"canonical\" href=\"https:\/\/oplitegames.com\/de\/produkt\/ultimate-gt-floor-mat-green\/\" \/>\n<meta property=\"og:locale\" content=\"de_DE\" \/>\n<meta property=\"og:type\" content=\"article\" \/>\n<meta property=\"og:title\" content=\"Ultimate GT Floor Mat - Green - OPLITE\" \/>\n<meta property=\"og:description\" content=\"Die Ultimate GT Floor Mat wurde f\u00fcr alle Simulatoren der OPLITE-Reihe sowie f\u00fcr die meisten anderen auf dem Markt erh\u00e4ltlichen Simulatoren entwickelt.Das sorgf\u00e4ltig durchdachte Design erinnert an die Atmosph\u00e4re im Fahrerlager und verleiht Ihrem Setup eine neue Dimension dank einer Reihe von schlichten und abwechslungsreichen Farben (Schwarz &amp; Gr\u00fcn, Schwarz &amp; Gelb, Schwarz &amp; Blau und Schwarz &amp; Rot).Oberseite: Polyester, um langlebige, leuchtende Farben zu bieten und gleichzeitig eine einfache Pflege zu gew\u00e4hrleisten.Unterseite: aus TPR\/TPE mit einer innovativen Mikro-Dreiecksstruktur, die einen optimalen Schutz Ihrer B\u00f6den gew\u00e4hrleistet und so die \u00dcbertragung von Vibrationen verringert.Die schwarzen, strapazierf\u00e4higen Seitenn\u00e4hte sorgen f\u00fcr ein PREMIUM-Finish.\" \/>\n<meta property=\"og:url\" content=\"https:\/\/oplitegames.com\/de\/produkt\/ultimate-gt-floor-mat-green\/\" \/>\n<meta property=\"og:site_name\" content=\"OPLITE\" \/>\n<meta property=\"article:modified_time\" content=\"2025-10-08T12:27:00+00:00\" \/>\n<meta property=\"og:image\" content=\"https:\/\/oplitegames.com\/wp-content\/uploads\/OP-FM-G_1.png\" \/>\n\t<meta property=\"og:image:width\" content=\"1000\" \/>\n\t<meta property=\"og:image:height\" content=\"1000\" \/>\n\t<meta property=\"og:image:type\" content=\"image\/png\" \/>\n<meta name=\"twitter:card\" content=\"summary_large_image\" \/>\n<meta name=\"twitter:label1\" content=\"Price\" \/>\n\t<meta name=\"twitter:data1\" content=\"49,90&nbsp;&euro;\" \/>\n\t<meta name=\"twitter:label2\" content=\"Availability\" \/>\n\t<meta name=\"twitter:data2\" content=\"Out of stock\" \/>\n<script type=\"application\/ld+json\" class=\"yoast-schema-graph\">{\"@context\":\"https:\\\/\\\/schema.org\",\"@graph\":[{\"@type\":[\"WebPage\",\"ItemPage\"],\"@id\":\"https:\\\/\\\/oplitegames.com\\\/de\\\/produkt\\\/ultimate-gt-floor-mat-green\\\/\",\"url\":\"https:\\\/\\\/oplitegames.com\\\/de\\\/produkt\\\/ultimate-gt-floor-mat-green\\\/\",\"name\":\"Ultimate GT Floor Mat - Green - OPLITE\",\"isPartOf\":{\"@id\":\"https:\\\/\\\/oplitegames.com\\\/#website\"},\"primaryImageOfPage\":{\"@id\":\"https:\\\/\\\/oplitegames.com\\\/de\\\/produkt\\\/ultimate-gt-floor-mat-green\\\/#primaryimage\"},\"image\":{\"@id\":\"https:\\\/\\\/oplitegames.com\\\/de\\\/produkt\\\/ultimate-gt-floor-mat-green\\\/#primaryimage\"},\"thumbnailUrl\":\"https:\\\/\\\/oplitegames-preprod.ezratis.fr\\\/wp-content\\\/uploads\\\/OP-FM-G_1.png\",\"datePublished\":\"2023-05-25T15:11:42+00:00\",\"dateModified\":\"2025-10-08T12:27:00+00:00\",\"breadcrumb\":{\"@id\":\"https:\\\/\\\/oplitegames.com\\\/de\\\/produkt\\\/ultimate-gt-floor-mat-green\\\/#breadcrumb\"},\"inLanguage\":\"de-DE\",\"potentialAction\":[{\"@type\":\"ReadAction\",\"target\":[\"https:\\\/\\\/oplitegames.com\\\/de\\\/produkt\\\/ultimate-gt-floor-mat-green\\\/\"]}]},{\"@type\":\"ImageObject\",\"inLanguage\":\"de-DE\",\"@id\":\"https:\\\/\\\/oplitegames.com\\\/de\\\/produkt\\\/ultimate-gt-floor-mat-green\\\/#primaryimage\",\"url\":\"https:\\\/\\\/oplitegames-preprod.ezratis.fr\\\/wp-content\\\/uploads\\\/OP-FM-G_1.png\",\"contentUrl\":\"https:\\\/\\\/oplitegames-preprod.ezratis.fr\\\/wp-content\\\/uploads\\\/OP-FM-G_1.png\",\"width\":1000,\"height\":1000},{\"@type\":\"BreadcrumbList\",\"@id\":\"https:\\\/\\\/oplitegames.com\\\/de\\\/produkt\\\/ultimate-gt-floor-mat-green\\\/#breadcrumb\",\"itemListElement\":[{\"@type\":\"ListItem\",\"position\":1,\"name\":\"Home\",\"item\":\"https:\\\/\\\/oplitegames.com\\\/de\\\/\"},{\"@type\":\"ListItem\",\"position\":2,\"name\":\"Gesch\u00e4ft\",\"item\":\"https:\\\/\\\/oplitegames.com\\\/de\\\/geschaeft\\\/\"},{\"@type\":\"ListItem\",\"position\":3,\"name\":\"Ultimate GT Floor Mat &#8211; Green\"}]},{\"@type\":\"WebSite\",\"@id\":\"https:\\\/\\\/oplitegames.com\\\/#website\",\"url\":\"https:\\\/\\\/oplitegames.com\\\/\",\"name\":\"OPLITE\",\"description\":\"\",\"publisher\":{\"@id\":\"https:\\\/\\\/oplitegames.com\\\/#organization\"},\"potentialAction\":[{\"@type\":\"SearchAction\",\"target\":{\"@type\":\"EntryPoint\",\"urlTemplate\":\"https:\\\/\\\/oplitegames.com\\\/?s={search_term_string}\"},\"query-input\":{\"@type\":\"PropertyValueSpecification\",\"valueRequired\":true,\"valueName\":\"search_term_string\"}}],\"inLanguage\":\"de-DE\"},{\"@type\":\"Organization\",\"@id\":\"https:\\\/\\\/oplitegames.com\\\/#organization\",\"name\":\"OPLITE\",\"url\":\"https:\\\/\\\/oplitegames.com\\\/\",\"logo\":{\"@type\":\"ImageObject\",\"inLanguage\":\"de-DE\",\"@id\":\"https:\\\/\\\/oplitegames.com\\\/#\\\/schema\\\/logo\\\/image\\\/\",\"url\":\"https:\\\/\\\/oplitegames-preprod.ezratis.fr\\\/wp-content\\\/uploads\\\/cropped-cropped-Oplite-Blanc-casse-002-scaled-1.png\",\"contentUrl\":\"https:\\\/\\\/oplitegames-preprod.ezratis.fr\\\/wp-content\\\/uploads\\\/cropped-cropped-Oplite-Blanc-casse-002-scaled-1.png\",\"width\":2509,\"height\":597,\"caption\":\"OPLITE\"},\"image\":{\"@id\":\"https:\\\/\\\/oplitegames.com\\\/#\\\/schema\\\/logo\\\/image\\\/\"}}]}<\/script>\n<meta property=\"product:price:amount\" content=\"49.90\" \/>\n<meta property=\"product:price:currency\" content=\"EUR\" \/>\n<meta property=\"og:availability\" content=\"out of stock\" \/>\n<meta property=\"product:availability\" content=\"out of stock\" \/>\n<meta property=\"product:retailer_item_id\" content=\"96461\" \/>\n<meta property=\"product:condition\" content=\"new\" \/>\n<!-- \/ Yoast SEO plugin. -->","yoast_head_json":{"title":"Ultimate GT Floor Mat - Green - OPLITE","robots":{"index":"index","follow":"follow","max-snippet":"max-snippet:-1","max-image-preview":"max-image-preview:large","max-video-preview":"max-video-preview:-1"},"canonical":"https:\/\/oplitegames.com\/de\/produkt\/ultimate-gt-floor-mat-green\/","og_locale":"de_DE","og_type":"article","og_title":"Ultimate GT Floor Mat - Green - OPLITE","og_description":"Die Ultimate GT Floor Mat wurde f\u00fcr alle Simulatoren der OPLITE-Reihe sowie f\u00fcr die meisten anderen auf dem Markt erh\u00e4ltlichen Simulatoren entwickelt.Das sorgf\u00e4ltig durchdachte Design erinnert an die Atmosph\u00e4re im Fahrerlager und verleiht Ihrem Setup eine neue Dimension dank einer Reihe von schlichten und abwechslungsreichen Farben (Schwarz &amp; Gr\u00fcn, Schwarz &amp; Gelb, Schwarz &amp; Blau und Schwarz &amp; Rot).Oberseite: Polyester, um langlebige, leuchtende Farben zu bieten und gleichzeitig eine einfache Pflege zu gew\u00e4hrleisten.Unterseite: aus TPR\/TPE mit einer innovativen Mikro-Dreiecksstruktur, die einen optimalen Schutz Ihrer B\u00f6den gew\u00e4hrleistet und so die \u00dcbertragung von Vibrationen verringert.Die schwarzen, strapazierf\u00e4higen Seitenn\u00e4hte sorgen f\u00fcr ein PREMIUM-Finish.","og_url":"https:\/\/oplitegames.com\/de\/produkt\/ultimate-gt-floor-mat-green\/","og_site_name":"OPLITE","article_modified_time":"2025-10-08T12:27:00+00:00","og_image":[{"width":1000,"height":1000,"url":"https:\/\/oplitegames.com\/wp-content\/uploads\/OP-FM-G_1.png","type":"image\/png"}],"twitter_card":"summary_large_image","twitter_misc":{"Price":"49,90&nbsp;&euro;","Availability":"Out of stock"},"schema":{"@context":"https:\/\/schema.org","@graph":[{"@type":["WebPage","ItemPage"],"@id":"https:\/\/oplitegames.com\/de\/produkt\/ultimate-gt-floor-mat-green\/","url":"https:\/\/oplitegames.com\/de\/produkt\/ultimate-gt-floor-mat-green\/","name":"Ultimate GT Floor Mat - Green - OPLITE","isPartOf":{"@id":"https:\/\/oplitegames.com\/#website"},"primaryImageOfPage":{"@id":"https:\/\/oplitegames.com\/de\/produkt\/ultimate-gt-floor-mat-green\/#primaryimage"},"image":{"@id":"https:\/\/oplitegames.com\/de\/produkt\/ultimate-gt-floor-mat-green\/#primaryimage"},"thumbnailUrl":"https:\/\/oplitegames-preprod.ezratis.fr\/wp-content\/uploads\/OP-FM-G_1.png","datePublished":"2023-05-25T15:11:42+00:00","dateModified":"2025-10-08T12:27:00+00:00","breadcrumb":{"@id":"https:\/\/oplitegames.com\/de\/produkt\/ultimate-gt-floor-mat-green\/#breadcrumb"},"inLanguage":"de-DE","potentialAction":[{"@type":"ReadAction","target":["https:\/\/oplitegames.com\/de\/produkt\/ultimate-gt-floor-mat-green\/"]}]},{"@type":"ImageObject","inLanguage":"de-DE","@id":"https:\/\/oplitegames.com\/de\/produkt\/ultimate-gt-floor-mat-green\/#primaryimage","url":"https:\/\/oplitegames-preprod.ezratis.fr\/wp-content\/uploads\/OP-FM-G_1.png","contentUrl":"https:\/\/oplitegames-preprod.ezratis.fr\/wp-content\/uploads\/OP-FM-G_1.png","width":1000,"height":1000},{"@type":"BreadcrumbList","@id":"https:\/\/oplitegames.com\/de\/produkt\/ultimate-gt-floor-mat-green\/#breadcrumb","itemListElement":[{"@type":"ListItem","position":1,"name":"Home","item":"https:\/\/oplitegames.com\/de\/"},{"@type":"ListItem","position":2,"name":"Gesch\u00e4ft","item":"https:\/\/oplitegames.com\/de\/geschaeft\/"},{"@type":"ListItem","position":3,"name":"Ultimate GT Floor Mat &#8211; Green"}]},{"@type":"WebSite","@id":"https:\/\/oplitegames.com\/#website","url":"https:\/\/oplitegames.com\/","name":"OPLITE","description":"","publisher":{"@id":"https:\/\/oplitegames.com\/#organization"},"potentialAction":[{"@type":"SearchAction","target":{"@type":"EntryPoint","urlTemplate":"https:\/\/oplitegames.com\/?s={search_term_string}"},"query-input":{"@type":"PropertyValueSpecification","valueRequired":true,"valueName":"search_term_string"}}],"inLanguage":"de-DE"},{"@type":"Organization","@id":"https:\/\/oplitegames.com\/#organization","name":"OPLITE","url":"https:\/\/oplitegames.com\/","logo":{"@type":"ImageObject","inLanguage":"de-DE","@id":"https:\/\/oplitegames.com\/#\/schema\/logo\/image\/","url":"https:\/\/oplitegames-preprod.ezratis.fr\/wp-content\/uploads\/cropped-cropped-Oplite-Blanc-casse-002-scaled-1.png","contentUrl":"https:\/\/oplitegames-preprod.ezratis.fr\/wp-content\/uploads\/cropped-cropped-Oplite-Blanc-casse-002-scaled-1.png","width":2509,"height":597,"caption":"OPLITE"},"image":{"@id":"https:\/\/oplitegames.com\/#\/schema\/logo\/image\/"}}]},"product_price_amount":"49.90","product_price_currency":"EUR","og_availability":"out of stock","product_availability":"out of stock","product_retailer_item_id":"96461","product_condition":"new"},"_links":{"self":[{"href":"https:\/\/oplitegames-preprod.ezratis.fr\/de\/wp-json\/wp\/v2\/product\/29976","targetHints":{"allow":["GET"]}}],"collection":[{"href":"https:\/\/oplitegames-preprod.ezratis.fr\/de\/wp-json\/wp\/v2\/product"}],"about":[{"href":"https:\/\/oplitegames-preprod.ezratis.fr\/de\/wp-json\/wp\/v2\/types\/product"}],"version-history":[{"count":1,"href":"https:\/\/oplitegames-preprod.ezratis.fr\/de\/wp-json\/wp\/v2\/product\/29976\/revisions"}],"predecessor-version":[{"id":37970,"href":"https:\/\/oplitegames-preprod.ezratis.fr\/de\/wp-json\/wp\/v2\/product\/29976\/revisions\/37970"}],"wp:featuredmedia":[{"embeddable":true,"href":"https:\/\/oplitegames-preprod.ezratis.fr\/de\/wp-json\/wp\/v2\/media\/27830"}],"wp:attachment":[{"href":"https:\/\/oplitegames-preprod.ezratis.fr\/de\/wp-json\/wp\/v2\/media?parent=29976"}],"wp:term":[{"taxonomy":"product_brand","embeddable":true,"href":"https:\/\/oplitegames-preprod.ezratis.fr\/de\/wp-json\/wp\/v2\/product_brand?post=29976"},{"taxonomy":"product_cat","embeddable":true,"href":"https:\/\/oplitegames-preprod.ezratis.fr\/de\/wp-json\/wp\/v2\/product_cat?post=29976"},{"taxonomy":"product_tag","embeddable":true,"href":"https:\/\/oplitegames-preprod.ezratis.fr\/de\/wp-json\/wp\/v2\/product_tag?post=29976"}],"curies":[{"name":"wp","href":"https:\/\/api.w.org\/{rel}","templated":true}]}}