{"id":29981,"date":"2023-05-25T17:11:39","date_gmt":"2023-05-25T15:11:39","guid":{"rendered":"https:\/\/oplitegames.com\/product\/simracing-gloves-l\/"},"modified":"2025-12-14T23:46:44","modified_gmt":"2025-12-14T22:46:44","slug":"simracing-gloves-l","status":"publish","type":"product","link":"https:\/\/oplitegames-preprod.ezratis.fr\/de\/produkt\/simracing-gloves-l\/","title":{"rendered":"Simracing Gloves L"},"content":{"rendered":"<p>Gr\u00f6\u00dfe:<\/p>\n<p>L: 23,5cm x 10.5cm<br \/>\nZusammensetzung:<\/p>\n<p>Material: 40% Kunstleder, 30% Polyester, 10% Spandex, 10% Frottee, 10% Silikon<\/p>\n","protected":false},"excerpt":{"rendered":"<p>Die &#8220;Simracing gloves&#8221; wurden entwickelt, um ein Fahrgef\u00fchl zu vermitteln, das in der Welt des Simracing bisher nur selten erreicht wurde.<br \/>\nDie Premium-Auswahl aller Materialien garantiert atmungsaktive, eng anliegende, verstellbare (mit Klettverschluss) und verschlei\u00dffeste Handschuhe f\u00fcr lange Fahrsessions.<br \/>\nDurch die Verwendung einer speziellen rutschfesten Beschichtung auf den Handinnenfl\u00e4chen ist ein au\u00dfergew\u00f6hnlich guter Griff des Lenkrads gew\u00e4hrleistet.<br \/>\nDurch das Hinzuf\u00fcgen von Wildleder am Zeigefinger k\u00f6nnen Sie Ihre mobilen oder elektronischen Ger\u00e4te ganz normal benutzen (ohne sie abnehmen zu m\u00fcssen).<br \/>\nSchlie\u00dflich tr\u00e4gt die regelm\u00e4\u00dfige Verwendung von OPLITE-Handschuhen dazu bei, die Lebensdauer von Lenkr\u00e4dern zu verl\u00e4ngern, insbesondere von Lenkr\u00e4dern aus Alcantara oder Kunstleder.<\/p>\n","protected":false},"featured_media":30108,"template":"","meta":{"_acf_changed":false,"footnotes":""},"product_brand":[],"product_cat":[762,692,748],"product_tag":[695],"class_list":{"0":"post-29981","1":"product","2":"type-product","3":"status-publish","4":"has-post-thumbnail","6":"product_cat-cockpit-gtr-s8-infinity-de","7":"product_cat-simulatoren","8":"product_cat-simulatorzubehoer","9":"product_tag-oplite-gaming-de","10":"pa_colisage-pcb-100-de","12":"first","13":"outofstock","14":"taxable","15":"shipping-taxable","16":"purchasable","17":"product-type-simple"},"bundled_by":[],"bundle_stock_status":"outofstock","bundle_stock_quantity":0,"bundle_virtual":false,"bundle_layout":"","bundle_add_to_cart_form_location":"","bundle_editable_in_cart":false,"bundle_sold_individually_context":"","bundle_item_grouping":"","bundle_min_size":"","bundle_max_size":"","bundle_price":[],"bundled_items":[],"bundle_sell_ids":[],"acf":[],"yoast_head":"<!-- This site is optimized with the Yoast SEO plugin v27.3 - https:\/\/yoast.com\/product\/yoast-seo-wordpress\/ -->\n<title>Simracing Gloves L - OPLITE<\/title>\n<meta name=\"robots\" content=\"index, follow, max-snippet:-1, max-image-preview:large, max-video-preview:-1\" \/>\n<link rel=\"canonical\" href=\"https:\/\/oplitegames.com\/de\/produkt\/simracing-gloves-l\/\" \/>\n<meta property=\"og:locale\" content=\"de_DE\" \/>\n<meta property=\"og:type\" content=\"article\" \/>\n<meta property=\"og:title\" content=\"Simracing Gloves L - OPLITE\" \/>\n<meta property=\"og:description\" content=\"Die &quot;Simracing gloves&quot; wurden entwickelt, um ein Fahrgef\u00fchl zu vermitteln, das in der Welt des Simracing bisher nur selten erreicht wurde. Die Premium-Auswahl aller Materialien garantiert atmungsaktive, eng anliegende, verstellbare (mit Klettverschluss) und verschlei\u00dffeste Handschuhe f\u00fcr lange Fahrsessions. Durch die Verwendung einer speziellen rutschfesten Beschichtung auf den Handinnenfl\u00e4chen ist ein au\u00dfergew\u00f6hnlich guter Griff des Lenkrads gew\u00e4hrleistet. Durch das Hinzuf\u00fcgen von Wildleder am Zeigefinger k\u00f6nnen Sie Ihre mobilen oder elektronischen Ger\u00e4te ganz normal benutzen (ohne sie abnehmen zu m\u00fcssen). Schlie\u00dflich tr\u00e4gt die regelm\u00e4\u00dfige Verwendung von OPLITE-Handschuhen dazu bei, die Lebensdauer von Lenkr\u00e4dern zu verl\u00e4ngern, insbesondere von Lenkr\u00e4dern aus Alcantara oder Kunstleder.\" \/>\n<meta property=\"og:url\" content=\"https:\/\/oplitegames.com\/de\/produkt\/simracing-gloves-l\/\" \/>\n<meta property=\"og:site_name\" content=\"OPLITE\" \/>\n<meta property=\"article:modified_time\" content=\"2025-12-14T22:46:44+00:00\" \/>\n<meta property=\"og:image\" content=\"https:\/\/oplitegames.com\/wp-content\/uploads\/OP-GLOVE-L_1-1.png\" \/>\n\t<meta property=\"og:image:width\" content=\"1000\" \/>\n\t<meta property=\"og:image:height\" content=\"1000\" \/>\n\t<meta property=\"og:image:type\" content=\"image\/png\" \/>\n<meta name=\"twitter:card\" content=\"summary_large_image\" \/>\n<meta name=\"twitter:label1\" content=\"Price\" \/>\n\t<meta name=\"twitter:data1\" content=\"22,90&nbsp;&euro;\" \/>\n\t<meta name=\"twitter:label2\" content=\"Availability\" \/>\n\t<meta name=\"twitter:data2\" content=\"Out of stock\" \/>\n<script type=\"application\/ld+json\" class=\"yoast-schema-graph\">{\"@context\":\"https:\\\/\\\/schema.org\",\"@graph\":[{\"@type\":[\"WebPage\",\"ItemPage\"],\"@id\":\"https:\\\/\\\/oplitegames.com\\\/de\\\/produkt\\\/simracing-gloves-l\\\/\",\"url\":\"https:\\\/\\\/oplitegames.com\\\/de\\\/produkt\\\/simracing-gloves-l\\\/\",\"name\":\"Simracing Gloves L - OPLITE\",\"isPartOf\":{\"@id\":\"https:\\\/\\\/oplitegames.com\\\/#website\"},\"primaryImageOfPage\":{\"@id\":\"https:\\\/\\\/oplitegames.com\\\/de\\\/produkt\\\/simracing-gloves-l\\\/#primaryimage\"},\"image\":{\"@id\":\"https:\\\/\\\/oplitegames.com\\\/de\\\/produkt\\\/simracing-gloves-l\\\/#primaryimage\"},\"thumbnailUrl\":\"https:\\\/\\\/oplitegames-preprod.ezratis.fr\\\/wp-content\\\/uploads\\\/OP-GLOVE-L_1-1.png\",\"datePublished\":\"2023-05-25T15:11:39+00:00\",\"dateModified\":\"2025-12-14T22:46:44+00:00\",\"breadcrumb\":{\"@id\":\"https:\\\/\\\/oplitegames.com\\\/de\\\/produkt\\\/simracing-gloves-l\\\/#breadcrumb\"},\"inLanguage\":\"de-DE\",\"potentialAction\":[{\"@type\":\"ReadAction\",\"target\":[\"https:\\\/\\\/oplitegames.com\\\/de\\\/produkt\\\/simracing-gloves-l\\\/\"]}]},{\"@type\":\"ImageObject\",\"inLanguage\":\"de-DE\",\"@id\":\"https:\\\/\\\/oplitegames.com\\\/de\\\/produkt\\\/simracing-gloves-l\\\/#primaryimage\",\"url\":\"https:\\\/\\\/oplitegames-preprod.ezratis.fr\\\/wp-content\\\/uploads\\\/OP-GLOVE-L_1-1.png\",\"contentUrl\":\"https:\\\/\\\/oplitegames-preprod.ezratis.fr\\\/wp-content\\\/uploads\\\/OP-GLOVE-L_1-1.png\",\"width\":1000,\"height\":1000},{\"@type\":\"BreadcrumbList\",\"@id\":\"https:\\\/\\\/oplitegames.com\\\/de\\\/produkt\\\/simracing-gloves-l\\\/#breadcrumb\",\"itemListElement\":[{\"@type\":\"ListItem\",\"position\":1,\"name\":\"Home\",\"item\":\"https:\\\/\\\/oplitegames.com\\\/de\\\/\"},{\"@type\":\"ListItem\",\"position\":2,\"name\":\"Gesch\u00e4ft\",\"item\":\"https:\\\/\\\/oplitegames.com\\\/de\\\/geschaeft\\\/\"},{\"@type\":\"ListItem\",\"position\":3,\"name\":\"Simracing Gloves L\"}]},{\"@type\":\"WebSite\",\"@id\":\"https:\\\/\\\/oplitegames.com\\\/#website\",\"url\":\"https:\\\/\\\/oplitegames.com\\\/\",\"name\":\"OPLITE\",\"description\":\"\",\"publisher\":{\"@id\":\"https:\\\/\\\/oplitegames.com\\\/#organization\"},\"potentialAction\":[{\"@type\":\"SearchAction\",\"target\":{\"@type\":\"EntryPoint\",\"urlTemplate\":\"https:\\\/\\\/oplitegames.com\\\/?s={search_term_string}\"},\"query-input\":{\"@type\":\"PropertyValueSpecification\",\"valueRequired\":true,\"valueName\":\"search_term_string\"}}],\"inLanguage\":\"de-DE\"},{\"@type\":\"Organization\",\"@id\":\"https:\\\/\\\/oplitegames.com\\\/#organization\",\"name\":\"OPLITE\",\"url\":\"https:\\\/\\\/oplitegames.com\\\/\",\"logo\":{\"@type\":\"ImageObject\",\"inLanguage\":\"de-DE\",\"@id\":\"https:\\\/\\\/oplitegames.com\\\/#\\\/schema\\\/logo\\\/image\\\/\",\"url\":\"https:\\\/\\\/oplitegames-preprod.ezratis.fr\\\/wp-content\\\/uploads\\\/cropped-cropped-Oplite-Blanc-casse-002-scaled-1.png\",\"contentUrl\":\"https:\\\/\\\/oplitegames-preprod.ezratis.fr\\\/wp-content\\\/uploads\\\/cropped-cropped-Oplite-Blanc-casse-002-scaled-1.png\",\"width\":2509,\"height\":597,\"caption\":\"OPLITE\"},\"image\":{\"@id\":\"https:\\\/\\\/oplitegames.com\\\/#\\\/schema\\\/logo\\\/image\\\/\"}}]}<\/script>\n<meta property=\"product:price:amount\" content=\"22.90\" \/>\n<meta property=\"product:price:currency\" content=\"EUR\" \/>\n<meta property=\"og:availability\" content=\"out of stock\" \/>\n<meta property=\"product:availability\" content=\"out of stock\" \/>\n<meta property=\"product:retailer_item_id\" content=\"96460\" \/>\n<meta property=\"product:condition\" content=\"new\" \/>\n<!-- \/ Yoast SEO plugin. -->","yoast_head_json":{"title":"Simracing Gloves L - OPLITE","robots":{"index":"index","follow":"follow","max-snippet":"max-snippet:-1","max-image-preview":"max-image-preview:large","max-video-preview":"max-video-preview:-1"},"canonical":"https:\/\/oplitegames.com\/de\/produkt\/simracing-gloves-l\/","og_locale":"de_DE","og_type":"article","og_title":"Simracing Gloves L - OPLITE","og_description":"Die \"Simracing gloves\" wurden entwickelt, um ein Fahrgef\u00fchl zu vermitteln, das in der Welt des Simracing bisher nur selten erreicht wurde. Die Premium-Auswahl aller Materialien garantiert atmungsaktive, eng anliegende, verstellbare (mit Klettverschluss) und verschlei\u00dffeste Handschuhe f\u00fcr lange Fahrsessions. Durch die Verwendung einer speziellen rutschfesten Beschichtung auf den Handinnenfl\u00e4chen ist ein au\u00dfergew\u00f6hnlich guter Griff des Lenkrads gew\u00e4hrleistet. Durch das Hinzuf\u00fcgen von Wildleder am Zeigefinger k\u00f6nnen Sie Ihre mobilen oder elektronischen Ger\u00e4te ganz normal benutzen (ohne sie abnehmen zu m\u00fcssen). Schlie\u00dflich tr\u00e4gt die regelm\u00e4\u00dfige Verwendung von OPLITE-Handschuhen dazu bei, die Lebensdauer von Lenkr\u00e4dern zu verl\u00e4ngern, insbesondere von Lenkr\u00e4dern aus Alcantara oder Kunstleder.","og_url":"https:\/\/oplitegames.com\/de\/produkt\/simracing-gloves-l\/","og_site_name":"OPLITE","article_modified_time":"2025-12-14T22:46:44+00:00","og_image":[{"width":1000,"height":1000,"url":"https:\/\/oplitegames.com\/wp-content\/uploads\/OP-GLOVE-L_1-1.png","type":"image\/png"}],"twitter_card":"summary_large_image","twitter_misc":{"Price":"22,90&nbsp;&euro;","Availability":"Out of stock"},"schema":{"@context":"https:\/\/schema.org","@graph":[{"@type":["WebPage","ItemPage"],"@id":"https:\/\/oplitegames.com\/de\/produkt\/simracing-gloves-l\/","url":"https:\/\/oplitegames.com\/de\/produkt\/simracing-gloves-l\/","name":"Simracing Gloves L - OPLITE","isPartOf":{"@id":"https:\/\/oplitegames.com\/#website"},"primaryImageOfPage":{"@id":"https:\/\/oplitegames.com\/de\/produkt\/simracing-gloves-l\/#primaryimage"},"image":{"@id":"https:\/\/oplitegames.com\/de\/produkt\/simracing-gloves-l\/#primaryimage"},"thumbnailUrl":"https:\/\/oplitegames-preprod.ezratis.fr\/wp-content\/uploads\/OP-GLOVE-L_1-1.png","datePublished":"2023-05-25T15:11:39+00:00","dateModified":"2025-12-14T22:46:44+00:00","breadcrumb":{"@id":"https:\/\/oplitegames.com\/de\/produkt\/simracing-gloves-l\/#breadcrumb"},"inLanguage":"de-DE","potentialAction":[{"@type":"ReadAction","target":["https:\/\/oplitegames.com\/de\/produkt\/simracing-gloves-l\/"]}]},{"@type":"ImageObject","inLanguage":"de-DE","@id":"https:\/\/oplitegames.com\/de\/produkt\/simracing-gloves-l\/#primaryimage","url":"https:\/\/oplitegames-preprod.ezratis.fr\/wp-content\/uploads\/OP-GLOVE-L_1-1.png","contentUrl":"https:\/\/oplitegames-preprod.ezratis.fr\/wp-content\/uploads\/OP-GLOVE-L_1-1.png","width":1000,"height":1000},{"@type":"BreadcrumbList","@id":"https:\/\/oplitegames.com\/de\/produkt\/simracing-gloves-l\/#breadcrumb","itemListElement":[{"@type":"ListItem","position":1,"name":"Home","item":"https:\/\/oplitegames.com\/de\/"},{"@type":"ListItem","position":2,"name":"Gesch\u00e4ft","item":"https:\/\/oplitegames.com\/de\/geschaeft\/"},{"@type":"ListItem","position":3,"name":"Simracing Gloves L"}]},{"@type":"WebSite","@id":"https:\/\/oplitegames.com\/#website","url":"https:\/\/oplitegames.com\/","name":"OPLITE","description":"","publisher":{"@id":"https:\/\/oplitegames.com\/#organization"},"potentialAction":[{"@type":"SearchAction","target":{"@type":"EntryPoint","urlTemplate":"https:\/\/oplitegames.com\/?s={search_term_string}"},"query-input":{"@type":"PropertyValueSpecification","valueRequired":true,"valueName":"search_term_string"}}],"inLanguage":"de-DE"},{"@type":"Organization","@id":"https:\/\/oplitegames.com\/#organization","name":"OPLITE","url":"https:\/\/oplitegames.com\/","logo":{"@type":"ImageObject","inLanguage":"de-DE","@id":"https:\/\/oplitegames.com\/#\/schema\/logo\/image\/","url":"https:\/\/oplitegames-preprod.ezratis.fr\/wp-content\/uploads\/cropped-cropped-Oplite-Blanc-casse-002-scaled-1.png","contentUrl":"https:\/\/oplitegames-preprod.ezratis.fr\/wp-content\/uploads\/cropped-cropped-Oplite-Blanc-casse-002-scaled-1.png","width":2509,"height":597,"caption":"OPLITE"},"image":{"@id":"https:\/\/oplitegames.com\/#\/schema\/logo\/image\/"}}]},"product_price_amount":"22.90","product_price_currency":"EUR","og_availability":"out of stock","product_availability":"out of stock","product_retailer_item_id":"96460","product_condition":"new"},"_links":{"self":[{"href":"https:\/\/oplitegames-preprod.ezratis.fr\/de\/wp-json\/wp\/v2\/product\/29981","targetHints":{"allow":["GET"]}}],"collection":[{"href":"https:\/\/oplitegames-preprod.ezratis.fr\/de\/wp-json\/wp\/v2\/product"}],"about":[{"href":"https:\/\/oplitegames-preprod.ezratis.fr\/de\/wp-json\/wp\/v2\/types\/product"}],"version-history":[{"count":1,"href":"https:\/\/oplitegames-preprod.ezratis.fr\/de\/wp-json\/wp\/v2\/product\/29981\/revisions"}],"predecessor-version":[{"id":38023,"href":"https:\/\/oplitegames-preprod.ezratis.fr\/de\/wp-json\/wp\/v2\/product\/29981\/revisions\/38023"}],"wp:featuredmedia":[{"embeddable":true,"href":"https:\/\/oplitegames-preprod.ezratis.fr\/de\/wp-json\/wp\/v2\/media\/30108"}],"wp:attachment":[{"href":"https:\/\/oplitegames-preprod.ezratis.fr\/de\/wp-json\/wp\/v2\/media?parent=29981"}],"wp:term":[{"taxonomy":"product_brand","embeddable":true,"href":"https:\/\/oplitegames-preprod.ezratis.fr\/de\/wp-json\/wp\/v2\/product_brand?post=29981"},{"taxonomy":"product_cat","embeddable":true,"href":"https:\/\/oplitegames-preprod.ezratis.fr\/de\/wp-json\/wp\/v2\/product_cat?post=29981"},{"taxonomy":"product_tag","embeddable":true,"href":"https:\/\/oplitegames-preprod.ezratis.fr\/de\/wp-json\/wp\/v2\/product_tag?post=29981"}],"curies":[{"name":"wp","href":"https:\/\/api.w.org\/{rel}","templated":true}]}}