{"id":29996,"date":"2023-05-25T17:11:36","date_gmt":"2023-05-25T15:11:36","guid":{"rendered":"https:\/\/oplitegames.com\/product\/premium-storage-kit-ps5-pc\/"},"modified":"2026-01-20T10:43:48","modified_gmt":"2026-01-20T09:43:48","slug":"premium-storage-kit-ps5-pc","status":"publish","type":"product","link":"https:\/\/oplitegames-preprod.ezratis.fr\/de\/produkt\/premium-storage-kit-ps5-pc\/","title":{"rendered":"Premium storage kit PS5\/PC"},"content":{"rendered":"<p>Kompatibilit\u00e4t der Produkte :<\/p>\n<p>Alle Schreibtische der Marke OPLITE ;<\/p>\n<p>Alle Schreibtische anderer Hersteller.<\/p>\n","protected":false},"excerpt":{"rendered":"<p>Die &#8220;Premium Storage Kits&#8221; sind die erste Aufbewahrungsl\u00f6sung f\u00fcr Videospielzubeh\u00f6r und -peripherieger\u00e4te von OPLITE.<br \/>\nDas Premium Storage Kits besteht aus einer perforierten Stahlplatte, die mit einer satinierten Lackierung versehen ist. Die anderen Elemente sind aus Kunststoff, durchgef\u00e4rbt und k\u00f6nnen \u00fcberall positioniert werden.<br \/>\nDieses f\u00fcr Videospieler konzipierte Element passt perfekt auf die meisten Schreibtische und Regale, kann aber auch in einer Garage, einer Waschk\u00fcche usw. seinen Platz (und seinen Nutzen) finden.<br \/>\nDie optimale Gr\u00f6\u00dfe von 420 mm x 477 mm sorgt f\u00fcr mehr Platz auf Ihrem Schreibtisch oder in Ihren Regalen. Diese Lochplatte ist eine ideale L\u00f6sung f\u00fcr die Aufbewahrung von Zubeh\u00f6r und Peripherieger\u00e4ten.<br \/>\nDas Regalsystem l\u00e4sst sich mithilfe von zwei R\u00e4ndelr\u00e4dern ganz einfach auf einem Schreibtisch oder Regal montieren (ohne zu bohren). Das Set ist modular aufgebaut, sodass Sie die Zubeh\u00f6rhalterungen an jeden beliebigen Ort verschieben k\u00f6nnen.<br \/>\nGewicht: bis zu 5 kg, Lieferumfang: 1 Kopfh\u00f6rerhalter, 1 Becherhalter, 2 Controllerhalter, 2 Haken.<\/p>\n","protected":false},"featured_media":30396,"template":"","meta":{"_acf_changed":false,"footnotes":""},"product_brand":[],"product_cat":[715,721],"product_tag":[695],"class_list":{"0":"post-29996","1":"product","2":"type-product","3":"status-publish","4":"has-post-thumbnail","6":"product_cat-buros-streaming","7":"product_cat-schreibtischzubehor","8":"product_tag-oplite-gaming-de","9":"pa_colisage-pcb-4-de","11":"first","12":"instock","13":"taxable","14":"shipping-taxable","15":"purchasable","16":"product-type-simple"},"bundled_by":[],"bundle_stock_status":"instock","bundle_stock_quantity":133,"bundle_virtual":false,"bundle_layout":"","bundle_add_to_cart_form_location":"","bundle_editable_in_cart":false,"bundle_sold_individually_context":"","bundle_item_grouping":"","bundle_min_size":"","bundle_max_size":"","bundle_price":[],"bundled_items":[],"bundle_sell_ids":[],"acf":[],"yoast_head":"<!-- This site is optimized with the Yoast SEO plugin v27.3 - https:\/\/yoast.com\/product\/yoast-seo-wordpress\/ -->\n<title>Premium storage kit PS5\/PC - OPLITE<\/title>\n<meta name=\"robots\" content=\"index, follow, max-snippet:-1, max-image-preview:large, max-video-preview:-1\" \/>\n<link rel=\"canonical\" href=\"https:\/\/oplitegames.com\/de\/produkt\/premium-storage-kit-ps5-pc\/\" \/>\n<meta property=\"og:locale\" content=\"de_DE\" \/>\n<meta property=\"og:type\" content=\"article\" \/>\n<meta property=\"og:title\" content=\"Premium storage kit PS5\/PC - OPLITE\" \/>\n<meta property=\"og:description\" content=\"Die &quot;Premium Storage Kits&quot; sind die erste Aufbewahrungsl\u00f6sung f\u00fcr Videospielzubeh\u00f6r und -peripherieger\u00e4te von OPLITE. Das Premium Storage Kits besteht aus einer perforierten Stahlplatte, die mit einer satinierten Lackierung versehen ist. Die anderen Elemente sind aus Kunststoff, durchgef\u00e4rbt und k\u00f6nnen \u00fcberall positioniert werden. Dieses f\u00fcr Videospieler konzipierte Element passt perfekt auf die meisten Schreibtische und Regale, kann aber auch in einer Garage, einer Waschk\u00fcche usw. seinen Platz (und seinen Nutzen) finden. Die optimale Gr\u00f6\u00dfe von 420 mm x 477 mm sorgt f\u00fcr mehr Platz auf Ihrem Schreibtisch oder in Ihren Regalen. Diese Lochplatte ist eine ideale L\u00f6sung f\u00fcr die Aufbewahrung von Zubeh\u00f6r und Peripherieger\u00e4ten. Das Regalsystem l\u00e4sst sich mithilfe von zwei R\u00e4ndelr\u00e4dern ganz einfach auf einem Schreibtisch oder Regal montieren (ohne zu bohren). Das Set ist modular aufgebaut, sodass Sie die Zubeh\u00f6rhalterungen an jeden beliebigen Ort verschieben k\u00f6nnen. Gewicht: bis zu 5 kg, Lieferumfang: 1 Kopfh\u00f6rerhalter, 1 Becherhalter, 2 Controllerhalter, 2 Haken.\" \/>\n<meta property=\"og:url\" content=\"https:\/\/oplitegames.com\/de\/produkt\/premium-storage-kit-ps5-pc\/\" \/>\n<meta property=\"og:site_name\" content=\"OPLITE\" \/>\n<meta property=\"article:modified_time\" content=\"2026-01-20T09:43:48+00:00\" \/>\n<meta property=\"og:image\" content=\"https:\/\/oplitegames.com\/wp-content\/uploads\/OP-BM04-W_1-2.png\" \/>\n\t<meta property=\"og:image:width\" content=\"1000\" \/>\n\t<meta property=\"og:image:height\" content=\"1000\" \/>\n\t<meta property=\"og:image:type\" content=\"image\/png\" \/>\n<meta name=\"twitter:card\" content=\"summary_large_image\" \/>\n<meta name=\"twitter:label1\" content=\"Price\" \/>\n\t<meta name=\"twitter:data1\" content=\"29,90&nbsp;&euro;\" \/>\n\t<meta name=\"twitter:label2\" content=\"Availability\" \/>\n\t<meta name=\"twitter:data2\" content=\"In stock\" \/>\n<script type=\"application\/ld+json\" class=\"yoast-schema-graph\">{\"@context\":\"https:\\\/\\\/schema.org\",\"@graph\":[{\"@type\":[\"WebPage\",\"ItemPage\"],\"@id\":\"https:\\\/\\\/oplitegames.com\\\/de\\\/produkt\\\/premium-storage-kit-ps5-pc\\\/\",\"url\":\"https:\\\/\\\/oplitegames.com\\\/de\\\/produkt\\\/premium-storage-kit-ps5-pc\\\/\",\"name\":\"Premium storage kit PS5\\\/PC - OPLITE\",\"isPartOf\":{\"@id\":\"https:\\\/\\\/oplitegames.com\\\/#website\"},\"primaryImageOfPage\":{\"@id\":\"https:\\\/\\\/oplitegames.com\\\/de\\\/produkt\\\/premium-storage-kit-ps5-pc\\\/#primaryimage\"},\"image\":{\"@id\":\"https:\\\/\\\/oplitegames.com\\\/de\\\/produkt\\\/premium-storage-kit-ps5-pc\\\/#primaryimage\"},\"thumbnailUrl\":\"https:\\\/\\\/oplitegames-preprod.ezratis.fr\\\/wp-content\\\/uploads\\\/OP-BM04-W_1-2.png\",\"datePublished\":\"2023-05-25T15:11:36+00:00\",\"dateModified\":\"2026-01-20T09:43:48+00:00\",\"breadcrumb\":{\"@id\":\"https:\\\/\\\/oplitegames.com\\\/de\\\/produkt\\\/premium-storage-kit-ps5-pc\\\/#breadcrumb\"},\"inLanguage\":\"de-DE\",\"potentialAction\":[{\"@type\":\"ReadAction\",\"target\":[\"https:\\\/\\\/oplitegames.com\\\/de\\\/produkt\\\/premium-storage-kit-ps5-pc\\\/\"]}]},{\"@type\":\"ImageObject\",\"inLanguage\":\"de-DE\",\"@id\":\"https:\\\/\\\/oplitegames.com\\\/de\\\/produkt\\\/premium-storage-kit-ps5-pc\\\/#primaryimage\",\"url\":\"https:\\\/\\\/oplitegames-preprod.ezratis.fr\\\/wp-content\\\/uploads\\\/OP-BM04-W_1-2.png\",\"contentUrl\":\"https:\\\/\\\/oplitegames-preprod.ezratis.fr\\\/wp-content\\\/uploads\\\/OP-BM04-W_1-2.png\",\"width\":1000,\"height\":1000},{\"@type\":\"BreadcrumbList\",\"@id\":\"https:\\\/\\\/oplitegames.com\\\/de\\\/produkt\\\/premium-storage-kit-ps5-pc\\\/#breadcrumb\",\"itemListElement\":[{\"@type\":\"ListItem\",\"position\":1,\"name\":\"Home\",\"item\":\"https:\\\/\\\/oplitegames.com\\\/de\\\/\"},{\"@type\":\"ListItem\",\"position\":2,\"name\":\"Gesch\u00e4ft\",\"item\":\"https:\\\/\\\/oplitegames.com\\\/de\\\/geschaeft\\\/\"},{\"@type\":\"ListItem\",\"position\":3,\"name\":\"Premium storage kit PS5\\\/PC\"}]},{\"@type\":\"WebSite\",\"@id\":\"https:\\\/\\\/oplitegames.com\\\/#website\",\"url\":\"https:\\\/\\\/oplitegames.com\\\/\",\"name\":\"OPLITE\",\"description\":\"\",\"publisher\":{\"@id\":\"https:\\\/\\\/oplitegames.com\\\/#organization\"},\"potentialAction\":[{\"@type\":\"SearchAction\",\"target\":{\"@type\":\"EntryPoint\",\"urlTemplate\":\"https:\\\/\\\/oplitegames.com\\\/?s={search_term_string}\"},\"query-input\":{\"@type\":\"PropertyValueSpecification\",\"valueRequired\":true,\"valueName\":\"search_term_string\"}}],\"inLanguage\":\"de-DE\"},{\"@type\":\"Organization\",\"@id\":\"https:\\\/\\\/oplitegames.com\\\/#organization\",\"name\":\"OPLITE\",\"url\":\"https:\\\/\\\/oplitegames.com\\\/\",\"logo\":{\"@type\":\"ImageObject\",\"inLanguage\":\"de-DE\",\"@id\":\"https:\\\/\\\/oplitegames.com\\\/#\\\/schema\\\/logo\\\/image\\\/\",\"url\":\"https:\\\/\\\/oplitegames-preprod.ezratis.fr\\\/wp-content\\\/uploads\\\/cropped-cropped-Oplite-Blanc-casse-002-scaled-1.png\",\"contentUrl\":\"https:\\\/\\\/oplitegames-preprod.ezratis.fr\\\/wp-content\\\/uploads\\\/cropped-cropped-Oplite-Blanc-casse-002-scaled-1.png\",\"width\":2509,\"height\":597,\"caption\":\"OPLITE\"},\"image\":{\"@id\":\"https:\\\/\\\/oplitegames.com\\\/#\\\/schema\\\/logo\\\/image\\\/\"}}]}<\/script>\n<meta property=\"product:price:amount\" content=\"29.90\" \/>\n<meta property=\"product:price:currency\" content=\"EUR\" \/>\n<meta property=\"og:availability\" content=\"instock\" \/>\n<meta property=\"product:availability\" content=\"instock\" \/>\n<meta property=\"product:retailer_item_id\" content=\"96457\" \/>\n<meta property=\"product:condition\" content=\"new\" \/>\n<!-- \/ Yoast SEO plugin. -->","yoast_head_json":{"title":"Premium storage kit PS5\/PC - OPLITE","robots":{"index":"index","follow":"follow","max-snippet":"max-snippet:-1","max-image-preview":"max-image-preview:large","max-video-preview":"max-video-preview:-1"},"canonical":"https:\/\/oplitegames.com\/de\/produkt\/premium-storage-kit-ps5-pc\/","og_locale":"de_DE","og_type":"article","og_title":"Premium storage kit PS5\/PC - OPLITE","og_description":"Die \"Premium Storage Kits\" sind die erste Aufbewahrungsl\u00f6sung f\u00fcr Videospielzubeh\u00f6r und -peripherieger\u00e4te von OPLITE. Das Premium Storage Kits besteht aus einer perforierten Stahlplatte, die mit einer satinierten Lackierung versehen ist. Die anderen Elemente sind aus Kunststoff, durchgef\u00e4rbt und k\u00f6nnen \u00fcberall positioniert werden. Dieses f\u00fcr Videospieler konzipierte Element passt perfekt auf die meisten Schreibtische und Regale, kann aber auch in einer Garage, einer Waschk\u00fcche usw. seinen Platz (und seinen Nutzen) finden. Die optimale Gr\u00f6\u00dfe von 420 mm x 477 mm sorgt f\u00fcr mehr Platz auf Ihrem Schreibtisch oder in Ihren Regalen. Diese Lochplatte ist eine ideale L\u00f6sung f\u00fcr die Aufbewahrung von Zubeh\u00f6r und Peripherieger\u00e4ten. Das Regalsystem l\u00e4sst sich mithilfe von zwei R\u00e4ndelr\u00e4dern ganz einfach auf einem Schreibtisch oder Regal montieren (ohne zu bohren). Das Set ist modular aufgebaut, sodass Sie die Zubeh\u00f6rhalterungen an jeden beliebigen Ort verschieben k\u00f6nnen. Gewicht: bis zu 5 kg, Lieferumfang: 1 Kopfh\u00f6rerhalter, 1 Becherhalter, 2 Controllerhalter, 2 Haken.","og_url":"https:\/\/oplitegames.com\/de\/produkt\/premium-storage-kit-ps5-pc\/","og_site_name":"OPLITE","article_modified_time":"2026-01-20T09:43:48+00:00","og_image":[{"width":1000,"height":1000,"url":"https:\/\/oplitegames.com\/wp-content\/uploads\/OP-BM04-W_1-2.png","type":"image\/png"}],"twitter_card":"summary_large_image","twitter_misc":{"Price":"29,90&nbsp;&euro;","Availability":"In stock"},"schema":{"@context":"https:\/\/schema.org","@graph":[{"@type":["WebPage","ItemPage"],"@id":"https:\/\/oplitegames.com\/de\/produkt\/premium-storage-kit-ps5-pc\/","url":"https:\/\/oplitegames.com\/de\/produkt\/premium-storage-kit-ps5-pc\/","name":"Premium storage kit PS5\/PC - OPLITE","isPartOf":{"@id":"https:\/\/oplitegames.com\/#website"},"primaryImageOfPage":{"@id":"https:\/\/oplitegames.com\/de\/produkt\/premium-storage-kit-ps5-pc\/#primaryimage"},"image":{"@id":"https:\/\/oplitegames.com\/de\/produkt\/premium-storage-kit-ps5-pc\/#primaryimage"},"thumbnailUrl":"https:\/\/oplitegames-preprod.ezratis.fr\/wp-content\/uploads\/OP-BM04-W_1-2.png","datePublished":"2023-05-25T15:11:36+00:00","dateModified":"2026-01-20T09:43:48+00:00","breadcrumb":{"@id":"https:\/\/oplitegames.com\/de\/produkt\/premium-storage-kit-ps5-pc\/#breadcrumb"},"inLanguage":"de-DE","potentialAction":[{"@type":"ReadAction","target":["https:\/\/oplitegames.com\/de\/produkt\/premium-storage-kit-ps5-pc\/"]}]},{"@type":"ImageObject","inLanguage":"de-DE","@id":"https:\/\/oplitegames.com\/de\/produkt\/premium-storage-kit-ps5-pc\/#primaryimage","url":"https:\/\/oplitegames-preprod.ezratis.fr\/wp-content\/uploads\/OP-BM04-W_1-2.png","contentUrl":"https:\/\/oplitegames-preprod.ezratis.fr\/wp-content\/uploads\/OP-BM04-W_1-2.png","width":1000,"height":1000},{"@type":"BreadcrumbList","@id":"https:\/\/oplitegames.com\/de\/produkt\/premium-storage-kit-ps5-pc\/#breadcrumb","itemListElement":[{"@type":"ListItem","position":1,"name":"Home","item":"https:\/\/oplitegames.com\/de\/"},{"@type":"ListItem","position":2,"name":"Gesch\u00e4ft","item":"https:\/\/oplitegames.com\/de\/geschaeft\/"},{"@type":"ListItem","position":3,"name":"Premium storage kit PS5\/PC"}]},{"@type":"WebSite","@id":"https:\/\/oplitegames.com\/#website","url":"https:\/\/oplitegames.com\/","name":"OPLITE","description":"","publisher":{"@id":"https:\/\/oplitegames.com\/#organization"},"potentialAction":[{"@type":"SearchAction","target":{"@type":"EntryPoint","urlTemplate":"https:\/\/oplitegames.com\/?s={search_term_string}"},"query-input":{"@type":"PropertyValueSpecification","valueRequired":true,"valueName":"search_term_string"}}],"inLanguage":"de-DE"},{"@type":"Organization","@id":"https:\/\/oplitegames.com\/#organization","name":"OPLITE","url":"https:\/\/oplitegames.com\/","logo":{"@type":"ImageObject","inLanguage":"de-DE","@id":"https:\/\/oplitegames.com\/#\/schema\/logo\/image\/","url":"https:\/\/oplitegames-preprod.ezratis.fr\/wp-content\/uploads\/cropped-cropped-Oplite-Blanc-casse-002-scaled-1.png","contentUrl":"https:\/\/oplitegames-preprod.ezratis.fr\/wp-content\/uploads\/cropped-cropped-Oplite-Blanc-casse-002-scaled-1.png","width":2509,"height":597,"caption":"OPLITE"},"image":{"@id":"https:\/\/oplitegames.com\/#\/schema\/logo\/image\/"}}]},"product_price_amount":"29.90","product_price_currency":"EUR","og_availability":"instock","product_availability":"instock","product_retailer_item_id":"96457","product_condition":"new"},"_links":{"self":[{"href":"https:\/\/oplitegames-preprod.ezratis.fr\/de\/wp-json\/wp\/v2\/product\/29996","targetHints":{"allow":["GET"]}}],"collection":[{"href":"https:\/\/oplitegames-preprod.ezratis.fr\/de\/wp-json\/wp\/v2\/product"}],"about":[{"href":"https:\/\/oplitegames-preprod.ezratis.fr\/de\/wp-json\/wp\/v2\/types\/product"}],"version-history":[{"count":1,"href":"https:\/\/oplitegames-preprod.ezratis.fr\/de\/wp-json\/wp\/v2\/product\/29996\/revisions"}],"predecessor-version":[{"id":39280,"href":"https:\/\/oplitegames-preprod.ezratis.fr\/de\/wp-json\/wp\/v2\/product\/29996\/revisions\/39280"}],"wp:featuredmedia":[{"embeddable":true,"href":"https:\/\/oplitegames-preprod.ezratis.fr\/de\/wp-json\/wp\/v2\/media\/30396"}],"wp:attachment":[{"href":"https:\/\/oplitegames-preprod.ezratis.fr\/de\/wp-json\/wp\/v2\/media?parent=29996"}],"wp:term":[{"taxonomy":"product_brand","embeddable":true,"href":"https:\/\/oplitegames-preprod.ezratis.fr\/de\/wp-json\/wp\/v2\/product_brand?post=29996"},{"taxonomy":"product_cat","embeddable":true,"href":"https:\/\/oplitegames-preprod.ezratis.fr\/de\/wp-json\/wp\/v2\/product_cat?post=29996"},{"taxonomy":"product_tag","embeddable":true,"href":"https:\/\/oplitegames-preprod.ezratis.fr\/de\/wp-json\/wp\/v2\/product_tag?post=29996"}],"curies":[{"name":"wp","href":"https:\/\/api.w.org\/{rel}","templated":true}]}}