{"id":31903,"date":"2023-10-19T17:44:35","date_gmt":"2023-10-19T15:44:35","guid":{"rendered":"https:\/\/oplitegames.com\/product\/gtr-s8-lockable-castor-wheels\/"},"modified":"2025-12-15T19:18:39","modified_gmt":"2025-12-15T18:18:39","slug":"gtr-s8-lockable-castor-wheels","status":"publish","type":"product","link":"https:\/\/oplitegames-preprod.ezratis.fr\/de\/produkt\/gtr-s8-lockable-castor-wheels\/","title":{"rendered":"GTR S8 Lockable Castor Wheels"},"content":{"rendered":"<p>Der Bausatz <strong>GTR S8 CASTOR WHEELS<\/strong> umfasst 8 R\u00e4der und wurde entwickelt, um das Bewegen Ihres Cockpits zu vereinfachen und gleichzeitig eine au\u00dfergew\u00f6hnliche Stabilit\u00e4t zu gew\u00e4hrleisten.<br \/>\nDer Bausatz besteht aus 4 R\u00e4dern mit Bremsen und 4 Freilaufr\u00e4dern. Jedes dieser R\u00e4der besteht aus Gummi mit einem Durchmesser von 63 mm und ist mit einem Kugellager ausgestattet, das eine freie Drehung in einem Winkel von 360 Grad erm\u00f6glicht.<\/p>\n<p><span style=\"text-decoration: underline\"><strong>Highlights:<\/strong><\/span><br \/>\n\u2705 Satz von 8 Schwenkr\u00e4dern, davon 4 mit Sicherheitsbremsmechanismus.<br \/>\n\u2705 Weiche Gummibeschichtung f\u00fcr leichtes Gleiten auf verschiedenen Untergr\u00fcnden<br \/>\n\u2705 Kugelgelagerter Aufbau f\u00fcr optimalen Komfort und Ger\u00e4uschlosigkeit.<br \/>\n\u2705 Volle 360-Grad-Drehung, 4 freie und 4 gebremste R\u00e4der.<br \/>\n\u2705 Vielf\u00e4ltige Einsatzm\u00f6glichkeiten in 4er- oder 8er-Sets.<br \/>\n\u2705 8-mm-Gewinde (M8) f\u00fcr einfache Montage und H\u00f6henverstellung \u00fcber Kontermutter<\/p>\n<p><span style=\"text-decoration: underline\"><strong>Technische Daten:<\/strong><\/span><br \/>\n\u2705 Rad-\u00d8 63mm \/ Gewinde M8 &#8211; 8mm<br \/>\n\u2705 Verwendung von 4 R\u00e4dern = 150 kg Tragf\u00e4higkeit<br \/>\n\u2705 Verwendung von 8 R\u00e4dern = 300 kg Tragf\u00e4higkeit<br \/>\n\u2705 360\u00b0 Drehbewegung<\/p>\n<table style=\"height: 490px\" width=\"926\">\n<thead>\n<tr>\n<td style=\"text-align: center\"><strong>x4<\/strong><\/td>\n<td style=\"text-align: center\"><strong>x4<\/strong><\/td>\n<\/tr>\n<tr>\n<td><img decoding=\"async\" src=\"https:\/\/vm-wpexertis-oplite-staging.westeurope.cloudapp.azure.com\/wp-content\/uploads\/Roulette-Cockpit-GTR-S8-OP-CW_2.png\" \/><\/td>\n<td><img decoding=\"async\" src=\"https:\/\/vm-wpexertis-oplite-staging.westeurope.cloudapp.azure.com\/wp-content\/uploads\/Roulette-Cockpit-GTR-S8-OP-CW_3.png\" \/><\/td>\n<\/tr>\n<\/thead>\n<\/table>\n<p><span style=\"text-decoration: underline\"><strong>Produktkompatibilit\u00e4t:<\/strong><\/span><br \/>\n\u2705 OPLITE GTR S8 Cockpits<br \/>\n\u2705 B\u00fcrostuhl, Schreibtisch, Bett, Transportwagen, TV-Schrank, Inneneinrichtung,<br \/>\nAutosimulationscockpit, Flugsimulationscockpit&#8230;<br \/>\n\u2705 Schraubbefestigung \/ Gewindedurchmesser \u00d8 8mm<\/p>\n","protected":false},"excerpt":{"rendered":"<p>Es ist an der Zeit, Ihre Mobilit\u00e4t zu erh\u00f6hen und dabei ein unvergleichliches Spielerlebnis zu bewahren.<br \/>\nOPLITE, Experte f\u00fcr ergonomisches Design in den Bereichen B\u00fcro und Gaming, pr\u00e4sentiert einenSatz von 8 <strong>CASTOR WHEELS GTR S8<\/strong>-R\u00e4dern.<\/p>\n","protected":false},"featured_media":31879,"template":"","meta":{"_acf_changed":false,"footnotes":""},"product_brand":[],"product_cat":[881,694,762,795,692,748],"product_tag":[695],"class_list":{"0":"post-31903","1":"product","2":"type-product","3":"status-publish","4":"has-post-thumbnail","6":"product_cat-accessoire","7":"product_cat-cockpit-gtr-s8-elite-de","8":"product_cat-cockpit-gtr-s8-infinity-de","9":"product_cat-cockpit-s8-ultra-de","10":"product_cat-simulatoren","11":"product_cat-simulatorzubehoer","12":"product_tag-oplite-gaming-de","13":"pa_colisage-pcb-12-de","15":"first","16":"instock","17":"taxable","18":"shipping-taxable","19":"purchasable","20":"product-type-simple"},"bundled_by":[],"bundle_stock_status":"instock","bundle_stock_quantity":248,"bundle_virtual":false,"bundle_layout":"","bundle_add_to_cart_form_location":"","bundle_editable_in_cart":false,"bundle_sold_individually_context":"","bundle_item_grouping":"","bundle_min_size":"","bundle_max_size":"","bundle_price":[],"bundled_items":[],"bundle_sell_ids":[],"acf":[],"yoast_head":"<!-- This site is optimized with the Yoast SEO plugin v27.3 - https:\/\/yoast.com\/product\/yoast-seo-wordpress\/ -->\n<title>GTR S8 Lockable Castor Wheels - OPLITE<\/title>\n<meta name=\"robots\" content=\"index, follow, max-snippet:-1, max-image-preview:large, max-video-preview:-1\" \/>\n<link rel=\"canonical\" href=\"https:\/\/oplitegames.com\/de\/produkt\/gtr-s8-lockable-castor-wheels\/\" \/>\n<meta property=\"og:locale\" content=\"de_DE\" \/>\n<meta property=\"og:type\" content=\"article\" \/>\n<meta property=\"og:title\" content=\"GTR S8 Lockable Castor Wheels - OPLITE\" \/>\n<meta property=\"og:description\" content=\"Es ist an der Zeit, Ihre Mobilit\u00e4t zu erh\u00f6hen und dabei ein unvergleichliches Spielerlebnis zu bewahren. OPLITE, Experte f\u00fcr ergonomisches Design in den Bereichen B\u00fcro und Gaming, pr\u00e4sentiert einenSatz von 8 CASTOR WHEELS GTR S8-R\u00e4dern.\" \/>\n<meta property=\"og:url\" content=\"https:\/\/oplitegames.com\/de\/produkt\/gtr-s8-lockable-castor-wheels\/\" \/>\n<meta property=\"og:site_name\" content=\"OPLITE\" \/>\n<meta property=\"article:modified_time\" content=\"2025-12-15T18:18:39+00:00\" \/>\n<meta property=\"og:image\" content=\"https:\/\/oplitegames.com\/wp-content\/uploads\/Roulette-Cockpit-GTR-S8-OP-CW_5.png\" \/>\n\t<meta property=\"og:image:width\" content=\"1000\" \/>\n\t<meta property=\"og:image:height\" content=\"1000\" \/>\n\t<meta property=\"og:image:type\" content=\"image\/png\" \/>\n<meta name=\"twitter:card\" content=\"summary_large_image\" \/>\n<meta name=\"twitter:label1\" content=\"Price\" \/>\n\t<meta name=\"twitter:data1\" content=\"49,90&nbsp;&euro;\" \/>\n\t<meta name=\"twitter:label2\" content=\"Availability\" \/>\n\t<meta name=\"twitter:data2\" content=\"In stock\" \/>\n<script type=\"application\/ld+json\" class=\"yoast-schema-graph\">{\"@context\":\"https:\\\/\\\/schema.org\",\"@graph\":[{\"@type\":[\"WebPage\",\"ItemPage\"],\"@id\":\"https:\\\/\\\/oplitegames.com\\\/de\\\/produkt\\\/gtr-s8-lockable-castor-wheels\\\/\",\"url\":\"https:\\\/\\\/oplitegames.com\\\/de\\\/produkt\\\/gtr-s8-lockable-castor-wheels\\\/\",\"name\":\"GTR S8 Lockable Castor Wheels - OPLITE\",\"isPartOf\":{\"@id\":\"https:\\\/\\\/oplitegames.com\\\/#website\"},\"primaryImageOfPage\":{\"@id\":\"https:\\\/\\\/oplitegames.com\\\/de\\\/produkt\\\/gtr-s8-lockable-castor-wheels\\\/#primaryimage\"},\"image\":{\"@id\":\"https:\\\/\\\/oplitegames.com\\\/de\\\/produkt\\\/gtr-s8-lockable-castor-wheels\\\/#primaryimage\"},\"thumbnailUrl\":\"https:\\\/\\\/oplitegames-preprod.ezratis.fr\\\/wp-content\\\/uploads\\\/Roulette-Cockpit-GTR-S8-OP-CW_5.png\",\"datePublished\":\"2023-10-19T15:44:35+00:00\",\"dateModified\":\"2025-12-15T18:18:39+00:00\",\"breadcrumb\":{\"@id\":\"https:\\\/\\\/oplitegames.com\\\/de\\\/produkt\\\/gtr-s8-lockable-castor-wheels\\\/#breadcrumb\"},\"inLanguage\":\"de-DE\",\"potentialAction\":[{\"@type\":\"ReadAction\",\"target\":[\"https:\\\/\\\/oplitegames.com\\\/de\\\/produkt\\\/gtr-s8-lockable-castor-wheels\\\/\"]}]},{\"@type\":\"ImageObject\",\"inLanguage\":\"de-DE\",\"@id\":\"https:\\\/\\\/oplitegames.com\\\/de\\\/produkt\\\/gtr-s8-lockable-castor-wheels\\\/#primaryimage\",\"url\":\"https:\\\/\\\/oplitegames-preprod.ezratis.fr\\\/wp-content\\\/uploads\\\/Roulette-Cockpit-GTR-S8-OP-CW_5.png\",\"contentUrl\":\"https:\\\/\\\/oplitegames-preprod.ezratis.fr\\\/wp-content\\\/uploads\\\/Roulette-Cockpit-GTR-S8-OP-CW_5.png\",\"width\":1000,\"height\":1000},{\"@type\":\"BreadcrumbList\",\"@id\":\"https:\\\/\\\/oplitegames.com\\\/de\\\/produkt\\\/gtr-s8-lockable-castor-wheels\\\/#breadcrumb\",\"itemListElement\":[{\"@type\":\"ListItem\",\"position\":1,\"name\":\"Home\",\"item\":\"https:\\\/\\\/oplitegames.com\\\/de\\\/\"},{\"@type\":\"ListItem\",\"position\":2,\"name\":\"Gesch\u00e4ft\",\"item\":\"https:\\\/\\\/oplitegames.com\\\/de\\\/geschaeft\\\/\"},{\"@type\":\"ListItem\",\"position\":3,\"name\":\"GTR S8 Lockable Castor Wheels\"}]},{\"@type\":\"WebSite\",\"@id\":\"https:\\\/\\\/oplitegames.com\\\/#website\",\"url\":\"https:\\\/\\\/oplitegames.com\\\/\",\"name\":\"OPLITE\",\"description\":\"\",\"publisher\":{\"@id\":\"https:\\\/\\\/oplitegames.com\\\/#organization\"},\"potentialAction\":[{\"@type\":\"SearchAction\",\"target\":{\"@type\":\"EntryPoint\",\"urlTemplate\":\"https:\\\/\\\/oplitegames.com\\\/?s={search_term_string}\"},\"query-input\":{\"@type\":\"PropertyValueSpecification\",\"valueRequired\":true,\"valueName\":\"search_term_string\"}}],\"inLanguage\":\"de-DE\"},{\"@type\":\"Organization\",\"@id\":\"https:\\\/\\\/oplitegames.com\\\/#organization\",\"name\":\"OPLITE\",\"url\":\"https:\\\/\\\/oplitegames.com\\\/\",\"logo\":{\"@type\":\"ImageObject\",\"inLanguage\":\"de-DE\",\"@id\":\"https:\\\/\\\/oplitegames.com\\\/#\\\/schema\\\/logo\\\/image\\\/\",\"url\":\"https:\\\/\\\/oplitegames-preprod.ezratis.fr\\\/wp-content\\\/uploads\\\/cropped-cropped-Oplite-Blanc-casse-002-scaled-1.png\",\"contentUrl\":\"https:\\\/\\\/oplitegames-preprod.ezratis.fr\\\/wp-content\\\/uploads\\\/cropped-cropped-Oplite-Blanc-casse-002-scaled-1.png\",\"width\":2509,\"height\":597,\"caption\":\"OPLITE\"},\"image\":{\"@id\":\"https:\\\/\\\/oplitegames.com\\\/#\\\/schema\\\/logo\\\/image\\\/\"}}]}<\/script>\n<meta property=\"product:price:amount\" content=\"49.90\" \/>\n<meta property=\"product:price:currency\" content=\"EUR\" \/>\n<meta property=\"og:availability\" content=\"instock\" \/>\n<meta property=\"product:availability\" content=\"instock\" \/>\n<meta property=\"product:retailer_item_id\" content=\"97248\" \/>\n<meta property=\"product:condition\" content=\"new\" \/>\n<!-- \/ Yoast SEO plugin. -->","yoast_head_json":{"title":"GTR S8 Lockable Castor Wheels - OPLITE","robots":{"index":"index","follow":"follow","max-snippet":"max-snippet:-1","max-image-preview":"max-image-preview:large","max-video-preview":"max-video-preview:-1"},"canonical":"https:\/\/oplitegames.com\/de\/produkt\/gtr-s8-lockable-castor-wheels\/","og_locale":"de_DE","og_type":"article","og_title":"GTR S8 Lockable Castor Wheels - OPLITE","og_description":"Es ist an der Zeit, Ihre Mobilit\u00e4t zu erh\u00f6hen und dabei ein unvergleichliches Spielerlebnis zu bewahren. OPLITE, Experte f\u00fcr ergonomisches Design in den Bereichen B\u00fcro und Gaming, pr\u00e4sentiert einenSatz von 8 CASTOR WHEELS GTR S8-R\u00e4dern.","og_url":"https:\/\/oplitegames.com\/de\/produkt\/gtr-s8-lockable-castor-wheels\/","og_site_name":"OPLITE","article_modified_time":"2025-12-15T18:18:39+00:00","og_image":[{"width":1000,"height":1000,"url":"https:\/\/oplitegames.com\/wp-content\/uploads\/Roulette-Cockpit-GTR-S8-OP-CW_5.png","type":"image\/png"}],"twitter_card":"summary_large_image","twitter_misc":{"Price":"49,90&nbsp;&euro;","Availability":"In stock"},"schema":{"@context":"https:\/\/schema.org","@graph":[{"@type":["WebPage","ItemPage"],"@id":"https:\/\/oplitegames.com\/de\/produkt\/gtr-s8-lockable-castor-wheels\/","url":"https:\/\/oplitegames.com\/de\/produkt\/gtr-s8-lockable-castor-wheels\/","name":"GTR S8 Lockable Castor Wheels - OPLITE","isPartOf":{"@id":"https:\/\/oplitegames.com\/#website"},"primaryImageOfPage":{"@id":"https:\/\/oplitegames.com\/de\/produkt\/gtr-s8-lockable-castor-wheels\/#primaryimage"},"image":{"@id":"https:\/\/oplitegames.com\/de\/produkt\/gtr-s8-lockable-castor-wheels\/#primaryimage"},"thumbnailUrl":"https:\/\/oplitegames-preprod.ezratis.fr\/wp-content\/uploads\/Roulette-Cockpit-GTR-S8-OP-CW_5.png","datePublished":"2023-10-19T15:44:35+00:00","dateModified":"2025-12-15T18:18:39+00:00","breadcrumb":{"@id":"https:\/\/oplitegames.com\/de\/produkt\/gtr-s8-lockable-castor-wheels\/#breadcrumb"},"inLanguage":"de-DE","potentialAction":[{"@type":"ReadAction","target":["https:\/\/oplitegames.com\/de\/produkt\/gtr-s8-lockable-castor-wheels\/"]}]},{"@type":"ImageObject","inLanguage":"de-DE","@id":"https:\/\/oplitegames.com\/de\/produkt\/gtr-s8-lockable-castor-wheels\/#primaryimage","url":"https:\/\/oplitegames-preprod.ezratis.fr\/wp-content\/uploads\/Roulette-Cockpit-GTR-S8-OP-CW_5.png","contentUrl":"https:\/\/oplitegames-preprod.ezratis.fr\/wp-content\/uploads\/Roulette-Cockpit-GTR-S8-OP-CW_5.png","width":1000,"height":1000},{"@type":"BreadcrumbList","@id":"https:\/\/oplitegames.com\/de\/produkt\/gtr-s8-lockable-castor-wheels\/#breadcrumb","itemListElement":[{"@type":"ListItem","position":1,"name":"Home","item":"https:\/\/oplitegames.com\/de\/"},{"@type":"ListItem","position":2,"name":"Gesch\u00e4ft","item":"https:\/\/oplitegames.com\/de\/geschaeft\/"},{"@type":"ListItem","position":3,"name":"GTR S8 Lockable Castor Wheels"}]},{"@type":"WebSite","@id":"https:\/\/oplitegames.com\/#website","url":"https:\/\/oplitegames.com\/","name":"OPLITE","description":"","publisher":{"@id":"https:\/\/oplitegames.com\/#organization"},"potentialAction":[{"@type":"SearchAction","target":{"@type":"EntryPoint","urlTemplate":"https:\/\/oplitegames.com\/?s={search_term_string}"},"query-input":{"@type":"PropertyValueSpecification","valueRequired":true,"valueName":"search_term_string"}}],"inLanguage":"de-DE"},{"@type":"Organization","@id":"https:\/\/oplitegames.com\/#organization","name":"OPLITE","url":"https:\/\/oplitegames.com\/","logo":{"@type":"ImageObject","inLanguage":"de-DE","@id":"https:\/\/oplitegames.com\/#\/schema\/logo\/image\/","url":"https:\/\/oplitegames-preprod.ezratis.fr\/wp-content\/uploads\/cropped-cropped-Oplite-Blanc-casse-002-scaled-1.png","contentUrl":"https:\/\/oplitegames-preprod.ezratis.fr\/wp-content\/uploads\/cropped-cropped-Oplite-Blanc-casse-002-scaled-1.png","width":2509,"height":597,"caption":"OPLITE"},"image":{"@id":"https:\/\/oplitegames.com\/#\/schema\/logo\/image\/"}}]},"product_price_amount":"49.90","product_price_currency":"EUR","og_availability":"instock","product_availability":"instock","product_retailer_item_id":"97248","product_condition":"new"},"_links":{"self":[{"href":"https:\/\/oplitegames-preprod.ezratis.fr\/de\/wp-json\/wp\/v2\/product\/31903","targetHints":{"allow":["GET"]}}],"collection":[{"href":"https:\/\/oplitegames-preprod.ezratis.fr\/de\/wp-json\/wp\/v2\/product"}],"about":[{"href":"https:\/\/oplitegames-preprod.ezratis.fr\/de\/wp-json\/wp\/v2\/types\/product"}],"version-history":[{"count":4,"href":"https:\/\/oplitegames-preprod.ezratis.fr\/de\/wp-json\/wp\/v2\/product\/31903\/revisions"}],"predecessor-version":[{"id":49186,"href":"https:\/\/oplitegames-preprod.ezratis.fr\/de\/wp-json\/wp\/v2\/product\/31903\/revisions\/49186"}],"wp:featuredmedia":[{"embeddable":true,"href":"https:\/\/oplitegames-preprod.ezratis.fr\/de\/wp-json\/wp\/v2\/media\/31879"}],"wp:attachment":[{"href":"https:\/\/oplitegames-preprod.ezratis.fr\/de\/wp-json\/wp\/v2\/media?parent=31903"}],"wp:term":[{"taxonomy":"product_brand","embeddable":true,"href":"https:\/\/oplitegames-preprod.ezratis.fr\/de\/wp-json\/wp\/v2\/product_brand?post=31903"},{"taxonomy":"product_cat","embeddable":true,"href":"https:\/\/oplitegames-preprod.ezratis.fr\/de\/wp-json\/wp\/v2\/product_cat?post=31903"},{"taxonomy":"product_tag","embeddable":true,"href":"https:\/\/oplitegames-preprod.ezratis.fr\/de\/wp-json\/wp\/v2\/product_tag?post=31903"}],"curies":[{"name":"wp","href":"https:\/\/api.w.org\/{rel}","templated":true}]}}