{"id":37447,"date":"2024-09-23T14:29:38","date_gmt":"2024-09-23T12:29:38","guid":{"rendered":"https:\/\/oplitegames.com\/?post_type=product&#038;p=37447"},"modified":"2025-10-08T14:24:43","modified_gmt":"2025-10-08T12:24:43","slug":"mt57-monitor-arm","status":"publish","type":"product","link":"https:\/\/oplitegames-preprod.ezratis.fr\/de\/produkt\/mt57-monitor-arm\/","title":{"rendered":"MT57 Monitor Arm"},"content":{"rendered":"<p>Der <strong>MT57<\/strong> wurde speziell f\u00fcr die Aufnahme von 57-Zoll-Bildschirmen entwickelt. Bietet gro\u00dfe Bewegungsfreiheit und Ausrichtung f\u00fcr Ihre ultra-gekr\u00fcmmte BildschirmSamsung\u00ae Odyssey Neo G9 57&#8221; oder eine andere Marke mit einem Befestigungssystem nach dem Universalstandard VESA 75&#215;75,100&#215;100, 100&#215;200, 200&#215;100, 200&#215;200. (Samsung\u00ae, Dell\u00ae, LG\u00ae, Lenovo\u00ae, Asus\u00ae, BenQ\u00ae, ACER\u00ae, HP\u00ae etc\u2026).<br \/>\nDer MT57 besteht aus geschmiedetem Aluminium und Kohlenstoffstahl und vereint hochwertige Materialien mit einem schlanken Design. Ausgestattet mit einem leistungsstarken, einstellbaren GAS-Zylinder, wird es Sie bei der Anpassung von Bewegungen nach oben oder unten ohne Anstrengung begleiten.<\/p>\n<p><span style=\"text-decoration: underline;\"><strong>Highlights:<\/strong><\/span><br \/>\n\u2705Design aus hochwertigem Aluminium, hochdichtem Kohlenstoffstahl und ABS-Verkleidung.<br \/>\n\u2705Kombiniert einen eleganten und futuristischen Stil, passend zu den neuesten Display-Designs der gr\u00f6\u00dften Marken.<br \/>\n\u2705 Die leistungsstarke Gasdruckfeder l\u00e4sst sich einfach einstellen und erm\u00f6glicht m\u00fchelos eine perfekte Anpassung des Bildschirms. Das Ergebnis ist eine ergonomische, praktische und leistungsstarke Arbeits- oder Spielstation<br \/>\n\u2705Befreit von Arbeitsfl\u00e4che, erm\u00f6glicht es, Ihren Bildschirm zu erh\u00f6hen<br \/>\n\u2705 Neigungsf\u00e4higkeit von +60\/-20\u00b0 f\u00fcr komfortables Arbeiten oder Spielen im Sitzen oder Stehen.<br \/>\n\u2705 Kompatibel mit ultragendenden gebogenen Bildschirmen wie dem Samsung Odyssey Neo G9 57&#8221; oder anderen Marken, die \u00fcber ein Befestigungssystem nach dem universellen Standard VESA 75&#215;75 verf\u00fcgen,100&#215;100, 100&#215;200, 200&#215;100, 200&#215;200.<br \/>\n\u2705Einfache Montage des Bildschirms dank der mitgelieferten abnehmbaren VESA-Platte.<br \/>\n\u2705 Befestigung des Arms an Ihrem Schreibtisch durch eine C-Klemme (Doppelschraube) oder durch Schrauben, die durch Ihren Schreibtisch f\u00fchren.<\/p>\n<p><strong>Technische Daten:<\/strong><br \/>\n\u2705 Kompatible Bildschirmgr\u00f6\u00dfe:17&#8243;-57&#8243;<br \/>\n\u2705 Anzahl der Bildschirme:1<br \/>\n\u2705 Gewichtskapazit\u00e4t (pro Bildschirm): 1~27kg<br \/>\n\u2705 Neigungsbereich: +60\u00b0~-20\u00b0<br \/>\n\u2705 Schwenkbereich: +90\u00b0~-90<br \/>\n\u2705 Bildschirmdrehung: +90\u00b0~-90<\/p>\n<p><strong>Produktkompatibilit\u00e4t:<\/strong><br \/>\n\u2705 Alle VESA-Displays: 75&#215;75,100&#215;100, 100&#215;200, 200&#215;100, 200&#215;200<br \/>\n\u2705 Alle B\u00fcros der Marke OPLITE<br \/>\n\u2705 Alle Schreibtische anderer Hersteller<\/p>\n","protected":false},"excerpt":{"rendered":"<p>Es ist an der Zeit, immersivere Erfahrungen zu machen und gleichzeitig Platz auf Ihrem Desktop freizugeben!<br \/>\nAls Spezialist f\u00fcr ergonomische Office- und Gaming-Produkte pr\u00e4sentiert OPLITE seinen neuen, hochleistungsf\u00e4higen Monitorarm <strong>MT57<\/strong>.<\/p>\n","protected":false},"featured_media":37408,"template":"","meta":{"_acf_changed":false,"footnotes":""},"product_brand":[],"product_cat":[727],"product_tag":[],"class_list":{"0":"post-37447","1":"product","2":"type-product","3":"status-publish","4":"has-post-thumbnail","6":"product_cat-gelenkarme","7":"pa_colisage-pcb-3-de","9":"first","10":"outofstock","11":"taxable","12":"shipping-taxable","13":"purchasable","14":"product-type-simple"},"bundled_by":[],"bundle_stock_status":"outofstock","bundle_stock_quantity":0,"bundle_virtual":false,"bundle_layout":"","bundle_add_to_cart_form_location":"","bundle_editable_in_cart":false,"bundle_sold_individually_context":"","bundle_item_grouping":"","bundle_min_size":"","bundle_max_size":"","bundle_price":[],"bundled_items":[],"bundle_sell_ids":[],"acf":[],"yoast_head":"<!-- This site is optimized with the Yoast SEO plugin v27.3 - https:\/\/yoast.com\/product\/yoast-seo-wordpress\/ -->\n<title>MT57 Monitor Arm - OPLITE<\/title>\n<meta name=\"robots\" content=\"index, follow, max-snippet:-1, max-image-preview:large, max-video-preview:-1\" \/>\n<link rel=\"canonical\" href=\"https:\/\/oplitegames.com\/de\/produkt\/mt57-monitor-arm\/\" \/>\n<meta property=\"og:locale\" content=\"de_DE\" \/>\n<meta property=\"og:type\" content=\"article\" \/>\n<meta property=\"og:title\" content=\"MT57 Monitor Arm - OPLITE\" \/>\n<meta property=\"og:description\" content=\"Es ist an der Zeit, immersivere Erfahrungen zu machen und gleichzeitig Platz auf Ihrem Desktop freizugeben! Als Spezialist f\u00fcr ergonomische Office- und Gaming-Produkte pr\u00e4sentiert OPLITE seinen neuen, hochleistungsf\u00e4higen Monitorarm MT57.\" \/>\n<meta property=\"og:url\" content=\"https:\/\/oplitegames.com\/de\/produkt\/mt57-monitor-arm\/\" \/>\n<meta property=\"og:site_name\" content=\"OPLITE\" \/>\n<meta property=\"article:modified_time\" content=\"2025-10-08T12:24:43+00:00\" \/>\n<meta property=\"og:image\" content=\"https:\/\/oplitegames.com\/wp-content\/uploads\/OPLITE-MT57-MONITOR-ARM_01.png\" \/>\n\t<meta property=\"og:image:width\" content=\"1000\" \/>\n\t<meta property=\"og:image:height\" content=\"1000\" \/>\n\t<meta property=\"og:image:type\" content=\"image\/png\" \/>\n<meta name=\"twitter:card\" content=\"summary_large_image\" \/>\n<meta name=\"twitter:label1\" content=\"Price\" \/>\n\t<meta name=\"twitter:data1\" content=\"169,90&nbsp;&euro;\" \/>\n\t<meta name=\"twitter:label2\" content=\"Availability\" \/>\n\t<meta name=\"twitter:data2\" content=\"Out of stock\" \/>\n<script type=\"application\/ld+json\" class=\"yoast-schema-graph\">{\"@context\":\"https:\\\/\\\/schema.org\",\"@graph\":[{\"@type\":[\"WebPage\",\"ItemPage\"],\"@id\":\"https:\\\/\\\/oplitegames.com\\\/de\\\/produkt\\\/mt57-monitor-arm\\\/\",\"url\":\"https:\\\/\\\/oplitegames.com\\\/de\\\/produkt\\\/mt57-monitor-arm\\\/\",\"name\":\"MT57 Monitor Arm - OPLITE\",\"isPartOf\":{\"@id\":\"https:\\\/\\\/oplitegames.com\\\/#website\"},\"primaryImageOfPage\":{\"@id\":\"https:\\\/\\\/oplitegames.com\\\/de\\\/produkt\\\/mt57-monitor-arm\\\/#primaryimage\"},\"image\":{\"@id\":\"https:\\\/\\\/oplitegames.com\\\/de\\\/produkt\\\/mt57-monitor-arm\\\/#primaryimage\"},\"thumbnailUrl\":\"https:\\\/\\\/oplitegames-preprod.ezratis.fr\\\/wp-content\\\/uploads\\\/OPLITE-MT57-MONITOR-ARM_01.png\",\"datePublished\":\"2024-09-23T12:29:38+00:00\",\"dateModified\":\"2025-10-08T12:24:43+00:00\",\"breadcrumb\":{\"@id\":\"https:\\\/\\\/oplitegames.com\\\/de\\\/produkt\\\/mt57-monitor-arm\\\/#breadcrumb\"},\"inLanguage\":\"de-DE\",\"potentialAction\":[{\"@type\":\"ReadAction\",\"target\":[\"https:\\\/\\\/oplitegames.com\\\/de\\\/produkt\\\/mt57-monitor-arm\\\/\"]}]},{\"@type\":\"ImageObject\",\"inLanguage\":\"de-DE\",\"@id\":\"https:\\\/\\\/oplitegames.com\\\/de\\\/produkt\\\/mt57-monitor-arm\\\/#primaryimage\",\"url\":\"https:\\\/\\\/oplitegames-preprod.ezratis.fr\\\/wp-content\\\/uploads\\\/OPLITE-MT57-MONITOR-ARM_01.png\",\"contentUrl\":\"https:\\\/\\\/oplitegames-preprod.ezratis.fr\\\/wp-content\\\/uploads\\\/OPLITE-MT57-MONITOR-ARM_01.png\",\"width\":1000,\"height\":1000},{\"@type\":\"BreadcrumbList\",\"@id\":\"https:\\\/\\\/oplitegames.com\\\/de\\\/produkt\\\/mt57-monitor-arm\\\/#breadcrumb\",\"itemListElement\":[{\"@type\":\"ListItem\",\"position\":1,\"name\":\"Home\",\"item\":\"https:\\\/\\\/oplitegames.com\\\/de\\\/\"},{\"@type\":\"ListItem\",\"position\":2,\"name\":\"Gesch\u00e4ft\",\"item\":\"https:\\\/\\\/oplitegames.com\\\/de\\\/geschaeft\\\/\"},{\"@type\":\"ListItem\",\"position\":3,\"name\":\"MT57 Monitor Arm\"}]},{\"@type\":\"WebSite\",\"@id\":\"https:\\\/\\\/oplitegames.com\\\/#website\",\"url\":\"https:\\\/\\\/oplitegames.com\\\/\",\"name\":\"OPLITE\",\"description\":\"\",\"publisher\":{\"@id\":\"https:\\\/\\\/oplitegames.com\\\/#organization\"},\"potentialAction\":[{\"@type\":\"SearchAction\",\"target\":{\"@type\":\"EntryPoint\",\"urlTemplate\":\"https:\\\/\\\/oplitegames.com\\\/?s={search_term_string}\"},\"query-input\":{\"@type\":\"PropertyValueSpecification\",\"valueRequired\":true,\"valueName\":\"search_term_string\"}}],\"inLanguage\":\"de-DE\"},{\"@type\":\"Organization\",\"@id\":\"https:\\\/\\\/oplitegames.com\\\/#organization\",\"name\":\"OPLITE\",\"url\":\"https:\\\/\\\/oplitegames.com\\\/\",\"logo\":{\"@type\":\"ImageObject\",\"inLanguage\":\"de-DE\",\"@id\":\"https:\\\/\\\/oplitegames.com\\\/#\\\/schema\\\/logo\\\/image\\\/\",\"url\":\"https:\\\/\\\/oplitegames-preprod.ezratis.fr\\\/wp-content\\\/uploads\\\/cropped-cropped-Oplite-Blanc-casse-002-scaled-1.png\",\"contentUrl\":\"https:\\\/\\\/oplitegames-preprod.ezratis.fr\\\/wp-content\\\/uploads\\\/cropped-cropped-Oplite-Blanc-casse-002-scaled-1.png\",\"width\":2509,\"height\":597,\"caption\":\"OPLITE\"},\"image\":{\"@id\":\"https:\\\/\\\/oplitegames.com\\\/#\\\/schema\\\/logo\\\/image\\\/\"}}]}<\/script>\n<meta property=\"product:price:amount\" content=\"169.90\" \/>\n<meta property=\"product:price:currency\" content=\"EUR\" \/>\n<meta property=\"og:availability\" content=\"out of stock\" \/>\n<meta property=\"product:availability\" content=\"out of stock\" \/>\n<meta property=\"product:retailer_item_id\" content=\"101085\" \/>\n<meta property=\"product:condition\" content=\"new\" \/>\n<!-- \/ Yoast SEO plugin. -->","yoast_head_json":{"title":"MT57 Monitor Arm - OPLITE","robots":{"index":"index","follow":"follow","max-snippet":"max-snippet:-1","max-image-preview":"max-image-preview:large","max-video-preview":"max-video-preview:-1"},"canonical":"https:\/\/oplitegames.com\/de\/produkt\/mt57-monitor-arm\/","og_locale":"de_DE","og_type":"article","og_title":"MT57 Monitor Arm - OPLITE","og_description":"Es ist an der Zeit, immersivere Erfahrungen zu machen und gleichzeitig Platz auf Ihrem Desktop freizugeben! Als Spezialist f\u00fcr ergonomische Office- und Gaming-Produkte pr\u00e4sentiert OPLITE seinen neuen, hochleistungsf\u00e4higen Monitorarm MT57.","og_url":"https:\/\/oplitegames.com\/de\/produkt\/mt57-monitor-arm\/","og_site_name":"OPLITE","article_modified_time":"2025-10-08T12:24:43+00:00","og_image":[{"width":1000,"height":1000,"url":"https:\/\/oplitegames.com\/wp-content\/uploads\/OPLITE-MT57-MONITOR-ARM_01.png","type":"image\/png"}],"twitter_card":"summary_large_image","twitter_misc":{"Price":"169,90&nbsp;&euro;","Availability":"Out of stock"},"schema":{"@context":"https:\/\/schema.org","@graph":[{"@type":["WebPage","ItemPage"],"@id":"https:\/\/oplitegames.com\/de\/produkt\/mt57-monitor-arm\/","url":"https:\/\/oplitegames.com\/de\/produkt\/mt57-monitor-arm\/","name":"MT57 Monitor Arm - OPLITE","isPartOf":{"@id":"https:\/\/oplitegames.com\/#website"},"primaryImageOfPage":{"@id":"https:\/\/oplitegames.com\/de\/produkt\/mt57-monitor-arm\/#primaryimage"},"image":{"@id":"https:\/\/oplitegames.com\/de\/produkt\/mt57-monitor-arm\/#primaryimage"},"thumbnailUrl":"https:\/\/oplitegames-preprod.ezratis.fr\/wp-content\/uploads\/OPLITE-MT57-MONITOR-ARM_01.png","datePublished":"2024-09-23T12:29:38+00:00","dateModified":"2025-10-08T12:24:43+00:00","breadcrumb":{"@id":"https:\/\/oplitegames.com\/de\/produkt\/mt57-monitor-arm\/#breadcrumb"},"inLanguage":"de-DE","potentialAction":[{"@type":"ReadAction","target":["https:\/\/oplitegames.com\/de\/produkt\/mt57-monitor-arm\/"]}]},{"@type":"ImageObject","inLanguage":"de-DE","@id":"https:\/\/oplitegames.com\/de\/produkt\/mt57-monitor-arm\/#primaryimage","url":"https:\/\/oplitegames-preprod.ezratis.fr\/wp-content\/uploads\/OPLITE-MT57-MONITOR-ARM_01.png","contentUrl":"https:\/\/oplitegames-preprod.ezratis.fr\/wp-content\/uploads\/OPLITE-MT57-MONITOR-ARM_01.png","width":1000,"height":1000},{"@type":"BreadcrumbList","@id":"https:\/\/oplitegames.com\/de\/produkt\/mt57-monitor-arm\/#breadcrumb","itemListElement":[{"@type":"ListItem","position":1,"name":"Home","item":"https:\/\/oplitegames.com\/de\/"},{"@type":"ListItem","position":2,"name":"Gesch\u00e4ft","item":"https:\/\/oplitegames.com\/de\/geschaeft\/"},{"@type":"ListItem","position":3,"name":"MT57 Monitor Arm"}]},{"@type":"WebSite","@id":"https:\/\/oplitegames.com\/#website","url":"https:\/\/oplitegames.com\/","name":"OPLITE","description":"","publisher":{"@id":"https:\/\/oplitegames.com\/#organization"},"potentialAction":[{"@type":"SearchAction","target":{"@type":"EntryPoint","urlTemplate":"https:\/\/oplitegames.com\/?s={search_term_string}"},"query-input":{"@type":"PropertyValueSpecification","valueRequired":true,"valueName":"search_term_string"}}],"inLanguage":"de-DE"},{"@type":"Organization","@id":"https:\/\/oplitegames.com\/#organization","name":"OPLITE","url":"https:\/\/oplitegames.com\/","logo":{"@type":"ImageObject","inLanguage":"de-DE","@id":"https:\/\/oplitegames.com\/#\/schema\/logo\/image\/","url":"https:\/\/oplitegames-preprod.ezratis.fr\/wp-content\/uploads\/cropped-cropped-Oplite-Blanc-casse-002-scaled-1.png","contentUrl":"https:\/\/oplitegames-preprod.ezratis.fr\/wp-content\/uploads\/cropped-cropped-Oplite-Blanc-casse-002-scaled-1.png","width":2509,"height":597,"caption":"OPLITE"},"image":{"@id":"https:\/\/oplitegames.com\/#\/schema\/logo\/image\/"}}]},"product_price_amount":"169.90","product_price_currency":"EUR","og_availability":"out of stock","product_availability":"out of stock","product_retailer_item_id":"101085","product_condition":"new"},"_links":{"self":[{"href":"https:\/\/oplitegames-preprod.ezratis.fr\/de\/wp-json\/wp\/v2\/product\/37447","targetHints":{"allow":["GET"]}}],"collection":[{"href":"https:\/\/oplitegames-preprod.ezratis.fr\/de\/wp-json\/wp\/v2\/product"}],"about":[{"href":"https:\/\/oplitegames-preprod.ezratis.fr\/de\/wp-json\/wp\/v2\/types\/product"}],"version-history":[{"count":4,"href":"https:\/\/oplitegames-preprod.ezratis.fr\/de\/wp-json\/wp\/v2\/product\/37447\/revisions"}],"predecessor-version":[{"id":48340,"href":"https:\/\/oplitegames-preprod.ezratis.fr\/de\/wp-json\/wp\/v2\/product\/37447\/revisions\/48340"}],"wp:featuredmedia":[{"embeddable":true,"href":"https:\/\/oplitegames-preprod.ezratis.fr\/de\/wp-json\/wp\/v2\/media\/37408"}],"wp:attachment":[{"href":"https:\/\/oplitegames-preprod.ezratis.fr\/de\/wp-json\/wp\/v2\/media?parent=37447"}],"wp:term":[{"taxonomy":"product_brand","embeddable":true,"href":"https:\/\/oplitegames-preprod.ezratis.fr\/de\/wp-json\/wp\/v2\/product_brand?post=37447"},{"taxonomy":"product_cat","embeddable":true,"href":"https:\/\/oplitegames-preprod.ezratis.fr\/de\/wp-json\/wp\/v2\/product_cat?post=37447"},{"taxonomy":"product_tag","embeddable":true,"href":"https:\/\/oplitegames-preprod.ezratis.fr\/de\/wp-json\/wp\/v2\/product_tag?post=37447"}],"curies":[{"name":"wp","href":"https:\/\/api.w.org\/{rel}","templated":true}]}}