{"id":37800,"date":"2024-09-09T14:48:21","date_gmt":"2024-09-09T12:48:21","guid":{"rendered":"https:\/\/oplitegames.com\/?post_type=product&#038;p=37800"},"modified":"2025-11-17T09:32:43","modified_gmt":"2025-11-17T08:32:43","slug":"cockpit-gtr-s8-elite-force-red","status":"publish","type":"product","link":"https:\/\/oplitegames-preprod.ezratis.fr\/de\/produkt\/cockpit-gtr-s8-elite-force-red\/","title":{"rendered":"Cockpit GTR S8 Elite Force Red"},"content":{"rendered":"<p>Das Simulations-Cockpit GTR S8 ELITE FORCE vereint die neuesten technologischen Fortschritte der Marke im Bereich Simracing mit einem zeitlosen Design, das von der Welt des Rennsports inspiriert ist. Seine Rohrstruktur aus hochdichtem Karbonstahl mit einem Durchmesser von 48 mm garantiert optimale Steifigkeit, und die Montageplatten sorgen f\u00fcr volle Kompatibilit\u00e4t mit den L\u00f6sungen f\u00fchrender Marken wie Fanatec\u00ae, Moza\u00ae, Thrustmaster\u00ae, Logitech\u00ae, Turtle Beach\u00ae oder Asetek\u00ae. Ausgestattet mit zahlreichen Einstellungsoptionen bietet dieses Cockpit ein ergonomisches Cockpit, das f\u00fcr verschiedene Fahrmodi, GT, Drift, F1 und Rallye geeignet ist.<\/p>\n<p><span style=\"text-decoration: underline;\"><strong>St\u00e4rken<\/strong><\/span><\/p>\n<p>\u2705 Inklusive Full Force Kit f\u00fcr optimale Steifigkeit und einen aggressiven Look.<br \/>\n\u2705 Echter Schalensitz aus Glasfaser mit Wildlederbezug, auf Gleitschienen montiert, geeignet f\u00fcr alle K\u00f6rpergr\u00f6\u00dfen von 1,50 m bis + 2,10 m bei einer Tragf\u00e4higkeit von bis zu 150 KG.<br \/>\n\u2705 Lasergeschnittenes Markenlogo auf den Winkeln der Wanne.<br \/>\n\u2705 Verst\u00e4rkte Tretlagerhalterung, die die Montage von LoadCell-Pedalen auch im flachen Zustand erm\u00f6glicht.<br \/>\n\u2705 Vielf\u00e4ltige Einstellm\u00f6glichkeiten verf\u00fcgbar, schnelle Anpassung durch Verwendung von Klemmr\u00e4dern<br \/>\n\u2705 In H\u00f6he und Neigung verstellbare Lenkradhalterung, die mit den Technologien Force Feedback Direct Drive und Riemen kompatibel ist.<br \/>\n\u2705 Hochwertige Schrauben aus Nickelstahl und Gewindeeins\u00e4tze aus der Automobilindustrie.<br \/>\n\u2705 Versteifungswinkel an der Vorder- und R\u00fcckseite des Rahmens mit l\u00e4nglichen Nuten mit 6 mm Durchmesser, die den Einbau von Zubeh\u00f6r erm\u00f6glichen, das im 3D-Druckverfahren oder mit anderen Methoden im Sinne von &#8221;Do It Yourself&#8221; (DIY) hergestellt wurde.<br \/>\n\u2705 Gestell mit acht angeschwei\u00dften Muttern, die verwendet werden k\u00f6nnen, um entweder die mitgelieferten Oplite-Kugelf\u00fc\u00dfe oder den optionalen Hochleistungsradsatz CASTOR WHEEL GTR S8 zu befestigen.<br \/>\n\u2705 Die neuesten technologischen Fortschritte er\u00f6ffnen neue M\u00f6glichkeiten f\u00fcr die Flugsimulation durch den optionalen SIMRACING &amp; FLIGHTSIM HOLDER.<\/p>\n<p><u><b>Technische Daten <\/b><\/u><\/p>\n<p><b>Fahrgestelle: <\/b><br \/>\n\u2022 Rohrstruktur \u00d8 48mm x 2mm dick<br \/>\n\u2022 Full Force Kit enthalten<br \/>\n\u2022 Hochfeste Lackierung in Schwarz &amp; Rot f\u00fcr eine hochwertige Verarbeitung<br \/>\n<b>Lenkradst\u00e4nder: <\/b><br \/>\n\u2022 30\u00b0 Hoch-\/Runter-Einstellung<br \/>\n\u2022 Neigung nach oben\/unten 30\u00b0<br \/>\n<b>Pedalunterst\u00fctzung: <\/b><br \/>\n\u2022 Tiefeneinstellung Erm\u00f6glicht die 200mm Vorder-\/Hinterposition und die Neigung von 0\u00b0 bis +30\u00b0, um sich an Ihre K\u00f6rpergr\u00f6\u00dfe anzupassen<br \/>\n<b>Schalensitz: <\/b><br \/>\n\u2022 Einstellbare Tiefe<br \/>\n\u2022 H\u00f6he und Neigung vorne\/hinten von -6\u00b0 bis +6\u00b0 und +5\/-5cm verstellbar<br \/>\n\u2022 Schale aus glasfaserverst\u00e4rktem Polyester (GRP), schwarz satiniert.<br \/>\n\u2022 Veloursleder und Schaumstoff mit hoher Dichte 32Kg\/m3<br \/>\n\u2022 5 Gurtdurchf\u00fchrungen\/ kompatibel mit 3- oder 4-Punkt-Gurten<br \/>\n\u2022 Schienenbefestigungen f\u00fcr 220mm Verstellung<br \/>\n<b>Produktkompatibilit\u00e4t: <\/b><br \/>\n100% kompatibel* mit Lenkr\u00e4dern und Pedalen der Marken Fanatec\u00ae, Moza\u00ae, Thrustmaster\u00ae**, Logitech\u00ae, Turtle Beach\u00ae, Nacon\u00ae, Revosim\u00ae oder Asetek\u00ae<\/p>\n<p><small>*F\u00fcr eine optimale Kompatibilit\u00e4t mit bestimmten Ger\u00e4ten k\u00f6nnen kleine Anpassungen erforderlich sein. Seien Sie unbesorgt: Die Qualit\u00e4t und Garantie Ihres Produkts bleiben davon unber\u00fchrt.<br \/>\n**Alle Thrusmaster-Produkte au\u00dfer T150 und TMX<\/small><\/p>\n","protected":false},"excerpt":{"rendered":"<p>Das Cockpit <strong>GTR S8 ELITE FORCE Red<\/strong> ist die Premium-Version des beliebten GTR S8 Infinity. Es beh\u00e4lt daher die gleichen technischen Eigenschaften und zeichnet sich durch eine elegantere \u00e4sthetische Verarbeitung aus.<\/p>\n<p>Zu diesen Entwicklungen z\u00e4hlen:<\/p>\n<ul>\n<li>Ein hochwertiges, lackiertes Zweifarbig-Gem\u00e4lde,<\/li>\n<li>Laserschneiden des Logos \u00abGTR S8\u00bb unter dem Schalensitz,<\/li>\n<li>Ein Sitzbezug aus Wildleder (entspricht Alcantara).<\/li>\n<\/ul>\n[embed]https:\/\/www.youtube.com\/watch?v=kygailipLPY&#038;t=33s[\/embed]\n","protected":false},"featured_media":38485,"template":"","meta":{"_acf_changed":false,"footnotes":""},"product_brand":[],"product_cat":[694],"product_tag":[],"class_list":{"0":"post-37800","1":"product","2":"type-product","3":"status-publish","4":"has-post-thumbnail","6":"product_cat-cockpit-gtr-s8-elite-de","7":"pa_colisage-pcb-824","8":"pa_colisage-pcb-1-de","10":"first","11":"outofstock","12":"taxable","13":"shipping-taxable","14":"purchasable","15":"product-type-simple"},"bundled_by":[],"bundle_stock_status":"outofstock","bundle_stock_quantity":0,"bundle_virtual":false,"bundle_layout":"","bundle_add_to_cart_form_location":"","bundle_editable_in_cart":false,"bundle_sold_individually_context":"","bundle_item_grouping":"","bundle_min_size":"","bundle_max_size":"","bundle_price":[],"bundled_items":[],"bundle_sell_ids":[],"acf":[],"yoast_head":"<!-- This site is optimized with the Yoast SEO plugin v27.3 - https:\/\/yoast.com\/product\/yoast-seo-wordpress\/ -->\n<title>Cockpit GTR S8 Elite Force Red - OPLITE<\/title>\n<meta name=\"robots\" content=\"index, follow, max-snippet:-1, max-image-preview:large, max-video-preview:-1\" \/>\n<link rel=\"canonical\" href=\"https:\/\/oplitegames.com\/de\/produkt\/cockpit-gtr-s8-elite-force-red\/\" \/>\n<meta property=\"og:locale\" content=\"de_DE\" \/>\n<meta property=\"og:type\" content=\"article\" \/>\n<meta property=\"og:title\" content=\"Cockpit GTR S8 Elite Force Red - OPLITE\" \/>\n<meta property=\"og:description\" content=\"Das Cockpit GTR S8 ELITE FORCE Red ist die Premium-Version des beliebten GTR S8 Infinity. Es beh\u00e4lt daher die gleichen technischen Eigenschaften und zeichnet sich durch eine elegantere \u00e4sthetische Verarbeitung aus.  Zu diesen Entwicklungen z\u00e4hlen:   Ein hochwertiges, lackiertes Zweifarbig-Gem\u00e4lde,  Laserschneiden des Logos \u00abGTR S8\u00bb unter dem Schalensitz,  Ein Sitzbezug aus Wildleder (entspricht Alcantara).\" \/>\n<meta property=\"og:url\" content=\"https:\/\/oplitegames.com\/de\/produkt\/cockpit-gtr-s8-elite-force-red\/\" \/>\n<meta property=\"og:site_name\" content=\"OPLITE\" \/>\n<meta property=\"article:modified_time\" content=\"2025-11-17T08:32:43+00:00\" \/>\n<meta property=\"og:image\" content=\"https:\/\/oplitegames.com\/wp-content\/uploads\/OP-GTR-EFR_1-1.png\" \/>\n\t<meta property=\"og:image:width\" content=\"1000\" \/>\n\t<meta property=\"og:image:height\" content=\"1000\" \/>\n\t<meta property=\"og:image:type\" content=\"image\/png\" \/>\n<meta name=\"twitter:card\" content=\"summary_large_image\" \/>\n<meta name=\"twitter:label1\" content=\"Price\" \/>\n\t<meta name=\"twitter:data1\" content=\"599,90&nbsp;&euro;\" \/>\n\t<meta name=\"twitter:label2\" content=\"Availability\" \/>\n\t<meta name=\"twitter:data2\" content=\"Out of stock\" \/>\n<script type=\"application\/ld+json\" class=\"yoast-schema-graph\">{\"@context\":\"https:\\\/\\\/schema.org\",\"@graph\":[{\"@type\":[\"WebPage\",\"ItemPage\"],\"@id\":\"https:\\\/\\\/oplitegames.com\\\/de\\\/produkt\\\/cockpit-gtr-s8-elite-force-red\\\/\",\"url\":\"https:\\\/\\\/oplitegames.com\\\/de\\\/produkt\\\/cockpit-gtr-s8-elite-force-red\\\/\",\"name\":\"Cockpit GTR S8 Elite Force Red - OPLITE\",\"isPartOf\":{\"@id\":\"https:\\\/\\\/oplitegames.com\\\/#website\"},\"primaryImageOfPage\":{\"@id\":\"https:\\\/\\\/oplitegames.com\\\/de\\\/produkt\\\/cockpit-gtr-s8-elite-force-red\\\/#primaryimage\"},\"image\":{\"@id\":\"https:\\\/\\\/oplitegames.com\\\/de\\\/produkt\\\/cockpit-gtr-s8-elite-force-red\\\/#primaryimage\"},\"thumbnailUrl\":\"https:\\\/\\\/oplitegames-preprod.ezratis.fr\\\/wp-content\\\/uploads\\\/OP-GTR-EFR_1-1.png\",\"datePublished\":\"2024-09-09T12:48:21+00:00\",\"dateModified\":\"2025-11-17T08:32:43+00:00\",\"breadcrumb\":{\"@id\":\"https:\\\/\\\/oplitegames.com\\\/de\\\/produkt\\\/cockpit-gtr-s8-elite-force-red\\\/#breadcrumb\"},\"inLanguage\":\"de-DE\",\"potentialAction\":[{\"@type\":\"ReadAction\",\"target\":[\"https:\\\/\\\/oplitegames.com\\\/de\\\/produkt\\\/cockpit-gtr-s8-elite-force-red\\\/\"]}]},{\"@type\":\"ImageObject\",\"inLanguage\":\"de-DE\",\"@id\":\"https:\\\/\\\/oplitegames.com\\\/de\\\/produkt\\\/cockpit-gtr-s8-elite-force-red\\\/#primaryimage\",\"url\":\"https:\\\/\\\/oplitegames-preprod.ezratis.fr\\\/wp-content\\\/uploads\\\/OP-GTR-EFR_1-1.png\",\"contentUrl\":\"https:\\\/\\\/oplitegames-preprod.ezratis.fr\\\/wp-content\\\/uploads\\\/OP-GTR-EFR_1-1.png\",\"width\":1000,\"height\":1000},{\"@type\":\"BreadcrumbList\",\"@id\":\"https:\\\/\\\/oplitegames.com\\\/de\\\/produkt\\\/cockpit-gtr-s8-elite-force-red\\\/#breadcrumb\",\"itemListElement\":[{\"@type\":\"ListItem\",\"position\":1,\"name\":\"Home\",\"item\":\"https:\\\/\\\/oplitegames.com\\\/de\\\/\"},{\"@type\":\"ListItem\",\"position\":2,\"name\":\"Gesch\u00e4ft\",\"item\":\"https:\\\/\\\/oplitegames.com\\\/de\\\/geschaeft\\\/\"},{\"@type\":\"ListItem\",\"position\":3,\"name\":\"Cockpit GTR S8 Elite Force Red\"}]},{\"@type\":\"WebSite\",\"@id\":\"https:\\\/\\\/oplitegames.com\\\/#website\",\"url\":\"https:\\\/\\\/oplitegames.com\\\/\",\"name\":\"OPLITE\",\"description\":\"\",\"publisher\":{\"@id\":\"https:\\\/\\\/oplitegames.com\\\/#organization\"},\"potentialAction\":[{\"@type\":\"SearchAction\",\"target\":{\"@type\":\"EntryPoint\",\"urlTemplate\":\"https:\\\/\\\/oplitegames.com\\\/?s={search_term_string}\"},\"query-input\":{\"@type\":\"PropertyValueSpecification\",\"valueRequired\":true,\"valueName\":\"search_term_string\"}}],\"inLanguage\":\"de-DE\"},{\"@type\":\"Organization\",\"@id\":\"https:\\\/\\\/oplitegames.com\\\/#organization\",\"name\":\"OPLITE\",\"url\":\"https:\\\/\\\/oplitegames.com\\\/\",\"logo\":{\"@type\":\"ImageObject\",\"inLanguage\":\"de-DE\",\"@id\":\"https:\\\/\\\/oplitegames.com\\\/#\\\/schema\\\/logo\\\/image\\\/\",\"url\":\"https:\\\/\\\/oplitegames-preprod.ezratis.fr\\\/wp-content\\\/uploads\\\/cropped-cropped-Oplite-Blanc-casse-002-scaled-1.png\",\"contentUrl\":\"https:\\\/\\\/oplitegames-preprod.ezratis.fr\\\/wp-content\\\/uploads\\\/cropped-cropped-Oplite-Blanc-casse-002-scaled-1.png\",\"width\":2509,\"height\":597,\"caption\":\"OPLITE\"},\"image\":{\"@id\":\"https:\\\/\\\/oplitegames.com\\\/#\\\/schema\\\/logo\\\/image\\\/\"}}]}<\/script>\n<meta property=\"product:price:amount\" content=\"599.90\" \/>\n<meta property=\"product:price:currency\" content=\"EUR\" \/>\n<meta property=\"og:availability\" content=\"out of stock\" \/>\n<meta property=\"product:availability\" content=\"out of stock\" \/>\n<meta property=\"product:retailer_item_id\" content=\"100732\" \/>\n<meta property=\"product:condition\" content=\"new\" \/>\n<!-- \/ Yoast SEO plugin. -->","yoast_head_json":{"title":"Cockpit GTR S8 Elite Force Red - OPLITE","robots":{"index":"index","follow":"follow","max-snippet":"max-snippet:-1","max-image-preview":"max-image-preview:large","max-video-preview":"max-video-preview:-1"},"canonical":"https:\/\/oplitegames.com\/de\/produkt\/cockpit-gtr-s8-elite-force-red\/","og_locale":"de_DE","og_type":"article","og_title":"Cockpit GTR S8 Elite Force Red - OPLITE","og_description":"Das Cockpit GTR S8 ELITE FORCE Red ist die Premium-Version des beliebten GTR S8 Infinity. Es beh\u00e4lt daher die gleichen technischen Eigenschaften und zeichnet sich durch eine elegantere \u00e4sthetische Verarbeitung aus.  Zu diesen Entwicklungen z\u00e4hlen:   Ein hochwertiges, lackiertes Zweifarbig-Gem\u00e4lde,  Laserschneiden des Logos \u00abGTR S8\u00bb unter dem Schalensitz,  Ein Sitzbezug aus Wildleder (entspricht Alcantara).","og_url":"https:\/\/oplitegames.com\/de\/produkt\/cockpit-gtr-s8-elite-force-red\/","og_site_name":"OPLITE","article_modified_time":"2025-11-17T08:32:43+00:00","og_image":[{"width":1000,"height":1000,"url":"https:\/\/oplitegames.com\/wp-content\/uploads\/OP-GTR-EFR_1-1.png","type":"image\/png"}],"twitter_card":"summary_large_image","twitter_misc":{"Price":"599,90&nbsp;&euro;","Availability":"Out of stock"},"schema":{"@context":"https:\/\/schema.org","@graph":[{"@type":["WebPage","ItemPage"],"@id":"https:\/\/oplitegames.com\/de\/produkt\/cockpit-gtr-s8-elite-force-red\/","url":"https:\/\/oplitegames.com\/de\/produkt\/cockpit-gtr-s8-elite-force-red\/","name":"Cockpit GTR S8 Elite Force Red - OPLITE","isPartOf":{"@id":"https:\/\/oplitegames.com\/#website"},"primaryImageOfPage":{"@id":"https:\/\/oplitegames.com\/de\/produkt\/cockpit-gtr-s8-elite-force-red\/#primaryimage"},"image":{"@id":"https:\/\/oplitegames.com\/de\/produkt\/cockpit-gtr-s8-elite-force-red\/#primaryimage"},"thumbnailUrl":"https:\/\/oplitegames-preprod.ezratis.fr\/wp-content\/uploads\/OP-GTR-EFR_1-1.png","datePublished":"2024-09-09T12:48:21+00:00","dateModified":"2025-11-17T08:32:43+00:00","breadcrumb":{"@id":"https:\/\/oplitegames.com\/de\/produkt\/cockpit-gtr-s8-elite-force-red\/#breadcrumb"},"inLanguage":"de-DE","potentialAction":[{"@type":"ReadAction","target":["https:\/\/oplitegames.com\/de\/produkt\/cockpit-gtr-s8-elite-force-red\/"]}]},{"@type":"ImageObject","inLanguage":"de-DE","@id":"https:\/\/oplitegames.com\/de\/produkt\/cockpit-gtr-s8-elite-force-red\/#primaryimage","url":"https:\/\/oplitegames-preprod.ezratis.fr\/wp-content\/uploads\/OP-GTR-EFR_1-1.png","contentUrl":"https:\/\/oplitegames-preprod.ezratis.fr\/wp-content\/uploads\/OP-GTR-EFR_1-1.png","width":1000,"height":1000},{"@type":"BreadcrumbList","@id":"https:\/\/oplitegames.com\/de\/produkt\/cockpit-gtr-s8-elite-force-red\/#breadcrumb","itemListElement":[{"@type":"ListItem","position":1,"name":"Home","item":"https:\/\/oplitegames.com\/de\/"},{"@type":"ListItem","position":2,"name":"Gesch\u00e4ft","item":"https:\/\/oplitegames.com\/de\/geschaeft\/"},{"@type":"ListItem","position":3,"name":"Cockpit GTR S8 Elite Force Red"}]},{"@type":"WebSite","@id":"https:\/\/oplitegames.com\/#website","url":"https:\/\/oplitegames.com\/","name":"OPLITE","description":"","publisher":{"@id":"https:\/\/oplitegames.com\/#organization"},"potentialAction":[{"@type":"SearchAction","target":{"@type":"EntryPoint","urlTemplate":"https:\/\/oplitegames.com\/?s={search_term_string}"},"query-input":{"@type":"PropertyValueSpecification","valueRequired":true,"valueName":"search_term_string"}}],"inLanguage":"de-DE"},{"@type":"Organization","@id":"https:\/\/oplitegames.com\/#organization","name":"OPLITE","url":"https:\/\/oplitegames.com\/","logo":{"@type":"ImageObject","inLanguage":"de-DE","@id":"https:\/\/oplitegames.com\/#\/schema\/logo\/image\/","url":"https:\/\/oplitegames-preprod.ezratis.fr\/wp-content\/uploads\/cropped-cropped-Oplite-Blanc-casse-002-scaled-1.png","contentUrl":"https:\/\/oplitegames-preprod.ezratis.fr\/wp-content\/uploads\/cropped-cropped-Oplite-Blanc-casse-002-scaled-1.png","width":2509,"height":597,"caption":"OPLITE"},"image":{"@id":"https:\/\/oplitegames.com\/#\/schema\/logo\/image\/"}}]},"product_price_amount":"599.90","product_price_currency":"EUR","og_availability":"out of stock","product_availability":"out of stock","product_retailer_item_id":"100732","product_condition":"new"},"_links":{"self":[{"href":"https:\/\/oplitegames-preprod.ezratis.fr\/de\/wp-json\/wp\/v2\/product\/37800","targetHints":{"allow":["GET"]}}],"collection":[{"href":"https:\/\/oplitegames-preprod.ezratis.fr\/de\/wp-json\/wp\/v2\/product"}],"about":[{"href":"https:\/\/oplitegames-preprod.ezratis.fr\/de\/wp-json\/wp\/v2\/types\/product"}],"version-history":[{"count":11,"href":"https:\/\/oplitegames-preprod.ezratis.fr\/de\/wp-json\/wp\/v2\/product\/37800\/revisions"}],"predecessor-version":[{"id":61546,"href":"https:\/\/oplitegames-preprod.ezratis.fr\/de\/wp-json\/wp\/v2\/product\/37800\/revisions\/61546"}],"wp:featuredmedia":[{"embeddable":true,"href":"https:\/\/oplitegames-preprod.ezratis.fr\/de\/wp-json\/wp\/v2\/media\/38485"}],"wp:attachment":[{"href":"https:\/\/oplitegames-preprod.ezratis.fr\/de\/wp-json\/wp\/v2\/media?parent=37800"}],"wp:term":[{"taxonomy":"product_brand","embeddable":true,"href":"https:\/\/oplitegames-preprod.ezratis.fr\/de\/wp-json\/wp\/v2\/product_brand?post=37800"},{"taxonomy":"product_cat","embeddable":true,"href":"https:\/\/oplitegames-preprod.ezratis.fr\/de\/wp-json\/wp\/v2\/product_cat?post=37800"},{"taxonomy":"product_tag","embeddable":true,"href":"https:\/\/oplitegames-preprod.ezratis.fr\/de\/wp-json\/wp\/v2\/product_tag?post=37800"}],"curies":[{"name":"wp","href":"https:\/\/api.w.org\/{rel}","templated":true}]}}