{"id":42504,"date":"2025-01-10T11:15:38","date_gmt":"2025-01-10T10:15:38","guid":{"rendered":"https:\/\/oplitegames.com\/?post_type=product&#038;p=42504"},"modified":"2025-11-25T03:01:47","modified_gmt":"2025-11-25T02:01:47","slug":"monitor-stand-gtr-s3-s8-white","status":"publish","type":"product","link":"https:\/\/oplitegames-preprod.ezratis.fr\/de\/produkt\/monitor-stand-gtr-s3-s8-white\/","title":{"rendered":"Monitor Stand GTR S3\/S8 White"},"content":{"rendered":"<p>Ihr Bildschirm ist jetzt dank des <strong>MONITOR STAND GTR WHITE V2<\/strong> perfekt in Ihr Cockpit integriert! Dieser Einzelbildschirmhalter wurde speziell f\u00fcr die Installation auf allen CockpitGenerationen der GTR-Serie der Marke OPLITE entwickelt. Wie Ihr Cockpit ist auch sein Designvon der Welt des Rennsports inspiriert, und die Einstellungsm\u00f6glichkeiten wurden sorgf\u00e4ltig verbessert, um eine Ergonomie zu bieten, die der Realit\u00e4t so nahe wie m\u00f6glich kommt. Sie werden vom Aussehen und der allgemeinen Robustheit Ihrer gesamten Fahrerausr\u00fcstung sowie von den vielf\u00e4ltigen Einstellungsm\u00f6glichkeiten begeistert sein.<\/p>\n<p><span style=\"text-decoration: underline;\"><strong>Technische Daten :<\/strong><\/span><\/p>\n<ul>\n<li>Rohrstruktur mit einem Durchmesser von \u00d848 mm garantiert maximale Stabilit\u00e4t und Steifigkeit.<\/li>\n<li>Hochwertige Schrauben aus Nickelstahl und Gewindeeins\u00e4tze aus der Automobilindustrie.<\/li>\n<li>Anzeigeh\u00f6he in 2 Positionen einstellbar f\u00fcr optimalen Sichtkomfort: 955\/1005mm.<\/li>\n<li>Anzeigetiefe verstellbar in einem Bereich von 60 mm.<\/li>\n<li>Anti-Diebstahl-Verriegelungssystem, um Ihren Bildschirm zu sichern.<\/li>\n<li>Inklusive Schrauben, mit denen Sie Ihren Bildschirm befestigen k\u00f6nnen \/ f\u00fcr die meisten Bildschirme geeignet<\/li>\n<\/ul>\n<p><span style=\"text-decoration: underline;\"><strong>Kompatibilit\u00e4t mit Bildschirmen :<\/strong><\/span><\/p>\n<ul>\n<li>Alle Arten von Bildschirmen (PC-Monitore oder Fernseher) bis zu einer Gr\u00f6\u00dfe von 50 Zoll.<\/li>\n<li>Alle Arten von Bildschirmen, VESA Standards:75\u00d775,100\u00d7100,200\u00d7100,200\u00d7200,300\u00d7200,400\u00d7200.<\/li>\n<\/ul>\n<p><span style=\"text-decoration: underline;\"><strong>Produktkompatibilit\u00e4t :<\/strong><\/span><br \/>\n100% Kompatibel mit den Cockpits der GTR-Serie WHITE.<\/p>\n","protected":false},"excerpt":{"rendered":"<p>OPLITE, der Experte f\u00fcr die Entwicklung ergonomischer Produkte f\u00fcr den B\u00fcro- und GamingBereich, stellt Ihnen seinen <strong>MONITOR STAND GTR WHITE V2<\/strong> vor, der mit allen Generationen von OPLITE WHITE GTR-Cockpits kompatibel ist. Es ist an der Zeit, vom Spieler zum Piloten zu werden! Autorennen oder Aviation, treffen Sie Ihre Wahl!<\/p>\n[embed]https:\/\/youtu.be\/yDJwHIkV1Tw[\/embed]\n<p>&nbsp;<\/p>\n","protected":false},"featured_media":43113,"template":"","meta":{"_acf_changed":false,"footnotes":""},"product_brand":[],"product_cat":[795,692],"product_tag":[],"class_list":{"0":"post-42504","1":"product","2":"type-product","3":"status-publish","4":"has-post-thumbnail","6":"product_cat-cockpit-s8-ultra-de","7":"product_cat-simulatoren","8":"pa_colisage-pcb-824","9":"pa_colisage-pcb-1-de","11":"first","12":"outofstock","13":"taxable","14":"shipping-taxable","15":"purchasable","16":"product-type-simple"},"bundled_by":[],"bundle_stock_status":"outofstock","bundle_stock_quantity":0,"bundle_virtual":false,"bundle_layout":"","bundle_add_to_cart_form_location":"","bundle_editable_in_cart":false,"bundle_sold_individually_context":"","bundle_item_grouping":"","bundle_min_size":"","bundle_max_size":"","bundle_price":[],"bundled_items":[],"bundle_sell_ids":[],"acf":[],"yoast_head":"<!-- This site is optimized with the Yoast SEO plugin v27.3 - https:\/\/yoast.com\/product\/yoast-seo-wordpress\/ -->\n<title>Monitor Stand GTR S3\/S8 White - OPLITE<\/title>\n<meta name=\"robots\" content=\"index, follow, max-snippet:-1, max-image-preview:large, max-video-preview:-1\" \/>\n<link rel=\"canonical\" href=\"https:\/\/oplitegames.com\/de\/produkt\/monitor-stand-gtr-s3-s8-white\/\" \/>\n<meta property=\"og:locale\" content=\"de_DE\" \/>\n<meta property=\"og:type\" content=\"article\" \/>\n<meta property=\"og:title\" content=\"Monitor Stand GTR S3\/S8 White - OPLITE\" \/>\n<meta property=\"og:description\" content=\"OPLITE, der Experte f\u00fcr die Entwicklung ergonomischer Produkte f\u00fcr den B\u00fcro- und GamingBereich, stellt Ihnen seinen MONITOR STAND GTR WHITE V2 vor, der mit allen Generationen von OPLITE WHITE GTR-Cockpits kompatibel ist. Es ist an der Zeit, vom Spieler zum Piloten zu werden! Autorennen oder Aviation, treffen Sie Ihre Wahl!    &nbsp;\" \/>\n<meta property=\"og:url\" content=\"https:\/\/oplitegames.com\/de\/produkt\/monitor-stand-gtr-s3-s8-white\/\" \/>\n<meta property=\"og:site_name\" content=\"OPLITE\" \/>\n<meta property=\"article:modified_time\" content=\"2025-11-25T02:01:47+00:00\" \/>\n<meta property=\"og:image\" content=\"https:\/\/oplitegames.com\/wp-content\/uploads\/OPLITE-MONITOR-STAND-GTR-S3_S8-WHITE-OP-SMS-GTRW_01.png\" \/>\n\t<meta property=\"og:image:width\" content=\"2750\" \/>\n\t<meta property=\"og:image:height\" content=\"2750\" \/>\n\t<meta property=\"og:image:type\" content=\"image\/png\" \/>\n<meta name=\"twitter:card\" content=\"summary_large_image\" \/>\n<meta name=\"twitter:label1\" content=\"Price\" \/>\n\t<meta name=\"twitter:data1\" content=\"99,90&nbsp;&euro;\" \/>\n\t<meta name=\"twitter:label2\" content=\"Availability\" \/>\n\t<meta name=\"twitter:data2\" content=\"Out of stock\" \/>\n<script type=\"application\/ld+json\" class=\"yoast-schema-graph\">{\"@context\":\"https:\\\/\\\/schema.org\",\"@graph\":[{\"@type\":[\"WebPage\",\"ItemPage\"],\"@id\":\"https:\\\/\\\/oplitegames.com\\\/de\\\/produkt\\\/monitor-stand-gtr-s3-s8-white\\\/\",\"url\":\"https:\\\/\\\/oplitegames.com\\\/de\\\/produkt\\\/monitor-stand-gtr-s3-s8-white\\\/\",\"name\":\"Monitor Stand GTR S3\\\/S8 White - OPLITE\",\"isPartOf\":{\"@id\":\"https:\\\/\\\/oplitegames.com\\\/#website\"},\"primaryImageOfPage\":{\"@id\":\"https:\\\/\\\/oplitegames.com\\\/de\\\/produkt\\\/monitor-stand-gtr-s3-s8-white\\\/#primaryimage\"},\"image\":{\"@id\":\"https:\\\/\\\/oplitegames.com\\\/de\\\/produkt\\\/monitor-stand-gtr-s3-s8-white\\\/#primaryimage\"},\"thumbnailUrl\":\"https:\\\/\\\/oplitegames-preprod.ezratis.fr\\\/wp-content\\\/uploads\\\/OPLITE-MONITOR-STAND-GTR-S3_S8-WHITE-OP-SMS-GTRW_01.png\",\"datePublished\":\"2025-01-10T10:15:38+00:00\",\"dateModified\":\"2025-11-25T02:01:47+00:00\",\"breadcrumb\":{\"@id\":\"https:\\\/\\\/oplitegames.com\\\/de\\\/produkt\\\/monitor-stand-gtr-s3-s8-white\\\/#breadcrumb\"},\"inLanguage\":\"de-DE\",\"potentialAction\":[{\"@type\":\"ReadAction\",\"target\":[\"https:\\\/\\\/oplitegames.com\\\/de\\\/produkt\\\/monitor-stand-gtr-s3-s8-white\\\/\"]}]},{\"@type\":\"ImageObject\",\"inLanguage\":\"de-DE\",\"@id\":\"https:\\\/\\\/oplitegames.com\\\/de\\\/produkt\\\/monitor-stand-gtr-s3-s8-white\\\/#primaryimage\",\"url\":\"https:\\\/\\\/oplitegames-preprod.ezratis.fr\\\/wp-content\\\/uploads\\\/OPLITE-MONITOR-STAND-GTR-S3_S8-WHITE-OP-SMS-GTRW_01.png\",\"contentUrl\":\"https:\\\/\\\/oplitegames-preprod.ezratis.fr\\\/wp-content\\\/uploads\\\/OPLITE-MONITOR-STAND-GTR-S3_S8-WHITE-OP-SMS-GTRW_01.png\",\"width\":2750,\"height\":2750},{\"@type\":\"BreadcrumbList\",\"@id\":\"https:\\\/\\\/oplitegames.com\\\/de\\\/produkt\\\/monitor-stand-gtr-s3-s8-white\\\/#breadcrumb\",\"itemListElement\":[{\"@type\":\"ListItem\",\"position\":1,\"name\":\"Home\",\"item\":\"https:\\\/\\\/oplitegames.com\\\/de\\\/\"},{\"@type\":\"ListItem\",\"position\":2,\"name\":\"Gesch\u00e4ft\",\"item\":\"https:\\\/\\\/oplitegames.com\\\/de\\\/geschaeft\\\/\"},{\"@type\":\"ListItem\",\"position\":3,\"name\":\"Monitor Stand GTR S3\\\/S8 White\"}]},{\"@type\":\"WebSite\",\"@id\":\"https:\\\/\\\/oplitegames.com\\\/#website\",\"url\":\"https:\\\/\\\/oplitegames.com\\\/\",\"name\":\"OPLITE\",\"description\":\"\",\"publisher\":{\"@id\":\"https:\\\/\\\/oplitegames.com\\\/#organization\"},\"potentialAction\":[{\"@type\":\"SearchAction\",\"target\":{\"@type\":\"EntryPoint\",\"urlTemplate\":\"https:\\\/\\\/oplitegames.com\\\/?s={search_term_string}\"},\"query-input\":{\"@type\":\"PropertyValueSpecification\",\"valueRequired\":true,\"valueName\":\"search_term_string\"}}],\"inLanguage\":\"de-DE\"},{\"@type\":\"Organization\",\"@id\":\"https:\\\/\\\/oplitegames.com\\\/#organization\",\"name\":\"OPLITE\",\"url\":\"https:\\\/\\\/oplitegames.com\\\/\",\"logo\":{\"@type\":\"ImageObject\",\"inLanguage\":\"de-DE\",\"@id\":\"https:\\\/\\\/oplitegames.com\\\/#\\\/schema\\\/logo\\\/image\\\/\",\"url\":\"https:\\\/\\\/oplitegames-preprod.ezratis.fr\\\/wp-content\\\/uploads\\\/cropped-cropped-Oplite-Blanc-casse-002-scaled-1.png\",\"contentUrl\":\"https:\\\/\\\/oplitegames-preprod.ezratis.fr\\\/wp-content\\\/uploads\\\/cropped-cropped-Oplite-Blanc-casse-002-scaled-1.png\",\"width\":2509,\"height\":597,\"caption\":\"OPLITE\"},\"image\":{\"@id\":\"https:\\\/\\\/oplitegames.com\\\/#\\\/schema\\\/logo\\\/image\\\/\"}}]}<\/script>\n<meta property=\"product:price:amount\" content=\"99.90\" \/>\n<meta property=\"product:price:currency\" content=\"EUR\" \/>\n<meta property=\"og:availability\" content=\"out of stock\" \/>\n<meta property=\"product:availability\" content=\"out of stock\" \/>\n<meta property=\"product:retailer_item_id\" content=\"101628\" \/>\n<meta property=\"product:condition\" content=\"new\" \/>\n<!-- \/ Yoast SEO plugin. -->","yoast_head_json":{"title":"Monitor Stand GTR S3\/S8 White - OPLITE","robots":{"index":"index","follow":"follow","max-snippet":"max-snippet:-1","max-image-preview":"max-image-preview:large","max-video-preview":"max-video-preview:-1"},"canonical":"https:\/\/oplitegames.com\/de\/produkt\/monitor-stand-gtr-s3-s8-white\/","og_locale":"de_DE","og_type":"article","og_title":"Monitor Stand GTR S3\/S8 White - OPLITE","og_description":"OPLITE, der Experte f\u00fcr die Entwicklung ergonomischer Produkte f\u00fcr den B\u00fcro- und GamingBereich, stellt Ihnen seinen MONITOR STAND GTR WHITE V2 vor, der mit allen Generationen von OPLITE WHITE GTR-Cockpits kompatibel ist. Es ist an der Zeit, vom Spieler zum Piloten zu werden! Autorennen oder Aviation, treffen Sie Ihre Wahl!    &nbsp;","og_url":"https:\/\/oplitegames.com\/de\/produkt\/monitor-stand-gtr-s3-s8-white\/","og_site_name":"OPLITE","article_modified_time":"2025-11-25T02:01:47+00:00","og_image":[{"width":2750,"height":2750,"url":"https:\/\/oplitegames.com\/wp-content\/uploads\/OPLITE-MONITOR-STAND-GTR-S3_S8-WHITE-OP-SMS-GTRW_01.png","type":"image\/png"}],"twitter_card":"summary_large_image","twitter_misc":{"Price":"99,90&nbsp;&euro;","Availability":"Out of stock"},"schema":{"@context":"https:\/\/schema.org","@graph":[{"@type":["WebPage","ItemPage"],"@id":"https:\/\/oplitegames.com\/de\/produkt\/monitor-stand-gtr-s3-s8-white\/","url":"https:\/\/oplitegames.com\/de\/produkt\/monitor-stand-gtr-s3-s8-white\/","name":"Monitor Stand GTR S3\/S8 White - OPLITE","isPartOf":{"@id":"https:\/\/oplitegames.com\/#website"},"primaryImageOfPage":{"@id":"https:\/\/oplitegames.com\/de\/produkt\/monitor-stand-gtr-s3-s8-white\/#primaryimage"},"image":{"@id":"https:\/\/oplitegames.com\/de\/produkt\/monitor-stand-gtr-s3-s8-white\/#primaryimage"},"thumbnailUrl":"https:\/\/oplitegames-preprod.ezratis.fr\/wp-content\/uploads\/OPLITE-MONITOR-STAND-GTR-S3_S8-WHITE-OP-SMS-GTRW_01.png","datePublished":"2025-01-10T10:15:38+00:00","dateModified":"2025-11-25T02:01:47+00:00","breadcrumb":{"@id":"https:\/\/oplitegames.com\/de\/produkt\/monitor-stand-gtr-s3-s8-white\/#breadcrumb"},"inLanguage":"de-DE","potentialAction":[{"@type":"ReadAction","target":["https:\/\/oplitegames.com\/de\/produkt\/monitor-stand-gtr-s3-s8-white\/"]}]},{"@type":"ImageObject","inLanguage":"de-DE","@id":"https:\/\/oplitegames.com\/de\/produkt\/monitor-stand-gtr-s3-s8-white\/#primaryimage","url":"https:\/\/oplitegames-preprod.ezratis.fr\/wp-content\/uploads\/OPLITE-MONITOR-STAND-GTR-S3_S8-WHITE-OP-SMS-GTRW_01.png","contentUrl":"https:\/\/oplitegames-preprod.ezratis.fr\/wp-content\/uploads\/OPLITE-MONITOR-STAND-GTR-S3_S8-WHITE-OP-SMS-GTRW_01.png","width":2750,"height":2750},{"@type":"BreadcrumbList","@id":"https:\/\/oplitegames.com\/de\/produkt\/monitor-stand-gtr-s3-s8-white\/#breadcrumb","itemListElement":[{"@type":"ListItem","position":1,"name":"Home","item":"https:\/\/oplitegames.com\/de\/"},{"@type":"ListItem","position":2,"name":"Gesch\u00e4ft","item":"https:\/\/oplitegames.com\/de\/geschaeft\/"},{"@type":"ListItem","position":3,"name":"Monitor Stand GTR S3\/S8 White"}]},{"@type":"WebSite","@id":"https:\/\/oplitegames.com\/#website","url":"https:\/\/oplitegames.com\/","name":"OPLITE","description":"","publisher":{"@id":"https:\/\/oplitegames.com\/#organization"},"potentialAction":[{"@type":"SearchAction","target":{"@type":"EntryPoint","urlTemplate":"https:\/\/oplitegames.com\/?s={search_term_string}"},"query-input":{"@type":"PropertyValueSpecification","valueRequired":true,"valueName":"search_term_string"}}],"inLanguage":"de-DE"},{"@type":"Organization","@id":"https:\/\/oplitegames.com\/#organization","name":"OPLITE","url":"https:\/\/oplitegames.com\/","logo":{"@type":"ImageObject","inLanguage":"de-DE","@id":"https:\/\/oplitegames.com\/#\/schema\/logo\/image\/","url":"https:\/\/oplitegames-preprod.ezratis.fr\/wp-content\/uploads\/cropped-cropped-Oplite-Blanc-casse-002-scaled-1.png","contentUrl":"https:\/\/oplitegames-preprod.ezratis.fr\/wp-content\/uploads\/cropped-cropped-Oplite-Blanc-casse-002-scaled-1.png","width":2509,"height":597,"caption":"OPLITE"},"image":{"@id":"https:\/\/oplitegames.com\/#\/schema\/logo\/image\/"}}]},"product_price_amount":"99.90","product_price_currency":"EUR","og_availability":"out of stock","product_availability":"out of stock","product_retailer_item_id":"101628","product_condition":"new"},"_links":{"self":[{"href":"https:\/\/oplitegames-preprod.ezratis.fr\/de\/wp-json\/wp\/v2\/product\/42504","targetHints":{"allow":["GET"]}}],"collection":[{"href":"https:\/\/oplitegames-preprod.ezratis.fr\/de\/wp-json\/wp\/v2\/product"}],"about":[{"href":"https:\/\/oplitegames-preprod.ezratis.fr\/de\/wp-json\/wp\/v2\/types\/product"}],"version-history":[{"count":8,"href":"https:\/\/oplitegames-preprod.ezratis.fr\/de\/wp-json\/wp\/v2\/product\/42504\/revisions"}],"predecessor-version":[{"id":62382,"href":"https:\/\/oplitegames-preprod.ezratis.fr\/de\/wp-json\/wp\/v2\/product\/42504\/revisions\/62382"}],"wp:featuredmedia":[{"embeddable":true,"href":"https:\/\/oplitegames-preprod.ezratis.fr\/de\/wp-json\/wp\/v2\/media\/43113"}],"wp:attachment":[{"href":"https:\/\/oplitegames-preprod.ezratis.fr\/de\/wp-json\/wp\/v2\/media?parent=42504"}],"wp:term":[{"taxonomy":"product_brand","embeddable":true,"href":"https:\/\/oplitegames-preprod.ezratis.fr\/de\/wp-json\/wp\/v2\/product_brand?post=42504"},{"taxonomy":"product_cat","embeddable":true,"href":"https:\/\/oplitegames-preprod.ezratis.fr\/de\/wp-json\/wp\/v2\/product_cat?post=42504"},{"taxonomy":"product_tag","embeddable":true,"href":"https:\/\/oplitegames-preprod.ezratis.fr\/de\/wp-json\/wp\/v2\/product_tag?post=42504"}],"curies":[{"name":"wp","href":"https:\/\/api.w.org\/{rel}","templated":true}]}}