{"id":42998,"date":"2025-01-10T11:14:21","date_gmt":"2025-01-10T10:14:21","guid":{"rendered":"https:\/\/oplitegames.com\/?post_type=product&#038;p=42998"},"modified":"2026-01-20T10:44:10","modified_gmt":"2026-01-20T09:44:10","slug":"cockpit-gtr-s8-infinity-force-white","status":"publish","type":"product","link":"https:\/\/oplitegames-preprod.ezratis.fr\/de\/produkt\/cockpit-gtr-s8-infinity-force-white\/","title":{"rendered":"Cockpit GTR S8 Infinity Force White"},"content":{"rendered":"<p>Das <strong>OPLITE GTR S8 Infinity Force White<\/strong> Simulationscockpit kombiniert die neuesten Fortschritte der Marke in der Simracing-Technologie mit einem zeitlosen, von der Welt des Rennsports inspirierten Design. Seine Struktur aus hochverdichtetem Karbonstahl mit einem Durchmesser von 48 mm garantiert eine optimale Steifigkeit, und die Montageplatten gew\u00e4hrleisten eine vollst\u00e4ndige Kompatibilit\u00e4t mit L\u00f6sungen f\u00fchrender Marken wie Fanatec\u00ae, Moza\u00ae, Thrustmaster\u00ae, Logitech\u00ae, Turtle Beach\u00ae, Nacon\u00ae, oder Asetek\u00ae. Mit einer breiten Palette von Einstellm\u00f6glichkeiten bietet dieses Cockpit ein ergonomisches Cockpit, das f\u00fcr eine Vielzahl von Fahrmodi geeignet ist, darunter GT, Drift, F1 und Rally.<\/p>\n<p><span style=\"text-decoration: underline;\"><strong>H\u00f6hepunkte:<\/strong><\/span><\/p>\n<ul>\n<li>Echter Fiberglas-Schalensitz, auf Gleitern montiert, geeignet f\u00fcr alle Gr\u00f6\u00dfen von 1m50 bis + 2m10 f\u00fcr eine Tragf\u00e4higkeit von bis zu 150KG.<\/li>\n<li>Verst\u00e4rkte Pedalst\u00fctze f\u00fcr den Einbau von LoadCell-Pedalen, auch flach.<\/li>\n<li>Inklusive Full Force Kit f\u00fcr optimale Steifigkeit und aggressiven Look.<\/li>\n<li>Mehrere schnelle und einfache Anpassungen, dank der Verwendung von Schnellspannern.<\/li>\n<li>In H\u00f6he und Neigung verstellbare Lenkradbasis, die mit den Technologien Force Feedback Direct Drive und Riemen mit +25 Nm kompatibel ist.<\/li>\n<li>Hochwertige Schrauben und Gewindeeins\u00e4tze aus Nickelstahl aus der Automobilindustrie.<\/li>\n<li>Versteifungswinkel an der Vorder- und R\u00fcckseite des Fahrgestells mit l\u00e4nglichen Nuten von 6 mm Durchmesser, die den Einbau von Zubeh\u00f6rteilen aus dem 3D-Druck oder anderen Methoden im Sinne des &#8220;Do It Yourself&#8221; (DIY) erm\u00f6glichen.<\/li>\n<li>Das Chassis ist mit acht geschwei\u00dften Muttern ausgestattet, die zur Befestigung der mitgelieferten Oplite-Drehf\u00fc\u00dfe oder des optionalen Hochleistungsradsatzes CASTOR WHEEL GTR S8 verwendet werden k\u00f6nnen.<\/li>\n<li>Die neuesten technologischen Fortschritte er\u00f6ffnen neue M\u00f6glichkeiten der Flugsimulation mit dem optionalen SIMRACING &amp; FLIGHTSIM HOLDER.<\/li>\n<\/ul>\n<p><span style=\"text-decoration: underline;\"><strong>Technische Daten :<\/strong><\/span><\/p>\n<p><strong>Rahmen :<\/strong><br \/>\no Rohrrahmen \u00d8 48 mm x 2 mm dick<br \/>\no Inklusive vollst\u00e4ndigem Force-Kit<br \/>\no Hochbest\u00e4ndige gl\u00e4nzende wei\u00dfe Farbe f\u00fcr eine hochwertige Oberfl\u00e4che<\/p>\n<p><strong>Lenkradhalterung :<\/strong><br \/>\no Verstellung nach oben\/unten \u00b130<br \/>\no Neigung nach oben\/unten \u00b130<\/p>\n<p><strong>Pedalst\u00fctze :<\/strong><br \/>\no Tiefenverstellung Erm\u00f6glicht eine Vorw\u00e4rts-\/R\u00fcckw\u00e4rtsverstellung von \u00b1200 mm und eine Neigung von 0\u00b0 bis +30\u00b0, um sich Ihrer Morphologie anzupassen<\/p>\n<p><strong>Schalensitz :<\/strong><br \/>\no Einstellbare Tiefe<br \/>\no H\u00f6he und Neigung nach vorne\/hinten einstellbar von -6\u00b0 bis +6\u00b0 und +5\/-5cm<br \/>\no Schale aus glasfaserverst\u00e4rktem Polyester (GRP), satinierte schwarze Oberfl\u00e4che.<br \/>\no Schwarzer Mikrofaserbezug Hochdichter Schaumstoff 32Kg\/m3<br \/>\no 5 Gurtanschl\u00fcsse \/ Kompatibel mit 3- oder 4-Punkt-Gurten<br \/>\no Schiebeverschl\u00fcsse f\u00fcr \u00b1220mm Verstellung<\/p>\n<p><span style=\"text-decoration: underline;\"><strong>Produktkompatibilit\u00e4t:<\/strong><\/span><\/p>\n<p>100% Kompatibel* mit Fanatec\u00ae, Moza\u00ae, Thrustmaster\u00ae, Logitech\u00ae, Turtle Beach\u00ae, Revosim\u00ae und Asetek\u00ae Lenkr\u00e4dern und Pedalen.<\/p>\n<p><small>*F\u00fcr eine optimale Kompatibilit\u00e4t mit bestimmten Ger\u00e4ten k\u00f6nnen kleine Anpassungen erforderlich sein. Seien Sie unbesorgt: Die Qualit\u00e4t und Garantie Ihres Produkts bleiben davon unber\u00fchrt. <\/small><\/p>\n<p>&nbsp;<\/p>\n","protected":false},"excerpt":{"rendered":"<p>OPLITE, Experte f\u00fcr die Entwicklung ergonomischer Produkte f\u00fcr den B\u00fcro- und Spielebereich, pr\u00e4sentiert sein neuestes Rennsimulations-Cockpit, das <strong>GTR S8 INFINITY FORCE WHITE<\/strong>.<br \/>\nMit dem mitgelieferten FUll FORCE KIT ist das GTR S8 Cockpit bereit, den SIMRACING &amp; FLIGHTSIM HOLDER aufzunehmen. Es ist das unverzichtbare Zubeh\u00f6r f\u00fcr Renn- und Flugbegeisterte, das Sie vom Gamer zum Piloten macht!<\/p>\n[embed]https:\/\/www.youtube.com\/live\/9OOfGIOtNNU?si=OHFVhSwlS6fw66mO[\/embed]\n","protected":false},"featured_media":44540,"template":"","meta":{"_acf_changed":false,"footnotes":""},"product_brand":[],"product_cat":[795,692],"product_tag":[],"class_list":{"0":"post-42998","1":"product","2":"type-product","3":"status-publish","4":"has-post-thumbnail","6":"product_cat-cockpit-s8-ultra-de","7":"product_cat-simulatoren","8":"pa_colisage-pcb-824","9":"pa_colisage-pcb-1-de","11":"first","12":"instock","13":"taxable","14":"shipping-taxable","15":"purchasable","16":"product-type-simple"},"bundled_by":[],"bundle_stock_status":"instock","bundle_stock_quantity":54,"bundle_virtual":false,"bundle_layout":"","bundle_add_to_cart_form_location":"","bundle_editable_in_cart":false,"bundle_sold_individually_context":"","bundle_item_grouping":"","bundle_min_size":"","bundle_max_size":"","bundle_price":[],"bundled_items":[],"bundle_sell_ids":[],"acf":[],"yoast_head":"<!-- This site is optimized with the Yoast SEO plugin v27.3 - https:\/\/yoast.com\/product\/yoast-seo-wordpress\/ -->\n<title>Cockpit GTR S8 Infinity Force White - OPLITE<\/title>\n<meta name=\"robots\" content=\"index, follow, max-snippet:-1, max-image-preview:large, max-video-preview:-1\" \/>\n<link rel=\"canonical\" href=\"https:\/\/oplitegames.com\/de\/produkt\/cockpit-gtr-s8-infinity-force-white\/\" \/>\n<meta property=\"og:locale\" content=\"de_DE\" \/>\n<meta property=\"og:type\" content=\"article\" \/>\n<meta property=\"og:title\" content=\"Cockpit GTR S8 Infinity Force White - OPLITE\" \/>\n<meta property=\"og:description\" content=\"OPLITE, Experte f\u00fcr die Entwicklung ergonomischer Produkte f\u00fcr den B\u00fcro- und Spielebereich, pr\u00e4sentiert sein neuestes Rennsimulations-Cockpit, das GTR S8 INFINITY FORCE WHITE. Mit dem mitgelieferten FUll FORCE KIT ist das GTR S8 Cockpit bereit, den SIMRACING &amp; FLIGHTSIM HOLDER aufzunehmen. Es ist das unverzichtbare Zubeh\u00f6r f\u00fcr Renn- und Flugbegeisterte, das Sie vom Gamer zum Piloten macht!\" \/>\n<meta property=\"og:url\" content=\"https:\/\/oplitegames.com\/de\/produkt\/cockpit-gtr-s8-infinity-force-white\/\" \/>\n<meta property=\"og:site_name\" content=\"OPLITE\" \/>\n<meta property=\"article:modified_time\" content=\"2026-01-20T09:44:10+00:00\" \/>\n<meta property=\"og:image\" content=\"https:\/\/oplitegames.com\/wp-content\/uploads\/GTR-S8-INFINITY-FORCE-WHITE-OP-GTR-S8FFW_01-1-2.png\" \/>\n\t<meta property=\"og:image:width\" content=\"2750\" \/>\n\t<meta property=\"og:image:height\" content=\"2750\" \/>\n\t<meta property=\"og:image:type\" content=\"image\/png\" \/>\n<meta name=\"twitter:card\" content=\"summary_large_image\" \/>\n<meta name=\"twitter:label1\" content=\"Price\" \/>\n\t<meta name=\"twitter:data1\" content=\"549,90&nbsp;&euro;\" \/>\n\t<meta name=\"twitter:label2\" content=\"Availability\" \/>\n\t<meta name=\"twitter:data2\" content=\"In stock\" \/>\n<script type=\"application\/ld+json\" class=\"yoast-schema-graph\">{\"@context\":\"https:\\\/\\\/schema.org\",\"@graph\":[{\"@type\":[\"WebPage\",\"ItemPage\"],\"@id\":\"https:\\\/\\\/oplitegames.com\\\/de\\\/produkt\\\/cockpit-gtr-s8-infinity-force-white\\\/\",\"url\":\"https:\\\/\\\/oplitegames.com\\\/de\\\/produkt\\\/cockpit-gtr-s8-infinity-force-white\\\/\",\"name\":\"Cockpit GTR S8 Infinity Force White - OPLITE\",\"isPartOf\":{\"@id\":\"https:\\\/\\\/oplitegames.com\\\/#website\"},\"primaryImageOfPage\":{\"@id\":\"https:\\\/\\\/oplitegames.com\\\/de\\\/produkt\\\/cockpit-gtr-s8-infinity-force-white\\\/#primaryimage\"},\"image\":{\"@id\":\"https:\\\/\\\/oplitegames.com\\\/de\\\/produkt\\\/cockpit-gtr-s8-infinity-force-white\\\/#primaryimage\"},\"thumbnailUrl\":\"https:\\\/\\\/oplitegames-preprod.ezratis.fr\\\/wp-content\\\/uploads\\\/GTR-S8-INFINITY-FORCE-WHITE-OP-GTR-S8FFW_01-1-2.png\",\"datePublished\":\"2025-01-10T10:14:21+00:00\",\"dateModified\":\"2026-01-20T09:44:10+00:00\",\"breadcrumb\":{\"@id\":\"https:\\\/\\\/oplitegames.com\\\/de\\\/produkt\\\/cockpit-gtr-s8-infinity-force-white\\\/#breadcrumb\"},\"inLanguage\":\"de-DE\",\"potentialAction\":[{\"@type\":\"ReadAction\",\"target\":[\"https:\\\/\\\/oplitegames.com\\\/de\\\/produkt\\\/cockpit-gtr-s8-infinity-force-white\\\/\"]}]},{\"@type\":\"ImageObject\",\"inLanguage\":\"de-DE\",\"@id\":\"https:\\\/\\\/oplitegames.com\\\/de\\\/produkt\\\/cockpit-gtr-s8-infinity-force-white\\\/#primaryimage\",\"url\":\"https:\\\/\\\/oplitegames-preprod.ezratis.fr\\\/wp-content\\\/uploads\\\/GTR-S8-INFINITY-FORCE-WHITE-OP-GTR-S8FFW_01-1-2.png\",\"contentUrl\":\"https:\\\/\\\/oplitegames-preprod.ezratis.fr\\\/wp-content\\\/uploads\\\/GTR-S8-INFINITY-FORCE-WHITE-OP-GTR-S8FFW_01-1-2.png\",\"width\":2750,\"height\":2750},{\"@type\":\"BreadcrumbList\",\"@id\":\"https:\\\/\\\/oplitegames.com\\\/de\\\/produkt\\\/cockpit-gtr-s8-infinity-force-white\\\/#breadcrumb\",\"itemListElement\":[{\"@type\":\"ListItem\",\"position\":1,\"name\":\"Home\",\"item\":\"https:\\\/\\\/oplitegames.com\\\/de\\\/\"},{\"@type\":\"ListItem\",\"position\":2,\"name\":\"Gesch\u00e4ft\",\"item\":\"https:\\\/\\\/oplitegames.com\\\/de\\\/geschaeft\\\/\"},{\"@type\":\"ListItem\",\"position\":3,\"name\":\"Cockpit GTR S8 Infinity Force White\"}]},{\"@type\":\"WebSite\",\"@id\":\"https:\\\/\\\/oplitegames.com\\\/#website\",\"url\":\"https:\\\/\\\/oplitegames.com\\\/\",\"name\":\"OPLITE\",\"description\":\"\",\"publisher\":{\"@id\":\"https:\\\/\\\/oplitegames.com\\\/#organization\"},\"potentialAction\":[{\"@type\":\"SearchAction\",\"target\":{\"@type\":\"EntryPoint\",\"urlTemplate\":\"https:\\\/\\\/oplitegames.com\\\/?s={search_term_string}\"},\"query-input\":{\"@type\":\"PropertyValueSpecification\",\"valueRequired\":true,\"valueName\":\"search_term_string\"}}],\"inLanguage\":\"de-DE\"},{\"@type\":\"Organization\",\"@id\":\"https:\\\/\\\/oplitegames.com\\\/#organization\",\"name\":\"OPLITE\",\"url\":\"https:\\\/\\\/oplitegames.com\\\/\",\"logo\":{\"@type\":\"ImageObject\",\"inLanguage\":\"de-DE\",\"@id\":\"https:\\\/\\\/oplitegames.com\\\/#\\\/schema\\\/logo\\\/image\\\/\",\"url\":\"https:\\\/\\\/oplitegames-preprod.ezratis.fr\\\/wp-content\\\/uploads\\\/cropped-cropped-Oplite-Blanc-casse-002-scaled-1.png\",\"contentUrl\":\"https:\\\/\\\/oplitegames-preprod.ezratis.fr\\\/wp-content\\\/uploads\\\/cropped-cropped-Oplite-Blanc-casse-002-scaled-1.png\",\"width\":2509,\"height\":597,\"caption\":\"OPLITE\"},\"image\":{\"@id\":\"https:\\\/\\\/oplitegames.com\\\/#\\\/schema\\\/logo\\\/image\\\/\"}}]}<\/script>\n<meta property=\"product:price:amount\" content=\"549.90\" \/>\n<meta property=\"product:price:currency\" content=\"EUR\" \/>\n<meta property=\"og:availability\" content=\"instock\" \/>\n<meta property=\"product:availability\" content=\"instock\" \/>\n<meta property=\"product:retailer_item_id\" content=\"101625\" \/>\n<meta property=\"product:condition\" content=\"new\" \/>\n<!-- \/ Yoast SEO plugin. -->","yoast_head_json":{"title":"Cockpit GTR S8 Infinity Force White - OPLITE","robots":{"index":"index","follow":"follow","max-snippet":"max-snippet:-1","max-image-preview":"max-image-preview:large","max-video-preview":"max-video-preview:-1"},"canonical":"https:\/\/oplitegames.com\/de\/produkt\/cockpit-gtr-s8-infinity-force-white\/","og_locale":"de_DE","og_type":"article","og_title":"Cockpit GTR S8 Infinity Force White - OPLITE","og_description":"OPLITE, Experte f\u00fcr die Entwicklung ergonomischer Produkte f\u00fcr den B\u00fcro- und Spielebereich, pr\u00e4sentiert sein neuestes Rennsimulations-Cockpit, das GTR S8 INFINITY FORCE WHITE. Mit dem mitgelieferten FUll FORCE KIT ist das GTR S8 Cockpit bereit, den SIMRACING &amp; FLIGHTSIM HOLDER aufzunehmen. Es ist das unverzichtbare Zubeh\u00f6r f\u00fcr Renn- und Flugbegeisterte, das Sie vom Gamer zum Piloten macht!","og_url":"https:\/\/oplitegames.com\/de\/produkt\/cockpit-gtr-s8-infinity-force-white\/","og_site_name":"OPLITE","article_modified_time":"2026-01-20T09:44:10+00:00","og_image":[{"width":2750,"height":2750,"url":"https:\/\/oplitegames.com\/wp-content\/uploads\/GTR-S8-INFINITY-FORCE-WHITE-OP-GTR-S8FFW_01-1-2.png","type":"image\/png"}],"twitter_card":"summary_large_image","twitter_misc":{"Price":"549,90&nbsp;&euro;","Availability":"In stock"},"schema":{"@context":"https:\/\/schema.org","@graph":[{"@type":["WebPage","ItemPage"],"@id":"https:\/\/oplitegames.com\/de\/produkt\/cockpit-gtr-s8-infinity-force-white\/","url":"https:\/\/oplitegames.com\/de\/produkt\/cockpit-gtr-s8-infinity-force-white\/","name":"Cockpit GTR S8 Infinity Force White - OPLITE","isPartOf":{"@id":"https:\/\/oplitegames.com\/#website"},"primaryImageOfPage":{"@id":"https:\/\/oplitegames.com\/de\/produkt\/cockpit-gtr-s8-infinity-force-white\/#primaryimage"},"image":{"@id":"https:\/\/oplitegames.com\/de\/produkt\/cockpit-gtr-s8-infinity-force-white\/#primaryimage"},"thumbnailUrl":"https:\/\/oplitegames-preprod.ezratis.fr\/wp-content\/uploads\/GTR-S8-INFINITY-FORCE-WHITE-OP-GTR-S8FFW_01-1-2.png","datePublished":"2025-01-10T10:14:21+00:00","dateModified":"2026-01-20T09:44:10+00:00","breadcrumb":{"@id":"https:\/\/oplitegames.com\/de\/produkt\/cockpit-gtr-s8-infinity-force-white\/#breadcrumb"},"inLanguage":"de-DE","potentialAction":[{"@type":"ReadAction","target":["https:\/\/oplitegames.com\/de\/produkt\/cockpit-gtr-s8-infinity-force-white\/"]}]},{"@type":"ImageObject","inLanguage":"de-DE","@id":"https:\/\/oplitegames.com\/de\/produkt\/cockpit-gtr-s8-infinity-force-white\/#primaryimage","url":"https:\/\/oplitegames-preprod.ezratis.fr\/wp-content\/uploads\/GTR-S8-INFINITY-FORCE-WHITE-OP-GTR-S8FFW_01-1-2.png","contentUrl":"https:\/\/oplitegames-preprod.ezratis.fr\/wp-content\/uploads\/GTR-S8-INFINITY-FORCE-WHITE-OP-GTR-S8FFW_01-1-2.png","width":2750,"height":2750},{"@type":"BreadcrumbList","@id":"https:\/\/oplitegames.com\/de\/produkt\/cockpit-gtr-s8-infinity-force-white\/#breadcrumb","itemListElement":[{"@type":"ListItem","position":1,"name":"Home","item":"https:\/\/oplitegames.com\/de\/"},{"@type":"ListItem","position":2,"name":"Gesch\u00e4ft","item":"https:\/\/oplitegames.com\/de\/geschaeft\/"},{"@type":"ListItem","position":3,"name":"Cockpit GTR S8 Infinity Force White"}]},{"@type":"WebSite","@id":"https:\/\/oplitegames.com\/#website","url":"https:\/\/oplitegames.com\/","name":"OPLITE","description":"","publisher":{"@id":"https:\/\/oplitegames.com\/#organization"},"potentialAction":[{"@type":"SearchAction","target":{"@type":"EntryPoint","urlTemplate":"https:\/\/oplitegames.com\/?s={search_term_string}"},"query-input":{"@type":"PropertyValueSpecification","valueRequired":true,"valueName":"search_term_string"}}],"inLanguage":"de-DE"},{"@type":"Organization","@id":"https:\/\/oplitegames.com\/#organization","name":"OPLITE","url":"https:\/\/oplitegames.com\/","logo":{"@type":"ImageObject","inLanguage":"de-DE","@id":"https:\/\/oplitegames.com\/#\/schema\/logo\/image\/","url":"https:\/\/oplitegames-preprod.ezratis.fr\/wp-content\/uploads\/cropped-cropped-Oplite-Blanc-casse-002-scaled-1.png","contentUrl":"https:\/\/oplitegames-preprod.ezratis.fr\/wp-content\/uploads\/cropped-cropped-Oplite-Blanc-casse-002-scaled-1.png","width":2509,"height":597,"caption":"OPLITE"},"image":{"@id":"https:\/\/oplitegames.com\/#\/schema\/logo\/image\/"}}]},"product_price_amount":"549.90","product_price_currency":"EUR","og_availability":"instock","product_availability":"instock","product_retailer_item_id":"101625","product_condition":"new"},"_links":{"self":[{"href":"https:\/\/oplitegames-preprod.ezratis.fr\/de\/wp-json\/wp\/v2\/product\/42998","targetHints":{"allow":["GET"]}}],"collection":[{"href":"https:\/\/oplitegames-preprod.ezratis.fr\/de\/wp-json\/wp\/v2\/product"}],"about":[{"href":"https:\/\/oplitegames-preprod.ezratis.fr\/de\/wp-json\/wp\/v2\/types\/product"}],"version-history":[{"count":11,"href":"https:\/\/oplitegames-preprod.ezratis.fr\/de\/wp-json\/wp\/v2\/product\/42998\/revisions"}],"predecessor-version":[{"id":61637,"href":"https:\/\/oplitegames-preprod.ezratis.fr\/de\/wp-json\/wp\/v2\/product\/42998\/revisions\/61637"}],"wp:featuredmedia":[{"embeddable":true,"href":"https:\/\/oplitegames-preprod.ezratis.fr\/de\/wp-json\/wp\/v2\/media\/44540"}],"wp:attachment":[{"href":"https:\/\/oplitegames-preprod.ezratis.fr\/de\/wp-json\/wp\/v2\/media?parent=42998"}],"wp:term":[{"taxonomy":"product_brand","embeddable":true,"href":"https:\/\/oplitegames-preprod.ezratis.fr\/de\/wp-json\/wp\/v2\/product_brand?post=42998"},{"taxonomy":"product_cat","embeddable":true,"href":"https:\/\/oplitegames-preprod.ezratis.fr\/de\/wp-json\/wp\/v2\/product_cat?post=42998"},{"taxonomy":"product_tag","embeddable":true,"href":"https:\/\/oplitegames-preprod.ezratis.fr\/de\/wp-json\/wp\/v2\/product_tag?post=42998"}],"curies":[{"name":"wp","href":"https:\/\/api.w.org\/{rel}","templated":true}]}}