{"id":43016,"date":"2025-01-10T11:14:43","date_gmt":"2025-01-10T10:14:43","guid":{"rendered":"https:\/\/oplitegames.com\/?post_type=product&#038;p=43016"},"modified":"2025-11-23T21:43:36","modified_gmt":"2025-11-23T20:43:36","slug":"simracing-flightsim-holder-white","status":"publish","type":"product","link":"https:\/\/oplitegames-preprod.ezratis.fr\/de\/produkt\/simracing-flightsim-holder-white\/","title":{"rendered":"Simracing &amp; Flightsim Holder White"},"content":{"rendered":"<p>Das <strong>SIMRACING &amp; FLIGHTSIM HOLDER WHITE<\/strong> ist ein untrennbares Element des FULL FORCE KIT und wurde entwickelt, um anspruchsvolle Fahrer zu befriedigen, die eine au\u00dfergew\u00f6hnliche Steifigkeit und optimale Ergonomie f\u00fcr ihre Peripherieger\u00e4te wie Handbremse, Getriebe, Joystick und Gashebel.<\/p>\n<p>Das <strong>SIMRACING &amp; FLIGHTSIM HOLDER WHITE-Kit<\/strong> wird direkt an Ihrem FULL FORCE KIT befestigt, um Ihre bevorzugten Simulationsger\u00e4te aufzunehmen. Ob Sie ein begeisterter Anh\u00e4nger von SIMRACING oder FLIGHTSIM sind, wird dieser Support Ihre Bed\u00fcrfnisse dank seiner au\u00dfergew\u00f6hnlichen Kompatibilit\u00e4t mit den derzeit auf dem Markt verf\u00fcgbaren Ger\u00e4ten erf\u00fcllen.<\/p>\n<p>Dieser St\u00e4nder bietet eine pr\u00e4zise Einstellung auf drei Achsen, einschlie\u00dflich H\u00f6he und Tiefe, um die allgemeine Ergonomie Ihrer Konfiguration zu optimieren. Komplett aus Kohlenstoffstahl gefertigt, ist es sehr steif und h\u00e4lt wiederholten Bewegungen stand.<\/p>\n<p><strong><u>Technische Daten:<\/u><\/strong><\/p>\n<ul>\n<li>Platte aus 3mm starkem Kohlenstoffstahl<\/li>\n<li>Lackierung: hochfest gl\u00e4nzend wei\u00df f\u00fcr eine hochwertige Verarbeitung<\/li>\n<li>H\u00f6he: 95 mm, Breite 214 mm, Tiefe 400mm<\/li>\n<li>Befestigungskit f\u00fcr Full Force Kit<\/li>\n<\/ul>\n<p><span style=\"text-decoration: underline;\"><strong>Kompatibilit\u00e4t mit Peripherie*:<\/strong><\/span><br \/>\n\u2022Handbremsen und Getriebe der Marken Fanatec\u00ae, Moza\u00ae, Thrustmaster\u00ae, Logitech\u00ae, Turtle Beach\u00ae oder Asetek\u00ae<br \/>\n\u2022Thrustmaster\u00ae HOTAS WarthogTM Joystick und Throttle, T.16000MFCS Hotas, TCA Airbus Edition, TWCS. Support 100% kompatibel mit Logitech\/ Saitek\u00ae X52, X52 Pro, X55, X56, GSaitek Pro Flight Yoke<\/p>\n<p><small>*F\u00fcr eine optimale Kompatibilit\u00e4t mit bestimmten Ger\u00e4ten k\u00f6nnen kleine Anpassungen erforderlich sein. Seien Sie unbesorgt: Die Qualit\u00e4t und Garantie Ihres Produkts bleiben davon unber\u00fchrt. <\/small><\/p>\n<p><span style=\"text-decoration: underline;\"><strong>Kompatibilit\u00e4t des Produkts:<\/strong> <\/span><br \/>\n&#8211; 100% Kompatibel mit GTR S8 FORCE WHITE Cockpits<br \/>\n&#8211; Auch kompatibel mit anderen Cockpits der GTR-Serie, die mit dem Full Force Kit ausgestattet sind<\/p>\n","protected":false},"excerpt":{"rendered":"<p>Als Experte f\u00fcr ergonomische Produktdesigns f\u00fcr die B\u00fcro- und Spielebranche pr\u00e4sentiert OPLITE seinen <strong>SIMRACING &amp; FLIGHTSIM HOLDER WHITE<\/strong>, der sich auf Ihr Cockpit GTR S8 White spezialisiert hat.<\/p>\n<p>Es ist an der Zeit, vom Spieler zum Piloten zu wechseln! Rennsport oder Luftfahrt, treffen Sie Ihre Wahl!<\/p>\n<p>&nbsp;<\/p>\n","protected":false},"featured_media":43148,"template":"","meta":{"_acf_changed":false,"footnotes":""},"product_brand":[],"product_cat":[795,692],"product_tag":[],"class_list":{"0":"post-43016","1":"product","2":"type-product","3":"status-publish","4":"has-post-thumbnail","6":"product_cat-cockpit-s8-ultra-de","7":"product_cat-simulatoren","8":"pa_colisage-pcb-4-de","10":"first","11":"outofstock","12":"taxable","13":"shipping-taxable","14":"purchasable","15":"product-type-simple"},"bundled_by":[],"bundle_stock_status":"outofstock","bundle_stock_quantity":0,"bundle_virtual":false,"bundle_layout":"","bundle_add_to_cart_form_location":"","bundle_editable_in_cart":false,"bundle_sold_individually_context":"","bundle_item_grouping":"","bundle_min_size":"","bundle_max_size":"","bundle_price":[],"bundled_items":[],"bundle_sell_ids":[],"acf":[],"yoast_head":"<!-- This site is optimized with the Yoast SEO plugin v27.3 - https:\/\/yoast.com\/product\/yoast-seo-wordpress\/ -->\n<title>Simracing &amp; Flightsim Holder White - OPLITE<\/title>\n<meta name=\"robots\" content=\"index, follow, max-snippet:-1, max-image-preview:large, max-video-preview:-1\" \/>\n<link rel=\"canonical\" href=\"https:\/\/oplitegames.com\/de\/produkt\/simracing-flightsim-holder-white\/\" \/>\n<meta property=\"og:locale\" content=\"de_DE\" \/>\n<meta property=\"og:type\" content=\"article\" \/>\n<meta property=\"og:title\" content=\"Simracing &amp; Flightsim Holder White - OPLITE\" \/>\n<meta property=\"og:description\" content=\"Als Experte f\u00fcr ergonomische Produktdesigns f\u00fcr die B\u00fcro- und Spielebranche pr\u00e4sentiert OPLITE seinen SIMRACING &amp; FLIGHTSIM HOLDER WHITE, der sich auf Ihr Cockpit GTR S8 White spezialisiert hat.  Es ist an der Zeit, vom Spieler zum Piloten zu wechseln! Rennsport oder Luftfahrt, treffen Sie Ihre Wahl!  &nbsp;\" \/>\n<meta property=\"og:url\" content=\"https:\/\/oplitegames.com\/de\/produkt\/simracing-flightsim-holder-white\/\" \/>\n<meta property=\"og:site_name\" content=\"OPLITE\" \/>\n<meta property=\"article:modified_time\" content=\"2025-11-23T20:43:36+00:00\" \/>\n<meta property=\"og:image\" content=\"https:\/\/oplitegames.com\/wp-content\/uploads\/OPLITE-SIMRACING-FLIGHTSIM-HOLDER-WHITE-OP-GTR-FSHW_01.png\" \/>\n\t<meta property=\"og:image:width\" content=\"2750\" \/>\n\t<meta property=\"og:image:height\" content=\"2750\" \/>\n\t<meta property=\"og:image:type\" content=\"image\/png\" \/>\n<meta name=\"twitter:card\" content=\"summary_large_image\" \/>\n<meta name=\"twitter:label1\" content=\"Price\" \/>\n\t<meta name=\"twitter:data1\" content=\"89,90&nbsp;&euro;\" \/>\n\t<meta name=\"twitter:label2\" content=\"Availability\" \/>\n\t<meta name=\"twitter:data2\" content=\"Out of stock\" \/>\n<script type=\"application\/ld+json\" class=\"yoast-schema-graph\">{\"@context\":\"https:\\\/\\\/schema.org\",\"@graph\":[{\"@type\":[\"WebPage\",\"ItemPage\"],\"@id\":\"https:\\\/\\\/oplitegames.com\\\/de\\\/produkt\\\/simracing-flightsim-holder-white\\\/\",\"url\":\"https:\\\/\\\/oplitegames.com\\\/de\\\/produkt\\\/simracing-flightsim-holder-white\\\/\",\"name\":\"Simracing &amp; Flightsim Holder White - OPLITE\",\"isPartOf\":{\"@id\":\"https:\\\/\\\/oplitegames.com\\\/#website\"},\"primaryImageOfPage\":{\"@id\":\"https:\\\/\\\/oplitegames.com\\\/de\\\/produkt\\\/simracing-flightsim-holder-white\\\/#primaryimage\"},\"image\":{\"@id\":\"https:\\\/\\\/oplitegames.com\\\/de\\\/produkt\\\/simracing-flightsim-holder-white\\\/#primaryimage\"},\"thumbnailUrl\":\"https:\\\/\\\/oplitegames-preprod.ezratis.fr\\\/wp-content\\\/uploads\\\/OPLITE-SIMRACING-FLIGHTSIM-HOLDER-WHITE-OP-GTR-FSHW_01.png\",\"datePublished\":\"2025-01-10T10:14:43+00:00\",\"dateModified\":\"2025-11-23T20:43:36+00:00\",\"breadcrumb\":{\"@id\":\"https:\\\/\\\/oplitegames.com\\\/de\\\/produkt\\\/simracing-flightsim-holder-white\\\/#breadcrumb\"},\"inLanguage\":\"de-DE\",\"potentialAction\":[{\"@type\":\"ReadAction\",\"target\":[\"https:\\\/\\\/oplitegames.com\\\/de\\\/produkt\\\/simracing-flightsim-holder-white\\\/\"]}]},{\"@type\":\"ImageObject\",\"inLanguage\":\"de-DE\",\"@id\":\"https:\\\/\\\/oplitegames.com\\\/de\\\/produkt\\\/simracing-flightsim-holder-white\\\/#primaryimage\",\"url\":\"https:\\\/\\\/oplitegames-preprod.ezratis.fr\\\/wp-content\\\/uploads\\\/OPLITE-SIMRACING-FLIGHTSIM-HOLDER-WHITE-OP-GTR-FSHW_01.png\",\"contentUrl\":\"https:\\\/\\\/oplitegames-preprod.ezratis.fr\\\/wp-content\\\/uploads\\\/OPLITE-SIMRACING-FLIGHTSIM-HOLDER-WHITE-OP-GTR-FSHW_01.png\",\"width\":2750,\"height\":2750},{\"@type\":\"BreadcrumbList\",\"@id\":\"https:\\\/\\\/oplitegames.com\\\/de\\\/produkt\\\/simracing-flightsim-holder-white\\\/#breadcrumb\",\"itemListElement\":[{\"@type\":\"ListItem\",\"position\":1,\"name\":\"Home\",\"item\":\"https:\\\/\\\/oplitegames.com\\\/de\\\/\"},{\"@type\":\"ListItem\",\"position\":2,\"name\":\"Gesch\u00e4ft\",\"item\":\"https:\\\/\\\/oplitegames.com\\\/de\\\/geschaeft\\\/\"},{\"@type\":\"ListItem\",\"position\":3,\"name\":\"Simracing &amp; Flightsim Holder White\"}]},{\"@type\":\"WebSite\",\"@id\":\"https:\\\/\\\/oplitegames.com\\\/#website\",\"url\":\"https:\\\/\\\/oplitegames.com\\\/\",\"name\":\"OPLITE\",\"description\":\"\",\"publisher\":{\"@id\":\"https:\\\/\\\/oplitegames.com\\\/#organization\"},\"potentialAction\":[{\"@type\":\"SearchAction\",\"target\":{\"@type\":\"EntryPoint\",\"urlTemplate\":\"https:\\\/\\\/oplitegames.com\\\/?s={search_term_string}\"},\"query-input\":{\"@type\":\"PropertyValueSpecification\",\"valueRequired\":true,\"valueName\":\"search_term_string\"}}],\"inLanguage\":\"de-DE\"},{\"@type\":\"Organization\",\"@id\":\"https:\\\/\\\/oplitegames.com\\\/#organization\",\"name\":\"OPLITE\",\"url\":\"https:\\\/\\\/oplitegames.com\\\/\",\"logo\":{\"@type\":\"ImageObject\",\"inLanguage\":\"de-DE\",\"@id\":\"https:\\\/\\\/oplitegames.com\\\/#\\\/schema\\\/logo\\\/image\\\/\",\"url\":\"https:\\\/\\\/oplitegames-preprod.ezratis.fr\\\/wp-content\\\/uploads\\\/cropped-cropped-Oplite-Blanc-casse-002-scaled-1.png\",\"contentUrl\":\"https:\\\/\\\/oplitegames-preprod.ezratis.fr\\\/wp-content\\\/uploads\\\/cropped-cropped-Oplite-Blanc-casse-002-scaled-1.png\",\"width\":2509,\"height\":597,\"caption\":\"OPLITE\"},\"image\":{\"@id\":\"https:\\\/\\\/oplitegames.com\\\/#\\\/schema\\\/logo\\\/image\\\/\"}}]}<\/script>\n<meta property=\"product:price:amount\" content=\"89.90\" \/>\n<meta property=\"product:price:currency\" content=\"EUR\" \/>\n<meta property=\"og:availability\" content=\"out of stock\" \/>\n<meta property=\"product:availability\" content=\"out of stock\" \/>\n<meta property=\"product:retailer_item_id\" content=\"101629\" \/>\n<meta property=\"product:condition\" content=\"new\" \/>\n<!-- \/ Yoast SEO plugin. -->","yoast_head_json":{"title":"Simracing &amp; Flightsim Holder White - OPLITE","robots":{"index":"index","follow":"follow","max-snippet":"max-snippet:-1","max-image-preview":"max-image-preview:large","max-video-preview":"max-video-preview:-1"},"canonical":"https:\/\/oplitegames.com\/de\/produkt\/simracing-flightsim-holder-white\/","og_locale":"de_DE","og_type":"article","og_title":"Simracing &amp; Flightsim Holder White - OPLITE","og_description":"Als Experte f\u00fcr ergonomische Produktdesigns f\u00fcr die B\u00fcro- und Spielebranche pr\u00e4sentiert OPLITE seinen SIMRACING &amp; FLIGHTSIM HOLDER WHITE, der sich auf Ihr Cockpit GTR S8 White spezialisiert hat.  Es ist an der Zeit, vom Spieler zum Piloten zu wechseln! Rennsport oder Luftfahrt, treffen Sie Ihre Wahl!  &nbsp;","og_url":"https:\/\/oplitegames.com\/de\/produkt\/simracing-flightsim-holder-white\/","og_site_name":"OPLITE","article_modified_time":"2025-11-23T20:43:36+00:00","og_image":[{"width":2750,"height":2750,"url":"https:\/\/oplitegames.com\/wp-content\/uploads\/OPLITE-SIMRACING-FLIGHTSIM-HOLDER-WHITE-OP-GTR-FSHW_01.png","type":"image\/png"}],"twitter_card":"summary_large_image","twitter_misc":{"Price":"89,90&nbsp;&euro;","Availability":"Out of stock"},"schema":{"@context":"https:\/\/schema.org","@graph":[{"@type":["WebPage","ItemPage"],"@id":"https:\/\/oplitegames.com\/de\/produkt\/simracing-flightsim-holder-white\/","url":"https:\/\/oplitegames.com\/de\/produkt\/simracing-flightsim-holder-white\/","name":"Simracing &amp; Flightsim Holder White - OPLITE","isPartOf":{"@id":"https:\/\/oplitegames.com\/#website"},"primaryImageOfPage":{"@id":"https:\/\/oplitegames.com\/de\/produkt\/simracing-flightsim-holder-white\/#primaryimage"},"image":{"@id":"https:\/\/oplitegames.com\/de\/produkt\/simracing-flightsim-holder-white\/#primaryimage"},"thumbnailUrl":"https:\/\/oplitegames-preprod.ezratis.fr\/wp-content\/uploads\/OPLITE-SIMRACING-FLIGHTSIM-HOLDER-WHITE-OP-GTR-FSHW_01.png","datePublished":"2025-01-10T10:14:43+00:00","dateModified":"2025-11-23T20:43:36+00:00","breadcrumb":{"@id":"https:\/\/oplitegames.com\/de\/produkt\/simracing-flightsim-holder-white\/#breadcrumb"},"inLanguage":"de-DE","potentialAction":[{"@type":"ReadAction","target":["https:\/\/oplitegames.com\/de\/produkt\/simracing-flightsim-holder-white\/"]}]},{"@type":"ImageObject","inLanguage":"de-DE","@id":"https:\/\/oplitegames.com\/de\/produkt\/simracing-flightsim-holder-white\/#primaryimage","url":"https:\/\/oplitegames-preprod.ezratis.fr\/wp-content\/uploads\/OPLITE-SIMRACING-FLIGHTSIM-HOLDER-WHITE-OP-GTR-FSHW_01.png","contentUrl":"https:\/\/oplitegames-preprod.ezratis.fr\/wp-content\/uploads\/OPLITE-SIMRACING-FLIGHTSIM-HOLDER-WHITE-OP-GTR-FSHW_01.png","width":2750,"height":2750},{"@type":"BreadcrumbList","@id":"https:\/\/oplitegames.com\/de\/produkt\/simracing-flightsim-holder-white\/#breadcrumb","itemListElement":[{"@type":"ListItem","position":1,"name":"Home","item":"https:\/\/oplitegames.com\/de\/"},{"@type":"ListItem","position":2,"name":"Gesch\u00e4ft","item":"https:\/\/oplitegames.com\/de\/geschaeft\/"},{"@type":"ListItem","position":3,"name":"Simracing &amp; Flightsim Holder White"}]},{"@type":"WebSite","@id":"https:\/\/oplitegames.com\/#website","url":"https:\/\/oplitegames.com\/","name":"OPLITE","description":"","publisher":{"@id":"https:\/\/oplitegames.com\/#organization"},"potentialAction":[{"@type":"SearchAction","target":{"@type":"EntryPoint","urlTemplate":"https:\/\/oplitegames.com\/?s={search_term_string}"},"query-input":{"@type":"PropertyValueSpecification","valueRequired":true,"valueName":"search_term_string"}}],"inLanguage":"de-DE"},{"@type":"Organization","@id":"https:\/\/oplitegames.com\/#organization","name":"OPLITE","url":"https:\/\/oplitegames.com\/","logo":{"@type":"ImageObject","inLanguage":"de-DE","@id":"https:\/\/oplitegames.com\/#\/schema\/logo\/image\/","url":"https:\/\/oplitegames-preprod.ezratis.fr\/wp-content\/uploads\/cropped-cropped-Oplite-Blanc-casse-002-scaled-1.png","contentUrl":"https:\/\/oplitegames-preprod.ezratis.fr\/wp-content\/uploads\/cropped-cropped-Oplite-Blanc-casse-002-scaled-1.png","width":2509,"height":597,"caption":"OPLITE"},"image":{"@id":"https:\/\/oplitegames.com\/#\/schema\/logo\/image\/"}}]},"product_price_amount":"89.90","product_price_currency":"EUR","og_availability":"out of stock","product_availability":"out of stock","product_retailer_item_id":"101629","product_condition":"new"},"_links":{"self":[{"href":"https:\/\/oplitegames-preprod.ezratis.fr\/de\/wp-json\/wp\/v2\/product\/43016","targetHints":{"allow":["GET"]}}],"collection":[{"href":"https:\/\/oplitegames-preprod.ezratis.fr\/de\/wp-json\/wp\/v2\/product"}],"about":[{"href":"https:\/\/oplitegames-preprod.ezratis.fr\/de\/wp-json\/wp\/v2\/types\/product"}],"version-history":[{"count":7,"href":"https:\/\/oplitegames-preprod.ezratis.fr\/de\/wp-json\/wp\/v2\/product\/43016\/revisions"}],"predecessor-version":[{"id":53474,"href":"https:\/\/oplitegames-preprod.ezratis.fr\/de\/wp-json\/wp\/v2\/product\/43016\/revisions\/53474"}],"wp:featuredmedia":[{"embeddable":true,"href":"https:\/\/oplitegames-preprod.ezratis.fr\/de\/wp-json\/wp\/v2\/media\/43148"}],"wp:attachment":[{"href":"https:\/\/oplitegames-preprod.ezratis.fr\/de\/wp-json\/wp\/v2\/media?parent=43016"}],"wp:term":[{"taxonomy":"product_brand","embeddable":true,"href":"https:\/\/oplitegames-preprod.ezratis.fr\/de\/wp-json\/wp\/v2\/product_brand?post=43016"},{"taxonomy":"product_cat","embeddable":true,"href":"https:\/\/oplitegames-preprod.ezratis.fr\/de\/wp-json\/wp\/v2\/product_cat?post=43016"},{"taxonomy":"product_tag","embeddable":true,"href":"https:\/\/oplitegames-preprod.ezratis.fr\/de\/wp-json\/wp\/v2\/product_tag?post=43016"}],"curies":[{"name":"wp","href":"https:\/\/api.w.org\/{rel}","templated":true}]}}