{"id":45708,"date":"2025-01-28T03:00:06","date_gmt":"2025-01-28T02:00:06","guid":{"rendered":"https:\/\/oplitegames.com\/?post_type=product&#038;p=45708"},"modified":"2025-12-16T15:09:26","modified_gmt":"2025-12-16T14:09:26","slug":"cockpit-r8-fury-white","status":"publish","type":"product","link":"https:\/\/oplitegames-preprod.ezratis.fr\/de\/produkt\/cockpit-r8-fury-white\/","title":{"rendered":"Cockpit R8 Fury White"},"content":{"rendered":"<p>Das Ergebnis der Zusammenarbeit zwischen der F&amp;E-Abteilung von OPLITE und der Erfahrung zahlreicher professioneller Fahrer bietet der <strong>R8 FURY<\/strong> eine realistische Ergonomie, die auf Ihre K\u00f6rperform abgestimmt ist und f\u00fcr verschiedene Fahr-Simulationsstile geeignet ist: GT, NASCAR, Rallye, Trophy Truck&#8230; (Formel 1 optional). Die hybride Konstruktion mit einer ultrastarren Struktur aus <strong>Aluminiumprofil (6063 T6) mit den Ma\u00dfen 80&#215;40 mm und der Verwendung von E355- Rohrstahl mit einem Durchmesser von 35 mm<\/strong> macht dieses Cockpit zu einer robusten und \u00e4sthetisch ansprechenden L\u00f6sung, die mit hydraulischen Aktuatoren kompatibel ist. Seine strukturellen Eigenschaften erm\u00f6glichen die Unterbringung der leistungsst\u00e4rksten Direct-Drive[1]Motorbasen und LoadCell-Pedale auf dem Markt<\/p>\n<p><strong><u>Hauptmerkmale <\/u><\/strong><br \/>\n\u2022 Oplite RS1 FiberCore\u00ae Schalensitz, geeignet f\u00fcr alle K\u00f6rpergr\u00f6\u00dfen von 1,50 m bis \u00fcber 2,10 m, mit einer Tragf\u00e4higkeit von bis zu 150 kg (im Lieferumfang enthalten).<br \/>\n\u2022 Perfekte Kombination aus Aluminiumprofilen und Rohrstahl, die \u00c4sthetik, Steifigkeit und Immersion bietet.<br \/>\n\u2022 Verstellbare Ergonomie f\u00fcr alle K\u00f6rpergr\u00f6\u00dfen, empfohlen von professionellen Fahrern.<br \/>\n\u2022 Stahl-Lenkradhalterung kompatibel mit den neuesten Direct Drive-Basen (Leistung \u00fcber 30 NM).<br \/>\n\u2022 Stahl- und Aluminium-Pedalhalterung 40&#215;40, die die Installation der leistungsst\u00e4rksten LoadCell[1]Pedals\u00e4tze (bis zu 200 kg Druck) erm\u00f6glicht.<br \/>\n\u2022 &#8220;Easy Sliding&#8221; Sitzschienen f\u00fcr pr\u00e4zise Anpassung, mit der M\u00f6glichkeit, einen Buttkicker\u00ae zu montieren.<br \/>\n\u2022 Montagewinkel (Aluminiumprofil\/Schienen) kompatibel mit Sparco\u00ae-Schienen.<br \/>\n\u2022 Mit 4 rutschfesten Drehf\u00fc\u00dfen geliefert, die durch die &#8220;R8 SUPREME CASTOR WHEEL&#8221; (Rollen als Option erh\u00e4ltlich) ersetzt werden k\u00f6nnen.<br \/>\n\u2022 Schrauben aus nickelbeschichtetem Stahl der Klasse 12.9 und hochwertige Gewindeeins\u00e4tze (Automobil-Wettbewerbsstandard).<br \/>\n\u2022 Sehr kompakt: Grundfl\u00e4che von 120&#215;60 cm.<br \/>\n\u2022 Komplettes \u00d6kosystem zur Gestaltung der idealen Fahrstation mit allen Peripherieger\u00e4ten in Reichweite.<\/p>\n<p><strong><u>Produktmerkmale<\/u><\/strong><\/p>\n<p><strong>Chassis:<\/strong><br \/>\n\u2022 Struktur aus Aluminiumprofil (6063 T6) 80&#215;40 mm und robustem E355-Stahlrohr mit einem Durchmesser von 35 mm und 2,5 mm Wandst\u00e4rke.<br \/>\n\u2022 4 lange Drehpads f\u00fcr optimale Anpassung.<br \/>\n<strong>Lenkradhalterung:<\/strong><br \/>\n\u2022 Struktur aus E355-Stahl mit einer Dicke von 5 mm.<br \/>\n\u2022 H\u00f6henverstellung,Neigungsverstellung -10\u00b0\/+13\u00b0 und Tiefenverstellung.<br \/>\n<strong>Pedalhalterung:<\/strong><br \/>\n\u2022 Struktur aus Aluminiumprofil (6063 T6) 40&#215;40 mm und E355-<br \/>\n\u2022 Stahlplatten mit einer Dicke von 5 mm.<br \/>\n\u2022 Tiefenverstellung, Neigungsverstellung -9\u00b0\/+33\u00b0 und H\u00f6henverstellung.<br \/>\n<strong>Oplite RS1 FiberCore\u00ae Schalensitz :<\/strong><br \/>\n\u2022\u00a0 Neue Technologie mit 4 Schichten aus ineinander verwobenen, verst\u00e4rkten Glasfasern, mit mattschwarzer Oberfl\u00e4che.<br \/>\n\u2022\u00a0 Tiefenverstellung um \u00b1220 mm mit Gleitf\u00fchrungen. H\u00f6henverstellung.<br \/>\n\u2022\u00a0 Neigungsverstellung auf\/ab -24\u00b0\/+24\u00b0.<br \/>\n\u2022\u00a0 Bezug aus schwarzer Mikrofaser mit hochdichtem Schaumstoff (32 kg\/m\u00b3). 5 Gurtdurchf\u00fchrungen \/ Kompatibel mit 3- oder 4-Punkt-Gurten.<br \/>\n<strong>Kompatibilit\u00e4t:<\/strong><br \/>\n\u2022 Standard-FIA\u00ae-Universalbefestigungen; die Schalensitze aller gro\u00dfen Marken sind mit dem R8 Fury-Chassis kompatibel. SPARCO\u00ae, RECARO\u00ae, SABELT\u00ae, Corbeau\u00ae, Bride\u00ae, GT2i\u00ae&#8230;<br \/>\n<strong>Hardware und Zubeh\u00f6r:<\/strong><br \/>\n\u2022 Schrauben aus vernickeltem Stahl der G\u00fcteklasse 12.9 und hochwertige Gewindeeins\u00e4tze aus der Automobilindustrie.<br \/>\n\u2022 2 Kabelschellen, 2 Kabelbinder.<br \/>\n\u2022 Ein Set mit 4 Aufklebern<\/p>\n<p><strong>Kompatibilit\u00e4t Ger\u00e4te*<\/strong><\/p>\n<table width=\"983\">\n<tbody>\n<tr>\n<th>Brand<\/th>\n<th>Product Type<\/th>\n<th>Compatible Products<\/th>\n<\/tr>\n<tr>\n<td>THRUSTMASTER<\/td>\n<td>Wheelbases**<\/td>\n<td>T300, T300RS, TS-XW, TS-PC, TGTII, T818, T598<\/td>\n<\/tr>\n<tr>\n<td>THRUSTMASTER<\/td>\n<td>Pedals<\/td>\n<td>T3PM, T-LCM<\/td>\n<\/tr>\n<tr>\n<td>TURTLE BEACH<\/td>\n<td>Wheelbase \/ Pedals<\/td>\n<td>VelocityOne Race<\/td>\n<\/tr>\n<tr>\n<td>LOGITECH<\/td>\n<td>Wheelbases<\/td>\n<td>G29, G920, G923, G Pro<\/td>\n<\/tr>\n<tr>\n<td>LOGITECH<\/td>\n<td>Pedals<\/td>\n<td>G29, G920, G923, Pro Racing Pedals<\/td>\n<\/tr>\n<tr>\n<td>MOZA<\/td>\n<td>Wheelbases<\/td>\n<td>R5, R9, R12, R16, R21<\/td>\n<\/tr>\n<tr>\n<td>MOZA<\/td>\n<td>Pedals<\/td>\n<td>SR-P lite Pedals, SR-P Pedals , CRP Pedals<\/td>\n<\/tr>\n<tr>\n<td>NACON<\/td>\n<td>Wheelbases<\/td>\n<td>RS Pure<\/td>\n<\/tr>\n<tr>\n<td>NACON<\/td>\n<td>Pedals<\/td>\n<td>RS Pure<\/td>\n<\/tr>\n<tr>\n<td>CAMMUS<\/td>\n<td>Wheelbases \/ Pedals<\/td>\n<td>C5, C12, DDWB 15, C5 Pedals, LC100<\/td>\n<\/tr>\n<tr>\n<td>FANATEC<\/td>\n<td>Wheelbases<\/td>\n<td>CSL DD, Clublsport DD, Clubsport DD+, DD Extreme, DD1, DD2<\/td>\n<\/tr>\n<tr>\n<td>FANATEC<\/td>\n<td>Pedals<\/td>\n<td>CSL Pedals, CSL Pedals LC, CSL Elite Pedals V2, Clubsport Pedals V3<\/td>\n<\/tr>\n<tr>\n<td>ASETEK<\/td>\n<td>Wheelbases<\/td>\n<td>Asetek Mount \/ La Prima 12nm, Forte 18nm, Invicta 27nm<\/td>\n<\/tr>\n<tr>\n<td>ASETEK<\/td>\n<td>Pedals<\/td>\n<td>Invicta, Invicta S series,La Prima,Forte S Series, Forte<\/td>\n<\/tr>\n<tr>\n<td>SIMUCUBE<\/td>\n<td>Mount<\/td>\n<td>Simucube Mount \/ Simcube 2 Sport, Simcube 2 Pro, Simbcube 2 Ultimate<\/td>\n<\/tr>\n<tr>\n<td>SIMAGIC<\/td>\n<td>Wheelbase \/ Pedals<\/td>\n<td>Alpha Mini, Alpha, Alpha U, P1000, P2000-R<\/td>\n<\/tr>\n<tr>\n<td>HEUSINKVELD<\/td>\n<td>Pedals<\/td>\n<td>Ultimate+, Sprint, Simcube Pedals<\/td>\n<\/tr>\n<\/tbody>\n<\/table>\n<p><small>*F\u00fcr eine optimale Kompatibilit\u00e4t mit bestimmten Ger\u00e4ten k\u00f6nnen kleine Anpassungen erforderlich sein. Seien Sie unbesorgt: Die Qualit\u00e4t und Garantie Ihres Produkts bleiben davon unber\u00fchrt.<br \/>\n**Bei den THRUSMASTER-Wheelbase kann eine Bohrung erforderlich sein.<\/small><\/p>\n<p><strong>Ecosystem R8 Fury<\/strong><\/p>\n<table width=\"837\">\n<tbody>\n<tr>\n<th>OPLITE<\/th>\n<th>Item No.<\/th>\n<th>Commercial Name GTIN<\/th>\n<\/tr>\n<tr>\n<td>OP-R8-CHB<\/td>\n<td>CHASSIS COCKPIT R8 FURY BLACK<\/td>\n<td>3770031134445<\/td>\n<\/tr>\n<tr>\n<td>OP-R8-CHW<\/td>\n<td>CHASSIS COCKPIT R8 FURY WHITE<\/td>\n<td>3770031134452<\/td>\n<\/tr>\n<tr>\n<td>OP-R8-B<\/td>\n<td>COCKPIT R8 FURY BLACK<\/td>\n<td>3770031134438<\/td>\n<\/tr>\n<tr>\n<td><strong>OP-R8-W<\/strong><\/td>\n<td><strong>COCKPIT R8 FURY WHITE<\/strong><\/td>\n<td><strong>3770031134421<\/strong><\/td>\n<\/tr>\n<tr>\n<td>OP-R8-HBB<\/td>\n<td>R8 GEAR SHIFT HANDBRAKE HOLDER BLACK<\/td>\n<td>3770031134414<\/td>\n<\/tr>\n<tr>\n<td>OP-R8-HBW<\/td>\n<td>R8 GEAR SHIFT HANDBRAKE HOLDER WHITE<\/td>\n<td>3770031134407<\/td>\n<\/tr>\n<tr>\n<td>OP-R8-CW<\/td>\n<td>R8 SUPREME CASTOR WHEEL<\/td>\n<td>3770031134391<\/td>\n<\/tr>\n<tr>\n<td>OP-R8-MKTB<\/td>\n<td>R8 KEYBOARD &amp; MOUSE TRAY BLACK<\/td>\n<td>3770031134377<\/td>\n<\/tr>\n<tr>\n<td>OP-R8-MKTW<\/td>\n<td>R8 KEYBOARD &amp; MOUSE TRAY WHITE<\/td>\n<td>3770031134544<\/td>\n<\/tr>\n<tr>\n<td>OP-R8-CPUHB<\/td>\n<td>R8 CPU HOLDER R8 BLACK<\/td>\n<td>3770031134360<\/td>\n<\/tr>\n<tr>\n<td>OP-R8-CPUHW<\/td>\n<td>R8 CPU HOLDER R8 WHITE<\/td>\n<td>3770031134551<\/td>\n<\/tr>\n<tr>\n<td>OP-R8-SMMB<\/td>\n<td>R8 SINGLE MONITOR MOUNT BLACK<\/td>\n<td>3770031134384<\/td>\n<\/tr>\n<tr>\n<td>OP-R8-SMMW<\/td>\n<td>R8 SINGLE MONITOR MOUNT WHITE<\/td>\n<td>3770031134353<\/td>\n<\/tr>\n<tr>\n<td>OP-R8-SMSB<\/td>\n<td>R8 SINGLE MONITOR STAND<\/td>\n<td>3770031134346<\/td>\n<\/tr>\n<tr>\n<td>OP-R8-ETSM<\/td>\n<td>R8 EXTENSIONS TRIPLE SCREEN MOUNT<\/td>\n<td>3770031134339<\/td>\n<\/tr>\n<tr>\n<td>OP-R8-4MMB<\/td>\n<td>R8 ON TOP MONITOR MOUNT BLACK<\/td>\n<td>3770031134322<\/td>\n<\/tr>\n<tr>\n<td>OP-R8-4MMW<\/td>\n<td>R8 ON TOP MONITOR MOUNT WHITE<\/td>\n<td>3770031134568<\/td>\n<\/tr>\n<\/tbody>\n<\/table>\n","protected":false},"excerpt":{"rendered":"<p>OPLITE pr\u00e4sentiert seinen brandneuen <strong>R8 FURY <\/strong>in Wei\u00df : das kompakteste, leistungsst\u00e4rkste und immersivste Rennsimulationscockpit seiner Kategorie! Bereiten Sie sich auf ein kompromissloses Fahrerlebnis vor!<\/p>\n[embed]https:\/\/www.youtube.com\/watch?v=t1mzwS0h55M[\/embed]\n","protected":false},"featured_media":44702,"template":"","meta":{"_acf_changed":false,"footnotes":""},"product_brand":[],"product_cat":[801,692],"product_tag":[809],"class_list":{"0":"post-45708","1":"product","2":"type-product","3":"status-publish","4":"has-post-thumbnail","6":"product_cat-cockpit-r8-fury-white-de","7":"product_cat-simulatoren","8":"product_tag-r8-fury-de","9":"pa_colisage-pcb-1-de","11":"first","12":"outofstock","13":"taxable","14":"shipping-taxable","15":"purchasable","16":"product-type-simple"},"bundled_by":[],"bundle_stock_status":"outofstock","bundle_stock_quantity":0,"bundle_virtual":false,"bundle_layout":"","bundle_add_to_cart_form_location":"","bundle_editable_in_cart":false,"bundle_sold_individually_context":"","bundle_item_grouping":"","bundle_min_size":"","bundle_max_size":"","bundle_price":[],"bundled_items":[],"bundle_sell_ids":[],"acf":[],"yoast_head":"<!-- This site is optimized with the Yoast SEO plugin v27.3 - https:\/\/yoast.com\/product\/yoast-seo-wordpress\/ -->\n<title>Cockpit R8 Fury White - OPLITE<\/title>\n<meta name=\"robots\" content=\"index, follow, max-snippet:-1, max-image-preview:large, max-video-preview:-1\" \/>\n<link rel=\"canonical\" href=\"https:\/\/oplitegames.com\/de\/produkt\/cockpit-r8-fury-white\/\" \/>\n<meta property=\"og:locale\" content=\"de_DE\" \/>\n<meta property=\"og:type\" content=\"article\" \/>\n<meta property=\"og:title\" content=\"Cockpit R8 Fury White - OPLITE\" \/>\n<meta property=\"og:description\" content=\"OPLITE pr\u00e4sentiert seinen brandneuen R8 FURY in Wei\u00df : das kompakteste, leistungsst\u00e4rkste und immersivste Rennsimulationscockpit seiner Kategorie! Bereiten Sie sich auf ein kompromissloses Fahrerlebnis vor!\" \/>\n<meta property=\"og:url\" content=\"https:\/\/oplitegames.com\/de\/produkt\/cockpit-r8-fury-white\/\" \/>\n<meta property=\"og:site_name\" content=\"OPLITE\" \/>\n<meta property=\"article:modified_time\" content=\"2025-12-16T14:09:26+00:00\" \/>\n<meta property=\"og:image\" content=\"https:\/\/oplitegames.com\/wp-content\/uploads\/COCKPIT-R8-FURY-WHITE-OP-R8-W_01.png\" \/>\n\t<meta property=\"og:image:width\" content=\"2750\" \/>\n\t<meta property=\"og:image:height\" content=\"2750\" \/>\n\t<meta property=\"og:image:type\" content=\"image\/png\" \/>\n<meta name=\"twitter:card\" content=\"summary_large_image\" \/>\n<meta name=\"twitter:label1\" content=\"Price\" \/>\n\t<meta name=\"twitter:data1\" content=\"649,90&nbsp;&euro;\" \/>\n\t<meta name=\"twitter:label2\" content=\"Availability\" \/>\n\t<meta name=\"twitter:data2\" content=\"Out of stock\" \/>\n<script type=\"application\/ld+json\" class=\"yoast-schema-graph\">{\"@context\":\"https:\\\/\\\/schema.org\",\"@graph\":[{\"@type\":[\"WebPage\",\"ItemPage\"],\"@id\":\"https:\\\/\\\/oplitegames.com\\\/de\\\/produkt\\\/cockpit-r8-fury-white\\\/\",\"url\":\"https:\\\/\\\/oplitegames.com\\\/de\\\/produkt\\\/cockpit-r8-fury-white\\\/\",\"name\":\"Cockpit R8 Fury White - OPLITE\",\"isPartOf\":{\"@id\":\"https:\\\/\\\/oplitegames.com\\\/#website\"},\"primaryImageOfPage\":{\"@id\":\"https:\\\/\\\/oplitegames.com\\\/de\\\/produkt\\\/cockpit-r8-fury-white\\\/#primaryimage\"},\"image\":{\"@id\":\"https:\\\/\\\/oplitegames.com\\\/de\\\/produkt\\\/cockpit-r8-fury-white\\\/#primaryimage\"},\"thumbnailUrl\":\"https:\\\/\\\/oplitegames-preprod.ezratis.fr\\\/wp-content\\\/uploads\\\/COCKPIT-R8-FURY-WHITE-OP-R8-W_01.png\",\"datePublished\":\"2025-01-28T02:00:06+00:00\",\"dateModified\":\"2025-12-16T14:09:26+00:00\",\"breadcrumb\":{\"@id\":\"https:\\\/\\\/oplitegames.com\\\/de\\\/produkt\\\/cockpit-r8-fury-white\\\/#breadcrumb\"},\"inLanguage\":\"de-DE\",\"potentialAction\":[{\"@type\":\"ReadAction\",\"target\":[\"https:\\\/\\\/oplitegames.com\\\/de\\\/produkt\\\/cockpit-r8-fury-white\\\/\"]}]},{\"@type\":\"ImageObject\",\"inLanguage\":\"de-DE\",\"@id\":\"https:\\\/\\\/oplitegames.com\\\/de\\\/produkt\\\/cockpit-r8-fury-white\\\/#primaryimage\",\"url\":\"https:\\\/\\\/oplitegames-preprod.ezratis.fr\\\/wp-content\\\/uploads\\\/COCKPIT-R8-FURY-WHITE-OP-R8-W_01.png\",\"contentUrl\":\"https:\\\/\\\/oplitegames-preprod.ezratis.fr\\\/wp-content\\\/uploads\\\/COCKPIT-R8-FURY-WHITE-OP-R8-W_01.png\",\"width\":2750,\"height\":2750},{\"@type\":\"BreadcrumbList\",\"@id\":\"https:\\\/\\\/oplitegames.com\\\/de\\\/produkt\\\/cockpit-r8-fury-white\\\/#breadcrumb\",\"itemListElement\":[{\"@type\":\"ListItem\",\"position\":1,\"name\":\"Home\",\"item\":\"https:\\\/\\\/oplitegames.com\\\/de\\\/\"},{\"@type\":\"ListItem\",\"position\":2,\"name\":\"Gesch\u00e4ft\",\"item\":\"https:\\\/\\\/oplitegames.com\\\/de\\\/geschaeft\\\/\"},{\"@type\":\"ListItem\",\"position\":3,\"name\":\"Cockpit R8 Fury White\"}]},{\"@type\":\"WebSite\",\"@id\":\"https:\\\/\\\/oplitegames.com\\\/#website\",\"url\":\"https:\\\/\\\/oplitegames.com\\\/\",\"name\":\"OPLITE\",\"description\":\"\",\"publisher\":{\"@id\":\"https:\\\/\\\/oplitegames.com\\\/#organization\"},\"potentialAction\":[{\"@type\":\"SearchAction\",\"target\":{\"@type\":\"EntryPoint\",\"urlTemplate\":\"https:\\\/\\\/oplitegames.com\\\/?s={search_term_string}\"},\"query-input\":{\"@type\":\"PropertyValueSpecification\",\"valueRequired\":true,\"valueName\":\"search_term_string\"}}],\"inLanguage\":\"de-DE\"},{\"@type\":\"Organization\",\"@id\":\"https:\\\/\\\/oplitegames.com\\\/#organization\",\"name\":\"OPLITE\",\"url\":\"https:\\\/\\\/oplitegames.com\\\/\",\"logo\":{\"@type\":\"ImageObject\",\"inLanguage\":\"de-DE\",\"@id\":\"https:\\\/\\\/oplitegames.com\\\/#\\\/schema\\\/logo\\\/image\\\/\",\"url\":\"https:\\\/\\\/oplitegames-preprod.ezratis.fr\\\/wp-content\\\/uploads\\\/cropped-cropped-Oplite-Blanc-casse-002-scaled-1.png\",\"contentUrl\":\"https:\\\/\\\/oplitegames-preprod.ezratis.fr\\\/wp-content\\\/uploads\\\/cropped-cropped-Oplite-Blanc-casse-002-scaled-1.png\",\"width\":2509,\"height\":597,\"caption\":\"OPLITE\"},\"image\":{\"@id\":\"https:\\\/\\\/oplitegames.com\\\/#\\\/schema\\\/logo\\\/image\\\/\"}}]}<\/script>\n<meta property=\"product:price:amount\" content=\"649.90\" \/>\n<meta property=\"product:price:currency\" content=\"EUR\" \/>\n<meta property=\"og:availability\" content=\"out of stock\" \/>\n<meta property=\"product:availability\" content=\"out of stock\" \/>\n<meta property=\"product:retailer_item_id\" content=\"100734\" \/>\n<meta property=\"product:condition\" content=\"new\" \/>\n<!-- \/ Yoast SEO plugin. -->","yoast_head_json":{"title":"Cockpit R8 Fury White - OPLITE","robots":{"index":"index","follow":"follow","max-snippet":"max-snippet:-1","max-image-preview":"max-image-preview:large","max-video-preview":"max-video-preview:-1"},"canonical":"https:\/\/oplitegames.com\/de\/produkt\/cockpit-r8-fury-white\/","og_locale":"de_DE","og_type":"article","og_title":"Cockpit R8 Fury White - OPLITE","og_description":"OPLITE pr\u00e4sentiert seinen brandneuen R8 FURY in Wei\u00df : das kompakteste, leistungsst\u00e4rkste und immersivste Rennsimulationscockpit seiner Kategorie! Bereiten Sie sich auf ein kompromissloses Fahrerlebnis vor!","og_url":"https:\/\/oplitegames.com\/de\/produkt\/cockpit-r8-fury-white\/","og_site_name":"OPLITE","article_modified_time":"2025-12-16T14:09:26+00:00","og_image":[{"width":2750,"height":2750,"url":"https:\/\/oplitegames.com\/wp-content\/uploads\/COCKPIT-R8-FURY-WHITE-OP-R8-W_01.png","type":"image\/png"}],"twitter_card":"summary_large_image","twitter_misc":{"Price":"649,90&nbsp;&euro;","Availability":"Out of stock"},"schema":{"@context":"https:\/\/schema.org","@graph":[{"@type":["WebPage","ItemPage"],"@id":"https:\/\/oplitegames.com\/de\/produkt\/cockpit-r8-fury-white\/","url":"https:\/\/oplitegames.com\/de\/produkt\/cockpit-r8-fury-white\/","name":"Cockpit R8 Fury White - OPLITE","isPartOf":{"@id":"https:\/\/oplitegames.com\/#website"},"primaryImageOfPage":{"@id":"https:\/\/oplitegames.com\/de\/produkt\/cockpit-r8-fury-white\/#primaryimage"},"image":{"@id":"https:\/\/oplitegames.com\/de\/produkt\/cockpit-r8-fury-white\/#primaryimage"},"thumbnailUrl":"https:\/\/oplitegames-preprod.ezratis.fr\/wp-content\/uploads\/COCKPIT-R8-FURY-WHITE-OP-R8-W_01.png","datePublished":"2025-01-28T02:00:06+00:00","dateModified":"2025-12-16T14:09:26+00:00","breadcrumb":{"@id":"https:\/\/oplitegames.com\/de\/produkt\/cockpit-r8-fury-white\/#breadcrumb"},"inLanguage":"de-DE","potentialAction":[{"@type":"ReadAction","target":["https:\/\/oplitegames.com\/de\/produkt\/cockpit-r8-fury-white\/"]}]},{"@type":"ImageObject","inLanguage":"de-DE","@id":"https:\/\/oplitegames.com\/de\/produkt\/cockpit-r8-fury-white\/#primaryimage","url":"https:\/\/oplitegames-preprod.ezratis.fr\/wp-content\/uploads\/COCKPIT-R8-FURY-WHITE-OP-R8-W_01.png","contentUrl":"https:\/\/oplitegames-preprod.ezratis.fr\/wp-content\/uploads\/COCKPIT-R8-FURY-WHITE-OP-R8-W_01.png","width":2750,"height":2750},{"@type":"BreadcrumbList","@id":"https:\/\/oplitegames.com\/de\/produkt\/cockpit-r8-fury-white\/#breadcrumb","itemListElement":[{"@type":"ListItem","position":1,"name":"Home","item":"https:\/\/oplitegames.com\/de\/"},{"@type":"ListItem","position":2,"name":"Gesch\u00e4ft","item":"https:\/\/oplitegames.com\/de\/geschaeft\/"},{"@type":"ListItem","position":3,"name":"Cockpit R8 Fury White"}]},{"@type":"WebSite","@id":"https:\/\/oplitegames.com\/#website","url":"https:\/\/oplitegames.com\/","name":"OPLITE","description":"","publisher":{"@id":"https:\/\/oplitegames.com\/#organization"},"potentialAction":[{"@type":"SearchAction","target":{"@type":"EntryPoint","urlTemplate":"https:\/\/oplitegames.com\/?s={search_term_string}"},"query-input":{"@type":"PropertyValueSpecification","valueRequired":true,"valueName":"search_term_string"}}],"inLanguage":"de-DE"},{"@type":"Organization","@id":"https:\/\/oplitegames.com\/#organization","name":"OPLITE","url":"https:\/\/oplitegames.com\/","logo":{"@type":"ImageObject","inLanguage":"de-DE","@id":"https:\/\/oplitegames.com\/#\/schema\/logo\/image\/","url":"https:\/\/oplitegames-preprod.ezratis.fr\/wp-content\/uploads\/cropped-cropped-Oplite-Blanc-casse-002-scaled-1.png","contentUrl":"https:\/\/oplitegames-preprod.ezratis.fr\/wp-content\/uploads\/cropped-cropped-Oplite-Blanc-casse-002-scaled-1.png","width":2509,"height":597,"caption":"OPLITE"},"image":{"@id":"https:\/\/oplitegames.com\/#\/schema\/logo\/image\/"}}]},"product_price_amount":"649.90","product_price_currency":"EUR","og_availability":"out of stock","product_availability":"out of stock","product_retailer_item_id":"100734","product_condition":"new"},"_links":{"self":[{"href":"https:\/\/oplitegames-preprod.ezratis.fr\/de\/wp-json\/wp\/v2\/product\/45708","targetHints":{"allow":["GET"]}}],"collection":[{"href":"https:\/\/oplitegames-preprod.ezratis.fr\/de\/wp-json\/wp\/v2\/product"}],"about":[{"href":"https:\/\/oplitegames-preprod.ezratis.fr\/de\/wp-json\/wp\/v2\/types\/product"}],"version-history":[{"count":7,"href":"https:\/\/oplitegames-preprod.ezratis.fr\/de\/wp-json\/wp\/v2\/product\/45708\/revisions"}],"predecessor-version":[{"id":62481,"href":"https:\/\/oplitegames-preprod.ezratis.fr\/de\/wp-json\/wp\/v2\/product\/45708\/revisions\/62481"}],"wp:featuredmedia":[{"embeddable":true,"href":"https:\/\/oplitegames-preprod.ezratis.fr\/de\/wp-json\/wp\/v2\/media\/44702"}],"wp:attachment":[{"href":"https:\/\/oplitegames-preprod.ezratis.fr\/de\/wp-json\/wp\/v2\/media?parent=45708"}],"wp:term":[{"taxonomy":"product_brand","embeddable":true,"href":"https:\/\/oplitegames-preprod.ezratis.fr\/de\/wp-json\/wp\/v2\/product_brand?post=45708"},{"taxonomy":"product_cat","embeddable":true,"href":"https:\/\/oplitegames-preprod.ezratis.fr\/de\/wp-json\/wp\/v2\/product_cat?post=45708"},{"taxonomy":"product_tag","embeddable":true,"href":"https:\/\/oplitegames-preprod.ezratis.fr\/de\/wp-json\/wp\/v2\/product_tag?post=45708"}],"curies":[{"name":"wp","href":"https:\/\/api.w.org\/{rel}","templated":true}]}}