{"id":45733,"date":"2025-01-28T03:00:13","date_gmt":"2025-01-28T02:00:13","guid":{"rendered":"https:\/\/oplitegames.com\/?post_type=product&#038;p=45733"},"modified":"2025-12-15T22:03:05","modified_gmt":"2025-12-15T21:03:05","slug":"r8-supreme-castor-wheel","status":"publish","type":"product","link":"https:\/\/oplitegames-preprod.ezratis.fr\/de\/produkt\/r8-supreme-castor-wheel\/","title":{"rendered":"R8 Supreme Castor Wheel"},"content":{"rendered":"<p>Das &#8220;<strong>R8 Supreme Castor Wheel<\/strong>&#8220;-Kit ist eine echte Meisterleistung der Ingenieurskunst und vereint Stabilit\u00e4t mit einfacher Beweglichkeit f\u00fcr Ihr R8 Fury-Cockpit. Die Genialit\u00e4t dieses Produkts liegt in seiner Doppelfunktion: Es dient sowohl als Rollen, um Ihr Cockpit m\u00fchelos zu bewegen, als auch als Stabilisatoren, indem Sie einfach die roten Drehkn\u00f6pfe bet\u00e4tigen. Dank dieses innovativen Designs vereinen wir das Beste aus beiden Welten: Mobilit\u00e4t und Stabilit\u00e4t. Das Einstellsystem mit dem roten Drehknopf erm\u00f6glicht eine pr\u00e4zise Nivellierung Ihres R8 Fury[1]Cockpits, optimiert die Leistung und reduziert unerw\u00fcnschte Vibrationen f\u00fcr ein intensives Spielerlebnis. Das \u00d812mm-Gewinde sorgt f\u00fcr maximale Widerstandsf\u00e4higkeit bei der Bewegung Ihres Setups. Zus\u00e4tzlich erleichtert die 360\u00b0 drehbare obere Platte, ausgestattet mit einem Doppel[1]Kugellager, sanfte Bewegungen und eine reibungslose Rotation Ihres Cockpits.<\/p>\n<p><strong><span style=\"text-decoration: underline;\">St\u00e4rken<\/span><\/strong><br \/>\n\u2022 Beschichtung der R\u00e4der aus Nylon<br \/>\n\u2022 Schnelle Installation<br \/>\n\u2022 Einfache Aktualisierung<br \/>\n\u2022 Vibrationen reduziert<br \/>\n\u2022 Kompatibel: R8 FURY<\/p>\n<p><span style=\"text-decoration: underline;\"><strong>Technische Daten<\/strong><\/span><br \/>\n<strong>Struktur:<\/strong><br \/>\n\u2022 Stahl<br \/>\n<strong>Rollen:<\/strong><br \/>\n\u2022 Hochdichtes Nylon<br \/>\n<strong>Drehung:<\/strong><br \/>\n\u2022 Doppel-Kugellager<br \/>\n<strong>Einstellung:<\/strong><br \/>\n\u2022 Mechanische Einstellung \u00fcber Drehknopf<\/p>\n<p><span style=\"text-decoration: underline;\"><strong>\u00d6kosystem:<\/strong><\/span><br \/>\n\u2022 Mit der Einf\u00fchrung des R8 FURY steht eine breite Palette von OPLITE-Produkten zur Verf\u00fcgung, um Ihr \u00d6kosystem zu gestalten<\/p>\n<p><span style=\"text-decoration: underline;\"><strong>Kompatible Cockpits<\/strong><\/span><\/p>\n<table style=\"height: 171px;\" width=\"603\">\n<tbody>\n<tr>\n<th>Hersteller<\/th>\n<th>Modelle<\/th>\n<\/tr>\n<tr>\n<td>OPLITE<\/td>\n<td>CHASSIS COCKPIT R8 FURY BLACK<br \/>\nCHASSIS COCKPIT R8 FURY WHITE<br \/>\nCOCKPIT R8 FURY BLACK<br \/>\nCOCKPIT R8 FURY WHITE<\/td>\n<\/tr>\n<tr>\n<td>ANDERE<\/td>\n<td>Alle Cockpits mit 12mm Gewinde<\/td>\n<\/tr>\n<\/tbody>\n<\/table>\n<p>&nbsp;<\/p>\n<p><span style=\"text-decoration: underline;\"><strong>\u00d6kosystem R8 Fury<\/strong><\/span><\/p>\n<table style=\"height: 552px;\" width=\"788\">\n<tbody>\n<tr>\n<th>OPLITE<\/th>\n<th>Item No.<\/th>\n<th>Commercial Name GTIN<\/th>\n<\/tr>\n<tr>\n<td>OP-R8-CHB<\/td>\n<td>CHASSIS COCKPIT R8 FURY BLACK<\/td>\n<td>3770031134445<\/td>\n<\/tr>\n<tr>\n<td>OP-R8-CHW<\/td>\n<td>CHASSIS COCKPIT R8 FURY WHITE<\/td>\n<td>3770031134452<\/td>\n<\/tr>\n<tr>\n<td>OP-R8-B<\/td>\n<td>COCKPIT R8 FURY BLACK<\/td>\n<td>3770031134438<\/td>\n<\/tr>\n<tr>\n<td>OP-R8-W<\/td>\n<td>COCKPIT R8 FURY WHITE<\/td>\n<td>3770031134421<\/td>\n<\/tr>\n<tr>\n<td>OP-R8-HBB<\/td>\n<td>R8 GEAR SHIFT HANDBRAKE HOLDER BLACK<\/td>\n<td>3770031134414<\/td>\n<\/tr>\n<tr>\n<td>OP-R8-HBW<\/td>\n<td>R8 GEAR SHIFT HANDBRAKE HOLDER WHITE<\/td>\n<td>3770031134407<\/td>\n<\/tr>\n<tr>\n<td><strong>OP-R8-CW<\/strong><\/td>\n<td><strong>R8 SUPREME CASTOR WHEEL<\/strong><\/td>\n<td><strong>3770031134391<\/strong><\/td>\n<\/tr>\n<tr>\n<td>OP-R8-MKTB<\/td>\n<td>R8 KEYBOARD &amp; MOUSE TRAY BLACK<\/td>\n<td>3770031134377<\/td>\n<\/tr>\n<tr>\n<td>OP-R8-MKTW<\/td>\n<td>R8 KEYBOARD &amp; MOUSE TRAY WHITE<\/td>\n<td>3770031134544<\/td>\n<\/tr>\n<tr>\n<td>OP-R8-CPUHB<\/td>\n<td>R8 CPU HOLDER R8 BLACK<\/td>\n<td>3770031134360<\/td>\n<\/tr>\n<tr>\n<td>OP-R8-CPUHW<\/td>\n<td>R8 CPU HOLDER R8 WHITE<\/td>\n<td>3770031134551<\/td>\n<\/tr>\n<tr>\n<td>OP-R8-SMMB<\/td>\n<td>R8 SINGLE MONITOR MOUNT BLACK<\/td>\n<td>3770031134384<\/td>\n<\/tr>\n<tr>\n<td>OP-R8-SMMW<\/td>\n<td>R8 SINGLE MONITOR MOUNT WHITE<\/td>\n<td>3770031134353<\/td>\n<\/tr>\n<tr>\n<td>OP-R8-SMSB<\/td>\n<td>R8 SINGLE MONITOR STAND<\/td>\n<td>3770031134346<\/td>\n<\/tr>\n<tr>\n<td>OP-R8-ETSM<\/td>\n<td>R8 EXTENSIONS TRIPLE SCREEN MOUNT<\/td>\n<td>3770031134339<\/td>\n<\/tr>\n<tr>\n<td>OP-R8-4MMB<\/td>\n<td>R8 ON TOP MONITOR MOUNT BLACK<\/td>\n<td>3770031134322<\/td>\n<\/tr>\n<tr>\n<td>OP-R8-4MMW<\/td>\n<td>R8 ON TOP MONITOR MOUNT WHITE<\/td>\n<td>3770031134568<\/td>\n<\/tr>\n<\/tbody>\n<\/table>\n","protected":false},"excerpt":{"rendered":"<p>Als Experte f\u00fcr ergonomisches Produktdesign f\u00fcr die B\u00fcro- und Gaming-Branche stellt OPLITE das 4-Rad-Set namens <strong>R8 SUPREME CASTOR WHEEL<\/strong> vor<\/p>\n","protected":false},"featured_media":48137,"template":"","meta":{"_acf_changed":false,"footnotes":""},"product_brand":[],"product_cat":[804,801,692],"product_tag":[809],"class_list":{"0":"post-45733","1":"product","2":"type-product","3":"status-publish","4":"has-post-thumbnail","6":"product_cat-cockpit-r8-fury-black-de","7":"product_cat-cockpit-r8-fury-white-de","8":"product_cat-simulatoren","9":"product_tag-r8-fury-de","10":"pa_colisage-pcb-8-de","12":"first","13":"outofstock","14":"taxable","15":"shipping-taxable","16":"purchasable","17":"product-type-simple"},"bundled_by":[],"bundle_stock_status":"outofstock","bundle_stock_quantity":0,"bundle_virtual":false,"bundle_layout":"","bundle_add_to_cart_form_location":"","bundle_editable_in_cart":false,"bundle_sold_individually_context":"","bundle_item_grouping":"","bundle_min_size":"","bundle_max_size":"","bundle_price":[],"bundled_items":[],"bundle_sell_ids":[],"acf":[],"yoast_head":"<!-- This site is optimized with the Yoast SEO plugin v27.3 - https:\/\/yoast.com\/product\/yoast-seo-wordpress\/ -->\n<title>R8 Supreme Castor Wheel - OPLITE<\/title>\n<meta name=\"robots\" content=\"index, follow, max-snippet:-1, max-image-preview:large, max-video-preview:-1\" \/>\n<link rel=\"canonical\" href=\"https:\/\/oplitegames.com\/de\/produkt\/r8-supreme-castor-wheel\/\" \/>\n<meta property=\"og:locale\" content=\"de_DE\" \/>\n<meta property=\"og:type\" content=\"article\" \/>\n<meta property=\"og:title\" content=\"R8 Supreme Castor Wheel - OPLITE\" \/>\n<meta property=\"og:description\" content=\"Als Experte f\u00fcr ergonomisches Produktdesign f\u00fcr die B\u00fcro- und Gaming-Branche stellt OPLITE das 4-Rad-Set namens R8 SUPREME CASTOR WHEEL vor\" \/>\n<meta property=\"og:url\" content=\"https:\/\/oplitegames.com\/de\/produkt\/r8-supreme-castor-wheel\/\" \/>\n<meta property=\"og:site_name\" content=\"OPLITE\" \/>\n<meta property=\"article:modified_time\" content=\"2025-12-15T21:03:05+00:00\" \/>\n<meta property=\"og:image\" content=\"https:\/\/oplitegames.com\/wp-content\/uploads\/OPLITE-R8-SUPREME-CASTOR-WHEEL-OP-R8-CW_01-1.png\" \/>\n\t<meta property=\"og:image:width\" content=\"2750\" \/>\n\t<meta property=\"og:image:height\" content=\"2750\" \/>\n\t<meta property=\"og:image:type\" content=\"image\/png\" \/>\n<meta name=\"twitter:card\" content=\"summary_large_image\" \/>\n<meta name=\"twitter:label1\" content=\"Price\" \/>\n\t<meta name=\"twitter:data1\" content=\"49,90&nbsp;&euro;\" \/>\n\t<meta name=\"twitter:label2\" content=\"Availability\" \/>\n\t<meta name=\"twitter:data2\" content=\"Out of stock\" \/>\n<script type=\"application\/ld+json\" class=\"yoast-schema-graph\">{\"@context\":\"https:\\\/\\\/schema.org\",\"@graph\":[{\"@type\":[\"WebPage\",\"ItemPage\"],\"@id\":\"https:\\\/\\\/oplitegames.com\\\/de\\\/produkt\\\/r8-supreme-castor-wheel\\\/\",\"url\":\"https:\\\/\\\/oplitegames.com\\\/de\\\/produkt\\\/r8-supreme-castor-wheel\\\/\",\"name\":\"R8 Supreme Castor Wheel - OPLITE\",\"isPartOf\":{\"@id\":\"https:\\\/\\\/oplitegames.com\\\/#website\"},\"primaryImageOfPage\":{\"@id\":\"https:\\\/\\\/oplitegames.com\\\/de\\\/produkt\\\/r8-supreme-castor-wheel\\\/#primaryimage\"},\"image\":{\"@id\":\"https:\\\/\\\/oplitegames.com\\\/de\\\/produkt\\\/r8-supreme-castor-wheel\\\/#primaryimage\"},\"thumbnailUrl\":\"https:\\\/\\\/oplitegames-preprod.ezratis.fr\\\/wp-content\\\/uploads\\\/OPLITE-R8-SUPREME-CASTOR-WHEEL-OP-R8-CW_01-1.png\",\"datePublished\":\"2025-01-28T02:00:13+00:00\",\"dateModified\":\"2025-12-15T21:03:05+00:00\",\"breadcrumb\":{\"@id\":\"https:\\\/\\\/oplitegames.com\\\/de\\\/produkt\\\/r8-supreme-castor-wheel\\\/#breadcrumb\"},\"inLanguage\":\"de-DE\",\"potentialAction\":[{\"@type\":\"ReadAction\",\"target\":[\"https:\\\/\\\/oplitegames.com\\\/de\\\/produkt\\\/r8-supreme-castor-wheel\\\/\"]}]},{\"@type\":\"ImageObject\",\"inLanguage\":\"de-DE\",\"@id\":\"https:\\\/\\\/oplitegames.com\\\/de\\\/produkt\\\/r8-supreme-castor-wheel\\\/#primaryimage\",\"url\":\"https:\\\/\\\/oplitegames-preprod.ezratis.fr\\\/wp-content\\\/uploads\\\/OPLITE-R8-SUPREME-CASTOR-WHEEL-OP-R8-CW_01-1.png\",\"contentUrl\":\"https:\\\/\\\/oplitegames-preprod.ezratis.fr\\\/wp-content\\\/uploads\\\/OPLITE-R8-SUPREME-CASTOR-WHEEL-OP-R8-CW_01-1.png\",\"width\":2750,\"height\":2750},{\"@type\":\"BreadcrumbList\",\"@id\":\"https:\\\/\\\/oplitegames.com\\\/de\\\/produkt\\\/r8-supreme-castor-wheel\\\/#breadcrumb\",\"itemListElement\":[{\"@type\":\"ListItem\",\"position\":1,\"name\":\"Home\",\"item\":\"https:\\\/\\\/oplitegames.com\\\/de\\\/\"},{\"@type\":\"ListItem\",\"position\":2,\"name\":\"Gesch\u00e4ft\",\"item\":\"https:\\\/\\\/oplitegames.com\\\/de\\\/geschaeft\\\/\"},{\"@type\":\"ListItem\",\"position\":3,\"name\":\"R8 Supreme Castor Wheel\"}]},{\"@type\":\"WebSite\",\"@id\":\"https:\\\/\\\/oplitegames.com\\\/#website\",\"url\":\"https:\\\/\\\/oplitegames.com\\\/\",\"name\":\"OPLITE\",\"description\":\"\",\"publisher\":{\"@id\":\"https:\\\/\\\/oplitegames.com\\\/#organization\"},\"potentialAction\":[{\"@type\":\"SearchAction\",\"target\":{\"@type\":\"EntryPoint\",\"urlTemplate\":\"https:\\\/\\\/oplitegames.com\\\/?s={search_term_string}\"},\"query-input\":{\"@type\":\"PropertyValueSpecification\",\"valueRequired\":true,\"valueName\":\"search_term_string\"}}],\"inLanguage\":\"de-DE\"},{\"@type\":\"Organization\",\"@id\":\"https:\\\/\\\/oplitegames.com\\\/#organization\",\"name\":\"OPLITE\",\"url\":\"https:\\\/\\\/oplitegames.com\\\/\",\"logo\":{\"@type\":\"ImageObject\",\"inLanguage\":\"de-DE\",\"@id\":\"https:\\\/\\\/oplitegames.com\\\/#\\\/schema\\\/logo\\\/image\\\/\",\"url\":\"https:\\\/\\\/oplitegames-preprod.ezratis.fr\\\/wp-content\\\/uploads\\\/cropped-cropped-Oplite-Blanc-casse-002-scaled-1.png\",\"contentUrl\":\"https:\\\/\\\/oplitegames-preprod.ezratis.fr\\\/wp-content\\\/uploads\\\/cropped-cropped-Oplite-Blanc-casse-002-scaled-1.png\",\"width\":2509,\"height\":597,\"caption\":\"OPLITE\"},\"image\":{\"@id\":\"https:\\\/\\\/oplitegames.com\\\/#\\\/schema\\\/logo\\\/image\\\/\"}}]}<\/script>\n<meta property=\"product:price:amount\" content=\"49.90\" \/>\n<meta property=\"product:price:currency\" content=\"EUR\" \/>\n<meta property=\"og:availability\" content=\"out of stock\" \/>\n<meta property=\"product:availability\" content=\"out of stock\" \/>\n<meta property=\"product:retailer_item_id\" content=\"101268\" \/>\n<meta property=\"product:condition\" content=\"new\" \/>\n<!-- \/ Yoast SEO plugin. -->","yoast_head_json":{"title":"R8 Supreme Castor Wheel - OPLITE","robots":{"index":"index","follow":"follow","max-snippet":"max-snippet:-1","max-image-preview":"max-image-preview:large","max-video-preview":"max-video-preview:-1"},"canonical":"https:\/\/oplitegames.com\/de\/produkt\/r8-supreme-castor-wheel\/","og_locale":"de_DE","og_type":"article","og_title":"R8 Supreme Castor Wheel - OPLITE","og_description":"Als Experte f\u00fcr ergonomisches Produktdesign f\u00fcr die B\u00fcro- und Gaming-Branche stellt OPLITE das 4-Rad-Set namens R8 SUPREME CASTOR WHEEL vor","og_url":"https:\/\/oplitegames.com\/de\/produkt\/r8-supreme-castor-wheel\/","og_site_name":"OPLITE","article_modified_time":"2025-12-15T21:03:05+00:00","og_image":[{"width":2750,"height":2750,"url":"https:\/\/oplitegames.com\/wp-content\/uploads\/OPLITE-R8-SUPREME-CASTOR-WHEEL-OP-R8-CW_01-1.png","type":"image\/png"}],"twitter_card":"summary_large_image","twitter_misc":{"Price":"49,90&nbsp;&euro;","Availability":"Out of stock"},"schema":{"@context":"https:\/\/schema.org","@graph":[{"@type":["WebPage","ItemPage"],"@id":"https:\/\/oplitegames.com\/de\/produkt\/r8-supreme-castor-wheel\/","url":"https:\/\/oplitegames.com\/de\/produkt\/r8-supreme-castor-wheel\/","name":"R8 Supreme Castor Wheel - OPLITE","isPartOf":{"@id":"https:\/\/oplitegames.com\/#website"},"primaryImageOfPage":{"@id":"https:\/\/oplitegames.com\/de\/produkt\/r8-supreme-castor-wheel\/#primaryimage"},"image":{"@id":"https:\/\/oplitegames.com\/de\/produkt\/r8-supreme-castor-wheel\/#primaryimage"},"thumbnailUrl":"https:\/\/oplitegames-preprod.ezratis.fr\/wp-content\/uploads\/OPLITE-R8-SUPREME-CASTOR-WHEEL-OP-R8-CW_01-1.png","datePublished":"2025-01-28T02:00:13+00:00","dateModified":"2025-12-15T21:03:05+00:00","breadcrumb":{"@id":"https:\/\/oplitegames.com\/de\/produkt\/r8-supreme-castor-wheel\/#breadcrumb"},"inLanguage":"de-DE","potentialAction":[{"@type":"ReadAction","target":["https:\/\/oplitegames.com\/de\/produkt\/r8-supreme-castor-wheel\/"]}]},{"@type":"ImageObject","inLanguage":"de-DE","@id":"https:\/\/oplitegames.com\/de\/produkt\/r8-supreme-castor-wheel\/#primaryimage","url":"https:\/\/oplitegames-preprod.ezratis.fr\/wp-content\/uploads\/OPLITE-R8-SUPREME-CASTOR-WHEEL-OP-R8-CW_01-1.png","contentUrl":"https:\/\/oplitegames-preprod.ezratis.fr\/wp-content\/uploads\/OPLITE-R8-SUPREME-CASTOR-WHEEL-OP-R8-CW_01-1.png","width":2750,"height":2750},{"@type":"BreadcrumbList","@id":"https:\/\/oplitegames.com\/de\/produkt\/r8-supreme-castor-wheel\/#breadcrumb","itemListElement":[{"@type":"ListItem","position":1,"name":"Home","item":"https:\/\/oplitegames.com\/de\/"},{"@type":"ListItem","position":2,"name":"Gesch\u00e4ft","item":"https:\/\/oplitegames.com\/de\/geschaeft\/"},{"@type":"ListItem","position":3,"name":"R8 Supreme Castor Wheel"}]},{"@type":"WebSite","@id":"https:\/\/oplitegames.com\/#website","url":"https:\/\/oplitegames.com\/","name":"OPLITE","description":"","publisher":{"@id":"https:\/\/oplitegames.com\/#organization"},"potentialAction":[{"@type":"SearchAction","target":{"@type":"EntryPoint","urlTemplate":"https:\/\/oplitegames.com\/?s={search_term_string}"},"query-input":{"@type":"PropertyValueSpecification","valueRequired":true,"valueName":"search_term_string"}}],"inLanguage":"de-DE"},{"@type":"Organization","@id":"https:\/\/oplitegames.com\/#organization","name":"OPLITE","url":"https:\/\/oplitegames.com\/","logo":{"@type":"ImageObject","inLanguage":"de-DE","@id":"https:\/\/oplitegames.com\/#\/schema\/logo\/image\/","url":"https:\/\/oplitegames-preprod.ezratis.fr\/wp-content\/uploads\/cropped-cropped-Oplite-Blanc-casse-002-scaled-1.png","contentUrl":"https:\/\/oplitegames-preprod.ezratis.fr\/wp-content\/uploads\/cropped-cropped-Oplite-Blanc-casse-002-scaled-1.png","width":2509,"height":597,"caption":"OPLITE"},"image":{"@id":"https:\/\/oplitegames.com\/#\/schema\/logo\/image\/"}}]},"product_price_amount":"49.90","product_price_currency":"EUR","og_availability":"out of stock","product_availability":"out of stock","product_retailer_item_id":"101268","product_condition":"new"},"_links":{"self":[{"href":"https:\/\/oplitegames-preprod.ezratis.fr\/de\/wp-json\/wp\/v2\/product\/45733","targetHints":{"allow":["GET"]}}],"collection":[{"href":"https:\/\/oplitegames-preprod.ezratis.fr\/de\/wp-json\/wp\/v2\/product"}],"about":[{"href":"https:\/\/oplitegames-preprod.ezratis.fr\/de\/wp-json\/wp\/v2\/types\/product"}],"version-history":[{"count":5,"href":"https:\/\/oplitegames-preprod.ezratis.fr\/de\/wp-json\/wp\/v2\/product\/45733\/revisions"}],"predecessor-version":[{"id":54316,"href":"https:\/\/oplitegames-preprod.ezratis.fr\/de\/wp-json\/wp\/v2\/product\/45733\/revisions\/54316"}],"wp:featuredmedia":[{"embeddable":true,"href":"https:\/\/oplitegames-preprod.ezratis.fr\/de\/wp-json\/wp\/v2\/media\/48137"}],"wp:attachment":[{"href":"https:\/\/oplitegames-preprod.ezratis.fr\/de\/wp-json\/wp\/v2\/media?parent=45733"}],"wp:term":[{"taxonomy":"product_brand","embeddable":true,"href":"https:\/\/oplitegames-preprod.ezratis.fr\/de\/wp-json\/wp\/v2\/product_brand?post=45733"},{"taxonomy":"product_cat","embeddable":true,"href":"https:\/\/oplitegames-preprod.ezratis.fr\/de\/wp-json\/wp\/v2\/product_cat?post=45733"},{"taxonomy":"product_tag","embeddable":true,"href":"https:\/\/oplitegames-preprod.ezratis.fr\/de\/wp-json\/wp\/v2\/product_tag?post=45733"}],"curies":[{"name":"wp","href":"https:\/\/api.w.org\/{rel}","templated":true}]}}