{"id":45734,"date":"2025-01-28T03:00:14","date_gmt":"2025-01-28T02:00:14","guid":{"rendered":"https:\/\/oplitegames.com\/?post_type=product&#038;p=45734"},"modified":"2025-12-16T16:37:04","modified_gmt":"2025-12-16T15:37:04","slug":"r8-keyboard-mouse-tray-black","status":"publish","type":"product","link":"https:\/\/oplitegames-preprod.ezratis.fr\/de\/produkt\/r8-keyboard-mouse-tray-black\/","title":{"rendered":"R8 \/ S8 Keyboard &amp; Mouse Tray Black"},"content":{"rendered":"<p>Das Set <strong>&#8220;R8 \/ S8 Keyboard &amp; Mouse Tray&#8221;<\/strong> ist f\u00fcr PC-Spieler gedacht und erm\u00f6glicht es Ihnen, Ihre Tastatur &amp; Maus immer griffbereit zu haben. Es besteht aus zwei unabh\u00e4ngigen Trays (eines f\u00fcr die Tastatur und eines f\u00fcr die Maus), die jeweils mit einer hochdichten (leicht abwaschbaren) Matte ausgestattet sind. Diese Konstruktion erm\u00f6glicht es, sie unabh\u00e4ngig voneinander auf jeder Seite des Cockpits zu befestigen. Dank der Verwendung von Kugelgelenken und Universalklemmen f\u00fcr 35-mm-Rohre sind zahlreiche Einstellungen und Anpassungen m\u00f6glich. Das Set besteht aus Stahl des Typs E355. Dieser Satz ist auch mit dem GT3 SUPERFAST V2 kompatibel.<\/p>\n<p><span style=\"text-decoration: underline;\"><strong>St\u00e4rken<\/strong><\/span><br \/>\n\u2022 Ideal zur Erg\u00e4nzung Ihres R8 FURY-Setups \/ GTR S8 Setups<br \/>\n\u2022 Schnelle Installation<br \/>\n\u2022 Zahlreiche M\u00f6glichkeiten zur Anpassung<br \/>\n\u2022 Universelle Kompatibilit\u00e4t mit 35-mm-Rohren<\/p>\n<p><span style=\"text-decoration: underline;\"><strong>Technische Daten<\/strong><\/span><br \/>\n<strong>Verbindungsrohre :<\/strong><br \/>\n\u2022 Robuste Stahlrohrkonstruktion des Typs E355 mit \u00d8 35 mm und 2 mm Dicke.<br \/>\n<strong>Tabletts:<\/strong><br \/>\n\u2022 Stahlkonstruktion des Typs E355 mit einer St\u00e4rke von 2 mm.<br \/>\n<strong>Justierungen:<\/strong><br \/>\n\u2022 Auf 3 Achsen und unabh\u00e4ngig f\u00fcr jedes der Tabletts.<\/p>\n<p><span style=\"text-decoration: underline;\"><strong>\u00d6kosystem:<\/strong><\/span><br \/>\n\u2022Ab der Einf\u00fchrung des R8 FURY steht eine gro\u00dfe Auswahl an OPLITE-Produkten zur Verf\u00fcgung, um Ihr \u00d6kosystem zu gestalten.<\/p>\n<p><span style=\"text-decoration: underline;\"><strong>Cockpit-Kompatibilit\u00e4ten<\/strong><\/span><\/p>\n<table style=\"height: 191px;\" width=\"565\">\n<tbody>\n<tr>\n<th>Hersteller<\/th>\n<th>Modell<\/th>\n<\/tr>\n<tr>\n<td>OPLITE<\/td>\n<td>COCKPIT R8 FURY<br \/>\nCOCKPIT GTR S8<br \/>\nGT3 SUPERFAST<\/td>\n<\/tr>\n<tr>\n<td>ANDERE<\/td>\n<td>Alle Cockpits, die mit \u00d8 35 mm Rohr entworfen wurden \/ \u00d8 48mm<\/td>\n<\/tr>\n<\/tbody>\n<\/table>\n<p><span style=\"text-decoration: underline;\"><strong>\u00d6kosystem R8 Fury<\/strong><\/span><\/p>\n<table>\n<tbody>\n<tr>\n<th>OPLITE<\/th>\n<th>Item No.<\/th>\n<th>Commercial Name GTIN<\/th>\n<\/tr>\n<tr>\n<td>OP-R8-CHB<\/td>\n<td>CHASSIS COCKPIT R8 FURY BLACK<\/td>\n<td>3770031134445<\/td>\n<\/tr>\n<tr>\n<td>OP-R8-CHW<\/td>\n<td>CHASSIS COCKPIT R8 FURY WHITE<\/td>\n<td>3770031134452<\/td>\n<\/tr>\n<tr>\n<td>OP-R8-B<\/td>\n<td>COCKPIT R8 FURY BLACK<\/td>\n<td>3770031134438<\/td>\n<\/tr>\n<tr>\n<td>OP-R8-W<\/td>\n<td>COCKPIT R8 FURY WHITE<\/td>\n<td>3770031134421<\/td>\n<\/tr>\n<tr>\n<td>OP-R8-HBB<\/td>\n<td>R8 GEAR SHIFT HANDBRAKE HOLDER BLACK<\/td>\n<td>3770031134414<\/td>\n<\/tr>\n<tr>\n<td>OP-R8-HBW<\/td>\n<td>R8 GEAR SHIFT HANDBRAKE HOLDER WHITE<\/td>\n<td>3770031134407<\/td>\n<\/tr>\n<tr>\n<td>OP-R8-CW<\/td>\n<td>R8 SUPREME CASTOR WHEEL<\/td>\n<td>3770031134391<\/td>\n<\/tr>\n<tr>\n<td><strong>OP-R8-MKTB<\/strong><\/td>\n<td><strong>R8 KEYBOARD &amp; MOUSE TRAY BLACK<\/strong><\/td>\n<td><strong>3770031134377<\/strong><\/td>\n<\/tr>\n<tr>\n<td>OP-R8-MKTW<\/td>\n<td>R8 KEYBOARD &amp; MOUSE TRAY WHITE<\/td>\n<td>3770031134544<\/td>\n<\/tr>\n<tr>\n<td>OP-R8-CPUHB<\/td>\n<td>R8 CPU HOLDER R8 BLACK<\/td>\n<td>3770031134360<\/td>\n<\/tr>\n<tr>\n<td>OP-R8-CPUHW<\/td>\n<td>R8 CPU HOLDER R8 WHITE<\/td>\n<td>3770031134551<\/td>\n<\/tr>\n<tr>\n<td>OP-R8-SMMB<\/td>\n<td>R8 SINGLE MONITOR MOUNT BLACK<\/td>\n<td>3770031134384<\/td>\n<\/tr>\n<tr>\n<td>OP-R8-SMMW<\/td>\n<td>R8 SINGLE MONITOR MOUNT WHITE<\/td>\n<td>3770031134353<\/td>\n<\/tr>\n<tr>\n<td>OP-R8-SMSB<\/td>\n<td>R8 SINGLE MONITOR STAND<\/td>\n<td>3770031134346<\/td>\n<\/tr>\n<tr>\n<td>OP-R8-ETSM<\/td>\n<td>R8 EXTENSIONS TRIPLE SCREEN MOUNT<\/td>\n<td>3770031134339<\/td>\n<\/tr>\n<tr>\n<td>OP-R8-4MMB<\/td>\n<td>R8 ON TOP MONITOR MOUNT BLACK<\/td>\n<td>3770031134322<\/td>\n<\/tr>\n<tr>\n<td>OP-R8-4MMW<\/td>\n<td>R8 ON TOP MONITOR MOUNT WHITE<\/td>\n<td>3770031134568<\/td>\n<\/tr>\n<\/tbody>\n<\/table>\n","protected":false},"excerpt":{"rendered":"<p>Als Experte f\u00fcr ergonomisches Produktdesign in den Bereichen B\u00fcro und Gaming pr\u00e4sentiert OPLITE seine neue Tastatur- und Mausablage.<\/p>\n","protected":false},"featured_media":45004,"template":"","meta":{"_acf_changed":false,"footnotes":""},"product_brand":[],"product_cat":[738,694,762,804,692],"product_tag":[809],"class_list":{"0":"post-45734","1":"product","2":"type-product","3":"status-publish","4":"has-post-thumbnail","6":"product_cat-cockpit-gt3-de","7":"product_cat-cockpit-gtr-s8-elite-de","8":"product_cat-cockpit-gtr-s8-infinity-de","9":"product_cat-cockpit-r8-fury-black-de","10":"product_cat-simulatoren","11":"product_tag-r8-fury-de","12":"pa_colisage-pcb-1-de","14":"first","15":"instock","16":"taxable","17":"shipping-taxable","18":"purchasable","19":"product-type-simple"},"bundled_by":[],"bundle_stock_status":"instock","bundle_stock_quantity":148,"bundle_virtual":false,"bundle_layout":"","bundle_add_to_cart_form_location":"","bundle_editable_in_cart":false,"bundle_sold_individually_context":"","bundle_item_grouping":"","bundle_min_size":"","bundle_max_size":"","bundle_price":[],"bundled_items":[],"bundle_sell_ids":[],"acf":[],"yoast_head":"<!-- This site is optimized with the Yoast SEO plugin v27.3 - https:\/\/yoast.com\/product\/yoast-seo-wordpress\/ -->\n<title>R8 \/ S8 Keyboard &amp; Mouse Tray Black - OPLITE<\/title>\n<meta name=\"robots\" content=\"index, follow, max-snippet:-1, max-image-preview:large, max-video-preview:-1\" \/>\n<link rel=\"canonical\" href=\"https:\/\/oplitegames.com\/de\/produkt\/r8-keyboard-mouse-tray-black\/\" \/>\n<meta property=\"og:locale\" content=\"de_DE\" \/>\n<meta property=\"og:type\" content=\"article\" \/>\n<meta property=\"og:title\" content=\"R8 \/ S8 Keyboard &amp; Mouse Tray Black - OPLITE\" \/>\n<meta property=\"og:description\" content=\"Als Experte f\u00fcr ergonomisches Produktdesign in den Bereichen B\u00fcro und Gaming pr\u00e4sentiert OPLITE seine neue Tastatur- und Mausablage.\" \/>\n<meta property=\"og:url\" content=\"https:\/\/oplitegames.com\/de\/produkt\/r8-keyboard-mouse-tray-black\/\" \/>\n<meta property=\"og:site_name\" content=\"OPLITE\" \/>\n<meta property=\"article:modified_time\" content=\"2025-12-16T15:37:04+00:00\" \/>\n<meta property=\"og:image\" content=\"https:\/\/oplitegames.com\/wp-content\/uploads\/OPLITE-R8-KEYBOARD-MOUSE-TRAY-BLACK-OP-R8-MKTB_01.png\" \/>\n\t<meta property=\"og:image:width\" content=\"2750\" \/>\n\t<meta property=\"og:image:height\" content=\"2750\" \/>\n\t<meta property=\"og:image:type\" content=\"image\/png\" \/>\n<meta name=\"twitter:card\" content=\"summary_large_image\" \/>\n<meta name=\"twitter:label1\" content=\"Price\" \/>\n\t<meta name=\"twitter:data1\" content=\"79,90&nbsp;&euro;\" \/>\n\t<meta name=\"twitter:label2\" content=\"Availability\" \/>\n\t<meta name=\"twitter:data2\" content=\"In stock\" \/>\n<script type=\"application\/ld+json\" class=\"yoast-schema-graph\">{\"@context\":\"https:\\\/\\\/schema.org\",\"@graph\":[{\"@type\":[\"WebPage\",\"ItemPage\"],\"@id\":\"https:\\\/\\\/oplitegames.com\\\/de\\\/produkt\\\/r8-keyboard-mouse-tray-black\\\/\",\"url\":\"https:\\\/\\\/oplitegames.com\\\/de\\\/produkt\\\/r8-keyboard-mouse-tray-black\\\/\",\"name\":\"R8 \\\/ S8 Keyboard &amp; Mouse Tray Black - OPLITE\",\"isPartOf\":{\"@id\":\"https:\\\/\\\/oplitegames.com\\\/#website\"},\"primaryImageOfPage\":{\"@id\":\"https:\\\/\\\/oplitegames.com\\\/de\\\/produkt\\\/r8-keyboard-mouse-tray-black\\\/#primaryimage\"},\"image\":{\"@id\":\"https:\\\/\\\/oplitegames.com\\\/de\\\/produkt\\\/r8-keyboard-mouse-tray-black\\\/#primaryimage\"},\"thumbnailUrl\":\"https:\\\/\\\/oplitegames-preprod.ezratis.fr\\\/wp-content\\\/uploads\\\/OPLITE-R8-KEYBOARD-MOUSE-TRAY-BLACK-OP-R8-MKTB_01.png\",\"datePublished\":\"2025-01-28T02:00:14+00:00\",\"dateModified\":\"2025-12-16T15:37:04+00:00\",\"breadcrumb\":{\"@id\":\"https:\\\/\\\/oplitegames.com\\\/de\\\/produkt\\\/r8-keyboard-mouse-tray-black\\\/#breadcrumb\"},\"inLanguage\":\"de-DE\",\"potentialAction\":[{\"@type\":\"ReadAction\",\"target\":[\"https:\\\/\\\/oplitegames.com\\\/de\\\/produkt\\\/r8-keyboard-mouse-tray-black\\\/\"]}]},{\"@type\":\"ImageObject\",\"inLanguage\":\"de-DE\",\"@id\":\"https:\\\/\\\/oplitegames.com\\\/de\\\/produkt\\\/r8-keyboard-mouse-tray-black\\\/#primaryimage\",\"url\":\"https:\\\/\\\/oplitegames-preprod.ezratis.fr\\\/wp-content\\\/uploads\\\/OPLITE-R8-KEYBOARD-MOUSE-TRAY-BLACK-OP-R8-MKTB_01.png\",\"contentUrl\":\"https:\\\/\\\/oplitegames-preprod.ezratis.fr\\\/wp-content\\\/uploads\\\/OPLITE-R8-KEYBOARD-MOUSE-TRAY-BLACK-OP-R8-MKTB_01.png\",\"width\":2750,\"height\":2750},{\"@type\":\"BreadcrumbList\",\"@id\":\"https:\\\/\\\/oplitegames.com\\\/de\\\/produkt\\\/r8-keyboard-mouse-tray-black\\\/#breadcrumb\",\"itemListElement\":[{\"@type\":\"ListItem\",\"position\":1,\"name\":\"Home\",\"item\":\"https:\\\/\\\/oplitegames.com\\\/de\\\/\"},{\"@type\":\"ListItem\",\"position\":2,\"name\":\"Gesch\u00e4ft\",\"item\":\"https:\\\/\\\/oplitegames.com\\\/de\\\/geschaeft\\\/\"},{\"@type\":\"ListItem\",\"position\":3,\"name\":\"R8 \\\/ S8 Keyboard &amp; Mouse Tray Black\"}]},{\"@type\":\"WebSite\",\"@id\":\"https:\\\/\\\/oplitegames.com\\\/#website\",\"url\":\"https:\\\/\\\/oplitegames.com\\\/\",\"name\":\"OPLITE\",\"description\":\"\",\"publisher\":{\"@id\":\"https:\\\/\\\/oplitegames.com\\\/#organization\"},\"potentialAction\":[{\"@type\":\"SearchAction\",\"target\":{\"@type\":\"EntryPoint\",\"urlTemplate\":\"https:\\\/\\\/oplitegames.com\\\/?s={search_term_string}\"},\"query-input\":{\"@type\":\"PropertyValueSpecification\",\"valueRequired\":true,\"valueName\":\"search_term_string\"}}],\"inLanguage\":\"de-DE\"},{\"@type\":\"Organization\",\"@id\":\"https:\\\/\\\/oplitegames.com\\\/#organization\",\"name\":\"OPLITE\",\"url\":\"https:\\\/\\\/oplitegames.com\\\/\",\"logo\":{\"@type\":\"ImageObject\",\"inLanguage\":\"de-DE\",\"@id\":\"https:\\\/\\\/oplitegames.com\\\/#\\\/schema\\\/logo\\\/image\\\/\",\"url\":\"https:\\\/\\\/oplitegames-preprod.ezratis.fr\\\/wp-content\\\/uploads\\\/cropped-cropped-Oplite-Blanc-casse-002-scaled-1.png\",\"contentUrl\":\"https:\\\/\\\/oplitegames-preprod.ezratis.fr\\\/wp-content\\\/uploads\\\/cropped-cropped-Oplite-Blanc-casse-002-scaled-1.png\",\"width\":2509,\"height\":597,\"caption\":\"OPLITE\"},\"image\":{\"@id\":\"https:\\\/\\\/oplitegames.com\\\/#\\\/schema\\\/logo\\\/image\\\/\"}}]}<\/script>\n<meta property=\"product:price:amount\" content=\"79.90\" \/>\n<meta property=\"product:price:currency\" content=\"EUR\" \/>\n<meta property=\"og:availability\" content=\"instock\" \/>\n<meta property=\"product:availability\" content=\"instock\" \/>\n<meta property=\"product:retailer_item_id\" content=\"101269\" \/>\n<meta property=\"product:condition\" content=\"new\" \/>\n<!-- \/ Yoast SEO plugin. -->","yoast_head_json":{"title":"R8 \/ S8 Keyboard &amp; Mouse Tray Black - OPLITE","robots":{"index":"index","follow":"follow","max-snippet":"max-snippet:-1","max-image-preview":"max-image-preview:large","max-video-preview":"max-video-preview:-1"},"canonical":"https:\/\/oplitegames.com\/de\/produkt\/r8-keyboard-mouse-tray-black\/","og_locale":"de_DE","og_type":"article","og_title":"R8 \/ S8 Keyboard &amp; Mouse Tray Black - OPLITE","og_description":"Als Experte f\u00fcr ergonomisches Produktdesign in den Bereichen B\u00fcro und Gaming pr\u00e4sentiert OPLITE seine neue Tastatur- und Mausablage.","og_url":"https:\/\/oplitegames.com\/de\/produkt\/r8-keyboard-mouse-tray-black\/","og_site_name":"OPLITE","article_modified_time":"2025-12-16T15:37:04+00:00","og_image":[{"width":2750,"height":2750,"url":"https:\/\/oplitegames.com\/wp-content\/uploads\/OPLITE-R8-KEYBOARD-MOUSE-TRAY-BLACK-OP-R8-MKTB_01.png","type":"image\/png"}],"twitter_card":"summary_large_image","twitter_misc":{"Price":"79,90&nbsp;&euro;","Availability":"In stock"},"schema":{"@context":"https:\/\/schema.org","@graph":[{"@type":["WebPage","ItemPage"],"@id":"https:\/\/oplitegames.com\/de\/produkt\/r8-keyboard-mouse-tray-black\/","url":"https:\/\/oplitegames.com\/de\/produkt\/r8-keyboard-mouse-tray-black\/","name":"R8 \/ S8 Keyboard &amp; Mouse Tray Black - OPLITE","isPartOf":{"@id":"https:\/\/oplitegames.com\/#website"},"primaryImageOfPage":{"@id":"https:\/\/oplitegames.com\/de\/produkt\/r8-keyboard-mouse-tray-black\/#primaryimage"},"image":{"@id":"https:\/\/oplitegames.com\/de\/produkt\/r8-keyboard-mouse-tray-black\/#primaryimage"},"thumbnailUrl":"https:\/\/oplitegames-preprod.ezratis.fr\/wp-content\/uploads\/OPLITE-R8-KEYBOARD-MOUSE-TRAY-BLACK-OP-R8-MKTB_01.png","datePublished":"2025-01-28T02:00:14+00:00","dateModified":"2025-12-16T15:37:04+00:00","breadcrumb":{"@id":"https:\/\/oplitegames.com\/de\/produkt\/r8-keyboard-mouse-tray-black\/#breadcrumb"},"inLanguage":"de-DE","potentialAction":[{"@type":"ReadAction","target":["https:\/\/oplitegames.com\/de\/produkt\/r8-keyboard-mouse-tray-black\/"]}]},{"@type":"ImageObject","inLanguage":"de-DE","@id":"https:\/\/oplitegames.com\/de\/produkt\/r8-keyboard-mouse-tray-black\/#primaryimage","url":"https:\/\/oplitegames-preprod.ezratis.fr\/wp-content\/uploads\/OPLITE-R8-KEYBOARD-MOUSE-TRAY-BLACK-OP-R8-MKTB_01.png","contentUrl":"https:\/\/oplitegames-preprod.ezratis.fr\/wp-content\/uploads\/OPLITE-R8-KEYBOARD-MOUSE-TRAY-BLACK-OP-R8-MKTB_01.png","width":2750,"height":2750},{"@type":"BreadcrumbList","@id":"https:\/\/oplitegames.com\/de\/produkt\/r8-keyboard-mouse-tray-black\/#breadcrumb","itemListElement":[{"@type":"ListItem","position":1,"name":"Home","item":"https:\/\/oplitegames.com\/de\/"},{"@type":"ListItem","position":2,"name":"Gesch\u00e4ft","item":"https:\/\/oplitegames.com\/de\/geschaeft\/"},{"@type":"ListItem","position":3,"name":"R8 \/ S8 Keyboard &amp; Mouse Tray Black"}]},{"@type":"WebSite","@id":"https:\/\/oplitegames.com\/#website","url":"https:\/\/oplitegames.com\/","name":"OPLITE","description":"","publisher":{"@id":"https:\/\/oplitegames.com\/#organization"},"potentialAction":[{"@type":"SearchAction","target":{"@type":"EntryPoint","urlTemplate":"https:\/\/oplitegames.com\/?s={search_term_string}"},"query-input":{"@type":"PropertyValueSpecification","valueRequired":true,"valueName":"search_term_string"}}],"inLanguage":"de-DE"},{"@type":"Organization","@id":"https:\/\/oplitegames.com\/#organization","name":"OPLITE","url":"https:\/\/oplitegames.com\/","logo":{"@type":"ImageObject","inLanguage":"de-DE","@id":"https:\/\/oplitegames.com\/#\/schema\/logo\/image\/","url":"https:\/\/oplitegames-preprod.ezratis.fr\/wp-content\/uploads\/cropped-cropped-Oplite-Blanc-casse-002-scaled-1.png","contentUrl":"https:\/\/oplitegames-preprod.ezratis.fr\/wp-content\/uploads\/cropped-cropped-Oplite-Blanc-casse-002-scaled-1.png","width":2509,"height":597,"caption":"OPLITE"},"image":{"@id":"https:\/\/oplitegames.com\/#\/schema\/logo\/image\/"}}]},"product_price_amount":"79.90","product_price_currency":"EUR","og_availability":"instock","product_availability":"instock","product_retailer_item_id":"101269","product_condition":"new"},"_links":{"self":[{"href":"https:\/\/oplitegames-preprod.ezratis.fr\/de\/wp-json\/wp\/v2\/product\/45734","targetHints":{"allow":["GET"]}}],"collection":[{"href":"https:\/\/oplitegames-preprod.ezratis.fr\/de\/wp-json\/wp\/v2\/product"}],"about":[{"href":"https:\/\/oplitegames-preprod.ezratis.fr\/de\/wp-json\/wp\/v2\/types\/product"}],"version-history":[{"count":5,"href":"https:\/\/oplitegames-preprod.ezratis.fr\/de\/wp-json\/wp\/v2\/product\/45734\/revisions"}],"predecessor-version":[{"id":54908,"href":"https:\/\/oplitegames-preprod.ezratis.fr\/de\/wp-json\/wp\/v2\/product\/45734\/revisions\/54908"}],"wp:featuredmedia":[{"embeddable":true,"href":"https:\/\/oplitegames-preprod.ezratis.fr\/de\/wp-json\/wp\/v2\/media\/45004"}],"wp:attachment":[{"href":"https:\/\/oplitegames-preprod.ezratis.fr\/de\/wp-json\/wp\/v2\/media?parent=45734"}],"wp:term":[{"taxonomy":"product_brand","embeddable":true,"href":"https:\/\/oplitegames-preprod.ezratis.fr\/de\/wp-json\/wp\/v2\/product_brand?post=45734"},{"taxonomy":"product_cat","embeddable":true,"href":"https:\/\/oplitegames-preprod.ezratis.fr\/de\/wp-json\/wp\/v2\/product_cat?post=45734"},{"taxonomy":"product_tag","embeddable":true,"href":"https:\/\/oplitegames-preprod.ezratis.fr\/de\/wp-json\/wp\/v2\/product_tag?post=45734"}],"curies":[{"name":"wp","href":"https:\/\/api.w.org\/{rel}","templated":true}]}}