{"id":45749,"date":"2025-01-28T03:00:17","date_gmt":"2025-01-28T02:00:17","guid":{"rendered":"https:\/\/oplitegames.com\/?post_type=product&#038;p=45749"},"modified":"2025-12-13T21:08:06","modified_gmt":"2025-12-13T20:08:06","slug":"r8-single-monitor-stand-black","status":"publish","type":"product","link":"https:\/\/oplitegames-preprod.ezratis.fr\/de\/produkt\/r8-single-monitor-stand-black\/","title":{"rendered":"R8 Single Monitor Stand Black"},"content":{"rendered":"<p>Wenn Sie maximale Flexibilit\u00e4t w\u00fcnschen, um Ihre Monitore unabh\u00e4ngig von Ihrem Cockpit zu positionieren, ist der <strong>R8 Single Monitor Stand<\/strong> die ideale L\u00f6sung. Hergestellt aus \u00d8 35mm E355 Stahl mit einer Dicke von 2 mm, bietet unser freistehender Monitorst\u00e4nder eine \u00e4u\u00dferst stabile Struktur, die ein Absacken der Monitore verhindert und eine sichere Befestigung mit elegantem Design gew\u00e4hrleistet.<\/p>\n<p><strong><u>St\u00e4rken<\/u><\/strong><br \/>\n\u2022 Ideal zur Erg\u00e4nzung Ihres R8 FURY Setups<br \/>\n\u2022\u00a0Universell passend f\u00fcr die meisten Cockpits auf dem Markt<br \/>\n\u2022\u00a0Schnelle Installation &amp; ultrarobust<br \/>\n\u2022\u00a0Hohe Kompatibilit\u00e4t mit Bildschirmen und Fernsehern<br \/>\n\u2022\u00a0Mehrere Anpassungsm\u00f6glichkeiten<\/p>\n<p><span style=\"text-decoration: underline;\"><strong>Technische Merkmale<\/strong><\/span><br \/>\n<strong>Tubes f\u00fcr Verbindungen:<\/strong><br \/>\n\u2022 Robuste Stahlrohrstruktur vom E355 mit einem Durchmesser von \u00d8 35 mm und einer Dicke von 2 mm.<br \/>\n<strong>Rahmen f\u00fcr die Bildschirmaufnahme:<\/strong><br \/>\n\u2022 Stahlstruktur vom Typ E355 mit einer Dicke von 2 mm.<br \/>\n<strong>Anpassungen Bildschirm(e):<\/strong><br \/>\n\u2022 6 Stufen der H\u00f6heneinstellung<br \/>\n\u2022 Unendlich variable Tiefeneinstellung<\/p>\n<p><span style=\"text-decoration: underline;\"><strong>\u00d6kosystem:<\/strong><\/span><br \/>\n\u2022 Seit dem Start des R8 FURY steht eine breite Palette an OPLITE-Produkten zur Verf\u00fcgung, um Ihr \u00d6kosystem zu gestalten.<br \/>\n<strong>\u00a0Erweiterbar:<\/strong><br \/>\n&gt; EXTENSIONS TRIPLE SCREEN MOUNT<br \/>\n&gt; R8 FOUR MONITOR MOUNT BLACK<br \/>\n&gt; R8 CPU HOLDER<\/p>\n<p><span style=\"text-decoration: underline;\"><strong>Bildschirm- &amp; TV-Kompatibilit\u00e4t<\/strong><\/span><\/p>\n<table width=\"544\">\n<tbody>\n<tr>\n<th>Informationen<\/th>\n<th>Technische Daten<\/th>\n<\/tr>\n<tr>\n<td>MAXIMALE GR\u00d6SSE TV<\/td>\n<td>55&#8243; 16:9<\/td>\n<\/tr>\n<tr>\n<td>MAXIMALE BILDSCHIRMGR\u00d6SSE PC<\/td>\n<td>57&#8243; 32:9 (Gebogen oder flach)<\/td>\n<\/tr>\n<tr>\n<td>MAXIMALGEWICHT 30Kg<br \/>\nVES<\/td>\n<td>30Kg<\/td>\n<\/tr>\n<tr>\n<td>VESA<\/td>\n<td>75\u00d775,100\u00d7100,200\u00d7100,<br \/>\n200\u00d7200,300\u00d7200,400\u00d7200<\/td>\n<\/tr>\n<\/tbody>\n<\/table>\n<p><span style=\"text-decoration: underline;\"><strong>\u00d6kosystem R8 Fury<\/strong><\/span><\/p>\n<table>\n<tbody>\n<tr>\n<th>OPLITE<\/th>\n<th>Item No.<\/th>\n<th>Commercial Name GTIN<\/th>\n<\/tr>\n<tr>\n<td>OP-R8-CHB<\/td>\n<td>CHASSIS COCKPIT R8 FURY BLACK<\/td>\n<td>3770031134445<\/td>\n<\/tr>\n<tr>\n<td>OP-R8-CHW<\/td>\n<td>CHASSIS COCKPIT R8 FURY WHITE<\/td>\n<td>3770031134452<\/td>\n<\/tr>\n<tr>\n<td>OP-R8-B<\/td>\n<td>COCKPIT R8 FURY BLACK<\/td>\n<td>3770031134438<\/td>\n<\/tr>\n<tr>\n<td>OP-R8-W<\/td>\n<td>COCKPIT R8 FURY WHITE<\/td>\n<td>3770031134421<\/td>\n<\/tr>\n<tr>\n<td>OP-R8-HBB<\/td>\n<td>R8 GEAR SHIFT HANDBRAKE HOLDER BLACK<\/td>\n<td>3770031134414<\/td>\n<\/tr>\n<tr>\n<td>OP-R8-HBW<\/td>\n<td>R8 GEAR SHIFT HANDBRAKE HOLDER WHITE<\/td>\n<td>3770031134407<\/td>\n<\/tr>\n<tr>\n<td>OP-R8-CW<\/td>\n<td>R8 SUPREME CASTOR WHEEL<\/td>\n<td>3770031134391<\/td>\n<\/tr>\n<tr>\n<td>OP-R8-MKTB<\/td>\n<td>R8 KEYBOARD &amp; MOUSE TRAY BLACK<\/td>\n<td>3770031134377<\/td>\n<\/tr>\n<tr>\n<td>OP-R8-MKTW<\/td>\n<td>R8 KEYBOARD &amp; MOUSE TRAY WHITE<\/td>\n<td>3770031134544<\/td>\n<\/tr>\n<tr>\n<td>OP-R8-CPUHB<\/td>\n<td>R8 CPU HOLDER R8 BLACK<\/td>\n<td>3770031134360<\/td>\n<\/tr>\n<tr>\n<td>OP-R8-CPUHW<\/td>\n<td>R8 CPU HOLDER R8 WHITE<\/td>\n<td>3770031134551<\/td>\n<\/tr>\n<tr>\n<td>OP-R8-SMMB<\/td>\n<td>R8 SINGLE MONITOR MOUNT BLACK<\/td>\n<td>3770031134384<\/td>\n<\/tr>\n<tr>\n<td>OP-R8-SMMW<\/td>\n<td>R8 SINGLE MONITOR MOUNT WHITE<\/td>\n<td>3770031134353<\/td>\n<\/tr>\n<tr>\n<td><strong>OP-R8-SMSB<\/strong><\/td>\n<td><strong>R8 SINGLE MONITOR STAND<\/strong><\/td>\n<td><strong>3770031134346<\/strong><\/td>\n<\/tr>\n<tr>\n<td>OP-R8-ETSM<\/td>\n<td>R8 EXTENSIONS TRIPLE SCREEN MOUNT<\/td>\n<td>3770031134339<\/td>\n<\/tr>\n<tr>\n<td>OP-R8-4MMB<\/td>\n<td>R8 ON TOP MONITOR MOUNT BLACK<\/td>\n<td>3770031134322<\/td>\n<\/tr>\n<tr>\n<td>OP-R8-4MMW<\/td>\n<td>R8 ON TOP MONITOR MOUNT WHITE<\/td>\n<td>3770031134568<\/td>\n<\/tr>\n<\/tbody>\n<\/table>\n","protected":false},"excerpt":{"rendered":"<p>Experte in der Entwicklung ergonomischer Produkte f\u00fcr die B\u00fcro- und Gaming-Bereiche, pr\u00e4sentiert Ihnen OPLITE die <strong>Single Monitor Stand<\/strong> f\u00fcr Ihren R8 Fury<\/p>\n","protected":false},"featured_media":45226,"template":"","meta":{"_acf_changed":false,"footnotes":""},"product_brand":[],"product_cat":[804,801,692],"product_tag":[809],"class_list":{"0":"post-45749","1":"product","2":"type-product","3":"status-publish","4":"has-post-thumbnail","6":"product_cat-cockpit-r8-fury-black-de","7":"product_cat-cockpit-r8-fury-white-de","8":"product_cat-simulatoren","9":"product_tag-r8-fury-de","10":"pa_colisage-pcb-824","11":"pa_colisage-pcb-1-de","13":"first","14":"outofstock","15":"taxable","16":"shipping-taxable","17":"purchasable","18":"product-type-simple"},"bundled_by":[],"bundle_stock_status":"outofstock","bundle_stock_quantity":0,"bundle_virtual":false,"bundle_layout":"","bundle_add_to_cart_form_location":"","bundle_editable_in_cart":false,"bundle_sold_individually_context":"","bundle_item_grouping":"","bundle_min_size":"","bundle_max_size":"","bundle_price":[],"bundled_items":[],"bundle_sell_ids":[],"acf":[],"yoast_head":"<!-- This site is optimized with the Yoast SEO plugin v27.3 - https:\/\/yoast.com\/product\/yoast-seo-wordpress\/ -->\n<title>R8 Single Monitor Stand Black - OPLITE<\/title>\n<meta name=\"robots\" content=\"index, follow, max-snippet:-1, max-image-preview:large, max-video-preview:-1\" \/>\n<link rel=\"canonical\" href=\"https:\/\/oplitegames.com\/de\/produkt\/r8-single-monitor-stand-black\/\" \/>\n<meta property=\"og:locale\" content=\"de_DE\" \/>\n<meta property=\"og:type\" content=\"article\" \/>\n<meta property=\"og:title\" content=\"R8 Single Monitor Stand Black - OPLITE\" \/>\n<meta property=\"og:description\" content=\"Experte in der Entwicklung ergonomischer Produkte f\u00fcr die B\u00fcro- und Gaming-Bereiche, pr\u00e4sentiert Ihnen OPLITE die Single Monitor Stand f\u00fcr Ihren R8 Fury\" \/>\n<meta property=\"og:url\" content=\"https:\/\/oplitegames.com\/de\/produkt\/r8-single-monitor-stand-black\/\" \/>\n<meta property=\"og:site_name\" content=\"OPLITE\" \/>\n<meta property=\"article:modified_time\" content=\"2025-12-13T20:08:06+00:00\" \/>\n<meta property=\"og:image\" content=\"https:\/\/oplitegames.com\/wp-content\/uploads\/OPLITE-R8-SINGLE-MONITOR-STAND-BLACK-OP-R8-SMSB_01.png\" \/>\n\t<meta property=\"og:image:width\" content=\"2750\" \/>\n\t<meta property=\"og:image:height\" content=\"2750\" \/>\n\t<meta property=\"og:image:type\" content=\"image\/png\" \/>\n<meta name=\"twitter:card\" content=\"summary_large_image\" \/>\n<meta name=\"twitter:label1\" content=\"Price\" \/>\n\t<meta name=\"twitter:data1\" content=\"149,90&nbsp;&euro;\" \/>\n\t<meta name=\"twitter:label2\" content=\"Availability\" \/>\n\t<meta name=\"twitter:data2\" content=\"Out of stock\" \/>\n<script type=\"application\/ld+json\" class=\"yoast-schema-graph\">{\"@context\":\"https:\\\/\\\/schema.org\",\"@graph\":[{\"@type\":[\"WebPage\",\"ItemPage\"],\"@id\":\"https:\\\/\\\/oplitegames.com\\\/de\\\/produkt\\\/r8-single-monitor-stand-black\\\/\",\"url\":\"https:\\\/\\\/oplitegames.com\\\/de\\\/produkt\\\/r8-single-monitor-stand-black\\\/\",\"name\":\"R8 Single Monitor Stand Black - OPLITE\",\"isPartOf\":{\"@id\":\"https:\\\/\\\/oplitegames.com\\\/#website\"},\"primaryImageOfPage\":{\"@id\":\"https:\\\/\\\/oplitegames.com\\\/de\\\/produkt\\\/r8-single-monitor-stand-black\\\/#primaryimage\"},\"image\":{\"@id\":\"https:\\\/\\\/oplitegames.com\\\/de\\\/produkt\\\/r8-single-monitor-stand-black\\\/#primaryimage\"},\"thumbnailUrl\":\"https:\\\/\\\/oplitegames-preprod.ezratis.fr\\\/wp-content\\\/uploads\\\/OPLITE-R8-SINGLE-MONITOR-STAND-BLACK-OP-R8-SMSB_01.png\",\"datePublished\":\"2025-01-28T02:00:17+00:00\",\"dateModified\":\"2025-12-13T20:08:06+00:00\",\"breadcrumb\":{\"@id\":\"https:\\\/\\\/oplitegames.com\\\/de\\\/produkt\\\/r8-single-monitor-stand-black\\\/#breadcrumb\"},\"inLanguage\":\"de-DE\",\"potentialAction\":[{\"@type\":\"ReadAction\",\"target\":[\"https:\\\/\\\/oplitegames.com\\\/de\\\/produkt\\\/r8-single-monitor-stand-black\\\/\"]}]},{\"@type\":\"ImageObject\",\"inLanguage\":\"de-DE\",\"@id\":\"https:\\\/\\\/oplitegames.com\\\/de\\\/produkt\\\/r8-single-monitor-stand-black\\\/#primaryimage\",\"url\":\"https:\\\/\\\/oplitegames-preprod.ezratis.fr\\\/wp-content\\\/uploads\\\/OPLITE-R8-SINGLE-MONITOR-STAND-BLACK-OP-R8-SMSB_01.png\",\"contentUrl\":\"https:\\\/\\\/oplitegames-preprod.ezratis.fr\\\/wp-content\\\/uploads\\\/OPLITE-R8-SINGLE-MONITOR-STAND-BLACK-OP-R8-SMSB_01.png\",\"width\":2750,\"height\":2750},{\"@type\":\"BreadcrumbList\",\"@id\":\"https:\\\/\\\/oplitegames.com\\\/de\\\/produkt\\\/r8-single-monitor-stand-black\\\/#breadcrumb\",\"itemListElement\":[{\"@type\":\"ListItem\",\"position\":1,\"name\":\"Home\",\"item\":\"https:\\\/\\\/oplitegames.com\\\/de\\\/\"},{\"@type\":\"ListItem\",\"position\":2,\"name\":\"Gesch\u00e4ft\",\"item\":\"https:\\\/\\\/oplitegames.com\\\/de\\\/geschaeft\\\/\"},{\"@type\":\"ListItem\",\"position\":3,\"name\":\"R8 Single Monitor Stand Black\"}]},{\"@type\":\"WebSite\",\"@id\":\"https:\\\/\\\/oplitegames.com\\\/#website\",\"url\":\"https:\\\/\\\/oplitegames.com\\\/\",\"name\":\"OPLITE\",\"description\":\"\",\"publisher\":{\"@id\":\"https:\\\/\\\/oplitegames.com\\\/#organization\"},\"potentialAction\":[{\"@type\":\"SearchAction\",\"target\":{\"@type\":\"EntryPoint\",\"urlTemplate\":\"https:\\\/\\\/oplitegames.com\\\/?s={search_term_string}\"},\"query-input\":{\"@type\":\"PropertyValueSpecification\",\"valueRequired\":true,\"valueName\":\"search_term_string\"}}],\"inLanguage\":\"de-DE\"},{\"@type\":\"Organization\",\"@id\":\"https:\\\/\\\/oplitegames.com\\\/#organization\",\"name\":\"OPLITE\",\"url\":\"https:\\\/\\\/oplitegames.com\\\/\",\"logo\":{\"@type\":\"ImageObject\",\"inLanguage\":\"de-DE\",\"@id\":\"https:\\\/\\\/oplitegames.com\\\/#\\\/schema\\\/logo\\\/image\\\/\",\"url\":\"https:\\\/\\\/oplitegames-preprod.ezratis.fr\\\/wp-content\\\/uploads\\\/cropped-cropped-Oplite-Blanc-casse-002-scaled-1.png\",\"contentUrl\":\"https:\\\/\\\/oplitegames-preprod.ezratis.fr\\\/wp-content\\\/uploads\\\/cropped-cropped-Oplite-Blanc-casse-002-scaled-1.png\",\"width\":2509,\"height\":597,\"caption\":\"OPLITE\"},\"image\":{\"@id\":\"https:\\\/\\\/oplitegames.com\\\/#\\\/schema\\\/logo\\\/image\\\/\"}}]}<\/script>\n<meta property=\"product:price:amount\" content=\"149.90\" \/>\n<meta property=\"product:price:currency\" content=\"EUR\" \/>\n<meta property=\"og:availability\" content=\"out of stock\" \/>\n<meta property=\"product:availability\" content=\"out of stock\" \/>\n<meta property=\"product:retailer_item_id\" content=\"101272\" \/>\n<meta property=\"product:condition\" content=\"new\" \/>\n<!-- \/ Yoast SEO plugin. -->","yoast_head_json":{"title":"R8 Single Monitor Stand Black - OPLITE","robots":{"index":"index","follow":"follow","max-snippet":"max-snippet:-1","max-image-preview":"max-image-preview:large","max-video-preview":"max-video-preview:-1"},"canonical":"https:\/\/oplitegames.com\/de\/produkt\/r8-single-monitor-stand-black\/","og_locale":"de_DE","og_type":"article","og_title":"R8 Single Monitor Stand Black - OPLITE","og_description":"Experte in der Entwicklung ergonomischer Produkte f\u00fcr die B\u00fcro- und Gaming-Bereiche, pr\u00e4sentiert Ihnen OPLITE die Single Monitor Stand f\u00fcr Ihren R8 Fury","og_url":"https:\/\/oplitegames.com\/de\/produkt\/r8-single-monitor-stand-black\/","og_site_name":"OPLITE","article_modified_time":"2025-12-13T20:08:06+00:00","og_image":[{"width":2750,"height":2750,"url":"https:\/\/oplitegames.com\/wp-content\/uploads\/OPLITE-R8-SINGLE-MONITOR-STAND-BLACK-OP-R8-SMSB_01.png","type":"image\/png"}],"twitter_card":"summary_large_image","twitter_misc":{"Price":"149,90&nbsp;&euro;","Availability":"Out of stock"},"schema":{"@context":"https:\/\/schema.org","@graph":[{"@type":["WebPage","ItemPage"],"@id":"https:\/\/oplitegames.com\/de\/produkt\/r8-single-monitor-stand-black\/","url":"https:\/\/oplitegames.com\/de\/produkt\/r8-single-monitor-stand-black\/","name":"R8 Single Monitor Stand Black - OPLITE","isPartOf":{"@id":"https:\/\/oplitegames.com\/#website"},"primaryImageOfPage":{"@id":"https:\/\/oplitegames.com\/de\/produkt\/r8-single-monitor-stand-black\/#primaryimage"},"image":{"@id":"https:\/\/oplitegames.com\/de\/produkt\/r8-single-monitor-stand-black\/#primaryimage"},"thumbnailUrl":"https:\/\/oplitegames-preprod.ezratis.fr\/wp-content\/uploads\/OPLITE-R8-SINGLE-MONITOR-STAND-BLACK-OP-R8-SMSB_01.png","datePublished":"2025-01-28T02:00:17+00:00","dateModified":"2025-12-13T20:08:06+00:00","breadcrumb":{"@id":"https:\/\/oplitegames.com\/de\/produkt\/r8-single-monitor-stand-black\/#breadcrumb"},"inLanguage":"de-DE","potentialAction":[{"@type":"ReadAction","target":["https:\/\/oplitegames.com\/de\/produkt\/r8-single-monitor-stand-black\/"]}]},{"@type":"ImageObject","inLanguage":"de-DE","@id":"https:\/\/oplitegames.com\/de\/produkt\/r8-single-monitor-stand-black\/#primaryimage","url":"https:\/\/oplitegames-preprod.ezratis.fr\/wp-content\/uploads\/OPLITE-R8-SINGLE-MONITOR-STAND-BLACK-OP-R8-SMSB_01.png","contentUrl":"https:\/\/oplitegames-preprod.ezratis.fr\/wp-content\/uploads\/OPLITE-R8-SINGLE-MONITOR-STAND-BLACK-OP-R8-SMSB_01.png","width":2750,"height":2750},{"@type":"BreadcrumbList","@id":"https:\/\/oplitegames.com\/de\/produkt\/r8-single-monitor-stand-black\/#breadcrumb","itemListElement":[{"@type":"ListItem","position":1,"name":"Home","item":"https:\/\/oplitegames.com\/de\/"},{"@type":"ListItem","position":2,"name":"Gesch\u00e4ft","item":"https:\/\/oplitegames.com\/de\/geschaeft\/"},{"@type":"ListItem","position":3,"name":"R8 Single Monitor Stand Black"}]},{"@type":"WebSite","@id":"https:\/\/oplitegames.com\/#website","url":"https:\/\/oplitegames.com\/","name":"OPLITE","description":"","publisher":{"@id":"https:\/\/oplitegames.com\/#organization"},"potentialAction":[{"@type":"SearchAction","target":{"@type":"EntryPoint","urlTemplate":"https:\/\/oplitegames.com\/?s={search_term_string}"},"query-input":{"@type":"PropertyValueSpecification","valueRequired":true,"valueName":"search_term_string"}}],"inLanguage":"de-DE"},{"@type":"Organization","@id":"https:\/\/oplitegames.com\/#organization","name":"OPLITE","url":"https:\/\/oplitegames.com\/","logo":{"@type":"ImageObject","inLanguage":"de-DE","@id":"https:\/\/oplitegames.com\/#\/schema\/logo\/image\/","url":"https:\/\/oplitegames-preprod.ezratis.fr\/wp-content\/uploads\/cropped-cropped-Oplite-Blanc-casse-002-scaled-1.png","contentUrl":"https:\/\/oplitegames-preprod.ezratis.fr\/wp-content\/uploads\/cropped-cropped-Oplite-Blanc-casse-002-scaled-1.png","width":2509,"height":597,"caption":"OPLITE"},"image":{"@id":"https:\/\/oplitegames.com\/#\/schema\/logo\/image\/"}}]},"product_price_amount":"149.90","product_price_currency":"EUR","og_availability":"out of stock","product_availability":"out of stock","product_retailer_item_id":"101272","product_condition":"new"},"_links":{"self":[{"href":"https:\/\/oplitegames-preprod.ezratis.fr\/de\/wp-json\/wp\/v2\/product\/45749","targetHints":{"allow":["GET"]}}],"collection":[{"href":"https:\/\/oplitegames-preprod.ezratis.fr\/de\/wp-json\/wp\/v2\/product"}],"about":[{"href":"https:\/\/oplitegames-preprod.ezratis.fr\/de\/wp-json\/wp\/v2\/types\/product"}],"version-history":[{"count":5,"href":"https:\/\/oplitegames-preprod.ezratis.fr\/de\/wp-json\/wp\/v2\/product\/45749\/revisions"}],"predecessor-version":[{"id":61653,"href":"https:\/\/oplitegames-preprod.ezratis.fr\/de\/wp-json\/wp\/v2\/product\/45749\/revisions\/61653"}],"wp:featuredmedia":[{"embeddable":true,"href":"https:\/\/oplitegames-preprod.ezratis.fr\/de\/wp-json\/wp\/v2\/media\/45226"}],"wp:attachment":[{"href":"https:\/\/oplitegames-preprod.ezratis.fr\/de\/wp-json\/wp\/v2\/media?parent=45749"}],"wp:term":[{"taxonomy":"product_brand","embeddable":true,"href":"https:\/\/oplitegames-preprod.ezratis.fr\/de\/wp-json\/wp\/v2\/product_brand?post=45749"},{"taxonomy":"product_cat","embeddable":true,"href":"https:\/\/oplitegames-preprod.ezratis.fr\/de\/wp-json\/wp\/v2\/product_cat?post=45749"},{"taxonomy":"product_tag","embeddable":true,"href":"https:\/\/oplitegames-preprod.ezratis.fr\/de\/wp-json\/wp\/v2\/product_tag?post=45749"}],"curies":[{"name":"wp","href":"https:\/\/api.w.org\/{rel}","templated":true}]}}