{"id":50421,"date":"2025-03-13T03:00:06","date_gmt":"2025-03-13T02:00:06","guid":{"rendered":"https:\/\/oplitegames.com\/?post_type=product&#038;p=50421"},"modified":"2025-11-27T03:01:49","modified_gmt":"2025-11-27T02:01:49","slug":"rs1-fibercore-siege-baquet-gtr","status":"publish","type":"product","link":"https:\/\/oplitegames-preprod.ezratis.fr\/de\/produkt\/rs1-fibercore-siege-baquet-gtr\/","title":{"rendered":"RS1 FiberCore Si\u00e8ge Baquet GTR"},"content":{"rendered":"<div data-olk-copy-source=\"MailCompose\">Der Oplite RS1 FiberCore\u00ae Rennsitz integriert eine innovative Technologie, die aus 4 Schichten aus verflochtenem, verst\u00e4rktem und gepanzertem Glasfaser besteht und eine Steifigkeit gew\u00e4hrleistet, die mit der von Rennsitzen in Motorsportwettk\u00e4mpfen vergleichbar ist. Er kombiniert \u00c4sthetik und Komfort und bietet den Spielern ein realistisches Eintauchen in die Welt des Motorsports. Mit einem offenen ergonomischen Design konzipiert, passt sich der RS1 FiberCore\u00ae allen K\u00f6rperformen an, sei es eine Person, die 1,40 m gro\u00df und 60 kg schwer ist, oder eine andere, die 2,10 m gro\u00df und 150 kg schwer ist.<\/div>\n<div><\/div>\n<div><span style=\"text-decoration: underline;\"><strong>St\u00e4rken<\/strong><\/span><br \/>\n&#8211; 4 Schichten aus verflochtenem, verst\u00e4rktem und gepanzertem Glasfaser<br \/>\n&#8211; Universalgr\u00f6\u00dfe<br \/>\n&#8211; Ultra atmungsaktive Mikrofaser-Beschichtung<br \/>\n&#8211; Schaumstoffe mit hoher Dichte 35kg\/m3<br \/>\n&#8211; 5 Kabelf\u00fchrungen, kompatibel 3 und 4 Punkte<br \/>\n&#8211; Standard Seitenbefestigungen 290mm<br \/>\n&#8211; 4 Schrauben M8x20 f\u00fcr seitliche Montage enthalten<\/div>\n<div><\/div>\n<div><span style=\"text-decoration: underline;\"><strong>Technische Daten<\/strong><\/span><br \/>\n<span style=\"text-decoration: underline;\">Aussenma\u00dfe<\/span><br \/>\n-R\u00fcckenbreite: 60 cm<br \/>\n-Sitzbreite: 43 cm<br \/>\n-R\u00fcckenh\u00f6he: 88 cm<br \/>\n<span style=\"text-decoration: underline;\">Innenma\u00dfe<\/span><br \/>\n-R\u00fcckenbreite: 32 cm<br \/>\n-Sitzbreite: 36 cm<br \/>\n<span style=\"text-decoration: underline;\">Warnung:<\/span><br \/>\n-Sitzst\u00fctzen sind nicht enthalten.<br \/>\n-Dieser Schalensitz ist nicht f\u00fcr den Einbau in ein Auto zugelassen, seine Verwendung ist nur f\u00fcr Simracing.<\/div>\n","protected":false},"excerpt":{"rendered":"<p>Experte in der Gestaltung ergonomischer Produkte f\u00fcr die B\u00fcro- und Gaming-Branchen pr\u00e4sentiert OPLITE die ultimative Weiterentwicklung seines Schalensitz, den RS1 FiberCore\u00ae.<\/p>\n","protected":false},"featured_media":54850,"template":"","meta":{"_acf_changed":false,"footnotes":""},"product_brand":[],"product_cat":[762,804,801,795,692],"product_tag":[809],"class_list":{"0":"post-50421","1":"product","2":"type-product","3":"status-publish","4":"has-post-thumbnail","6":"product_cat-cockpit-gtr-s8-infinity-de","7":"product_cat-cockpit-r8-fury-black-de","8":"product_cat-cockpit-r8-fury-white-de","9":"product_cat-cockpit-s8-ultra-de","10":"product_cat-simulatoren","11":"product_tag-r8-fury-de","12":"pa_colisage-pcb-1-de","14":"first","15":"outofstock","16":"taxable","17":"shipping-taxable","18":"purchasable","19":"product-type-simple"},"bundled_by":[],"bundle_stock_status":"outofstock","bundle_stock_quantity":0,"bundle_virtual":false,"bundle_layout":"","bundle_add_to_cart_form_location":"","bundle_editable_in_cart":false,"bundle_sold_individually_context":"","bundle_item_grouping":"","bundle_min_size":"","bundle_max_size":"","bundle_price":[],"bundled_items":[],"bundle_sell_ids":[],"acf":[],"yoast_head":"<!-- This site is optimized with the Yoast SEO plugin v27.3 - https:\/\/yoast.com\/product\/yoast-seo-wordpress\/ -->\n<title>RS1 FiberCore Si\u00e8ge Baquet GTR - OPLITE<\/title>\n<meta name=\"robots\" content=\"index, follow, max-snippet:-1, max-image-preview:large, max-video-preview:-1\" \/>\n<link rel=\"canonical\" href=\"https:\/\/oplitegames.com\/de\/produkt\/rs1-fibercore-siege-baquet-gtr\/\" \/>\n<meta property=\"og:locale\" content=\"de_DE\" \/>\n<meta property=\"og:type\" content=\"article\" \/>\n<meta property=\"og:title\" content=\"RS1 FiberCore Si\u00e8ge Baquet GTR - OPLITE\" \/>\n<meta property=\"og:description\" content=\"Experte in der Gestaltung ergonomischer Produkte f\u00fcr die B\u00fcro- und Gaming-Branchen pr\u00e4sentiert OPLITE die ultimative Weiterentwicklung seines Schalensitz, den RS1 FiberCore\u00ae.\" \/>\n<meta property=\"og:url\" content=\"https:\/\/oplitegames.com\/de\/produkt\/rs1-fibercore-siege-baquet-gtr\/\" \/>\n<meta property=\"og:site_name\" content=\"OPLITE\" \/>\n<meta property=\"article:modified_time\" content=\"2025-11-27T02:01:49+00:00\" \/>\n<meta property=\"og:image\" content=\"https:\/\/oplitegames.com\/wp-content\/uploads\/Design-sans-titre3.png\" \/>\n\t<meta property=\"og:image:width\" content=\"1000\" \/>\n\t<meta property=\"og:image:height\" content=\"1000\" \/>\n\t<meta property=\"og:image:type\" content=\"image\/png\" \/>\n<meta name=\"twitter:card\" content=\"summary_large_image\" \/>\n<meta name=\"twitter:label1\" content=\"Price\" \/>\n\t<meta name=\"twitter:data1\" content=\"249,90&nbsp;&euro;\" \/>\n\t<meta name=\"twitter:label2\" content=\"Availability\" \/>\n\t<meta name=\"twitter:data2\" content=\"Out of stock\" \/>\n<script type=\"application\/ld+json\" class=\"yoast-schema-graph\">{\"@context\":\"https:\\\/\\\/schema.org\",\"@graph\":[{\"@type\":[\"WebPage\",\"ItemPage\"],\"@id\":\"https:\\\/\\\/oplitegames.com\\\/de\\\/produkt\\\/rs1-fibercore-siege-baquet-gtr\\\/\",\"url\":\"https:\\\/\\\/oplitegames.com\\\/de\\\/produkt\\\/rs1-fibercore-siege-baquet-gtr\\\/\",\"name\":\"RS1 FiberCore Si\u00e8ge Baquet GTR - OPLITE\",\"isPartOf\":{\"@id\":\"https:\\\/\\\/oplitegames.com\\\/#website\"},\"primaryImageOfPage\":{\"@id\":\"https:\\\/\\\/oplitegames.com\\\/de\\\/produkt\\\/rs1-fibercore-siege-baquet-gtr\\\/#primaryimage\"},\"image\":{\"@id\":\"https:\\\/\\\/oplitegames.com\\\/de\\\/produkt\\\/rs1-fibercore-siege-baquet-gtr\\\/#primaryimage\"},\"thumbnailUrl\":\"https:\\\/\\\/oplitegames-preprod.ezratis.fr\\\/wp-content\\\/uploads\\\/Design-sans-titre3.png\",\"datePublished\":\"2025-03-13T02:00:06+00:00\",\"dateModified\":\"2025-11-27T02:01:49+00:00\",\"breadcrumb\":{\"@id\":\"https:\\\/\\\/oplitegames.com\\\/de\\\/produkt\\\/rs1-fibercore-siege-baquet-gtr\\\/#breadcrumb\"},\"inLanguage\":\"de-DE\",\"potentialAction\":[{\"@type\":\"ReadAction\",\"target\":[\"https:\\\/\\\/oplitegames.com\\\/de\\\/produkt\\\/rs1-fibercore-siege-baquet-gtr\\\/\"]}]},{\"@type\":\"ImageObject\",\"inLanguage\":\"de-DE\",\"@id\":\"https:\\\/\\\/oplitegames.com\\\/de\\\/produkt\\\/rs1-fibercore-siege-baquet-gtr\\\/#primaryimage\",\"url\":\"https:\\\/\\\/oplitegames-preprod.ezratis.fr\\\/wp-content\\\/uploads\\\/Design-sans-titre3.png\",\"contentUrl\":\"https:\\\/\\\/oplitegames-preprod.ezratis.fr\\\/wp-content\\\/uploads\\\/Design-sans-titre3.png\",\"width\":1000,\"height\":1000},{\"@type\":\"BreadcrumbList\",\"@id\":\"https:\\\/\\\/oplitegames.com\\\/de\\\/produkt\\\/rs1-fibercore-siege-baquet-gtr\\\/#breadcrumb\",\"itemListElement\":[{\"@type\":\"ListItem\",\"position\":1,\"name\":\"Home\",\"item\":\"https:\\\/\\\/oplitegames.com\\\/de\\\/\"},{\"@type\":\"ListItem\",\"position\":2,\"name\":\"Gesch\u00e4ft\",\"item\":\"https:\\\/\\\/oplitegames.com\\\/de\\\/geschaeft\\\/\"},{\"@type\":\"ListItem\",\"position\":3,\"name\":\"RS1 FiberCore Si\u00e8ge Baquet GTR\"}]},{\"@type\":\"WebSite\",\"@id\":\"https:\\\/\\\/oplitegames.com\\\/#website\",\"url\":\"https:\\\/\\\/oplitegames.com\\\/\",\"name\":\"OPLITE\",\"description\":\"\",\"publisher\":{\"@id\":\"https:\\\/\\\/oplitegames.com\\\/#organization\"},\"potentialAction\":[{\"@type\":\"SearchAction\",\"target\":{\"@type\":\"EntryPoint\",\"urlTemplate\":\"https:\\\/\\\/oplitegames.com\\\/?s={search_term_string}\"},\"query-input\":{\"@type\":\"PropertyValueSpecification\",\"valueRequired\":true,\"valueName\":\"search_term_string\"}}],\"inLanguage\":\"de-DE\"},{\"@type\":\"Organization\",\"@id\":\"https:\\\/\\\/oplitegames.com\\\/#organization\",\"name\":\"OPLITE\",\"url\":\"https:\\\/\\\/oplitegames.com\\\/\",\"logo\":{\"@type\":\"ImageObject\",\"inLanguage\":\"de-DE\",\"@id\":\"https:\\\/\\\/oplitegames.com\\\/#\\\/schema\\\/logo\\\/image\\\/\",\"url\":\"https:\\\/\\\/oplitegames-preprod.ezratis.fr\\\/wp-content\\\/uploads\\\/cropped-cropped-Oplite-Blanc-casse-002-scaled-1.png\",\"contentUrl\":\"https:\\\/\\\/oplitegames-preprod.ezratis.fr\\\/wp-content\\\/uploads\\\/cropped-cropped-Oplite-Blanc-casse-002-scaled-1.png\",\"width\":2509,\"height\":597,\"caption\":\"OPLITE\"},\"image\":{\"@id\":\"https:\\\/\\\/oplitegames.com\\\/#\\\/schema\\\/logo\\\/image\\\/\"}}]}<\/script>\n<meta property=\"product:price:amount\" content=\"249.90\" \/>\n<meta property=\"product:price:currency\" content=\"EUR\" \/>\n<meta property=\"og:availability\" content=\"out of stock\" \/>\n<meta property=\"product:availability\" content=\"out of stock\" \/>\n<meta property=\"product:retailer_item_id\" content=\"102129\" \/>\n<meta property=\"product:condition\" content=\"new\" \/>\n<!-- \/ Yoast SEO plugin. -->","yoast_head_json":{"title":"RS1 FiberCore Si\u00e8ge Baquet GTR - OPLITE","robots":{"index":"index","follow":"follow","max-snippet":"max-snippet:-1","max-image-preview":"max-image-preview:large","max-video-preview":"max-video-preview:-1"},"canonical":"https:\/\/oplitegames.com\/de\/produkt\/rs1-fibercore-siege-baquet-gtr\/","og_locale":"de_DE","og_type":"article","og_title":"RS1 FiberCore Si\u00e8ge Baquet GTR - OPLITE","og_description":"Experte in der Gestaltung ergonomischer Produkte f\u00fcr die B\u00fcro- und Gaming-Branchen pr\u00e4sentiert OPLITE die ultimative Weiterentwicklung seines Schalensitz, den RS1 FiberCore\u00ae.","og_url":"https:\/\/oplitegames.com\/de\/produkt\/rs1-fibercore-siege-baquet-gtr\/","og_site_name":"OPLITE","article_modified_time":"2025-11-27T02:01:49+00:00","og_image":[{"width":1000,"height":1000,"url":"https:\/\/oplitegames.com\/wp-content\/uploads\/Design-sans-titre3.png","type":"image\/png"}],"twitter_card":"summary_large_image","twitter_misc":{"Price":"249,90&nbsp;&euro;","Availability":"Out of stock"},"schema":{"@context":"https:\/\/schema.org","@graph":[{"@type":["WebPage","ItemPage"],"@id":"https:\/\/oplitegames.com\/de\/produkt\/rs1-fibercore-siege-baquet-gtr\/","url":"https:\/\/oplitegames.com\/de\/produkt\/rs1-fibercore-siege-baquet-gtr\/","name":"RS1 FiberCore Si\u00e8ge Baquet GTR - OPLITE","isPartOf":{"@id":"https:\/\/oplitegames.com\/#website"},"primaryImageOfPage":{"@id":"https:\/\/oplitegames.com\/de\/produkt\/rs1-fibercore-siege-baquet-gtr\/#primaryimage"},"image":{"@id":"https:\/\/oplitegames.com\/de\/produkt\/rs1-fibercore-siege-baquet-gtr\/#primaryimage"},"thumbnailUrl":"https:\/\/oplitegames-preprod.ezratis.fr\/wp-content\/uploads\/Design-sans-titre3.png","datePublished":"2025-03-13T02:00:06+00:00","dateModified":"2025-11-27T02:01:49+00:00","breadcrumb":{"@id":"https:\/\/oplitegames.com\/de\/produkt\/rs1-fibercore-siege-baquet-gtr\/#breadcrumb"},"inLanguage":"de-DE","potentialAction":[{"@type":"ReadAction","target":["https:\/\/oplitegames.com\/de\/produkt\/rs1-fibercore-siege-baquet-gtr\/"]}]},{"@type":"ImageObject","inLanguage":"de-DE","@id":"https:\/\/oplitegames.com\/de\/produkt\/rs1-fibercore-siege-baquet-gtr\/#primaryimage","url":"https:\/\/oplitegames-preprod.ezratis.fr\/wp-content\/uploads\/Design-sans-titre3.png","contentUrl":"https:\/\/oplitegames-preprod.ezratis.fr\/wp-content\/uploads\/Design-sans-titre3.png","width":1000,"height":1000},{"@type":"BreadcrumbList","@id":"https:\/\/oplitegames.com\/de\/produkt\/rs1-fibercore-siege-baquet-gtr\/#breadcrumb","itemListElement":[{"@type":"ListItem","position":1,"name":"Home","item":"https:\/\/oplitegames.com\/de\/"},{"@type":"ListItem","position":2,"name":"Gesch\u00e4ft","item":"https:\/\/oplitegames.com\/de\/geschaeft\/"},{"@type":"ListItem","position":3,"name":"RS1 FiberCore Si\u00e8ge Baquet GTR"}]},{"@type":"WebSite","@id":"https:\/\/oplitegames.com\/#website","url":"https:\/\/oplitegames.com\/","name":"OPLITE","description":"","publisher":{"@id":"https:\/\/oplitegames.com\/#organization"},"potentialAction":[{"@type":"SearchAction","target":{"@type":"EntryPoint","urlTemplate":"https:\/\/oplitegames.com\/?s={search_term_string}"},"query-input":{"@type":"PropertyValueSpecification","valueRequired":true,"valueName":"search_term_string"}}],"inLanguage":"de-DE"},{"@type":"Organization","@id":"https:\/\/oplitegames.com\/#organization","name":"OPLITE","url":"https:\/\/oplitegames.com\/","logo":{"@type":"ImageObject","inLanguage":"de-DE","@id":"https:\/\/oplitegames.com\/#\/schema\/logo\/image\/","url":"https:\/\/oplitegames-preprod.ezratis.fr\/wp-content\/uploads\/cropped-cropped-Oplite-Blanc-casse-002-scaled-1.png","contentUrl":"https:\/\/oplitegames-preprod.ezratis.fr\/wp-content\/uploads\/cropped-cropped-Oplite-Blanc-casse-002-scaled-1.png","width":2509,"height":597,"caption":"OPLITE"},"image":{"@id":"https:\/\/oplitegames.com\/#\/schema\/logo\/image\/"}}]},"product_price_amount":"249.90","product_price_currency":"EUR","og_availability":"out of stock","product_availability":"out of stock","product_retailer_item_id":"102129","product_condition":"new"},"_links":{"self":[{"href":"https:\/\/oplitegames-preprod.ezratis.fr\/de\/wp-json\/wp\/v2\/product\/50421","targetHints":{"allow":["GET"]}}],"collection":[{"href":"https:\/\/oplitegames-preprod.ezratis.fr\/de\/wp-json\/wp\/v2\/product"}],"about":[{"href":"https:\/\/oplitegames-preprod.ezratis.fr\/de\/wp-json\/wp\/v2\/types\/product"}],"version-history":[{"count":2,"href":"https:\/\/oplitegames-preprod.ezratis.fr\/de\/wp-json\/wp\/v2\/product\/50421\/revisions"}],"predecessor-version":[{"id":50429,"href":"https:\/\/oplitegames-preprod.ezratis.fr\/de\/wp-json\/wp\/v2\/product\/50421\/revisions\/50429"}],"wp:featuredmedia":[{"embeddable":true,"href":"https:\/\/oplitegames-preprod.ezratis.fr\/de\/wp-json\/wp\/v2\/media\/54850"}],"wp:attachment":[{"href":"https:\/\/oplitegames-preprod.ezratis.fr\/de\/wp-json\/wp\/v2\/media?parent=50421"}],"wp:term":[{"taxonomy":"product_brand","embeddable":true,"href":"https:\/\/oplitegames-preprod.ezratis.fr\/de\/wp-json\/wp\/v2\/product_brand?post=50421"},{"taxonomy":"product_cat","embeddable":true,"href":"https:\/\/oplitegames-preprod.ezratis.fr\/de\/wp-json\/wp\/v2\/product_cat?post=50421"},{"taxonomy":"product_tag","embeddable":true,"href":"https:\/\/oplitegames-preprod.ezratis.fr\/de\/wp-json\/wp\/v2\/product_tag?post=50421"}],"curies":[{"name":"wp","href":"https:\/\/api.w.org\/{rel}","templated":true}]}}