{"id":61710,"date":"2025-09-30T04:01:06","date_gmt":"2025-09-30T02:01:06","guid":{"rendered":"https:\/\/oplitegames.com\/?post_type=product&#038;p=61710"},"modified":"2025-12-16T15:51:27","modified_gmt":"2025-12-16T14:51:27","slug":"gtr-s8-monitor-stand-e-sport-black","status":"publish","type":"product","link":"https:\/\/oplitegames-preprod.ezratis.fr\/de\/produkt\/gtr-s8-monitor-stand-e-sport-black\/","title":{"rendered":"GTR S8 Monitor Stand E-Sport Black"},"content":{"rendered":"<p>Verbessern Sie Ihr Eintauchen mit dem GTR S8 Monitor Stand E-Sport. Speziell f\u00fcr anspruchsvolle Simracer mit einem Cockpit der GTR-Serie (alle Generationen) entwickelt, optimiert dieser Einzelbildschirmst\u00e4nder Ihr Sichtfeld (FOV) f\u00fcr ein noch realistischeres Fahrerlebnis. Inspiriert vom Automobildesign vereint er Robustheit und Stil mit einer hochfesten E355- Stahlkonstruktion. Seine pr\u00e4zisen Einstellm\u00f6glichkeiten wurden entwickelt, um reale Fahrbedingungen bestm\u00f6glich nachzubilden und dabei sowohl Komfort als auch Ergonomie zu bieten. Er bietet zahlreiche Anpassungsm\u00f6glichkeiten und eine ultra-stabile Befestigung dank seiner 4 Verankerungspunkte. Eine ideale Wahl f\u00fcr Enthusiasten, die pure Leistung suchen.<\/p>\n<p><strong>St\u00e4rken<\/strong><\/p>\n<ul>\n<li>Einzigartiges Sichtfeld (FOV) f\u00fcr maximale Immersion<\/li>\n<li>Perfekte Integration mit Ihrem Cockpit der GTR-Serie<\/li>\n<li>Schnelle Installation &amp; ultra-stabile Konstruktion<\/li>\n<li>Mehrere Einstellm\u00f6glichkeiten: H\u00f6he, Tiefe, Neigung<\/li>\n<li>Hohe Kompatibilit\u00e4t mit Monitoren &amp; Fernsehern<\/li>\n<li>Kompatibel mit OPLITE-Produkten:\n<ul>\n<li>Cockpits der GTR-Serie, alle Generationen<\/li>\n<li>R8 \/ S8 Extensions Triple Screen Mount &gt; S8 On Top Monitor Mount<\/li>\n<\/ul>\n<\/li>\n<\/ul>\n<p><strong>Technische Merkmale<\/strong><br \/>\n<u>Verbindungsrohre:<\/u><br \/>\n\u2022 Robuste Rohrstahlkonstruktion, E355, \u00d8 48 mm, 2 mm Wandst\u00e4rke<br \/>\n<u>Bildschirmrahmen:<\/u><br \/>\n\u2022 Stahlkonstruktion, E355, 2 mm Wandst\u00e4rke<br \/>\n<u>Bildschirmeinstellungen:<\/u><br \/>\n\u2022 4 H\u00f6heneinstellungen<br \/>\n\u2022 Tiefenverstellung \u00b1100 mm<br \/>\n\u2022 Neigungsverstellung oben\/unten \u00b120\u00b0<\/p>\n<p><strong>Bildschirm- &amp; TV-Kompatibilit\u00e4ta<\/strong><\/p>\n<table width=\"900\">\n<tbody>\n<tr>\n<td><strong>Informationen<\/strong><\/td>\n<td><strong>Technische Daten<\/strong><\/td>\n<\/tr>\n<tr>\n<td>MAXIMALE MONITORGR\u00d6SSE<\/td>\n<td>57&#8221; 32:9 (Curved or flat)<\/td>\n<\/tr>\n<tr>\n<td>MAXIMALGEWICHT<\/td>\n<td>30Kg<\/td>\n<\/tr>\n<tr>\n<td>VESA<\/td>\n<td>75&#215;75, 100&#215;100, 100&#215;200, 200&#215;100, 300&#215;100, 200&#215;200, 300&#215;200, 200&#215;400, 400&#215;200<\/td>\n<\/tr>\n<\/tbody>\n<\/table>\n","protected":false},"excerpt":{"rendered":"<p>Spezialisiert auf ergonomisches Produktdesign f\u00fcr die B\u00fcro- und Gaming-Branche pr\u00e4sentiert OPLITE den <strong>GTR S8 Monitor Stand E-Sport<\/strong> f\u00fcr Ihr GTR-S8.<\/p>\n[embed]https:\/\/youtu.be\/yDJwHIkV1Tw[\/embed]\n","protected":false},"featured_media":60899,"template":"","meta":{"_acf_changed":false,"footnotes":""},"product_brand":[],"product_cat":[762,692],"product_tag":[],"class_list":{"0":"post-61710","1":"product","2":"type-product","3":"status-publish","4":"has-post-thumbnail","6":"product_cat-cockpit-gtr-s8-infinity-de","7":"product_cat-simulatoren","8":"pa_colisage-pcb-824","9":"pa_colisage-pcb-1-de","11":"first","12":"instock","13":"taxable","14":"shipping-taxable","15":"purchasable","16":"product-type-simple"},"bundled_by":[],"bundle_stock_status":"instock","bundle_stock_quantity":1094,"bundle_virtual":false,"bundle_layout":"","bundle_add_to_cart_form_location":"","bundle_editable_in_cart":false,"bundle_sold_individually_context":"","bundle_item_grouping":"","bundle_min_size":"","bundle_max_size":"","bundle_price":[],"bundled_items":[],"bundle_sell_ids":[],"acf":[],"yoast_head":"<!-- This site is optimized with the Yoast SEO plugin v27.3 - https:\/\/yoast.com\/product\/yoast-seo-wordpress\/ -->\n<title>GTR S8 Monitor Stand E-Sport Black - OPLITE<\/title>\n<meta name=\"robots\" content=\"index, follow, max-snippet:-1, max-image-preview:large, max-video-preview:-1\" \/>\n<link rel=\"canonical\" href=\"https:\/\/oplitegames.com\/de\/produkt\/gtr-s8-monitor-stand-e-sport-black\/\" \/>\n<meta property=\"og:locale\" content=\"de_DE\" \/>\n<meta property=\"og:type\" content=\"article\" \/>\n<meta property=\"og:title\" content=\"GTR S8 Monitor Stand E-Sport Black - OPLITE\" \/>\n<meta property=\"og:description\" content=\"Spezialisiert auf ergonomisches Produktdesign f\u00fcr die B\u00fcro- und Gaming-Branche pr\u00e4sentiert OPLITE den GTR S8 Monitor Stand E-Sport f\u00fcr Ihr GTR-S8.\" \/>\n<meta property=\"og:url\" content=\"https:\/\/oplitegames.com\/de\/produkt\/gtr-s8-monitor-stand-e-sport-black\/\" \/>\n<meta property=\"og:site_name\" content=\"OPLITE\" \/>\n<meta property=\"article:modified_time\" content=\"2025-12-16T14:51:27+00:00\" \/>\n<meta property=\"og:image\" content=\"https:\/\/oplitegames.com\/wp-content\/uploads\/OPLITE20GAMING_3770031134650_1.jpg\" \/>\n\t<meta property=\"og:image:width\" content=\"1000\" \/>\n\t<meta property=\"og:image:height\" content=\"1000\" \/>\n\t<meta property=\"og:image:type\" content=\"image\/jpeg\" \/>\n<meta name=\"twitter:card\" content=\"summary_large_image\" \/>\n<meta name=\"twitter:label1\" content=\"Price\" \/>\n\t<meta name=\"twitter:data1\" content=\"99,90&nbsp;&euro;\" \/>\n\t<meta name=\"twitter:label2\" content=\"Availability\" \/>\n\t<meta name=\"twitter:data2\" content=\"In stock\" \/>\n<script type=\"application\/ld+json\" class=\"yoast-schema-graph\">{\"@context\":\"https:\\\/\\\/schema.org\",\"@graph\":[{\"@type\":[\"WebPage\",\"ItemPage\"],\"@id\":\"https:\\\/\\\/oplitegames.com\\\/de\\\/produkt\\\/gtr-s8-monitor-stand-e-sport-black\\\/\",\"url\":\"https:\\\/\\\/oplitegames.com\\\/de\\\/produkt\\\/gtr-s8-monitor-stand-e-sport-black\\\/\",\"name\":\"GTR S8 Monitor Stand E-Sport Black - OPLITE\",\"isPartOf\":{\"@id\":\"https:\\\/\\\/oplitegames.com\\\/#website\"},\"primaryImageOfPage\":{\"@id\":\"https:\\\/\\\/oplitegames.com\\\/de\\\/produkt\\\/gtr-s8-monitor-stand-e-sport-black\\\/#primaryimage\"},\"image\":{\"@id\":\"https:\\\/\\\/oplitegames.com\\\/de\\\/produkt\\\/gtr-s8-monitor-stand-e-sport-black\\\/#primaryimage\"},\"thumbnailUrl\":\"https:\\\/\\\/oplitegames-preprod.ezratis.fr\\\/wp-content\\\/uploads\\\/OPLITE20GAMING_3770031134650_1.jpg\",\"datePublished\":\"2025-09-30T02:01:06+00:00\",\"dateModified\":\"2025-12-16T14:51:27+00:00\",\"breadcrumb\":{\"@id\":\"https:\\\/\\\/oplitegames.com\\\/de\\\/produkt\\\/gtr-s8-monitor-stand-e-sport-black\\\/#breadcrumb\"},\"inLanguage\":\"de-DE\",\"potentialAction\":[{\"@type\":\"ReadAction\",\"target\":[\"https:\\\/\\\/oplitegames.com\\\/de\\\/produkt\\\/gtr-s8-monitor-stand-e-sport-black\\\/\"]}]},{\"@type\":\"ImageObject\",\"inLanguage\":\"de-DE\",\"@id\":\"https:\\\/\\\/oplitegames.com\\\/de\\\/produkt\\\/gtr-s8-monitor-stand-e-sport-black\\\/#primaryimage\",\"url\":\"https:\\\/\\\/oplitegames-preprod.ezratis.fr\\\/wp-content\\\/uploads\\\/OPLITE20GAMING_3770031134650_1.jpg\",\"contentUrl\":\"https:\\\/\\\/oplitegames-preprod.ezratis.fr\\\/wp-content\\\/uploads\\\/OPLITE20GAMING_3770031134650_1.jpg\",\"width\":1000,\"height\":1000},{\"@type\":\"BreadcrumbList\",\"@id\":\"https:\\\/\\\/oplitegames.com\\\/de\\\/produkt\\\/gtr-s8-monitor-stand-e-sport-black\\\/#breadcrumb\",\"itemListElement\":[{\"@type\":\"ListItem\",\"position\":1,\"name\":\"Home\",\"item\":\"https:\\\/\\\/oplitegames.com\\\/de\\\/\"},{\"@type\":\"ListItem\",\"position\":2,\"name\":\"Gesch\u00e4ft\",\"item\":\"https:\\\/\\\/oplitegames.com\\\/de\\\/geschaeft\\\/\"},{\"@type\":\"ListItem\",\"position\":3,\"name\":\"GTR S8 Monitor Stand E-Sport Black\"}]},{\"@type\":\"WebSite\",\"@id\":\"https:\\\/\\\/oplitegames.com\\\/#website\",\"url\":\"https:\\\/\\\/oplitegames.com\\\/\",\"name\":\"OPLITE\",\"description\":\"\",\"publisher\":{\"@id\":\"https:\\\/\\\/oplitegames.com\\\/#organization\"},\"potentialAction\":[{\"@type\":\"SearchAction\",\"target\":{\"@type\":\"EntryPoint\",\"urlTemplate\":\"https:\\\/\\\/oplitegames.com\\\/?s={search_term_string}\"},\"query-input\":{\"@type\":\"PropertyValueSpecification\",\"valueRequired\":true,\"valueName\":\"search_term_string\"}}],\"inLanguage\":\"de-DE\"},{\"@type\":\"Organization\",\"@id\":\"https:\\\/\\\/oplitegames.com\\\/#organization\",\"name\":\"OPLITE\",\"url\":\"https:\\\/\\\/oplitegames.com\\\/\",\"logo\":{\"@type\":\"ImageObject\",\"inLanguage\":\"de-DE\",\"@id\":\"https:\\\/\\\/oplitegames.com\\\/#\\\/schema\\\/logo\\\/image\\\/\",\"url\":\"https:\\\/\\\/oplitegames-preprod.ezratis.fr\\\/wp-content\\\/uploads\\\/cropped-cropped-Oplite-Blanc-casse-002-scaled-1.png\",\"contentUrl\":\"https:\\\/\\\/oplitegames-preprod.ezratis.fr\\\/wp-content\\\/uploads\\\/cropped-cropped-Oplite-Blanc-casse-002-scaled-1.png\",\"width\":2509,\"height\":597,\"caption\":\"OPLITE\"},\"image\":{\"@id\":\"https:\\\/\\\/oplitegames.com\\\/#\\\/schema\\\/logo\\\/image\\\/\"}}]}<\/script>\n<meta property=\"product:price:amount\" content=\"99.90\" \/>\n<meta property=\"product:price:currency\" content=\"EUR\" \/>\n<meta property=\"og:availability\" content=\"instock\" \/>\n<meta property=\"product:availability\" content=\"instock\" \/>\n<meta property=\"product:retailer_item_id\" content=\"103138\" \/>\n<meta property=\"product:condition\" content=\"new\" \/>\n<!-- \/ Yoast SEO plugin. -->","yoast_head_json":{"title":"GTR S8 Monitor Stand E-Sport Black - OPLITE","robots":{"index":"index","follow":"follow","max-snippet":"max-snippet:-1","max-image-preview":"max-image-preview:large","max-video-preview":"max-video-preview:-1"},"canonical":"https:\/\/oplitegames.com\/de\/produkt\/gtr-s8-monitor-stand-e-sport-black\/","og_locale":"de_DE","og_type":"article","og_title":"GTR S8 Monitor Stand E-Sport Black - OPLITE","og_description":"Spezialisiert auf ergonomisches Produktdesign f\u00fcr die B\u00fcro- und Gaming-Branche pr\u00e4sentiert OPLITE den GTR S8 Monitor Stand E-Sport f\u00fcr Ihr GTR-S8.","og_url":"https:\/\/oplitegames.com\/de\/produkt\/gtr-s8-monitor-stand-e-sport-black\/","og_site_name":"OPLITE","article_modified_time":"2025-12-16T14:51:27+00:00","og_image":[{"width":1000,"height":1000,"url":"https:\/\/oplitegames.com\/wp-content\/uploads\/OPLITE20GAMING_3770031134650_1.jpg","type":"image\/jpeg"}],"twitter_card":"summary_large_image","twitter_misc":{"Price":"99,90&nbsp;&euro;","Availability":"In stock"},"schema":{"@context":"https:\/\/schema.org","@graph":[{"@type":["WebPage","ItemPage"],"@id":"https:\/\/oplitegames.com\/de\/produkt\/gtr-s8-monitor-stand-e-sport-black\/","url":"https:\/\/oplitegames.com\/de\/produkt\/gtr-s8-monitor-stand-e-sport-black\/","name":"GTR S8 Monitor Stand E-Sport Black - OPLITE","isPartOf":{"@id":"https:\/\/oplitegames.com\/#website"},"primaryImageOfPage":{"@id":"https:\/\/oplitegames.com\/de\/produkt\/gtr-s8-monitor-stand-e-sport-black\/#primaryimage"},"image":{"@id":"https:\/\/oplitegames.com\/de\/produkt\/gtr-s8-monitor-stand-e-sport-black\/#primaryimage"},"thumbnailUrl":"https:\/\/oplitegames-preprod.ezratis.fr\/wp-content\/uploads\/OPLITE20GAMING_3770031134650_1.jpg","datePublished":"2025-09-30T02:01:06+00:00","dateModified":"2025-12-16T14:51:27+00:00","breadcrumb":{"@id":"https:\/\/oplitegames.com\/de\/produkt\/gtr-s8-monitor-stand-e-sport-black\/#breadcrumb"},"inLanguage":"de-DE","potentialAction":[{"@type":"ReadAction","target":["https:\/\/oplitegames.com\/de\/produkt\/gtr-s8-monitor-stand-e-sport-black\/"]}]},{"@type":"ImageObject","inLanguage":"de-DE","@id":"https:\/\/oplitegames.com\/de\/produkt\/gtr-s8-monitor-stand-e-sport-black\/#primaryimage","url":"https:\/\/oplitegames-preprod.ezratis.fr\/wp-content\/uploads\/OPLITE20GAMING_3770031134650_1.jpg","contentUrl":"https:\/\/oplitegames-preprod.ezratis.fr\/wp-content\/uploads\/OPLITE20GAMING_3770031134650_1.jpg","width":1000,"height":1000},{"@type":"BreadcrumbList","@id":"https:\/\/oplitegames.com\/de\/produkt\/gtr-s8-monitor-stand-e-sport-black\/#breadcrumb","itemListElement":[{"@type":"ListItem","position":1,"name":"Home","item":"https:\/\/oplitegames.com\/de\/"},{"@type":"ListItem","position":2,"name":"Gesch\u00e4ft","item":"https:\/\/oplitegames.com\/de\/geschaeft\/"},{"@type":"ListItem","position":3,"name":"GTR S8 Monitor Stand E-Sport Black"}]},{"@type":"WebSite","@id":"https:\/\/oplitegames.com\/#website","url":"https:\/\/oplitegames.com\/","name":"OPLITE","description":"","publisher":{"@id":"https:\/\/oplitegames.com\/#organization"},"potentialAction":[{"@type":"SearchAction","target":{"@type":"EntryPoint","urlTemplate":"https:\/\/oplitegames.com\/?s={search_term_string}"},"query-input":{"@type":"PropertyValueSpecification","valueRequired":true,"valueName":"search_term_string"}}],"inLanguage":"de-DE"},{"@type":"Organization","@id":"https:\/\/oplitegames.com\/#organization","name":"OPLITE","url":"https:\/\/oplitegames.com\/","logo":{"@type":"ImageObject","inLanguage":"de-DE","@id":"https:\/\/oplitegames.com\/#\/schema\/logo\/image\/","url":"https:\/\/oplitegames-preprod.ezratis.fr\/wp-content\/uploads\/cropped-cropped-Oplite-Blanc-casse-002-scaled-1.png","contentUrl":"https:\/\/oplitegames-preprod.ezratis.fr\/wp-content\/uploads\/cropped-cropped-Oplite-Blanc-casse-002-scaled-1.png","width":2509,"height":597,"caption":"OPLITE"},"image":{"@id":"https:\/\/oplitegames.com\/#\/schema\/logo\/image\/"}}]},"product_price_amount":"99.90","product_price_currency":"EUR","og_availability":"instock","product_availability":"instock","product_retailer_item_id":"103138","product_condition":"new"},"_links":{"self":[{"href":"https:\/\/oplitegames-preprod.ezratis.fr\/de\/wp-json\/wp\/v2\/product\/61710","targetHints":{"allow":["GET"]}}],"collection":[{"href":"https:\/\/oplitegames-preprod.ezratis.fr\/de\/wp-json\/wp\/v2\/product"}],"about":[{"href":"https:\/\/oplitegames-preprod.ezratis.fr\/de\/wp-json\/wp\/v2\/types\/product"}],"version-history":[{"count":4,"href":"https:\/\/oplitegames-preprod.ezratis.fr\/de\/wp-json\/wp\/v2\/product\/61710\/revisions"}],"predecessor-version":[{"id":63978,"href":"https:\/\/oplitegames-preprod.ezratis.fr\/de\/wp-json\/wp\/v2\/product\/61710\/revisions\/63978"}],"wp:featuredmedia":[{"embeddable":true,"href":"https:\/\/oplitegames-preprod.ezratis.fr\/de\/wp-json\/wp\/v2\/media\/60899"}],"wp:attachment":[{"href":"https:\/\/oplitegames-preprod.ezratis.fr\/de\/wp-json\/wp\/v2\/media?parent=61710"}],"wp:term":[{"taxonomy":"product_brand","embeddable":true,"href":"https:\/\/oplitegames-preprod.ezratis.fr\/de\/wp-json\/wp\/v2\/product_brand?post=61710"},{"taxonomy":"product_cat","embeddable":true,"href":"https:\/\/oplitegames-preprod.ezratis.fr\/de\/wp-json\/wp\/v2\/product_cat?post=61710"},{"taxonomy":"product_tag","embeddable":true,"href":"https:\/\/oplitegames-preprod.ezratis.fr\/de\/wp-json\/wp\/v2\/product_tag?post=61710"}],"curies":[{"name":"wp","href":"https:\/\/api.w.org\/{rel}","templated":true}]}}