{"id":42502,"date":"2025-01-10T11:15:38","date_gmt":"2025-01-10T10:15:38","guid":{"rendered":"https:\/\/oplitegames.com\/?post_type=product&#038;p=42502"},"modified":"2025-11-25T03:01:48","modified_gmt":"2025-11-25T02:01:48","slug":"monitor-stand-gtr-s3-s8-white","status":"publish","type":"product","link":"https:\/\/oplitegames-preprod.ezratis.fr\/en\/product\/monitor-stand-gtr-s3-s8-white\/","title":{"rendered":"Monitor Stand GTR S3\/S8 White"},"content":{"rendered":"<p>Your screen is now perfectly integrated into your cockpit thanks to the <strong>MONITOR STAND GTR WHITE V2<\/strong>! This single-screen stand has been specially designed to fit all generations of OPLITE GTR series cockpits. Like your cockpit, its design is inspired by the world of motor racing, and the adjustment options have been meticulously enhanced to offer ergonomics as close to reality as possible.<br \/>\nYou&#8217;ll be seduced by the overall look and robustness of your entire riding gear, aswell as its multiple adjustment possibilities.<\/p>\n<p><span style=\"text-decoration: underline;\"><strong>Technical features:<\/strong><\/span><\/p>\n<ul>\n<li>\u00d848 mm tubular structure for maximum stability and rigidity<\/li>\n<li>Nickel steel screws and high-quality threaded inserts from the automotive industry.<\/li>\n<li>Display height adjustable in 2 positions for optimum viewing comfort: 955\/1005mm<\/li>\n<li>Display depth adjustable over a range of 60mm<\/li>\n<li>Anti-theft locking system to secure your display<\/li>\n<li>Screws included to secure your screen \/ fits most screens<\/li>\n<li>Screen compatibility:<\/li>\n<li>All screens (PC or TV) up to 50 inches<\/li>\n<li>All screen types, VESA standards:75\u00d775,100\u00d7100,200\u00d7100,200\u00d7200,300\u00d7200,400\u00d7200<\/li>\n<\/ul>\n<p><span style=\"text-decoration: underline;\"><strong>Product compatibility:<\/strong><\/span><br \/>\n100% Compatible with GTR WHITE series cockpits<\/p>\n","protected":false},"excerpt":{"rendered":"<p>OPLITE, expert in the design of ergonomic products for the office and gaming sectors, presents its <strong>MONITOR STAND GTR V2 WHITE<\/strong>, compatible with all generations of OPLITE GTR WHITE cockpits. It&#8217;s time to make the leap from gamer to pilot! Car racing or aviation, take your pick!<\/p>\n[embed]https:\/\/youtu.be\/yDJwHIkV1Tw[\/embed]\n<p>&nbsp;<\/p>\n","protected":false},"featured_media":43112,"template":"","meta":{"_acf_changed":false,"footnotes":""},"product_brand":[],"product_cat":[794,598],"product_tag":[],"class_list":{"0":"post-42502","1":"product","2":"type-product","3":"status-publish","4":"has-post-thumbnail","6":"product_cat-cockpit-s8-ultra-en","7":"product_cat-simulators","8":"pa_colisage-pcb-824","9":"pa_colisage-pcb-1-en","11":"first","12":"outofstock","13":"taxable","14":"shipping-taxable","15":"purchasable","16":"product-type-simple"},"bundled_by":[],"bundle_stock_status":"outofstock","bundle_stock_quantity":0,"bundle_virtual":false,"bundle_layout":"","bundle_add_to_cart_form_location":"","bundle_editable_in_cart":false,"bundle_sold_individually_context":"","bundle_item_grouping":"","bundle_min_size":"","bundle_max_size":"","bundle_price":[],"bundled_items":[],"bundle_sell_ids":[],"acf":[],"yoast_head":"<!-- This site is optimized with the Yoast SEO plugin v27.3 - https:\/\/yoast.com\/product\/yoast-seo-wordpress\/ -->\n<title>Monitor Stand GTR S3\/S8 White - OPLITE<\/title>\n<meta name=\"robots\" content=\"index, follow, max-snippet:-1, max-image-preview:large, max-video-preview:-1\" \/>\n<link rel=\"canonical\" href=\"https:\/\/oplitegames.com\/en\/product\/monitor-stand-gtr-s3-s8-white\/\" \/>\n<meta property=\"og:locale\" content=\"en_US\" \/>\n<meta property=\"og:type\" content=\"article\" \/>\n<meta property=\"og:title\" content=\"Monitor Stand GTR S3\/S8 White - OPLITE\" \/>\n<meta property=\"og:description\" content=\"OPLITE, expert in the design of ergonomic products for the office and gaming sectors, presents its MONITOR STAND GTR V2 WHITE, compatible with all generations of OPLITE GTR WHITE cockpits. It&#039;s time to make the leap from gamer to pilot! Car racing or aviation, take your pick!    &nbsp;\" \/>\n<meta property=\"og:url\" content=\"https:\/\/oplitegames.com\/en\/product\/monitor-stand-gtr-s3-s8-white\/\" \/>\n<meta property=\"og:site_name\" content=\"OPLITE\" \/>\n<meta property=\"article:modified_time\" content=\"2025-11-25T02:01:48+00:00\" \/>\n<meta property=\"og:image\" content=\"https:\/\/oplitegames.com\/wp-content\/uploads\/OPLITE-MONITOR-STAND-GTR-S3_S8-WHITE-OP-SMS-GTRW_01.png\" \/>\n\t<meta property=\"og:image:width\" content=\"2750\" \/>\n\t<meta property=\"og:image:height\" content=\"2750\" \/>\n\t<meta property=\"og:image:type\" content=\"image\/png\" \/>\n<meta name=\"twitter:card\" content=\"summary_large_image\" \/>\n<meta name=\"twitter:label1\" content=\"Price\" \/>\n\t<meta name=\"twitter:data1\" content=\"99,90&nbsp;&euro;\" \/>\n\t<meta name=\"twitter:label2\" content=\"Availability\" \/>\n\t<meta name=\"twitter:data2\" content=\"Out of stock\" \/>\n<script type=\"application\/ld+json\" class=\"yoast-schema-graph\">{\"@context\":\"https:\\\/\\\/schema.org\",\"@graph\":[{\"@type\":[\"WebPage\",\"ItemPage\"],\"@id\":\"https:\\\/\\\/oplitegames.com\\\/en\\\/product\\\/monitor-stand-gtr-s3-s8-white\\\/\",\"url\":\"https:\\\/\\\/oplitegames.com\\\/en\\\/product\\\/monitor-stand-gtr-s3-s8-white\\\/\",\"name\":\"Monitor Stand GTR S3\\\/S8 White - OPLITE\",\"isPartOf\":{\"@id\":\"https:\\\/\\\/oplitegames.com\\\/#website\"},\"primaryImageOfPage\":{\"@id\":\"https:\\\/\\\/oplitegames.com\\\/en\\\/product\\\/monitor-stand-gtr-s3-s8-white\\\/#primaryimage\"},\"image\":{\"@id\":\"https:\\\/\\\/oplitegames.com\\\/en\\\/product\\\/monitor-stand-gtr-s3-s8-white\\\/#primaryimage\"},\"thumbnailUrl\":\"https:\\\/\\\/oplitegames-preprod.ezratis.fr\\\/wp-content\\\/uploads\\\/OPLITE-MONITOR-STAND-GTR-S3_S8-WHITE-OP-SMS-GTRW_01.png\",\"datePublished\":\"2025-01-10T10:15:38+00:00\",\"dateModified\":\"2025-11-25T02:01:48+00:00\",\"breadcrumb\":{\"@id\":\"https:\\\/\\\/oplitegames.com\\\/en\\\/product\\\/monitor-stand-gtr-s3-s8-white\\\/#breadcrumb\"},\"inLanguage\":\"en-US\",\"potentialAction\":[{\"@type\":\"ReadAction\",\"target\":[\"https:\\\/\\\/oplitegames.com\\\/en\\\/product\\\/monitor-stand-gtr-s3-s8-white\\\/\"]}]},{\"@type\":\"ImageObject\",\"inLanguage\":\"en-US\",\"@id\":\"https:\\\/\\\/oplitegames.com\\\/en\\\/product\\\/monitor-stand-gtr-s3-s8-white\\\/#primaryimage\",\"url\":\"https:\\\/\\\/oplitegames-preprod.ezratis.fr\\\/wp-content\\\/uploads\\\/OPLITE-MONITOR-STAND-GTR-S3_S8-WHITE-OP-SMS-GTRW_01.png\",\"contentUrl\":\"https:\\\/\\\/oplitegames-preprod.ezratis.fr\\\/wp-content\\\/uploads\\\/OPLITE-MONITOR-STAND-GTR-S3_S8-WHITE-OP-SMS-GTRW_01.png\",\"width\":2750,\"height\":2750},{\"@type\":\"BreadcrumbList\",\"@id\":\"https:\\\/\\\/oplitegames.com\\\/en\\\/product\\\/monitor-stand-gtr-s3-s8-white\\\/#breadcrumb\",\"itemListElement\":[{\"@type\":\"ListItem\",\"position\":1,\"name\":\"Home\",\"item\":\"https:\\\/\\\/oplitegames.com\\\/en\\\/\"},{\"@type\":\"ListItem\",\"position\":2,\"name\":\"Shop\",\"item\":\"https:\\\/\\\/oplitegames.com\\\/en\\\/shop\\\/\"},{\"@type\":\"ListItem\",\"position\":3,\"name\":\"Monitor Stand GTR S3\\\/S8 White\"}]},{\"@type\":\"WebSite\",\"@id\":\"https:\\\/\\\/oplitegames.com\\\/#website\",\"url\":\"https:\\\/\\\/oplitegames.com\\\/\",\"name\":\"OPLITE\",\"description\":\"\",\"publisher\":{\"@id\":\"https:\\\/\\\/oplitegames.com\\\/#organization\"},\"potentialAction\":[{\"@type\":\"SearchAction\",\"target\":{\"@type\":\"EntryPoint\",\"urlTemplate\":\"https:\\\/\\\/oplitegames.com\\\/?s={search_term_string}\"},\"query-input\":{\"@type\":\"PropertyValueSpecification\",\"valueRequired\":true,\"valueName\":\"search_term_string\"}}],\"inLanguage\":\"en-US\"},{\"@type\":\"Organization\",\"@id\":\"https:\\\/\\\/oplitegames.com\\\/#organization\",\"name\":\"OPLITE\",\"url\":\"https:\\\/\\\/oplitegames.com\\\/\",\"logo\":{\"@type\":\"ImageObject\",\"inLanguage\":\"en-US\",\"@id\":\"https:\\\/\\\/oplitegames.com\\\/#\\\/schema\\\/logo\\\/image\\\/\",\"url\":\"https:\\\/\\\/oplitegames-preprod.ezratis.fr\\\/wp-content\\\/uploads\\\/cropped-cropped-Oplite-Blanc-casse-002-scaled-1.png\",\"contentUrl\":\"https:\\\/\\\/oplitegames-preprod.ezratis.fr\\\/wp-content\\\/uploads\\\/cropped-cropped-Oplite-Blanc-casse-002-scaled-1.png\",\"width\":2509,\"height\":597,\"caption\":\"OPLITE\"},\"image\":{\"@id\":\"https:\\\/\\\/oplitegames.com\\\/#\\\/schema\\\/logo\\\/image\\\/\"}}]}<\/script>\n<meta property=\"product:price:amount\" content=\"99.90\" \/>\n<meta property=\"product:price:currency\" content=\"EUR\" \/>\n<meta property=\"og:availability\" content=\"out of stock\" \/>\n<meta property=\"product:availability\" content=\"out of stock\" \/>\n<meta property=\"product:retailer_item_id\" content=\"101628\" \/>\n<meta property=\"product:condition\" content=\"new\" \/>\n<!-- \/ Yoast SEO plugin. -->","yoast_head_json":{"title":"Monitor Stand GTR S3\/S8 White - OPLITE","robots":{"index":"index","follow":"follow","max-snippet":"max-snippet:-1","max-image-preview":"max-image-preview:large","max-video-preview":"max-video-preview:-1"},"canonical":"https:\/\/oplitegames.com\/en\/product\/monitor-stand-gtr-s3-s8-white\/","og_locale":"en_US","og_type":"article","og_title":"Monitor Stand GTR S3\/S8 White - OPLITE","og_description":"OPLITE, expert in the design of ergonomic products for the office and gaming sectors, presents its MONITOR STAND GTR V2 WHITE, compatible with all generations of OPLITE GTR WHITE cockpits. It's time to make the leap from gamer to pilot! Car racing or aviation, take your pick!    &nbsp;","og_url":"https:\/\/oplitegames.com\/en\/product\/monitor-stand-gtr-s3-s8-white\/","og_site_name":"OPLITE","article_modified_time":"2025-11-25T02:01:48+00:00","og_image":[{"width":2750,"height":2750,"url":"https:\/\/oplitegames.com\/wp-content\/uploads\/OPLITE-MONITOR-STAND-GTR-S3_S8-WHITE-OP-SMS-GTRW_01.png","type":"image\/png"}],"twitter_card":"summary_large_image","twitter_misc":{"Price":"99,90&nbsp;&euro;","Availability":"Out of stock"},"schema":{"@context":"https:\/\/schema.org","@graph":[{"@type":["WebPage","ItemPage"],"@id":"https:\/\/oplitegames.com\/en\/product\/monitor-stand-gtr-s3-s8-white\/","url":"https:\/\/oplitegames.com\/en\/product\/monitor-stand-gtr-s3-s8-white\/","name":"Monitor Stand GTR S3\/S8 White - OPLITE","isPartOf":{"@id":"https:\/\/oplitegames.com\/#website"},"primaryImageOfPage":{"@id":"https:\/\/oplitegames.com\/en\/product\/monitor-stand-gtr-s3-s8-white\/#primaryimage"},"image":{"@id":"https:\/\/oplitegames.com\/en\/product\/monitor-stand-gtr-s3-s8-white\/#primaryimage"},"thumbnailUrl":"https:\/\/oplitegames-preprod.ezratis.fr\/wp-content\/uploads\/OPLITE-MONITOR-STAND-GTR-S3_S8-WHITE-OP-SMS-GTRW_01.png","datePublished":"2025-01-10T10:15:38+00:00","dateModified":"2025-11-25T02:01:48+00:00","breadcrumb":{"@id":"https:\/\/oplitegames.com\/en\/product\/monitor-stand-gtr-s3-s8-white\/#breadcrumb"},"inLanguage":"en-US","potentialAction":[{"@type":"ReadAction","target":["https:\/\/oplitegames.com\/en\/product\/monitor-stand-gtr-s3-s8-white\/"]}]},{"@type":"ImageObject","inLanguage":"en-US","@id":"https:\/\/oplitegames.com\/en\/product\/monitor-stand-gtr-s3-s8-white\/#primaryimage","url":"https:\/\/oplitegames-preprod.ezratis.fr\/wp-content\/uploads\/OPLITE-MONITOR-STAND-GTR-S3_S8-WHITE-OP-SMS-GTRW_01.png","contentUrl":"https:\/\/oplitegames-preprod.ezratis.fr\/wp-content\/uploads\/OPLITE-MONITOR-STAND-GTR-S3_S8-WHITE-OP-SMS-GTRW_01.png","width":2750,"height":2750},{"@type":"BreadcrumbList","@id":"https:\/\/oplitegames.com\/en\/product\/monitor-stand-gtr-s3-s8-white\/#breadcrumb","itemListElement":[{"@type":"ListItem","position":1,"name":"Home","item":"https:\/\/oplitegames.com\/en\/"},{"@type":"ListItem","position":2,"name":"Shop","item":"https:\/\/oplitegames.com\/en\/shop\/"},{"@type":"ListItem","position":3,"name":"Monitor Stand GTR S3\/S8 White"}]},{"@type":"WebSite","@id":"https:\/\/oplitegames.com\/#website","url":"https:\/\/oplitegames.com\/","name":"OPLITE","description":"","publisher":{"@id":"https:\/\/oplitegames.com\/#organization"},"potentialAction":[{"@type":"SearchAction","target":{"@type":"EntryPoint","urlTemplate":"https:\/\/oplitegames.com\/?s={search_term_string}"},"query-input":{"@type":"PropertyValueSpecification","valueRequired":true,"valueName":"search_term_string"}}],"inLanguage":"en-US"},{"@type":"Organization","@id":"https:\/\/oplitegames.com\/#organization","name":"OPLITE","url":"https:\/\/oplitegames.com\/","logo":{"@type":"ImageObject","inLanguage":"en-US","@id":"https:\/\/oplitegames.com\/#\/schema\/logo\/image\/","url":"https:\/\/oplitegames-preprod.ezratis.fr\/wp-content\/uploads\/cropped-cropped-Oplite-Blanc-casse-002-scaled-1.png","contentUrl":"https:\/\/oplitegames-preprod.ezratis.fr\/wp-content\/uploads\/cropped-cropped-Oplite-Blanc-casse-002-scaled-1.png","width":2509,"height":597,"caption":"OPLITE"},"image":{"@id":"https:\/\/oplitegames.com\/#\/schema\/logo\/image\/"}}]},"product_price_amount":"99.90","product_price_currency":"EUR","og_availability":"out of stock","product_availability":"out of stock","product_retailer_item_id":"101628","product_condition":"new"},"_links":{"self":[{"href":"https:\/\/oplitegames-preprod.ezratis.fr\/en\/wp-json\/wp\/v2\/product\/42502","targetHints":{"allow":["GET"]}}],"collection":[{"href":"https:\/\/oplitegames-preprod.ezratis.fr\/en\/wp-json\/wp\/v2\/product"}],"about":[{"href":"https:\/\/oplitegames-preprod.ezratis.fr\/en\/wp-json\/wp\/v2\/types\/product"}],"version-history":[{"count":7,"href":"https:\/\/oplitegames-preprod.ezratis.fr\/en\/wp-json\/wp\/v2\/product\/42502\/revisions"}],"predecessor-version":[{"id":62383,"href":"https:\/\/oplitegames-preprod.ezratis.fr\/en\/wp-json\/wp\/v2\/product\/42502\/revisions\/62383"}],"wp:featuredmedia":[{"embeddable":true,"href":"https:\/\/oplitegames-preprod.ezratis.fr\/en\/wp-json\/wp\/v2\/media\/43112"}],"wp:attachment":[{"href":"https:\/\/oplitegames-preprod.ezratis.fr\/en\/wp-json\/wp\/v2\/media?parent=42502"}],"wp:term":[{"taxonomy":"product_brand","embeddable":true,"href":"https:\/\/oplitegames-preprod.ezratis.fr\/en\/wp-json\/wp\/v2\/product_brand?post=42502"},{"taxonomy":"product_cat","embeddable":true,"href":"https:\/\/oplitegames-preprod.ezratis.fr\/en\/wp-json\/wp\/v2\/product_cat?post=42502"},{"taxonomy":"product_tag","embeddable":true,"href":"https:\/\/oplitegames-preprod.ezratis.fr\/en\/wp-json\/wp\/v2\/product_tag?post=42502"}],"curies":[{"name":"wp","href":"https:\/\/api.w.org\/{rel}","templated":true}]}}