{"id":29373,"date":"2022-10-27T15:03:13","date_gmt":"2022-10-27T13:03:13","guid":{"rendered":"https:\/\/oplitegames.com\/product\/oplite-gtr-s3-ultimate-chassis\/"},"modified":"2026-01-20T10:42:23","modified_gmt":"2026-01-20T09:42:23","slug":"oplite-gtr-s3-ultimate-chassis","status":"publish","type":"product","link":"https:\/\/oplitegames-preprod.ezratis.fr\/es\/producto\/oplite-gtr-s3-ultimate-chassis\/","title":{"rendered":"Chassis GTR S8 Infinity"},"content":{"rendered":"<p>La cabina de simulaci\u00f3n OPLITE GTR S8 Infinity combina los \u00faltimos avances de la marca en tecnolog\u00eda de simracing con un dise\u00f1o atemporal inspirado en el mundo de las carreras. Su estructura tubular de acero al carbono de alta densidad con un di\u00e1metro de 48 mm garantiza una rigidez \u00f3ptima, y las placas de montaje aseguran una compatibilidad total con soluciones de marcas l\u00edderes como Fanatec\u00ae, Moza\u00ae, Thrustmaster\u00ae, Logitech\u00ae, Turtle Beach\u00ae o Asetek\u00ae.<br \/>\nCon una amplia gama de opciones de ajuste, este cockpit ofrece una cabina ergon\u00f3mica adecuada para una gran variedad de modos de conducci\u00f3n, como GT, Drift, F1 y Rally.<\/p>\n<p><span style=\"text-decoration: underline;\"><strong>Aspectos destacados:<\/strong> <\/span><br \/>\n\u2022 Soporte de pedal reforzado para la instalaci\u00f3n de pedales LoadCell, incluso en plano.<br \/>\n\u2022 M\u00faltiples ajustes r\u00e1pidos y sencillos, gracias al uso de pomos de liberaci\u00f3n r\u00e1pida.<br \/>\n\u2022 Soporte de la base del volante ajustable en altura e inclinaci\u00f3n, compatible con las tecnolog\u00edas Force Feedback Direct Drive y Courroie.<br \/>\n\u2022 Tornillos e insertos roscados de acero niquelado de alta calidad procedentes de la industria del autom\u00f3vil.<br \/>\n\u2022 \u00c1ngulos de rigidizaci\u00f3n en la parte delantera y trasera del chasis con ranuras oblongas de 6 mm de di\u00e1metro, que permiten la instalaci\u00f3n de accesorios realizados mediante impresi\u00f3n 3D u otros m\u00e9todos, con un esp\u00edritu &#8221;Do It Yourself&#8221; (DIY).<br \/>\n\u2022 Chasis equipado con ocho tuercas soldadas que pueden utilizarse para fijar las patas giratorias Oplite incluidas o el kit opcional de ruedas de alto rendimiento CASTOR WHEEL GTR S8.<br \/>\n\u2022 Los \u00faltimos avances tecnol\u00f3gicos abren nuevas oportunidades para la simulaci\u00f3n de vuelo con la incorporaci\u00f3n del KIT FULL FORCE GTR S3\/S8 opcional y el PORTA SIMRACING &amp; FLIGHTSIM&#8230;<\/p>\n<p><span style=\"text-decoration: underline;\">Especificaciones t\u00e9cnicas :<\/span><br \/>\n<span style=\"text-decoration: underline;\">Armaz\u00f3n :<\/span><br \/>\no Marco tubular de \u00d8 48 mm x 2 mm de grosor<br \/>\no Pintura negra mate de alta resistencia para un acabado de alta calidad<br \/>\no Cierres deslizantes para un ajuste de \u00b1220 mm<br \/>\n<span style=\"text-decoration: underline;\">Soporte del volante :<\/span><br \/>\no Ajuste arriba\/abajo \u00b130<br \/>\no Inclinaci\u00f3n arriba\/abajo \u00b130<br \/>\n<span style=\"text-decoration: underline;\">Soporte de pedales :<\/span><br \/>\no Ajuste de profundidad Permite el ajuste hacia delante\/atr\u00e1s \u00b1200 mm y la inclinaci\u00f3n de 0\u00b0 a +30\u00b0, para adaptarse a la morfolog\u00eda del cuerpo.<br \/>\n<span style=\"text-decoration: underline;\">Compatibilidad del producto :<\/span><br \/>\n100% Compatible con volantes y pedales Thrustmaster\u00ae, Logitech\u00ae, Moza\u00ae, Nacon\u00ae, Revosim\u00ae y Fanatec\u00ae<\/p>\n<p>&nbsp;<\/p>\n","protected":false},"excerpt":{"rendered":"<p>Expertos en dise\u00f1o ergon\u00f3mico para los sectores de la oficina y el juego, OPLITE presenta su \u00faltimo cockpit de simulaci\u00f3n de carreras, el <strong>GTR S8 INFINITY<\/strong>.<br \/>\nEs hora de pasar de jugador a piloto. Carreras o vuelo, \u00a1usted elige! Gracias al simulador GTR S8 y a su Eco-System, l\u00edder en su clase, \u00a1todo es posible!<\/p>\n[embed]https:\/\/www.youtube.com\/watch?v=kygailipLPY&#038;t=33s[\/embed]\n","protected":false},"featured_media":31931,"template":"","meta":{"_acf_changed":false,"footnotes":""},"product_brand":[],"product_cat":[764,731],"product_tag":[759],"class_list":{"0":"post-29373","1":"product","2":"type-product","3":"status-publish","4":"has-post-thumbnail","6":"product_cat-cabina-gtr-s8-infinity-es","7":"product_cat-simuladores","8":"product_tag-oplite-gaming-es","9":"pa_colisage-pcb-824","10":"pa_colisage-pcb-1-es","12":"first","13":"instock","14":"taxable","15":"shipping-taxable","16":"purchasable","17":"product-type-simple"},"bundled_by":[],"bundle_stock_status":"instock","bundle_stock_quantity":52,"bundle_virtual":false,"bundle_layout":"","bundle_add_to_cart_form_location":"","bundle_editable_in_cart":false,"bundle_sold_individually_context":"","bundle_item_grouping":"","bundle_min_size":"","bundle_max_size":"","bundle_price":[],"bundled_items":[],"bundle_sell_ids":[],"acf":[],"yoast_head":"<!-- This site is optimized with the Yoast SEO plugin v27.3 - https:\/\/yoast.com\/product\/yoast-seo-wordpress\/ -->\n<title>Chassis GTR S8 Infinity - OPLITE<\/title>\n<meta name=\"robots\" content=\"index, follow, max-snippet:-1, max-image-preview:large, max-video-preview:-1\" \/>\n<link rel=\"canonical\" href=\"https:\/\/oplitegames.com\/es\/producto\/oplite-gtr-s3-ultimate-chassis\/\" \/>\n<meta property=\"og:locale\" content=\"es_ES\" \/>\n<meta property=\"og:type\" content=\"article\" \/>\n<meta property=\"og:title\" content=\"Chassis GTR S8 Infinity - OPLITE\" \/>\n<meta property=\"og:description\" content=\"Expertos en dise\u00f1o ergon\u00f3mico para los sectores de la oficina y el juego, OPLITE presenta su \u00faltimo cockpit de simulaci\u00f3n de carreras, el GTR S8 INFINITY. Es hora de pasar de jugador a piloto. Carreras o vuelo, \u00a1usted elige! Gracias al simulador GTR S8 y a su Eco-System, l\u00edder en su clase, \u00a1todo es posible!\" \/>\n<meta property=\"og:url\" content=\"https:\/\/oplitegames.com\/es\/producto\/oplite-gtr-s3-ultimate-chassis\/\" \/>\n<meta property=\"og:site_name\" content=\"OPLITE\" \/>\n<meta property=\"article:modified_time\" content=\"2026-01-20T09:42:23+00:00\" \/>\n<meta property=\"og:image\" content=\"https:\/\/oplitegames.com\/wp-content\/uploads\/Oplite-Chassis-GTR-S8-Infinity-OP-GTR-CH-S8-_1.jpg\" \/>\n\t<meta property=\"og:image:width\" content=\"2000\" \/>\n\t<meta property=\"og:image:height\" content=\"2000\" \/>\n\t<meta property=\"og:image:type\" content=\"image\/jpeg\" \/>\n<meta name=\"twitter:card\" content=\"summary_large_image\" \/>\n<meta name=\"twitter:label1\" content=\"Price\" \/>\n\t<meta name=\"twitter:data1\" content=\"399,90&nbsp;&euro;\" \/>\n\t<meta name=\"twitter:label2\" content=\"Availability\" \/>\n\t<meta name=\"twitter:data2\" content=\"In stock\" \/>\n<script type=\"application\/ld+json\" class=\"yoast-schema-graph\">{\"@context\":\"https:\\\/\\\/schema.org\",\"@graph\":[{\"@type\":[\"WebPage\",\"ItemPage\"],\"@id\":\"https:\\\/\\\/oplitegames.com\\\/es\\\/producto\\\/oplite-gtr-s3-ultimate-chassis\\\/\",\"url\":\"https:\\\/\\\/oplitegames.com\\\/es\\\/producto\\\/oplite-gtr-s3-ultimate-chassis\\\/\",\"name\":\"Chassis GTR S8 Infinity - OPLITE\",\"isPartOf\":{\"@id\":\"https:\\\/\\\/oplitegames.com\\\/#website\"},\"primaryImageOfPage\":{\"@id\":\"https:\\\/\\\/oplitegames.com\\\/es\\\/producto\\\/oplite-gtr-s3-ultimate-chassis\\\/#primaryimage\"},\"image\":{\"@id\":\"https:\\\/\\\/oplitegames.com\\\/es\\\/producto\\\/oplite-gtr-s3-ultimate-chassis\\\/#primaryimage\"},\"thumbnailUrl\":\"https:\\\/\\\/oplitegames-preprod.ezratis.fr\\\/wp-content\\\/uploads\\\/Oplite-Chassis-GTR-S8-Infinity-OP-GTR-CH-S8-_1.jpg\",\"datePublished\":\"2022-10-27T13:03:13+00:00\",\"dateModified\":\"2026-01-20T09:42:23+00:00\",\"breadcrumb\":{\"@id\":\"https:\\\/\\\/oplitegames.com\\\/es\\\/producto\\\/oplite-gtr-s3-ultimate-chassis\\\/#breadcrumb\"},\"inLanguage\":\"es\",\"potentialAction\":[{\"@type\":\"ReadAction\",\"target\":[\"https:\\\/\\\/oplitegames.com\\\/es\\\/producto\\\/oplite-gtr-s3-ultimate-chassis\\\/\"]}]},{\"@type\":\"ImageObject\",\"inLanguage\":\"es\",\"@id\":\"https:\\\/\\\/oplitegames.com\\\/es\\\/producto\\\/oplite-gtr-s3-ultimate-chassis\\\/#primaryimage\",\"url\":\"https:\\\/\\\/oplitegames-preprod.ezratis.fr\\\/wp-content\\\/uploads\\\/Oplite-Chassis-GTR-S8-Infinity-OP-GTR-CH-S8-_1.jpg\",\"contentUrl\":\"https:\\\/\\\/oplitegames-preprod.ezratis.fr\\\/wp-content\\\/uploads\\\/Oplite-Chassis-GTR-S8-Infinity-OP-GTR-CH-S8-_1.jpg\",\"width\":2000,\"height\":2000},{\"@type\":\"BreadcrumbList\",\"@id\":\"https:\\\/\\\/oplitegames.com\\\/es\\\/producto\\\/oplite-gtr-s3-ultimate-chassis\\\/#breadcrumb\",\"itemListElement\":[{\"@type\":\"ListItem\",\"position\":1,\"name\":\"Home\",\"item\":\"https:\\\/\\\/oplitegames.com\\\/es\\\/oplite-gaming\\\/\"},{\"@type\":\"ListItem\",\"position\":2,\"name\":\"Comercio\",\"item\":\"https:\\\/\\\/oplitegames.com\\\/es\\\/comercio\\\/\"},{\"@type\":\"ListItem\",\"position\":3,\"name\":\"Chassis GTR S8 Infinity\"}]},{\"@type\":\"WebSite\",\"@id\":\"https:\\\/\\\/oplitegames.com\\\/#website\",\"url\":\"https:\\\/\\\/oplitegames.com\\\/\",\"name\":\"OPLITE\",\"description\":\"\",\"publisher\":{\"@id\":\"https:\\\/\\\/oplitegames.com\\\/#organization\"},\"potentialAction\":[{\"@type\":\"SearchAction\",\"target\":{\"@type\":\"EntryPoint\",\"urlTemplate\":\"https:\\\/\\\/oplitegames.com\\\/?s={search_term_string}\"},\"query-input\":{\"@type\":\"PropertyValueSpecification\",\"valueRequired\":true,\"valueName\":\"search_term_string\"}}],\"inLanguage\":\"es\"},{\"@type\":\"Organization\",\"@id\":\"https:\\\/\\\/oplitegames.com\\\/#organization\",\"name\":\"OPLITE\",\"url\":\"https:\\\/\\\/oplitegames.com\\\/\",\"logo\":{\"@type\":\"ImageObject\",\"inLanguage\":\"es\",\"@id\":\"https:\\\/\\\/oplitegames.com\\\/#\\\/schema\\\/logo\\\/image\\\/\",\"url\":\"https:\\\/\\\/oplitegames-preprod.ezratis.fr\\\/wp-content\\\/uploads\\\/cropped-cropped-Oplite-Blanc-casse-002-scaled-1.png\",\"contentUrl\":\"https:\\\/\\\/oplitegames-preprod.ezratis.fr\\\/wp-content\\\/uploads\\\/cropped-cropped-Oplite-Blanc-casse-002-scaled-1.png\",\"width\":2509,\"height\":597,\"caption\":\"OPLITE\"},\"image\":{\"@id\":\"https:\\\/\\\/oplitegames.com\\\/#\\\/schema\\\/logo\\\/image\\\/\"}}]}<\/script>\n<meta property=\"product:price:amount\" content=\"399.90\" \/>\n<meta property=\"product:price:currency\" content=\"EUR\" \/>\n<meta property=\"og:availability\" content=\"instock\" \/>\n<meta property=\"product:availability\" content=\"instock\" \/>\n<meta property=\"product:retailer_item_id\" content=\"88762\" \/>\n<meta property=\"product:condition\" content=\"new\" \/>\n<!-- \/ Yoast SEO plugin. -->","yoast_head_json":{"title":"Chassis GTR S8 Infinity - OPLITE","robots":{"index":"index","follow":"follow","max-snippet":"max-snippet:-1","max-image-preview":"max-image-preview:large","max-video-preview":"max-video-preview:-1"},"canonical":"https:\/\/oplitegames.com\/es\/producto\/oplite-gtr-s3-ultimate-chassis\/","og_locale":"es_ES","og_type":"article","og_title":"Chassis GTR S8 Infinity - OPLITE","og_description":"Expertos en dise\u00f1o ergon\u00f3mico para los sectores de la oficina y el juego, OPLITE presenta su \u00faltimo cockpit de simulaci\u00f3n de carreras, el GTR S8 INFINITY. Es hora de pasar de jugador a piloto. Carreras o vuelo, \u00a1usted elige! Gracias al simulador GTR S8 y a su Eco-System, l\u00edder en su clase, \u00a1todo es posible!","og_url":"https:\/\/oplitegames.com\/es\/producto\/oplite-gtr-s3-ultimate-chassis\/","og_site_name":"OPLITE","article_modified_time":"2026-01-20T09:42:23+00:00","og_image":[{"width":2000,"height":2000,"url":"https:\/\/oplitegames.com\/wp-content\/uploads\/Oplite-Chassis-GTR-S8-Infinity-OP-GTR-CH-S8-_1.jpg","type":"image\/jpeg"}],"twitter_card":"summary_large_image","twitter_misc":{"Price":"399,90&nbsp;&euro;","Availability":"In stock"},"schema":{"@context":"https:\/\/schema.org","@graph":[{"@type":["WebPage","ItemPage"],"@id":"https:\/\/oplitegames.com\/es\/producto\/oplite-gtr-s3-ultimate-chassis\/","url":"https:\/\/oplitegames.com\/es\/producto\/oplite-gtr-s3-ultimate-chassis\/","name":"Chassis GTR S8 Infinity - OPLITE","isPartOf":{"@id":"https:\/\/oplitegames.com\/#website"},"primaryImageOfPage":{"@id":"https:\/\/oplitegames.com\/es\/producto\/oplite-gtr-s3-ultimate-chassis\/#primaryimage"},"image":{"@id":"https:\/\/oplitegames.com\/es\/producto\/oplite-gtr-s3-ultimate-chassis\/#primaryimage"},"thumbnailUrl":"https:\/\/oplitegames-preprod.ezratis.fr\/wp-content\/uploads\/Oplite-Chassis-GTR-S8-Infinity-OP-GTR-CH-S8-_1.jpg","datePublished":"2022-10-27T13:03:13+00:00","dateModified":"2026-01-20T09:42:23+00:00","breadcrumb":{"@id":"https:\/\/oplitegames.com\/es\/producto\/oplite-gtr-s3-ultimate-chassis\/#breadcrumb"},"inLanguage":"es","potentialAction":[{"@type":"ReadAction","target":["https:\/\/oplitegames.com\/es\/producto\/oplite-gtr-s3-ultimate-chassis\/"]}]},{"@type":"ImageObject","inLanguage":"es","@id":"https:\/\/oplitegames.com\/es\/producto\/oplite-gtr-s3-ultimate-chassis\/#primaryimage","url":"https:\/\/oplitegames-preprod.ezratis.fr\/wp-content\/uploads\/Oplite-Chassis-GTR-S8-Infinity-OP-GTR-CH-S8-_1.jpg","contentUrl":"https:\/\/oplitegames-preprod.ezratis.fr\/wp-content\/uploads\/Oplite-Chassis-GTR-S8-Infinity-OP-GTR-CH-S8-_1.jpg","width":2000,"height":2000},{"@type":"BreadcrumbList","@id":"https:\/\/oplitegames.com\/es\/producto\/oplite-gtr-s3-ultimate-chassis\/#breadcrumb","itemListElement":[{"@type":"ListItem","position":1,"name":"Home","item":"https:\/\/oplitegames.com\/es\/oplite-gaming\/"},{"@type":"ListItem","position":2,"name":"Comercio","item":"https:\/\/oplitegames.com\/es\/comercio\/"},{"@type":"ListItem","position":3,"name":"Chassis GTR S8 Infinity"}]},{"@type":"WebSite","@id":"https:\/\/oplitegames.com\/#website","url":"https:\/\/oplitegames.com\/","name":"OPLITE","description":"","publisher":{"@id":"https:\/\/oplitegames.com\/#organization"},"potentialAction":[{"@type":"SearchAction","target":{"@type":"EntryPoint","urlTemplate":"https:\/\/oplitegames.com\/?s={search_term_string}"},"query-input":{"@type":"PropertyValueSpecification","valueRequired":true,"valueName":"search_term_string"}}],"inLanguage":"es"},{"@type":"Organization","@id":"https:\/\/oplitegames.com\/#organization","name":"OPLITE","url":"https:\/\/oplitegames.com\/","logo":{"@type":"ImageObject","inLanguage":"es","@id":"https:\/\/oplitegames.com\/#\/schema\/logo\/image\/","url":"https:\/\/oplitegames-preprod.ezratis.fr\/wp-content\/uploads\/cropped-cropped-Oplite-Blanc-casse-002-scaled-1.png","contentUrl":"https:\/\/oplitegames-preprod.ezratis.fr\/wp-content\/uploads\/cropped-cropped-Oplite-Blanc-casse-002-scaled-1.png","width":2509,"height":597,"caption":"OPLITE"},"image":{"@id":"https:\/\/oplitegames.com\/#\/schema\/logo\/image\/"}}]},"product_price_amount":"399.90","product_price_currency":"EUR","og_availability":"instock","product_availability":"instock","product_retailer_item_id":"88762","product_condition":"new"},"_links":{"self":[{"href":"https:\/\/oplitegames-preprod.ezratis.fr\/es\/wp-json\/wp\/v2\/product\/29373","targetHints":{"allow":["GET"]}}],"collection":[{"href":"https:\/\/oplitegames-preprod.ezratis.fr\/es\/wp-json\/wp\/v2\/product"}],"about":[{"href":"https:\/\/oplitegames-preprod.ezratis.fr\/es\/wp-json\/wp\/v2\/types\/product"}],"version-history":[{"count":6,"href":"https:\/\/oplitegames-preprod.ezratis.fr\/es\/wp-json\/wp\/v2\/product\/29373\/revisions"}],"predecessor-version":[{"id":61543,"href":"https:\/\/oplitegames-preprod.ezratis.fr\/es\/wp-json\/wp\/v2\/product\/29373\/revisions\/61543"}],"wp:featuredmedia":[{"embeddable":true,"href":"https:\/\/oplitegames-preprod.ezratis.fr\/es\/wp-json\/wp\/v2\/media\/31931"}],"wp:attachment":[{"href":"https:\/\/oplitegames-preprod.ezratis.fr\/es\/wp-json\/wp\/v2\/media?parent=29373"}],"wp:term":[{"taxonomy":"product_brand","embeddable":true,"href":"https:\/\/oplitegames-preprod.ezratis.fr\/es\/wp-json\/wp\/v2\/product_brand?post=29373"},{"taxonomy":"product_cat","embeddable":true,"href":"https:\/\/oplitegames-preprod.ezratis.fr\/es\/wp-json\/wp\/v2\/product_cat?post=29373"},{"taxonomy":"product_tag","embeddable":true,"href":"https:\/\/oplitegames-preprod.ezratis.fr\/es\/wp-json\/wp\/v2\/product_tag?post=29373"}],"curies":[{"name":"wp","href":"https:\/\/api.w.org\/{rel}","templated":true}]}}