{"id":29415,"date":"2022-10-27T15:03:22","date_gmt":"2022-10-27T13:03:22","guid":{"rendered":"https:\/\/oplitegames.com\/product\/oplite-wheel-stand-gt\/"},"modified":"2025-10-17T19:01:40","modified_gmt":"2025-10-17T17:01:40","slug":"oplite-wheel-stand-gt","status":"publish","type":"product","link":"https:\/\/oplitegames-preprod.ezratis.fr\/es\/producto\/oplite-wheel-stand-gt\/","title":{"rendered":"Soporte de rueda GT"},"content":{"rendered":"<p><strong>Dise\u00f1o ergon\u00f3mico y plegable<\/strong><br \/>\nBarra central ajustable en altura &gt; Permite un ajuste preciso seg\u00fan su tama\u00f1o<br \/>\nInclinaci\u00f3n de la placa del volante ajustable &gt; Permite ajustar la inclinaci\u00f3n del volante<br \/>\nSoporte de pedal ajustable en altura y profundidad &gt; Permite inclinarse y posicionarse hacia adelante o hacia atr\u00e1s seg\u00fan su tama\u00f1o y tipo de posici\u00f3n de conducci\u00f3n (GT, Raly, F1)<br \/>\nSoporte de volante, soporte de caja de cambios y soporte de pedal pre-perforado para asegurar su equipo<br \/>\nSoporte de caja de cambios ambidiestro, se puede instalar para zurdos o diestros.<\/p>\n<p>&nbsp;<\/p>\n<hr \/>\n<p style=\"text-align: center;\"><strong>Descripci\u00f3n T\u00e9cnica\/ Angles inclinaciones<\/strong><\/p>\n<ul>\n<li>Amplitud de inclinaci\u00f3n del plato del volante: -30\u00b0\/-15\u00b0\/0\u00b0\/+15\u00b0\/+30<\/li>\n<li>Amplitud de inclinaci\u00f3n de la placa de los pedales: 0 a\/10 a\/20 a<\/li>\n<li>Capacidad de sustentaci\u00f3n: 20kg (44lbs)<\/li>\n<li>Material del marco: Acero al carbono<\/li>\n<li>100% Compatible* con los volantes y los pedales de las marcas Thrustmaster o&#8217;, Logitech o&#8217;<\/li>\n<\/ul>\n<p><strong>Accesorios suministrados:<\/strong><\/p>\n<ul>\n<li>4 almohadillas antideslizantes y ajustables aseguran una perfecta estabilidad<\/li>\n<li>1 Kit de 2 gu\u00edas cables y 6 abrazaderas flex<\/li>\n<li>6 tornillos M6x20 para la fijaci\u00f3n de los volantes y pedales Thrustmaster a, Logitech a<\/li>\n<\/ul>\n<p><small>*Para garantizar una compatibilidad \u00f3ptima con ciertos dispositivos, pueden ser necesarios peque\u00f1os ajustes. Tranquilo: esto no afecta la calidad ni la garant\u00eda de tu producto.<\/small><\/p>\n","protected":false},"excerpt":{"rendered":"<p>El Soporte de rueda GT es un soporte de montaje plegable para el volante, los pedales y la caja de cambios. Dise\u00f1ado por profesionales de la simulaci\u00f3n automovil\u00edstica, se ajusta a todos los tama\u00f1os y permite una primera experiencia de conducci\u00f3n. Estable, r\u00edgido y plegable, el Wheel Stand GT est\u00e1 dise\u00f1ado para principiantes.<br \/>\nEs 100% compatible con volantes y pedales Thrustmaster\u00ae y Logitech\u00ae.<\/p>\n","protected":false},"featured_media":28689,"template":"","meta":{"_acf_changed":false,"footnotes":""},"product_brand":[],"product_cat":[731,733],"product_tag":[759],"class_list":{"0":"post-29415","1":"product","2":"type-product","3":"status-publish","4":"has-post-thumbnail","6":"product_cat-simuladores","7":"product_cat-soportes-de-rueda","8":"product_tag-oplite-gaming-es","9":"pa_colisage-pcb-2-es","11":"first","12":"outofstock","13":"taxable","14":"shipping-taxable","15":"purchasable","16":"product-type-simple"},"bundled_by":[],"bundle_stock_status":"outofstock","bundle_stock_quantity":0,"bundle_virtual":false,"bundle_layout":"","bundle_add_to_cart_form_location":"","bundle_editable_in_cart":false,"bundle_sold_individually_context":"","bundle_item_grouping":"","bundle_min_size":"","bundle_max_size":"","bundle_price":[],"bundled_items":[],"bundle_sell_ids":[],"acf":[],"yoast_head":"<!-- This site is optimized with the Yoast SEO plugin v27.3 - https:\/\/yoast.com\/product\/yoast-seo-wordpress\/ -->\n<title>Soporte de rueda GT - OPLITE<\/title>\n<meta name=\"robots\" content=\"index, follow, max-snippet:-1, max-image-preview:large, max-video-preview:-1\" \/>\n<link rel=\"canonical\" href=\"https:\/\/oplitegames.com\/es\/producto\/oplite-wheel-stand-gt\/\" \/>\n<meta property=\"og:locale\" content=\"es_ES\" \/>\n<meta property=\"og:type\" content=\"article\" \/>\n<meta property=\"og:title\" content=\"Soporte de rueda GT - OPLITE\" \/>\n<meta property=\"og:description\" content=\"El Soporte de rueda GT es un soporte de montaje plegable para el volante, los pedales y la caja de cambios. Dise\u00f1ado por profesionales de la simulaci\u00f3n automovil\u00edstica, se ajusta a todos los tama\u00f1os y permite una primera experiencia de conducci\u00f3n. Estable, r\u00edgido y plegable, el Wheel Stand GT est\u00e1 dise\u00f1ado para principiantes. Es 100% compatible con volantes y pedales Thrustmaster\u00ae y Logitech\u00ae.\" \/>\n<meta property=\"og:url\" content=\"https:\/\/oplitegames.com\/es\/producto\/oplite-wheel-stand-gt\/\" \/>\n<meta property=\"og:site_name\" content=\"OPLITE\" \/>\n<meta property=\"article:modified_time\" content=\"2025-10-17T17:01:40+00:00\" \/>\n<meta property=\"og:image\" content=\"https:\/\/oplitegames.com\/wp-content\/uploads\/OP-WS-GT-series-02-1-1.jpg\" \/>\n\t<meta property=\"og:image:width\" content=\"1000\" \/>\n\t<meta property=\"og:image:height\" content=\"1000\" \/>\n\t<meta property=\"og:image:type\" content=\"image\/jpeg\" \/>\n<meta name=\"twitter:card\" content=\"summary_large_image\" \/>\n<meta name=\"twitter:label1\" content=\"Price\" \/>\n\t<meta name=\"twitter:data1\" content=\"99,90&nbsp;&euro;\" \/>\n\t<meta name=\"twitter:label2\" content=\"Availability\" \/>\n\t<meta name=\"twitter:data2\" content=\"Out of stock\" \/>\n<script type=\"application\/ld+json\" class=\"yoast-schema-graph\">{\"@context\":\"https:\\\/\\\/schema.org\",\"@graph\":[{\"@type\":[\"WebPage\",\"ItemPage\"],\"@id\":\"https:\\\/\\\/oplitegames.com\\\/es\\\/producto\\\/oplite-wheel-stand-gt\\\/\",\"url\":\"https:\\\/\\\/oplitegames.com\\\/es\\\/producto\\\/oplite-wheel-stand-gt\\\/\",\"name\":\"Soporte de rueda GT - OPLITE\",\"isPartOf\":{\"@id\":\"https:\\\/\\\/oplitegames.com\\\/#website\"},\"primaryImageOfPage\":{\"@id\":\"https:\\\/\\\/oplitegames.com\\\/es\\\/producto\\\/oplite-wheel-stand-gt\\\/#primaryimage\"},\"image\":{\"@id\":\"https:\\\/\\\/oplitegames.com\\\/es\\\/producto\\\/oplite-wheel-stand-gt\\\/#primaryimage\"},\"thumbnailUrl\":\"https:\\\/\\\/oplitegames-preprod.ezratis.fr\\\/wp-content\\\/uploads\\\/OP-WS-GT-series-02-1-1.jpg\",\"datePublished\":\"2022-10-27T13:03:22+00:00\",\"dateModified\":\"2025-10-17T17:01:40+00:00\",\"breadcrumb\":{\"@id\":\"https:\\\/\\\/oplitegames.com\\\/es\\\/producto\\\/oplite-wheel-stand-gt\\\/#breadcrumb\"},\"inLanguage\":\"es\",\"potentialAction\":[{\"@type\":\"ReadAction\",\"target\":[\"https:\\\/\\\/oplitegames.com\\\/es\\\/producto\\\/oplite-wheel-stand-gt\\\/\"]}]},{\"@type\":\"ImageObject\",\"inLanguage\":\"es\",\"@id\":\"https:\\\/\\\/oplitegames.com\\\/es\\\/producto\\\/oplite-wheel-stand-gt\\\/#primaryimage\",\"url\":\"https:\\\/\\\/oplitegames-preprod.ezratis.fr\\\/wp-content\\\/uploads\\\/OP-WS-GT-series-02-1-1.jpg\",\"contentUrl\":\"https:\\\/\\\/oplitegames-preprod.ezratis.fr\\\/wp-content\\\/uploads\\\/OP-WS-GT-series-02-1-1.jpg\",\"width\":1000,\"height\":1000},{\"@type\":\"BreadcrumbList\",\"@id\":\"https:\\\/\\\/oplitegames.com\\\/es\\\/producto\\\/oplite-wheel-stand-gt\\\/#breadcrumb\",\"itemListElement\":[{\"@type\":\"ListItem\",\"position\":1,\"name\":\"Home\",\"item\":\"https:\\\/\\\/oplitegames.com\\\/es\\\/oplite-gaming\\\/\"},{\"@type\":\"ListItem\",\"position\":2,\"name\":\"Comercio\",\"item\":\"https:\\\/\\\/oplitegames.com\\\/es\\\/comercio\\\/\"},{\"@type\":\"ListItem\",\"position\":3,\"name\":\"Soporte de rueda GT\"}]},{\"@type\":\"WebSite\",\"@id\":\"https:\\\/\\\/oplitegames.com\\\/#website\",\"url\":\"https:\\\/\\\/oplitegames.com\\\/\",\"name\":\"OPLITE\",\"description\":\"\",\"publisher\":{\"@id\":\"https:\\\/\\\/oplitegames.com\\\/#organization\"},\"potentialAction\":[{\"@type\":\"SearchAction\",\"target\":{\"@type\":\"EntryPoint\",\"urlTemplate\":\"https:\\\/\\\/oplitegames.com\\\/?s={search_term_string}\"},\"query-input\":{\"@type\":\"PropertyValueSpecification\",\"valueRequired\":true,\"valueName\":\"search_term_string\"}}],\"inLanguage\":\"es\"},{\"@type\":\"Organization\",\"@id\":\"https:\\\/\\\/oplitegames.com\\\/#organization\",\"name\":\"OPLITE\",\"url\":\"https:\\\/\\\/oplitegames.com\\\/\",\"logo\":{\"@type\":\"ImageObject\",\"inLanguage\":\"es\",\"@id\":\"https:\\\/\\\/oplitegames.com\\\/#\\\/schema\\\/logo\\\/image\\\/\",\"url\":\"https:\\\/\\\/oplitegames-preprod.ezratis.fr\\\/wp-content\\\/uploads\\\/cropped-cropped-Oplite-Blanc-casse-002-scaled-1.png\",\"contentUrl\":\"https:\\\/\\\/oplitegames-preprod.ezratis.fr\\\/wp-content\\\/uploads\\\/cropped-cropped-Oplite-Blanc-casse-002-scaled-1.png\",\"width\":2509,\"height\":597,\"caption\":\"OPLITE\"},\"image\":{\"@id\":\"https:\\\/\\\/oplitegames.com\\\/#\\\/schema\\\/logo\\\/image\\\/\"}}]}<\/script>\n<meta property=\"product:price:amount\" content=\"99.90\" \/>\n<meta property=\"product:price:currency\" content=\"EUR\" \/>\n<meta property=\"og:availability\" content=\"out of stock\" \/>\n<meta property=\"product:availability\" content=\"out of stock\" \/>\n<meta property=\"product:retailer_item_id\" content=\"89698\" \/>\n<meta property=\"product:condition\" content=\"new\" \/>\n<!-- \/ Yoast SEO plugin. -->","yoast_head_json":{"title":"Soporte de rueda GT - OPLITE","robots":{"index":"index","follow":"follow","max-snippet":"max-snippet:-1","max-image-preview":"max-image-preview:large","max-video-preview":"max-video-preview:-1"},"canonical":"https:\/\/oplitegames.com\/es\/producto\/oplite-wheel-stand-gt\/","og_locale":"es_ES","og_type":"article","og_title":"Soporte de rueda GT - OPLITE","og_description":"El Soporte de rueda GT es un soporte de montaje plegable para el volante, los pedales y la caja de cambios. Dise\u00f1ado por profesionales de la simulaci\u00f3n automovil\u00edstica, se ajusta a todos los tama\u00f1os y permite una primera experiencia de conducci\u00f3n. Estable, r\u00edgido y plegable, el Wheel Stand GT est\u00e1 dise\u00f1ado para principiantes. Es 100% compatible con volantes y pedales Thrustmaster\u00ae y Logitech\u00ae.","og_url":"https:\/\/oplitegames.com\/es\/producto\/oplite-wheel-stand-gt\/","og_site_name":"OPLITE","article_modified_time":"2025-10-17T17:01:40+00:00","og_image":[{"width":1000,"height":1000,"url":"https:\/\/oplitegames.com\/wp-content\/uploads\/OP-WS-GT-series-02-1-1.jpg","type":"image\/jpeg"}],"twitter_card":"summary_large_image","twitter_misc":{"Price":"99,90&nbsp;&euro;","Availability":"Out of stock"},"schema":{"@context":"https:\/\/schema.org","@graph":[{"@type":["WebPage","ItemPage"],"@id":"https:\/\/oplitegames.com\/es\/producto\/oplite-wheel-stand-gt\/","url":"https:\/\/oplitegames.com\/es\/producto\/oplite-wheel-stand-gt\/","name":"Soporte de rueda GT - OPLITE","isPartOf":{"@id":"https:\/\/oplitegames.com\/#website"},"primaryImageOfPage":{"@id":"https:\/\/oplitegames.com\/es\/producto\/oplite-wheel-stand-gt\/#primaryimage"},"image":{"@id":"https:\/\/oplitegames.com\/es\/producto\/oplite-wheel-stand-gt\/#primaryimage"},"thumbnailUrl":"https:\/\/oplitegames-preprod.ezratis.fr\/wp-content\/uploads\/OP-WS-GT-series-02-1-1.jpg","datePublished":"2022-10-27T13:03:22+00:00","dateModified":"2025-10-17T17:01:40+00:00","breadcrumb":{"@id":"https:\/\/oplitegames.com\/es\/producto\/oplite-wheel-stand-gt\/#breadcrumb"},"inLanguage":"es","potentialAction":[{"@type":"ReadAction","target":["https:\/\/oplitegames.com\/es\/producto\/oplite-wheel-stand-gt\/"]}]},{"@type":"ImageObject","inLanguage":"es","@id":"https:\/\/oplitegames.com\/es\/producto\/oplite-wheel-stand-gt\/#primaryimage","url":"https:\/\/oplitegames-preprod.ezratis.fr\/wp-content\/uploads\/OP-WS-GT-series-02-1-1.jpg","contentUrl":"https:\/\/oplitegames-preprod.ezratis.fr\/wp-content\/uploads\/OP-WS-GT-series-02-1-1.jpg","width":1000,"height":1000},{"@type":"BreadcrumbList","@id":"https:\/\/oplitegames.com\/es\/producto\/oplite-wheel-stand-gt\/#breadcrumb","itemListElement":[{"@type":"ListItem","position":1,"name":"Home","item":"https:\/\/oplitegames.com\/es\/oplite-gaming\/"},{"@type":"ListItem","position":2,"name":"Comercio","item":"https:\/\/oplitegames.com\/es\/comercio\/"},{"@type":"ListItem","position":3,"name":"Soporte de rueda GT"}]},{"@type":"WebSite","@id":"https:\/\/oplitegames.com\/#website","url":"https:\/\/oplitegames.com\/","name":"OPLITE","description":"","publisher":{"@id":"https:\/\/oplitegames.com\/#organization"},"potentialAction":[{"@type":"SearchAction","target":{"@type":"EntryPoint","urlTemplate":"https:\/\/oplitegames.com\/?s={search_term_string}"},"query-input":{"@type":"PropertyValueSpecification","valueRequired":true,"valueName":"search_term_string"}}],"inLanguage":"es"},{"@type":"Organization","@id":"https:\/\/oplitegames.com\/#organization","name":"OPLITE","url":"https:\/\/oplitegames.com\/","logo":{"@type":"ImageObject","inLanguage":"es","@id":"https:\/\/oplitegames.com\/#\/schema\/logo\/image\/","url":"https:\/\/oplitegames-preprod.ezratis.fr\/wp-content\/uploads\/cropped-cropped-Oplite-Blanc-casse-002-scaled-1.png","contentUrl":"https:\/\/oplitegames-preprod.ezratis.fr\/wp-content\/uploads\/cropped-cropped-Oplite-Blanc-casse-002-scaled-1.png","width":2509,"height":597,"caption":"OPLITE"},"image":{"@id":"https:\/\/oplitegames.com\/#\/schema\/logo\/image\/"}}]},"product_price_amount":"99.90","product_price_currency":"EUR","og_availability":"out of stock","product_availability":"out of stock","product_retailer_item_id":"89698","product_condition":"new"},"_links":{"self":[{"href":"https:\/\/oplitegames-preprod.ezratis.fr\/es\/wp-json\/wp\/v2\/product\/29415","targetHints":{"allow":["GET"]}}],"collection":[{"href":"https:\/\/oplitegames-preprod.ezratis.fr\/es\/wp-json\/wp\/v2\/product"}],"about":[{"href":"https:\/\/oplitegames-preprod.ezratis.fr\/es\/wp-json\/wp\/v2\/types\/product"}],"version-history":[{"count":5,"href":"https:\/\/oplitegames-preprod.ezratis.fr\/es\/wp-json\/wp\/v2\/product\/29415\/revisions"}],"predecessor-version":[{"id":53329,"href":"https:\/\/oplitegames-preprod.ezratis.fr\/es\/wp-json\/wp\/v2\/product\/29415\/revisions\/53329"}],"wp:featuredmedia":[{"embeddable":true,"href":"https:\/\/oplitegames-preprod.ezratis.fr\/es\/wp-json\/wp\/v2\/media\/28689"}],"wp:attachment":[{"href":"https:\/\/oplitegames-preprod.ezratis.fr\/es\/wp-json\/wp\/v2\/media?parent=29415"}],"wp:term":[{"taxonomy":"product_brand","embeddable":true,"href":"https:\/\/oplitegames-preprod.ezratis.fr\/es\/wp-json\/wp\/v2\/product_brand?post=29415"},{"taxonomy":"product_cat","embeddable":true,"href":"https:\/\/oplitegames-preprod.ezratis.fr\/es\/wp-json\/wp\/v2\/product_cat?post=29415"},{"taxonomy":"product_tag","embeddable":true,"href":"https:\/\/oplitegames-preprod.ezratis.fr\/es\/wp-json\/wp\/v2\/product_tag?post=29415"}],"curies":[{"name":"wp","href":"https:\/\/api.w.org\/{rel}","templated":true}]}}