{"id":29425,"date":"2023-01-11T06:01:04","date_gmt":"2023-01-11T05:01:04","guid":{"rendered":"https:\/\/oplitegames.com\/product\/cockpit-de-simulation-oplite-gt3-superfast\/"},"modified":"2025-12-16T03:02:27","modified_gmt":"2025-12-16T02:02:27","slug":"cockpit-de-simulation-oplite-gt3-superfast","status":"publish","type":"product","link":"https:\/\/oplitegames-preprod.ezratis.fr\/es\/producto\/cockpit-de-simulation-oplite-gt3-superfast\/","title":{"rendered":"GT3 Superfast V2"},"content":{"rendered":"<p>Los puntos de mejora de la versi\u00f3n V2 en comparaci\u00f3n con su predecesor son:<\/p>\n<ul>\n<li>Estructura del asiento reforzada y mayor densidad de espuma para mayor comodidad.<\/li>\n<li>Soporte volante con mayor compatibilidad con varios dispositivos.<\/li>\n<li>Soporte de pedal reforzado con puntos de anclaje adicionales en la estructura tubular de la cabina.<\/li>\n<\/ul>\n<p><strong>Caracter\u00edsticas t\u00e9cnicas<\/strong><br \/>\n<span style=\"text-decoration: underline;\">Chasis:<\/span><br \/>\n\u2022 Estructura de acero tipo E355 en acabado negro mate y rojo<br \/>\n\u2022 4 patines Rotulados antideslizantes y regulables en altura<br \/>\n<span style=\"text-decoration: underline;\">Soporte volante:<\/span><br \/>\n\u2022 Estructura de acero tipo E355<br \/>\n\u2022 Inclinaci\u00f3n alta\/baja -15\u00b0\/0\u00b0\/+15\u00b0<br \/>\n<span style=\"text-decoration: underline;\">Soporte de pedal:<\/span><br \/>\n\u2022 Estructura de acero de tipo E355 reforzado<br \/>\n\u2022 Inclinaci\u00f3n arriba\/abajo 0\u00b0\/15\u00b0<br \/>\n<span style=\"text-decoration: underline;\">Sede:<\/span><br \/>\n\u2022 Estructura de acero y revestimiento de cuero sint\u00e9tico negro<br \/>\n\u2022 Inclinaci\u00f3n de 30\u00b0 a 90\u00b0<br \/>\n\u2022 Ajustable en profundidad a 180mm<br \/>\n<span style=\"text-decoration: underline;\">Compatibilidad:<\/span><br \/>\n\u2022 El GT3 Superfast V2 es compatible con muchos dispositivos, entre ellos las marcas Thrustmaster\u00ae, Logitech\u00ae, Turtle Beach\u00ae, Moza\u00ae, Nacon\u00ae, Revosim\u00ae y Fanatec\u00ae<\/p>\n<p>Puntos fuertes<br \/>\n\u2705 Dise\u00f1o robusto realizado con materiales de alta calidad para garantizar la solidez y durabilidad<br \/>\n\u2705 M\u00faltiples ajustes sencillos y r\u00e1pidos para el soporte volante, el soporte de pedal y el asiento<br \/>\n\u2705 Apto para morfolog\u00edas de entre 1m35 y 1m95<br \/>\n\u2705 Peso m\u00e1ximo soportado: +100 kg<br \/>\n\u2705 Accesorios opcionales: Soporte caja de cambios OP-GT3-GS Soporte de pantalla OP-GT3-MS<br \/>\n\u2705 Compatibilidad sin compromiso con una amplia gama de accesorios de simulaci\u00f3n de autom\u00f3viles<\/p>\n<p>&nbsp;<\/p>\n<table>\n<tbody>\n<tr>\n<td><strong>Brand<\/strong><\/td>\n<td><strong>Product Type<\/strong><\/td>\n<td><strong>Compatible Products*<\/strong><\/td>\n<\/tr>\n<tr>\n<td>THRUSTMASTER<\/td>\n<td>Wheelbases \/ Pedals<\/td>\n<td>T300, T300RS, TS-XW, TS-PC, TGTII, T3PM, TLCM<\/td>\n<\/tr>\n<tr>\n<td>LOGITECH<\/td>\n<td>Wheelbases \/ Pedals<\/td>\n<td>G29, G920, G923, ProWheel<\/td>\n<\/tr>\n<tr>\n<td>TURTLE BEACH<\/td>\n<td>Wheelbases \/ Pedals<\/td>\n<td>VelocityOne Race<\/td>\n<\/tr>\n<tr>\n<td>MOZA<\/td>\n<td>Wheelbases \/ Pedals<\/td>\n<td>5,R9, SR-P lite Pedals, SR-P Pedals<\/td>\n<\/tr>\n<tr>\n<td>FANATEC<\/td>\n<td>Wheelbases \/ Pedals<\/td>\n<td>CSL DD 5&amp;8 Nm, Gran Turismo DD Pro 5&amp;8 Nm, CSL Pedals, CSL Pedals LC<\/td>\n<\/tr>\n<\/tbody>\n<\/table>\n<p><small> *Per garantire la massima compatibilit\u00e0 con alcuni dispositivi, potrebbero essere necessari piccoli adattamenti. Nessuna preoccupazione: la qualit\u00e0 e la garanzia del prodotto non ne risentono.<\/small><\/p>\n","protected":false},"excerpt":{"rendered":"<p>Experto en dise\u00f1o de productos ergon\u00f3micos para los sectores de ofim\u00e1tica y gaming, OPLITE presenta la evoluci\u00f3n definitiva de su GT3 Superfast V2.<\/p>\n<p>El Cockpit GT3 Superfast V2 es un simulador de conducci\u00f3n de tipo GT\/Rally, ideal para una iniciaci\u00f3n al SIMRACING. Dise\u00f1ado en acero E355 con una estructura tubular de 35 mm de di\u00e1metro, es r\u00edgido y elegante.<\/p>\n[embed]https:\/\/www.youtube.com\/watch?v=jO1BgJ5Kkhs&amp;t=8s[\/embed]\n","protected":false},"featured_media":36721,"template":"","meta":{"_acf_changed":false,"footnotes":""},"product_brand":[],"product_cat":[740,731],"product_tag":[759],"class_list":{"0":"post-29425","1":"product","2":"type-product","3":"status-publish","4":"has-post-thumbnail","6":"product_cat-cabina-gt3","7":"product_cat-simuladores","8":"product_tag-oplite-gaming-es","9":"pa_colisage-pcb-824","10":"pa_colisage-pcb-1-es","12":"first","13":"outofstock","14":"taxable","15":"shipping-taxable","16":"purchasable","17":"product-type-simple"},"bundled_by":["39432"],"bundle_stock_status":"outofstock","bundle_stock_quantity":0,"bundle_virtual":false,"bundle_layout":"","bundle_add_to_cart_form_location":"","bundle_editable_in_cart":false,"bundle_sold_individually_context":"","bundle_item_grouping":"","bundle_min_size":"","bundle_max_size":"","bundle_price":[],"bundled_items":[],"bundle_sell_ids":[],"acf":[],"yoast_head":"<!-- This site is optimized with the Yoast SEO plugin v27.3 - https:\/\/yoast.com\/product\/yoast-seo-wordpress\/ -->\n<title>GT3 Superfast V2 - OPLITE<\/title>\n<meta name=\"robots\" content=\"index, follow, max-snippet:-1, max-image-preview:large, max-video-preview:-1\" \/>\n<link rel=\"canonical\" href=\"https:\/\/oplitegames.com\/es\/producto\/cockpit-de-simulation-oplite-gt3-superfast\/\" \/>\n<meta property=\"og:locale\" content=\"es_ES\" \/>\n<meta property=\"og:type\" content=\"article\" \/>\n<meta property=\"og:title\" content=\"GT3 Superfast V2 - OPLITE\" \/>\n<meta property=\"og:description\" content=\"Experto en dise\u00f1o de productos ergon\u00f3micos para los sectores de ofim\u00e1tica y gaming, OPLITE presenta la evoluci\u00f3n definitiva de su GT3 Superfast V2.  El Cockpit GT3 Superfast V2 es un simulador de conducci\u00f3n de tipo GT\/Rally, ideal para una iniciaci\u00f3n al SIMRACING. Dise\u00f1ado en acero E355 con una estructura tubular de 35 mm de di\u00e1metro, es r\u00edgido y elegante.\" \/>\n<meta property=\"og:url\" content=\"https:\/\/oplitegames.com\/es\/producto\/cockpit-de-simulation-oplite-gt3-superfast\/\" \/>\n<meta property=\"og:site_name\" content=\"OPLITE\" \/>\n<meta property=\"article:modified_time\" content=\"2025-12-16T02:02:27+00:00\" \/>\n<meta property=\"og:image\" content=\"https:\/\/oplitegames.com\/wp-content\/uploads\/OP-GT3_1.png\" \/>\n\t<meta property=\"og:image:width\" content=\"1000\" \/>\n\t<meta property=\"og:image:height\" content=\"1000\" \/>\n\t<meta property=\"og:image:type\" content=\"image\/png\" \/>\n<meta name=\"twitter:card\" content=\"summary_large_image\" \/>\n<meta name=\"twitter:label1\" content=\"Price\" \/>\n\t<meta name=\"twitter:data1\" content=\"369,90&nbsp;&euro;\" \/>\n\t<meta name=\"twitter:label2\" content=\"Availability\" \/>\n\t<meta name=\"twitter:data2\" content=\"Out of stock\" \/>\n<script type=\"application\/ld+json\" class=\"yoast-schema-graph\">{\"@context\":\"https:\\\/\\\/schema.org\",\"@graph\":[{\"@type\":[\"WebPage\",\"ItemPage\"],\"@id\":\"https:\\\/\\\/oplitegames.com\\\/es\\\/producto\\\/cockpit-de-simulation-oplite-gt3-superfast\\\/\",\"url\":\"https:\\\/\\\/oplitegames.com\\\/es\\\/producto\\\/cockpit-de-simulation-oplite-gt3-superfast\\\/\",\"name\":\"GT3 Superfast V2 - OPLITE\",\"isPartOf\":{\"@id\":\"https:\\\/\\\/oplitegames.com\\\/#website\"},\"primaryImageOfPage\":{\"@id\":\"https:\\\/\\\/oplitegames.com\\\/es\\\/producto\\\/cockpit-de-simulation-oplite-gt3-superfast\\\/#primaryimage\"},\"image\":{\"@id\":\"https:\\\/\\\/oplitegames.com\\\/es\\\/producto\\\/cockpit-de-simulation-oplite-gt3-superfast\\\/#primaryimage\"},\"thumbnailUrl\":\"https:\\\/\\\/oplitegames-preprod.ezratis.fr\\\/wp-content\\\/uploads\\\/OP-GT3_1.png\",\"datePublished\":\"2023-01-11T05:01:04+00:00\",\"dateModified\":\"2025-12-16T02:02:27+00:00\",\"breadcrumb\":{\"@id\":\"https:\\\/\\\/oplitegames.com\\\/es\\\/producto\\\/cockpit-de-simulation-oplite-gt3-superfast\\\/#breadcrumb\"},\"inLanguage\":\"es\",\"potentialAction\":[{\"@type\":\"ReadAction\",\"target\":[\"https:\\\/\\\/oplitegames.com\\\/es\\\/producto\\\/cockpit-de-simulation-oplite-gt3-superfast\\\/\"]}]},{\"@type\":\"ImageObject\",\"inLanguage\":\"es\",\"@id\":\"https:\\\/\\\/oplitegames.com\\\/es\\\/producto\\\/cockpit-de-simulation-oplite-gt3-superfast\\\/#primaryimage\",\"url\":\"https:\\\/\\\/oplitegames-preprod.ezratis.fr\\\/wp-content\\\/uploads\\\/OP-GT3_1.png\",\"contentUrl\":\"https:\\\/\\\/oplitegames-preprod.ezratis.fr\\\/wp-content\\\/uploads\\\/OP-GT3_1.png\",\"width\":1000,\"height\":1000},{\"@type\":\"BreadcrumbList\",\"@id\":\"https:\\\/\\\/oplitegames.com\\\/es\\\/producto\\\/cockpit-de-simulation-oplite-gt3-superfast\\\/#breadcrumb\",\"itemListElement\":[{\"@type\":\"ListItem\",\"position\":1,\"name\":\"Home\",\"item\":\"https:\\\/\\\/oplitegames.com\\\/es\\\/oplite-gaming\\\/\"},{\"@type\":\"ListItem\",\"position\":2,\"name\":\"Comercio\",\"item\":\"https:\\\/\\\/oplitegames.com\\\/es\\\/comercio\\\/\"},{\"@type\":\"ListItem\",\"position\":3,\"name\":\"GT3 Superfast V2\"}]},{\"@type\":\"WebSite\",\"@id\":\"https:\\\/\\\/oplitegames.com\\\/#website\",\"url\":\"https:\\\/\\\/oplitegames.com\\\/\",\"name\":\"OPLITE\",\"description\":\"\",\"publisher\":{\"@id\":\"https:\\\/\\\/oplitegames.com\\\/#organization\"},\"potentialAction\":[{\"@type\":\"SearchAction\",\"target\":{\"@type\":\"EntryPoint\",\"urlTemplate\":\"https:\\\/\\\/oplitegames.com\\\/?s={search_term_string}\"},\"query-input\":{\"@type\":\"PropertyValueSpecification\",\"valueRequired\":true,\"valueName\":\"search_term_string\"}}],\"inLanguage\":\"es\"},{\"@type\":\"Organization\",\"@id\":\"https:\\\/\\\/oplitegames.com\\\/#organization\",\"name\":\"OPLITE\",\"url\":\"https:\\\/\\\/oplitegames.com\\\/\",\"logo\":{\"@type\":\"ImageObject\",\"inLanguage\":\"es\",\"@id\":\"https:\\\/\\\/oplitegames.com\\\/#\\\/schema\\\/logo\\\/image\\\/\",\"url\":\"https:\\\/\\\/oplitegames-preprod.ezratis.fr\\\/wp-content\\\/uploads\\\/cropped-cropped-Oplite-Blanc-casse-002-scaled-1.png\",\"contentUrl\":\"https:\\\/\\\/oplitegames-preprod.ezratis.fr\\\/wp-content\\\/uploads\\\/cropped-cropped-Oplite-Blanc-casse-002-scaled-1.png\",\"width\":2509,\"height\":597,\"caption\":\"OPLITE\"},\"image\":{\"@id\":\"https:\\\/\\\/oplitegames.com\\\/#\\\/schema\\\/logo\\\/image\\\/\"}}]}<\/script>\n<meta property=\"product:price:amount\" content=\"369.90\" \/>\n<meta property=\"product:price:currency\" content=\"EUR\" \/>\n<meta property=\"og:availability\" content=\"out of stock\" \/>\n<meta property=\"product:availability\" content=\"out of stock\" \/>\n<meta property=\"product:retailer_item_id\" content=\"89700\" \/>\n<meta property=\"product:condition\" content=\"new\" \/>\n<!-- \/ Yoast SEO plugin. -->","yoast_head_json":{"title":"GT3 Superfast V2 - OPLITE","robots":{"index":"index","follow":"follow","max-snippet":"max-snippet:-1","max-image-preview":"max-image-preview:large","max-video-preview":"max-video-preview:-1"},"canonical":"https:\/\/oplitegames.com\/es\/producto\/cockpit-de-simulation-oplite-gt3-superfast\/","og_locale":"es_ES","og_type":"article","og_title":"GT3 Superfast V2 - OPLITE","og_description":"Experto en dise\u00f1o de productos ergon\u00f3micos para los sectores de ofim\u00e1tica y gaming, OPLITE presenta la evoluci\u00f3n definitiva de su GT3 Superfast V2.  El Cockpit GT3 Superfast V2 es un simulador de conducci\u00f3n de tipo GT\/Rally, ideal para una iniciaci\u00f3n al SIMRACING. Dise\u00f1ado en acero E355 con una estructura tubular de 35 mm de di\u00e1metro, es r\u00edgido y elegante.","og_url":"https:\/\/oplitegames.com\/es\/producto\/cockpit-de-simulation-oplite-gt3-superfast\/","og_site_name":"OPLITE","article_modified_time":"2025-12-16T02:02:27+00:00","og_image":[{"width":1000,"height":1000,"url":"https:\/\/oplitegames.com\/wp-content\/uploads\/OP-GT3_1.png","type":"image\/png"}],"twitter_card":"summary_large_image","twitter_misc":{"Price":"369,90&nbsp;&euro;","Availability":"Out of stock"},"schema":{"@context":"https:\/\/schema.org","@graph":[{"@type":["WebPage","ItemPage"],"@id":"https:\/\/oplitegames.com\/es\/producto\/cockpit-de-simulation-oplite-gt3-superfast\/","url":"https:\/\/oplitegames.com\/es\/producto\/cockpit-de-simulation-oplite-gt3-superfast\/","name":"GT3 Superfast V2 - OPLITE","isPartOf":{"@id":"https:\/\/oplitegames.com\/#website"},"primaryImageOfPage":{"@id":"https:\/\/oplitegames.com\/es\/producto\/cockpit-de-simulation-oplite-gt3-superfast\/#primaryimage"},"image":{"@id":"https:\/\/oplitegames.com\/es\/producto\/cockpit-de-simulation-oplite-gt3-superfast\/#primaryimage"},"thumbnailUrl":"https:\/\/oplitegames-preprod.ezratis.fr\/wp-content\/uploads\/OP-GT3_1.png","datePublished":"2023-01-11T05:01:04+00:00","dateModified":"2025-12-16T02:02:27+00:00","breadcrumb":{"@id":"https:\/\/oplitegames.com\/es\/producto\/cockpit-de-simulation-oplite-gt3-superfast\/#breadcrumb"},"inLanguage":"es","potentialAction":[{"@type":"ReadAction","target":["https:\/\/oplitegames.com\/es\/producto\/cockpit-de-simulation-oplite-gt3-superfast\/"]}]},{"@type":"ImageObject","inLanguage":"es","@id":"https:\/\/oplitegames.com\/es\/producto\/cockpit-de-simulation-oplite-gt3-superfast\/#primaryimage","url":"https:\/\/oplitegames-preprod.ezratis.fr\/wp-content\/uploads\/OP-GT3_1.png","contentUrl":"https:\/\/oplitegames-preprod.ezratis.fr\/wp-content\/uploads\/OP-GT3_1.png","width":1000,"height":1000},{"@type":"BreadcrumbList","@id":"https:\/\/oplitegames.com\/es\/producto\/cockpit-de-simulation-oplite-gt3-superfast\/#breadcrumb","itemListElement":[{"@type":"ListItem","position":1,"name":"Home","item":"https:\/\/oplitegames.com\/es\/oplite-gaming\/"},{"@type":"ListItem","position":2,"name":"Comercio","item":"https:\/\/oplitegames.com\/es\/comercio\/"},{"@type":"ListItem","position":3,"name":"GT3 Superfast V2"}]},{"@type":"WebSite","@id":"https:\/\/oplitegames.com\/#website","url":"https:\/\/oplitegames.com\/","name":"OPLITE","description":"","publisher":{"@id":"https:\/\/oplitegames.com\/#organization"},"potentialAction":[{"@type":"SearchAction","target":{"@type":"EntryPoint","urlTemplate":"https:\/\/oplitegames.com\/?s={search_term_string}"},"query-input":{"@type":"PropertyValueSpecification","valueRequired":true,"valueName":"search_term_string"}}],"inLanguage":"es"},{"@type":"Organization","@id":"https:\/\/oplitegames.com\/#organization","name":"OPLITE","url":"https:\/\/oplitegames.com\/","logo":{"@type":"ImageObject","inLanguage":"es","@id":"https:\/\/oplitegames.com\/#\/schema\/logo\/image\/","url":"https:\/\/oplitegames-preprod.ezratis.fr\/wp-content\/uploads\/cropped-cropped-Oplite-Blanc-casse-002-scaled-1.png","contentUrl":"https:\/\/oplitegames-preprod.ezratis.fr\/wp-content\/uploads\/cropped-cropped-Oplite-Blanc-casse-002-scaled-1.png","width":2509,"height":597,"caption":"OPLITE"},"image":{"@id":"https:\/\/oplitegames.com\/#\/schema\/logo\/image\/"}}]},"product_price_amount":"369.90","product_price_currency":"EUR","og_availability":"out of stock","product_availability":"out of stock","product_retailer_item_id":"89700","product_condition":"new"},"_links":{"self":[{"href":"https:\/\/oplitegames-preprod.ezratis.fr\/es\/wp-json\/wp\/v2\/product\/29425","targetHints":{"allow":["GET"]}}],"collection":[{"href":"https:\/\/oplitegames-preprod.ezratis.fr\/es\/wp-json\/wp\/v2\/product"}],"about":[{"href":"https:\/\/oplitegames-preprod.ezratis.fr\/es\/wp-json\/wp\/v2\/types\/product"}],"version-history":[{"count":16,"href":"https:\/\/oplitegames-preprod.ezratis.fr\/es\/wp-json\/wp\/v2\/product\/29425\/revisions"}],"predecessor-version":[{"id":61537,"href":"https:\/\/oplitegames-preprod.ezratis.fr\/es\/wp-json\/wp\/v2\/product\/29425\/revisions\/61537"}],"wp:featuredmedia":[{"embeddable":true,"href":"https:\/\/oplitegames-preprod.ezratis.fr\/es\/wp-json\/wp\/v2\/media\/36721"}],"wp:attachment":[{"href":"https:\/\/oplitegames-preprod.ezratis.fr\/es\/wp-json\/wp\/v2\/media?parent=29425"}],"wp:term":[{"taxonomy":"product_brand","embeddable":true,"href":"https:\/\/oplitegames-preprod.ezratis.fr\/es\/wp-json\/wp\/v2\/product_brand?post=29425"},{"taxonomy":"product_cat","embeddable":true,"href":"https:\/\/oplitegames-preprod.ezratis.fr\/es\/wp-json\/wp\/v2\/product_cat?post=29425"},{"taxonomy":"product_tag","embeddable":true,"href":"https:\/\/oplitegames-preprod.ezratis.fr\/es\/wp-json\/wp\/v2\/product_tag?post=29425"}],"curies":[{"name":"wp","href":"https:\/\/api.w.org\/{rel}","templated":true}]}}