{"id":29457,"date":"2022-11-29T15:18:00","date_gmt":"2022-11-29T14:18:00","guid":{"rendered":"https:\/\/oplitegames.com\/product\/oplite-wheel-stand-gtr\/"},"modified":"2026-01-20T10:42:45","modified_gmt":"2026-01-20T09:42:45","slug":"oplite-wheel-stand-gtr","status":"publish","type":"product","link":"https:\/\/oplitegames-preprod.ezratis.fr\/es\/producto\/oplite-wheel-stand-gtr\/","title":{"rendered":"Soporte de rueda GTR"},"content":{"rendered":"<p>Dise\u00f1o ergon\u00f3mico, robusto y plegable<br \/>\nTubos laterales ajustables en altura &gt; Permite un ajuste preciso a su altura y comodidad de uso<br \/>\nInclinaci\u00f3n ajustable de la placa del volante &gt; Permite ajustar la inclinaci\u00f3n del volante<br \/>\nSoporte de pedal ajustable en \u00e1ngulo y profundidad gracias a los orificios oblongos<br \/>\nSoporte de volante, caja de cambios y pedales pretaladrado<br \/>\n100% Compatible* con volantes, pedales y cajas de cambios Thrustmaster\u00ae, Logitech\u00ae, Fanatec<br \/>\nSoporte de caja de cambios ambidiestro incluido, se puede instalar para usuarios diestros o zurdos<br \/>\nCompatible con la gama de chasis GTR<\/p>\n<p><strong>Descripci\u00f3n t\u00e9cnica<\/strong><\/p>\n<ul>\n<li>Amplitud de inclinaci\u00f3n del plato del volante: -15 a\/0 a\/+15 a<\/li>\n<li>Amplitud de inclinaci\u00f3n de la placa del pedal: 7 o 12 g\/18 g<\/li>\n<li>Capacidad de sustentaci\u00f3n: 30kg<\/li>\n<li>Material: Acero al carbono \u00d8 48mm<\/li>\n<\/ul>\n<p><strong>Accesorios incluidos en la caja:<\/strong><\/p>\n<ul>\n<li>4 almohadillas antideslizantes y regulables que garantizan una perfecta estabilidad;<\/li>\n<li>1 Kit de 2 gu\u00edas cables y 6 Serflex<\/li>\n<li>6 tornillos M6x20+J4+K4<\/li>\n<\/ul>\n<p><small>*<span data-olk-copy-source=\"MessageBody\">Para garantizar una compatibilidad \u00f3ptima con ciertos dispositivos, pueden ser necesarios peque\u00f1os ajustes. Tranquilo: esto no afecta la calidad ni la garant\u00eda de tu producto.<\/span><\/small><\/p>\n<p><img fetchpriority=\"high\" decoding=\"async\" class=\"aligncenter wp-image-29509 size-full\" src=\"https:\/\/oplitegames-preprod.ezratis.fr\/wp-content\/uploads\/Oplite-GTR-Back-Frame-_-OP-GTR-BF_6-1-1.png\" alt=\"\" width=\"1000\" height=\"1000\" srcset=\"https:\/\/oplitegames-preprod.ezratis.fr\/wp-content\/uploads\/Oplite-GTR-Back-Frame-_-OP-GTR-BF_6-1-1.png 1000w, https:\/\/oplitegames-preprod.ezratis.fr\/wp-content\/uploads\/Oplite-GTR-Back-Frame-_-OP-GTR-BF_6-1-1-300x300.png 300w, https:\/\/oplitegames-preprod.ezratis.fr\/wp-content\/uploads\/Oplite-GTR-Back-Frame-_-OP-GTR-BF_6-1-1-150x150.png 150w, https:\/\/oplitegames-preprod.ezratis.fr\/wp-content\/uploads\/Oplite-GTR-Back-Frame-_-OP-GTR-BF_6-1-1-768x768.png 768w, https:\/\/oplitegames-preprod.ezratis.fr\/wp-content\/uploads\/Oplite-GTR-Back-Frame-_-OP-GTR-BF_6-1-1-450x450.png 450w, https:\/\/oplitegames-preprod.ezratis.fr\/wp-content\/uploads\/Oplite-GTR-Back-Frame-_-OP-GTR-BF_6-1-1-120x120.png 120w, https:\/\/oplitegames-preprod.ezratis.fr\/wp-content\/uploads\/Oplite-GTR-Back-Frame-_-OP-GTR-BF_6-1-1-800x800.png 800w, https:\/\/oplitegames-preprod.ezratis.fr\/wp-content\/uploads\/Oplite-GTR-Back-Frame-_-OP-GTR-BF_6-1-1-64x64.png 64w\" sizes=\"(max-width: 1000px) 100vw, 1000px\" \/><\/p>\n","protected":false},"excerpt":{"rendered":"<p>El Wheel Stand GTR es el primer caballete profesional capaz de evolucionar a un cockpit tipo GT\/ Rally.<\/p>\n<p>Su dise\u00f1o tubular permite la evoluci\u00f3n a cockpit gracias al sistema &#8220;Quick connect&#8221; de Oplite y al kit opcional de cubos &#8220;Back Frame GTR S3&#8221;.<\/p>\n<p>Ajustable a cualquier tama\u00f1o, estable, r\u00edgido y plegable, ofrece una experiencia de juego envolvente. Es un producto actualizable que te permite equiparte en 2 pasos.<br \/>\nEl soporte de volante GTR es 100% compatible con volantes y pedales de Thrustmaster\u00ae, Logitech\u00ae, Fanatec\u00ae y otras marcas.<\/p>\n[embed]https:\/\/www.youtube.com\/watch?v=fkTv_JZSYBE[\/embed]\n","protected":false},"featured_media":36716,"template":"","meta":{"_acf_changed":false,"footnotes":""},"product_brand":[],"product_cat":[731,733],"product_tag":[759,775,821,767,823],"class_list":{"0":"post-29457","1":"product","2":"type-product","3":"status-publish","4":"has-post-thumbnail","6":"product_cat-simuladores","7":"product_cat-soportes-de-rueda","8":"product_tag-oplite-gaming-es","9":"product_tag-promo-10-pourcent-plus","10":"product_tag-promo-10-pourcent-plus-es","11":"product_tag-promotions","12":"product_tag-promotions-es","13":"pa_colisage-pcb-1-es","15":"first","16":"outofstock","17":"sale","18":"taxable","19":"shipping-taxable","20":"purchasable","21":"product-type-simple"},"bundled_by":[],"bundle_stock_status":"outofstock","bundle_stock_quantity":0,"bundle_virtual":false,"bundle_layout":"","bundle_add_to_cart_form_location":"","bundle_editable_in_cart":false,"bundle_sold_individually_context":"","bundle_item_grouping":"","bundle_min_size":"","bundle_max_size":"","bundle_price":[],"bundled_items":[],"bundle_sell_ids":[],"acf":[],"yoast_head":"<!-- This site is optimized with the Yoast SEO plugin v27.3 - https:\/\/yoast.com\/product\/yoast-seo-wordpress\/ -->\n<title>Soporte de rueda GTR - OPLITE<\/title>\n<meta name=\"robots\" content=\"index, follow, max-snippet:-1, max-image-preview:large, max-video-preview:-1\" \/>\n<link rel=\"canonical\" href=\"https:\/\/oplitegames.com\/es\/producto\/oplite-wheel-stand-gtr\/\" \/>\n<meta property=\"og:locale\" content=\"es_ES\" \/>\n<meta property=\"og:type\" content=\"article\" \/>\n<meta property=\"og:title\" content=\"Soporte de rueda GTR - OPLITE\" \/>\n<meta property=\"og:description\" content=\"El Wheel Stand GTR es el primer caballete profesional capaz de evolucionar a un cockpit tipo GT\/ Rally.  Su dise\u00f1o tubular permite la evoluci\u00f3n a cockpit gracias al sistema &quot;Quick connect&quot; de Oplite y al kit opcional de cubos &quot;Back Frame GTR S3&quot;.  Ajustable a cualquier tama\u00f1o, estable, r\u00edgido y plegable, ofrece una experiencia de juego envolvente. Es un producto actualizable que te permite equiparte en 2 pasos. El soporte de volante GTR es 100% compatible con volantes y pedales de Thrustmaster\u00ae, Logitech\u00ae, Fanatec\u00ae y otras marcas.\" \/>\n<meta property=\"og:url\" content=\"https:\/\/oplitegames.com\/es\/producto\/oplite-wheel-stand-gtr\/\" \/>\n<meta property=\"og:site_name\" content=\"OPLITE\" \/>\n<meta property=\"article:modified_time\" content=\"2026-01-20T09:42:45+00:00\" \/>\n<meta property=\"og:image\" content=\"https:\/\/oplitegames.com\/wp-content\/uploads\/1-26.png\" \/>\n\t<meta property=\"og:image:width\" content=\"1200\" \/>\n\t<meta property=\"og:image:height\" content=\"1200\" \/>\n\t<meta property=\"og:image:type\" content=\"image\/png\" \/>\n<meta name=\"twitter:card\" content=\"summary_large_image\" \/>\n<meta name=\"twitter:label1\" content=\"Price\" \/>\n\t<meta name=\"twitter:data1\" content=\"159,90&nbsp;&euro;\" \/>\n\t<meta name=\"twitter:label2\" content=\"Availability\" \/>\n\t<meta name=\"twitter:data2\" content=\"Out of stock\" \/>\n<script type=\"application\/ld+json\" class=\"yoast-schema-graph\">{\"@context\":\"https:\\\/\\\/schema.org\",\"@graph\":[{\"@type\":[\"WebPage\",\"ItemPage\"],\"@id\":\"https:\\\/\\\/oplitegames.com\\\/es\\\/producto\\\/oplite-wheel-stand-gtr\\\/\",\"url\":\"https:\\\/\\\/oplitegames.com\\\/es\\\/producto\\\/oplite-wheel-stand-gtr\\\/\",\"name\":\"Soporte de rueda GTR - OPLITE\",\"isPartOf\":{\"@id\":\"https:\\\/\\\/oplitegames.com\\\/#website\"},\"primaryImageOfPage\":{\"@id\":\"https:\\\/\\\/oplitegames.com\\\/es\\\/producto\\\/oplite-wheel-stand-gtr\\\/#primaryimage\"},\"image\":{\"@id\":\"https:\\\/\\\/oplitegames.com\\\/es\\\/producto\\\/oplite-wheel-stand-gtr\\\/#primaryimage\"},\"thumbnailUrl\":\"https:\\\/\\\/oplitegames-preprod.ezratis.fr\\\/wp-content\\\/uploads\\\/1-26.png\",\"datePublished\":\"2022-11-29T14:18:00+00:00\",\"dateModified\":\"2026-01-20T09:42:45+00:00\",\"breadcrumb\":{\"@id\":\"https:\\\/\\\/oplitegames.com\\\/es\\\/producto\\\/oplite-wheel-stand-gtr\\\/#breadcrumb\"},\"inLanguage\":\"es\",\"potentialAction\":[{\"@type\":\"ReadAction\",\"target\":[\"https:\\\/\\\/oplitegames.com\\\/es\\\/producto\\\/oplite-wheel-stand-gtr\\\/\"]}]},{\"@type\":\"ImageObject\",\"inLanguage\":\"es\",\"@id\":\"https:\\\/\\\/oplitegames.com\\\/es\\\/producto\\\/oplite-wheel-stand-gtr\\\/#primaryimage\",\"url\":\"https:\\\/\\\/oplitegames-preprod.ezratis.fr\\\/wp-content\\\/uploads\\\/1-26.png\",\"contentUrl\":\"https:\\\/\\\/oplitegames-preprod.ezratis.fr\\\/wp-content\\\/uploads\\\/1-26.png\",\"width\":1200,\"height\":1200},{\"@type\":\"BreadcrumbList\",\"@id\":\"https:\\\/\\\/oplitegames.com\\\/es\\\/producto\\\/oplite-wheel-stand-gtr\\\/#breadcrumb\",\"itemListElement\":[{\"@type\":\"ListItem\",\"position\":1,\"name\":\"Home\",\"item\":\"https:\\\/\\\/oplitegames.com\\\/es\\\/oplite-gaming\\\/\"},{\"@type\":\"ListItem\",\"position\":2,\"name\":\"Comercio\",\"item\":\"https:\\\/\\\/oplitegames.com\\\/es\\\/comercio\\\/\"},{\"@type\":\"ListItem\",\"position\":3,\"name\":\"Soporte de rueda GTR\"}]},{\"@type\":\"WebSite\",\"@id\":\"https:\\\/\\\/oplitegames.com\\\/#website\",\"url\":\"https:\\\/\\\/oplitegames.com\\\/\",\"name\":\"OPLITE\",\"description\":\"\",\"publisher\":{\"@id\":\"https:\\\/\\\/oplitegames.com\\\/#organization\"},\"potentialAction\":[{\"@type\":\"SearchAction\",\"target\":{\"@type\":\"EntryPoint\",\"urlTemplate\":\"https:\\\/\\\/oplitegames.com\\\/?s={search_term_string}\"},\"query-input\":{\"@type\":\"PropertyValueSpecification\",\"valueRequired\":true,\"valueName\":\"search_term_string\"}}],\"inLanguage\":\"es\"},{\"@type\":\"Organization\",\"@id\":\"https:\\\/\\\/oplitegames.com\\\/#organization\",\"name\":\"OPLITE\",\"url\":\"https:\\\/\\\/oplitegames.com\\\/\",\"logo\":{\"@type\":\"ImageObject\",\"inLanguage\":\"es\",\"@id\":\"https:\\\/\\\/oplitegames.com\\\/#\\\/schema\\\/logo\\\/image\\\/\",\"url\":\"https:\\\/\\\/oplitegames-preprod.ezratis.fr\\\/wp-content\\\/uploads\\\/cropped-cropped-Oplite-Blanc-casse-002-scaled-1.png\",\"contentUrl\":\"https:\\\/\\\/oplitegames-preprod.ezratis.fr\\\/wp-content\\\/uploads\\\/cropped-cropped-Oplite-Blanc-casse-002-scaled-1.png\",\"width\":2509,\"height\":597,\"caption\":\"OPLITE\"},\"image\":{\"@id\":\"https:\\\/\\\/oplitegames.com\\\/#\\\/schema\\\/logo\\\/image\\\/\"}}]}<\/script>\n<meta property=\"product:price:amount\" content=\"159.90\" \/>\n<meta property=\"product:price:currency\" content=\"EUR\" \/>\n<meta property=\"og:availability\" content=\"out of stock\" \/>\n<meta property=\"product:availability\" content=\"out of stock\" \/>\n<meta property=\"product:retailer_item_id\" content=\"92654\" \/>\n<meta property=\"product:condition\" content=\"new\" \/>\n<!-- \/ Yoast SEO plugin. -->","yoast_head_json":{"title":"Soporte de rueda GTR - OPLITE","robots":{"index":"index","follow":"follow","max-snippet":"max-snippet:-1","max-image-preview":"max-image-preview:large","max-video-preview":"max-video-preview:-1"},"canonical":"https:\/\/oplitegames.com\/es\/producto\/oplite-wheel-stand-gtr\/","og_locale":"es_ES","og_type":"article","og_title":"Soporte de rueda GTR - OPLITE","og_description":"El Wheel Stand GTR es el primer caballete profesional capaz de evolucionar a un cockpit tipo GT\/ Rally.  Su dise\u00f1o tubular permite la evoluci\u00f3n a cockpit gracias al sistema \"Quick connect\" de Oplite y al kit opcional de cubos \"Back Frame GTR S3\".  Ajustable a cualquier tama\u00f1o, estable, r\u00edgido y plegable, ofrece una experiencia de juego envolvente. Es un producto actualizable que te permite equiparte en 2 pasos. El soporte de volante GTR es 100% compatible con volantes y pedales de Thrustmaster\u00ae, Logitech\u00ae, Fanatec\u00ae y otras marcas.","og_url":"https:\/\/oplitegames.com\/es\/producto\/oplite-wheel-stand-gtr\/","og_site_name":"OPLITE","article_modified_time":"2026-01-20T09:42:45+00:00","og_image":[{"width":1200,"height":1200,"url":"https:\/\/oplitegames.com\/wp-content\/uploads\/1-26.png","type":"image\/png"}],"twitter_card":"summary_large_image","twitter_misc":{"Price":"159,90&nbsp;&euro;","Availability":"Out of stock"},"schema":{"@context":"https:\/\/schema.org","@graph":[{"@type":["WebPage","ItemPage"],"@id":"https:\/\/oplitegames.com\/es\/producto\/oplite-wheel-stand-gtr\/","url":"https:\/\/oplitegames.com\/es\/producto\/oplite-wheel-stand-gtr\/","name":"Soporte de rueda GTR - OPLITE","isPartOf":{"@id":"https:\/\/oplitegames.com\/#website"},"primaryImageOfPage":{"@id":"https:\/\/oplitegames.com\/es\/producto\/oplite-wheel-stand-gtr\/#primaryimage"},"image":{"@id":"https:\/\/oplitegames.com\/es\/producto\/oplite-wheel-stand-gtr\/#primaryimage"},"thumbnailUrl":"https:\/\/oplitegames-preprod.ezratis.fr\/wp-content\/uploads\/1-26.png","datePublished":"2022-11-29T14:18:00+00:00","dateModified":"2026-01-20T09:42:45+00:00","breadcrumb":{"@id":"https:\/\/oplitegames.com\/es\/producto\/oplite-wheel-stand-gtr\/#breadcrumb"},"inLanguage":"es","potentialAction":[{"@type":"ReadAction","target":["https:\/\/oplitegames.com\/es\/producto\/oplite-wheel-stand-gtr\/"]}]},{"@type":"ImageObject","inLanguage":"es","@id":"https:\/\/oplitegames.com\/es\/producto\/oplite-wheel-stand-gtr\/#primaryimage","url":"https:\/\/oplitegames-preprod.ezratis.fr\/wp-content\/uploads\/1-26.png","contentUrl":"https:\/\/oplitegames-preprod.ezratis.fr\/wp-content\/uploads\/1-26.png","width":1200,"height":1200},{"@type":"BreadcrumbList","@id":"https:\/\/oplitegames.com\/es\/producto\/oplite-wheel-stand-gtr\/#breadcrumb","itemListElement":[{"@type":"ListItem","position":1,"name":"Home","item":"https:\/\/oplitegames.com\/es\/oplite-gaming\/"},{"@type":"ListItem","position":2,"name":"Comercio","item":"https:\/\/oplitegames.com\/es\/comercio\/"},{"@type":"ListItem","position":3,"name":"Soporte de rueda GTR"}]},{"@type":"WebSite","@id":"https:\/\/oplitegames.com\/#website","url":"https:\/\/oplitegames.com\/","name":"OPLITE","description":"","publisher":{"@id":"https:\/\/oplitegames.com\/#organization"},"potentialAction":[{"@type":"SearchAction","target":{"@type":"EntryPoint","urlTemplate":"https:\/\/oplitegames.com\/?s={search_term_string}"},"query-input":{"@type":"PropertyValueSpecification","valueRequired":true,"valueName":"search_term_string"}}],"inLanguage":"es"},{"@type":"Organization","@id":"https:\/\/oplitegames.com\/#organization","name":"OPLITE","url":"https:\/\/oplitegames.com\/","logo":{"@type":"ImageObject","inLanguage":"es","@id":"https:\/\/oplitegames.com\/#\/schema\/logo\/image\/","url":"https:\/\/oplitegames-preprod.ezratis.fr\/wp-content\/uploads\/cropped-cropped-Oplite-Blanc-casse-002-scaled-1.png","contentUrl":"https:\/\/oplitegames-preprod.ezratis.fr\/wp-content\/uploads\/cropped-cropped-Oplite-Blanc-casse-002-scaled-1.png","width":2509,"height":597,"caption":"OPLITE"},"image":{"@id":"https:\/\/oplitegames.com\/#\/schema\/logo\/image\/"}}]},"product_price_amount":"159.90","product_price_currency":"EUR","og_availability":"out of stock","product_availability":"out of stock","product_retailer_item_id":"92654","product_condition":"new"},"_links":{"self":[{"href":"https:\/\/oplitegames-preprod.ezratis.fr\/es\/wp-json\/wp\/v2\/product\/29457","targetHints":{"allow":["GET"]}}],"collection":[{"href":"https:\/\/oplitegames-preprod.ezratis.fr\/es\/wp-json\/wp\/v2\/product"}],"about":[{"href":"https:\/\/oplitegames-preprod.ezratis.fr\/es\/wp-json\/wp\/v2\/types\/product"}],"version-history":[{"count":4,"href":"https:\/\/oplitegames-preprod.ezratis.fr\/es\/wp-json\/wp\/v2\/product\/29457\/revisions"}],"predecessor-version":[{"id":53345,"href":"https:\/\/oplitegames-preprod.ezratis.fr\/es\/wp-json\/wp\/v2\/product\/29457\/revisions\/53345"}],"wp:featuredmedia":[{"embeddable":true,"href":"https:\/\/oplitegames-preprod.ezratis.fr\/es\/wp-json\/wp\/v2\/media\/36716"}],"wp:attachment":[{"href":"https:\/\/oplitegames-preprod.ezratis.fr\/es\/wp-json\/wp\/v2\/media?parent=29457"}],"wp:term":[{"taxonomy":"product_brand","embeddable":true,"href":"https:\/\/oplitegames-preprod.ezratis.fr\/es\/wp-json\/wp\/v2\/product_brand?post=29457"},{"taxonomy":"product_cat","embeddable":true,"href":"https:\/\/oplitegames-preprod.ezratis.fr\/es\/wp-json\/wp\/v2\/product_cat?post=29457"},{"taxonomy":"product_tag","embeddable":true,"href":"https:\/\/oplitegames-preprod.ezratis.fr\/es\/wp-json\/wp\/v2\/product_tag?post=29457"}],"curies":[{"name":"wp","href":"https:\/\/api.w.org\/{rel}","templated":true}]}}