{"id":29479,"date":"2022-10-27T15:03:31","date_gmt":"2022-10-27T13:03:31","guid":{"rendered":"https:\/\/oplitegames.com\/product\/nitrokart-family-pack\/"},"modified":"2025-12-03T12:01:44","modified_gmt":"2025-12-03T11:01:44","slug":"nitrokart-family-pack","status":"publish","type":"product","link":"https:\/\/oplitegames-preprod.ezratis.fr\/es\/producto\/nitrokart-family-pack\/","title":{"rendered":"NitroKart &#8211; Paquete familiar"},"content":{"rendered":"<p>Equipado con un asiento de kart profesional de fondo plano de fibra de vidrio, el NitroKart est\u00e1 dise\u00f1ado para un uso intensivo gracias a materiales de calidad procedentes de la aut\u00e9ntica competici\u00f3n de karting. Ofrece una rigidez ejemplar que permite el uso de un volante Direct Drive y un combo de pedales LoadCell. 100% compatible* con volantes y pedales Thrustmaster\u00ae, Logitech\u00ae, Fanatec\u00ae, MOZA\u00ae y Hori\u00ae, el NitroKart\u00ae acompa\u00f1ar\u00e1 a toda la familia en su aprendizaje de la conducci\u00f3n deportiva, permitiendo utilizar volantes y pedales para pilotos Principiantes, Avanzados y Profesionales.<\/p>\n<p><small>*<span data-olk-copy-source=\"MessageBody\">Para garantizar una compatibilidad \u00f3ptima con ciertos dispositivos, pueden ser necesarios peque\u00f1os ajustes. Tranquilo: esto no afecta la calidad ni la garant\u00eda de tu producto.<\/span><\/small><\/p>\n<hr \/>\n<p style=\"text-align: center;\"><strong>Descripci\u00f3n t\u00e9cnica \/ Inclinaciones Angulares <\/strong><\/p>\n<p>Tubo superficial de \u00d840mm de acero al carbono de 1,5m m del grueso, negro mate<br \/>\nTubo interior de \u00d835mm de acero cromado de 2m m del grueso<br \/>\nMecanismo de extensi\u00f3n telesc\u00f3pica de 1m a 1,580m sin herramientas<br \/>\nAbrazaderas y rodillos de sujeci\u00f3n r\u00e1pidos &#8216;Quick Clamp-Release System&#8217;<br \/>\nSoporte para pedales de 2,5 mm de grosor &#8211; 4 \u00e1ngulos de inclinaci\u00f3n 0 \u03bc\/+10 \u03bc\/+14 \u03bc\/+18 \u03bc. utilizable en posici\u00f3n invertida para pedales Heusinkveld, venym, Simtag.<br \/>\nSoporte para baqueta de 3 mm de grosor con 3 posiciones de inclinaci\u00f3n 0 \u03bc\/+7 \u03bc\/+14 \u03bc<br \/>\nSoporte volante de 2mm de grosor que ofrece 5 posiciones de inclinaci\u00f3n -30 \u00ba\/ -15 \u00ba C\/0 \u00ba\/+15 \u00ba C\/+30 \u00ba C. y ajuste de altura en un rango de 21 cm<br \/>\nEl eje tubular tambi\u00e9n permite un pivote axial (delantero y trasero) para un ajuste preciso de la posici\u00f3n del volante. (Profundidad)<\/p>\n<p><strong>Accesorios suministrados en la caja:<\/strong><\/p>\n<ul>\n<li>8 almohadillas de goma antideslizante que garantizan una perfecta estabilidad<\/li>\n<li>1 zapato de goma dedicado al respaldo del asiento baquet<\/li>\n<li>1 Kit de 4 gu\u00edas de cables<\/li>\n<li>1 kit de tornillos para volante y pedalera M6x20<\/li>\n<li>1 juego de atornilladores para platos y bielas Hori,<\/li>\n<li>8 tornillos M6x20 para fijar volantes y pedales<\/li>\n<\/ul>\n<p><img fetchpriority=\"high\" decoding=\"async\" class=\"aligncenter wp-image-29498 size-full\" src=\"https:\/\/oplitegames-preprod.ezratis.fr\/wp-content\/uploads\/2-11-1.png\" alt=\"\" width=\"1080\" height=\"720\" srcset=\"https:\/\/oplitegames-preprod.ezratis.fr\/wp-content\/uploads\/2-11-1.png 1080w, https:\/\/oplitegames-preprod.ezratis.fr\/wp-content\/uploads\/2-11-1-300x200.png 300w, https:\/\/oplitegames-preprod.ezratis.fr\/wp-content\/uploads\/2-11-1-1024x683.png 1024w, https:\/\/oplitegames-preprod.ezratis.fr\/wp-content\/uploads\/2-11-1-768x512.png 768w, https:\/\/oplitegames-preprod.ezratis.fr\/wp-content\/uploads\/2-11-1-120x80.png 120w, https:\/\/oplitegames-preprod.ezratis.fr\/wp-content\/uploads\/2-11-1-800x533.png 800w, https:\/\/oplitegames-preprod.ezratis.fr\/wp-content\/uploads\/2-11-1-64x43.png 64w\" sizes=\"(max-width: 1080px) 100vw, 1080px\" \/><\/p>\n","protected":false},"excerpt":{"rendered":"<p>El NitroKart es el primer SimRacing Cockpit del mundo para ni\u00f1os y adultos. Puede ajustarse en pocos segundos gracias a su mecanismo de extensi\u00f3n y cierre r\u00e1pido. Es la soluci\u00f3n ideal para la simulaci\u00f3n familiar y deportiva de coches (SimRacing) en videoconsolas y PC. En su versi\u00f3n &#8220;Family Pack&#8221;, el NitroKart se suministra con un reductor de asiento, tambi\u00e9n conocido como &#8220;Overbrace&#8221;. Fabricado en elast\u00f3mero de alta densidad (caucho), el reductor permite un ajuste adaptado a las peque\u00f1as tallas corporales. Gracias al reductor, el ni\u00f1o tiene un \u00e1ngulo de visi\u00f3n adaptado a su talla y puede disfrutar de una experiencia de juego \u00f3ptima.<\/p>\n[embed]https:\/\/www.youtube.com\/watch?v=NawNq8mHG0M[\/embed]\n","protected":false},"featured_media":36557,"template":"","meta":{"_acf_changed":false,"footnotes":""},"product_brand":[],"product_cat":[737,731],"product_tag":[759],"class_list":{"0":"post-29479","1":"product","2":"type-product","3":"status-publish","4":"has-post-thumbnail","6":"product_cat-cabina-nitrokart","7":"product_cat-simuladores","8":"product_tag-oplite-gaming-es","9":"pa_colisage-pcb-1-es","11":"first","12":"outofstock","13":"taxable","14":"shipping-taxable","15":"purchasable","16":"product-type-simple"},"bundled_by":[],"bundle_stock_status":"outofstock","bundle_stock_quantity":0,"bundle_virtual":false,"bundle_layout":"","bundle_add_to_cart_form_location":"","bundle_editable_in_cart":false,"bundle_sold_individually_context":"","bundle_item_grouping":"","bundle_min_size":"","bundle_max_size":"","bundle_price":[],"bundled_items":[],"bundle_sell_ids":[],"acf":[],"yoast_head":"<!-- This site is optimized with the Yoast SEO plugin v27.3 - https:\/\/yoast.com\/product\/yoast-seo-wordpress\/ -->\n<title>NitroKart - Paquete familiar - OPLITE<\/title>\n<meta name=\"robots\" content=\"index, follow, max-snippet:-1, max-image-preview:large, max-video-preview:-1\" \/>\n<link rel=\"canonical\" href=\"https:\/\/oplitegames.com\/es\/producto\/nitrokart-family-pack\/\" \/>\n<meta property=\"og:locale\" content=\"es_ES\" \/>\n<meta property=\"og:type\" content=\"article\" \/>\n<meta property=\"og:title\" content=\"NitroKart - Paquete familiar - OPLITE\" \/>\n<meta property=\"og:description\" content=\"El NitroKart es el primer SimRacing Cockpit del mundo para ni\u00f1os y adultos. Puede ajustarse en pocos segundos gracias a su mecanismo de extensi\u00f3n y cierre r\u00e1pido. Es la soluci\u00f3n ideal para la simulaci\u00f3n familiar y deportiva de coches (SimRacing) en videoconsolas y PC. En su versi\u00f3n &quot;Family Pack&quot;, el NitroKart se suministra con un reductor de asiento, tambi\u00e9n conocido como &quot;Overbrace&quot;. Fabricado en elast\u00f3mero de alta densidad (caucho), el reductor permite un ajuste adaptado a las peque\u00f1as tallas corporales. Gracias al reductor, el ni\u00f1o tiene un \u00e1ngulo de visi\u00f3n adaptado a su talla y puede disfrutar de una experiencia de juego \u00f3ptima.\" \/>\n<meta property=\"og:url\" content=\"https:\/\/oplitegames.com\/es\/producto\/nitrokart-family-pack\/\" \/>\n<meta property=\"og:site_name\" content=\"OPLITE\" \/>\n<meta property=\"article:modified_time\" content=\"2025-12-03T11:01:44+00:00\" \/>\n<meta property=\"og:image\" content=\"https:\/\/oplitegames.com\/wp-content\/uploads\/Nitrokart_Family-Pack_OP-NK77-FP_Picture_1-1-e1671725142658-copie.png\" \/>\n\t<meta property=\"og:image:width\" content=\"1000\" \/>\n\t<meta property=\"og:image:height\" content=\"1000\" \/>\n\t<meta property=\"og:image:type\" content=\"image\/png\" \/>\n<meta name=\"twitter:card\" content=\"summary_large_image\" \/>\n<meta name=\"twitter:label1\" content=\"Price\" \/>\n\t<meta name=\"twitter:data1\" content=\"199,90&nbsp;&euro;\" \/>\n\t<meta name=\"twitter:label2\" content=\"Availability\" \/>\n\t<meta name=\"twitter:data2\" content=\"Out of stock\" \/>\n<script type=\"application\/ld+json\" class=\"yoast-schema-graph\">{\"@context\":\"https:\\\/\\\/schema.org\",\"@graph\":[{\"@type\":[\"WebPage\",\"ItemPage\"],\"@id\":\"https:\\\/\\\/oplitegames.com\\\/es\\\/producto\\\/nitrokart-family-pack\\\/\",\"url\":\"https:\\\/\\\/oplitegames.com\\\/es\\\/producto\\\/nitrokart-family-pack\\\/\",\"name\":\"NitroKart - Paquete familiar - OPLITE\",\"isPartOf\":{\"@id\":\"https:\\\/\\\/oplitegames.com\\\/#website\"},\"primaryImageOfPage\":{\"@id\":\"https:\\\/\\\/oplitegames.com\\\/es\\\/producto\\\/nitrokart-family-pack\\\/#primaryimage\"},\"image\":{\"@id\":\"https:\\\/\\\/oplitegames.com\\\/es\\\/producto\\\/nitrokart-family-pack\\\/#primaryimage\"},\"thumbnailUrl\":\"https:\\\/\\\/oplitegames-preprod.ezratis.fr\\\/wp-content\\\/uploads\\\/Nitrokart_Family-Pack_OP-NK77-FP_Picture_1-1-e1671725142658-copie.png\",\"datePublished\":\"2022-10-27T13:03:31+00:00\",\"dateModified\":\"2025-12-03T11:01:44+00:00\",\"breadcrumb\":{\"@id\":\"https:\\\/\\\/oplitegames.com\\\/es\\\/producto\\\/nitrokart-family-pack\\\/#breadcrumb\"},\"inLanguage\":\"es\",\"potentialAction\":[{\"@type\":\"ReadAction\",\"target\":[\"https:\\\/\\\/oplitegames.com\\\/es\\\/producto\\\/nitrokart-family-pack\\\/\"]}]},{\"@type\":\"ImageObject\",\"inLanguage\":\"es\",\"@id\":\"https:\\\/\\\/oplitegames.com\\\/es\\\/producto\\\/nitrokart-family-pack\\\/#primaryimage\",\"url\":\"https:\\\/\\\/oplitegames-preprod.ezratis.fr\\\/wp-content\\\/uploads\\\/Nitrokart_Family-Pack_OP-NK77-FP_Picture_1-1-e1671725142658-copie.png\",\"contentUrl\":\"https:\\\/\\\/oplitegames-preprod.ezratis.fr\\\/wp-content\\\/uploads\\\/Nitrokart_Family-Pack_OP-NK77-FP_Picture_1-1-e1671725142658-copie.png\",\"width\":1000,\"height\":1000},{\"@type\":\"BreadcrumbList\",\"@id\":\"https:\\\/\\\/oplitegames.com\\\/es\\\/producto\\\/nitrokart-family-pack\\\/#breadcrumb\",\"itemListElement\":[{\"@type\":\"ListItem\",\"position\":1,\"name\":\"Home\",\"item\":\"https:\\\/\\\/oplitegames.com\\\/es\\\/oplite-gaming\\\/\"},{\"@type\":\"ListItem\",\"position\":2,\"name\":\"Comercio\",\"item\":\"https:\\\/\\\/oplitegames.com\\\/es\\\/comercio\\\/\"},{\"@type\":\"ListItem\",\"position\":3,\"name\":\"NitroKart &#8211; Paquete familiar\"}]},{\"@type\":\"WebSite\",\"@id\":\"https:\\\/\\\/oplitegames.com\\\/#website\",\"url\":\"https:\\\/\\\/oplitegames.com\\\/\",\"name\":\"OPLITE\",\"description\":\"\",\"publisher\":{\"@id\":\"https:\\\/\\\/oplitegames.com\\\/#organization\"},\"potentialAction\":[{\"@type\":\"SearchAction\",\"target\":{\"@type\":\"EntryPoint\",\"urlTemplate\":\"https:\\\/\\\/oplitegames.com\\\/?s={search_term_string}\"},\"query-input\":{\"@type\":\"PropertyValueSpecification\",\"valueRequired\":true,\"valueName\":\"search_term_string\"}}],\"inLanguage\":\"es\"},{\"@type\":\"Organization\",\"@id\":\"https:\\\/\\\/oplitegames.com\\\/#organization\",\"name\":\"OPLITE\",\"url\":\"https:\\\/\\\/oplitegames.com\\\/\",\"logo\":{\"@type\":\"ImageObject\",\"inLanguage\":\"es\",\"@id\":\"https:\\\/\\\/oplitegames.com\\\/#\\\/schema\\\/logo\\\/image\\\/\",\"url\":\"https:\\\/\\\/oplitegames-preprod.ezratis.fr\\\/wp-content\\\/uploads\\\/cropped-cropped-Oplite-Blanc-casse-002-scaled-1.png\",\"contentUrl\":\"https:\\\/\\\/oplitegames-preprod.ezratis.fr\\\/wp-content\\\/uploads\\\/cropped-cropped-Oplite-Blanc-casse-002-scaled-1.png\",\"width\":2509,\"height\":597,\"caption\":\"OPLITE\"},\"image\":{\"@id\":\"https:\\\/\\\/oplitegames.com\\\/#\\\/schema\\\/logo\\\/image\\\/\"}}]}<\/script>\n<meta property=\"product:price:amount\" content=\"199.90\" \/>\n<meta property=\"product:price:currency\" content=\"EUR\" \/>\n<meta property=\"og:availability\" content=\"out of stock\" \/>\n<meta property=\"product:availability\" content=\"out of stock\" \/>\n<meta property=\"product:retailer_item_id\" content=\"93543\" \/>\n<meta property=\"product:condition\" content=\"new\" \/>\n<!-- \/ Yoast SEO plugin. -->","yoast_head_json":{"title":"NitroKart - Paquete familiar - OPLITE","robots":{"index":"index","follow":"follow","max-snippet":"max-snippet:-1","max-image-preview":"max-image-preview:large","max-video-preview":"max-video-preview:-1"},"canonical":"https:\/\/oplitegames.com\/es\/producto\/nitrokart-family-pack\/","og_locale":"es_ES","og_type":"article","og_title":"NitroKart - Paquete familiar - OPLITE","og_description":"El NitroKart es el primer SimRacing Cockpit del mundo para ni\u00f1os y adultos. Puede ajustarse en pocos segundos gracias a su mecanismo de extensi\u00f3n y cierre r\u00e1pido. Es la soluci\u00f3n ideal para la simulaci\u00f3n familiar y deportiva de coches (SimRacing) en videoconsolas y PC. En su versi\u00f3n \"Family Pack\", el NitroKart se suministra con un reductor de asiento, tambi\u00e9n conocido como \"Overbrace\". Fabricado en elast\u00f3mero de alta densidad (caucho), el reductor permite un ajuste adaptado a las peque\u00f1as tallas corporales. Gracias al reductor, el ni\u00f1o tiene un \u00e1ngulo de visi\u00f3n adaptado a su talla y puede disfrutar de una experiencia de juego \u00f3ptima.","og_url":"https:\/\/oplitegames.com\/es\/producto\/nitrokart-family-pack\/","og_site_name":"OPLITE","article_modified_time":"2025-12-03T11:01:44+00:00","og_image":[{"width":1000,"height":1000,"url":"https:\/\/oplitegames.com\/wp-content\/uploads\/Nitrokart_Family-Pack_OP-NK77-FP_Picture_1-1-e1671725142658-copie.png","type":"image\/png"}],"twitter_card":"summary_large_image","twitter_misc":{"Price":"199,90&nbsp;&euro;","Availability":"Out of stock"},"schema":{"@context":"https:\/\/schema.org","@graph":[{"@type":["WebPage","ItemPage"],"@id":"https:\/\/oplitegames.com\/es\/producto\/nitrokart-family-pack\/","url":"https:\/\/oplitegames.com\/es\/producto\/nitrokart-family-pack\/","name":"NitroKart - Paquete familiar - OPLITE","isPartOf":{"@id":"https:\/\/oplitegames.com\/#website"},"primaryImageOfPage":{"@id":"https:\/\/oplitegames.com\/es\/producto\/nitrokart-family-pack\/#primaryimage"},"image":{"@id":"https:\/\/oplitegames.com\/es\/producto\/nitrokart-family-pack\/#primaryimage"},"thumbnailUrl":"https:\/\/oplitegames-preprod.ezratis.fr\/wp-content\/uploads\/Nitrokart_Family-Pack_OP-NK77-FP_Picture_1-1-e1671725142658-copie.png","datePublished":"2022-10-27T13:03:31+00:00","dateModified":"2025-12-03T11:01:44+00:00","breadcrumb":{"@id":"https:\/\/oplitegames.com\/es\/producto\/nitrokart-family-pack\/#breadcrumb"},"inLanguage":"es","potentialAction":[{"@type":"ReadAction","target":["https:\/\/oplitegames.com\/es\/producto\/nitrokart-family-pack\/"]}]},{"@type":"ImageObject","inLanguage":"es","@id":"https:\/\/oplitegames.com\/es\/producto\/nitrokart-family-pack\/#primaryimage","url":"https:\/\/oplitegames-preprod.ezratis.fr\/wp-content\/uploads\/Nitrokart_Family-Pack_OP-NK77-FP_Picture_1-1-e1671725142658-copie.png","contentUrl":"https:\/\/oplitegames-preprod.ezratis.fr\/wp-content\/uploads\/Nitrokart_Family-Pack_OP-NK77-FP_Picture_1-1-e1671725142658-copie.png","width":1000,"height":1000},{"@type":"BreadcrumbList","@id":"https:\/\/oplitegames.com\/es\/producto\/nitrokart-family-pack\/#breadcrumb","itemListElement":[{"@type":"ListItem","position":1,"name":"Home","item":"https:\/\/oplitegames.com\/es\/oplite-gaming\/"},{"@type":"ListItem","position":2,"name":"Comercio","item":"https:\/\/oplitegames.com\/es\/comercio\/"},{"@type":"ListItem","position":3,"name":"NitroKart &#8211; Paquete familiar"}]},{"@type":"WebSite","@id":"https:\/\/oplitegames.com\/#website","url":"https:\/\/oplitegames.com\/","name":"OPLITE","description":"","publisher":{"@id":"https:\/\/oplitegames.com\/#organization"},"potentialAction":[{"@type":"SearchAction","target":{"@type":"EntryPoint","urlTemplate":"https:\/\/oplitegames.com\/?s={search_term_string}"},"query-input":{"@type":"PropertyValueSpecification","valueRequired":true,"valueName":"search_term_string"}}],"inLanguage":"es"},{"@type":"Organization","@id":"https:\/\/oplitegames.com\/#organization","name":"OPLITE","url":"https:\/\/oplitegames.com\/","logo":{"@type":"ImageObject","inLanguage":"es","@id":"https:\/\/oplitegames.com\/#\/schema\/logo\/image\/","url":"https:\/\/oplitegames-preprod.ezratis.fr\/wp-content\/uploads\/cropped-cropped-Oplite-Blanc-casse-002-scaled-1.png","contentUrl":"https:\/\/oplitegames-preprod.ezratis.fr\/wp-content\/uploads\/cropped-cropped-Oplite-Blanc-casse-002-scaled-1.png","width":2509,"height":597,"caption":"OPLITE"},"image":{"@id":"https:\/\/oplitegames.com\/#\/schema\/logo\/image\/"}}]},"product_price_amount":"199.90","product_price_currency":"EUR","og_availability":"out of stock","product_availability":"out of stock","product_retailer_item_id":"93543","product_condition":"new"},"_links":{"self":[{"href":"https:\/\/oplitegames-preprod.ezratis.fr\/es\/wp-json\/wp\/v2\/product\/29479","targetHints":{"allow":["GET"]}}],"collection":[{"href":"https:\/\/oplitegames-preprod.ezratis.fr\/es\/wp-json\/wp\/v2\/product"}],"about":[{"href":"https:\/\/oplitegames-preprod.ezratis.fr\/es\/wp-json\/wp\/v2\/types\/product"}],"version-history":[{"count":4,"href":"https:\/\/oplitegames-preprod.ezratis.fr\/es\/wp-json\/wp\/v2\/product\/29479\/revisions"}],"predecessor-version":[{"id":53351,"href":"https:\/\/oplitegames-preprod.ezratis.fr\/es\/wp-json\/wp\/v2\/product\/29479\/revisions\/53351"}],"wp:featuredmedia":[{"embeddable":true,"href":"https:\/\/oplitegames-preprod.ezratis.fr\/es\/wp-json\/wp\/v2\/media\/36557"}],"wp:attachment":[{"href":"https:\/\/oplitegames-preprod.ezratis.fr\/es\/wp-json\/wp\/v2\/media?parent=29479"}],"wp:term":[{"taxonomy":"product_brand","embeddable":true,"href":"https:\/\/oplitegames-preprod.ezratis.fr\/es\/wp-json\/wp\/v2\/product_brand?post=29479"},{"taxonomy":"product_cat","embeddable":true,"href":"https:\/\/oplitegames-preprod.ezratis.fr\/es\/wp-json\/wp\/v2\/product_cat?post=29479"},{"taxonomy":"product_tag","embeddable":true,"href":"https:\/\/oplitegames-preprod.ezratis.fr\/es\/wp-json\/wp\/v2\/product_tag?post=29479"}],"curies":[{"name":"wp","href":"https:\/\/api.w.org\/{rel}","templated":true}]}}