{"id":29482,"date":"2022-10-27T15:03:32","date_gmt":"2022-10-27T13:03:32","guid":{"rendered":"https:\/\/oplitegames.com\/product\/nitrokart-chassis\/"},"modified":"2025-12-14T14:56:05","modified_gmt":"2025-12-14T13:56:05","slug":"nitrokart-chassis","status":"publish","type":"product","link":"https:\/\/oplitegames-preprod.ezratis.fr\/es\/producto\/nitrokart-chassis\/","title":{"rendered":"NitroKart &#8211; Chasis"},"content":{"rendered":"<p>El chasis del NitroKart est\u00e1 dise\u00f1ado para un uso intensivo gracias a materiales de calidad procedentes de la aut\u00e9ntica competici\u00f3n de karting. Ofrece una rigidez ejemplar que permite el uso de un combo de volante Direct Drive y pedal LoadCell.<\/p>\n<p>100% compatible con volantes y pedales Thrustmaster\u00ae, Logitech\u00ae, Fanatec\u00ae y Hori\u00ae, el NitroKart\u00ae acompa\u00f1ar\u00e1 a toda la familia en su aprendizaje de la conducci\u00f3n deportiva permitiendo el uso de volantes y pedales para pilotos Principiantes, Avanzados y Profesionales.<\/p>\n<p>&nbsp;<\/p>\n<p>&nbsp;<\/p>\n<hr \/>\n<p style=\"text-align: center;\"><strong>Descripci\u00f3n t\u00e9cnica\/ Angles inclinaciones<\/strong><\/p>\n<p>Tubo superficial de \u00d840mm de acero al carbono de 1,5m m del grueso, negro mate<br \/>\nTubo interior de \u00d835mm de acero cromado de 2m m del grueso<br \/>\nMecanismo de extensi\u00f3n telesc\u00f3pica de 1m a 1,580m sin herramientas<br \/>\nAbrazaderas y rodillos de sujeci\u00f3n r\u00e1pidos &#8216;Quick Clamp-Release System&#8217;<br \/>\nSoporte para pedales de 2,5 mm de grosor &#8211; 4 \u00e1ngulos de inclinaci\u00f3n 0 \u03bc\/+10 \u03bc\/+14 \u03bc\/+18 \u03bc. utilizable en posici\u00f3n invertida para los platos y bielas Heusinkveld, Venym, Simtag.<br \/>\nSoporte de cubeta de 3mm de espesor que ofrece 3 posiciones de inclinaci\u00f3n 0 \u03bc\/+7 \u03bc\/+14 \u03bc<br \/>\nSoporte volante de 2mm de grosor que ofrece 5 posiciones de inclinaci\u00f3n -30 \u00ba\/ -15 \u00ba C\/0 \u00ba\/+15 \u00ba C\/+30 \u00ba C. y ajuste de altura en un rango de 21 cm<br \/>\nEl eje tubular tambi\u00e9n permite un pivote axial (delantero y trasero) para un ajuste preciso de la posici\u00f3n del volante. (Profundidad)<\/p>\n<p><strong>Accesorios suministrados en la caja:<\/strong><\/p>\n<ul>\n<li>8 almohadillas de goma antideslizante que garantizan una perfecta estabilidad<\/li>\n<li>1 zapato de goma dedicado al respaldo del asiento baquet<\/li>\n<li>1 Kit de 4 gu\u00edas de cables<\/li>\n<li>1 kit de tornillos para volante y pedalera M6x20<\/li>\n<li>1 juego de atornilladores para platos y bielas Hori,<\/li>\n<li>8 tornillos M6x20 para fijar volantes y pedales<\/li>\n<\/ul>\n<p><img fetchpriority=\"high\" decoding=\"async\" class=\"aligncenter wp-image-29606 size-full\" src=\"https:\/\/oplitegames-preprod.ezratis.fr\/wp-content\/uploads\/3-6-1-1.png\" alt=\"\" width=\"1080\" height=\"720\" srcset=\"https:\/\/oplitegames-preprod.ezratis.fr\/wp-content\/uploads\/3-6-1-1.png 1080w, https:\/\/oplitegames-preprod.ezratis.fr\/wp-content\/uploads\/3-6-1-1-300x200.png 300w, https:\/\/oplitegames-preprod.ezratis.fr\/wp-content\/uploads\/3-6-1-1-1024x683.png 1024w, https:\/\/oplitegames-preprod.ezratis.fr\/wp-content\/uploads\/3-6-1-1-768x512.png 768w, https:\/\/oplitegames-preprod.ezratis.fr\/wp-content\/uploads\/3-6-1-1-120x80.png 120w, https:\/\/oplitegames-preprod.ezratis.fr\/wp-content\/uploads\/3-6-1-1-800x533.png 800w, https:\/\/oplitegames-preprod.ezratis.fr\/wp-content\/uploads\/3-6-1-1-64x43.png 64w\" sizes=\"(max-width: 1080px) 100vw, 1080px\" \/><\/p>\n","protected":false},"excerpt":{"rendered":"<p>NitroKart &#8211; un chasis revolucionario de Simracing, el NitroKart permite asientos de kart de fondo plano de competici\u00f3n de karting. El NitroKart es el primer Cockpit SimRacing del mundo para ni\u00f1os y adultos. Puede ajustarse en cuesti\u00f3n de segundos gracias a su mecanismo de extensi\u00f3n y liberaci\u00f3n r\u00e1pida. Es la soluci\u00f3n ideal para la simulaci\u00f3n familiar y deportiva de coches (SimRacing) en videoconsolas y PC.<\/p>\n[embed]https:\/\/www.youtube.com\/watch?v=NawNq8mHG0M[\/embed]\n","protected":false},"featured_media":36567,"template":"","meta":{"_acf_changed":false,"footnotes":""},"product_brand":[],"product_cat":[737,731],"product_tag":[759],"class_list":{"0":"post-29482","1":"product","2":"type-product","3":"status-publish","4":"has-post-thumbnail","6":"product_cat-cabina-nitrokart","7":"product_cat-simuladores","8":"product_tag-oplite-gaming-es","9":"pa_colisage-pcb-1-es","11":"first","12":"outofstock","13":"taxable","14":"shipping-taxable","15":"purchasable","16":"product-type-simple"},"bundled_by":[],"bundle_stock_status":"outofstock","bundle_stock_quantity":0,"bundle_virtual":false,"bundle_layout":"","bundle_add_to_cart_form_location":"","bundle_editable_in_cart":false,"bundle_sold_individually_context":"","bundle_item_grouping":"","bundle_min_size":"","bundle_max_size":"","bundle_price":[],"bundled_items":[],"bundle_sell_ids":[],"acf":[],"yoast_head":"<!-- This site is optimized with the Yoast SEO plugin v27.3 - https:\/\/yoast.com\/product\/yoast-seo-wordpress\/ -->\n<title>NitroKart - Chasis - OPLITE<\/title>\n<meta name=\"robots\" content=\"index, follow, max-snippet:-1, max-image-preview:large, max-video-preview:-1\" \/>\n<link rel=\"canonical\" href=\"https:\/\/oplitegames.com\/es\/producto\/nitrokart-chassis\/\" \/>\n<meta property=\"og:locale\" content=\"es_ES\" \/>\n<meta property=\"og:type\" content=\"article\" \/>\n<meta property=\"og:title\" content=\"NitroKart - Chasis - OPLITE\" \/>\n<meta property=\"og:description\" content=\"NitroKart - un chasis revolucionario de Simracing, el NitroKart permite asientos de kart de fondo plano de competici\u00f3n de karting. El NitroKart es el primer Cockpit SimRacing del mundo para ni\u00f1os y adultos. Puede ajustarse en cuesti\u00f3n de segundos gracias a su mecanismo de extensi\u00f3n y liberaci\u00f3n r\u00e1pida. Es la soluci\u00f3n ideal para la simulaci\u00f3n familiar y deportiva de coches (SimRacing) en videoconsolas y PC.\" \/>\n<meta property=\"og:url\" content=\"https:\/\/oplitegames.com\/es\/producto\/nitrokart-chassis\/\" \/>\n<meta property=\"og:site_name\" content=\"OPLITE\" \/>\n<meta property=\"article:modified_time\" content=\"2025-12-14T13:56:05+00:00\" \/>\n<meta property=\"og:image\" content=\"https:\/\/oplitegames.com\/wp-content\/uploads\/NitroKart-Chassis-OP-NK77-CH-CHASSIS-SEUL_Picture_1-2-1-copie.png\" \/>\n\t<meta property=\"og:image:width\" content=\"1000\" \/>\n\t<meta property=\"og:image:height\" content=\"1000\" \/>\n\t<meta property=\"og:image:type\" content=\"image\/png\" \/>\n<meta name=\"twitter:card\" content=\"summary_large_image\" \/>\n<meta name=\"twitter:label1\" content=\"Price\" \/>\n\t<meta name=\"twitter:data1\" content=\"99,90&nbsp;&euro;\" \/>\n\t<meta name=\"twitter:label2\" content=\"Availability\" \/>\n\t<meta name=\"twitter:data2\" content=\"Out of stock\" \/>\n<script type=\"application\/ld+json\" class=\"yoast-schema-graph\">{\"@context\":\"https:\\\/\\\/schema.org\",\"@graph\":[{\"@type\":[\"WebPage\",\"ItemPage\"],\"@id\":\"https:\\\/\\\/oplitegames.com\\\/es\\\/producto\\\/nitrokart-chassis\\\/\",\"url\":\"https:\\\/\\\/oplitegames.com\\\/es\\\/producto\\\/nitrokart-chassis\\\/\",\"name\":\"NitroKart - Chasis - OPLITE\",\"isPartOf\":{\"@id\":\"https:\\\/\\\/oplitegames.com\\\/#website\"},\"primaryImageOfPage\":{\"@id\":\"https:\\\/\\\/oplitegames.com\\\/es\\\/producto\\\/nitrokart-chassis\\\/#primaryimage\"},\"image\":{\"@id\":\"https:\\\/\\\/oplitegames.com\\\/es\\\/producto\\\/nitrokart-chassis\\\/#primaryimage\"},\"thumbnailUrl\":\"https:\\\/\\\/oplitegames-preprod.ezratis.fr\\\/wp-content\\\/uploads\\\/NitroKart-Chassis-OP-NK77-CH-CHASSIS-SEUL_Picture_1-2-1-copie.png\",\"datePublished\":\"2022-10-27T13:03:32+00:00\",\"dateModified\":\"2025-12-14T13:56:05+00:00\",\"breadcrumb\":{\"@id\":\"https:\\\/\\\/oplitegames.com\\\/es\\\/producto\\\/nitrokart-chassis\\\/#breadcrumb\"},\"inLanguage\":\"es\",\"potentialAction\":[{\"@type\":\"ReadAction\",\"target\":[\"https:\\\/\\\/oplitegames.com\\\/es\\\/producto\\\/nitrokart-chassis\\\/\"]}]},{\"@type\":\"ImageObject\",\"inLanguage\":\"es\",\"@id\":\"https:\\\/\\\/oplitegames.com\\\/es\\\/producto\\\/nitrokart-chassis\\\/#primaryimage\",\"url\":\"https:\\\/\\\/oplitegames-preprod.ezratis.fr\\\/wp-content\\\/uploads\\\/NitroKart-Chassis-OP-NK77-CH-CHASSIS-SEUL_Picture_1-2-1-copie.png\",\"contentUrl\":\"https:\\\/\\\/oplitegames-preprod.ezratis.fr\\\/wp-content\\\/uploads\\\/NitroKart-Chassis-OP-NK77-CH-CHASSIS-SEUL_Picture_1-2-1-copie.png\",\"width\":1000,\"height\":1000},{\"@type\":\"BreadcrumbList\",\"@id\":\"https:\\\/\\\/oplitegames.com\\\/es\\\/producto\\\/nitrokart-chassis\\\/#breadcrumb\",\"itemListElement\":[{\"@type\":\"ListItem\",\"position\":1,\"name\":\"Home\",\"item\":\"https:\\\/\\\/oplitegames.com\\\/es\\\/oplite-gaming\\\/\"},{\"@type\":\"ListItem\",\"position\":2,\"name\":\"Comercio\",\"item\":\"https:\\\/\\\/oplitegames.com\\\/es\\\/comercio\\\/\"},{\"@type\":\"ListItem\",\"position\":3,\"name\":\"NitroKart &#8211; Chasis\"}]},{\"@type\":\"WebSite\",\"@id\":\"https:\\\/\\\/oplitegames.com\\\/#website\",\"url\":\"https:\\\/\\\/oplitegames.com\\\/\",\"name\":\"OPLITE\",\"description\":\"\",\"publisher\":{\"@id\":\"https:\\\/\\\/oplitegames.com\\\/#organization\"},\"potentialAction\":[{\"@type\":\"SearchAction\",\"target\":{\"@type\":\"EntryPoint\",\"urlTemplate\":\"https:\\\/\\\/oplitegames.com\\\/?s={search_term_string}\"},\"query-input\":{\"@type\":\"PropertyValueSpecification\",\"valueRequired\":true,\"valueName\":\"search_term_string\"}}],\"inLanguage\":\"es\"},{\"@type\":\"Organization\",\"@id\":\"https:\\\/\\\/oplitegames.com\\\/#organization\",\"name\":\"OPLITE\",\"url\":\"https:\\\/\\\/oplitegames.com\\\/\",\"logo\":{\"@type\":\"ImageObject\",\"inLanguage\":\"es\",\"@id\":\"https:\\\/\\\/oplitegames.com\\\/#\\\/schema\\\/logo\\\/image\\\/\",\"url\":\"https:\\\/\\\/oplitegames-preprod.ezratis.fr\\\/wp-content\\\/uploads\\\/cropped-cropped-Oplite-Blanc-casse-002-scaled-1.png\",\"contentUrl\":\"https:\\\/\\\/oplitegames-preprod.ezratis.fr\\\/wp-content\\\/uploads\\\/cropped-cropped-Oplite-Blanc-casse-002-scaled-1.png\",\"width\":2509,\"height\":597,\"caption\":\"OPLITE\"},\"image\":{\"@id\":\"https:\\\/\\\/oplitegames.com\\\/#\\\/schema\\\/logo\\\/image\\\/\"}}]}<\/script>\n<meta property=\"product:price:amount\" content=\"99.90\" \/>\n<meta property=\"product:price:currency\" content=\"EUR\" \/>\n<meta property=\"og:availability\" content=\"out of stock\" \/>\n<meta property=\"product:availability\" content=\"out of stock\" \/>\n<meta property=\"product:retailer_item_id\" content=\"93544\" \/>\n<meta property=\"product:condition\" content=\"new\" \/>\n<!-- \/ Yoast SEO plugin. -->","yoast_head_json":{"title":"NitroKart - Chasis - OPLITE","robots":{"index":"index","follow":"follow","max-snippet":"max-snippet:-1","max-image-preview":"max-image-preview:large","max-video-preview":"max-video-preview:-1"},"canonical":"https:\/\/oplitegames.com\/es\/producto\/nitrokart-chassis\/","og_locale":"es_ES","og_type":"article","og_title":"NitroKart - Chasis - OPLITE","og_description":"NitroKart - un chasis revolucionario de Simracing, el NitroKart permite asientos de kart de fondo plano de competici\u00f3n de karting. El NitroKart es el primer Cockpit SimRacing del mundo para ni\u00f1os y adultos. Puede ajustarse en cuesti\u00f3n de segundos gracias a su mecanismo de extensi\u00f3n y liberaci\u00f3n r\u00e1pida. Es la soluci\u00f3n ideal para la simulaci\u00f3n familiar y deportiva de coches (SimRacing) en videoconsolas y PC.","og_url":"https:\/\/oplitegames.com\/es\/producto\/nitrokart-chassis\/","og_site_name":"OPLITE","article_modified_time":"2025-12-14T13:56:05+00:00","og_image":[{"width":1000,"height":1000,"url":"https:\/\/oplitegames.com\/wp-content\/uploads\/NitroKart-Chassis-OP-NK77-CH-CHASSIS-SEUL_Picture_1-2-1-copie.png","type":"image\/png"}],"twitter_card":"summary_large_image","twitter_misc":{"Price":"99,90&nbsp;&euro;","Availability":"Out of stock"},"schema":{"@context":"https:\/\/schema.org","@graph":[{"@type":["WebPage","ItemPage"],"@id":"https:\/\/oplitegames.com\/es\/producto\/nitrokart-chassis\/","url":"https:\/\/oplitegames.com\/es\/producto\/nitrokart-chassis\/","name":"NitroKart - Chasis - OPLITE","isPartOf":{"@id":"https:\/\/oplitegames.com\/#website"},"primaryImageOfPage":{"@id":"https:\/\/oplitegames.com\/es\/producto\/nitrokart-chassis\/#primaryimage"},"image":{"@id":"https:\/\/oplitegames.com\/es\/producto\/nitrokart-chassis\/#primaryimage"},"thumbnailUrl":"https:\/\/oplitegames-preprod.ezratis.fr\/wp-content\/uploads\/NitroKart-Chassis-OP-NK77-CH-CHASSIS-SEUL_Picture_1-2-1-copie.png","datePublished":"2022-10-27T13:03:32+00:00","dateModified":"2025-12-14T13:56:05+00:00","breadcrumb":{"@id":"https:\/\/oplitegames.com\/es\/producto\/nitrokart-chassis\/#breadcrumb"},"inLanguage":"es","potentialAction":[{"@type":"ReadAction","target":["https:\/\/oplitegames.com\/es\/producto\/nitrokart-chassis\/"]}]},{"@type":"ImageObject","inLanguage":"es","@id":"https:\/\/oplitegames.com\/es\/producto\/nitrokart-chassis\/#primaryimage","url":"https:\/\/oplitegames-preprod.ezratis.fr\/wp-content\/uploads\/NitroKart-Chassis-OP-NK77-CH-CHASSIS-SEUL_Picture_1-2-1-copie.png","contentUrl":"https:\/\/oplitegames-preprod.ezratis.fr\/wp-content\/uploads\/NitroKart-Chassis-OP-NK77-CH-CHASSIS-SEUL_Picture_1-2-1-copie.png","width":1000,"height":1000},{"@type":"BreadcrumbList","@id":"https:\/\/oplitegames.com\/es\/producto\/nitrokart-chassis\/#breadcrumb","itemListElement":[{"@type":"ListItem","position":1,"name":"Home","item":"https:\/\/oplitegames.com\/es\/oplite-gaming\/"},{"@type":"ListItem","position":2,"name":"Comercio","item":"https:\/\/oplitegames.com\/es\/comercio\/"},{"@type":"ListItem","position":3,"name":"NitroKart &#8211; Chasis"}]},{"@type":"WebSite","@id":"https:\/\/oplitegames.com\/#website","url":"https:\/\/oplitegames.com\/","name":"OPLITE","description":"","publisher":{"@id":"https:\/\/oplitegames.com\/#organization"},"potentialAction":[{"@type":"SearchAction","target":{"@type":"EntryPoint","urlTemplate":"https:\/\/oplitegames.com\/?s={search_term_string}"},"query-input":{"@type":"PropertyValueSpecification","valueRequired":true,"valueName":"search_term_string"}}],"inLanguage":"es"},{"@type":"Organization","@id":"https:\/\/oplitegames.com\/#organization","name":"OPLITE","url":"https:\/\/oplitegames.com\/","logo":{"@type":"ImageObject","inLanguage":"es","@id":"https:\/\/oplitegames.com\/#\/schema\/logo\/image\/","url":"https:\/\/oplitegames-preprod.ezratis.fr\/wp-content\/uploads\/cropped-cropped-Oplite-Blanc-casse-002-scaled-1.png","contentUrl":"https:\/\/oplitegames-preprod.ezratis.fr\/wp-content\/uploads\/cropped-cropped-Oplite-Blanc-casse-002-scaled-1.png","width":2509,"height":597,"caption":"OPLITE"},"image":{"@id":"https:\/\/oplitegames.com\/#\/schema\/logo\/image\/"}}]},"product_price_amount":"99.90","product_price_currency":"EUR","og_availability":"out of stock","product_availability":"out of stock","product_retailer_item_id":"93544","product_condition":"new"},"_links":{"self":[{"href":"https:\/\/oplitegames-preprod.ezratis.fr\/es\/wp-json\/wp\/v2\/product\/29482","targetHints":{"allow":["GET"]}}],"collection":[{"href":"https:\/\/oplitegames-preprod.ezratis.fr\/es\/wp-json\/wp\/v2\/product"}],"about":[{"href":"https:\/\/oplitegames-preprod.ezratis.fr\/es\/wp-json\/wp\/v2\/types\/product"}],"version-history":[{"count":4,"href":"https:\/\/oplitegames-preprod.ezratis.fr\/es\/wp-json\/wp\/v2\/product\/29482\/revisions"}],"predecessor-version":[{"id":50055,"href":"https:\/\/oplitegames-preprod.ezratis.fr\/es\/wp-json\/wp\/v2\/product\/29482\/revisions\/50055"}],"wp:featuredmedia":[{"embeddable":true,"href":"https:\/\/oplitegames-preprod.ezratis.fr\/es\/wp-json\/wp\/v2\/media\/36567"}],"wp:attachment":[{"href":"https:\/\/oplitegames-preprod.ezratis.fr\/es\/wp-json\/wp\/v2\/media?parent=29482"}],"wp:term":[{"taxonomy":"product_brand","embeddable":true,"href":"https:\/\/oplitegames-preprod.ezratis.fr\/es\/wp-json\/wp\/v2\/product_brand?post=29482"},{"taxonomy":"product_cat","embeddable":true,"href":"https:\/\/oplitegames-preprod.ezratis.fr\/es\/wp-json\/wp\/v2\/product_cat?post=29482"},{"taxonomy":"product_tag","embeddable":true,"href":"https:\/\/oplitegames-preprod.ezratis.fr\/es\/wp-json\/wp\/v2\/product_tag?post=29482"}],"curies":[{"name":"wp","href":"https:\/\/api.w.org\/{rel}","templated":true}]}}