{"id":29501,"date":"2022-11-29T15:18:01","date_gmt":"2022-11-29T14:18:01","guid":{"rendered":"https:\/\/oplitegames.com\/product\/oplite-gtr-s3-simrace-flightsim-holder\/"},"modified":"2026-01-20T10:44:05","modified_gmt":"2026-01-20T09:44:05","slug":"oplite-gtr-s3-simrace-flightsim-holder","status":"publish","type":"product","link":"https:\/\/oplitegames-preprod.ezratis.fr\/es\/producto\/oplite-gtr-s3-simrace-flightsim-holder\/","title":{"rendered":"Simracing &#038; Flightsim Holder"},"content":{"rendered":"<p>Parte inseparable del KIT FULL FORCE, el PORTA SIMRACING &amp; FLIGHTSIM ha sido dise\u00f1ado para satisfacer a los pilotos exigentes que buscan una rigidez excepcional y una ergonom\u00eda \u00f3ptima para sus perif\u00e9ricos, como el freno de mano, la caja de cambios, el joystick y el acelerador.<\/p>\n<p>El SOPORTE SIMRACING &amp; FLIGHTSIM se fija directamente a su KIT FULL FORCE para sujetar sus perif\u00e9ricos de simulaci\u00f3n favoritos. Tanto si eres un entusiasta de SIMRACING como de FLIGHTSIM, este soporte satisfar\u00e1 tus necesidades gracias a su excepcional compatibilidad con los perif\u00e9ricos disponibles actualmente en el mercado.<\/p>\n<p>Este soporte ofrece un ajuste preciso en tres ejes, incluyendo la altura y la profundidad, para optimizar la ergonom\u00eda general de su configuraci\u00f3n en funci\u00f3n de la forma de su cuerpo. Fabricado \u00edntegramente en acero al carbono, su rigidez le permite soportar movimientos bruscos y repetidos manteniendo una excelente estabilidad.<\/p>\n<p><strong><span style=\"text-decoration: underline;\">Especificaciones t\u00e9cnicas:<\/span><\/strong><br \/>\n&#8211; Chapa de acero al carbono de 3 mm de espesor<br \/>\n&#8211; Pintura negra mate de alta resistencia<br \/>\n&#8211; Altura: 95 mm, Anchura 214 mm, Profundidad 400mm<br \/>\n&#8211; Kit de fijaci\u00f3n para kit Full Force<\/p>\n<p><span style=\"text-decoration: underline;\"><strong>Compatibilidad con perif\u00e9ricos* :<\/strong><\/span><br \/>\n&#8211; Frenos de mano y reductores Fanatec\u00ae, Moza\u00ae, Thrustmaster\u00ae, Logitech\u00ae, Turtle Beach\u00ae o Asetek\u00ae.<br \/>\n&#8211; Thrustmaster\u00ae HOTAS Warthog\u2122 joystick y acelerador, T.16000MFCS Hotas, TCA Airbus Edition, TWCS. Soporte 100% Compatible con los perif\u00e9ricos Logitech \/ Saitek\u00ae X52, X52 Pro, X55, X56, GSaitek Pro Flight Yoke.<\/p>\n<p><span style=\"text-decoration: underline;\"><strong>Compatibilidad del producto :<\/strong><\/span><br \/>\n100% Compatible con cockpits GTR S3 y GTR S8 equipados con Full Force Kit<\/p>\n<p><small> *Per garantire la massima compatibilit\u00e0 con alcuni dispositivi, potrebbero essere necessari piccoli adattamenti. Nessuna preoccupazione: la qualit\u00e0 e la garanzia del prodotto non ne risentono.<\/small><\/p>\n<p><img fetchpriority=\"high\" decoding=\"async\" class=\"aligncenter wp-image-29630 size-full\" src=\"https:\/\/oplitegames-preprod.ezratis.fr\/wp-content\/uploads\/OP-GTR-FSH_ST_06-2.png\" alt=\"\" width=\"1000\" height=\"1000\" srcset=\"https:\/\/oplitegames-preprod.ezratis.fr\/wp-content\/uploads\/OP-GTR-FSH_ST_06-2.png 1000w, https:\/\/oplitegames-preprod.ezratis.fr\/wp-content\/uploads\/OP-GTR-FSH_ST_06-2-300x300.png 300w, https:\/\/oplitegames-preprod.ezratis.fr\/wp-content\/uploads\/OP-GTR-FSH_ST_06-2-150x150.png 150w, https:\/\/oplitegames-preprod.ezratis.fr\/wp-content\/uploads\/OP-GTR-FSH_ST_06-2-768x768.png 768w, https:\/\/oplitegames-preprod.ezratis.fr\/wp-content\/uploads\/OP-GTR-FSH_ST_06-2-450x450.png 450w, https:\/\/oplitegames-preprod.ezratis.fr\/wp-content\/uploads\/OP-GTR-FSH_ST_06-2-120x120.png 120w, https:\/\/oplitegames-preprod.ezratis.fr\/wp-content\/uploads\/OP-GTR-FSH_ST_06-2-800x800.png 800w, https:\/\/oplitegames-preprod.ezratis.fr\/wp-content\/uploads\/OP-GTR-FSH_ST_06-2-64x64.png 64w\" sizes=\"(max-width: 1000px) 100vw, 1000px\" \/><\/p>\n","protected":false},"excerpt":{"rendered":"<p>Expertos en el dise\u00f1o de productos ergon\u00f3micos para los sectores de oficina y gaming, OPLITE presenta su SIMRACING &amp; FLIGHTSIM HOLDER dedicado a tu cockpit GTR S3 &amp; GTR S8.<br \/>\n\u00a1Es hora de pasar de jugador a piloto! Carreras de coches o aviaci\u00f3n, \u00a1elige!<\/p>\n","protected":false},"featured_media":28431,"template":"","meta":{"_acf_changed":false,"footnotes":""},"product_brand":[],"product_cat":[742,764,731],"product_tag":[759],"class_list":{"0":"post-29501","1":"product","2":"type-product","3":"status-publish","4":"has-post-thumbnail","6":"product_cat-cabina-gtr-s3","7":"product_cat-cabina-gtr-s8-infinity-es","8":"product_cat-simuladores","9":"product_tag-oplite-gaming-es","10":"pa_colisage-pcb-827","11":"pa_colisage-pcb-4-es","13":"first","14":"outofstock","15":"taxable","16":"shipping-taxable","17":"purchasable","18":"product-type-simple"},"bundled_by":[],"bundle_stock_status":"outofstock","bundle_stock_quantity":0,"bundle_virtual":false,"bundle_layout":"","bundle_add_to_cart_form_location":"","bundle_editable_in_cart":false,"bundle_sold_individually_context":"","bundle_item_grouping":"","bundle_min_size":"","bundle_max_size":"","bundle_price":[],"bundled_items":[],"bundle_sell_ids":[],"acf":[],"yoast_head":"<!-- This site is optimized with the Yoast SEO plugin v27.3 - https:\/\/yoast.com\/product\/yoast-seo-wordpress\/ -->\n<title>Simracing &amp; Flightsim Holder - OPLITE<\/title>\n<meta name=\"robots\" content=\"index, follow, max-snippet:-1, max-image-preview:large, max-video-preview:-1\" \/>\n<link rel=\"canonical\" href=\"https:\/\/oplitegames.com\/es\/producto\/oplite-gtr-s3-simrace-flightsim-holder\/\" \/>\n<meta property=\"og:locale\" content=\"es_ES\" \/>\n<meta property=\"og:type\" content=\"article\" \/>\n<meta property=\"og:title\" content=\"Simracing &amp; Flightsim Holder - OPLITE\" \/>\n<meta property=\"og:description\" content=\"Expertos en el dise\u00f1o de productos ergon\u00f3micos para los sectores de oficina y gaming, OPLITE presenta su SIMRACING &amp; FLIGHTSIM HOLDER dedicado a tu cockpit GTR S3 &amp; GTR S8. \u00a1Es hora de pasar de jugador a piloto! Carreras de coches o aviaci\u00f3n, \u00a1elige!\" \/>\n<meta property=\"og:url\" content=\"https:\/\/oplitegames.com\/es\/producto\/oplite-gtr-s3-simrace-flightsim-holder\/\" \/>\n<meta property=\"og:site_name\" content=\"OPLITE\" \/>\n<meta property=\"article:modified_time\" content=\"2026-01-20T09:44:05+00:00\" \/>\n<meta property=\"og:image\" content=\"https:\/\/oplitegames.com\/wp-content\/uploads\/OP-GTR-FSH_ST_03-1.png\" \/>\n\t<meta property=\"og:image:width\" content=\"1000\" \/>\n\t<meta property=\"og:image:height\" content=\"1000\" \/>\n\t<meta property=\"og:image:type\" content=\"image\/png\" \/>\n<meta name=\"twitter:card\" content=\"summary_large_image\" \/>\n<meta name=\"twitter:label1\" content=\"Price\" \/>\n\t<meta name=\"twitter:data1\" content=\"99,90&nbsp;&euro;\" \/>\n\t<meta name=\"twitter:label2\" content=\"Availability\" \/>\n\t<meta name=\"twitter:data2\" content=\"Out of stock\" \/>\n<script type=\"application\/ld+json\" class=\"yoast-schema-graph\">{\"@context\":\"https:\\\/\\\/schema.org\",\"@graph\":[{\"@type\":[\"WebPage\",\"ItemPage\"],\"@id\":\"https:\\\/\\\/oplitegames.com\\\/es\\\/producto\\\/oplite-gtr-s3-simrace-flightsim-holder\\\/\",\"url\":\"https:\\\/\\\/oplitegames.com\\\/es\\\/producto\\\/oplite-gtr-s3-simrace-flightsim-holder\\\/\",\"name\":\"Simracing & Flightsim Holder - OPLITE\",\"isPartOf\":{\"@id\":\"https:\\\/\\\/oplitegames.com\\\/#website\"},\"primaryImageOfPage\":{\"@id\":\"https:\\\/\\\/oplitegames.com\\\/es\\\/producto\\\/oplite-gtr-s3-simrace-flightsim-holder\\\/#primaryimage\"},\"image\":{\"@id\":\"https:\\\/\\\/oplitegames.com\\\/es\\\/producto\\\/oplite-gtr-s3-simrace-flightsim-holder\\\/#primaryimage\"},\"thumbnailUrl\":\"https:\\\/\\\/oplitegames-preprod.ezratis.fr\\\/wp-content\\\/uploads\\\/OP-GTR-FSH_ST_03-1.png\",\"datePublished\":\"2022-11-29T14:18:01+00:00\",\"dateModified\":\"2026-01-20T09:44:05+00:00\",\"breadcrumb\":{\"@id\":\"https:\\\/\\\/oplitegames.com\\\/es\\\/producto\\\/oplite-gtr-s3-simrace-flightsim-holder\\\/#breadcrumb\"},\"inLanguage\":\"es\",\"potentialAction\":[{\"@type\":\"ReadAction\",\"target\":[\"https:\\\/\\\/oplitegames.com\\\/es\\\/producto\\\/oplite-gtr-s3-simrace-flightsim-holder\\\/\"]}]},{\"@type\":\"ImageObject\",\"inLanguage\":\"es\",\"@id\":\"https:\\\/\\\/oplitegames.com\\\/es\\\/producto\\\/oplite-gtr-s3-simrace-flightsim-holder\\\/#primaryimage\",\"url\":\"https:\\\/\\\/oplitegames-preprod.ezratis.fr\\\/wp-content\\\/uploads\\\/OP-GTR-FSH_ST_03-1.png\",\"contentUrl\":\"https:\\\/\\\/oplitegames-preprod.ezratis.fr\\\/wp-content\\\/uploads\\\/OP-GTR-FSH_ST_03-1.png\",\"width\":1000,\"height\":1000},{\"@type\":\"BreadcrumbList\",\"@id\":\"https:\\\/\\\/oplitegames.com\\\/es\\\/producto\\\/oplite-gtr-s3-simrace-flightsim-holder\\\/#breadcrumb\",\"itemListElement\":[{\"@type\":\"ListItem\",\"position\":1,\"name\":\"Home\",\"item\":\"https:\\\/\\\/oplitegames.com\\\/es\\\/oplite-gaming\\\/\"},{\"@type\":\"ListItem\",\"position\":2,\"name\":\"Comercio\",\"item\":\"https:\\\/\\\/oplitegames.com\\\/es\\\/comercio\\\/\"},{\"@type\":\"ListItem\",\"position\":3,\"name\":\"Simracing &#038; Flightsim Holder\"}]},{\"@type\":\"WebSite\",\"@id\":\"https:\\\/\\\/oplitegames.com\\\/#website\",\"url\":\"https:\\\/\\\/oplitegames.com\\\/\",\"name\":\"OPLITE\",\"description\":\"\",\"publisher\":{\"@id\":\"https:\\\/\\\/oplitegames.com\\\/#organization\"},\"potentialAction\":[{\"@type\":\"SearchAction\",\"target\":{\"@type\":\"EntryPoint\",\"urlTemplate\":\"https:\\\/\\\/oplitegames.com\\\/?s={search_term_string}\"},\"query-input\":{\"@type\":\"PropertyValueSpecification\",\"valueRequired\":true,\"valueName\":\"search_term_string\"}}],\"inLanguage\":\"es\"},{\"@type\":\"Organization\",\"@id\":\"https:\\\/\\\/oplitegames.com\\\/#organization\",\"name\":\"OPLITE\",\"url\":\"https:\\\/\\\/oplitegames.com\\\/\",\"logo\":{\"@type\":\"ImageObject\",\"inLanguage\":\"es\",\"@id\":\"https:\\\/\\\/oplitegames.com\\\/#\\\/schema\\\/logo\\\/image\\\/\",\"url\":\"https:\\\/\\\/oplitegames-preprod.ezratis.fr\\\/wp-content\\\/uploads\\\/cropped-cropped-Oplite-Blanc-casse-002-scaled-1.png\",\"contentUrl\":\"https:\\\/\\\/oplitegames-preprod.ezratis.fr\\\/wp-content\\\/uploads\\\/cropped-cropped-Oplite-Blanc-casse-002-scaled-1.png\",\"width\":2509,\"height\":597,\"caption\":\"OPLITE\"},\"image\":{\"@id\":\"https:\\\/\\\/oplitegames.com\\\/#\\\/schema\\\/logo\\\/image\\\/\"}}]}<\/script>\n<meta property=\"product:price:amount\" content=\"99.90\" \/>\n<meta property=\"product:price:currency\" content=\"EUR\" \/>\n<meta property=\"og:availability\" content=\"out of stock\" \/>\n<meta property=\"product:availability\" content=\"out of stock\" \/>\n<meta property=\"product:retailer_item_id\" content=\"95625\" \/>\n<meta property=\"product:condition\" content=\"new\" \/>\n<!-- \/ Yoast SEO plugin. -->","yoast_head_json":{"title":"Simracing & Flightsim Holder - OPLITE","robots":{"index":"index","follow":"follow","max-snippet":"max-snippet:-1","max-image-preview":"max-image-preview:large","max-video-preview":"max-video-preview:-1"},"canonical":"https:\/\/oplitegames.com\/es\/producto\/oplite-gtr-s3-simrace-flightsim-holder\/","og_locale":"es_ES","og_type":"article","og_title":"Simracing & Flightsim Holder - OPLITE","og_description":"Expertos en el dise\u00f1o de productos ergon\u00f3micos para los sectores de oficina y gaming, OPLITE presenta su SIMRACING &amp; FLIGHTSIM HOLDER dedicado a tu cockpit GTR S3 &amp; GTR S8. \u00a1Es hora de pasar de jugador a piloto! Carreras de coches o aviaci\u00f3n, \u00a1elige!","og_url":"https:\/\/oplitegames.com\/es\/producto\/oplite-gtr-s3-simrace-flightsim-holder\/","og_site_name":"OPLITE","article_modified_time":"2026-01-20T09:44:05+00:00","og_image":[{"width":1000,"height":1000,"url":"https:\/\/oplitegames.com\/wp-content\/uploads\/OP-GTR-FSH_ST_03-1.png","type":"image\/png"}],"twitter_card":"summary_large_image","twitter_misc":{"Price":"99,90&nbsp;&euro;","Availability":"Out of stock"},"schema":{"@context":"https:\/\/schema.org","@graph":[{"@type":["WebPage","ItemPage"],"@id":"https:\/\/oplitegames.com\/es\/producto\/oplite-gtr-s3-simrace-flightsim-holder\/","url":"https:\/\/oplitegames.com\/es\/producto\/oplite-gtr-s3-simrace-flightsim-holder\/","name":"Simracing & Flightsim Holder - OPLITE","isPartOf":{"@id":"https:\/\/oplitegames.com\/#website"},"primaryImageOfPage":{"@id":"https:\/\/oplitegames.com\/es\/producto\/oplite-gtr-s3-simrace-flightsim-holder\/#primaryimage"},"image":{"@id":"https:\/\/oplitegames.com\/es\/producto\/oplite-gtr-s3-simrace-flightsim-holder\/#primaryimage"},"thumbnailUrl":"https:\/\/oplitegames-preprod.ezratis.fr\/wp-content\/uploads\/OP-GTR-FSH_ST_03-1.png","datePublished":"2022-11-29T14:18:01+00:00","dateModified":"2026-01-20T09:44:05+00:00","breadcrumb":{"@id":"https:\/\/oplitegames.com\/es\/producto\/oplite-gtr-s3-simrace-flightsim-holder\/#breadcrumb"},"inLanguage":"es","potentialAction":[{"@type":"ReadAction","target":["https:\/\/oplitegames.com\/es\/producto\/oplite-gtr-s3-simrace-flightsim-holder\/"]}]},{"@type":"ImageObject","inLanguage":"es","@id":"https:\/\/oplitegames.com\/es\/producto\/oplite-gtr-s3-simrace-flightsim-holder\/#primaryimage","url":"https:\/\/oplitegames-preprod.ezratis.fr\/wp-content\/uploads\/OP-GTR-FSH_ST_03-1.png","contentUrl":"https:\/\/oplitegames-preprod.ezratis.fr\/wp-content\/uploads\/OP-GTR-FSH_ST_03-1.png","width":1000,"height":1000},{"@type":"BreadcrumbList","@id":"https:\/\/oplitegames.com\/es\/producto\/oplite-gtr-s3-simrace-flightsim-holder\/#breadcrumb","itemListElement":[{"@type":"ListItem","position":1,"name":"Home","item":"https:\/\/oplitegames.com\/es\/oplite-gaming\/"},{"@type":"ListItem","position":2,"name":"Comercio","item":"https:\/\/oplitegames.com\/es\/comercio\/"},{"@type":"ListItem","position":3,"name":"Simracing &#038; Flightsim Holder"}]},{"@type":"WebSite","@id":"https:\/\/oplitegames.com\/#website","url":"https:\/\/oplitegames.com\/","name":"OPLITE","description":"","publisher":{"@id":"https:\/\/oplitegames.com\/#organization"},"potentialAction":[{"@type":"SearchAction","target":{"@type":"EntryPoint","urlTemplate":"https:\/\/oplitegames.com\/?s={search_term_string}"},"query-input":{"@type":"PropertyValueSpecification","valueRequired":true,"valueName":"search_term_string"}}],"inLanguage":"es"},{"@type":"Organization","@id":"https:\/\/oplitegames.com\/#organization","name":"OPLITE","url":"https:\/\/oplitegames.com\/","logo":{"@type":"ImageObject","inLanguage":"es","@id":"https:\/\/oplitegames.com\/#\/schema\/logo\/image\/","url":"https:\/\/oplitegames-preprod.ezratis.fr\/wp-content\/uploads\/cropped-cropped-Oplite-Blanc-casse-002-scaled-1.png","contentUrl":"https:\/\/oplitegames-preprod.ezratis.fr\/wp-content\/uploads\/cropped-cropped-Oplite-Blanc-casse-002-scaled-1.png","width":2509,"height":597,"caption":"OPLITE"},"image":{"@id":"https:\/\/oplitegames.com\/#\/schema\/logo\/image\/"}}]},"product_price_amount":"99.90","product_price_currency":"EUR","og_availability":"out of stock","product_availability":"out of stock","product_retailer_item_id":"95625","product_condition":"new"},"_links":{"self":[{"href":"https:\/\/oplitegames-preprod.ezratis.fr\/es\/wp-json\/wp\/v2\/product\/29501","targetHints":{"allow":["GET"]}}],"collection":[{"href":"https:\/\/oplitegames-preprod.ezratis.fr\/es\/wp-json\/wp\/v2\/product"}],"about":[{"href":"https:\/\/oplitegames-preprod.ezratis.fr\/es\/wp-json\/wp\/v2\/types\/product"}],"version-history":[{"count":6,"href":"https:\/\/oplitegames-preprod.ezratis.fr\/es\/wp-json\/wp\/v2\/product\/29501\/revisions"}],"predecessor-version":[{"id":53415,"href":"https:\/\/oplitegames-preprod.ezratis.fr\/es\/wp-json\/wp\/v2\/product\/29501\/revisions\/53415"}],"wp:featuredmedia":[{"embeddable":true,"href":"https:\/\/oplitegames-preprod.ezratis.fr\/es\/wp-json\/wp\/v2\/media\/28431"}],"wp:attachment":[{"href":"https:\/\/oplitegames-preprod.ezratis.fr\/es\/wp-json\/wp\/v2\/media?parent=29501"}],"wp:term":[{"taxonomy":"product_brand","embeddable":true,"href":"https:\/\/oplitegames-preprod.ezratis.fr\/es\/wp-json\/wp\/v2\/product_brand?post=29501"},{"taxonomy":"product_cat","embeddable":true,"href":"https:\/\/oplitegames-preprod.ezratis.fr\/es\/wp-json\/wp\/v2\/product_cat?post=29501"},{"taxonomy":"product_tag","embeddable":true,"href":"https:\/\/oplitegames-preprod.ezratis.fr\/es\/wp-json\/wp\/v2\/product_tag?post=29501"}],"curies":[{"name":"wp","href":"https:\/\/api.w.org\/{rel}","templated":true}]}}