{"id":29512,"date":"2023-01-20T14:03:09","date_gmt":"2023-01-20T13:03:09","guid":{"rendered":"https:\/\/oplitegames.com\/product\/mouse-pad-xxxl-tapis-bureau-integral\/"},"modified":"2025-10-08T14:26:23","modified_gmt":"2025-10-08T12:26:23","slug":"mouse-pad-xxxl-tapis-bureau-integral","status":"publish","type":"product","link":"https:\/\/oplitegames-preprod.ezratis.fr\/es\/producto\/mouse-pad-xxxl-tapis-bureau-integral\/","title":{"rendered":"Alfombrilla de rat\u00f3n XXXL &#8211; Alfombrilla de escritorio integral"},"content":{"rendered":"<p>La alfombrilla de rat\u00f3n Oplite es adecuada para su uso con todos los escritorios con un tama\u00f1o superior de 120x60cm o superior.<br \/>\nEncajar\u00e1 perfectamente con los escritorios Oplite Galactic (OP-GGD), Oplite Tilt (OP-TGD; OP-TGDW), Oplite Atika y Oplite Balistic, pero tambi\u00e9n con todas las dem\u00e1s marcas.<\/p>\n<p>PRESTACIONES :<br \/>\nAlfombrilla de rat\u00f3n integral de alta densidad, impermeable y lavable a m\u00e1quina.<br \/>\nSuperficie l\u00e1ser FastTrack\u00ae, para garantizar un deslizamiento superior sin fibras par\u00e1sitas, lo que confiere al rat\u00f3n una fluidez y una precisi\u00f3n extremas en las fases de juego, independientemente de la tecnolog\u00eda y la velocidad del sensor.<\/p>\n<p>ROBUSTO :<br \/>\nSu base de goma gruesa y antideslizante proporciona una rigidez perfecta.<br \/>\nSu borde de alambre tejido rojo ofrece un acabado cuidado y resistente.<\/p>\n<p>ERGON\u00d3MICO:<br \/>\nSu forma y material ofrecen comodidad para sus antebrazos, reduciendo la presi\u00f3n m\u00fasculo-tendinosa (m\u00fasculo y tendones).<br \/>\n2 orificios preformados para permitir el paso de los cables a trav\u00e9s de la alfombrilla, dando acceso a los ojales de su bandeja.<\/p>\n<p>&nbsp;<\/p>\n<p><img fetchpriority=\"high\" decoding=\"async\" class=\"aligncenter wp-image-29635 size-full\" src=\"https:\/\/oplitegames-preprod.ezratis.fr\/wp-content\/uploads\/7-2-1-1.png\" alt=\"\" width=\"1000\" height=\"1000\" srcset=\"https:\/\/oplitegames-preprod.ezratis.fr\/wp-content\/uploads\/7-2-1-1.png 1000w, https:\/\/oplitegames-preprod.ezratis.fr\/wp-content\/uploads\/7-2-1-1-300x300.png 300w, https:\/\/oplitegames-preprod.ezratis.fr\/wp-content\/uploads\/7-2-1-1-150x150.png 150w, https:\/\/oplitegames-preprod.ezratis.fr\/wp-content\/uploads\/7-2-1-1-768x768.png 768w, https:\/\/oplitegames-preprod.ezratis.fr\/wp-content\/uploads\/7-2-1-1-450x450.png 450w, https:\/\/oplitegames-preprod.ezratis.fr\/wp-content\/uploads\/7-2-1-1-120x120.png 120w, https:\/\/oplitegames-preprod.ezratis.fr\/wp-content\/uploads\/7-2-1-1-800x800.png 800w, https:\/\/oplitegames-preprod.ezratis.fr\/wp-content\/uploads\/7-2-1-1-64x64.png 64w\" sizes=\"(max-width: 1000px) 100vw, 1000px\" \/><\/p>\n","protected":false},"excerpt":{"rendered":"<p>La alfombrilla de rat\u00f3n Oplite es una alfombrilla gigante de 120 x 60 cm (1200 x 600 mm x 3 mm de grosor) que cubre todo tu escritorio.<br \/>\nProtege tu tabla y proporciona una comodidad de deslizamiento inigualable gracias al tratamiento Laser FastTrack\u00ae optimizado para la tecnolog\u00eda LightSpeed\u00ae.<\/p>\n","protected":false},"featured_media":28246,"template":"","meta":{"_acf_changed":false,"footnotes":""},"product_brand":[],"product_cat":[723,716],"product_tag":[759],"class_list":{"0":"post-29512","1":"product","2":"type-product","3":"status-publish","4":"has-post-thumbnail","6":"product_cat-accesorios-oficina","7":"product_cat-oficinas-streaming","8":"product_tag-oplite-gaming-es","9":"pa_colisage-pcb-20-es","11":"first","12":"outofstock","13":"taxable","14":"shipping-taxable","15":"purchasable","16":"product-type-simple"},"bundled_by":[],"bundle_stock_status":"outofstock","bundle_stock_quantity":0,"bundle_virtual":false,"bundle_layout":"","bundle_add_to_cart_form_location":"","bundle_editable_in_cart":false,"bundle_sold_individually_context":"","bundle_item_grouping":"","bundle_min_size":"","bundle_max_size":"","bundle_price":[],"bundled_items":[],"bundle_sell_ids":[],"acf":[],"yoast_head":"<!-- This site is optimized with the Yoast SEO plugin v27.3 - https:\/\/yoast.com\/product\/yoast-seo-wordpress\/ -->\n<title>Alfombrilla de rat\u00f3n XXXL - Alfombrilla de escritorio integral - OPLITE<\/title>\n<meta name=\"robots\" content=\"index, follow, max-snippet:-1, max-image-preview:large, max-video-preview:-1\" \/>\n<link rel=\"canonical\" href=\"https:\/\/oplitegames.com\/es\/producto\/mouse-pad-xxxl-tapis-bureau-integral\/\" \/>\n<meta property=\"og:locale\" content=\"es_ES\" \/>\n<meta property=\"og:type\" content=\"article\" \/>\n<meta property=\"og:title\" content=\"Alfombrilla de rat\u00f3n XXXL - Alfombrilla de escritorio integral - OPLITE\" \/>\n<meta property=\"og:description\" content=\"La alfombrilla de rat\u00f3n Oplite es una alfombrilla gigante de 120 x 60 cm (1200 x 600 mm x 3 mm de grosor) que cubre todo tu escritorio. Protege tu tabla y proporciona una comodidad de deslizamiento inigualable gracias al tratamiento Laser FastTrack\u00ae optimizado para la tecnolog\u00eda LightSpeed\u00ae.\" \/>\n<meta property=\"og:url\" content=\"https:\/\/oplitegames.com\/es\/producto\/mouse-pad-xxxl-tapis-bureau-integral\/\" \/>\n<meta property=\"og:site_name\" content=\"OPLITE\" \/>\n<meta property=\"article:modified_time\" content=\"2025-10-08T12:26:23+00:00\" \/>\n<meta property=\"og:image\" content=\"https:\/\/oplitegames.com\/wp-content\/uploads\/6-3-1.png\" \/>\n\t<meta property=\"og:image:width\" content=\"1000\" \/>\n\t<meta property=\"og:image:height\" content=\"1000\" \/>\n\t<meta property=\"og:image:type\" content=\"image\/png\" \/>\n<meta name=\"twitter:card\" content=\"summary_large_image\" \/>\n<meta name=\"twitter:label1\" content=\"Price\" \/>\n\t<meta name=\"twitter:data1\" content=\"29,90&nbsp;&euro;\" \/>\n\t<meta name=\"twitter:label2\" content=\"Availability\" \/>\n\t<meta name=\"twitter:data2\" content=\"Out of stock\" \/>\n<script type=\"application\/ld+json\" class=\"yoast-schema-graph\">{\"@context\":\"https:\\\/\\\/schema.org\",\"@graph\":[{\"@type\":[\"WebPage\",\"ItemPage\"],\"@id\":\"https:\\\/\\\/oplitegames.com\\\/es\\\/producto\\\/mouse-pad-xxxl-tapis-bureau-integral\\\/\",\"url\":\"https:\\\/\\\/oplitegames.com\\\/es\\\/producto\\\/mouse-pad-xxxl-tapis-bureau-integral\\\/\",\"name\":\"Alfombrilla de rat\u00f3n XXXL - Alfombrilla de escritorio integral - OPLITE\",\"isPartOf\":{\"@id\":\"https:\\\/\\\/oplitegames.com\\\/#website\"},\"primaryImageOfPage\":{\"@id\":\"https:\\\/\\\/oplitegames.com\\\/es\\\/producto\\\/mouse-pad-xxxl-tapis-bureau-integral\\\/#primaryimage\"},\"image\":{\"@id\":\"https:\\\/\\\/oplitegames.com\\\/es\\\/producto\\\/mouse-pad-xxxl-tapis-bureau-integral\\\/#primaryimage\"},\"thumbnailUrl\":\"https:\\\/\\\/oplitegames-preprod.ezratis.fr\\\/wp-content\\\/uploads\\\/6-3-1.png\",\"datePublished\":\"2023-01-20T13:03:09+00:00\",\"dateModified\":\"2025-10-08T12:26:23+00:00\",\"breadcrumb\":{\"@id\":\"https:\\\/\\\/oplitegames.com\\\/es\\\/producto\\\/mouse-pad-xxxl-tapis-bureau-integral\\\/#breadcrumb\"},\"inLanguage\":\"es\",\"potentialAction\":[{\"@type\":\"ReadAction\",\"target\":[\"https:\\\/\\\/oplitegames.com\\\/es\\\/producto\\\/mouse-pad-xxxl-tapis-bureau-integral\\\/\"]}]},{\"@type\":\"ImageObject\",\"inLanguage\":\"es\",\"@id\":\"https:\\\/\\\/oplitegames.com\\\/es\\\/producto\\\/mouse-pad-xxxl-tapis-bureau-integral\\\/#primaryimage\",\"url\":\"https:\\\/\\\/oplitegames-preprod.ezratis.fr\\\/wp-content\\\/uploads\\\/6-3-1.png\",\"contentUrl\":\"https:\\\/\\\/oplitegames-preprod.ezratis.fr\\\/wp-content\\\/uploads\\\/6-3-1.png\",\"width\":1000,\"height\":1000},{\"@type\":\"BreadcrumbList\",\"@id\":\"https:\\\/\\\/oplitegames.com\\\/es\\\/producto\\\/mouse-pad-xxxl-tapis-bureau-integral\\\/#breadcrumb\",\"itemListElement\":[{\"@type\":\"ListItem\",\"position\":1,\"name\":\"Home\",\"item\":\"https:\\\/\\\/oplitegames.com\\\/es\\\/oplite-gaming\\\/\"},{\"@type\":\"ListItem\",\"position\":2,\"name\":\"Comercio\",\"item\":\"https:\\\/\\\/oplitegames.com\\\/es\\\/comercio\\\/\"},{\"@type\":\"ListItem\",\"position\":3,\"name\":\"Alfombrilla de rat\u00f3n XXXL &#8211; Alfombrilla de escritorio integral\"}]},{\"@type\":\"WebSite\",\"@id\":\"https:\\\/\\\/oplitegames.com\\\/#website\",\"url\":\"https:\\\/\\\/oplitegames.com\\\/\",\"name\":\"OPLITE\",\"description\":\"\",\"publisher\":{\"@id\":\"https:\\\/\\\/oplitegames.com\\\/#organization\"},\"potentialAction\":[{\"@type\":\"SearchAction\",\"target\":{\"@type\":\"EntryPoint\",\"urlTemplate\":\"https:\\\/\\\/oplitegames.com\\\/?s={search_term_string}\"},\"query-input\":{\"@type\":\"PropertyValueSpecification\",\"valueRequired\":true,\"valueName\":\"search_term_string\"}}],\"inLanguage\":\"es\"},{\"@type\":\"Organization\",\"@id\":\"https:\\\/\\\/oplitegames.com\\\/#organization\",\"name\":\"OPLITE\",\"url\":\"https:\\\/\\\/oplitegames.com\\\/\",\"logo\":{\"@type\":\"ImageObject\",\"inLanguage\":\"es\",\"@id\":\"https:\\\/\\\/oplitegames.com\\\/#\\\/schema\\\/logo\\\/image\\\/\",\"url\":\"https:\\\/\\\/oplitegames-preprod.ezratis.fr\\\/wp-content\\\/uploads\\\/cropped-cropped-Oplite-Blanc-casse-002-scaled-1.png\",\"contentUrl\":\"https:\\\/\\\/oplitegames-preprod.ezratis.fr\\\/wp-content\\\/uploads\\\/cropped-cropped-Oplite-Blanc-casse-002-scaled-1.png\",\"width\":2509,\"height\":597,\"caption\":\"OPLITE\"},\"image\":{\"@id\":\"https:\\\/\\\/oplitegames.com\\\/#\\\/schema\\\/logo\\\/image\\\/\"}}]}<\/script>\n<meta property=\"product:price:amount\" content=\"29.90\" \/>\n<meta property=\"product:price:currency\" content=\"EUR\" \/>\n<meta property=\"og:availability\" content=\"out of stock\" \/>\n<meta property=\"product:availability\" content=\"out of stock\" \/>\n<meta property=\"product:retailer_item_id\" content=\"95627\" \/>\n<meta property=\"product:condition\" content=\"new\" \/>\n<!-- \/ Yoast SEO plugin. -->","yoast_head_json":{"title":"Alfombrilla de rat\u00f3n XXXL - Alfombrilla de escritorio integral - OPLITE","robots":{"index":"index","follow":"follow","max-snippet":"max-snippet:-1","max-image-preview":"max-image-preview:large","max-video-preview":"max-video-preview:-1"},"canonical":"https:\/\/oplitegames.com\/es\/producto\/mouse-pad-xxxl-tapis-bureau-integral\/","og_locale":"es_ES","og_type":"article","og_title":"Alfombrilla de rat\u00f3n XXXL - Alfombrilla de escritorio integral - OPLITE","og_description":"La alfombrilla de rat\u00f3n Oplite es una alfombrilla gigante de 120 x 60 cm (1200 x 600 mm x 3 mm de grosor) que cubre todo tu escritorio. Protege tu tabla y proporciona una comodidad de deslizamiento inigualable gracias al tratamiento Laser FastTrack\u00ae optimizado para la tecnolog\u00eda LightSpeed\u00ae.","og_url":"https:\/\/oplitegames.com\/es\/producto\/mouse-pad-xxxl-tapis-bureau-integral\/","og_site_name":"OPLITE","article_modified_time":"2025-10-08T12:26:23+00:00","og_image":[{"width":1000,"height":1000,"url":"https:\/\/oplitegames.com\/wp-content\/uploads\/6-3-1.png","type":"image\/png"}],"twitter_card":"summary_large_image","twitter_misc":{"Price":"29,90&nbsp;&euro;","Availability":"Out of stock"},"schema":{"@context":"https:\/\/schema.org","@graph":[{"@type":["WebPage","ItemPage"],"@id":"https:\/\/oplitegames.com\/es\/producto\/mouse-pad-xxxl-tapis-bureau-integral\/","url":"https:\/\/oplitegames.com\/es\/producto\/mouse-pad-xxxl-tapis-bureau-integral\/","name":"Alfombrilla de rat\u00f3n XXXL - Alfombrilla de escritorio integral - OPLITE","isPartOf":{"@id":"https:\/\/oplitegames.com\/#website"},"primaryImageOfPage":{"@id":"https:\/\/oplitegames.com\/es\/producto\/mouse-pad-xxxl-tapis-bureau-integral\/#primaryimage"},"image":{"@id":"https:\/\/oplitegames.com\/es\/producto\/mouse-pad-xxxl-tapis-bureau-integral\/#primaryimage"},"thumbnailUrl":"https:\/\/oplitegames-preprod.ezratis.fr\/wp-content\/uploads\/6-3-1.png","datePublished":"2023-01-20T13:03:09+00:00","dateModified":"2025-10-08T12:26:23+00:00","breadcrumb":{"@id":"https:\/\/oplitegames.com\/es\/producto\/mouse-pad-xxxl-tapis-bureau-integral\/#breadcrumb"},"inLanguage":"es","potentialAction":[{"@type":"ReadAction","target":["https:\/\/oplitegames.com\/es\/producto\/mouse-pad-xxxl-tapis-bureau-integral\/"]}]},{"@type":"ImageObject","inLanguage":"es","@id":"https:\/\/oplitegames.com\/es\/producto\/mouse-pad-xxxl-tapis-bureau-integral\/#primaryimage","url":"https:\/\/oplitegames-preprod.ezratis.fr\/wp-content\/uploads\/6-3-1.png","contentUrl":"https:\/\/oplitegames-preprod.ezratis.fr\/wp-content\/uploads\/6-3-1.png","width":1000,"height":1000},{"@type":"BreadcrumbList","@id":"https:\/\/oplitegames.com\/es\/producto\/mouse-pad-xxxl-tapis-bureau-integral\/#breadcrumb","itemListElement":[{"@type":"ListItem","position":1,"name":"Home","item":"https:\/\/oplitegames.com\/es\/oplite-gaming\/"},{"@type":"ListItem","position":2,"name":"Comercio","item":"https:\/\/oplitegames.com\/es\/comercio\/"},{"@type":"ListItem","position":3,"name":"Alfombrilla de rat\u00f3n XXXL &#8211; Alfombrilla de escritorio integral"}]},{"@type":"WebSite","@id":"https:\/\/oplitegames.com\/#website","url":"https:\/\/oplitegames.com\/","name":"OPLITE","description":"","publisher":{"@id":"https:\/\/oplitegames.com\/#organization"},"potentialAction":[{"@type":"SearchAction","target":{"@type":"EntryPoint","urlTemplate":"https:\/\/oplitegames.com\/?s={search_term_string}"},"query-input":{"@type":"PropertyValueSpecification","valueRequired":true,"valueName":"search_term_string"}}],"inLanguage":"es"},{"@type":"Organization","@id":"https:\/\/oplitegames.com\/#organization","name":"OPLITE","url":"https:\/\/oplitegames.com\/","logo":{"@type":"ImageObject","inLanguage":"es","@id":"https:\/\/oplitegames.com\/#\/schema\/logo\/image\/","url":"https:\/\/oplitegames-preprod.ezratis.fr\/wp-content\/uploads\/cropped-cropped-Oplite-Blanc-casse-002-scaled-1.png","contentUrl":"https:\/\/oplitegames-preprod.ezratis.fr\/wp-content\/uploads\/cropped-cropped-Oplite-Blanc-casse-002-scaled-1.png","width":2509,"height":597,"caption":"OPLITE"},"image":{"@id":"https:\/\/oplitegames.com\/#\/schema\/logo\/image\/"}}]},"product_price_amount":"29.90","product_price_currency":"EUR","og_availability":"out of stock","product_availability":"out of stock","product_retailer_item_id":"95627","product_condition":"new"},"_links":{"self":[{"href":"https:\/\/oplitegames-preprod.ezratis.fr\/es\/wp-json\/wp\/v2\/product\/29512","targetHints":{"allow":["GET"]}}],"collection":[{"href":"https:\/\/oplitegames-preprod.ezratis.fr\/es\/wp-json\/wp\/v2\/product"}],"about":[{"href":"https:\/\/oplitegames-preprod.ezratis.fr\/es\/wp-json\/wp\/v2\/types\/product"}],"version-history":[{"count":2,"href":"https:\/\/oplitegames-preprod.ezratis.fr\/es\/wp-json\/wp\/v2\/product\/29512\/revisions"}],"predecessor-version":[{"id":39231,"href":"https:\/\/oplitegames-preprod.ezratis.fr\/es\/wp-json\/wp\/v2\/product\/29512\/revisions\/39231"}],"wp:featuredmedia":[{"embeddable":true,"href":"https:\/\/oplitegames-preprod.ezratis.fr\/es\/wp-json\/wp\/v2\/media\/28246"}],"wp:attachment":[{"href":"https:\/\/oplitegames-preprod.ezratis.fr\/es\/wp-json\/wp\/v2\/media?parent=29512"}],"wp:term":[{"taxonomy":"product_brand","embeddable":true,"href":"https:\/\/oplitegames-preprod.ezratis.fr\/es\/wp-json\/wp\/v2\/product_brand?post=29512"},{"taxonomy":"product_cat","embeddable":true,"href":"https:\/\/oplitegames-preprod.ezratis.fr\/es\/wp-json\/wp\/v2\/product_cat?post=29512"},{"taxonomy":"product_tag","embeddable":true,"href":"https:\/\/oplitegames-preprod.ezratis.fr\/es\/wp-json\/wp\/v2\/product_tag?post=29512"}],"curies":[{"name":"wp","href":"https:\/\/api.w.org\/{rel}","templated":true}]}}