{"id":29518,"date":"2023-01-20T14:15:18","date_gmt":"2023-01-20T13:15:18","guid":{"rendered":"https:\/\/oplitegames.com\/product\/support-joystick-manette-des-gaz-et-boite-de-vitesse\/"},"modified":"2026-01-20T10:43:32","modified_gmt":"2026-01-20T09:43:32","slug":"support-joystick-manette-des-gaz-et-boite-de-vitesse","status":"publish","type":"product","link":"https:\/\/oplitegames-preprod.ezratis.fr\/es\/producto\/support-joystick-manette-des-gaz-et-boite-de-vitesse\/","title":{"rendered":"Soporte para joystick, acelerador y caja de cambios"},"content":{"rendered":"<p>Dise\u00f1ado por y para los entusiastas de la simulaci\u00f3n de vuelo, puede recibir joysticks como aceleradores (lista de compatibilidad m\u00e1s abajo). Tambi\u00e9n puede recibir cajas de cambios y frenos de mano (lista de compatibilidad m\u00e1s abajo) para descubrir el mundo de la simulaci\u00f3n automovil\u00edstica.<\/p>\n<p><span style=\"text-decoration: underline;\"><strong>Especificaciones t\u00e9cnicas:<\/strong><\/span><br \/>\nChapa de acero al carbono de 3 mm de espesor&amp; pintura negra mate, alta resistencia<br \/>\nFijaci\u00f3n en el escritorio con 2 tornillos de mariposa (altura del escritorio de 18mm a 60mm)<br \/>\nAlmohadilla de espuma antideslizante para proteger la superficie del escritorio a la vez que aumenta el agarre<br \/>\nAltura regulable del soporte perimetral hasta 80mm de altura<br \/>\nSoluci\u00f3n ambidiestra que puede instalarse a la derecha, a la izquierda o a ambas<\/p>\n<p><span style=\"text-decoration: underline;\"><strong>Compatibilidad de accesorios* :<\/strong><\/span><br \/>\nCompatible al 100% con Thrustmaster\u00ae HOTAS Warthog\u2122, T.16000M FCS Hotas, TCA Airbus Edition, TWCS<br \/>\nCompatible al 100% con Logitech \/ Saitek\u00ae X52, X52 Pro, X55, X56, G Saitek Pro Flight Yoke<\/p>\n<p><span style=\"text-decoration: underline;\"><strong>Compatibilidad con accesorios Simracing* :<\/strong><\/span><br \/>\n100% compatible con cajas de cambios y frenos de mano Thrustmaster\u00ae y Logitech<\/p>\n<p><small> *Per garantire la massima compatibilit\u00e0 con alcuni dispositivi, potrebbero essere necessari piccoli adattamenti. Nessuna preoccupazione: la qualit\u00e0 e la garanzia del prodotto non ne risentono.<\/small><\/p>\n","protected":false},"excerpt":{"rendered":"<p>El Race and Flight Desk Mount es un soporte &#8220;multiusos&#8221; que se fija directamente al escritorio para alojar varias categor\u00edas de dispositivos de simulaci\u00f3n de vuelo y carreras.<\/p>\n","protected":false},"featured_media":28242,"template":"","meta":{"_acf_changed":false,"footnotes":""},"product_brand":[],"product_cat":[723,750,716],"product_tag":[759],"class_list":{"0":"post-29518","1":"product","2":"type-product","3":"status-publish","4":"has-post-thumbnail","6":"product_cat-accesorios-oficina","7":"product_cat-accesorios-simuladores","8":"product_cat-oficinas-streaming","9":"product_tag-oplite-gaming-es","10":"pa_colisage-pcb-6-es","12":"first","13":"instock","14":"taxable","15":"shipping-taxable","16":"purchasable","17":"product-type-simple"},"bundled_by":[],"bundle_stock_status":"instock","bundle_stock_quantity":6,"bundle_virtual":false,"bundle_layout":"","bundle_add_to_cart_form_location":"","bundle_editable_in_cart":false,"bundle_sold_individually_context":"","bundle_item_grouping":"","bundle_min_size":"","bundle_max_size":"","bundle_price":[],"bundled_items":[],"bundle_sell_ids":[],"acf":[],"yoast_head":"<!-- This site is optimized with the Yoast SEO plugin v27.3 - https:\/\/yoast.com\/product\/yoast-seo-wordpress\/ -->\n<title>Soporte para joystick, acelerador y caja de cambios - OPLITE<\/title>\n<meta name=\"robots\" content=\"index, follow, max-snippet:-1, max-image-preview:large, max-video-preview:-1\" \/>\n<link rel=\"canonical\" href=\"https:\/\/oplitegames.com\/es\/producto\/support-joystick-manette-des-gaz-et-boite-de-vitesse\/\" \/>\n<meta property=\"og:locale\" content=\"es_ES\" \/>\n<meta property=\"og:type\" content=\"article\" \/>\n<meta property=\"og:title\" content=\"Soporte para joystick, acelerador y caja de cambios - OPLITE\" \/>\n<meta property=\"og:description\" content=\"El Race and Flight Desk Mount es un soporte &quot;multiusos&quot; que se fija directamente al escritorio para alojar varias categor\u00edas de dispositivos de simulaci\u00f3n de vuelo y carreras.\" \/>\n<meta property=\"og:url\" content=\"https:\/\/oplitegames.com\/es\/producto\/support-joystick-manette-des-gaz-et-boite-de-vitesse\/\" \/>\n<meta property=\"og:site_name\" content=\"OPLITE\" \/>\n<meta property=\"article:modified_time\" content=\"2026-01-20T09:43:32+00:00\" \/>\n<meta property=\"og:image\" content=\"https:\/\/oplitegames.com\/wp-content\/uploads\/1-24-1.png\" \/>\n\t<meta property=\"og:image:width\" content=\"1000\" \/>\n\t<meta property=\"og:image:height\" content=\"1000\" \/>\n\t<meta property=\"og:image:type\" content=\"image\/png\" \/>\n<meta name=\"twitter:card\" content=\"summary_large_image\" \/>\n<meta name=\"twitter:label1\" content=\"Price\" \/>\n\t<meta name=\"twitter:data1\" content=\"79,90&nbsp;&euro;\" \/>\n\t<meta name=\"twitter:label2\" content=\"Availability\" \/>\n\t<meta name=\"twitter:data2\" content=\"In stock\" \/>\n<script type=\"application\/ld+json\" class=\"yoast-schema-graph\">{\"@context\":\"https:\\\/\\\/schema.org\",\"@graph\":[{\"@type\":[\"WebPage\",\"ItemPage\"],\"@id\":\"https:\\\/\\\/oplitegames.com\\\/es\\\/producto\\\/support-joystick-manette-des-gaz-et-boite-de-vitesse\\\/\",\"url\":\"https:\\\/\\\/oplitegames.com\\\/es\\\/producto\\\/support-joystick-manette-des-gaz-et-boite-de-vitesse\\\/\",\"name\":\"Soporte para joystick, acelerador y caja de cambios - OPLITE\",\"isPartOf\":{\"@id\":\"https:\\\/\\\/oplitegames.com\\\/#website\"},\"primaryImageOfPage\":{\"@id\":\"https:\\\/\\\/oplitegames.com\\\/es\\\/producto\\\/support-joystick-manette-des-gaz-et-boite-de-vitesse\\\/#primaryimage\"},\"image\":{\"@id\":\"https:\\\/\\\/oplitegames.com\\\/es\\\/producto\\\/support-joystick-manette-des-gaz-et-boite-de-vitesse\\\/#primaryimage\"},\"thumbnailUrl\":\"https:\\\/\\\/oplitegames-preprod.ezratis.fr\\\/wp-content\\\/uploads\\\/1-24-1.png\",\"datePublished\":\"2023-01-20T13:15:18+00:00\",\"dateModified\":\"2026-01-20T09:43:32+00:00\",\"breadcrumb\":{\"@id\":\"https:\\\/\\\/oplitegames.com\\\/es\\\/producto\\\/support-joystick-manette-des-gaz-et-boite-de-vitesse\\\/#breadcrumb\"},\"inLanguage\":\"es\",\"potentialAction\":[{\"@type\":\"ReadAction\",\"target\":[\"https:\\\/\\\/oplitegames.com\\\/es\\\/producto\\\/support-joystick-manette-des-gaz-et-boite-de-vitesse\\\/\"]}]},{\"@type\":\"ImageObject\",\"inLanguage\":\"es\",\"@id\":\"https:\\\/\\\/oplitegames.com\\\/es\\\/producto\\\/support-joystick-manette-des-gaz-et-boite-de-vitesse\\\/#primaryimage\",\"url\":\"https:\\\/\\\/oplitegames-preprod.ezratis.fr\\\/wp-content\\\/uploads\\\/1-24-1.png\",\"contentUrl\":\"https:\\\/\\\/oplitegames-preprod.ezratis.fr\\\/wp-content\\\/uploads\\\/1-24-1.png\",\"width\":1000,\"height\":1000},{\"@type\":\"BreadcrumbList\",\"@id\":\"https:\\\/\\\/oplitegames.com\\\/es\\\/producto\\\/support-joystick-manette-des-gaz-et-boite-de-vitesse\\\/#breadcrumb\",\"itemListElement\":[{\"@type\":\"ListItem\",\"position\":1,\"name\":\"Home\",\"item\":\"https:\\\/\\\/oplitegames.com\\\/es\\\/oplite-gaming\\\/\"},{\"@type\":\"ListItem\",\"position\":2,\"name\":\"Comercio\",\"item\":\"https:\\\/\\\/oplitegames.com\\\/es\\\/comercio\\\/\"},{\"@type\":\"ListItem\",\"position\":3,\"name\":\"Soporte para joystick, acelerador y caja de cambios\"}]},{\"@type\":\"WebSite\",\"@id\":\"https:\\\/\\\/oplitegames.com\\\/#website\",\"url\":\"https:\\\/\\\/oplitegames.com\\\/\",\"name\":\"OPLITE\",\"description\":\"\",\"publisher\":{\"@id\":\"https:\\\/\\\/oplitegames.com\\\/#organization\"},\"potentialAction\":[{\"@type\":\"SearchAction\",\"target\":{\"@type\":\"EntryPoint\",\"urlTemplate\":\"https:\\\/\\\/oplitegames.com\\\/?s={search_term_string}\"},\"query-input\":{\"@type\":\"PropertyValueSpecification\",\"valueRequired\":true,\"valueName\":\"search_term_string\"}}],\"inLanguage\":\"es\"},{\"@type\":\"Organization\",\"@id\":\"https:\\\/\\\/oplitegames.com\\\/#organization\",\"name\":\"OPLITE\",\"url\":\"https:\\\/\\\/oplitegames.com\\\/\",\"logo\":{\"@type\":\"ImageObject\",\"inLanguage\":\"es\",\"@id\":\"https:\\\/\\\/oplitegames.com\\\/#\\\/schema\\\/logo\\\/image\\\/\",\"url\":\"https:\\\/\\\/oplitegames-preprod.ezratis.fr\\\/wp-content\\\/uploads\\\/cropped-cropped-Oplite-Blanc-casse-002-scaled-1.png\",\"contentUrl\":\"https:\\\/\\\/oplitegames-preprod.ezratis.fr\\\/wp-content\\\/uploads\\\/cropped-cropped-Oplite-Blanc-casse-002-scaled-1.png\",\"width\":2509,\"height\":597,\"caption\":\"OPLITE\"},\"image\":{\"@id\":\"https:\\\/\\\/oplitegames.com\\\/#\\\/schema\\\/logo\\\/image\\\/\"}}]}<\/script>\n<meta property=\"product:price:amount\" content=\"79.90\" \/>\n<meta property=\"product:price:currency\" content=\"EUR\" \/>\n<meta property=\"og:availability\" content=\"instock\" \/>\n<meta property=\"product:availability\" content=\"instock\" \/>\n<meta property=\"product:retailer_item_id\" content=\"96163\" \/>\n<meta property=\"product:condition\" content=\"new\" \/>\n<!-- \/ Yoast SEO plugin. -->","yoast_head_json":{"title":"Soporte para joystick, acelerador y caja de cambios - OPLITE","robots":{"index":"index","follow":"follow","max-snippet":"max-snippet:-1","max-image-preview":"max-image-preview:large","max-video-preview":"max-video-preview:-1"},"canonical":"https:\/\/oplitegames.com\/es\/producto\/support-joystick-manette-des-gaz-et-boite-de-vitesse\/","og_locale":"es_ES","og_type":"article","og_title":"Soporte para joystick, acelerador y caja de cambios - OPLITE","og_description":"El Race and Flight Desk Mount es un soporte \"multiusos\" que se fija directamente al escritorio para alojar varias categor\u00edas de dispositivos de simulaci\u00f3n de vuelo y carreras.","og_url":"https:\/\/oplitegames.com\/es\/producto\/support-joystick-manette-des-gaz-et-boite-de-vitesse\/","og_site_name":"OPLITE","article_modified_time":"2026-01-20T09:43:32+00:00","og_image":[{"width":1000,"height":1000,"url":"https:\/\/oplitegames.com\/wp-content\/uploads\/1-24-1.png","type":"image\/png"}],"twitter_card":"summary_large_image","twitter_misc":{"Price":"79,90&nbsp;&euro;","Availability":"In stock"},"schema":{"@context":"https:\/\/schema.org","@graph":[{"@type":["WebPage","ItemPage"],"@id":"https:\/\/oplitegames.com\/es\/producto\/support-joystick-manette-des-gaz-et-boite-de-vitesse\/","url":"https:\/\/oplitegames.com\/es\/producto\/support-joystick-manette-des-gaz-et-boite-de-vitesse\/","name":"Soporte para joystick, acelerador y caja de cambios - OPLITE","isPartOf":{"@id":"https:\/\/oplitegames.com\/#website"},"primaryImageOfPage":{"@id":"https:\/\/oplitegames.com\/es\/producto\/support-joystick-manette-des-gaz-et-boite-de-vitesse\/#primaryimage"},"image":{"@id":"https:\/\/oplitegames.com\/es\/producto\/support-joystick-manette-des-gaz-et-boite-de-vitesse\/#primaryimage"},"thumbnailUrl":"https:\/\/oplitegames-preprod.ezratis.fr\/wp-content\/uploads\/1-24-1.png","datePublished":"2023-01-20T13:15:18+00:00","dateModified":"2026-01-20T09:43:32+00:00","breadcrumb":{"@id":"https:\/\/oplitegames.com\/es\/producto\/support-joystick-manette-des-gaz-et-boite-de-vitesse\/#breadcrumb"},"inLanguage":"es","potentialAction":[{"@type":"ReadAction","target":["https:\/\/oplitegames.com\/es\/producto\/support-joystick-manette-des-gaz-et-boite-de-vitesse\/"]}]},{"@type":"ImageObject","inLanguage":"es","@id":"https:\/\/oplitegames.com\/es\/producto\/support-joystick-manette-des-gaz-et-boite-de-vitesse\/#primaryimage","url":"https:\/\/oplitegames-preprod.ezratis.fr\/wp-content\/uploads\/1-24-1.png","contentUrl":"https:\/\/oplitegames-preprod.ezratis.fr\/wp-content\/uploads\/1-24-1.png","width":1000,"height":1000},{"@type":"BreadcrumbList","@id":"https:\/\/oplitegames.com\/es\/producto\/support-joystick-manette-des-gaz-et-boite-de-vitesse\/#breadcrumb","itemListElement":[{"@type":"ListItem","position":1,"name":"Home","item":"https:\/\/oplitegames.com\/es\/oplite-gaming\/"},{"@type":"ListItem","position":2,"name":"Comercio","item":"https:\/\/oplitegames.com\/es\/comercio\/"},{"@type":"ListItem","position":3,"name":"Soporte para joystick, acelerador y caja de cambios"}]},{"@type":"WebSite","@id":"https:\/\/oplitegames.com\/#website","url":"https:\/\/oplitegames.com\/","name":"OPLITE","description":"","publisher":{"@id":"https:\/\/oplitegames.com\/#organization"},"potentialAction":[{"@type":"SearchAction","target":{"@type":"EntryPoint","urlTemplate":"https:\/\/oplitegames.com\/?s={search_term_string}"},"query-input":{"@type":"PropertyValueSpecification","valueRequired":true,"valueName":"search_term_string"}}],"inLanguage":"es"},{"@type":"Organization","@id":"https:\/\/oplitegames.com\/#organization","name":"OPLITE","url":"https:\/\/oplitegames.com\/","logo":{"@type":"ImageObject","inLanguage":"es","@id":"https:\/\/oplitegames.com\/#\/schema\/logo\/image\/","url":"https:\/\/oplitegames-preprod.ezratis.fr\/wp-content\/uploads\/cropped-cropped-Oplite-Blanc-casse-002-scaled-1.png","contentUrl":"https:\/\/oplitegames-preprod.ezratis.fr\/wp-content\/uploads\/cropped-cropped-Oplite-Blanc-casse-002-scaled-1.png","width":2509,"height":597,"caption":"OPLITE"},"image":{"@id":"https:\/\/oplitegames.com\/#\/schema\/logo\/image\/"}}]},"product_price_amount":"79.90","product_price_currency":"EUR","og_availability":"instock","product_availability":"instock","product_retailer_item_id":"96163","product_condition":"new"},"_links":{"self":[{"href":"https:\/\/oplitegames-preprod.ezratis.fr\/es\/wp-json\/wp\/v2\/product\/29518","targetHints":{"allow":["GET"]}}],"collection":[{"href":"https:\/\/oplitegames-preprod.ezratis.fr\/es\/wp-json\/wp\/v2\/product"}],"about":[{"href":"https:\/\/oplitegames-preprod.ezratis.fr\/es\/wp-json\/wp\/v2\/types\/product"}],"version-history":[{"count":4,"href":"https:\/\/oplitegames-preprod.ezratis.fr\/es\/wp-json\/wp\/v2\/product\/29518\/revisions"}],"predecessor-version":[{"id":53426,"href":"https:\/\/oplitegames-preprod.ezratis.fr\/es\/wp-json\/wp\/v2\/product\/29518\/revisions\/53426"}],"wp:featuredmedia":[{"embeddable":true,"href":"https:\/\/oplitegames-preprod.ezratis.fr\/es\/wp-json\/wp\/v2\/media\/28242"}],"wp:attachment":[{"href":"https:\/\/oplitegames-preprod.ezratis.fr\/es\/wp-json\/wp\/v2\/media?parent=29518"}],"wp:term":[{"taxonomy":"product_brand","embeddable":true,"href":"https:\/\/oplitegames-preprod.ezratis.fr\/es\/wp-json\/wp\/v2\/product_brand?post=29518"},{"taxonomy":"product_cat","embeddable":true,"href":"https:\/\/oplitegames-preprod.ezratis.fr\/es\/wp-json\/wp\/v2\/product_cat?post=29518"},{"taxonomy":"product_tag","embeddable":true,"href":"https:\/\/oplitegames-preprod.ezratis.fr\/es\/wp-json\/wp\/v2\/product_tag?post=29518"}],"curies":[{"name":"wp","href":"https:\/\/api.w.org\/{rel}","templated":true}]}}