{"id":29529,"date":"2023-04-06T17:24:01","date_gmt":"2023-04-06T15:24:01","guid":{"rendered":"https:\/\/oplitegames.com\/product\/oplite-mt10-monitor-arm\/"},"modified":"2025-12-16T17:49:56","modified_gmt":"2025-12-16T16:49:56","slug":"oplite-mt10-monitor-arm","status":"publish","type":"product","link":"https:\/\/oplitegames-preprod.ezratis.fr\/es\/producto\/oplite-mt10-monitor-arm\/","title":{"rendered":"MT10 Monitor Arm"},"content":{"rendered":"<p>En MT10 ha sido desarrollado para maximizar la eficiencia de su espacio, mejorando al mismo tiempo la ergonom\u00eda de su zona de trabajo o de juego. Sus principales ventajas proceden de un dise\u00f1o probado y sencillo, gracias a un sistema asistido por muelle de contrapeso, as\u00ed como de sus \u00e1ngulos de inclinaci\u00f3n que ofrecen una variedad casi infinita de posibilidades. Puede soportar dos pantallas de hasta 32 pulgadas cada una y un peso de hasta 8 kilogramos. Ofrece una gran flexibilidad de movimiento y orientaci\u00f3n para sus dos pantallas, ya sean planas o curvas, siempre que sean compatibles con los soportes universales VESA 75&#215;75 \u00f3 100&#215;100.<\/p>\n<p><span style=\"text-decoration: underline;\"><strong>Aspectos destacados:<\/strong> <\/span><br \/>\n\u2705Dise\u00f1o de aluminio de alta calidad, acero al carbono de alta densidad y carenado ABS.<br \/>\n\u2705Estilo \u00fanico que combina acero tubular y carenado de aluminio.<br \/>\n\u2705F\u00e1cil de ajustar, sus muelles le permiten ajustar perfectamente la disposici\u00f3n de sus pantallas sin ning\u00fan esfuerzo. El resultado es un puesto de trabajo o de juego ergon\u00f3mico, pr\u00e1ctico y de altas prestaciones.<br \/>\n\u2705Libera espacio, permiti\u00e9ndote elevar tus pantallas y liberar espacio en el escritorio.<br \/>\n\u2705 Se puede inclinar +90\/-45\u00b0 para trabajar o jugar c\u00f3modamente sentado o de pie. sentado o de pie.<br \/>\n\u2705Compatible con pantallas curvas y planas con un sistema de montaje que cumple la norma sistema de montaje VESA 75&#215;75 o 100&#215;100 de hasta 32&#8243;.<br \/>\n\u2705F\u00e1cil montaje en pantalla gracias a las placas VESA desmontables suministradas.<br \/>\n\u2705Fijaci\u00f3n del brazo a su escritorio mediante una abrazadera en &#8220;C&#8221; (abrazadera de anclaje) o 1 tornillo a trav\u00e9s de su escritorio.<br \/>\n\u2705Sistema de guiado de cables integrado en los brazos.<\/p>\n<p><span style=\"text-decoration: underline;\"><strong>Especificaciones t\u00e9cnicas:<\/strong> <\/span><br \/>\n\u2705 Tama\u00f1o de pantalla compatible: 17&#8243;-32&#8243;.<br \/>\n\u2705 N\u00famero de pantallas:2<br \/>\n\u2705 Capacidad de peso (por pantalla) :2~8kg.<br \/>\n\u2705 Rango de inclinaci\u00f3n: +90\u00b0~-45<br \/>\n\u2705 Rango de giro: +90\u00b0~-90<\/p>\n<p><span style=\"text-decoration: underline;\"><strong>Compatibilidad del producto :<\/strong> <\/span><br \/>\n\u2705 Todas las pantallas VESA: 75&#215;75,100&#215;100<br \/>\n\u2705 Todos los escritorios OPLITE<br \/>\n\u2705 Todos los escritorios de otros fabricantes<\/p>\n","protected":false},"excerpt":{"rendered":"<p>Ha llegado el momento de disfrutar de experiencias m\u00e1s inmersivas al tiempo que se libera espacio en el escritorio !<br \/>\nComo expertos en el dise\u00f1o de productos ergon\u00f3micos para los sectores de la oficina y los juegos, OPLITE presenta su nuevo brazo doble, el MT10.<\/p>\n[embed]https:\/\/www.youtube.com\/watch?v=CMZGjtxpDdI[\/embed]\n","protected":false},"featured_media":30495,"template":"","meta":{"_acf_changed":false,"footnotes":""},"product_brand":[],"product_cat":[729,716],"product_tag":[759],"class_list":{"0":"post-29529","1":"product","2":"type-product","3":"status-publish","4":"has-post-thumbnail","6":"product_cat-brazos-articulados","7":"product_cat-oficinas-streaming","8":"product_tag-oplite-gaming-es","9":"pa_colisage-pcb-4-es","11":"first","12":"instock","13":"taxable","14":"shipping-taxable","15":"purchasable","16":"product-type-simple"},"bundled_by":[],"bundle_stock_status":"instock","bundle_stock_quantity":286,"bundle_virtual":false,"bundle_layout":"","bundle_add_to_cart_form_location":"","bundle_editable_in_cart":false,"bundle_sold_individually_context":"","bundle_item_grouping":"","bundle_min_size":"","bundle_max_size":"","bundle_price":[],"bundled_items":[],"bundle_sell_ids":[],"acf":[],"yoast_head":"<!-- This site is optimized with the Yoast SEO plugin v27.3 - https:\/\/yoast.com\/product\/yoast-seo-wordpress\/ -->\n<title>MT10 Monitor Arm - OPLITE<\/title>\n<meta name=\"robots\" content=\"index, follow, max-snippet:-1, max-image-preview:large, max-video-preview:-1\" \/>\n<link rel=\"canonical\" href=\"https:\/\/oplitegames.com\/es\/producto\/oplite-mt10-monitor-arm\/\" \/>\n<meta property=\"og:locale\" content=\"es_ES\" \/>\n<meta property=\"og:type\" content=\"article\" \/>\n<meta property=\"og:title\" content=\"MT10 Monitor Arm - OPLITE\" \/>\n<meta property=\"og:description\" content=\"Ha llegado el momento de disfrutar de experiencias m\u00e1s inmersivas al tiempo que se libera espacio en el escritorio ! Como expertos en el dise\u00f1o de productos ergon\u00f3micos para los sectores de la oficina y los juegos, OPLITE presenta su nuevo brazo doble, el MT10.\" \/>\n<meta property=\"og:url\" content=\"https:\/\/oplitegames.com\/es\/producto\/oplite-mt10-monitor-arm\/\" \/>\n<meta property=\"og:site_name\" content=\"OPLITE\" \/>\n<meta property=\"article:modified_time\" content=\"2025-12-16T16:49:56+00:00\" \/>\n<meta property=\"og:image\" content=\"https:\/\/oplitegames.com\/wp-content\/uploads\/OPLITE-MT10-Monitor-Arm_06-1.png\" \/>\n\t<meta property=\"og:image:width\" content=\"1000\" \/>\n\t<meta property=\"og:image:height\" content=\"1000\" \/>\n\t<meta property=\"og:image:type\" content=\"image\/png\" \/>\n<meta name=\"twitter:card\" content=\"summary_large_image\" \/>\n<meta name=\"twitter:label1\" content=\"Price\" \/>\n\t<meta name=\"twitter:data1\" content=\"69,90&nbsp;&euro;\" \/>\n\t<meta name=\"twitter:label2\" content=\"Availability\" \/>\n\t<meta name=\"twitter:data2\" content=\"In stock\" \/>\n<script type=\"application\/ld+json\" class=\"yoast-schema-graph\">{\"@context\":\"https:\\\/\\\/schema.org\",\"@graph\":[{\"@type\":[\"WebPage\",\"ItemPage\"],\"@id\":\"https:\\\/\\\/oplitegames.com\\\/es\\\/producto\\\/oplite-mt10-monitor-arm\\\/\",\"url\":\"https:\\\/\\\/oplitegames.com\\\/es\\\/producto\\\/oplite-mt10-monitor-arm\\\/\",\"name\":\"MT10 Monitor Arm - OPLITE\",\"isPartOf\":{\"@id\":\"https:\\\/\\\/oplitegames.com\\\/#website\"},\"primaryImageOfPage\":{\"@id\":\"https:\\\/\\\/oplitegames.com\\\/es\\\/producto\\\/oplite-mt10-monitor-arm\\\/#primaryimage\"},\"image\":{\"@id\":\"https:\\\/\\\/oplitegames.com\\\/es\\\/producto\\\/oplite-mt10-monitor-arm\\\/#primaryimage\"},\"thumbnailUrl\":\"https:\\\/\\\/oplitegames-preprod.ezratis.fr\\\/wp-content\\\/uploads\\\/OPLITE-MT10-Monitor-Arm_06-1.png\",\"datePublished\":\"2023-04-06T15:24:01+00:00\",\"dateModified\":\"2025-12-16T16:49:56+00:00\",\"breadcrumb\":{\"@id\":\"https:\\\/\\\/oplitegames.com\\\/es\\\/producto\\\/oplite-mt10-monitor-arm\\\/#breadcrumb\"},\"inLanguage\":\"es\",\"potentialAction\":[{\"@type\":\"ReadAction\",\"target\":[\"https:\\\/\\\/oplitegames.com\\\/es\\\/producto\\\/oplite-mt10-monitor-arm\\\/\"]}]},{\"@type\":\"ImageObject\",\"inLanguage\":\"es\",\"@id\":\"https:\\\/\\\/oplitegames.com\\\/es\\\/producto\\\/oplite-mt10-monitor-arm\\\/#primaryimage\",\"url\":\"https:\\\/\\\/oplitegames-preprod.ezratis.fr\\\/wp-content\\\/uploads\\\/OPLITE-MT10-Monitor-Arm_06-1.png\",\"contentUrl\":\"https:\\\/\\\/oplitegames-preprod.ezratis.fr\\\/wp-content\\\/uploads\\\/OPLITE-MT10-Monitor-Arm_06-1.png\",\"width\":1000,\"height\":1000},{\"@type\":\"BreadcrumbList\",\"@id\":\"https:\\\/\\\/oplitegames.com\\\/es\\\/producto\\\/oplite-mt10-monitor-arm\\\/#breadcrumb\",\"itemListElement\":[{\"@type\":\"ListItem\",\"position\":1,\"name\":\"Home\",\"item\":\"https:\\\/\\\/oplitegames.com\\\/es\\\/oplite-gaming\\\/\"},{\"@type\":\"ListItem\",\"position\":2,\"name\":\"Comercio\",\"item\":\"https:\\\/\\\/oplitegames.com\\\/es\\\/comercio\\\/\"},{\"@type\":\"ListItem\",\"position\":3,\"name\":\"MT10 Monitor Arm\"}]},{\"@type\":\"WebSite\",\"@id\":\"https:\\\/\\\/oplitegames.com\\\/#website\",\"url\":\"https:\\\/\\\/oplitegames.com\\\/\",\"name\":\"OPLITE\",\"description\":\"\",\"publisher\":{\"@id\":\"https:\\\/\\\/oplitegames.com\\\/#organization\"},\"potentialAction\":[{\"@type\":\"SearchAction\",\"target\":{\"@type\":\"EntryPoint\",\"urlTemplate\":\"https:\\\/\\\/oplitegames.com\\\/?s={search_term_string}\"},\"query-input\":{\"@type\":\"PropertyValueSpecification\",\"valueRequired\":true,\"valueName\":\"search_term_string\"}}],\"inLanguage\":\"es\"},{\"@type\":\"Organization\",\"@id\":\"https:\\\/\\\/oplitegames.com\\\/#organization\",\"name\":\"OPLITE\",\"url\":\"https:\\\/\\\/oplitegames.com\\\/\",\"logo\":{\"@type\":\"ImageObject\",\"inLanguage\":\"es\",\"@id\":\"https:\\\/\\\/oplitegames.com\\\/#\\\/schema\\\/logo\\\/image\\\/\",\"url\":\"https:\\\/\\\/oplitegames-preprod.ezratis.fr\\\/wp-content\\\/uploads\\\/cropped-cropped-Oplite-Blanc-casse-002-scaled-1.png\",\"contentUrl\":\"https:\\\/\\\/oplitegames-preprod.ezratis.fr\\\/wp-content\\\/uploads\\\/cropped-cropped-Oplite-Blanc-casse-002-scaled-1.png\",\"width\":2509,\"height\":597,\"caption\":\"OPLITE\"},\"image\":{\"@id\":\"https:\\\/\\\/oplitegames.com\\\/#\\\/schema\\\/logo\\\/image\\\/\"}}]}<\/script>\n<meta property=\"product:price:amount\" content=\"69.90\" \/>\n<meta property=\"product:price:currency\" content=\"EUR\" \/>\n<meta property=\"og:availability\" content=\"instock\" \/>\n<meta property=\"product:availability\" content=\"instock\" \/>\n<meta property=\"product:retailer_item_id\" content=\"96449\" \/>\n<meta property=\"product:condition\" content=\"new\" \/>\n<!-- \/ Yoast SEO plugin. -->","yoast_head_json":{"title":"MT10 Monitor Arm - OPLITE","robots":{"index":"index","follow":"follow","max-snippet":"max-snippet:-1","max-image-preview":"max-image-preview:large","max-video-preview":"max-video-preview:-1"},"canonical":"https:\/\/oplitegames.com\/es\/producto\/oplite-mt10-monitor-arm\/","og_locale":"es_ES","og_type":"article","og_title":"MT10 Monitor Arm - OPLITE","og_description":"Ha llegado el momento de disfrutar de experiencias m\u00e1s inmersivas al tiempo que se libera espacio en el escritorio ! Como expertos en el dise\u00f1o de productos ergon\u00f3micos para los sectores de la oficina y los juegos, OPLITE presenta su nuevo brazo doble, el MT10.","og_url":"https:\/\/oplitegames.com\/es\/producto\/oplite-mt10-monitor-arm\/","og_site_name":"OPLITE","article_modified_time":"2025-12-16T16:49:56+00:00","og_image":[{"width":1000,"height":1000,"url":"https:\/\/oplitegames.com\/wp-content\/uploads\/OPLITE-MT10-Monitor-Arm_06-1.png","type":"image\/png"}],"twitter_card":"summary_large_image","twitter_misc":{"Price":"69,90&nbsp;&euro;","Availability":"In stock"},"schema":{"@context":"https:\/\/schema.org","@graph":[{"@type":["WebPage","ItemPage"],"@id":"https:\/\/oplitegames.com\/es\/producto\/oplite-mt10-monitor-arm\/","url":"https:\/\/oplitegames.com\/es\/producto\/oplite-mt10-monitor-arm\/","name":"MT10 Monitor Arm - OPLITE","isPartOf":{"@id":"https:\/\/oplitegames.com\/#website"},"primaryImageOfPage":{"@id":"https:\/\/oplitegames.com\/es\/producto\/oplite-mt10-monitor-arm\/#primaryimage"},"image":{"@id":"https:\/\/oplitegames.com\/es\/producto\/oplite-mt10-monitor-arm\/#primaryimage"},"thumbnailUrl":"https:\/\/oplitegames-preprod.ezratis.fr\/wp-content\/uploads\/OPLITE-MT10-Monitor-Arm_06-1.png","datePublished":"2023-04-06T15:24:01+00:00","dateModified":"2025-12-16T16:49:56+00:00","breadcrumb":{"@id":"https:\/\/oplitegames.com\/es\/producto\/oplite-mt10-monitor-arm\/#breadcrumb"},"inLanguage":"es","potentialAction":[{"@type":"ReadAction","target":["https:\/\/oplitegames.com\/es\/producto\/oplite-mt10-monitor-arm\/"]}]},{"@type":"ImageObject","inLanguage":"es","@id":"https:\/\/oplitegames.com\/es\/producto\/oplite-mt10-monitor-arm\/#primaryimage","url":"https:\/\/oplitegames-preprod.ezratis.fr\/wp-content\/uploads\/OPLITE-MT10-Monitor-Arm_06-1.png","contentUrl":"https:\/\/oplitegames-preprod.ezratis.fr\/wp-content\/uploads\/OPLITE-MT10-Monitor-Arm_06-1.png","width":1000,"height":1000},{"@type":"BreadcrumbList","@id":"https:\/\/oplitegames.com\/es\/producto\/oplite-mt10-monitor-arm\/#breadcrumb","itemListElement":[{"@type":"ListItem","position":1,"name":"Home","item":"https:\/\/oplitegames.com\/es\/oplite-gaming\/"},{"@type":"ListItem","position":2,"name":"Comercio","item":"https:\/\/oplitegames.com\/es\/comercio\/"},{"@type":"ListItem","position":3,"name":"MT10 Monitor Arm"}]},{"@type":"WebSite","@id":"https:\/\/oplitegames.com\/#website","url":"https:\/\/oplitegames.com\/","name":"OPLITE","description":"","publisher":{"@id":"https:\/\/oplitegames.com\/#organization"},"potentialAction":[{"@type":"SearchAction","target":{"@type":"EntryPoint","urlTemplate":"https:\/\/oplitegames.com\/?s={search_term_string}"},"query-input":{"@type":"PropertyValueSpecification","valueRequired":true,"valueName":"search_term_string"}}],"inLanguage":"es"},{"@type":"Organization","@id":"https:\/\/oplitegames.com\/#organization","name":"OPLITE","url":"https:\/\/oplitegames.com\/","logo":{"@type":"ImageObject","inLanguage":"es","@id":"https:\/\/oplitegames.com\/#\/schema\/logo\/image\/","url":"https:\/\/oplitegames-preprod.ezratis.fr\/wp-content\/uploads\/cropped-cropped-Oplite-Blanc-casse-002-scaled-1.png","contentUrl":"https:\/\/oplitegames-preprod.ezratis.fr\/wp-content\/uploads\/cropped-cropped-Oplite-Blanc-casse-002-scaled-1.png","width":2509,"height":597,"caption":"OPLITE"},"image":{"@id":"https:\/\/oplitegames.com\/#\/schema\/logo\/image\/"}}]},"product_price_amount":"69.90","product_price_currency":"EUR","og_availability":"instock","product_availability":"instock","product_retailer_item_id":"96449","product_condition":"new"},"_links":{"self":[{"href":"https:\/\/oplitegames-preprod.ezratis.fr\/es\/wp-json\/wp\/v2\/product\/29529","targetHints":{"allow":["GET"]}}],"collection":[{"href":"https:\/\/oplitegames-preprod.ezratis.fr\/es\/wp-json\/wp\/v2\/product"}],"about":[{"href":"https:\/\/oplitegames-preprod.ezratis.fr\/es\/wp-json\/wp\/v2\/types\/product"}],"version-history":[{"count":3,"href":"https:\/\/oplitegames-preprod.ezratis.fr\/es\/wp-json\/wp\/v2\/product\/29529\/revisions"}],"predecessor-version":[{"id":48265,"href":"https:\/\/oplitegames-preprod.ezratis.fr\/es\/wp-json\/wp\/v2\/product\/29529\/revisions\/48265"}],"wp:featuredmedia":[{"embeddable":true,"href":"https:\/\/oplitegames-preprod.ezratis.fr\/es\/wp-json\/wp\/v2\/media\/30495"}],"wp:attachment":[{"href":"https:\/\/oplitegames-preprod.ezratis.fr\/es\/wp-json\/wp\/v2\/media?parent=29529"}],"wp:term":[{"taxonomy":"product_brand","embeddable":true,"href":"https:\/\/oplitegames-preprod.ezratis.fr\/es\/wp-json\/wp\/v2\/product_brand?post=29529"},{"taxonomy":"product_cat","embeddable":true,"href":"https:\/\/oplitegames-preprod.ezratis.fr\/es\/wp-json\/wp\/v2\/product_cat?post=29529"},{"taxonomy":"product_tag","embeddable":true,"href":"https:\/\/oplitegames-preprod.ezratis.fr\/es\/wp-json\/wp\/v2\/product_tag?post=29529"}],"curies":[{"name":"wp","href":"https:\/\/api.w.org\/{rel}","templated":true}]}}