{"id":29533,"date":"2023-05-25T17:11:30","date_gmt":"2023-05-25T15:11:30","guid":{"rendered":"https:\/\/oplitegames.com\/?post_type=product&#038;p=29533"},"modified":"2026-01-20T10:43:15","modified_gmt":"2026-01-20T09:43:15","slug":"premium-microphone-arm","status":"publish","type":"product","link":"https:\/\/oplitegames-preprod.ezratis.fr\/es\/producto\/premium-microphone-arm\/","title":{"rendered":"Premium Microphone Arm"},"content":{"rendered":"<p><span style=\"text-decoration: underline;\"><strong>Descripci\u00f3n general:<\/strong><\/span><br \/>\nEl <strong>OP-PMA<\/strong> se ha desarrollado para mejorar la calidad de su voz durante podcasts, sesiones de juego o retransmisiones en directo, por lo que es igualmente adecuado para uso dom\u00e9stico en un escritorio o en un estudio de podcasting.<br \/>\nSus principales ventajas proceden de su dise\u00f1o innovador y su modularidad. De hecho, ofrece tres opciones de montaje diferentes para adaptarse a su entorno, ampliando considerablemente la gama de configuraciones y ajustes disponibles.<br \/>\nSoporte de gesti\u00f3n de cables con clip para ayudarle a liberar espacio y minimizar el desorden en su escritorio, creando un aspecto limpio y profesional.<\/p>\n<p><span style=\"text-decoration: underline;\"><strong>Aspectos destacados:<\/strong><\/span><br \/>\n\u2705Dise\u00f1o en aluminio de alta calidad, acero al carbono de alta densidad y carenado ABS.<br \/>\n\u2705Modular gracias a 3 montajes posibles y ajustable para una distancia \u00f3ptima.<br \/>\n\u2705Posicionamiento preciso y silencioso de su micr\u00f3fono gracias a sus componentes de aluminio.<br \/>\n\u2705Giro completo de 360 grados y basculaci\u00f3n de 180 grados gracias a una r\u00f3tula.<br \/>\n\u2705Compatible con todos los soportes de micr\u00f3fono est\u00e1ndar (adaptadores de 3\/8&#8221; y 5\/8&#8221; incluidos).<br \/>\n\u2705Cabeza giratoria que simplifica el proceso de instalaci\u00f3n del micr\u00f3fono.<br \/>\n\u2705Fijaci\u00f3n del brazo a su escritorio mediante una abrazadera en &#8220;C&#8221; o 1 tornillo a trav\u00e9s de su escritorio.<br \/>\n\u2705Sistema de gu\u00eda de cables que se sujeta al brazo.<\/p>\n<p><span style=\"text-decoration: underline;\"><strong>Especificaciones t\u00e9cnicas :<\/strong><\/span><br \/>\n\u2705 3 montajes posibles<br \/>\n\u2705 Capacidad de peso (para 1 micr\u00f3fono) :2kg<br \/>\n\u2705 Movimiento de rotaci\u00f3n de 360<\/p>\n<table style=\"height: 397px;\" width=\"999\">\n<thead>\n<tr>\n<th>Assemblage 1<\/th>\n<th>Assemblage 2<\/th>\n<th>Assemblage 3<\/th>\n<\/tr>\n<\/thead>\n<tbody>\n<tr>\n<td><img decoding=\"async\" src=\"https:\/\/vm-wpexertis-oplite-staging.westeurope.cloudapp.azure.com\/wp-content\/uploads\/MICRO1.png\" alt=\"Assemblage micro 1 width=100% height=80%\" \/><\/td>\n<td><img decoding=\"async\" src=\"https:\/\/vm-wpexertis-oplite-staging.westeurope.cloudapp.azure.com\/wp-content\/uploads\/MICRO2.png\" alt=\"Assemblage micro 2 width=100% height=80%\" \/><\/td>\n<td><img decoding=\"async\" src=\"https:\/\/vm-wpexertis-oplite-staging.westeurope.cloudapp.azure.com\/wp-content\/uploads\/MICRO3.png\" alt=\"Assemblage micro 3 width=100% height=80%\" \/><\/td>\n<\/tr>\n<\/tbody>\n<\/table>\n<p><span style=\"text-decoration: underline;\"><strong>Caract\u00e9ristiques techniques :<\/strong><\/span><br \/>\n\u2705 3 Assemblages possibles<br \/>\n\u2705 Capacit\u00e9 de poids (pour 1 microphone) :2kg<br \/>\n\u2705 Mouvement rotatif \u00e0 360\u00b0<\/p>\n","protected":false},"excerpt":{"rendered":"<p>Ha llegado el momento de disfrutar de experiencias m\u00e1s envolventes al tiempo que se libera espacio en el escritorio.<br \/>\nComo expertos en el dise\u00f1o de productos ergon\u00f3micos para los sectores de la oficina y los juegos, OPLITE presenta su nuevo brazo de micr\u00f3fono, el <strong>OP-PMA<\/strong>.<\/p>\n","protected":false},"featured_media":29074,"template":"","meta":{"_acf_changed":false,"footnotes":""},"product_brand":[],"product_cat":[720,716],"product_tag":[759],"class_list":{"0":"post-29533","1":"product","2":"type-product","3":"status-publish","4":"has-post-thumbnail","6":"product_cat-accesorios-streaming","7":"product_cat-oficinas-streaming","8":"product_tag-oplite-gaming-es","9":"pa_colisage-pcb-9-es","11":"first","12":"instock","13":"taxable","14":"shipping-taxable","15":"purchasable","16":"product-type-simple"},"bundled_by":[],"bundle_stock_status":"instock","bundle_stock_quantity":65,"bundle_virtual":false,"bundle_layout":"","bundle_add_to_cart_form_location":"","bundle_editable_in_cart":false,"bundle_sold_individually_context":"","bundle_item_grouping":"","bundle_min_size":"","bundle_max_size":"","bundle_price":[],"bundled_items":[],"bundle_sell_ids":[],"acf":[],"yoast_head":"<!-- This site is optimized with the Yoast SEO plugin v27.3 - https:\/\/yoast.com\/product\/yoast-seo-wordpress\/ -->\n<title>Premium Microphone Arm - OPLITE<\/title>\n<meta name=\"robots\" content=\"index, follow, max-snippet:-1, max-image-preview:large, max-video-preview:-1\" \/>\n<link rel=\"canonical\" href=\"https:\/\/oplitegames.com\/es\/producto\/premium-microphone-arm\/\" \/>\n<meta property=\"og:locale\" content=\"es_ES\" \/>\n<meta property=\"og:type\" content=\"article\" \/>\n<meta property=\"og:title\" content=\"Premium Microphone Arm - OPLITE\" \/>\n<meta property=\"og:description\" content=\"Ha llegado el momento de disfrutar de experiencias m\u00e1s envolventes al tiempo que se libera espacio en el escritorio. Como expertos en el dise\u00f1o de productos ergon\u00f3micos para los sectores de la oficina y los juegos, OPLITE presenta su nuevo brazo de micr\u00f3fono, el OP-PMA.\" \/>\n<meta property=\"og:url\" content=\"https:\/\/oplitegames.com\/es\/producto\/premium-microphone-arm\/\" \/>\n<meta property=\"og:site_name\" content=\"OPLITE\" \/>\n<meta property=\"article:modified_time\" content=\"2026-01-20T09:43:15+00:00\" \/>\n<meta property=\"og:image\" content=\"https:\/\/oplitegames.com\/wp-content\/uploads\/OP-PMA_1.png\" \/>\n\t<meta property=\"og:image:width\" content=\"1000\" \/>\n\t<meta property=\"og:image:height\" content=\"1000\" \/>\n\t<meta property=\"og:image:type\" content=\"image\/png\" \/>\n<meta name=\"twitter:card\" content=\"summary_large_image\" \/>\n<meta name=\"twitter:label1\" content=\"Price\" \/>\n\t<meta name=\"twitter:data1\" content=\"79,90&nbsp;&euro;\" \/>\n\t<meta name=\"twitter:label2\" content=\"Availability\" \/>\n\t<meta name=\"twitter:data2\" content=\"In stock\" \/>\n<script type=\"application\/ld+json\" class=\"yoast-schema-graph\">{\"@context\":\"https:\\\/\\\/schema.org\",\"@graph\":[{\"@type\":[\"WebPage\",\"ItemPage\"],\"@id\":\"https:\\\/\\\/oplitegames.com\\\/es\\\/producto\\\/premium-microphone-arm\\\/\",\"url\":\"https:\\\/\\\/oplitegames.com\\\/es\\\/producto\\\/premium-microphone-arm\\\/\",\"name\":\"Premium Microphone Arm - OPLITE\",\"isPartOf\":{\"@id\":\"https:\\\/\\\/oplitegames.com\\\/#website\"},\"primaryImageOfPage\":{\"@id\":\"https:\\\/\\\/oplitegames.com\\\/es\\\/producto\\\/premium-microphone-arm\\\/#primaryimage\"},\"image\":{\"@id\":\"https:\\\/\\\/oplitegames.com\\\/es\\\/producto\\\/premium-microphone-arm\\\/#primaryimage\"},\"thumbnailUrl\":\"https:\\\/\\\/oplitegames-preprod.ezratis.fr\\\/wp-content\\\/uploads\\\/OP-PMA_1.png\",\"datePublished\":\"2023-05-25T15:11:30+00:00\",\"dateModified\":\"2026-01-20T09:43:15+00:00\",\"breadcrumb\":{\"@id\":\"https:\\\/\\\/oplitegames.com\\\/es\\\/producto\\\/premium-microphone-arm\\\/#breadcrumb\"},\"inLanguage\":\"es\",\"potentialAction\":[{\"@type\":\"ReadAction\",\"target\":[\"https:\\\/\\\/oplitegames.com\\\/es\\\/producto\\\/premium-microphone-arm\\\/\"]}]},{\"@type\":\"ImageObject\",\"inLanguage\":\"es\",\"@id\":\"https:\\\/\\\/oplitegames.com\\\/es\\\/producto\\\/premium-microphone-arm\\\/#primaryimage\",\"url\":\"https:\\\/\\\/oplitegames-preprod.ezratis.fr\\\/wp-content\\\/uploads\\\/OP-PMA_1.png\",\"contentUrl\":\"https:\\\/\\\/oplitegames-preprod.ezratis.fr\\\/wp-content\\\/uploads\\\/OP-PMA_1.png\",\"width\":1000,\"height\":1000},{\"@type\":\"BreadcrumbList\",\"@id\":\"https:\\\/\\\/oplitegames.com\\\/es\\\/producto\\\/premium-microphone-arm\\\/#breadcrumb\",\"itemListElement\":[{\"@type\":\"ListItem\",\"position\":1,\"name\":\"Home\",\"item\":\"https:\\\/\\\/oplitegames.com\\\/es\\\/oplite-gaming\\\/\"},{\"@type\":\"ListItem\",\"position\":2,\"name\":\"Comercio\",\"item\":\"https:\\\/\\\/oplitegames.com\\\/es\\\/comercio\\\/\"},{\"@type\":\"ListItem\",\"position\":3,\"name\":\"Premium Microphone Arm\"}]},{\"@type\":\"WebSite\",\"@id\":\"https:\\\/\\\/oplitegames.com\\\/#website\",\"url\":\"https:\\\/\\\/oplitegames.com\\\/\",\"name\":\"OPLITE\",\"description\":\"\",\"publisher\":{\"@id\":\"https:\\\/\\\/oplitegames.com\\\/#organization\"},\"potentialAction\":[{\"@type\":\"SearchAction\",\"target\":{\"@type\":\"EntryPoint\",\"urlTemplate\":\"https:\\\/\\\/oplitegames.com\\\/?s={search_term_string}\"},\"query-input\":{\"@type\":\"PropertyValueSpecification\",\"valueRequired\":true,\"valueName\":\"search_term_string\"}}],\"inLanguage\":\"es\"},{\"@type\":\"Organization\",\"@id\":\"https:\\\/\\\/oplitegames.com\\\/#organization\",\"name\":\"OPLITE\",\"url\":\"https:\\\/\\\/oplitegames.com\\\/\",\"logo\":{\"@type\":\"ImageObject\",\"inLanguage\":\"es\",\"@id\":\"https:\\\/\\\/oplitegames.com\\\/#\\\/schema\\\/logo\\\/image\\\/\",\"url\":\"https:\\\/\\\/oplitegames-preprod.ezratis.fr\\\/wp-content\\\/uploads\\\/cropped-cropped-Oplite-Blanc-casse-002-scaled-1.png\",\"contentUrl\":\"https:\\\/\\\/oplitegames-preprod.ezratis.fr\\\/wp-content\\\/uploads\\\/cropped-cropped-Oplite-Blanc-casse-002-scaled-1.png\",\"width\":2509,\"height\":597,\"caption\":\"OPLITE\"},\"image\":{\"@id\":\"https:\\\/\\\/oplitegames.com\\\/#\\\/schema\\\/logo\\\/image\\\/\"}}]}<\/script>\n<meta property=\"product:price:amount\" content=\"79.90\" \/>\n<meta property=\"product:price:currency\" content=\"EUR\" \/>\n<meta property=\"og:availability\" content=\"instock\" \/>\n<meta property=\"product:availability\" content=\"instock\" \/>\n<meta property=\"product:retailer_item_id\" content=\"96450\" \/>\n<meta property=\"product:condition\" content=\"new\" \/>\n<!-- \/ Yoast SEO plugin. -->","yoast_head_json":{"title":"Premium Microphone Arm - OPLITE","robots":{"index":"index","follow":"follow","max-snippet":"max-snippet:-1","max-image-preview":"max-image-preview:large","max-video-preview":"max-video-preview:-1"},"canonical":"https:\/\/oplitegames.com\/es\/producto\/premium-microphone-arm\/","og_locale":"es_ES","og_type":"article","og_title":"Premium Microphone Arm - OPLITE","og_description":"Ha llegado el momento de disfrutar de experiencias m\u00e1s envolventes al tiempo que se libera espacio en el escritorio. Como expertos en el dise\u00f1o de productos ergon\u00f3micos para los sectores de la oficina y los juegos, OPLITE presenta su nuevo brazo de micr\u00f3fono, el OP-PMA.","og_url":"https:\/\/oplitegames.com\/es\/producto\/premium-microphone-arm\/","og_site_name":"OPLITE","article_modified_time":"2026-01-20T09:43:15+00:00","og_image":[{"width":1000,"height":1000,"url":"https:\/\/oplitegames.com\/wp-content\/uploads\/OP-PMA_1.png","type":"image\/png"}],"twitter_card":"summary_large_image","twitter_misc":{"Price":"79,90&nbsp;&euro;","Availability":"In stock"},"schema":{"@context":"https:\/\/schema.org","@graph":[{"@type":["WebPage","ItemPage"],"@id":"https:\/\/oplitegames.com\/es\/producto\/premium-microphone-arm\/","url":"https:\/\/oplitegames.com\/es\/producto\/premium-microphone-arm\/","name":"Premium Microphone Arm - OPLITE","isPartOf":{"@id":"https:\/\/oplitegames.com\/#website"},"primaryImageOfPage":{"@id":"https:\/\/oplitegames.com\/es\/producto\/premium-microphone-arm\/#primaryimage"},"image":{"@id":"https:\/\/oplitegames.com\/es\/producto\/premium-microphone-arm\/#primaryimage"},"thumbnailUrl":"https:\/\/oplitegames-preprod.ezratis.fr\/wp-content\/uploads\/OP-PMA_1.png","datePublished":"2023-05-25T15:11:30+00:00","dateModified":"2026-01-20T09:43:15+00:00","breadcrumb":{"@id":"https:\/\/oplitegames.com\/es\/producto\/premium-microphone-arm\/#breadcrumb"},"inLanguage":"es","potentialAction":[{"@type":"ReadAction","target":["https:\/\/oplitegames.com\/es\/producto\/premium-microphone-arm\/"]}]},{"@type":"ImageObject","inLanguage":"es","@id":"https:\/\/oplitegames.com\/es\/producto\/premium-microphone-arm\/#primaryimage","url":"https:\/\/oplitegames-preprod.ezratis.fr\/wp-content\/uploads\/OP-PMA_1.png","contentUrl":"https:\/\/oplitegames-preprod.ezratis.fr\/wp-content\/uploads\/OP-PMA_1.png","width":1000,"height":1000},{"@type":"BreadcrumbList","@id":"https:\/\/oplitegames.com\/es\/producto\/premium-microphone-arm\/#breadcrumb","itemListElement":[{"@type":"ListItem","position":1,"name":"Home","item":"https:\/\/oplitegames.com\/es\/oplite-gaming\/"},{"@type":"ListItem","position":2,"name":"Comercio","item":"https:\/\/oplitegames.com\/es\/comercio\/"},{"@type":"ListItem","position":3,"name":"Premium Microphone Arm"}]},{"@type":"WebSite","@id":"https:\/\/oplitegames.com\/#website","url":"https:\/\/oplitegames.com\/","name":"OPLITE","description":"","publisher":{"@id":"https:\/\/oplitegames.com\/#organization"},"potentialAction":[{"@type":"SearchAction","target":{"@type":"EntryPoint","urlTemplate":"https:\/\/oplitegames.com\/?s={search_term_string}"},"query-input":{"@type":"PropertyValueSpecification","valueRequired":true,"valueName":"search_term_string"}}],"inLanguage":"es"},{"@type":"Organization","@id":"https:\/\/oplitegames.com\/#organization","name":"OPLITE","url":"https:\/\/oplitegames.com\/","logo":{"@type":"ImageObject","inLanguage":"es","@id":"https:\/\/oplitegames.com\/#\/schema\/logo\/image\/","url":"https:\/\/oplitegames-preprod.ezratis.fr\/wp-content\/uploads\/cropped-cropped-Oplite-Blanc-casse-002-scaled-1.png","contentUrl":"https:\/\/oplitegames-preprod.ezratis.fr\/wp-content\/uploads\/cropped-cropped-Oplite-Blanc-casse-002-scaled-1.png","width":2509,"height":597,"caption":"OPLITE"},"image":{"@id":"https:\/\/oplitegames.com\/#\/schema\/logo\/image\/"}}]},"product_price_amount":"79.90","product_price_currency":"EUR","og_availability":"instock","product_availability":"instock","product_retailer_item_id":"96450","product_condition":"new"},"_links":{"self":[{"href":"https:\/\/oplitegames-preprod.ezratis.fr\/es\/wp-json\/wp\/v2\/product\/29533","targetHints":{"allow":["GET"]}}],"collection":[{"href":"https:\/\/oplitegames-preprod.ezratis.fr\/es\/wp-json\/wp\/v2\/product"}],"about":[{"href":"https:\/\/oplitegames-preprod.ezratis.fr\/es\/wp-json\/wp\/v2\/types\/product"}],"version-history":[{"count":2,"href":"https:\/\/oplitegames-preprod.ezratis.fr\/es\/wp-json\/wp\/v2\/product\/29533\/revisions"}],"predecessor-version":[{"id":48306,"href":"https:\/\/oplitegames-preprod.ezratis.fr\/es\/wp-json\/wp\/v2\/product\/29533\/revisions\/48306"}],"wp:featuredmedia":[{"embeddable":true,"href":"https:\/\/oplitegames-preprod.ezratis.fr\/es\/wp-json\/wp\/v2\/media\/29074"}],"wp:attachment":[{"href":"https:\/\/oplitegames-preprod.ezratis.fr\/es\/wp-json\/wp\/v2\/media?parent=29533"}],"wp:term":[{"taxonomy":"product_brand","embeddable":true,"href":"https:\/\/oplitegames-preprod.ezratis.fr\/es\/wp-json\/wp\/v2\/product_brand?post=29533"},{"taxonomy":"product_cat","embeddable":true,"href":"https:\/\/oplitegames-preprod.ezratis.fr\/es\/wp-json\/wp\/v2\/product_cat?post=29533"},{"taxonomy":"product_tag","embeddable":true,"href":"https:\/\/oplitegames-preprod.ezratis.fr\/es\/wp-json\/wp\/v2\/product_tag?post=29533"}],"curies":[{"name":"wp","href":"https:\/\/api.w.org\/{rel}","templated":true}]}}