{"id":29569,"date":"2023-02-02T06:01:03","date_gmt":"2023-02-02T05:01:03","guid":{"rendered":"https:\/\/oplitegames.com\/product\/oplite-triple-monitor-stand\/"},"modified":"2026-01-20T10:44:00","modified_gmt":"2026-01-20T09:44:00","slug":"oplite-triple-monitor-stand","status":"publish","type":"product","link":"https:\/\/oplitegames-preprod.ezratis.fr\/es\/producto\/oplite-triple-monitor-stand\/","title":{"rendered":"Triple Monitor Stand GTR"},"content":{"rendered":"<p>Sus pantallas estar\u00e1n perfectamente integradas en su cockpit gracias al <strong>TRIPLE MONITOR STAND GTR<\/strong>. Este soporte para triple monitor ha sido especialmente dise\u00f1ado para adaptarse a todas las generaciones de cabinas OPLITE de la serie GTR. Al igual que su cockpit, su dise\u00f1o se inspira en el mundo del automovilismo y las opciones de ajuste se han mejorado meticulosamente para ofrecer una ergonom\u00eda lo m\u00e1s parecida posible a la real.<br \/>\nLe seducir\u00e1n el aspecto y la robustez general de todo su equipo de conducci\u00f3n, as\u00ed como sus opciones de ajuste.<\/p>\n<p><span style=\"text-decoration: underline;\"><strong>Especificaciones t\u00e9cnicas:<\/strong><\/span><br \/>\n\u2022 Estructura tubular de \u00d848 mm para una estabilidad y rigidez m\u00e1ximas<br \/>\n\u2022 Tornillos de acero niquelado e insertos roscados de alta calidad procedentes de la industria del autom\u00f3vil.<br \/>\n\u2022 Altura de la pantalla ajustable en 2 posiciones para una comodidad de visualizaci\u00f3n \u00f3ptima: 955\/1005 mm (37,6\u2033\/39,6\u2033)<br \/>\n\u2022 Sistema de bloqueo antirrobo para asegurar sus 3 pantallas<br \/>\n\u2022 Tornillos incluidos para asegurar sus pantallas \/ se adapta a la mayor\u00eda de las pantallas<\/p>\n<p><span style=\"text-decoration: underline;\"><strong>Compatibilidad con pantallas :<\/strong><\/span><br \/>\n\u2022 Pantallas planas de hasta 3\u00d732 pulgadas<br \/>\n\u2022 Todo tipo de pantallas, est\u00e1ndares VESA: 75\u00d775,100\u00d7100,200\u00d7100,200\u00d7200,300\u00d7200,400\u00d7200<\/p>\n<p><span style=\"text-decoration: underline;\"><strong>Compatibilidad del producto :<\/strong><\/span><br \/>\n100% Compatible con las cabinas de la serie GTR<\/p>\n","protected":false},"excerpt":{"rendered":"<p>Expertos en el dise\u00f1o de productos ergon\u00f3micos para los sectores de oficina y gaming, OPLITE presenta su <strong>TRIPLE MONITOR STAND GTR<\/strong>, compatible con todas las generaciones de cockpits OPLITE GTR.<br \/>\n\u00a1Es hora de pasar de jugador a piloto! Carreras de coches o aviaci\u00f3n, \u00a1elige!<\/p>\n","protected":false},"featured_media":28218,"template":"","meta":{"_acf_changed":false,"footnotes":""},"product_brand":[],"product_cat":[764,731],"product_tag":[759],"class_list":{"0":"post-29569","1":"product","2":"type-product","3":"status-publish","4":"has-post-thumbnail","6":"product_cat-cabina-gtr-s8-infinity-es","7":"product_cat-simuladores","8":"product_tag-oplite-gaming-es","9":"pa_colisage-pcb-1-es","11":"first","12":"instock","13":"taxable","14":"shipping-taxable","15":"purchasable","16":"product-type-simple"},"bundled_by":[],"bundle_stock_status":"instock","bundle_stock_quantity":10,"bundle_virtual":false,"bundle_layout":"","bundle_add_to_cart_form_location":"","bundle_editable_in_cart":false,"bundle_sold_individually_context":"","bundle_item_grouping":"","bundle_min_size":"","bundle_max_size":"","bundle_price":[],"bundled_items":[],"bundle_sell_ids":[],"acf":[],"yoast_head":"<!-- This site is optimized with the Yoast SEO plugin v27.3 - https:\/\/yoast.com\/product\/yoast-seo-wordpress\/ -->\n<title>Triple Monitor Stand GTR - OPLITE<\/title>\n<meta name=\"robots\" content=\"index, follow, max-snippet:-1, max-image-preview:large, max-video-preview:-1\" \/>\n<link rel=\"canonical\" href=\"https:\/\/oplitegames.com\/es\/producto\/oplite-triple-monitor-stand\/\" \/>\n<meta property=\"og:locale\" content=\"es_ES\" \/>\n<meta property=\"og:type\" content=\"article\" \/>\n<meta property=\"og:title\" content=\"Triple Monitor Stand GTR - OPLITE\" \/>\n<meta property=\"og:description\" content=\"Expertos en el dise\u00f1o de productos ergon\u00f3micos para los sectores de oficina y gaming, OPLITE presenta su TRIPLE MONITOR STAND GTR, compatible con todas las generaciones de cockpits OPLITE GTR. \u00a1Es hora de pasar de jugador a piloto! Carreras de coches o aviaci\u00f3n, \u00a1elige!\" \/>\n<meta property=\"og:url\" content=\"https:\/\/oplitegames.com\/es\/producto\/oplite-triple-monitor-stand\/\" \/>\n<meta property=\"og:site_name\" content=\"OPLITE\" \/>\n<meta property=\"article:modified_time\" content=\"2026-01-20T09:44:00+00:00\" \/>\n<meta property=\"og:image\" content=\"https:\/\/oplitegames.com\/wp-content\/uploads\/OPLITE-TRIPLE-MONITOR-STAND-EX-4-1-1.png\" \/>\n\t<meta property=\"og:image:width\" content=\"1000\" \/>\n\t<meta property=\"og:image:height\" content=\"1000\" \/>\n\t<meta property=\"og:image:type\" content=\"image\/png\" \/>\n<meta name=\"twitter:card\" content=\"summary_large_image\" \/>\n<meta name=\"twitter:label1\" content=\"Price\" \/>\n\t<meta name=\"twitter:data1\" content=\"299,90&nbsp;&euro;\" \/>\n\t<meta name=\"twitter:label2\" content=\"Availability\" \/>\n\t<meta name=\"twitter:data2\" content=\"In stock\" \/>\n<script type=\"application\/ld+json\" class=\"yoast-schema-graph\">{\"@context\":\"https:\\\/\\\/schema.org\",\"@graph\":[{\"@type\":[\"WebPage\",\"ItemPage\"],\"@id\":\"https:\\\/\\\/oplitegames.com\\\/es\\\/producto\\\/oplite-triple-monitor-stand\\\/\",\"url\":\"https:\\\/\\\/oplitegames.com\\\/es\\\/producto\\\/oplite-triple-monitor-stand\\\/\",\"name\":\"Triple Monitor Stand GTR - OPLITE\",\"isPartOf\":{\"@id\":\"https:\\\/\\\/oplitegames.com\\\/#website\"},\"primaryImageOfPage\":{\"@id\":\"https:\\\/\\\/oplitegames.com\\\/es\\\/producto\\\/oplite-triple-monitor-stand\\\/#primaryimage\"},\"image\":{\"@id\":\"https:\\\/\\\/oplitegames.com\\\/es\\\/producto\\\/oplite-triple-monitor-stand\\\/#primaryimage\"},\"thumbnailUrl\":\"https:\\\/\\\/oplitegames-preprod.ezratis.fr\\\/wp-content\\\/uploads\\\/OPLITE-TRIPLE-MONITOR-STAND-EX-4-1-1.png\",\"datePublished\":\"2023-02-02T05:01:03+00:00\",\"dateModified\":\"2026-01-20T09:44:00+00:00\",\"breadcrumb\":{\"@id\":\"https:\\\/\\\/oplitegames.com\\\/es\\\/producto\\\/oplite-triple-monitor-stand\\\/#breadcrumb\"},\"inLanguage\":\"es\",\"potentialAction\":[{\"@type\":\"ReadAction\",\"target\":[\"https:\\\/\\\/oplitegames.com\\\/es\\\/producto\\\/oplite-triple-monitor-stand\\\/\"]}]},{\"@type\":\"ImageObject\",\"inLanguage\":\"es\",\"@id\":\"https:\\\/\\\/oplitegames.com\\\/es\\\/producto\\\/oplite-triple-monitor-stand\\\/#primaryimage\",\"url\":\"https:\\\/\\\/oplitegames-preprod.ezratis.fr\\\/wp-content\\\/uploads\\\/OPLITE-TRIPLE-MONITOR-STAND-EX-4-1-1.png\",\"contentUrl\":\"https:\\\/\\\/oplitegames-preprod.ezratis.fr\\\/wp-content\\\/uploads\\\/OPLITE-TRIPLE-MONITOR-STAND-EX-4-1-1.png\",\"width\":1000,\"height\":1000},{\"@type\":\"BreadcrumbList\",\"@id\":\"https:\\\/\\\/oplitegames.com\\\/es\\\/producto\\\/oplite-triple-monitor-stand\\\/#breadcrumb\",\"itemListElement\":[{\"@type\":\"ListItem\",\"position\":1,\"name\":\"Home\",\"item\":\"https:\\\/\\\/oplitegames.com\\\/es\\\/oplite-gaming\\\/\"},{\"@type\":\"ListItem\",\"position\":2,\"name\":\"Comercio\",\"item\":\"https:\\\/\\\/oplitegames.com\\\/es\\\/comercio\\\/\"},{\"@type\":\"ListItem\",\"position\":3,\"name\":\"Triple Monitor Stand GTR\"}]},{\"@type\":\"WebSite\",\"@id\":\"https:\\\/\\\/oplitegames.com\\\/#website\",\"url\":\"https:\\\/\\\/oplitegames.com\\\/\",\"name\":\"OPLITE\",\"description\":\"\",\"publisher\":{\"@id\":\"https:\\\/\\\/oplitegames.com\\\/#organization\"},\"potentialAction\":[{\"@type\":\"SearchAction\",\"target\":{\"@type\":\"EntryPoint\",\"urlTemplate\":\"https:\\\/\\\/oplitegames.com\\\/?s={search_term_string}\"},\"query-input\":{\"@type\":\"PropertyValueSpecification\",\"valueRequired\":true,\"valueName\":\"search_term_string\"}}],\"inLanguage\":\"es\"},{\"@type\":\"Organization\",\"@id\":\"https:\\\/\\\/oplitegames.com\\\/#organization\",\"name\":\"OPLITE\",\"url\":\"https:\\\/\\\/oplitegames.com\\\/\",\"logo\":{\"@type\":\"ImageObject\",\"inLanguage\":\"es\",\"@id\":\"https:\\\/\\\/oplitegames.com\\\/#\\\/schema\\\/logo\\\/image\\\/\",\"url\":\"https:\\\/\\\/oplitegames-preprod.ezratis.fr\\\/wp-content\\\/uploads\\\/cropped-cropped-Oplite-Blanc-casse-002-scaled-1.png\",\"contentUrl\":\"https:\\\/\\\/oplitegames-preprod.ezratis.fr\\\/wp-content\\\/uploads\\\/cropped-cropped-Oplite-Blanc-casse-002-scaled-1.png\",\"width\":2509,\"height\":597,\"caption\":\"OPLITE\"},\"image\":{\"@id\":\"https:\\\/\\\/oplitegames.com\\\/#\\\/schema\\\/logo\\\/image\\\/\"}}]}<\/script>\n<meta property=\"product:price:amount\" content=\"299.90\" \/>\n<meta property=\"product:price:currency\" content=\"EUR\" \/>\n<meta property=\"og:availability\" content=\"instock\" \/>\n<meta property=\"product:availability\" content=\"instock\" \/>\n<meta property=\"product:retailer_item_id\" content=\"86767\" \/>\n<meta property=\"product:condition\" content=\"new\" \/>\n<!-- \/ Yoast SEO plugin. -->","yoast_head_json":{"title":"Triple Monitor Stand GTR - OPLITE","robots":{"index":"index","follow":"follow","max-snippet":"max-snippet:-1","max-image-preview":"max-image-preview:large","max-video-preview":"max-video-preview:-1"},"canonical":"https:\/\/oplitegames.com\/es\/producto\/oplite-triple-monitor-stand\/","og_locale":"es_ES","og_type":"article","og_title":"Triple Monitor Stand GTR - OPLITE","og_description":"Expertos en el dise\u00f1o de productos ergon\u00f3micos para los sectores de oficina y gaming, OPLITE presenta su TRIPLE MONITOR STAND GTR, compatible con todas las generaciones de cockpits OPLITE GTR. \u00a1Es hora de pasar de jugador a piloto! Carreras de coches o aviaci\u00f3n, \u00a1elige!","og_url":"https:\/\/oplitegames.com\/es\/producto\/oplite-triple-monitor-stand\/","og_site_name":"OPLITE","article_modified_time":"2026-01-20T09:44:00+00:00","og_image":[{"width":1000,"height":1000,"url":"https:\/\/oplitegames.com\/wp-content\/uploads\/OPLITE-TRIPLE-MONITOR-STAND-EX-4-1-1.png","type":"image\/png"}],"twitter_card":"summary_large_image","twitter_misc":{"Price":"299,90&nbsp;&euro;","Availability":"In stock"},"schema":{"@context":"https:\/\/schema.org","@graph":[{"@type":["WebPage","ItemPage"],"@id":"https:\/\/oplitegames.com\/es\/producto\/oplite-triple-monitor-stand\/","url":"https:\/\/oplitegames.com\/es\/producto\/oplite-triple-monitor-stand\/","name":"Triple Monitor Stand GTR - OPLITE","isPartOf":{"@id":"https:\/\/oplitegames.com\/#website"},"primaryImageOfPage":{"@id":"https:\/\/oplitegames.com\/es\/producto\/oplite-triple-monitor-stand\/#primaryimage"},"image":{"@id":"https:\/\/oplitegames.com\/es\/producto\/oplite-triple-monitor-stand\/#primaryimage"},"thumbnailUrl":"https:\/\/oplitegames-preprod.ezratis.fr\/wp-content\/uploads\/OPLITE-TRIPLE-MONITOR-STAND-EX-4-1-1.png","datePublished":"2023-02-02T05:01:03+00:00","dateModified":"2026-01-20T09:44:00+00:00","breadcrumb":{"@id":"https:\/\/oplitegames.com\/es\/producto\/oplite-triple-monitor-stand\/#breadcrumb"},"inLanguage":"es","potentialAction":[{"@type":"ReadAction","target":["https:\/\/oplitegames.com\/es\/producto\/oplite-triple-monitor-stand\/"]}]},{"@type":"ImageObject","inLanguage":"es","@id":"https:\/\/oplitegames.com\/es\/producto\/oplite-triple-monitor-stand\/#primaryimage","url":"https:\/\/oplitegames-preprod.ezratis.fr\/wp-content\/uploads\/OPLITE-TRIPLE-MONITOR-STAND-EX-4-1-1.png","contentUrl":"https:\/\/oplitegames-preprod.ezratis.fr\/wp-content\/uploads\/OPLITE-TRIPLE-MONITOR-STAND-EX-4-1-1.png","width":1000,"height":1000},{"@type":"BreadcrumbList","@id":"https:\/\/oplitegames.com\/es\/producto\/oplite-triple-monitor-stand\/#breadcrumb","itemListElement":[{"@type":"ListItem","position":1,"name":"Home","item":"https:\/\/oplitegames.com\/es\/oplite-gaming\/"},{"@type":"ListItem","position":2,"name":"Comercio","item":"https:\/\/oplitegames.com\/es\/comercio\/"},{"@type":"ListItem","position":3,"name":"Triple Monitor Stand GTR"}]},{"@type":"WebSite","@id":"https:\/\/oplitegames.com\/#website","url":"https:\/\/oplitegames.com\/","name":"OPLITE","description":"","publisher":{"@id":"https:\/\/oplitegames.com\/#organization"},"potentialAction":[{"@type":"SearchAction","target":{"@type":"EntryPoint","urlTemplate":"https:\/\/oplitegames.com\/?s={search_term_string}"},"query-input":{"@type":"PropertyValueSpecification","valueRequired":true,"valueName":"search_term_string"}}],"inLanguage":"es"},{"@type":"Organization","@id":"https:\/\/oplitegames.com\/#organization","name":"OPLITE","url":"https:\/\/oplitegames.com\/","logo":{"@type":"ImageObject","inLanguage":"es","@id":"https:\/\/oplitegames.com\/#\/schema\/logo\/image\/","url":"https:\/\/oplitegames-preprod.ezratis.fr\/wp-content\/uploads\/cropped-cropped-Oplite-Blanc-casse-002-scaled-1.png","contentUrl":"https:\/\/oplitegames-preprod.ezratis.fr\/wp-content\/uploads\/cropped-cropped-Oplite-Blanc-casse-002-scaled-1.png","width":2509,"height":597,"caption":"OPLITE"},"image":{"@id":"https:\/\/oplitegames.com\/#\/schema\/logo\/image\/"}}]},"product_price_amount":"299.90","product_price_currency":"EUR","og_availability":"instock","product_availability":"instock","product_retailer_item_id":"86767","product_condition":"new"},"_links":{"self":[{"href":"https:\/\/oplitegames-preprod.ezratis.fr\/es\/wp-json\/wp\/v2\/product\/29569","targetHints":{"allow":["GET"]}}],"collection":[{"href":"https:\/\/oplitegames-preprod.ezratis.fr\/es\/wp-json\/wp\/v2\/product"}],"about":[{"href":"https:\/\/oplitegames-preprod.ezratis.fr\/es\/wp-json\/wp\/v2\/types\/product"}],"version-history":[{"count":4,"href":"https:\/\/oplitegames-preprod.ezratis.fr\/es\/wp-json\/wp\/v2\/product\/29569\/revisions"}],"predecessor-version":[{"id":40416,"href":"https:\/\/oplitegames-preprod.ezratis.fr\/es\/wp-json\/wp\/v2\/product\/29569\/revisions\/40416"}],"wp:featuredmedia":[{"embeddable":true,"href":"https:\/\/oplitegames-preprod.ezratis.fr\/es\/wp-json\/wp\/v2\/media\/28218"}],"wp:attachment":[{"href":"https:\/\/oplitegames-preprod.ezratis.fr\/es\/wp-json\/wp\/v2\/media?parent=29569"}],"wp:term":[{"taxonomy":"product_brand","embeddable":true,"href":"https:\/\/oplitegames-preprod.ezratis.fr\/es\/wp-json\/wp\/v2\/product_brand?post=29569"},{"taxonomy":"product_cat","embeddable":true,"href":"https:\/\/oplitegames-preprod.ezratis.fr\/es\/wp-json\/wp\/v2\/product_cat?post=29569"},{"taxonomy":"product_tag","embeddable":true,"href":"https:\/\/oplitegames-preprod.ezratis.fr\/es\/wp-json\/wp\/v2\/product_tag?post=29569"}],"curies":[{"name":"wp","href":"https:\/\/api.w.org\/{rel}","templated":true}]}}