{"id":29618,"date":"2022-10-27T15:03:35","date_gmt":"2022-10-27T13:03:35","guid":{"rendered":"https:\/\/oplitegames.com\/product\/gtr-s3-full-force-flight-kit-gtr-s3-full-force-flight-kit\/"},"modified":"2025-11-19T20:34:58","modified_gmt":"2025-11-19T19:34:58","slug":"gtr-s3-full-force-flight-kit-gtr-s3-full-force-flight-kit","status":"publish","type":"product","link":"https:\/\/oplitegames-preprod.ezratis.fr\/es\/producto\/gtr-s3-full-force-flight-kit-gtr-s3-full-force-flight-kit\/","title":{"rendered":"Full Force Kit GTR S3\/S8"},"content":{"rendered":"<p>El <strong>FULL FORCE KIT<\/strong> est\u00e1 especialmente dise\u00f1ado para jugadores exigentes y cuenta con 2 funciones principales :<br \/>\n&#8211; La primera es reforzar la estructura de la cabina de tu GTR S3 y GTR S8 y a\u00f1adir un toque est\u00e9tico que recuerda a los aros de la jaula de los coches de carreras.<br \/>\n&#8211; La segunda caracter\u00edstica del SIMRACING &amp; FLIGHTSIM HOLDER es la posibilidad de transformar tu cockpit en un aut\u00e9ntico simulador de vuelo. Compatible con los perif\u00e9ricos Thrustmaster\u00ae HOTAS Warthog\u2122, T.16000MFCS Hotas, TCA Airbus Edition, TWCS. Soporte 100% Compatible con los perif\u00e9ricos Logitech \/ Saitek\u00ae X52, X52 Pro, X55, X56, GSaitek Pro Flight Yoke. Tambi\u00e9n puedes instalar tus perif\u00e9ricos Simracing favoritos, incluidos frenos de mano y cajas de cambios de marcas como Fanatec\u00ae, Moza\u00ae, Thrustmaster\u00ae, Logitech\u00ae, Turtle Beach\u00ae y Asetek\u00ae.<\/p>\n<p><span style=\"text-decoration: underline;\"><strong>Especificaciones t\u00e9cnicas:<\/strong><\/span><br \/>\n&#8211; 2 tubos de \u00d8 48 mm x 2 mm de grosor<br \/>\n&#8211; Pintura negra mate de alta resistencia para un acabado de alta calidad<br \/>\n&#8211; Kit de tornillos para montaje en GTR-S3 \/ GTR-S8<\/p>\n<p><span style=\"text-decoration: underline;\"><strong>Compatibilidad del producto:<\/strong><\/span><br \/>\n100% Compatible con las cabinas GTR S3 y GTR S8<\/p>\n","protected":false},"excerpt":{"rendered":"<p>Expertos en el dise\u00f1o de productos ergon\u00f3micos para los sectores de oficina y gaming, OPLITE presenta su <strong>FULL FORCE KIT<\/strong> dedicado a su cockpit GTR S3 &amp; GTR S8. \u00a1Es hora de pasar de jugador a piloto! Carreras de coches o aviaci\u00f3n, \u00a1elige!<\/p>\n","protected":false},"featured_media":32069,"template":"","meta":{"_acf_changed":false,"footnotes":""},"product_brand":[],"product_cat":[742,764,731],"product_tag":[759],"class_list":{"0":"post-29618","1":"product","2":"type-product","3":"status-publish","4":"has-post-thumbnail","6":"product_cat-cabina-gtr-s3","7":"product_cat-cabina-gtr-s8-infinity-es","8":"product_cat-simuladores","9":"product_tag-oplite-gaming-es","10":"pa_colisage-pcb-1-es","12":"first","13":"instock","14":"taxable","15":"shipping-taxable","16":"purchasable","17":"product-type-simple"},"bundled_by":[],"bundle_stock_status":"instock","bundle_stock_quantity":73,"bundle_virtual":false,"bundle_layout":"","bundle_add_to_cart_form_location":"","bundle_editable_in_cart":false,"bundle_sold_individually_context":"","bundle_item_grouping":"","bundle_min_size":"","bundle_max_size":"","bundle_price":[],"bundled_items":[],"bundle_sell_ids":[],"acf":[],"yoast_head":"<!-- This site is optimized with the Yoast SEO plugin v27.3 - https:\/\/yoast.com\/product\/yoast-seo-wordpress\/ -->\n<title>Full Force Kit GTR S3\/S8 - OPLITE<\/title>\n<meta name=\"robots\" content=\"index, follow, max-snippet:-1, max-image-preview:large, max-video-preview:-1\" \/>\n<link rel=\"canonical\" href=\"https:\/\/oplitegames.com\/es\/producto\/gtr-s3-full-force-flight-kit-gtr-s3-full-force-flight-kit\/\" \/>\n<meta property=\"og:locale\" content=\"es_ES\" \/>\n<meta property=\"og:type\" content=\"article\" \/>\n<meta property=\"og:title\" content=\"Full Force Kit GTR S3\/S8 - OPLITE\" \/>\n<meta property=\"og:description\" content=\"Expertos en el dise\u00f1o de productos ergon\u00f3micos para los sectores de oficina y gaming, OPLITE presenta su FULL FORCE KIT dedicado a su cockpit GTR S3 &amp; GTR S8. \u00a1Es hora de pasar de jugador a piloto! Carreras de coches o aviaci\u00f3n, \u00a1elige!\" \/>\n<meta property=\"og:url\" content=\"https:\/\/oplitegames.com\/es\/producto\/gtr-s3-full-force-flight-kit-gtr-s3-full-force-flight-kit\/\" \/>\n<meta property=\"og:site_name\" content=\"OPLITE\" \/>\n<meta property=\"article:modified_time\" content=\"2025-11-19T19:34:58+00:00\" \/>\n<meta property=\"og:image\" content=\"https:\/\/oplitegames.com\/wp-content\/uploads\/OP-GTR-BBT_1.png\" \/>\n\t<meta property=\"og:image:width\" content=\"1000\" \/>\n\t<meta property=\"og:image:height\" content=\"1000\" \/>\n\t<meta property=\"og:image:type\" content=\"image\/png\" \/>\n<meta name=\"twitter:card\" content=\"summary_large_image\" \/>\n<meta name=\"twitter:label1\" content=\"Price\" \/>\n\t<meta name=\"twitter:data1\" content=\"79,90&nbsp;&euro;\" \/>\n\t<meta name=\"twitter:label2\" content=\"Availability\" \/>\n\t<meta name=\"twitter:data2\" content=\"In stock\" \/>\n<script type=\"application\/ld+json\" class=\"yoast-schema-graph\">{\"@context\":\"https:\\\/\\\/schema.org\",\"@graph\":[{\"@type\":[\"WebPage\",\"ItemPage\"],\"@id\":\"https:\\\/\\\/oplitegames.com\\\/es\\\/producto\\\/gtr-s3-full-force-flight-kit-gtr-s3-full-force-flight-kit\\\/\",\"url\":\"https:\\\/\\\/oplitegames.com\\\/es\\\/producto\\\/gtr-s3-full-force-flight-kit-gtr-s3-full-force-flight-kit\\\/\",\"name\":\"Full Force Kit GTR S3\\\/S8 - OPLITE\",\"isPartOf\":{\"@id\":\"https:\\\/\\\/oplitegames.com\\\/#website\"},\"primaryImageOfPage\":{\"@id\":\"https:\\\/\\\/oplitegames.com\\\/es\\\/producto\\\/gtr-s3-full-force-flight-kit-gtr-s3-full-force-flight-kit\\\/#primaryimage\"},\"image\":{\"@id\":\"https:\\\/\\\/oplitegames.com\\\/es\\\/producto\\\/gtr-s3-full-force-flight-kit-gtr-s3-full-force-flight-kit\\\/#primaryimage\"},\"thumbnailUrl\":\"https:\\\/\\\/oplitegames-preprod.ezratis.fr\\\/wp-content\\\/uploads\\\/OP-GTR-BBT_1.png\",\"datePublished\":\"2022-10-27T13:03:35+00:00\",\"dateModified\":\"2025-11-19T19:34:58+00:00\",\"breadcrumb\":{\"@id\":\"https:\\\/\\\/oplitegames.com\\\/es\\\/producto\\\/gtr-s3-full-force-flight-kit-gtr-s3-full-force-flight-kit\\\/#breadcrumb\"},\"inLanguage\":\"es\",\"potentialAction\":[{\"@type\":\"ReadAction\",\"target\":[\"https:\\\/\\\/oplitegames.com\\\/es\\\/producto\\\/gtr-s3-full-force-flight-kit-gtr-s3-full-force-flight-kit\\\/\"]}]},{\"@type\":\"ImageObject\",\"inLanguage\":\"es\",\"@id\":\"https:\\\/\\\/oplitegames.com\\\/es\\\/producto\\\/gtr-s3-full-force-flight-kit-gtr-s3-full-force-flight-kit\\\/#primaryimage\",\"url\":\"https:\\\/\\\/oplitegames-preprod.ezratis.fr\\\/wp-content\\\/uploads\\\/OP-GTR-BBT_1.png\",\"contentUrl\":\"https:\\\/\\\/oplitegames-preprod.ezratis.fr\\\/wp-content\\\/uploads\\\/OP-GTR-BBT_1.png\",\"width\":1000,\"height\":1000},{\"@type\":\"BreadcrumbList\",\"@id\":\"https:\\\/\\\/oplitegames.com\\\/es\\\/producto\\\/gtr-s3-full-force-flight-kit-gtr-s3-full-force-flight-kit\\\/#breadcrumb\",\"itemListElement\":[{\"@type\":\"ListItem\",\"position\":1,\"name\":\"Home\",\"item\":\"https:\\\/\\\/oplitegames.com\\\/es\\\/oplite-gaming\\\/\"},{\"@type\":\"ListItem\",\"position\":2,\"name\":\"Comercio\",\"item\":\"https:\\\/\\\/oplitegames.com\\\/es\\\/comercio\\\/\"},{\"@type\":\"ListItem\",\"position\":3,\"name\":\"Full Force Kit GTR S3\\\/S8\"}]},{\"@type\":\"WebSite\",\"@id\":\"https:\\\/\\\/oplitegames.com\\\/#website\",\"url\":\"https:\\\/\\\/oplitegames.com\\\/\",\"name\":\"OPLITE\",\"description\":\"\",\"publisher\":{\"@id\":\"https:\\\/\\\/oplitegames.com\\\/#organization\"},\"potentialAction\":[{\"@type\":\"SearchAction\",\"target\":{\"@type\":\"EntryPoint\",\"urlTemplate\":\"https:\\\/\\\/oplitegames.com\\\/?s={search_term_string}\"},\"query-input\":{\"@type\":\"PropertyValueSpecification\",\"valueRequired\":true,\"valueName\":\"search_term_string\"}}],\"inLanguage\":\"es\"},{\"@type\":\"Organization\",\"@id\":\"https:\\\/\\\/oplitegames.com\\\/#organization\",\"name\":\"OPLITE\",\"url\":\"https:\\\/\\\/oplitegames.com\\\/\",\"logo\":{\"@type\":\"ImageObject\",\"inLanguage\":\"es\",\"@id\":\"https:\\\/\\\/oplitegames.com\\\/#\\\/schema\\\/logo\\\/image\\\/\",\"url\":\"https:\\\/\\\/oplitegames-preprod.ezratis.fr\\\/wp-content\\\/uploads\\\/cropped-cropped-Oplite-Blanc-casse-002-scaled-1.png\",\"contentUrl\":\"https:\\\/\\\/oplitegames-preprod.ezratis.fr\\\/wp-content\\\/uploads\\\/cropped-cropped-Oplite-Blanc-casse-002-scaled-1.png\",\"width\":2509,\"height\":597,\"caption\":\"OPLITE\"},\"image\":{\"@id\":\"https:\\\/\\\/oplitegames.com\\\/#\\\/schema\\\/logo\\\/image\\\/\"}}]}<\/script>\n<meta property=\"product:price:amount\" content=\"79.90\" \/>\n<meta property=\"product:price:currency\" content=\"EUR\" \/>\n<meta property=\"og:availability\" content=\"instock\" \/>\n<meta property=\"product:availability\" content=\"instock\" \/>\n<meta property=\"product:retailer_item_id\" content=\"94136\" \/>\n<meta property=\"product:condition\" content=\"new\" \/>\n<!-- \/ Yoast SEO plugin. -->","yoast_head_json":{"title":"Full Force Kit GTR S3\/S8 - OPLITE","robots":{"index":"index","follow":"follow","max-snippet":"max-snippet:-1","max-image-preview":"max-image-preview:large","max-video-preview":"max-video-preview:-1"},"canonical":"https:\/\/oplitegames.com\/es\/producto\/gtr-s3-full-force-flight-kit-gtr-s3-full-force-flight-kit\/","og_locale":"es_ES","og_type":"article","og_title":"Full Force Kit GTR S3\/S8 - OPLITE","og_description":"Expertos en el dise\u00f1o de productos ergon\u00f3micos para los sectores de oficina y gaming, OPLITE presenta su FULL FORCE KIT dedicado a su cockpit GTR S3 &amp; GTR S8. \u00a1Es hora de pasar de jugador a piloto! Carreras de coches o aviaci\u00f3n, \u00a1elige!","og_url":"https:\/\/oplitegames.com\/es\/producto\/gtr-s3-full-force-flight-kit-gtr-s3-full-force-flight-kit\/","og_site_name":"OPLITE","article_modified_time":"2025-11-19T19:34:58+00:00","og_image":[{"width":1000,"height":1000,"url":"https:\/\/oplitegames.com\/wp-content\/uploads\/OP-GTR-BBT_1.png","type":"image\/png"}],"twitter_card":"summary_large_image","twitter_misc":{"Price":"79,90&nbsp;&euro;","Availability":"In stock"},"schema":{"@context":"https:\/\/schema.org","@graph":[{"@type":["WebPage","ItemPage"],"@id":"https:\/\/oplitegames.com\/es\/producto\/gtr-s3-full-force-flight-kit-gtr-s3-full-force-flight-kit\/","url":"https:\/\/oplitegames.com\/es\/producto\/gtr-s3-full-force-flight-kit-gtr-s3-full-force-flight-kit\/","name":"Full Force Kit GTR S3\/S8 - OPLITE","isPartOf":{"@id":"https:\/\/oplitegames.com\/#website"},"primaryImageOfPage":{"@id":"https:\/\/oplitegames.com\/es\/producto\/gtr-s3-full-force-flight-kit-gtr-s3-full-force-flight-kit\/#primaryimage"},"image":{"@id":"https:\/\/oplitegames.com\/es\/producto\/gtr-s3-full-force-flight-kit-gtr-s3-full-force-flight-kit\/#primaryimage"},"thumbnailUrl":"https:\/\/oplitegames-preprod.ezratis.fr\/wp-content\/uploads\/OP-GTR-BBT_1.png","datePublished":"2022-10-27T13:03:35+00:00","dateModified":"2025-11-19T19:34:58+00:00","breadcrumb":{"@id":"https:\/\/oplitegames.com\/es\/producto\/gtr-s3-full-force-flight-kit-gtr-s3-full-force-flight-kit\/#breadcrumb"},"inLanguage":"es","potentialAction":[{"@type":"ReadAction","target":["https:\/\/oplitegames.com\/es\/producto\/gtr-s3-full-force-flight-kit-gtr-s3-full-force-flight-kit\/"]}]},{"@type":"ImageObject","inLanguage":"es","@id":"https:\/\/oplitegames.com\/es\/producto\/gtr-s3-full-force-flight-kit-gtr-s3-full-force-flight-kit\/#primaryimage","url":"https:\/\/oplitegames-preprod.ezratis.fr\/wp-content\/uploads\/OP-GTR-BBT_1.png","contentUrl":"https:\/\/oplitegames-preprod.ezratis.fr\/wp-content\/uploads\/OP-GTR-BBT_1.png","width":1000,"height":1000},{"@type":"BreadcrumbList","@id":"https:\/\/oplitegames.com\/es\/producto\/gtr-s3-full-force-flight-kit-gtr-s3-full-force-flight-kit\/#breadcrumb","itemListElement":[{"@type":"ListItem","position":1,"name":"Home","item":"https:\/\/oplitegames.com\/es\/oplite-gaming\/"},{"@type":"ListItem","position":2,"name":"Comercio","item":"https:\/\/oplitegames.com\/es\/comercio\/"},{"@type":"ListItem","position":3,"name":"Full Force Kit GTR S3\/S8"}]},{"@type":"WebSite","@id":"https:\/\/oplitegames.com\/#website","url":"https:\/\/oplitegames.com\/","name":"OPLITE","description":"","publisher":{"@id":"https:\/\/oplitegames.com\/#organization"},"potentialAction":[{"@type":"SearchAction","target":{"@type":"EntryPoint","urlTemplate":"https:\/\/oplitegames.com\/?s={search_term_string}"},"query-input":{"@type":"PropertyValueSpecification","valueRequired":true,"valueName":"search_term_string"}}],"inLanguage":"es"},{"@type":"Organization","@id":"https:\/\/oplitegames.com\/#organization","name":"OPLITE","url":"https:\/\/oplitegames.com\/","logo":{"@type":"ImageObject","inLanguage":"es","@id":"https:\/\/oplitegames.com\/#\/schema\/logo\/image\/","url":"https:\/\/oplitegames-preprod.ezratis.fr\/wp-content\/uploads\/cropped-cropped-Oplite-Blanc-casse-002-scaled-1.png","contentUrl":"https:\/\/oplitegames-preprod.ezratis.fr\/wp-content\/uploads\/cropped-cropped-Oplite-Blanc-casse-002-scaled-1.png","width":2509,"height":597,"caption":"OPLITE"},"image":{"@id":"https:\/\/oplitegames.com\/#\/schema\/logo\/image\/"}}]},"product_price_amount":"79.90","product_price_currency":"EUR","og_availability":"instock","product_availability":"instock","product_retailer_item_id":"94136","product_condition":"new"},"_links":{"self":[{"href":"https:\/\/oplitegames-preprod.ezratis.fr\/es\/wp-json\/wp\/v2\/product\/29618","targetHints":{"allow":["GET"]}}],"collection":[{"href":"https:\/\/oplitegames-preprod.ezratis.fr\/es\/wp-json\/wp\/v2\/product"}],"about":[{"href":"https:\/\/oplitegames-preprod.ezratis.fr\/es\/wp-json\/wp\/v2\/types\/product"}],"version-history":[{"count":5,"href":"https:\/\/oplitegames-preprod.ezratis.fr\/es\/wp-json\/wp\/v2\/product\/29618\/revisions"}],"predecessor-version":[{"id":48234,"href":"https:\/\/oplitegames-preprod.ezratis.fr\/es\/wp-json\/wp\/v2\/product\/29618\/revisions\/48234"}],"wp:featuredmedia":[{"embeddable":true,"href":"https:\/\/oplitegames-preprod.ezratis.fr\/es\/wp-json\/wp\/v2\/media\/32069"}],"wp:attachment":[{"href":"https:\/\/oplitegames-preprod.ezratis.fr\/es\/wp-json\/wp\/v2\/media?parent=29618"}],"wp:term":[{"taxonomy":"product_brand","embeddable":true,"href":"https:\/\/oplitegames-preprod.ezratis.fr\/es\/wp-json\/wp\/v2\/product_brand?post=29618"},{"taxonomy":"product_cat","embeddable":true,"href":"https:\/\/oplitegames-preprod.ezratis.fr\/es\/wp-json\/wp\/v2\/product_cat?post=29618"},{"taxonomy":"product_tag","embeddable":true,"href":"https:\/\/oplitegames-preprod.ezratis.fr\/es\/wp-json\/wp\/v2\/product_tag?post=29618"}],"curies":[{"name":"wp","href":"https:\/\/api.w.org\/{rel}","templated":true}]}}